{"id":4140,"date":"2024-02-03T15:55:27","date_gmt":"2024-02-03T15:55:27","guid":{"rendered":"http:\/\/mijn-lo.nl\/?page_id=4140"},"modified":"2025-08-19T17:25:55","modified_gmt":"2025-08-19T17:25:55","slug":"energy","status":"publish","type":"page","link":"https:\/\/mijn-lo.nl\/pt\/housing\/energy\/","title":{"rendered":"Energia"},"content":{"rendered":"<div data-elementor-type=\"wp-page\" data-elementor-id=\"4140\" class=\"elementor elementor-4140\" data-elementor-post-type=\"page\">\n\t\t\t\t\t\t<section class=\"elementor-section elementor-top-section elementor-element elementor-element-d43131f elementor-section-boxed elementor-section-height-default elementor-section-height-default\" data-id=\"d43131f\" data-element_type=\"section\">\n\t\t\t\t\t\t<div class=\"elementor-container elementor-column-gap-default\">\n\t\t\t\t\t<div class=\"elementor-column elementor-col-50 elementor-top-column elementor-element elementor-element-1189115\" data-id=\"1189115\" data-element_type=\"column\">\n\t\t\t<div class=\"elementor-widget-wrap elementor-element-populated\">\n\t\t\t\t\t\t<div class=\"elementor-element elementor-element-ec4366b elementor-widget elementor-widget-image\" data-id=\"ec4366b\" data-element_type=\"widget\" data-widget_type=\"image.default\">\n\t\t\t\t<div class=\"elementor-widget-container\">\n\t\t\t\t\t\t\t\t\t\t\t\t\t\t\t<img fetchpriority=\"high\" decoding=\"async\" width=\"344\" height=\"807\" src=\"https:\/\/mijn-lo.nl\/wp-content\/uploads\/2024\/02\/energy2-344x807-1.webp\" class=\"attachment-large size-large wp-image-4145\" alt=\"\" srcset=\"https:\/\/mijn-lo.nl\/wp-content\/uploads\/2024\/02\/energy2-344x807-1.webp 344w, https:\/\/mijn-lo.nl\/wp-content\/uploads\/2024\/02\/energy2-344x807-1-128x300.webp 128w, https:\/\/mijn-lo.nl\/wp-content\/uploads\/2024\/02\/energy2-344x807-1-5x12.webp 5w, https:\/\/mijn-lo.nl\/wp-content\/uploads\/2024\/02\/energy2-344x807-1-10x24.webp 10w, https:\/\/mijn-lo.nl\/wp-content\/uploads\/2024\/02\/energy2-344x807-1-15x36.webp 15w, https:\/\/mijn-lo.nl\/wp-content\/uploads\/2024\/02\/energy2-344x807-1-20x48.webp 20w\" sizes=\"(max-width: 344px) 100vw, 344px\" \/>\t\t\t\t\t\t\t\t\t\t\t\t\t\t\t<\/div>\n\t\t\t\t<\/div>\n\t\t\t\t<div class=\"elementor-element elementor-element-be81f1b elementor-widget elementor-widget-text-editor\" data-id=\"be81f1b\" data-element_type=\"widget\" data-widget_type=\"text-editor.default\">\n\t\t\t\t<div class=\"elementor-widget-container\">\n\t\t\t\t\t\t\t\t\t<p style=\"text-align: center;\">Moinhos de vento em todo o lado<\/p>\t\t\t\t\t\t\t\t<\/div>\n\t\t\t\t<\/div>\n\t\t\t\t\t<\/div>\n\t\t<\/div>\n\t\t\t\t<div class=\"elementor-column elementor-col-50 elementor-top-column elementor-element elementor-element-b74fd01\" data-id=\"b74fd01\" data-element_type=\"column\">\n\t\t\t<div class=\"elementor-widget-wrap elementor-element-populated\">\n\t\t\t\t\t\t<div class=\"elementor-element elementor-element-669e7d1 elementor-widget elementor-widget-text-editor\" data-id=\"669e7d1\" data-element_type=\"widget\" data-widget_type=\"text-editor.default\">\n\t\t\t\t<div class=\"elementor-widget-container\">\n\t\t\t\t\t\t\t\t\t<h3 class=\"mbr-section-title mbr-fonts-style mb-3 display-5\"><strong>Energia<\/strong><\/h3><p class=\"mbr-text mbr-fonts-style display-7\">Para obter um contrato de energia para a sua casa nos Pa\u00edses Baixos, \u00e9 necess\u00e1rio seguir v\u00e1rios passos. Segue-se uma vers\u00e3o simplificada do processo:<br \/><br \/><strong>Comparar fornecedores de energia<\/strong>: Comece por comparar diferentes fornecedores de energia para encontrar o melhor contrato que se adapte \u00e0s suas necessidades. Existem v\u00e1rios s\u00edtios Web de compara\u00e7\u00e3o onde pode comparar as tarifas, as condi\u00e7\u00f5es e as ofertas de diferentes fornecedores.<br \/><br \/><strong>Escolher um fornecedor de energia:\u00a0<\/strong>Depois de analisar as diferentes op\u00e7\u00f5es, escolha o fornecedor de energia que mais lhe conv\u00e9m. Como n\u00e3o est\u00e1 familiarizado com a l\u00edngua neerlandesa, ter\u00e1 problemas em compreender o contrato. Pergunte-lhe como o podem ajudar.<br \/><br \/><strong>Contactar o fornecedor de energia<\/strong>: Entre em contacto com o fornecedor de energia escolhido para solicitar um contrato de energia. Normalmente, isto pode ser feito online atrav\u00e9s do seu s\u00edtio Web ou por telefone.<br \/><br \/><strong>Fornecer as informa\u00e7\u00f5es necess\u00e1rias:<\/strong>\u00a0Poder\u00e1 ter de fornecer algumas informa\u00e7\u00f5es, tais como os seus dados pessoais, a morada da sua casa, o tipo de contador de energia que possui e informa\u00e7\u00f5es sobre o seu contrato de energia atual (se aplic\u00e1vel).<br \/><br \/><strong>Apresentar as leituras dos contadores<\/strong>: Depois de celebrar o contrato de energia, ter\u00e1 de apresentar as leituras do contador ao fornecedor de energia. Normalmente, isto pode ser feito online ou por telefone. \u00c9 importante fornecer leituras precisas do contador para garantir uma fatura\u00e7\u00e3o correta.<br \/><br \/><strong>Confirma\u00e7\u00e3o e pacote de boas-vindas<\/strong>: Depois de ter fornecido todas as informa\u00e7\u00f5es necess\u00e1rias, receber\u00e1 do fornecedor uma confirma\u00e7\u00e3o do seu contrato de energia. Normalmente, o fornecedor envia-lhe um pacote de boas-vindas com informa\u00e7\u00f5es importantes sobre o contrato e as informa\u00e7\u00f5es de pagamento.<br \/><br \/><strong>Organizar os pagamentos<\/strong>: Defina o m\u00e9todo de pagamento das suas facturas de energia. Pode escolher d\u00e9bito direto autom\u00e1tico, transfer\u00eancia banc\u00e1ria ou outro m\u00e9todo de pagamento oferecido pelo fornecedor de energia.<br \/><br \/>Tenha em aten\u00e7\u00e3o que os passos e requisitos exactos podem variar consoante o fornecedor de energia. \u00c9 sempre aconselh\u00e1vel seguir as instru\u00e7\u00f5es espec\u00edficas fornecidas pelo fornecedor de energia escolhido e colocar-lhe quaisquer quest\u00f5es para esclarecer o processo.<\/p>\t\t\t\t\t\t\t\t<\/div>\n\t\t\t\t<\/div>\n\t\t\t\t\t<\/div>\n\t\t<\/div>\n\t\t\t\t\t<\/div>\n\t\t<\/section>\n\t\t\t\t<section class=\"elementor-section elementor-top-section elementor-element elementor-element-66a8790 elementor-reverse-tablet elementor-reverse-mobile elementor-section-boxed elementor-section-height-default elementor-section-height-default\" data-id=\"66a8790\" data-element_type=\"section\">\n\t\t\t\t\t\t<div class=\"elementor-container elementor-column-gap-default\">\n\t\t\t\t\t<div class=\"elementor-column elementor-col-50 elementor-top-column elementor-element elementor-element-a301002\" data-id=\"a301002\" data-element_type=\"column\">\n\t\t\t<div class=\"elementor-widget-wrap elementor-element-populated\">\n\t\t\t\t\t\t<div class=\"elementor-element elementor-element-c5a19ba elementor-widget elementor-widget-text-editor\" data-id=\"c5a19ba\" data-element_type=\"widget\" data-widget_type=\"text-editor.default\">\n\t\t\t\t<div class=\"elementor-widget-container\">\n\t\t\t\t\t\t\t\t\t<h3 class=\"mbr-section-title mbr-fonts-style mb-3 display-5\"><strong>Eis algumas dicas importantes para poupar energia:<\/strong><\/h3><p class=\"mbr-text mbr-fonts-style display-7\">A energia \u00e9 muito cara. Por isso, damos algumas dicas importantes para poupar energia, em neerland\u00eas \"energie besparen\":<\/p><p><strong>Utilizar aparelhos energeticamente eficientes:\u00a0<\/strong>Escolha electrodom\u00e9sticos com classifica\u00e7\u00e3o Energy Star elevada. Estes consomem menos eletricidade e ajudam-no a poupar energia.<br \/><strong><br \/>Desligue os aparelhos quando n\u00e3o estiverem a ser utilizados:<\/strong>\u00a0Quando n\u00e3o estiver a utilizar aparelhos electr\u00f3nicos como carregadores, computadores port\u00e1teis ou televisores, desligue-os da tomada. Mesmo quando est\u00e3o desligados, podem continuar a consumir energia.<br \/><br \/><strong>Mudar para l\u00e2mpadas LED: Substitua as l\u00e2mpadas antigas por l\u00e2mpadas LED economizadoras de energia.\u00a0<\/strong>Duram mais tempo e consomem menos energia.<br \/><br \/><strong>Ajuste o seu term\u00f3stato:<\/strong>\u00a0Reduza o aquecimento no inverno e aumente a temperatura de arrefecimento no ver\u00e3o. Pode utilizar um term\u00f3stato program\u00e1vel para ajustar automaticamente a temperatura com base no seu hor\u00e1rio.<br \/><br \/><strong>Isolar a sua casa:<\/strong>\u00a0Adicione isolamento \u00e0 sua casa para a manter quente no inverno e fresca no ver\u00e3o. Isto ajuda-o a utilizar menos aquecimento ou refrigera\u00e7\u00e3o. Se a casa n\u00e3o for sua, pergunte ao propriet\u00e1rio como lidar com o isolamento.<br \/><br \/><strong>Utilizar a luz natural:<\/strong>\u00a0Abra as cortinas e os estores durante o dia para deixar entrar a luz do sol. Poupa energia ao utilizar menos ilumina\u00e7\u00e3o artificial.<br \/><br \/><strong>Vedar as fugas de ar<\/strong>: Verifique se existem quaisquer aberturas ou fendas \u00e0 volta das janelas, portas ou aberturas de ventila\u00e7\u00e3o. Feche-as para evitar correntes de ar e poupar energia.<br \/><br \/><strong>Definir a temperatura do aquecedor de \u00e1gua:<\/strong>\u00a0Mantenha a temperatura do seu esquentador a cerca de 49\u00b0C (120\u00b0F) para evitar o desperd\u00edcio de energia. Utilize \u00e1gua fria para lavar a roupa e tome duches mais curtos.<br \/><strong><br \/>Utilizar extens\u00f5es el\u00e9ctricas<\/strong>: Ligue v\u00e1rios dispositivos a extens\u00f5es de corrente e desligue-os quando n\u00e3o estiverem a ser utilizados. Isto impede-os de utilizar a energia em espera.<br \/><br \/><strong>Desenvolver h\u00e1bitos de poupan\u00e7a de energia<\/strong>: Lembre-se de apagar as luzes quando sai de uma divis\u00e3o, utilize modos de poupan\u00e7a de energia nos aparelhos e evite utilizar desnecessariamente aparelhos que consomem muita energia.<br \/><br \/>Ao fazer estas simples altera\u00e7\u00f5es, pode poupar energia e reduzir as suas contas de eletricidade.<\/p>\t\t\t\t\t\t\t\t<\/div>\n\t\t\t\t<\/div>\n\t\t\t\t\t<\/div>\n\t\t<\/div>\n\t\t\t\t<div class=\"elementor-column elementor-col-50 elementor-top-column elementor-element elementor-element-b0ecfdc\" data-id=\"b0ecfdc\" data-element_type=\"column\">\n\t\t\t<div class=\"elementor-widget-wrap elementor-element-populated\">\n\t\t\t\t\t\t<div class=\"elementor-element elementor-element-1c999f8 elementor-widget elementor-widget-image\" data-id=\"1c999f8\" data-element_type=\"widget\" data-widget_type=\"image.default\">\n\t\t\t\t<div class=\"elementor-widget-container\">\n\t\t\t\t\t\t\t\t\t\t\t\t\t\t\t<img decoding=\"async\" width=\"460\" height=\"806\" src=\"https:\/\/mijn-lo.nl\/wp-content\/uploads\/2024\/02\/energy3-460x806-1.webp\" class=\"attachment-large size-large wp-image-4146\" alt=\"\" srcset=\"https:\/\/mijn-lo.nl\/wp-content\/uploads\/2024\/02\/energy3-460x806-1.webp 460w, https:\/\/mijn-lo.nl\/wp-content\/uploads\/2024\/02\/energy3-460x806-1-171x300.webp 171w, https:\/\/mijn-lo.nl\/wp-content\/uploads\/2024\/02\/energy3-460x806-1-7x12.webp 7w, https:\/\/mijn-lo.nl\/wp-content\/uploads\/2024\/02\/energy3-460x806-1-14x24.webp 14w, https:\/\/mijn-lo.nl\/wp-content\/uploads\/2024\/02\/energy3-460x806-1-21x36.webp 21w, https:\/\/mijn-lo.nl\/wp-content\/uploads\/2024\/02\/energy3-460x806-1-27x48.webp 27w\" sizes=\"(max-width: 460px) 100vw, 460px\" \/>\t\t\t\t\t\t\t\t\t\t\t\t\t\t\t<\/div>\n\t\t\t\t<\/div>\n\t\t\t\t<div class=\"elementor-element elementor-element-6942d17 elementor-widget elementor-widget-text-editor\" data-id=\"6942d17\" data-element_type=\"widget\" data-widget_type=\"text-editor.default\">\n\t\t\t\t<div class=\"elementor-widget-container\">\n\t\t\t\t\t\t\t\t\t<p style=\"text-align: center;\">O verde \u00e9 bom<\/p>\t\t\t\t\t\t\t\t<\/div>\n\t\t\t\t<\/div>\n\t\t\t\t\t<\/div>\n\t\t<\/div>\n\t\t\t\t\t<\/div>\n\t\t<\/section>\n\t\t\t\t<section class=\"elementor-section elementor-top-section elementor-element elementor-element-2edcca1 elementor-section-boxed elementor-section-height-default elementor-section-height-default\" data-id=\"2edcca1\" data-element_type=\"section\">\n\t\t\t\t\t\t<div class=\"elementor-container elementor-column-gap-default\">\n\t\t\t\t\t<div class=\"elementor-column elementor-col-100 elementor-top-column elementor-element elementor-element-75349f87\" data-id=\"75349f87\" data-element_type=\"column\">\n\t\t\t<div class=\"elementor-widget-wrap elementor-element-populated\">\n\t\t\t\t\t\t<div class=\"elementor-element elementor-element-2d2d0e50 elementor-align-center elementor-widget elementor-widget-button\" data-id=\"2d2d0e50\" data-element_type=\"widget\" data-widget_type=\"button.default\">\n\t\t\t\t<div class=\"elementor-widget-container\">\n\t\t\t\t\t\t\t\t\t<div class=\"elementor-button-wrapper\">\n\t\t\t\t\t<a class=\"elementor-button elementor-button-link elementor-size-sm\" href=\"https:\/\/mijn-lo.nl\/pt\/housing\/environment\/\">\n\t\t\t\t\t\t<span class=\"elementor-button-content-wrapper\">\n\t\t\t\t\t\t\t\t\t<span class=\"elementor-button-text\">continuar<\/span>\n\t\t\t\t\t<\/span>\n\t\t\t\t\t<\/a>\n\t\t\t\t<\/div>\n\t\t\t\t\t\t\t\t<\/div>\n\t\t\t\t<\/div>\n\t\t\t\t\t<\/div>\n\t\t<\/div>\n\t\t\t\t\t<\/div>\n\t\t<\/section>\n\t\t\t\t<\/div>","protected":false},"excerpt":{"rendered":"<p>Windmills everywhere Energy To get an energy contract for your home in the Netherlands, you need to follow several steps. Here&#8217;s a simplified version of the process: Compare energy providers: Start by comparing different energy providers to find the best contract that suits your needs. There are various comparison websites available where you can compare [&hellip;]<\/p>\n","protected":false},"author":1,"featured_media":0,"parent":3311,"menu_order":4,"comment_status":"closed","ping_status":"closed","template":"elementor_canvas","meta":{"site-sidebar-layout":"no-sidebar","site-content-layout":"page-builder","ast-site-content-layout":"full-width-container","site-content-style":"default","site-sidebar-style":"default","ast-global-header-display":"","ast-banner-title-visibility":"","ast-main-header-display":"","ast-hfb-above-header-display":"","ast-hfb-below-header-display":"","ast-hfb-mobile-header-display":"","site-post-title":"disabled","ast-breadcrumbs-content":"","ast-featured-img":"disabled","footer-sml-layout":"","theme-transparent-header-meta":"","adv-header-id-meta":"","stick-header-meta":"","header-above-stick-meta":"","header-main-stick-meta":"","header-below-stick-meta":"","astra-migrate-meta-layouts":"set","ast-page-background-enabled":"default","ast-page-background-meta":{"desktop":{"background-color":"var(--ast-global-color-4)","background-image":"","background-repeat":"repeat","background-position":"center center","background-size":"auto","background-attachment":"scroll","background-type":"","background-media":"","overlay-type":"","overlay-color":"","overlay-opacity":"","overlay-gradient":""},"tablet":{"background-color":"","background-image":"","background-repeat":"repeat","background-position":"center center","background-size":"auto","background-attachment":"scroll","background-type":"","background-media":"","overlay-type":"","overlay-color":"","overlay-opacity":"","overlay-gradient":""},"mobile":{"background-color":"","background-image":"","background-repeat":"repeat","background-position":"center center","background-size":"auto","background-attachment":"scroll","background-type":"","background-media":"","overlay-type":"","overlay-color":"","overlay-opacity":"","overlay-gradient":""}},"ast-content-background-meta":{"desktop":{"background-color":"var(--ast-global-color-5)","background-image":"","background-repeat":"repeat","background-position":"center center","background-size":"auto","background-attachment":"scroll","background-type":"","background-media":"","overlay-type":"","overlay-color":"","overlay-opacity":"","overlay-gradient":""},"tablet":{"background-color":"var(--ast-global-color-5)","background-image":"","background-repeat":"repeat","background-position":"center center","background-size":"auto","background-attachment":"scroll","background-type":"","background-media":"","overlay-type":"","overlay-color":"","overlay-opacity":"","overlay-gradient":""},"mobile":{"background-color":"var(--ast-global-color-5)","background-image":"","background-repeat":"repeat","background-position":"center center","background-size":"auto","background-attachment":"scroll","background-type":"","background-media":"","overlay-type":"","overlay-color":"","overlay-opacity":"","overlay-gradient":""}},"footnotes":""},"class_list":["post-4140","page","type-page","status-publish","hentry"],"_links":{"self":[{"href":"https:\/\/mijn-lo.nl\/pt\/wp-json\/wp\/v2\/pages\/4140","targetHints":{"allow":["GET"]}}],"collection":[{"href":"https:\/\/mijn-lo.nl\/pt\/wp-json\/wp\/v2\/pages"}],"about":[{"href":"https:\/\/mijn-lo.nl\/pt\/wp-json\/wp\/v2\/types\/page"}],"author":[{"embeddable":true,"href":"https:\/\/mijn-lo.nl\/pt\/wp-json\/wp\/v2\/users\/1"}],"replies":[{"embeddable":true,"href":"https:\/\/mijn-lo.nl\/pt\/wp-json\/wp\/v2\/comments?post=4140"}],"version-history":[{"count":13,"href":"https:\/\/mijn-lo.nl\/pt\/wp-json\/wp\/v2\/pages\/4140\/revisions"}],"predecessor-version":[{"id":6259,"href":"https:\/\/mijn-lo.nl\/pt\/wp-json\/wp\/v2\/pages\/4140\/revisions\/6259"}],"up":[{"embeddable":true,"href":"https:\/\/mijn-lo.nl\/pt\/wp-json\/wp\/v2\/pages\/3311"}],"wp:attachment":[{"href":"https:\/\/mijn-lo.nl\/pt\/wp-json\/wp\/v2\/media?parent=4140"}],"curies":[{"name":"wp","href":"https:\/\/api.w.org\/{rel}","templated":true}]}}