{"id":4339,"date":"2024-02-04T15:53:54","date_gmt":"2024-02-04T15:53:54","guid":{"rendered":"http:\/\/mijn-lo.nl\/?page_id=4339"},"modified":"2025-08-19T17:29:38","modified_gmt":"2025-08-19T17:29:38","slug":"the-dentist-first-aid-specialistic-care","status":"publish","type":"page","link":"https:\/\/mijn-lo.nl\/pt\/healthcare\/the-dentist-first-aid-specialistic-care\/","title":{"rendered":"The dentist, First Aid, Specialistic care"},"content":{"rendered":"<div data-elementor-type=\"wp-page\" data-elementor-id=\"4339\" class=\"elementor elementor-4339\" data-elementor-post-type=\"page\">\n\t\t\t\t\t\t<section class=\"elementor-section elementor-top-section elementor-element elementor-element-b111678 elementor-reverse-tablet elementor-reverse-mobile elementor-section-boxed elementor-section-height-default elementor-section-height-default\" data-id=\"b111678\" data-element_type=\"section\">\n\t\t\t\t\t\t<div class=\"elementor-container elementor-column-gap-default\">\n\t\t\t\t\t<div class=\"elementor-column elementor-col-50 elementor-top-column elementor-element elementor-element-8c61f63\" data-id=\"8c61f63\" data-element_type=\"column\">\n\t\t\t<div class=\"elementor-widget-wrap elementor-element-populated\">\n\t\t\t\t\t\t<div class=\"elementor-element elementor-element-fd8374c elementor-widget elementor-widget-text-editor\" data-id=\"fd8374c\" data-element_type=\"widget\" data-widget_type=\"text-editor.default\">\n\t\t\t\t<div class=\"elementor-widget-container\">\n\t\t\t\t\t\t\t\t\t<h3 class=\"mbr-section-title mbr-fonts-style mb-3 display-5\"><strong>Dentista<\/strong><\/h3><p>Em neerland\u00eas: \"tandarts\".<\/p><p><audio class=\"wp-audio-shortcode\" id=\"audio-4339-1\" preload=\"none\" style=\"width: 100%;\" controls=\"controls\"><source type=\"audio\/wav\" src=\"https:\/\/mijn-lo.nl\/wp-content\/uploads\/2024\/02\/tandarts.wav?_=1\" \/><a href=\"https:\/\/mijn-lo.nl\/wp-content\/uploads\/2024\/02\/tandarts.wav\">https:\/\/mijn-lo.nl\/wp-content\/uploads\/2024\/02\/tandarts.wav<\/a><\/audio><\/p><p><br \/>Os cuidados dent\u00e1rios nos Pa\u00edses Baixos n\u00e3o est\u00e3o totalmente cobertos pelo seguro de sa\u00fade b\u00e1sico. Para ajudar a cobrir as despesas dent\u00e1rias, pode adquirir um seguro dent\u00e1rio complementar junto de empresas privadas. Este seguro pode cobrir uma parte dos custos dos tratamentos dent\u00e1rios.<\/p><p><strong>Seguro dent\u00e1rio b\u00e1sico\u00a0<\/strong>cobre normalmente check-ups de rotina, limpezas e radiografias. Tamb\u00e9m pode fornecer cobertura parcial para coisas como obtura\u00e7\u00f5es ou remo\u00e7\u00e3o de dentes. No entanto, tratamentos mais extensos, como aparelhos ortod\u00f4nticos, geralmente n\u00e3o s\u00e3o cobertos para adultos, mas as crian\u00e7as podem ter direito a aparelhos ortod\u00f4nticos se precisarem deles por motivos de sa\u00fade.<\/p><p>Mesmo com um seguro dent\u00e1rio, poder\u00e1 ter de pagar uma parte dos custos. O montante exato depende do seu plano de seguro e do tratamento espec\u00edfico que receber.<\/p><p><strong>Para as crian\u00e7as:<\/strong>\u00a0\u00c9 importante saber que os cuidados dent\u00e1rios para crian\u00e7as est\u00e3o cobertos pelo seguro de sa\u00fade b\u00e1sico, incluindo check-ups, obtura\u00e7\u00f5es e os aparelhos necess\u00e1rios.<\/p><p>Se precisar de tratamento dent\u00e1rio, \u00e9 aconselh\u00e1vel verificar o que o seu seguro dent\u00e1rio cobre ou considerar a possibilidade de obter um seguro dent\u00e1rio para ajudar a suportar os custos.<\/p>\t\t\t\t\t\t\t\t<\/div>\n\t\t\t\t<\/div>\n\t\t\t\t\t<\/div>\n\t\t<\/div>\n\t\t\t\t<div class=\"elementor-column elementor-col-50 elementor-top-column elementor-element elementor-element-d3e4923\" data-id=\"d3e4923\" data-element_type=\"column\">\n\t\t\t<div class=\"elementor-widget-wrap elementor-element-populated\">\n\t\t\t\t\t\t<div class=\"elementor-element elementor-element-856007c elementor-widget elementor-widget-image\" data-id=\"856007c\" data-element_type=\"widget\" data-widget_type=\"image.default\">\n\t\t\t\t<div class=\"elementor-widget-container\">\n\t\t\t\t\t\t\t\t\t\t\t\t\t\t\t<img fetchpriority=\"high\" decoding=\"async\" width=\"334\" height=\"500\" src=\"https:\/\/mijn-lo.nl\/wp-content\/uploads\/2024\/02\/geen-suiker-334x500-1.webp\" class=\"attachment-large size-large wp-image-4355\" alt=\"\" srcset=\"https:\/\/mijn-lo.nl\/wp-content\/uploads\/2024\/02\/geen-suiker-334x500-1.webp 334w, https:\/\/mijn-lo.nl\/wp-content\/uploads\/2024\/02\/geen-suiker-334x500-1-200x300.webp 200w, https:\/\/mijn-lo.nl\/wp-content\/uploads\/2024\/02\/geen-suiker-334x500-1-8x12.webp 8w, https:\/\/mijn-lo.nl\/wp-content\/uploads\/2024\/02\/geen-suiker-334x500-1-16x24.webp 16w, https:\/\/mijn-lo.nl\/wp-content\/uploads\/2024\/02\/geen-suiker-334x500-1-24x36.webp 24w, https:\/\/mijn-lo.nl\/wp-content\/uploads\/2024\/02\/geen-suiker-334x500-1-32x48.webp 32w\" sizes=\"(max-width: 334px) 100vw, 334px\" \/>\t\t\t\t\t\t\t\t\t\t\t\t\t\t\t<\/div>\n\t\t\t\t<\/div>\n\t\t\t\t\t<\/div>\n\t\t<\/div>\n\t\t\t\t\t<\/div>\n\t\t<\/section>\n\t\t\t\t<section class=\"elementor-section elementor-top-section elementor-element elementor-element-84bd087 elementor-section-boxed elementor-section-height-default elementor-section-height-default\" data-id=\"84bd087\" data-element_type=\"section\">\n\t\t\t\t\t\t<div class=\"elementor-container elementor-column-gap-default\">\n\t\t\t\t\t<div class=\"elementor-column elementor-col-50 elementor-top-column elementor-element elementor-element-b8c686f\" data-id=\"b8c686f\" data-element_type=\"column\">\n\t\t\t<div class=\"elementor-widget-wrap elementor-element-populated\">\n\t\t\t\t\t\t<div class=\"elementor-element elementor-element-801b584 elementor-widget elementor-widget-image\" data-id=\"801b584\" data-element_type=\"widget\" data-widget_type=\"image.default\">\n\t\t\t\t<div class=\"elementor-widget-container\">\n\t\t\t\t\t\t\t\t\t\t\t\t\t\t\t<img decoding=\"async\" width=\"504\" height=\"151\" src=\"https:\/\/mijn-lo.nl\/wp-content\/uploads\/2024\/02\/bord-tandarts.jpg\" class=\"attachment-large size-large wp-image-4357\" alt=\"\" srcset=\"https:\/\/mijn-lo.nl\/wp-content\/uploads\/2024\/02\/bord-tandarts.jpg 504w, https:\/\/mijn-lo.nl\/wp-content\/uploads\/2024\/02\/bord-tandarts-300x90.jpg 300w, https:\/\/mijn-lo.nl\/wp-content\/uploads\/2024\/02\/bord-tandarts-18x5.jpg 18w, https:\/\/mijn-lo.nl\/wp-content\/uploads\/2024\/02\/bord-tandarts-24x7.jpg 24w, https:\/\/mijn-lo.nl\/wp-content\/uploads\/2024\/02\/bord-tandarts-36x11.jpg 36w, https:\/\/mijn-lo.nl\/wp-content\/uploads\/2024\/02\/bord-tandarts-48x14.jpg 48w\" sizes=\"(max-width: 504px) 100vw, 504px\" \/>\t\t\t\t\t\t\t\t\t\t\t\t\t\t\t<\/div>\n\t\t\t\t<\/div>\n\t\t\t\t<div class=\"elementor-element elementor-element-e230858 elementor-widget elementor-widget-text-editor\" data-id=\"e230858\" data-element_type=\"widget\" data-widget_type=\"text-editor.default\">\n\t\t\t\t<div class=\"elementor-widget-container\">\n\t\t\t\t\t\t\t\t\t<p style=\"text-align: center;\">Procurar um dentista<\/p>\t\t\t\t\t\t\t\t<\/div>\n\t\t\t\t<\/div>\n\t\t\t\t\t<\/div>\n\t\t<\/div>\n\t\t\t\t<div class=\"elementor-column elementor-col-50 elementor-top-column elementor-element elementor-element-0551744\" data-id=\"0551744\" data-element_type=\"column\">\n\t\t\t<div class=\"elementor-widget-wrap elementor-element-populated\">\n\t\t\t\t\t\t<div class=\"elementor-element elementor-element-c6eb488 elementor-widget elementor-widget-text-editor\" data-id=\"c6eb488\" data-element_type=\"widget\" data-widget_type=\"text-editor.default\">\n\t\t\t\t<div class=\"elementor-widget-container\">\n\t\t\t\t\t\t\t\t\t<h3 class=\"mbr-section-title mbr-fonts-style mb-3 display-5\"><strong>Conselhos adicionais para os refugiados que est\u00e3o a ter dificuldades em encontrar um dentista:<\/strong><\/h3><p class=\"mbr-text mbr-fonts-style display-7\">Veja se existe um dentista na sua zona que se dedique especificamente a refugiados.<br \/>Pedir ajuda a uma organiza\u00e7\u00e3o que se ocupa de refugiados. Existem muitas organiza\u00e7\u00f5es que podem ajudar a encontrar um dentista.<br \/>Considere a possibilidade de ir a um dentista de outro munic\u00edpio. \u00c9 frequente haver mais dentistas nas grandes cidades do que nas pequenas aldeias.<\/p>\t\t\t\t\t\t\t\t<\/div>\n\t\t\t\t<\/div>\n\t\t\t\t\t<\/div>\n\t\t<\/div>\n\t\t\t\t\t<\/div>\n\t\t<\/section>\n\t\t\t\t<section class=\"elementor-section elementor-top-section elementor-element elementor-element-134c880 elementor-reverse-tablet elementor-reverse-mobile elementor-section-boxed elementor-section-height-default elementor-section-height-default\" data-id=\"134c880\" data-element_type=\"section\">\n\t\t\t\t\t\t<div class=\"elementor-container elementor-column-gap-default\">\n\t\t\t\t\t<div class=\"elementor-column elementor-col-50 elementor-top-column elementor-element elementor-element-ab7892e\" data-id=\"ab7892e\" data-element_type=\"column\">\n\t\t\t<div class=\"elementor-widget-wrap elementor-element-populated\">\n\t\t\t\t\t\t<div class=\"elementor-element elementor-element-aa8be7e elementor-widget elementor-widget-text-editor\" data-id=\"aa8be7e\" data-element_type=\"widget\" data-widget_type=\"text-editor.default\">\n\t\t\t\t<div class=\"elementor-widget-container\">\n\t\t\t\t\t\t\t\t\t<h3 class=\"mbr-section-title mbr-fonts-style mb-3 display-5\">Primeiros socorros nos Pa\u00edses Baixos<\/h3><p>Em neerland\u00eas: \"spoedeisende hulp SEH\/EHBO\"<br \/><br \/>Em primeiro lugar, vamos explicar o que s\u00e3o os primeiros socorros: trata-se de um servi\u00e7o do hospital ao qual se pode dirigir em caso de problema de sa\u00fade agudo, como um acidente. O hospital inclui um consult\u00f3rio de cl\u00ednica geral (essencialmente um consult\u00f3rio m\u00e9dico). Antes de se deslocar, deve telefonar para este gabinete. Procure o n\u00famero de telefone. Se n\u00e3o for poss\u00edvel telefonar, dirija-se diretamente ao hospital e explique o que se passa. Se se tratar de uma situa\u00e7\u00e3o de risco de vida, deve ligar para o 112.<\/p><p>Quando dirigir-se ao servi\u00e7o de primeiros socorros de um hospital nos Pa\u00edses Baixos:<\/p><ol><li><strong>Emerg\u00eancias:<\/strong> Se algu\u00e9m estiver em perigo imediato ou tiver um problema de sa\u00fade grave, como dificuldade em respirar, hemorragia grave ou inconsci\u00eancia, dirija-se diretamente aos Primeiros Socorros do hospital. Ligue para o 112 para situa\u00e7\u00f5es de risco de vida.<\/li><li><strong>Acidentes e les\u00f5es:<\/strong> Para ferimentos graves, como ossos partidos, cortes profundos, queimaduras ou ferimentos na cabe\u00e7a, o servi\u00e7o de primeiros socorros do hospital pode prestar assist\u00eancia.<\/li><li><strong>Doen\u00e7a s\u00fabita:<\/strong> Para problemas de sa\u00fade s\u00fabitos e graves, como uma rea\u00e7\u00e3o al\u00e9rgica grave, sinais de um AVC ou convuls\u00f5es descontroladas, \u00e9 crucial procurar ajuda nos Primeiros Socorros do hospital.<\/li><\/ol>\t\t\t\t\t\t\t\t<\/div>\n\t\t\t\t<\/div>\n\t\t\t\t\t<\/div>\n\t\t<\/div>\n\t\t\t\t<div class=\"elementor-column elementor-col-50 elementor-top-column elementor-element elementor-element-007db59\" data-id=\"007db59\" data-element_type=\"column\">\n\t\t\t<div class=\"elementor-widget-wrap elementor-element-populated\">\n\t\t\t\t\t\t<div class=\"elementor-element elementor-element-2a15ae7 elementor-widget elementor-widget-image\" data-id=\"2a15ae7\" data-element_type=\"widget\" data-widget_type=\"image.default\">\n\t\t\t\t<div class=\"elementor-widget-container\">\n\t\t\t\t\t\t\t\t\t\t\t\t\t\t\t<img decoding=\"async\" width=\"496\" height=\"838\" src=\"https:\/\/mijn-lo.nl\/wp-content\/uploads\/2024\/02\/seh-496x838-1.webp\" class=\"attachment-large size-large wp-image-4359\" alt=\"\" srcset=\"https:\/\/mijn-lo.nl\/wp-content\/uploads\/2024\/02\/seh-496x838-1.webp 496w, https:\/\/mijn-lo.nl\/wp-content\/uploads\/2024\/02\/seh-496x838-1-178x300.webp 178w, https:\/\/mijn-lo.nl\/wp-content\/uploads\/2024\/02\/seh-496x838-1-7x12.webp 7w, https:\/\/mijn-lo.nl\/wp-content\/uploads\/2024\/02\/seh-496x838-1-14x24.webp 14w, https:\/\/mijn-lo.nl\/wp-content\/uploads\/2024\/02\/seh-496x838-1-21x36.webp 21w, https:\/\/mijn-lo.nl\/wp-content\/uploads\/2024\/02\/seh-496x838-1-28x48.webp 28w\" sizes=\"(max-width: 496px) 100vw, 496px\" \/>\t\t\t\t\t\t\t\t\t\t\t\t\t\t\t<\/div>\n\t\t\t\t<\/div>\n\t\t\t\t<div class=\"elementor-element elementor-element-f4f13bb elementor-widget elementor-widget-text-editor\" data-id=\"f4f13bb\" data-element_type=\"widget\" data-widget_type=\"text-editor.default\">\n\t\t\t\t<div class=\"elementor-widget-container\">\n\t\t\t\t\t\t\t\t\t<p style=\"text-align: center;\">EHBO<\/p>\t\t\t\t\t\t\t\t<\/div>\n\t\t\t\t<\/div>\n\t\t\t\t\t<\/div>\n\t\t<\/div>\n\t\t\t\t\t<\/div>\n\t\t<\/section>\n\t\t\t\t<section class=\"elementor-section elementor-top-section elementor-element elementor-element-26e2316 elementor-section-boxed elementor-section-height-default elementor-section-height-default\" data-id=\"26e2316\" data-element_type=\"section\">\n\t\t\t\t\t\t<div class=\"elementor-container elementor-column-gap-default\">\n\t\t\t\t\t<div class=\"elementor-column elementor-col-50 elementor-top-column elementor-element elementor-element-393b79f\" data-id=\"393b79f\" data-element_type=\"column\">\n\t\t\t<div class=\"elementor-widget-wrap elementor-element-populated\">\n\t\t\t\t\t\t<div class=\"elementor-element elementor-element-98c69f0 elementor-widget elementor-widget-image\" data-id=\"98c69f0\" data-element_type=\"widget\" data-widget_type=\"image.default\">\n\t\t\t\t<div class=\"elementor-widget-container\">\n\t\t\t\t\t\t\t\t\t\t\t\t\t\t\t<img loading=\"lazy\" decoding=\"async\" width=\"750\" height=\"503\" src=\"https:\/\/mijn-lo.nl\/wp-content\/uploads\/2024\/02\/ambulance-750x503-1.webp\" class=\"attachment-large size-large wp-image-4361\" alt=\"\" srcset=\"https:\/\/mijn-lo.nl\/wp-content\/uploads\/2024\/02\/ambulance-750x503-1.webp 750w, https:\/\/mijn-lo.nl\/wp-content\/uploads\/2024\/02\/ambulance-750x503-1-300x201.webp 300w, https:\/\/mijn-lo.nl\/wp-content\/uploads\/2024\/02\/ambulance-750x503-1-18x12.webp 18w, https:\/\/mijn-lo.nl\/wp-content\/uploads\/2024\/02\/ambulance-750x503-1-24x16.webp 24w, https:\/\/mijn-lo.nl\/wp-content\/uploads\/2024\/02\/ambulance-750x503-1-36x24.webp 36w, https:\/\/mijn-lo.nl\/wp-content\/uploads\/2024\/02\/ambulance-750x503-1-48x32.webp 48w\" sizes=\"(max-width: 750px) 100vw, 750px\" \/>\t\t\t\t\t\t\t\t\t\t\t\t\t\t\t<\/div>\n\t\t\t\t<\/div>\n\t\t\t\t\t<\/div>\n\t\t<\/div>\n\t\t\t\t<div class=\"elementor-column elementor-col-50 elementor-top-column elementor-element elementor-element-c6a548c\" data-id=\"c6a548c\" data-element_type=\"column\">\n\t\t\t<div class=\"elementor-widget-wrap elementor-element-populated\">\n\t\t\t\t\t\t<div class=\"elementor-element elementor-element-e3cd877 elementor-widget elementor-widget-text-editor\" data-id=\"e3cd877\" data-element_type=\"widget\" data-widget_type=\"text-editor.default\">\n\t\t\t\t<div class=\"elementor-widget-container\">\n\t\t\t\t\t\t\t\t\t<h3 class=\"mbr-section-title mbr-fonts-style mb-3 display-5\"><strong>Emerg\u00eancia<\/strong><\/h3><p>Em neerland\u00eas: \"spoed\".<br \/><br \/>Preocupa\u00e7\u00f5es m\u00e9dicas urgentes: Se tiver um problema de sa\u00fade que necessite de aten\u00e7\u00e3o imediata e n\u00e3o possa esperar por uma consulta m\u00e9dica regular, como uma infe\u00e7\u00e3o grave, dores fortes ou complica\u00e7\u00f5es de um problema de sa\u00fade existente, pode dirigir-se aos Primeiros Socorros do hospital.<\/p><p>Lembre-se de que o servi\u00e7o de primeiros socorros se destina a situa\u00e7\u00f5es m\u00e9dicas urgentes e graves. Para problemas menos urgentes ou preocupa\u00e7\u00f5es gerais de sa\u00fade, \u00e9 prefer\u00edvel consultar um m\u00e9dico durante o seu hor\u00e1rio normal de trabalho ou telefonar para uma linha de apoio m\u00e9dico para obter aconselhamento.<br \/>Se n\u00e3o tiver a certeza de que precisa de ajuda imediata, pode telefonar para o servi\u00e7o de primeiros socorros do hospital ou para o n\u00famero nacional de emerg\u00eancia (112) para obter orienta\u00e7\u00e3o. Eles ajud\u00e1-lo-\u00e3o a perceber o que deve fazer.<\/p>\t\t\t\t\t\t\t\t<\/div>\n\t\t\t\t<\/div>\n\t\t\t\t\t<\/div>\n\t\t<\/div>\n\t\t\t\t\t<\/div>\n\t\t<\/section>\n\t\t\t\t<section class=\"elementor-section elementor-top-section elementor-element elementor-element-ed7b26a elementor-reverse-tablet elementor-reverse-mobile elementor-section-boxed elementor-section-height-default elementor-section-height-default\" data-id=\"ed7b26a\" data-element_type=\"section\">\n\t\t\t\t\t\t<div class=\"elementor-container elementor-column-gap-default\">\n\t\t\t\t\t<div class=\"elementor-column elementor-col-50 elementor-top-column elementor-element elementor-element-764f6f2\" data-id=\"764f6f2\" data-element_type=\"column\">\n\t\t\t<div class=\"elementor-widget-wrap elementor-element-populated\">\n\t\t\t\t\t\t<div class=\"elementor-element elementor-element-a922bc6 elementor-widget elementor-widget-text-editor\" data-id=\"a922bc6\" data-element_type=\"widget\" data-widget_type=\"text-editor.default\">\n\t\t\t\t<div class=\"elementor-widget-container\">\n\t\t\t\t\t\t\t\t\t<h3 class=\"mbr-section-title mbr-fonts-style mb-3 display-5\"><strong>Cuidados especializados<\/strong><\/h3><p>O sistema de cuidados de sa\u00fade pode parecer um pouco confuso \u00e0 primeira vista, mas esperamos que esta explica\u00e7\u00e3o o ajude a compreend\u00ea-lo melhor.<br \/><br \/><strong>1. Cuidados de sa\u00fade prim\u00e1rios e secund\u00e1rios: Qual \u00e9 a diferen\u00e7a?<br \/><\/strong><br \/>Nos Pa\u00edses Baixos, faz-se a distin\u00e7\u00e3o entre cuidados de sa\u00fade prim\u00e1rios e secund\u00e1rios:<br \/><br \/>Os cuidados prim\u00e1rios s\u00e3o os cuidados b\u00e1sicos diretamente acess\u00edveis a todos. Incluem, por exemplo, o m\u00e9dico de cl\u00ednica geral (GP), o dentista e a fisioterapia.<br \/><br \/>Os cuidados secund\u00e1rios s\u00e3o cuidados especializados. Referem-se a cuidados hospitalares, tratamentos especializados e certas formas de cuidados de sa\u00fade mental. Para os cuidados secund\u00e1rios, normalmente \u00e9 necess\u00e1ria uma referencia\u00e7\u00e3o de um prestador de cuidados prim\u00e1rios, como o seu m\u00e9dico de cl\u00ednica geral.<br \/><br \/><strong>2. Como aceder aos cuidados de sa\u00fade secund\u00e1rios?<br \/><\/strong><br \/>Se tiver um problema de sa\u00fade que n\u00e3o possa ser resolvido pelos cuidados prim\u00e1rios, o seu m\u00e9dico de cl\u00ednica geral encaminh\u00e1-lo-\u00e1 para um especialista nos cuidados secund\u00e1rios. Este pode ser, por exemplo, um cardiologista, um cirurgi\u00e3o ou um psiquiatra.<br \/><br \/><strong>3. Custos e seguros<br \/><\/strong><br \/>Nos Pa\u00edses Baixos, todas as pessoas s\u00e3o obrigadas a ter um seguro de sa\u00fade b\u00e1sico. Este seguro cobre os custos da maior parte dos cuidados prim\u00e1rios, incluindo grande parte dos cuidados secund\u00e1rios. No entanto, para alguns tratamentos no \u00e2mbito dos cuidados secund\u00e1rios, pode haver uma contribui\u00e7\u00e3o pessoal ou uma franquia. \u00c9 importante informar-se previamente junto da sua seguradora de sa\u00fade.<\/p>\t\t\t\t\t\t\t\t<\/div>\n\t\t\t\t<\/div>\n\t\t\t\t\t<\/div>\n\t\t<\/div>\n\t\t\t\t<div class=\"elementor-column elementor-col-50 elementor-top-column elementor-element elementor-element-9cf4488\" data-id=\"9cf4488\" data-element_type=\"column\">\n\t\t\t<div class=\"elementor-widget-wrap elementor-element-populated\">\n\t\t\t\t\t\t<div class=\"elementor-element elementor-element-5b2320d elementor-widget elementor-widget-image\" data-id=\"5b2320d\" data-element_type=\"widget\" data-widget_type=\"image.default\">\n\t\t\t\t<div class=\"elementor-widget-container\">\n\t\t\t\t\t\t\t\t\t\t\t\t\t\t\t<img loading=\"lazy\" decoding=\"async\" width=\"643\" height=\"968\" src=\"https:\/\/mijn-lo.nl\/wp-content\/uploads\/2024\/02\/operatiekamer-643x968-1.webp\" class=\"attachment-large size-large wp-image-4362\" alt=\"\" srcset=\"https:\/\/mijn-lo.nl\/wp-content\/uploads\/2024\/02\/operatiekamer-643x968-1.webp 643w, https:\/\/mijn-lo.nl\/wp-content\/uploads\/2024\/02\/operatiekamer-643x968-1-199x300.webp 199w, https:\/\/mijn-lo.nl\/wp-content\/uploads\/2024\/02\/operatiekamer-643x968-1-8x12.webp 8w, https:\/\/mijn-lo.nl\/wp-content\/uploads\/2024\/02\/operatiekamer-643x968-1-16x24.webp 16w, https:\/\/mijn-lo.nl\/wp-content\/uploads\/2024\/02\/operatiekamer-643x968-1-24x36.webp 24w, https:\/\/mijn-lo.nl\/wp-content\/uploads\/2024\/02\/operatiekamer-643x968-1-32x48.webp 32w\" sizes=\"(max-width: 643px) 100vw, 643px\" \/>\t\t\t\t\t\t\t\t\t\t\t\t\t\t\t<\/div>\n\t\t\t\t<\/div>\n\t\t\t\t<div class=\"elementor-element elementor-element-bffb7cf elementor-widget elementor-widget-text-editor\" data-id=\"bffb7cf\" data-element_type=\"widget\" data-widget_type=\"text-editor.default\">\n\t\t\t\t<div class=\"elementor-widget-container\">\n\t\t\t\t\t\t\t\t\t<p style=\"text-align: center;\">Cirurgia<\/p>\t\t\t\t\t\t\t\t<\/div>\n\t\t\t\t<\/div>\n\t\t\t\t\t<\/div>\n\t\t<\/div>\n\t\t\t\t\t<\/div>\n\t\t<\/section>\n\t\t\t\t<section class=\"elementor-section elementor-top-section elementor-element elementor-element-2edcca1 elementor-section-boxed elementor-section-height-default elementor-section-height-default\" data-id=\"2edcca1\" data-element_type=\"section\">\n\t\t\t\t\t\t<div class=\"elementor-container elementor-column-gap-default\">\n\t\t\t\t\t<div class=\"elementor-column elementor-col-100 elementor-top-column elementor-element elementor-element-75349f87\" data-id=\"75349f87\" data-element_type=\"column\">\n\t\t\t<div class=\"elementor-widget-wrap elementor-element-populated\">\n\t\t\t\t\t\t<div class=\"elementor-element elementor-element-2d2d0e50 elementor-align-center elementor-widget elementor-widget-button\" data-id=\"2d2d0e50\" data-element_type=\"widget\" data-widget_type=\"button.default\">\n\t\t\t\t<div class=\"elementor-widget-container\">\n\t\t\t\t\t\t\t\t\t<div class=\"elementor-button-wrapper\">\n\t\t\t\t\t<a class=\"elementor-button elementor-button-link elementor-size-sm\" href=\"https:\/\/mijn-lo.nl\/pt\/healthcare\/pregnancy-childbirth-vaccination-physiotherapy\/\">\n\t\t\t\t\t\t<span class=\"elementor-button-content-wrapper\">\n\t\t\t\t\t\t\t\t\t<span class=\"elementor-button-text\">continuar<\/span>\n\t\t\t\t\t<\/span>\n\t\t\t\t\t<\/a>\n\t\t\t\t<\/div>\n\t\t\t\t\t\t\t\t<\/div>\n\t\t\t\t<\/div>\n\t\t\t\t\t<\/div>\n\t\t<\/div>\n\t\t\t\t\t<\/div>\n\t\t<\/section>\n\t\t\t\t<\/div>","protected":false},"excerpt":{"rendered":"<p>Dentist In Dutch: &#8220;tandarts&#8221; Dental care in the Netherlands is not completely covered by the basic health insurance. To help cover dental expenses, you can buy extra dental insurance from private companies. This insurance can pay for some of the costs of dental treatments. Basic dental insurance\u00a0usually covers routine check-ups, cleanings, and X-rays. It may [&hellip;]<\/p>\n","protected":false},"author":1,"featured_media":0,"parent":4178,"menu_order":4,"comment_status":"closed","ping_status":"closed","template":"elementor_canvas","meta":{"site-sidebar-layout":"no-sidebar","site-content-layout":"page-builder","ast-site-content-layout":"full-width-container","site-content-style":"default","site-sidebar-style":"default","ast-global-header-display":"","ast-banner-title-visibility":"","ast-main-header-display":"","ast-hfb-above-header-display":"","ast-hfb-below-header-display":"","ast-hfb-mobile-header-display":"","site-post-title":"disabled","ast-breadcrumbs-content":"","ast-featured-img":"disabled","footer-sml-layout":"","theme-transparent-header-meta":"","adv-header-id-meta":"","stick-header-meta":"","header-above-stick-meta":"","header-main-stick-meta":"","header-below-stick-meta":"","astra-migrate-meta-layouts":"set","ast-page-background-enabled":"default","ast-page-background-meta":{"desktop":{"background-color":"var(--ast-global-color-4)","background-image":"","background-repeat":"repeat","background-position":"center center","background-size":"auto","background-attachment":"scroll","background-type":"","background-media":"","overlay-type":"","overlay-color":"","overlay-opacity":"","overlay-gradient":""},"tablet":{"background-color":"","background-image":"","background-repeat":"repeat","background-position":"center center","background-size":"auto","background-attachment":"scroll","background-type":"","background-media":"","overlay-type":"","overlay-color":"","overlay-opacity":"","overlay-gradient":""},"mobile":{"background-color":"","background-image":"","background-repeat":"repeat","background-position":"center center","background-size":"auto","background-attachment":"scroll","background-type":"","background-media":"","overlay-type":"","overlay-color":"","overlay-opacity":"","overlay-gradient":""}},"ast-content-background-meta":{"desktop":{"background-color":"var(--ast-global-color-5)","background-image":"","background-repeat":"repeat","background-position":"center center","background-size":"auto","background-attachment":"scroll","background-type":"","background-media":"","overlay-type":"","overlay-color":"","overlay-opacity":"","overlay-gradient":""},"tablet":{"background-color":"var(--ast-global-color-5)","background-image":"","background-repeat":"repeat","background-position":"center center","background-size":"auto","background-attachment":"scroll","background-type":"","background-media":"","overlay-type":"","overlay-color":"","overlay-opacity":"","overlay-gradient":""},"mobile":{"background-color":"var(--ast-global-color-5)","background-image":"","background-repeat":"repeat","background-position":"center center","background-size":"auto","background-attachment":"scroll","background-type":"","background-media":"","overlay-type":"","overlay-color":"","overlay-opacity":"","overlay-gradient":""}},"footnotes":""},"class_list":["post-4339","page","type-page","status-publish","hentry"],"_links":{"self":[{"href":"https:\/\/mijn-lo.nl\/pt\/wp-json\/wp\/v2\/pages\/4339","targetHints":{"allow":["GET"]}}],"collection":[{"href":"https:\/\/mijn-lo.nl\/pt\/wp-json\/wp\/v2\/pages"}],"about":[{"href":"https:\/\/mijn-lo.nl\/pt\/wp-json\/wp\/v2\/types\/page"}],"author":[{"embeddable":true,"href":"https:\/\/mijn-lo.nl\/pt\/wp-json\/wp\/v2\/users\/1"}],"replies":[{"embeddable":true,"href":"https:\/\/mijn-lo.nl\/pt\/wp-json\/wp\/v2\/comments?post=4339"}],"version-history":[{"count":21,"href":"https:\/\/mijn-lo.nl\/pt\/wp-json\/wp\/v2\/pages\/4339\/revisions"}],"predecessor-version":[{"id":6274,"href":"https:\/\/mijn-lo.nl\/pt\/wp-json\/wp\/v2\/pages\/4339\/revisions\/6274"}],"up":[{"embeddable":true,"href":"https:\/\/mijn-lo.nl\/pt\/wp-json\/wp\/v2\/pages\/4178"}],"wp:attachment":[{"href":"https:\/\/mijn-lo.nl\/pt\/wp-json\/wp\/v2\/media?parent=4339"}],"curies":[{"name":"wp","href":"https:\/\/api.w.org\/{rel}","templated":true}]}}