{"id":4777,"date":"2024-02-09T14:01:10","date_gmt":"2024-02-09T14:01:10","guid":{"rendered":"http:\/\/mijn-lo.nl\/?page_id=4777"},"modified":"2025-08-19T17:40:54","modified_gmt":"2025-08-19T17:40:54","slug":"living-together-in-the-netherlands","status":"publish","type":"page","link":"https:\/\/mijn-lo.nl\/pt\/living-together\/living-together-in-the-netherlands\/","title":{"rendered":"Living together in the Netherlands"},"content":{"rendered":"<div data-elementor-type=\"wp-page\" data-elementor-id=\"4777\" class=\"elementor elementor-4777\" data-elementor-post-type=\"page\">\n\t\t\t\t\t\t<section class=\"elementor-section elementor-top-section elementor-element elementor-element-225a7cef elementor-section-boxed elementor-section-height-default elementor-section-height-default\" data-id=\"225a7cef\" data-element_type=\"section\" data-settings=\"{&quot;background_background&quot;:&quot;classic&quot;}\">\n\t\t\t\t\t\t<div class=\"elementor-container elementor-column-gap-default\">\n\t\t\t\t\t<div class=\"elementor-column elementor-col-100 elementor-top-column elementor-element elementor-element-7ff2ed98\" data-id=\"7ff2ed98\" data-element_type=\"column\">\n\t\t\t<div class=\"elementor-widget-wrap elementor-element-populated\">\n\t\t\t\t\t\t<div class=\"elementor-element elementor-element-4c131b03 elementor-widget elementor-widget-heading\" data-id=\"4c131b03\" data-element_type=\"widget\" data-widget_type=\"heading.default\">\n\t\t\t\t<div class=\"elementor-widget-container\">\n\t\t\t\t\t<h2 class=\"elementor-heading-title elementor-size-default\">VIVER EM CONJUNTO<\/h2>\t\t\t\t<\/div>\n\t\t\t\t<\/div>\n\t\t\t\t\t<\/div>\n\t\t<\/div>\n\t\t\t\t\t<\/div>\n\t\t<\/section>\n\t\t\t\t<section class=\"elementor-section elementor-top-section elementor-element elementor-element-6887aa9 elementor-section-boxed elementor-section-height-default elementor-section-height-default\" data-id=\"6887aa9\" data-element_type=\"section\">\n\t\t\t\t\t\t<div class=\"elementor-container elementor-column-gap-default\">\n\t\t\t\t\t<div class=\"elementor-column elementor-col-100 elementor-top-column elementor-element elementor-element-fbca87d\" data-id=\"fbca87d\" data-element_type=\"column\">\n\t\t\t<div class=\"elementor-widget-wrap elementor-element-populated\">\n\t\t\t\t\t\t<div class=\"elementor-element elementor-element-e13e3b7 elementor-widget elementor-widget-image\" data-id=\"e13e3b7\" data-element_type=\"widget\" data-widget_type=\"image.default\">\n\t\t\t\t<div class=\"elementor-widget-container\">\n\t\t\t\t\t\t\t\t\t\t\t\t\t\t\t<img fetchpriority=\"high\" decoding=\"async\" width=\"1024\" height=\"528\" src=\"https:\/\/mijn-lo.nl\/wp-content\/uploads\/2024\/02\/leuk-stel-1-1500x773-1-1024x528.webp\" class=\"attachment-large size-large wp-image-4779\" alt=\"\" srcset=\"https:\/\/mijn-lo.nl\/wp-content\/uploads\/2024\/02\/leuk-stel-1-1500x773-1-1024x528.webp 1024w, https:\/\/mijn-lo.nl\/wp-content\/uploads\/2024\/02\/leuk-stel-1-1500x773-1-300x155.webp 300w, https:\/\/mijn-lo.nl\/wp-content\/uploads\/2024\/02\/leuk-stel-1-1500x773-1-768x396.webp 768w, https:\/\/mijn-lo.nl\/wp-content\/uploads\/2024\/02\/leuk-stel-1-1500x773-1-18x9.webp 18w, https:\/\/mijn-lo.nl\/wp-content\/uploads\/2024\/02\/leuk-stel-1-1500x773-1-24x12.webp 24w, https:\/\/mijn-lo.nl\/wp-content\/uploads\/2024\/02\/leuk-stel-1-1500x773-1-36x19.webp 36w, https:\/\/mijn-lo.nl\/wp-content\/uploads\/2024\/02\/leuk-stel-1-1500x773-1-48x25.webp 48w, https:\/\/mijn-lo.nl\/wp-content\/uploads\/2024\/02\/leuk-stel-1-1500x773-1.webp 1500w\" sizes=\"(max-width: 1024px) 100vw, 1024px\" \/>\t\t\t\t\t\t\t\t\t\t\t\t\t\t\t<\/div>\n\t\t\t\t<\/div>\n\t\t\t\t\t<\/div>\n\t\t<\/div>\n\t\t\t\t\t<\/div>\n\t\t<\/section>\n\t\t\t\t<section class=\"elementor-section elementor-top-section elementor-element elementor-element-4ab774c elementor-section-boxed elementor-section-height-default elementor-section-height-default\" data-id=\"4ab774c\" data-element_type=\"section\">\n\t\t\t\t\t\t\t<div class=\"elementor-background-overlay\"><\/div>\n\t\t\t\t\t\t\t<div class=\"elementor-container elementor-column-gap-default\">\n\t\t\t\t\t<div class=\"elementor-column elementor-col-50 elementor-top-column elementor-element elementor-element-d52035b\" data-id=\"d52035b\" data-element_type=\"column\">\n\t\t\t<div class=\"elementor-widget-wrap elementor-element-populated\">\n\t\t\t\t\t\t<div class=\"elementor-element elementor-element-5307f71 elementor-widget elementor-widget-image\" data-id=\"5307f71\" data-element_type=\"widget\" data-widget_type=\"image.default\">\n\t\t\t\t<div class=\"elementor-widget-container\">\n\t\t\t\t\t\t\t\t\t\t\t\t\t\t\t<img decoding=\"async\" width=\"487\" height=\"353\" src=\"https:\/\/mijn-lo.nl\/wp-content\/uploads\/2024\/02\/woman-alone-487x353-1.webp\" class=\"attachment-large size-large wp-image-4780\" alt=\"\" srcset=\"https:\/\/mijn-lo.nl\/wp-content\/uploads\/2024\/02\/woman-alone-487x353-1.webp 487w, https:\/\/mijn-lo.nl\/wp-content\/uploads\/2024\/02\/woman-alone-487x353-1-300x217.webp 300w, https:\/\/mijn-lo.nl\/wp-content\/uploads\/2024\/02\/woman-alone-487x353-1-18x12.webp 18w, https:\/\/mijn-lo.nl\/wp-content\/uploads\/2024\/02\/woman-alone-487x353-1-24x17.webp 24w, https:\/\/mijn-lo.nl\/wp-content\/uploads\/2024\/02\/woman-alone-487x353-1-36x26.webp 36w, https:\/\/mijn-lo.nl\/wp-content\/uploads\/2024\/02\/woman-alone-487x353-1-48x35.webp 48w\" sizes=\"(max-width: 487px) 100vw, 487px\" \/>\t\t\t\t\t\t\t\t\t\t\t\t\t\t\t<\/div>\n\t\t\t\t<\/div>\n\t\t\t\t<div class=\"elementor-element elementor-element-12a9154 elementor-widget elementor-widget-text-editor\" data-id=\"12a9154\" data-element_type=\"widget\" data-widget_type=\"text-editor.default\">\n\t\t\t\t<div class=\"elementor-widget-container\">\n\t\t\t\t\t\t\t\t\t<p style=\"text-align: center;\">Muitas pessoas vivem sozinhas<\/p>\t\t\t\t\t\t\t\t<\/div>\n\t\t\t\t<\/div>\n\t\t\t\t\t<\/div>\n\t\t<\/div>\n\t\t\t\t<div class=\"elementor-column elementor-col-50 elementor-top-column elementor-element elementor-element-0de69c5\" data-id=\"0de69c5\" data-element_type=\"column\">\n\t\t\t<div class=\"elementor-widget-wrap elementor-element-populated\">\n\t\t\t\t\t\t<div class=\"elementor-element elementor-element-3ec27b9 elementor-widget elementor-widget-text-editor\" data-id=\"3ec27b9\" data-element_type=\"widget\" data-widget_type=\"text-editor.default\">\n\t\t\t\t<div class=\"elementor-widget-container\">\n\t\t\t\t\t\t\t\t\t<h3 class=\"mbr-section-title mbr-fonts-style mb-3 display-5\"><strong>Muitas pessoas vivem sozinhas<\/strong><\/h3><p class=\"mbr-text mbr-fonts-style display-7\">Um n\u00famero significativo de neerlandeses opta por viver sozinho por v\u00e1rias raz\u00f5es. Eis algumas explica\u00e7\u00f5es comuns:<br \/><br \/><strong>O parceiro faleceu:<\/strong>\u00a0No caso das pessoas idosas, o facto de viverem sozinhas deve-se muitas vezes ao facto de o seu parceiro ter falecido e de se encontrarem sem companhia.<br \/><br \/><strong>Div\u00f3rcio<\/strong>: O div\u00f3rcio \u00e9 outra raz\u00e3o predominante para viver sozinho. De facto, cerca de um em cada tr\u00eas casamentos nos Pa\u00edses Baixos acaba em div\u00f3rcio, o que leva a que muitos indiv\u00edduos estabele\u00e7am o seu pr\u00f3prio agregado familiar.<br \/><br \/><strong>Os jovens:\u00a0<\/strong>Os jovens optam muitas vezes por viver sozinhos quando iniciam o seu caminho para a independ\u00eancia. Normalmente, os casais come\u00e7am a viver juntos sem estarem casados.\u00a0<br \/><br \/><strong>Viver separados:\u00a0<\/strong>Curiosamente, algumas pessoas t\u00eam uma rela\u00e7\u00e3o mas optam por viver sozinhas. Esta decis\u00e3o pode dever-se a prefer\u00eancias pessoais, ao desejo de espa\u00e7o pessoal ou a outros factores espec\u00edficos da sua situa\u00e7\u00e3o.<\/p>\t\t\t\t\t\t\t\t<\/div>\n\t\t\t\t<\/div>\n\t\t\t\t\t<\/div>\n\t\t<\/div>\n\t\t\t\t\t<\/div>\n\t\t<\/section>\n\t\t\t\t<section class=\"elementor-section elementor-top-section elementor-element elementor-element-24cf9fa elementor-reverse-tablet elementor-reverse-mobile elementor-section-boxed elementor-section-height-default elementor-section-height-default\" data-id=\"24cf9fa\" data-element_type=\"section\">\n\t\t\t\t\t\t<div class=\"elementor-container elementor-column-gap-default\">\n\t\t\t\t\t<div class=\"elementor-column elementor-col-50 elementor-top-column elementor-element elementor-element-2c54c47\" data-id=\"2c54c47\" data-element_type=\"column\">\n\t\t\t<div class=\"elementor-widget-wrap elementor-element-populated\">\n\t\t\t\t\t\t<div class=\"elementor-element elementor-element-1830e68 elementor-widget elementor-widget-text-editor\" data-id=\"1830e68\" data-element_type=\"widget\" data-widget_type=\"text-editor.default\">\n\t\t\t\t<div class=\"elementor-widget-container\">\n\t\t\t\t\t\t\t\t\t<h3 class=\"mbr-section-title mbr-fonts-style mb-3 display-5\"><strong>Fam\u00edlia<\/strong><\/h3><p class=\"mbr-text mbr-fonts-style display-7\">A fam\u00edlia \u00e9 uma parte integrante da sociedade neerlandesa, com mais de metade da popula\u00e7\u00e3o a fazer parte de uma unidade familiar. No entanto, h\u00e1 v\u00e1rios factos importantes que devem ser tidos em conta:<br \/><br \/><strong>Tamanho da fam\u00edlia:<\/strong>\u00a0Em m\u00e9dia, uma fam\u00edlia neerlandesa \u00e9 constitu\u00edda por 1 a 2 filhos, o que indica que as fam\u00edlias tendem a ter menos de dois filhos.\u00a0<br \/><br \/><strong>Div\u00f3rcio e novo casamento:\u00a0<\/strong>O div\u00f3rcio \u00e9 um fen\u00f3meno frequente nos Pa\u00edses Baixos e n\u00e3o \u00e9 raro que as pessoas se divorciem e casem posteriormente com outra pessoa. T<br \/><br \/><strong>Fam\u00edlias monoparentais:<\/strong>\u00a0O pa\u00eds tem tamb\u00e9m um n\u00famero significativo de fam\u00edlias monoparentais, principalmente devido ao div\u00f3rcio. Estas fam\u00edlias s\u00e3o constitu\u00eddas por um dos progenitores (pai ou m\u00e3e) que cria os filhos.<br \/><br \/><strong>Sele\u00e7\u00e3o de parceiros:\u00a0<\/strong>Os neerlandeses t\u00eam a liberdade de escolher os seus pr\u00f3prios parceiros. Na sociedade contempor\u00e2nea, muitas pessoas recorrem \u00e0 Internet e a s\u00edtios de encontros para conhecer potenciais parceiros, o que alarga o leque de possibilidades de encontrar rela\u00e7\u00f5es rom\u00e2nticas.<br \/><br \/><strong>Experi\u00eancias sexuais:\u00a0<\/strong>Em m\u00e9dia, os jovens neerlandeses t\u00eam a sua primeira experi\u00eancia sexual por volta dos 16-17 anos. Isto indica um in\u00edcio relativamente precoce da atividade sexual em compara\u00e7\u00e3o com alguns outros pa\u00edses. \u00c9 de salientar que a idade em que os indiv\u00edduos se envolvem em actividades sexuais pode variar muito entre indiv\u00edduos diferentes. O sexo antes do casamento \u00e9 amplamente aceite.<br \/><br \/><strong>Educa\u00e7\u00e3o sexual:<\/strong>\u00a0Nos Pa\u00edses Baixos, muitos pais conversam abertamente sobre sexo com os seus filhos quando estes atingem a puberdade, normalmente entre os 12 e os 18 anos. Al\u00e9m disso, \u00e9 ministrada nas escolas uma educa\u00e7\u00e3o sexual abrangente, que abrange temas como as mudan\u00e7as f\u00edsicas nos rapazes e nas raparigas e informa\u00e7\u00f5es sobre sexo.\u00a0<\/p>\t\t\t\t\t\t\t\t<\/div>\n\t\t\t\t<\/div>\n\t\t\t\t\t<\/div>\n\t\t<\/div>\n\t\t\t\t<div class=\"elementor-column elementor-col-50 elementor-top-column elementor-element elementor-element-b1caf59\" data-id=\"b1caf59\" data-element_type=\"column\">\n\t\t\t<div class=\"elementor-widget-wrap elementor-element-populated\">\n\t\t\t\t\t\t<div class=\"elementor-element elementor-element-6484c7e elementor-widget elementor-widget-image\" data-id=\"6484c7e\" data-element_type=\"widget\" data-widget_type=\"image.default\">\n\t\t\t\t<div class=\"elementor-widget-container\">\n\t\t\t\t\t\t\t\t\t\t\t\t\t\t\t<img decoding=\"async\" width=\"791\" height=\"863\" src=\"https:\/\/mijn-lo.nl\/wp-content\/uploads\/2024\/02\/family2-791x863-1.webp\" class=\"attachment-large size-large wp-image-4781\" alt=\"\" srcset=\"https:\/\/mijn-lo.nl\/wp-content\/uploads\/2024\/02\/family2-791x863-1.webp 791w, https:\/\/mijn-lo.nl\/wp-content\/uploads\/2024\/02\/family2-791x863-1-275x300.webp 275w, https:\/\/mijn-lo.nl\/wp-content\/uploads\/2024\/02\/family2-791x863-1-768x838.webp 768w, https:\/\/mijn-lo.nl\/wp-content\/uploads\/2024\/02\/family2-791x863-1-11x12.webp 11w, https:\/\/mijn-lo.nl\/wp-content\/uploads\/2024\/02\/family2-791x863-1-22x24.webp 22w, https:\/\/mijn-lo.nl\/wp-content\/uploads\/2024\/02\/family2-791x863-1-33x36.webp 33w, https:\/\/mijn-lo.nl\/wp-content\/uploads\/2024\/02\/family2-791x863-1-44x48.webp 44w\" sizes=\"(max-width: 791px) 100vw, 791px\" \/>\t\t\t\t\t\t\t\t\t\t\t\t\t\t\t<\/div>\n\t\t\t\t<\/div>\n\t\t\t\t<div class=\"elementor-element elementor-element-7254094 elementor-widget elementor-widget-text-editor\" data-id=\"7254094\" data-element_type=\"widget\" data-widget_type=\"text-editor.default\">\n\t\t\t\t<div class=\"elementor-widget-container\">\n\t\t\t\t\t\t\t\t\t<p style=\"text-align: center;\">Fam\u00edlia<\/p>\t\t\t\t\t\t\t\t<\/div>\n\t\t\t\t<\/div>\n\t\t\t\t\t<\/div>\n\t\t<\/div>\n\t\t\t\t\t<\/div>\n\t\t<\/section>\n\t\t\t\t<section class=\"elementor-section elementor-top-section elementor-element elementor-element-9b5fa28 elementor-section-boxed elementor-section-height-default elementor-section-height-default\" data-id=\"9b5fa28\" data-element_type=\"section\">\n\t\t\t\t\t\t<div class=\"elementor-container elementor-column-gap-default\">\n\t\t\t\t\t<div class=\"elementor-column elementor-col-100 elementor-top-column elementor-element elementor-element-5d372b1\" data-id=\"5d372b1\" data-element_type=\"column\">\n\t\t\t<div class=\"elementor-widget-wrap elementor-element-populated\">\n\t\t\t\t\t\t<div class=\"elementor-element elementor-element-6371b14 elementor-widget elementor-widget-text-editor\" data-id=\"6371b14\" data-element_type=\"widget\" data-widget_type=\"text-editor.default\">\n\t\t\t\t<div class=\"elementor-widget-container\">\n\t\t\t\t\t\t\t\t\t<h3 class=\"mbr-section-title mbr-fonts-style mb-3 display-5\"><strong>\u00c9 casado ou n\u00e3o \u00e9 casado?<\/strong><\/h3><p class=\"mbr-text mbr-fonts-style display-7\">\"Burgerlijke staat\" \u00e9 um termo utilizado nos Pa\u00edses Baixos que se refere ao estado civil de uma pessoa. Indica se uma pessoa \u00e9 solteira, casada, tem uma parceria registada, \u00e9 divorciada, vi\u00fava ou tem outro estatuto legalmente aceite. O termo \u00e9 utilizado em documentos oficiais para recolher informa\u00e7\u00f5es sobre o estado civil de uma pessoa.<br \/><br \/><strong>Exemplos<\/strong><br \/><br \/><strong>Ongehuwd\/Alleenstaand:\u00a0<\/strong>Solteiro\/Solteira - Refere-se a indiv\u00edduos que nunca foram casados ou que n\u00e3o est\u00e3o atualmente numa uni\u00e3o de facto legalmente reconhecida.<br \/><br \/><strong>Gehuwd\/Getrouwd:<\/strong>\u00a0Casado - Indica que uma pessoa \u00e9 legalmente casada com o seu c\u00f4njuge.<br \/><br \/><strong>Parceria registada:<\/strong>\u00a0Parceria registada - Esta categoria aplica-se a casais que optaram por celebrar uma parceria legalmente reconhecida, semelhante ao casamento, mas sem uma cerim\u00f3nia formal de casamento.<br \/><br \/><strong>Gescheiden:<\/strong>\u00a0Divorciado - Refere-se a indiv\u00edduos que terminaram legalmente o seu casamento atrav\u00e9s de div\u00f3rcio.<br \/><br \/><strong>Weduwe\/Weduwnaar:<\/strong>\u00a0Vi\u00fava\/vi\u00favo - Esta categoria aplica-se a pessoas cujo c\u00f4njuge faleceu.<br \/><br \/>Estas categorias s\u00e3o utilizadas em documentos oficiais, como cart\u00f5es de identifica\u00e7\u00e3o, passaportes e formul\u00e1rios legais, para fornecer informa\u00e7\u00f5es sobre o atual \"burgerlijke staat\" ou estado civil de uma pessoa.<\/p>\t\t\t\t\t\t\t\t<\/div>\n\t\t\t\t<\/div>\n\t\t\t\t\t<\/div>\n\t\t<\/div>\n\t\t\t\t\t<\/div>\n\t\t<\/section>\n\t\t\t\t<section class=\"elementor-section elementor-top-section elementor-element elementor-element-27f1b0b elementor-section-boxed elementor-section-height-default elementor-section-height-default\" data-id=\"27f1b0b\" data-element_type=\"section\">\n\t\t\t\t\t\t<div class=\"elementor-container elementor-column-gap-default\">\n\t\t\t\t\t<div class=\"elementor-column elementor-col-50 elementor-top-column elementor-element elementor-element-618028c\" data-id=\"618028c\" data-element_type=\"column\">\n\t\t\t<div class=\"elementor-widget-wrap elementor-element-populated\">\n\t\t\t\t\t\t<div class=\"elementor-element elementor-element-438cd57 elementor-widget elementor-widget-image\" data-id=\"438cd57\" data-element_type=\"widget\" data-widget_type=\"image.default\">\n\t\t\t\t<div class=\"elementor-widget-container\">\n\t\t\t\t\t\t\t\t\t\t\t\t\t\t\t<img loading=\"lazy\" decoding=\"async\" width=\"730\" height=\"532\" src=\"https:\/\/mijn-lo.nl\/wp-content\/uploads\/2024\/02\/burgerlijkestatus-730x532-1.jpg\" class=\"attachment-large size-large wp-image-4782\" alt=\"\" srcset=\"https:\/\/mijn-lo.nl\/wp-content\/uploads\/2024\/02\/burgerlijkestatus-730x532-1.jpg 730w, https:\/\/mijn-lo.nl\/wp-content\/uploads\/2024\/02\/burgerlijkestatus-730x532-1-300x219.jpg 300w, https:\/\/mijn-lo.nl\/wp-content\/uploads\/2024\/02\/burgerlijkestatus-730x532-1-16x12.jpg 16w, https:\/\/mijn-lo.nl\/wp-content\/uploads\/2024\/02\/burgerlijkestatus-730x532-1-24x17.jpg 24w, https:\/\/mijn-lo.nl\/wp-content\/uploads\/2024\/02\/burgerlijkestatus-730x532-1-36x26.jpg 36w, https:\/\/mijn-lo.nl\/wp-content\/uploads\/2024\/02\/burgerlijkestatus-730x532-1-48x35.jpg 48w\" sizes=\"(max-width: 730px) 100vw, 730px\" \/>\t\t\t\t\t\t\t\t\t\t\t\t\t\t\t<\/div>\n\t\t\t\t<\/div>\n\t\t\t\t\t<\/div>\n\t\t<\/div>\n\t\t\t\t<div class=\"elementor-column elementor-col-50 elementor-top-column elementor-element elementor-element-d41e83a\" data-id=\"d41e83a\" data-element_type=\"column\">\n\t\t\t<div class=\"elementor-widget-wrap elementor-element-populated\">\n\t\t\t\t\t\t<div class=\"elementor-element elementor-element-37bb06c elementor-widget__width-initial elementor-widget elementor-widget-text-editor\" data-id=\"37bb06c\" data-element_type=\"widget\" data-widget_type=\"text-editor.default\">\n\t\t\t\t<div class=\"elementor-widget-container\">\n\t\t\t\t\t\t\t\t\t<p>\u00a0<\/p><p>1. Estado civil<\/p><p>2 Nome: Karel Appel<\/p><p>3 Sexo: masculino<\/p><p>4 Nascido em: 12 de fevereiro de 1988<\/p><p>5 Local de nascimento: Amesterd\u00e3o<\/p><p>6 Casado\/N\u00e3o casado\/Parceria\/Solteiro: casado<\/p><p>7 Local de resid\u00eancia: Eindhoven<\/p><p>8 Endere\u00e7o: Heuvelplein 8<\/p><p>9 C\u00f3digo postal: 5643 JG<\/p>\t\t\t\t\t\t\t\t<\/div>\n\t\t\t\t<\/div>\n\t\t\t\t\t<\/div>\n\t\t<\/div>\n\t\t\t\t\t<\/div>\n\t\t<\/section>\n\t\t\t\t<section class=\"elementor-section elementor-top-section elementor-element elementor-element-3a3011f1 elementor-section-boxed elementor-section-height-default elementor-section-height-default\" data-id=\"3a3011f1\" data-element_type=\"section\">\n\t\t\t\t\t\t<div class=\"elementor-container elementor-column-gap-default\">\n\t\t\t\t\t<div class=\"elementor-column elementor-col-100 elementor-top-column elementor-element elementor-element-4ccefaa5\" data-id=\"4ccefaa5\" data-element_type=\"column\">\n\t\t\t<div class=\"elementor-widget-wrap elementor-element-populated\">\n\t\t\t\t\t\t<div class=\"elementor-element elementor-element-5d53655a elementor-align-center elementor-widget elementor-widget-button\" data-id=\"5d53655a\" data-element_type=\"widget\" data-widget_type=\"button.default\">\n\t\t\t\t<div class=\"elementor-widget-container\">\n\t\t\t\t\t\t\t\t\t<div class=\"elementor-button-wrapper\">\n\t\t\t\t\t<a class=\"elementor-button elementor-button-link elementor-size-sm\" href=\"https:\/\/mijn-lo.nl\/pt\/living-together\/learn-words-and-expressions\/\">\n\t\t\t\t\t\t<span class=\"elementor-button-content-wrapper\">\n\t\t\t\t\t\t\t\t\t<span class=\"elementor-button-text\">continuar<\/span>\n\t\t\t\t\t<\/span>\n\t\t\t\t\t<\/a>\n\t\t\t\t<\/div>\n\t\t\t\t\t\t\t\t<\/div>\n\t\t\t\t<\/div>\n\t\t\t\t\t<\/div>\n\t\t<\/div>\n\t\t\t\t\t<\/div>\n\t\t<\/section>\n\t\t\t\t<\/div>","protected":false},"excerpt":{"rendered":"<p>LIVING TOGETHER Many people live alone Many people live alone A significant number of Dutch people choose to live alone for various reasons. Here are some common explanations: Partner passed away:\u00a0In the case of older individuals, living alone often occurs because their partner has passed away, and they find themselves without a companion. Divorce: Divorce [&hellip;]<\/p>\n","protected":false},"author":1,"featured_media":0,"parent":3365,"menu_order":1,"comment_status":"closed","ping_status":"closed","template":"elementor_canvas","meta":{"site-sidebar-layout":"no-sidebar","site-content-layout":"page-builder","ast-site-content-layout":"full-width-container","site-content-style":"default","site-sidebar-style":"default","ast-global-header-display":"","ast-banner-title-visibility":"","ast-main-header-display":"","ast-hfb-above-header-display":"","ast-hfb-below-header-display":"","ast-hfb-mobile-header-display":"","site-post-title":"disabled","ast-breadcrumbs-content":"","ast-featured-img":"disabled","footer-sml-layout":"","theme-transparent-header-meta":"","adv-header-id-meta":"","stick-header-meta":"","header-above-stick-meta":"","header-main-stick-meta":"","header-below-stick-meta":"","astra-migrate-meta-layouts":"set","ast-page-background-enabled":"default","ast-page-background-meta":{"desktop":{"background-color":"var(--ast-global-color-4)","background-image":"","background-repeat":"repeat","background-position":"center center","background-size":"auto","background-attachment":"scroll","background-type":"","background-media":"","overlay-type":"","overlay-color":"","overlay-opacity":"","overlay-gradient":""},"tablet":{"background-color":"","background-image":"","background-repeat":"repeat","background-position":"center center","background-size":"auto","background-attachment":"scroll","background-type":"","background-media":"","overlay-type":"","overlay-color":"","overlay-opacity":"","overlay-gradient":""},"mobile":{"background-color":"","background-image":"","background-repeat":"repeat","background-position":"center center","background-size":"auto","background-attachment":"scroll","background-type":"","background-media":"","overlay-type":"","overlay-color":"","overlay-opacity":"","overlay-gradient":""}},"ast-content-background-meta":{"desktop":{"background-color":"var(--ast-global-color-5)","background-image":"","background-repeat":"repeat","background-position":"center center","background-size":"auto","background-attachment":"scroll","background-type":"","background-media":"","overlay-type":"","overlay-color":"","overlay-opacity":"","overlay-gradient":""},"tablet":{"background-color":"var(--ast-global-color-5)","background-image":"","background-repeat":"repeat","background-position":"center center","background-size":"auto","background-attachment":"scroll","background-type":"","background-media":"","overlay-type":"","overlay-color":"","overlay-opacity":"","overlay-gradient":""},"mobile":{"background-color":"var(--ast-global-color-5)","background-image":"","background-repeat":"repeat","background-position":"center center","background-size":"auto","background-attachment":"scroll","background-type":"","background-media":"","overlay-type":"","overlay-color":"","overlay-opacity":"","overlay-gradient":""}},"footnotes":""},"class_list":["post-4777","page","type-page","status-publish","hentry"],"_links":{"self":[{"href":"https:\/\/mijn-lo.nl\/pt\/wp-json\/wp\/v2\/pages\/4777","targetHints":{"allow":["GET"]}}],"collection":[{"href":"https:\/\/mijn-lo.nl\/pt\/wp-json\/wp\/v2\/pages"}],"about":[{"href":"https:\/\/mijn-lo.nl\/pt\/wp-json\/wp\/v2\/types\/page"}],"author":[{"embeddable":true,"href":"https:\/\/mijn-lo.nl\/pt\/wp-json\/wp\/v2\/users\/1"}],"replies":[{"embeddable":true,"href":"https:\/\/mijn-lo.nl\/pt\/wp-json\/wp\/v2\/comments?post=4777"}],"version-history":[{"count":19,"href":"https:\/\/mijn-lo.nl\/pt\/wp-json\/wp\/v2\/pages\/4777\/revisions"}],"predecessor-version":[{"id":6334,"href":"https:\/\/mijn-lo.nl\/pt\/wp-json\/wp\/v2\/pages\/4777\/revisions\/6334"}],"up":[{"embeddable":true,"href":"https:\/\/mijn-lo.nl\/pt\/wp-json\/wp\/v2\/pages\/3365"}],"wp:attachment":[{"href":"https:\/\/mijn-lo.nl\/pt\/wp-json\/wp\/v2\/media?parent=4777"}],"curies":[{"name":"wp","href":"https:\/\/api.w.org\/{rel}","templated":true}]}}