{"id":4866,"date":"2024-02-09T15:25:09","date_gmt":"2024-02-09T15:25:09","guid":{"rendered":"http:\/\/mijn-lo.nl\/?page_id=4866"},"modified":"2025-08-19T17:43:31","modified_gmt":"2025-08-19T17:43:31","slug":"dutch-history","status":"publish","type":"page","link":"https:\/\/mijn-lo.nl\/pt\/history\/dutch-history\/","title":{"rendered":"Dutch history"},"content":{"rendered":"<div data-elementor-type=\"wp-page\" data-elementor-id=\"4866\" class=\"elementor elementor-4866\" data-elementor-post-type=\"page\">\n\t\t\t\t\t\t<section class=\"elementor-section elementor-top-section elementor-element elementor-element-6561ff2 elementor-section-boxed elementor-section-height-default elementor-section-height-default\" data-id=\"6561ff2\" data-element_type=\"section\">\n\t\t\t\t\t\t<div class=\"elementor-container elementor-column-gap-default\">\n\t\t\t\t\t<div class=\"elementor-column elementor-col-100 elementor-top-column elementor-element elementor-element-dc03b28\" data-id=\"dc03b28\" data-element_type=\"column\">\n\t\t\t<div class=\"elementor-widget-wrap elementor-element-populated\">\n\t\t\t\t\t\t<div class=\"elementor-element elementor-element-5cb1ced elementor-widget elementor-widget-image\" data-id=\"5cb1ced\" data-element_type=\"widget\" data-widget_type=\"image.default\">\n\t\t\t\t<div class=\"elementor-widget-container\">\n\t\t\t\t\t\t\t\t\t\t\t\t\t\t\t<img fetchpriority=\"high\" decoding=\"async\" width=\"1024\" height=\"505\" src=\"https:\/\/mijn-lo.nl\/wp-content\/uploads\/2024\/02\/thames-1-1500x740-1-1024x505.webp\" class=\"attachment-large size-large wp-image-4868\" alt=\"\" srcset=\"https:\/\/mijn-lo.nl\/wp-content\/uploads\/2024\/02\/thames-1-1500x740-1-1024x505.webp 1024w, https:\/\/mijn-lo.nl\/wp-content\/uploads\/2024\/02\/thames-1-1500x740-1-300x148.webp 300w, https:\/\/mijn-lo.nl\/wp-content\/uploads\/2024\/02\/thames-1-1500x740-1-768x379.webp 768w, https:\/\/mijn-lo.nl\/wp-content\/uploads\/2024\/02\/thames-1-1500x740-1-18x9.webp 18w, https:\/\/mijn-lo.nl\/wp-content\/uploads\/2024\/02\/thames-1-1500x740-1-24x12.webp 24w, https:\/\/mijn-lo.nl\/wp-content\/uploads\/2024\/02\/thames-1-1500x740-1-36x18.webp 36w, https:\/\/mijn-lo.nl\/wp-content\/uploads\/2024\/02\/thames-1-1500x740-1-48x24.webp 48w, https:\/\/mijn-lo.nl\/wp-content\/uploads\/2024\/02\/thames-1-1500x740-1.webp 1500w\" sizes=\"(max-width: 1024px) 100vw, 1024px\" \/>\t\t\t\t\t\t\t\t\t\t\t\t\t\t\t<\/div>\n\t\t\t\t<\/div>\n\t\t\t\t\t<\/div>\n\t\t<\/div>\n\t\t\t\t\t<\/div>\n\t\t<\/section>\n\t\t\t\t<section class=\"elementor-section elementor-top-section elementor-element elementor-element-134c880 elementor-section-boxed elementor-section-height-default elementor-section-height-default\" data-id=\"134c880\" data-element_type=\"section\">\n\t\t\t\t\t\t<div class=\"elementor-container elementor-column-gap-default\">\n\t\t\t\t\t<div class=\"elementor-column elementor-col-50 elementor-top-column elementor-element elementor-element-007db59\" data-id=\"007db59\" data-element_type=\"column\">\n\t\t\t<div class=\"elementor-widget-wrap elementor-element-populated\">\n\t\t\t\t\t\t<div class=\"elementor-element elementor-element-2a15ae7 elementor-widget elementor-widget-image\" data-id=\"2a15ae7\" data-element_type=\"widget\" data-widget_type=\"image.default\">\n\t\t\t\t<div class=\"elementor-widget-container\">\n\t\t\t\t\t\t\t\t\t\t\t\t\t\t\t<img decoding=\"async\" width=\"750\" height=\"526\" src=\"https:\/\/mijn-lo.nl\/wp-content\/uploads\/2024\/02\/romansoldiers-750x526-1.webp\" class=\"attachment-large size-large wp-image-4869\" alt=\"\" srcset=\"https:\/\/mijn-lo.nl\/wp-content\/uploads\/2024\/02\/romansoldiers-750x526-1.webp 750w, https:\/\/mijn-lo.nl\/wp-content\/uploads\/2024\/02\/romansoldiers-750x526-1-300x210.webp 300w, https:\/\/mijn-lo.nl\/wp-content\/uploads\/2024\/02\/romansoldiers-750x526-1-18x12.webp 18w, https:\/\/mijn-lo.nl\/wp-content\/uploads\/2024\/02\/romansoldiers-750x526-1-24x17.webp 24w, https:\/\/mijn-lo.nl\/wp-content\/uploads\/2024\/02\/romansoldiers-750x526-1-36x25.webp 36w, https:\/\/mijn-lo.nl\/wp-content\/uploads\/2024\/02\/romansoldiers-750x526-1-48x34.webp 48w\" sizes=\"(max-width: 750px) 100vw, 750px\" \/>\t\t\t\t\t\t\t\t\t\t\t\t\t\t\t<\/div>\n\t\t\t\t<\/div>\n\t\t\t\t\t<\/div>\n\t\t<\/div>\n\t\t\t\t<div class=\"elementor-column elementor-col-50 elementor-top-column elementor-element elementor-element-ab7892e\" data-id=\"ab7892e\" data-element_type=\"column\">\n\t\t\t<div class=\"elementor-widget-wrap elementor-element-populated\">\n\t\t\t\t\t\t<div class=\"elementor-element elementor-element-aa8be7e elementor-widget elementor-widget-text-editor\" data-id=\"aa8be7e\" data-element_type=\"widget\" data-widget_type=\"text-editor.default\">\n\t\t\t\t<div class=\"elementor-widget-container\">\n\t\t\t\t\t\t\t\t\t<h3 class=\"mbr-section-title mbr-fonts-style mb-3 display-5\"><strong>De 0 a 1500<\/strong><\/h3><p class=\"mbr-section-title mbr-fonts-style mb-3 display-5\">Nesse per\u00edodo, os romanos chegaram aos Pa\u00edses Baixos. Vieram de Roma e, nessa altura, surgiram as primeiras cidades holandesas (Maastricht).\u00a0<br \/>A parte sul tornou-se parte do Imp\u00e9rio Romano, trazendo urbaniza\u00e7\u00e3o e influ\u00eancias culturais.<br \/>Os vikings invadiram as zonas costeiras, causando perturba\u00e7\u00f5es, e o cristianismo estabeleceu-se, com a influ\u00eancia da Igreja Cat\u00f3lica. As ordens mon\u00e1sticas fundaram abadias e contribu\u00edram para a educa\u00e7\u00e3o e a cultura.  Por volta de 1500, cada vez mais pessoas n\u00e3o concordavam com a forma como a Igreja Cat\u00f3lica governava a religi\u00e3o e os protestantes surgiram como um segundo grupo.\u00a0<\/p>\t\t\t\t\t\t\t\t<\/div>\n\t\t\t\t<\/div>\n\t\t\t\t\t<\/div>\n\t\t<\/div>\n\t\t\t\t\t<\/div>\n\t\t<\/section>\n\t\t\t\t<section class=\"elementor-section elementor-top-section elementor-element elementor-element-ed7b26a elementor-reverse-tablet elementor-reverse-mobile elementor-section-boxed elementor-section-height-default elementor-section-height-default\" data-id=\"ed7b26a\" data-element_type=\"section\">\n\t\t\t\t\t\t<div class=\"elementor-container elementor-column-gap-default\">\n\t\t\t\t\t<div class=\"elementor-column elementor-col-50 elementor-top-column elementor-element elementor-element-764f6f2\" data-id=\"764f6f2\" data-element_type=\"column\">\n\t\t\t<div class=\"elementor-widget-wrap elementor-element-populated\">\n\t\t\t\t\t\t<div class=\"elementor-element elementor-element-a922bc6 elementor-widget elementor-widget-text-editor\" data-id=\"a922bc6\" data-element_type=\"widget\" data-widget_type=\"text-editor.default\">\n\t\t\t\t<div class=\"elementor-widget-container\">\n\t\t\t\t\t\t\t\t\t<h3 class=\"mbr-section-title mbr-fonts-style mb-3 display-5\"><strong>Willem van Oranje<\/strong><\/h3><p class=\"mbr-text mbr-fonts-style display-7\">Se quiser mergulhar na hist\u00f3ria dos Pa\u00edses Baixos, \u00e9 importante conhecer os per\u00edodos mais importantes e as suas carater\u00edsticas.<br \/><br \/><strong>A guerra com Espanha que durou 80 anos (1568 - 1628)<br \/><\/strong>O monarca espanhol estava aborrecido com o facto de cada vez mais pessoas na nossa regi\u00e3o estarem a afastar-se da Igreja Cat\u00f3lica. Durante este per\u00edodo,\u00a0<strong>Pr\u00edncipe \"Willem van Oranje\"\u00a0<\/strong>organizou a revolta contra os espanh\u00f3is. Guilherme de Orange \u00e9 considerado o pai dos Pa\u00edses Baixos.<br \/>Um ponto de vista importante era o de que deveria haver liberdade religiosa nos Pa\u00edses Baixos. O monarca espanhol era contra. Guilherme de Orange \u00e9 assassinado.\u00a0<br \/><br \/><strong>Pa\u00edses Baixos de forma aut\u00f3noma<br \/><\/strong>Em 1588, os Pa\u00edses Baixos tornaram-se uma rep\u00fablica sem rei. Os Pa\u00edses Baixos cooperaram com 7 prov\u00edncias. A guerra contra Espanha durou at\u00e9 1648 (nessa altura, os Pa\u00edses Baixos eram livres). O sul dos Pa\u00edses Baixos e a B\u00e9lgica pertenciam a Espanha. Muitas pessoas ainda s\u00e3o cat\u00f3licas. Nas regi\u00f5es do norte, muitas pessoas s\u00e3o protestantes.<br \/><br \/>Ap\u00f3s o fim desta guerra, a Rep\u00fablica tornou-se um Estado independente.<br \/>O hino nacional tem a ver com o per\u00edodo em que Guilherme de Orange liderou a revolta. O t\u00edtulo do hino nacional \u00e9 \"het\u00a0<strong>Wilhelmus<\/strong>\u201c.<\/p>\t\t\t\t\t\t\t\t<\/div>\n\t\t\t\t<\/div>\n\t\t\t\t\t<\/div>\n\t\t<\/div>\n\t\t\t\t<div class=\"elementor-column elementor-col-50 elementor-top-column elementor-element elementor-element-9cf4488\" data-id=\"9cf4488\" data-element_type=\"column\">\n\t\t\t<div class=\"elementor-widget-wrap elementor-element-populated\">\n\t\t\t\t\t\t<div class=\"elementor-element elementor-element-5b2320d elementor-widget elementor-widget-image\" data-id=\"5b2320d\" data-element_type=\"widget\" data-widget_type=\"image.default\">\n\t\t\t\t<div class=\"elementor-widget-container\">\n\t\t\t\t\t\t\t\t\t\t\t\t\t\t\t<img decoding=\"async\" width=\"352\" height=\"489\" src=\"https:\/\/mijn-lo.nl\/wp-content\/uploads\/2024\/02\/willemvoranje1-title-352x489-1.webp\" class=\"attachment-large size-large wp-image-4870\" alt=\"\" srcset=\"https:\/\/mijn-lo.nl\/wp-content\/uploads\/2024\/02\/willemvoranje1-title-352x489-1.webp 352w, https:\/\/mijn-lo.nl\/wp-content\/uploads\/2024\/02\/willemvoranje1-title-352x489-1-216x300.webp 216w, https:\/\/mijn-lo.nl\/wp-content\/uploads\/2024\/02\/willemvoranje1-title-352x489-1-9x12.webp 9w, https:\/\/mijn-lo.nl\/wp-content\/uploads\/2024\/02\/willemvoranje1-title-352x489-1-17x24.webp 17w, https:\/\/mijn-lo.nl\/wp-content\/uploads\/2024\/02\/willemvoranje1-title-352x489-1-26x36.webp 26w, https:\/\/mijn-lo.nl\/wp-content\/uploads\/2024\/02\/willemvoranje1-title-352x489-1-35x48.webp 35w\" sizes=\"(max-width: 352px) 100vw, 352px\" \/>\t\t\t\t\t\t\t\t\t\t\t\t\t\t\t<\/div>\n\t\t\t\t<\/div>\n\t\t\t\t<div class=\"elementor-element elementor-element-1709357 elementor-widget elementor-widget-text-editor\" data-id=\"1709357\" data-element_type=\"widget\" data-widget_type=\"text-editor.default\">\n\t\t\t\t<div class=\"elementor-widget-container\">\n\t\t\t\t\t\t\t\t\t<p style=\"text-align: center;\">Pr\u00edncipe Willen van Oranje<\/p>\t\t\t\t\t\t\t\t<\/div>\n\t\t\t\t<\/div>\n\t\t\t\t\t<\/div>\n\t\t<\/div>\n\t\t\t\t\t<\/div>\n\t\t<\/section>\n\t\t\t\t<section class=\"elementor-section elementor-top-section elementor-element elementor-element-f907c84 elementor-section-boxed elementor-section-height-default elementor-section-height-default\" data-id=\"f907c84\" data-element_type=\"section\">\n\t\t\t\t\t\t<div class=\"elementor-container elementor-column-gap-default\">\n\t\t\t\t\t<div class=\"elementor-column elementor-col-50 elementor-top-column elementor-element elementor-element-61c193e\" data-id=\"61c193e\" data-element_type=\"column\">\n\t\t\t<div class=\"elementor-widget-wrap elementor-element-populated\">\n\t\t\t\t\t\t<div class=\"elementor-element elementor-element-2560c35 elementor-widget elementor-widget-video\" data-id=\"2560c35\" data-element_type=\"widget\" data-settings=\"{&quot;youtube_url&quot;:&quot;https:\\\/\\\/youtu.be\\\/LM5OmyKBTlg&quot;,&quot;video_type&quot;:&quot;youtube&quot;,&quot;controls&quot;:&quot;yes&quot;}\" data-widget_type=\"video.default\">\n\t\t\t\t<div class=\"elementor-widget-container\">\n\t\t\t\t\t\t\t<div class=\"elementor-wrapper elementor-open-inline\">\n\t\t\t<div class=\"elementor-video\"><\/div>\t\t<\/div>\n\t\t\t\t\t\t<\/div>\n\t\t\t\t<\/div>\n\t\t\t\t<div class=\"elementor-element elementor-element-fbc9d7d elementor-widget elementor-widget-text-editor\" data-id=\"fbc9d7d\" data-element_type=\"widget\" data-widget_type=\"text-editor.default\">\n\t\t\t\t<div class=\"elementor-widget-container\">\n\t\t\t\t\t\t\t\t\t<p style=\"text-align: center;\">Hino holand\u00eas<\/p>\t\t\t\t\t\t\t\t<\/div>\n\t\t\t\t<\/div>\n\t\t\t\t\t<\/div>\n\t\t<\/div>\n\t\t\t\t<div class=\"elementor-column elementor-col-50 elementor-top-column elementor-element elementor-element-4fea860\" data-id=\"4fea860\" data-element_type=\"column\">\n\t\t\t<div class=\"elementor-widget-wrap elementor-element-populated\">\n\t\t\t\t\t\t<div class=\"elementor-element elementor-element-056152c elementor-widget elementor-widget-text-editor\" data-id=\"056152c\" data-element_type=\"widget\" data-widget_type=\"text-editor.default\">\n\t\t\t\t<div class=\"elementor-widget-container\">\n\t\t\t\t\t\t\t\t\t<h3 class=\"mbr-section-subtitle mbr-fonts-style mb-3 display-5\"><strong>hino neerland\u00eas<\/strong><\/h3><p>\u00a0<\/p><p class=\"mbr-text mbr-fonts-style display-7\">Este \u00e9 o Hino dos Pa\u00edses Baixos. O texto \u00e9 um pouco controverso, pois afirma que:<br \/>- somos de sangue alem\u00e3o e<br \/>- honr\u00e1vamos sempre o rei espanhol (estranho durante uma guerra com os espanh\u00f3is...)<\/p><p>No entanto, os holandeses podem ficar muito emocionados ao cantar este hino. N\u00e3o pelas palavras, mas pelo som. Basta ouvir o primeiro minuto!<\/p>\t\t\t\t\t\t\t\t<\/div>\n\t\t\t\t<\/div>\n\t\t\t\t\t<\/div>\n\t\t<\/div>\n\t\t\t\t\t<\/div>\n\t\t<\/section>\n\t\t\t\t<section class=\"elementor-section elementor-top-section elementor-element elementor-element-2edcca1 elementor-section-boxed elementor-section-height-default elementor-section-height-default\" data-id=\"2edcca1\" data-element_type=\"section\">\n\t\t\t\t\t\t<div class=\"elementor-container elementor-column-gap-default\">\n\t\t\t\t\t<div class=\"elementor-column elementor-col-100 elementor-top-column elementor-element elementor-element-75349f87\" data-id=\"75349f87\" data-element_type=\"column\">\n\t\t\t<div class=\"elementor-widget-wrap elementor-element-populated\">\n\t\t\t\t\t\t<div class=\"elementor-element elementor-element-2d2d0e50 elementor-align-center elementor-widget elementor-widget-button\" data-id=\"2d2d0e50\" data-element_type=\"widget\" data-widget_type=\"button.default\">\n\t\t\t\t<div class=\"elementor-widget-container\">\n\t\t\t\t\t\t\t\t\t<div class=\"elementor-button-wrapper\">\n\t\t\t\t\t<a class=\"elementor-button elementor-button-link elementor-size-sm\" href=\"https:\/\/mijn-lo.nl\/pt\/history\/golden-age\/\">\n\t\t\t\t\t\t<span class=\"elementor-button-content-wrapper\">\n\t\t\t\t\t\t\t\t\t<span class=\"elementor-button-text\">continuar<\/span>\n\t\t\t\t\t<\/span>\n\t\t\t\t\t<\/a>\n\t\t\t\t<\/div>\n\t\t\t\t\t\t\t\t<\/div>\n\t\t\t\t<\/div>\n\t\t\t\t\t<\/div>\n\t\t<\/div>\n\t\t\t\t\t<\/div>\n\t\t<\/section>\n\t\t\t\t<\/div>","protected":false},"excerpt":{"rendered":"<p>From 0 &#8211; 1500 In that period the Romans came to the Netherlands. They came from Rome and the first Dutch cities arose at that time (Maastricht).\u00a0The southern part became part of the Roman Empire, bringing urbanization and cultural influences.Vikings raided coastal areas, causing disruptions and\u00a0Christianity was established, with the Catholic Church&#8217;s influence.\u00a0Monastic orders founded [&hellip;]<\/p>\n","protected":false},"author":1,"featured_media":0,"parent":3258,"menu_order":1,"comment_status":"closed","ping_status":"closed","template":"elementor_canvas","meta":{"site-sidebar-layout":"no-sidebar","site-content-layout":"page-builder","ast-site-content-layout":"full-width-container","site-content-style":"default","site-sidebar-style":"default","ast-global-header-display":"","ast-banner-title-visibility":"","ast-main-header-display":"","ast-hfb-above-header-display":"","ast-hfb-below-header-display":"","ast-hfb-mobile-header-display":"","site-post-title":"disabled","ast-breadcrumbs-content":"","ast-featured-img":"disabled","footer-sml-layout":"","theme-transparent-header-meta":"","adv-header-id-meta":"","stick-header-meta":"","header-above-stick-meta":"","header-main-stick-meta":"","header-below-stick-meta":"","astra-migrate-meta-layouts":"set","ast-page-background-enabled":"default","ast-page-background-meta":{"desktop":{"background-color":"var(--ast-global-color-4)","background-image":"","background-repeat":"repeat","background-position":"center center","background-size":"auto","background-attachment":"scroll","background-type":"","background-media":"","overlay-type":"","overlay-color":"","overlay-opacity":"","overlay-gradient":""},"tablet":{"background-color":"","background-image":"","background-repeat":"repeat","background-position":"center center","background-size":"auto","background-attachment":"scroll","background-type":"","background-media":"","overlay-type":"","overlay-color":"","overlay-opacity":"","overlay-gradient":""},"mobile":{"background-color":"","background-image":"","background-repeat":"repeat","background-position":"center center","background-size":"auto","background-attachment":"scroll","background-type":"","background-media":"","overlay-type":"","overlay-color":"","overlay-opacity":"","overlay-gradient":""}},"ast-content-background-meta":{"desktop":{"background-color":"var(--ast-global-color-5)","background-image":"","background-repeat":"repeat","background-position":"center center","background-size":"auto","background-attachment":"scroll","background-type":"","background-media":"","overlay-type":"","overlay-color":"","overlay-opacity":"","overlay-gradient":""},"tablet":{"background-color":"var(--ast-global-color-5)","background-image":"","background-repeat":"repeat","background-position":"center center","background-size":"auto","background-attachment":"scroll","background-type":"","background-media":"","overlay-type":"","overlay-color":"","overlay-opacity":"","overlay-gradient":""},"mobile":{"background-color":"var(--ast-global-color-5)","background-image":"","background-repeat":"repeat","background-position":"center center","background-size":"auto","background-attachment":"scroll","background-type":"","background-media":"","overlay-type":"","overlay-color":"","overlay-opacity":"","overlay-gradient":""}},"footnotes":""},"class_list":["post-4866","page","type-page","status-publish","hentry"],"_links":{"self":[{"href":"https:\/\/mijn-lo.nl\/pt\/wp-json\/wp\/v2\/pages\/4866","targetHints":{"allow":["GET"]}}],"collection":[{"href":"https:\/\/mijn-lo.nl\/pt\/wp-json\/wp\/v2\/pages"}],"about":[{"href":"https:\/\/mijn-lo.nl\/pt\/wp-json\/wp\/v2\/types\/page"}],"author":[{"embeddable":true,"href":"https:\/\/mijn-lo.nl\/pt\/wp-json\/wp\/v2\/users\/1"}],"replies":[{"embeddable":true,"href":"https:\/\/mijn-lo.nl\/pt\/wp-json\/wp\/v2\/comments?post=4866"}],"version-history":[{"count":16,"href":"https:\/\/mijn-lo.nl\/pt\/wp-json\/wp\/v2\/pages\/4866\/revisions"}],"predecessor-version":[{"id":6349,"href":"https:\/\/mijn-lo.nl\/pt\/wp-json\/wp\/v2\/pages\/4866\/revisions\/6349"}],"up":[{"embeddable":true,"href":"https:\/\/mijn-lo.nl\/pt\/wp-json\/wp\/v2\/pages\/3258"}],"wp:attachment":[{"href":"https:\/\/mijn-lo.nl\/pt\/wp-json\/wp\/v2\/media?parent=4866"}],"curies":[{"name":"wp","href":"https:\/\/api.w.org\/{rel}","templated":true}]}}