{"id":4902,"date":"2024-02-09T15:46:24","date_gmt":"2024-02-09T15:46:24","guid":{"rendered":"http:\/\/mijn-lo.nl\/?page_id=4902"},"modified":"2025-08-19T17:42:36","modified_gmt":"2025-08-19T17:42:36","slug":"municipalities","status":"publish","type":"page","link":"https:\/\/mijn-lo.nl\/pt\/politics\/municipalities\/","title":{"rendered":"Municipalities"},"content":{"rendered":"<div data-elementor-type=\"wp-page\" data-elementor-id=\"4902\" class=\"elementor elementor-4902\" data-elementor-post-type=\"page\">\n\t\t\t\t\t\t<section class=\"elementor-section elementor-top-section elementor-element elementor-element-f3da63f elementor-reverse-tablet elementor-reverse-mobile elementor-section-boxed elementor-section-height-default elementor-section-height-default\" data-id=\"f3da63f\" data-element_type=\"section\">\n\t\t\t\t\t\t<div class=\"elementor-container elementor-column-gap-default\">\n\t\t\t\t\t<div class=\"elementor-column elementor-col-50 elementor-top-column elementor-element elementor-element-02860a7\" data-id=\"02860a7\" data-element_type=\"column\">\n\t\t\t<div class=\"elementor-widget-wrap elementor-element-populated\">\n\t\t\t\t\t\t<div class=\"elementor-element elementor-element-c1d4860 elementor-widget elementor-widget-text-editor\" data-id=\"c1d4860\" data-element_type=\"widget\" data-widget_type=\"text-editor.default\">\n\t\t\t\t<div class=\"elementor-widget-container\">\n\t\t\t\t\t\t\t\t\t<h3 class=\"mbr-section-title mbr-fonts-style mb-3 display-5\"><strong>As prov\u00edncias e os munic\u00edpios<\/strong><\/h3><p class=\"mbr-text mbr-fonts-style display-7\">As informa\u00e7\u00f5es fornecidas s\u00e3o, na sua maioria, exactas, mas h\u00e1 um erro significativo: Os Pa\u00edses Baixos n\u00e3o t\u00eam apenas 2 prov\u00edncias; t\u00eam 12 prov\u00edncias. Permita-me que lhe corrija o texto:<br \/><br \/><strong>Prov\u00edncia<\/strong><br \/>Os Pa\u00edses Baixos t\u00eam 12 prov\u00edncias. Na li\u00e7\u00e3o 1, apresent\u00e1mos estas regi\u00f5es. Cada regi\u00e3o \u00e9 governada por Conselhos Provinciais. Estes conselhos decidem sobre quest\u00f5es como as estradas, o ambiente e os projectos de constru\u00e7\u00e3o. O Comiss\u00e1rio do Rei \u00e9 o chefe da administra\u00e7\u00e3o provincial.<br \/><br \/><strong>Munic\u00edpio<br \/><\/strong>Um munic\u00edpio \u00e9 uma cidade ou uma aldeia e tem o seu pr\u00f3prio conselho municipal, no qual as pessoas podem votar de quatro em quatro anos. O conselho municipal decide sobre quest\u00f5es como casas, escolas e estradas. O presidente da c\u00e2mara \u00e9 o l\u00edder do conselho municipal.<br \/><br \/>Os Pa\u00edses Baixos s\u00e3o membros da Uni\u00e3o Europeia, na qual os pa\u00edses da Europa trabalham em conjunto. O Parlamento Europeu \u00e9 eleito de cinco em cinco anos pelos cidad\u00e3os da Uni\u00e3o Europeia e estabelece acordos sobre quest\u00f5es como a economia e a seguran\u00e7a.<\/p>\t\t\t\t\t\t\t\t<\/div>\n\t\t\t\t<\/div>\n\t\t\t\t\t<\/div>\n\t\t<\/div>\n\t\t\t\t<div class=\"elementor-column elementor-col-50 elementor-top-column elementor-element elementor-element-fc1ff83\" data-id=\"fc1ff83\" data-element_type=\"column\">\n\t\t\t<div class=\"elementor-widget-wrap elementor-element-populated\">\n\t\t\t\t\t\t<div class=\"elementor-element elementor-element-c64e3d9 elementor-widget elementor-widget-image\" data-id=\"c64e3d9\" data-element_type=\"widget\" data-widget_type=\"image.default\">\n\t\t\t\t<div class=\"elementor-widget-container\">\n\t\t\t\t\t\t\t\t\t\t\t\t\t\t\t<img fetchpriority=\"high\" decoding=\"async\" width=\"581\" height=\"707\" src=\"https:\/\/mijn-lo.nl\/wp-content\/uploads\/2024\/02\/provincies-581x707-1.webp\" class=\"attachment-large size-large wp-image-4851\" alt=\"\" srcset=\"https:\/\/mijn-lo.nl\/wp-content\/uploads\/2024\/02\/provincies-581x707-1.webp 581w, https:\/\/mijn-lo.nl\/wp-content\/uploads\/2024\/02\/provincies-581x707-1-247x300.webp 247w, https:\/\/mijn-lo.nl\/wp-content\/uploads\/2024\/02\/provincies-581x707-1-10x12.webp 10w, https:\/\/mijn-lo.nl\/wp-content\/uploads\/2024\/02\/provincies-581x707-1-20x24.webp 20w, https:\/\/mijn-lo.nl\/wp-content\/uploads\/2024\/02\/provincies-581x707-1-30x36.webp 30w, https:\/\/mijn-lo.nl\/wp-content\/uploads\/2024\/02\/provincies-581x707-1-39x48.webp 39w\" sizes=\"(max-width: 581px) 100vw, 581px\" \/>\t\t\t\t\t\t\t\t\t\t\t\t\t\t\t<\/div>\n\t\t\t\t<\/div>\n\t\t\t\t<div class=\"elementor-element elementor-element-d2fdbf6 elementor-widget elementor-widget-text-editor\" data-id=\"d2fdbf6\" data-element_type=\"widget\" data-widget_type=\"text-editor.default\">\n\t\t\t\t<div class=\"elementor-widget-container\">\n\t\t\t\t\t\t\t\t\t<p style=\"text-align: center;\">As 12 prov\u00edncias<\/p>\t\t\t\t\t\t\t\t<\/div>\n\t\t\t\t<\/div>\n\t\t\t\t\t<\/div>\n\t\t<\/div>\n\t\t\t\t\t<\/div>\n\t\t<\/section>\n\t\t\t\t<section class=\"elementor-section elementor-top-section elementor-element elementor-element-21c66c4 elementor-section-boxed elementor-section-height-default elementor-section-height-default\" data-id=\"21c66c4\" data-element_type=\"section\">\n\t\t\t\t\t\t<div class=\"elementor-container elementor-column-gap-default\">\n\t\t\t\t\t<div class=\"elementor-column elementor-col-50 elementor-top-column elementor-element elementor-element-60e1a44\" data-id=\"60e1a44\" data-element_type=\"column\">\n\t\t\t<div class=\"elementor-widget-wrap elementor-element-populated\">\n\t\t\t\t\t\t<div class=\"elementor-element elementor-element-f6c5e96 elementor-widget elementor-widget-image\" data-id=\"f6c5e96\" data-element_type=\"widget\" data-widget_type=\"image.default\">\n\t\t\t\t<div class=\"elementor-widget-container\">\n\t\t\t\t\t\t\t\t\t\t\t\t\t\t\t<img decoding=\"async\" width=\"694\" height=\"582\" src=\"https:\/\/mijn-lo.nl\/wp-content\/uploads\/2024\/02\/rijbewijs2.jpg\" class=\"attachment-large size-large wp-image-4854\" alt=\"\" srcset=\"https:\/\/mijn-lo.nl\/wp-content\/uploads\/2024\/02\/rijbewijs2.jpg 694w, https:\/\/mijn-lo.nl\/wp-content\/uploads\/2024\/02\/rijbewijs2-300x252.jpg 300w, https:\/\/mijn-lo.nl\/wp-content\/uploads\/2024\/02\/rijbewijs2-14x12.jpg 14w, https:\/\/mijn-lo.nl\/wp-content\/uploads\/2024\/02\/rijbewijs2-24x20.jpg 24w, https:\/\/mijn-lo.nl\/wp-content\/uploads\/2024\/02\/rijbewijs2-36x30.jpg 36w, https:\/\/mijn-lo.nl\/wp-content\/uploads\/2024\/02\/rijbewijs2-48x40.jpg 48w\" sizes=\"(max-width: 694px) 100vw, 694px\" \/>\t\t\t\t\t\t\t\t\t\t\t\t\t\t\t<\/div>\n\t\t\t\t<\/div>\n\t\t\t\t<div class=\"elementor-element elementor-element-04aff24 elementor-widget elementor-widget-text-editor\" data-id=\"04aff24\" data-element_type=\"widget\" data-widget_type=\"text-editor.default\">\n\t\t\t\t<div class=\"elementor-widget-container\">\n\t\t\t\t\t\t\t\t\t<p style=\"text-align: center;\">Carta de condu\u00e7\u00e3o<\/p>\t\t\t\t\t\t\t\t<\/div>\n\t\t\t\t<\/div>\n\t\t\t\t\t<\/div>\n\t\t<\/div>\n\t\t\t\t<div class=\"elementor-column elementor-col-50 elementor-top-column elementor-element elementor-element-e531f2e\" data-id=\"e531f2e\" data-element_type=\"column\">\n\t\t\t<div class=\"elementor-widget-wrap elementor-element-populated\">\n\t\t\t\t\t\t<div class=\"elementor-element elementor-element-cb7b0bb elementor-widget elementor-widget-text-editor\" data-id=\"cb7b0bb\" data-element_type=\"widget\" data-widget_type=\"text-editor.default\">\n\t\t\t\t<div class=\"elementor-widget-container\">\n\t\t\t\t\t\t\t\t\t<h3 class=\"mbr-section-title mbr-fonts-style mb-3 display-5\"><strong>Porque \u00e9 que os munic\u00edpios s\u00e3o importantes para todas as pessoas que neles vivem?<\/strong><\/h3><p class=\"mbr-text mbr-fonts-style display-7\"><strong>O que \u00e9 que se tem numa assembleia municipal?<br \/><\/strong>Papelada: para eventos da vida:<br \/>Registar o nascimento de um beb\u00e9.<br \/>Arranjar documentos para o casamento.<br \/>Comunicar a morte de algu\u00e9m.<br \/><br \/><strong>Obter licen\u00e7as:<br \/><\/strong>Obter autoriza\u00e7\u00e3o para construir ou alterar uma casa.<br \/>Iniciar um neg\u00f3cio.<br \/>Organizar grandes eventos ou festas em locais p\u00fablicos.<br \/><br \/><strong>Quest\u00f5es de dinheiro:<br \/><\/strong>Pagar impostos sobre a sua casa ou propriedade.<br \/>Criar ou pagar servi\u00e7os municipais como a \u00e1gua ou a recolha de lixo.<br \/><br \/><strong>Fazer perguntas ou queixas:<br \/><\/strong>Falar de problemas ou fazer perguntas sobre os servi\u00e7os municipais.<br \/><br \/>Assim, uma c\u00e2mara municipal \u00e9 um local onde as pessoas podem fazer muitas coisas relacionadas com a cidade onde vivem.<\/p>\t\t\t\t\t\t\t\t<\/div>\n\t\t\t\t<\/div>\n\t\t\t\t\t<\/div>\n\t\t<\/div>\n\t\t\t\t\t<\/div>\n\t\t<\/section>\n\t\t\t\t<section class=\"elementor-section elementor-top-section elementor-element elementor-element-311e16a elementor-reverse-tablet elementor-reverse-mobile elementor-section-boxed elementor-section-height-default elementor-section-height-default\" data-id=\"311e16a\" data-element_type=\"section\">\n\t\t\t\t\t\t<div class=\"elementor-container elementor-column-gap-default\">\n\t\t\t\t\t<div class=\"elementor-column elementor-col-50 elementor-top-column elementor-element elementor-element-092da81\" data-id=\"092da81\" data-element_type=\"column\">\n\t\t\t<div class=\"elementor-widget-wrap elementor-element-populated\">\n\t\t\t\t\t\t<div class=\"elementor-element elementor-element-7789889 elementor-widget elementor-widget-text-editor\" data-id=\"7789889\" data-element_type=\"widget\" data-widget_type=\"text-editor.default\">\n\t\t\t\t<div class=\"elementor-widget-container\">\n\t\t\t\t\t\t\t\t\t<h3 class=\"mbr-section-title mbr-fonts-style mb-3 display-5\"><strong>Porque \u00e9 que os munic\u00edpios s\u00e3o importantes para si (1)\u00a0<\/strong><\/h3><p class=\"mbr-text mbr-fonts-style display-7\">Nos Pa\u00edses Baixos, os munic\u00edpios (gemeenten) desempenham um papel crucial na vida quotidiana dos residentes, incluindo os refugiados, os statushouders (refugiados a quem foi concedido o estatuto de asilo) e os imigrantes que trabalham. Eis porque \u00e9 que os munic\u00edpios s\u00e3o especialmente importantes para estes grupos:<br \/><br \/><strong>Refugiados<\/strong>:<br \/><strong>Alojamento:\u00a0<\/strong>Ao receberem uma autoriza\u00e7\u00e3o de resid\u00eancia, os refugiados s\u00e3o alojados num determinado munic\u00edpio. Os munic\u00edpios s\u00e3o respons\u00e1veis pela disponibiliza\u00e7\u00e3o de alojamento adequado para um determinado n\u00famero de refugiados, proporcional \u00e0 sua popula\u00e7\u00e3o.<br \/><strong>Cursos de integra\u00e7\u00e3o:\u00a0<\/strong>As autarquias facilitam ou supervisionam frequentemente os cursos de integra\u00e7\u00e3o, que ajudam os refugiados a aprender a l\u00edngua, a cultura e a sociedade neerlandesas.<br \/><strong>Apoio social:\u00a0<\/strong>Os munic\u00edpios oferecem v\u00e1rios servi\u00e7os sociais, desde apoio psicol\u00f3gico a ajuda nas tarefas quotidianas, ajudando os refugiados a adaptarem-se ao seu novo ambiente.<br \/><br \/><strong>Statushouders (refugiados com estatuto de asilo):<\/strong><br \/><strong>Requisito de integra\u00e7\u00e3o:\u00a0<\/strong>Os \"statushouders\" t\u00eam de se integrar na sociedade holandesa. Os munic\u00edpios orientam-nos ao longo deste processo, assegurando que frequentam os cursos necess\u00e1rios e cumprem outros requisitos.<br \/><strong>Emprego e educa\u00e7\u00e3o:<\/strong>\u00a0As autarquias ajudam os ap\u00e1tridas a encontrar emprego ou oportunidades de forma\u00e7\u00e3o, estabelecendo frequentemente contactos com empresas locais, escolas e centros de forma\u00e7\u00e3o profissional.<br \/><strong>Assist\u00eancia financeira:<\/strong>\u00a0As pessoas que n\u00e3o podem sustentar-se imediatamente podem receber assist\u00eancia financeira, gerida a n\u00edvel municipal.<\/p>\t\t\t\t\t\t\t\t<\/div>\n\t\t\t\t<\/div>\n\t\t\t\t\t<\/div>\n\t\t<\/div>\n\t\t\t\t<div class=\"elementor-column elementor-col-50 elementor-top-column elementor-element elementor-element-b6b32b9\" data-id=\"b6b32b9\" data-element_type=\"column\">\n\t\t\t<div class=\"elementor-widget-wrap elementor-element-populated\">\n\t\t\t\t\t\t<div class=\"elementor-element elementor-element-600b574 elementor-widget elementor-widget-image\" data-id=\"600b574\" data-element_type=\"widget\" data-widget_type=\"image.default\">\n\t\t\t\t<div class=\"elementor-widget-container\">\n\t\t\t\t\t\t\t\t\t\t\t\t\t\t\t<img decoding=\"async\" width=\"660\" height=\"1000\" src=\"https:\/\/mijn-lo.nl\/wp-content\/uploads\/2024\/02\/woningen4-660x1000-1.webp\" class=\"attachment-large size-large wp-image-4855\" alt=\"\" srcset=\"https:\/\/mijn-lo.nl\/wp-content\/uploads\/2024\/02\/woningen4-660x1000-1.webp 660w, https:\/\/mijn-lo.nl\/wp-content\/uploads\/2024\/02\/woningen4-660x1000-1-198x300.webp 198w, https:\/\/mijn-lo.nl\/wp-content\/uploads\/2024\/02\/woningen4-660x1000-1-8x12.webp 8w, https:\/\/mijn-lo.nl\/wp-content\/uploads\/2024\/02\/woningen4-660x1000-1-16x24.webp 16w, https:\/\/mijn-lo.nl\/wp-content\/uploads\/2024\/02\/woningen4-660x1000-1-24x36.webp 24w, https:\/\/mijn-lo.nl\/wp-content\/uploads\/2024\/02\/woningen4-660x1000-1-32x48.webp 32w\" sizes=\"(max-width: 660px) 100vw, 660px\" \/>\t\t\t\t\t\t\t\t\t\t\t\t\t\t\t<\/div>\n\t\t\t\t<\/div>\n\t\t\t\t<div class=\"elementor-element elementor-element-0ddf208 elementor-widget elementor-widget-text-editor\" data-id=\"0ddf208\" data-element_type=\"widget\" data-widget_type=\"text-editor.default\">\n\t\t\t\t<div class=\"elementor-widget-container\">\n\t\t\t\t\t\t\t\t\t<p style=\"text-align: center;\">Habita\u00e7\u00e3o<\/p>\t\t\t\t\t\t\t\t<\/div>\n\t\t\t\t<\/div>\n\t\t\t\t\t<\/div>\n\t\t<\/div>\n\t\t\t\t\t<\/div>\n\t\t<\/section>\n\t\t\t\t<section class=\"elementor-section elementor-top-section elementor-element elementor-element-853250f elementor-section-boxed elementor-section-height-default elementor-section-height-default\" data-id=\"853250f\" data-element_type=\"section\">\n\t\t\t\t\t\t<div class=\"elementor-container elementor-column-gap-default\">\n\t\t\t\t\t<div class=\"elementor-column elementor-col-50 elementor-top-column elementor-element elementor-element-f947750\" data-id=\"f947750\" data-element_type=\"column\">\n\t\t\t<div class=\"elementor-widget-wrap elementor-element-populated\">\n\t\t\t\t\t\t<div class=\"elementor-element elementor-element-7bba9c0 elementor-widget elementor-widget-image\" data-id=\"7bba9c0\" data-element_type=\"widget\" data-widget_type=\"image.default\">\n\t\t\t\t<div class=\"elementor-widget-container\">\n\t\t\t\t\t\t\t\t\t\t\t\t\t\t\t<img loading=\"lazy\" decoding=\"async\" width=\"750\" height=\"563\" src=\"https:\/\/mijn-lo.nl\/wp-content\/uploads\/2024\/02\/loket-750x563-1.webp\" class=\"attachment-large size-large wp-image-4856\" alt=\"\" srcset=\"https:\/\/mijn-lo.nl\/wp-content\/uploads\/2024\/02\/loket-750x563-1.webp 750w, https:\/\/mijn-lo.nl\/wp-content\/uploads\/2024\/02\/loket-750x563-1-300x225.webp 300w, https:\/\/mijn-lo.nl\/wp-content\/uploads\/2024\/02\/loket-750x563-1-16x12.webp 16w, https:\/\/mijn-lo.nl\/wp-content\/uploads\/2024\/02\/loket-750x563-1-24x18.webp 24w, https:\/\/mijn-lo.nl\/wp-content\/uploads\/2024\/02\/loket-750x563-1-36x27.webp 36w, https:\/\/mijn-lo.nl\/wp-content\/uploads\/2024\/02\/loket-750x563-1-48x36.webp 48w\" sizes=\"(max-width: 750px) 100vw, 750px\" \/>\t\t\t\t\t\t\t\t\t\t\t\t\t\t\t<\/div>\n\t\t\t\t<\/div>\n\t\t\t\t<div class=\"elementor-element elementor-element-25fb557 elementor-widget elementor-widget-text-editor\" data-id=\"25fb557\" data-element_type=\"widget\" data-widget_type=\"text-editor.default\">\n\t\t\t\t<div class=\"elementor-widget-container\">\n\t\t\t\t\t\t\t\t\t<p style=\"text-align: center;\">Servi\u00e7os municipais<\/p>\t\t\t\t\t\t\t\t<\/div>\n\t\t\t\t<\/div>\n\t\t\t\t\t<\/div>\n\t\t<\/div>\n\t\t\t\t<div class=\"elementor-column elementor-col-50 elementor-top-column elementor-element elementor-element-8db01a1\" data-id=\"8db01a1\" data-element_type=\"column\">\n\t\t\t<div class=\"elementor-widget-wrap elementor-element-populated\">\n\t\t\t\t\t\t<div class=\"elementor-element elementor-element-eb35863 elementor-widget elementor-widget-text-editor\" data-id=\"eb35863\" data-element_type=\"widget\" data-widget_type=\"text-editor.default\">\n\t\t\t\t<div class=\"elementor-widget-container\">\n\t\t\t\t\t\t\t\t\t<h3 class=\"mbr-section-title mbr-fonts-style mb-3 display-5\"><strong>Porque \u00e9 que os munic\u00edpios s\u00e3o importantes para si (2)\u00a0<\/strong><\/h3><p class=\"mbr-text mbr-fonts-style display-7\"><strong>Imigrantes do trabalho:<br \/>Autoriza\u00e7\u00f5es de resid\u00eancia e de trabalho:<\/strong>\u00a0Enquanto o governo nacional se encarrega destas autoriza\u00e7\u00f5es, os munic\u00edpios fornecem o registo local essencial e outros processos administrativos de que os imigrantes necessitam.<br \/><strong>Servi\u00e7os locais:<\/strong>\u00a0Os imigrantes do trabalho, tal como todos os residentes, beneficiam dos servi\u00e7os municipais, desde os transportes p\u00fablicos aos cuidados de sa\u00fade. Compreender e navegar nestes servi\u00e7os \u00e9 essencial para o seu bem-estar e para uma integra\u00e7\u00e3o bem sucedida.<\/p><p><strong>Integra\u00e7\u00e3o comunit\u00e1ria:\u00a0<\/strong>As autarquias organizam frequentemente eventos, workshops ou sess\u00f5es de informa\u00e7\u00e3o dirigidas \u00e0 comunidade imigrante, para que esta se sinta bem-vinda e se integre na comunidade local.<\/p><p>Essencialmente, enquanto o governo nacional define as pol\u00edticas gerais, s\u00e3o os munic\u00edpios que implementam muitos dos aspectos pr\u00e1ticos dessas pol\u00edticas, o que os torna vitais para a integra\u00e7\u00e3o bem sucedida e o bem-estar dos refugiados, dos ap\u00e1tridas e dos imigrantes de trabalho.<\/p>\t\t\t\t\t\t\t\t<\/div>\n\t\t\t\t<\/div>\n\t\t\t\t\t<\/div>\n\t\t<\/div>\n\t\t\t\t\t<\/div>\n\t\t<\/section>\n\t\t\t\t<section class=\"elementor-section elementor-top-section elementor-element elementor-element-2edcca1 elementor-section-boxed elementor-section-height-default elementor-section-height-default\" data-id=\"2edcca1\" data-element_type=\"section\">\n\t\t\t\t\t\t<div class=\"elementor-container elementor-column-gap-default\">\n\t\t\t\t\t<div class=\"elementor-column elementor-col-100 elementor-top-column elementor-element elementor-element-75349f87\" data-id=\"75349f87\" data-element_type=\"column\">\n\t\t\t<div class=\"elementor-widget-wrap elementor-element-populated\">\n\t\t\t\t\t\t<div class=\"elementor-element elementor-element-2d2d0e50 elementor-align-center elementor-widget elementor-widget-button\" data-id=\"2d2d0e50\" data-element_type=\"widget\" data-widget_type=\"button.default\">\n\t\t\t\t<div class=\"elementor-widget-container\">\n\t\t\t\t\t\t\t\t\t<div class=\"elementor-button-wrapper\">\n\t\t\t\t\t<a class=\"elementor-button elementor-button-link elementor-size-sm\" href=\"https:\/\/mijn-lo.nl\/pt\/politics\/voting\/\">\n\t\t\t\t\t\t<span class=\"elementor-button-content-wrapper\">\n\t\t\t\t\t\t\t\t\t<span class=\"elementor-button-text\">continuar<\/span>\n\t\t\t\t\t<\/span>\n\t\t\t\t\t<\/a>\n\t\t\t\t<\/div>\n\t\t\t\t\t\t\t\t<\/div>\n\t\t\t\t<\/div>\n\t\t\t\t\t<\/div>\n\t\t<\/div>\n\t\t\t\t\t<\/div>\n\t\t<\/section>\n\t\t\t\t<\/div>","protected":false},"excerpt":{"rendered":"<p>The provinces and the municipalities The information you provided is mostly accurate, but there is a significant error: The Netherlands does not have just 2 provinces; it has 12 provinces. Let me correct the text for you: ProvinceThe Netherlands has 12 provinces. In lesson 1, we introduced these regions. Each region is ruled by Provincial [&hellip;]<\/p>\n","protected":false},"author":1,"featured_media":0,"parent":3371,"menu_order":2,"comment_status":"closed","ping_status":"closed","template":"elementor_canvas","meta":{"site-sidebar-layout":"no-sidebar","site-content-layout":"page-builder","ast-site-content-layout":"full-width-container","site-content-style":"default","site-sidebar-style":"default","ast-global-header-display":"","ast-banner-title-visibility":"","ast-main-header-display":"","ast-hfb-above-header-display":"","ast-hfb-below-header-display":"","ast-hfb-mobile-header-display":"","site-post-title":"disabled","ast-breadcrumbs-content":"","ast-featured-img":"disabled","footer-sml-layout":"","theme-transparent-header-meta":"","adv-header-id-meta":"","stick-header-meta":"","header-above-stick-meta":"","header-main-stick-meta":"","header-below-stick-meta":"","astra-migrate-meta-layouts":"set","ast-page-background-enabled":"default","ast-page-background-meta":{"desktop":{"background-color":"var(--ast-global-color-4)","background-image":"","background-repeat":"repeat","background-position":"center center","background-size":"auto","background-attachment":"scroll","background-type":"","background-media":"","overlay-type":"","overlay-color":"","overlay-opacity":"","overlay-gradient":""},"tablet":{"background-color":"","background-image":"","background-repeat":"repeat","background-position":"center center","background-size":"auto","background-attachment":"scroll","background-type":"","background-media":"","overlay-type":"","overlay-color":"","overlay-opacity":"","overlay-gradient":""},"mobile":{"background-color":"","background-image":"","background-repeat":"repeat","background-position":"center center","background-size":"auto","background-attachment":"scroll","background-type":"","background-media":"","overlay-type":"","overlay-color":"","overlay-opacity":"","overlay-gradient":""}},"ast-content-background-meta":{"desktop":{"background-color":"var(--ast-global-color-5)","background-image":"","background-repeat":"repeat","background-position":"center center","background-size":"auto","background-attachment":"scroll","background-type":"","background-media":"","overlay-type":"","overlay-color":"","overlay-opacity":"","overlay-gradient":""},"tablet":{"background-color":"var(--ast-global-color-5)","background-image":"","background-repeat":"repeat","background-position":"center center","background-size":"auto","background-attachment":"scroll","background-type":"","background-media":"","overlay-type":"","overlay-color":"","overlay-opacity":"","overlay-gradient":""},"mobile":{"background-color":"var(--ast-global-color-5)","background-image":"","background-repeat":"repeat","background-position":"center center","background-size":"auto","background-attachment":"scroll","background-type":"","background-media":"","overlay-type":"","overlay-color":"","overlay-opacity":"","overlay-gradient":""}},"footnotes":""},"class_list":["post-4902","page","type-page","status-publish","hentry"],"_links":{"self":[{"href":"https:\/\/mijn-lo.nl\/pt\/wp-json\/wp\/v2\/pages\/4902","targetHints":{"allow":["GET"]}}],"collection":[{"href":"https:\/\/mijn-lo.nl\/pt\/wp-json\/wp\/v2\/pages"}],"about":[{"href":"https:\/\/mijn-lo.nl\/pt\/wp-json\/wp\/v2\/types\/page"}],"author":[{"embeddable":true,"href":"https:\/\/mijn-lo.nl\/pt\/wp-json\/wp\/v2\/users\/1"}],"replies":[{"embeddable":true,"href":"https:\/\/mijn-lo.nl\/pt\/wp-json\/wp\/v2\/comments?post=4902"}],"version-history":[{"count":7,"href":"https:\/\/mijn-lo.nl\/pt\/wp-json\/wp\/v2\/pages\/4902\/revisions"}],"predecessor-version":[{"id":6343,"href":"https:\/\/mijn-lo.nl\/pt\/wp-json\/wp\/v2\/pages\/4902\/revisions\/6343"}],"up":[{"embeddable":true,"href":"https:\/\/mijn-lo.nl\/pt\/wp-json\/wp\/v2\/pages\/3371"}],"wp:attachment":[{"href":"https:\/\/mijn-lo.nl\/pt\/wp-json\/wp\/v2\/media?parent=4902"}],"curies":[{"name":"wp","href":"https:\/\/api.w.org\/{rel}","templated":true}]}}