{"id":4904,"date":"2024-02-09T15:46:50","date_gmt":"2024-02-09T15:46:50","guid":{"rendered":"http:\/\/mijn-lo.nl\/?page_id=4904"},"modified":"2025-08-19T17:42:57","modified_gmt":"2025-08-19T17:42:57","slug":"voting","status":"publish","type":"page","link":"https:\/\/mijn-lo.nl\/pt\/politics\/voting\/","title":{"rendered":"Vota\u00e7\u00e3o"},"content":{"rendered":"<div data-elementor-type=\"wp-page\" data-elementor-id=\"4904\" class=\"elementor elementor-4904\" data-elementor-post-type=\"page\">\n\t\t\t\t\t\t<section class=\"elementor-section elementor-top-section elementor-element elementor-element-4d3fa3d elementor-reverse-tablet elementor-reverse-mobile elementor-section-boxed elementor-section-height-default elementor-section-height-default\" data-id=\"4d3fa3d\" data-element_type=\"section\">\n\t\t\t\t\t\t<div class=\"elementor-container elementor-column-gap-default\">\n\t\t\t\t\t<div class=\"elementor-column elementor-col-50 elementor-top-column elementor-element elementor-element-fcf9551\" data-id=\"fcf9551\" data-element_type=\"column\">\n\t\t\t<div class=\"elementor-widget-wrap elementor-element-populated\">\n\t\t\t\t\t\t<div class=\"elementor-element elementor-element-db8dc4d elementor-widget elementor-widget-text-editor\" data-id=\"db8dc4d\" data-element_type=\"widget\" data-widget_type=\"text-editor.default\">\n\t\t\t\t<div class=\"elementor-widget-container\">\n\t\t\t\t\t\t\t\t\t<h3 class=\"mbr-section-title mbr-fonts-style mb-3 display-5\"><strong>Vota\u00e7\u00e3o<\/strong><\/h3><p class=\"mbr-text mbr-fonts-style display-7\"><strong>Exemplos de partidos pol\u00edticos:<br \/><\/strong>- VVD: liberdade para todos, melhor economia, trabalho para todos.<br \/>- PVV: menos estrangeiros, menos coopera\u00e7\u00e3o com a Europa.<br \/>- CDA: a fam\u00edlia \u00e9 importante, a f\u00e9 crist\u00e3.<br \/>- BBB: a meio e um pouco para a direita. Originalmente fundada por agricultores;<br \/>- Novo Contrato Social: rumo a uma nova estrutura para<br \/>- D66: a democracia \u00e9 importante, a educa\u00e7\u00e3o \u00e9 importante.<br \/>- BBB: Boeren-Burgers-Bewegen: uma festa popular origin\u00e1ria dos agricultores.<br \/>- GroenLinks: o ambiente \u00e9 importante, os ricos t\u00eam de pagar mais impostos, a igualdade de oportunidades.<br \/>- SP: o governo deve cuidar bem dos pobres e dos doentes, menos coopera\u00e7\u00e3o com a Europa.<br \/>- PvdA: pessoas ricas e pobres mais iguais, pessoas ricas t\u00eam de pagar mais impostos, educa\u00e7\u00e3o.<br \/>- CU: regras da B\u00edblia, contra o aborto, o ambiente e a fam\u00edlia s\u00e3o importantes, cuidar dos pobres.<br \/>- Festa para os animais: os animais e o ambiente s\u00e3o importantes.<br \/>- 50Plus: cuidar bem dos idosos.<br \/>- SGP: Crist\u00e3o, temos de viver de acordo com a B\u00edblia.<br \/>- PENSAMENTO: todos t\u00eam os mesmos direitos (especialmente os turcos e os marroquinos votam a favor).<\/p><p><strong>Partidos de esquerda\u00a0<\/strong>querem reduzir a diferen\u00e7a entre ricos e pobres. Os ricos t\u00eam de pagar mais impostos. O governo deve cuidar das pessoas pobres, os benef\u00edcios devem ser mais elevados.<br \/><strong>Partidos de direita<\/strong>\u00a0acreditam que as pessoas devem cuidar de si pr\u00f3prias e que os ricos n\u00e3o devem pagar muitos impostos.<br \/><strong>Progressivo:<\/strong>\u00a0significa que a sociedade tem de mudar.<br \/><strong>Conservador:<\/strong>\u00a0significa que n\u00e3o \u00e9 preciso mudar muita coisa.<\/p>\t\t\t\t\t\t\t\t<\/div>\n\t\t\t\t<\/div>\n\t\t\t\t\t<\/div>\n\t\t<\/div>\n\t\t\t\t<div class=\"elementor-column elementor-col-50 elementor-top-column elementor-element elementor-element-fb8883b\" data-id=\"fb8883b\" data-element_type=\"column\">\n\t\t\t<div class=\"elementor-widget-wrap elementor-element-populated\">\n\t\t\t\t\t\t<div class=\"elementor-element elementor-element-0a1b385 elementor-widget elementor-widget-image\" data-id=\"0a1b385\" data-element_type=\"widget\" data-widget_type=\"image.default\">\n\t\t\t\t<div class=\"elementor-widget-container\">\n\t\t\t\t\t\t\t\t\t\t\t\t\t\t\t<img fetchpriority=\"high\" decoding=\"async\" width=\"478\" height=\"603\" src=\"https:\/\/mijn-lo.nl\/wp-content\/uploads\/2024\/02\/kiezen-478x603-1.webp\" class=\"attachment-large size-large wp-image-4857\" alt=\"\" srcset=\"https:\/\/mijn-lo.nl\/wp-content\/uploads\/2024\/02\/kiezen-478x603-1.webp 478w, https:\/\/mijn-lo.nl\/wp-content\/uploads\/2024\/02\/kiezen-478x603-1-238x300.webp 238w, https:\/\/mijn-lo.nl\/wp-content\/uploads\/2024\/02\/kiezen-478x603-1-10x12.webp 10w, https:\/\/mijn-lo.nl\/wp-content\/uploads\/2024\/02\/kiezen-478x603-1-19x24.webp 19w, https:\/\/mijn-lo.nl\/wp-content\/uploads\/2024\/02\/kiezen-478x603-1-29x36.webp 29w, https:\/\/mijn-lo.nl\/wp-content\/uploads\/2024\/02\/kiezen-478x603-1-38x48.webp 38w\" sizes=\"(max-width: 478px) 100vw, 478px\" \/>\t\t\t\t\t\t\t\t\t\t\t\t\t\t\t<\/div>\n\t\t\t\t<\/div>\n\t\t\t\t<div class=\"elementor-element elementor-element-488cc37 elementor-widget elementor-widget-text-editor\" data-id=\"488cc37\" data-element_type=\"widget\" data-widget_type=\"text-editor.default\">\n\t\t\t\t<div class=\"elementor-widget-container\">\n\t\t\t\t\t\t\t\t\t<p style=\"text-align: center;\">Vota\u00e7\u00e3o<\/p>\t\t\t\t\t\t\t\t<\/div>\n\t\t\t\t<\/div>\n\t\t\t\t\t<\/div>\n\t\t<\/div>\n\t\t\t\t\t<\/div>\n\t\t<\/section>\n\t\t\t\t<section class=\"elementor-section elementor-top-section elementor-element elementor-element-eb6bef8 elementor-section-boxed elementor-section-height-default elementor-section-height-default\" data-id=\"eb6bef8\" data-element_type=\"section\">\n\t\t\t\t\t\t<div class=\"elementor-container elementor-column-gap-default\">\n\t\t\t\t\t<div class=\"elementor-column elementor-col-50 elementor-top-column elementor-element elementor-element-f92d88a\" data-id=\"f92d88a\" data-element_type=\"column\">\n\t\t\t<div class=\"elementor-widget-wrap elementor-element-populated\">\n\t\t\t\t\t\t<div class=\"elementor-element elementor-element-44af40a elementor-widget elementor-widget-image\" data-id=\"44af40a\" data-element_type=\"widget\" data-widget_type=\"image.default\">\n\t\t\t\t<div class=\"elementor-widget-container\">\n\t\t\t\t\t\t\t\t\t\t\t\t\t\t\t<img decoding=\"async\" width=\"750\" height=\"499\" src=\"https:\/\/mijn-lo.nl\/wp-content\/uploads\/2024\/02\/kiezen6-750x499-1.webp\" class=\"attachment-large size-large wp-image-4858\" alt=\"\" srcset=\"https:\/\/mijn-lo.nl\/wp-content\/uploads\/2024\/02\/kiezen6-750x499-1.webp 750w, https:\/\/mijn-lo.nl\/wp-content\/uploads\/2024\/02\/kiezen6-750x499-1-300x200.webp 300w, https:\/\/mijn-lo.nl\/wp-content\/uploads\/2024\/02\/kiezen6-750x499-1-18x12.webp 18w, https:\/\/mijn-lo.nl\/wp-content\/uploads\/2024\/02\/kiezen6-750x499-1-24x16.webp 24w, https:\/\/mijn-lo.nl\/wp-content\/uploads\/2024\/02\/kiezen6-750x499-1-36x24.webp 36w, https:\/\/mijn-lo.nl\/wp-content\/uploads\/2024\/02\/kiezen6-750x499-1-48x32.webp 48w\" sizes=\"(max-width: 750px) 100vw, 750px\" \/>\t\t\t\t\t\t\t\t\t\t\t\t\t\t\t<\/div>\n\t\t\t\t<\/div>\n\t\t\t\t<div class=\"elementor-element elementor-element-0fb6b56 elementor-widget elementor-widget-text-editor\" data-id=\"0fb6b56\" data-element_type=\"widget\" data-widget_type=\"text-editor.default\">\n\t\t\t\t<div class=\"elementor-widget-container\">\n\t\t\t\t\t\t\t\t\t<p style=\"text-align: center;\">Vota\u00e7\u00e3o<\/p>\t\t\t\t\t\t\t\t<\/div>\n\t\t\t\t<\/div>\n\t\t\t\t\t<\/div>\n\t\t<\/div>\n\t\t\t\t<div class=\"elementor-column elementor-col-50 elementor-top-column elementor-element elementor-element-7ec25a6\" data-id=\"7ec25a6\" data-element_type=\"column\">\n\t\t\t<div class=\"elementor-widget-wrap elementor-element-populated\">\n\t\t\t\t\t\t<div class=\"elementor-element elementor-element-89f35ff elementor-widget elementor-widget-text-editor\" data-id=\"89f35ff\" data-element_type=\"widget\" data-widget_type=\"text-editor.default\">\n\t\t\t\t<div class=\"elementor-widget-container\">\n\t\t\t\t\t\t\t\t\t<h3>Frequ\u00eancia<\/h3><ul><li>1x no 4 ano para : Parlamento (150 ministros a eleger) (nacionalidade NL, 18+)<\/li><li>1x nos 4 anos anteriores: Estados Provinciais em todas as prov\u00edncias (nacionalidade NL, 18+)<\/li><li>1 vez no 4\u00ba ano anterior: C\u00e2mara Municipal (todos os residentes da autarquia local com mais de 18 anos, ou 5 anos nos Pa\u00edses Baixos)<\/li><li>1x no 4 ano para : Autoridade da \u00e1gua (pessoas que se ocupam de manter a \u00e1gua nos Pa\u00edses Baixos)<\/li><li>1x nos 5 anos anteriores: Uni\u00e3o Europeia (residente na UE de nacionalidade europeia, 18+)<\/li><\/ul>\t\t\t\t\t\t\t\t<\/div>\n\t\t\t\t<\/div>\n\t\t\t\t\t<\/div>\n\t\t<\/div>\n\t\t\t\t\t<\/div>\n\t\t<\/section>\n\t\t\t\t<section class=\"elementor-section elementor-top-section elementor-element elementor-element-2edcca1 elementor-section-boxed elementor-section-height-default elementor-section-height-default\" data-id=\"2edcca1\" data-element_type=\"section\">\n\t\t\t\t\t\t<div class=\"elementor-container elementor-column-gap-default\">\n\t\t\t\t\t<div class=\"elementor-column elementor-col-100 elementor-top-column elementor-element elementor-element-75349f87\" data-id=\"75349f87\" data-element_type=\"column\">\n\t\t\t<div class=\"elementor-widget-wrap elementor-element-populated\">\n\t\t\t\t\t\t<div class=\"elementor-element elementor-element-2d2d0e50 elementor-align-center elementor-widget elementor-widget-button\" data-id=\"2d2d0e50\" data-element_type=\"widget\" data-widget_type=\"button.default\">\n\t\t\t\t<div class=\"elementor-widget-container\">\n\t\t\t\t\t\t\t\t\t<div class=\"elementor-button-wrapper\">\n\t\t\t\t\t<a class=\"elementor-button elementor-button-link elementor-size-sm\" href=\"https:\/\/mijn-lo.nl\/pt\/politics\/test-10\/\">\n\t\t\t\t\t\t<span class=\"elementor-button-content-wrapper\">\n\t\t\t\t\t\t\t\t\t<span class=\"elementor-button-text\">continuar<\/span>\n\t\t\t\t\t<\/span>\n\t\t\t\t\t<\/a>\n\t\t\t\t<\/div>\n\t\t\t\t\t\t\t\t<\/div>\n\t\t\t\t<\/div>\n\t\t\t\t\t<\/div>\n\t\t<\/div>\n\t\t\t\t\t<\/div>\n\t\t<\/section>\n\t\t\t\t<\/div>","protected":false},"excerpt":{"rendered":"<p>Voting Examples of political parties:\u2022 VVD: freedom for everyone, better economy, work for everyone.\u2022 PVV: fewer foreigners, less cooperation with Europe.\u2022 CDA: family is important, Christian faith.\u2022 BBB: mid and a little bit to the right. Originally founded by farmers;\u2022 Nieuw Sociaal Contract: aiming at a new structure for\u2022 D66: democracy is important, education is [&hellip;]<\/p>\n","protected":false},"author":1,"featured_media":0,"parent":3371,"menu_order":3,"comment_status":"closed","ping_status":"closed","template":"elementor_canvas","meta":{"site-sidebar-layout":"no-sidebar","site-content-layout":"page-builder","ast-site-content-layout":"full-width-container","site-content-style":"default","site-sidebar-style":"default","ast-global-header-display":"","ast-banner-title-visibility":"","ast-main-header-display":"","ast-hfb-above-header-display":"","ast-hfb-below-header-display":"","ast-hfb-mobile-header-display":"","site-post-title":"disabled","ast-breadcrumbs-content":"","ast-featured-img":"disabled","footer-sml-layout":"","theme-transparent-header-meta":"","adv-header-id-meta":"","stick-header-meta":"","header-above-stick-meta":"","header-main-stick-meta":"","header-below-stick-meta":"","astra-migrate-meta-layouts":"set","ast-page-background-enabled":"default","ast-page-background-meta":{"desktop":{"background-color":"var(--ast-global-color-4)","background-image":"","background-repeat":"repeat","background-position":"center center","background-size":"auto","background-attachment":"scroll","background-type":"","background-media":"","overlay-type":"","overlay-color":"","overlay-opacity":"","overlay-gradient":""},"tablet":{"background-color":"","background-image":"","background-repeat":"repeat","background-position":"center center","background-size":"auto","background-attachment":"scroll","background-type":"","background-media":"","overlay-type":"","overlay-color":"","overlay-opacity":"","overlay-gradient":""},"mobile":{"background-color":"","background-image":"","background-repeat":"repeat","background-position":"center center","background-size":"auto","background-attachment":"scroll","background-type":"","background-media":"","overlay-type":"","overlay-color":"","overlay-opacity":"","overlay-gradient":""}},"ast-content-background-meta":{"desktop":{"background-color":"var(--ast-global-color-5)","background-image":"","background-repeat":"repeat","background-position":"center center","background-size":"auto","background-attachment":"scroll","background-type":"","background-media":"","overlay-type":"","overlay-color":"","overlay-opacity":"","overlay-gradient":""},"tablet":{"background-color":"var(--ast-global-color-5)","background-image":"","background-repeat":"repeat","background-position":"center center","background-size":"auto","background-attachment":"scroll","background-type":"","background-media":"","overlay-type":"","overlay-color":"","overlay-opacity":"","overlay-gradient":""},"mobile":{"background-color":"var(--ast-global-color-5)","background-image":"","background-repeat":"repeat","background-position":"center center","background-size":"auto","background-attachment":"scroll","background-type":"","background-media":"","overlay-type":"","overlay-color":"","overlay-opacity":"","overlay-gradient":""}},"footnotes":""},"class_list":["post-4904","page","type-page","status-publish","hentry"],"_links":{"self":[{"href":"https:\/\/mijn-lo.nl\/pt\/wp-json\/wp\/v2\/pages\/4904","targetHints":{"allow":["GET"]}}],"collection":[{"href":"https:\/\/mijn-lo.nl\/pt\/wp-json\/wp\/v2\/pages"}],"about":[{"href":"https:\/\/mijn-lo.nl\/pt\/wp-json\/wp\/v2\/types\/page"}],"author":[{"embeddable":true,"href":"https:\/\/mijn-lo.nl\/pt\/wp-json\/wp\/v2\/users\/1"}],"replies":[{"embeddable":true,"href":"https:\/\/mijn-lo.nl\/pt\/wp-json\/wp\/v2\/comments?post=4904"}],"version-history":[{"count":13,"href":"https:\/\/mijn-lo.nl\/pt\/wp-json\/wp\/v2\/pages\/4904\/revisions"}],"predecessor-version":[{"id":6346,"href":"https:\/\/mijn-lo.nl\/pt\/wp-json\/wp\/v2\/pages\/4904\/revisions\/6346"}],"up":[{"embeddable":true,"href":"https:\/\/mijn-lo.nl\/pt\/wp-json\/wp\/v2\/pages\/3371"}],"wp:attachment":[{"href":"https:\/\/mijn-lo.nl\/pt\/wp-json\/wp\/v2\/media?parent=4904"}],"curies":[{"name":"wp","href":"https:\/\/api.w.org\/{rel}","templated":true}]}}