{"id":5355,"date":"2024-02-13T14:25:47","date_gmt":"2024-02-13T14:25:47","guid":{"rendered":"http:\/\/mijn-lo.nl\/?page_id=5355"},"modified":"2025-08-19T17:37:38","modified_gmt":"2025-08-19T17:37:38","slug":"to-get-a-job","status":"publish","type":"page","link":"https:\/\/mijn-lo.nl\/pt\/work\/to-get-a-job\/","title":{"rendered":"Para conseguir um emprego"},"content":{"rendered":"<div data-elementor-type=\"wp-page\" data-elementor-id=\"5355\" class=\"elementor elementor-5355\" data-elementor-post-type=\"page\">\n\t\t\t\t\t\t<section class=\"elementor-section elementor-top-section elementor-element elementor-element-6d1bc34 elementor-reverse-tablet elementor-reverse-mobile elementor-section-boxed elementor-section-height-default elementor-section-height-default\" data-id=\"6d1bc34\" data-element_type=\"section\">\n\t\t\t\t\t\t<div class=\"elementor-container elementor-column-gap-default\">\n\t\t\t\t\t<div class=\"elementor-column elementor-col-50 elementor-top-column elementor-element elementor-element-3623a85\" data-id=\"3623a85\" data-element_type=\"column\">\n\t\t\t<div class=\"elementor-widget-wrap elementor-element-populated\">\n\t\t\t\t\t\t<div class=\"elementor-element elementor-element-ccfa1df elementor-widget elementor-widget-text-editor\" data-id=\"ccfa1df\" data-element_type=\"widget\" data-widget_type=\"text-editor.default\">\n\t\t\t\t<div class=\"elementor-widget-container\">\n\t\t\t\t\t\t\t\t\t<h3 class=\"mbr-section-title mbr-fonts-style mb-3 display-5\"><strong>Express\u00f5es para indicar tipos de trabalho:<\/strong><\/h3><p class=\"mbr-text mbr-fonts-style display-7\">Muitas pessoas com idades compreendidas entre os 15 e os 67,5 anos exercem uma atividade profissional. Com cerca de 67,5 anos, pode reformar-se.<br \/>- Trabalho volunt\u00e1rio: trabalho sem sal\u00e1rio, mas bom para ganhar experi\u00eancia. Por exemplo, ajudar os refugiados.<br \/>- Trabalho tempor\u00e1rio: trabalho por um curto per\u00edodo de tempo com um sal\u00e1rio.<br \/>- Trabalho permanente: um emprego permanente com um sal\u00e1rio por um per\u00edodo mais longo.<br \/>- Trabalho flex\u00edvel: trabalho tempor\u00e1rio que nunca se torna um emprego permanente (atrav\u00e9s de uma ag\u00eancia de emprego).<br \/>- Empresa pr\u00f3pria: n\u00e3o trabalha para um patr\u00e3o, mas \u00e9 um empres\u00e1rio independente (por exemplo, numa loja).<br \/>- Trabalho clandestino: trabalhar sem pagar impostos, o que \u00e9 proibido.<br \/>- Tempo parcial: trabalhar menos do que uma semana inteira, por exemplo, 2 ou 3 dias.<br \/>- A tempo inteiro: trabalhar durante uma semana inteira.<br \/>- Hor\u00e1rio de trabalho regular: trabalhar \u00e0 mesma hora todos os dias.<br \/>- Hor\u00e1rios de trabalho irregulares: trabalho a horas diferentes, por vezes \u00e0 noite, de manh\u00e3 ou ao fim do dia.<br \/>- Empregador: o patr\u00e3o que paga o sal\u00e1rio.<br \/>- Empregado: a pessoa que trabalha para a entidade patronal e recebe um sal\u00e1rio.<\/p>\t\t\t\t\t\t\t\t<\/div>\n\t\t\t\t<\/div>\n\t\t\t\t\t<\/div>\n\t\t<\/div>\n\t\t\t\t<div class=\"elementor-column elementor-col-50 elementor-top-column elementor-element elementor-element-192f551\" data-id=\"192f551\" data-element_type=\"column\">\n\t\t\t<div class=\"elementor-widget-wrap elementor-element-populated\">\n\t\t\t\t\t\t<div class=\"elementor-element elementor-element-03f252e elementor-widget elementor-widget-image\" data-id=\"03f252e\" data-element_type=\"widget\" data-widget_type=\"image.default\">\n\t\t\t\t<div class=\"elementor-widget-container\">\n\t\t\t\t\t\t\t\t\t\t\t\t\t\t\t<img fetchpriority=\"high\" decoding=\"async\" width=\"704\" height=\"750\" src=\"https:\/\/mijn-lo.nl\/wp-content\/uploads\/2024\/02\/jobs1-704x750-1.webp\" class=\"attachment-large size-large wp-image-4575\" alt=\"\" srcset=\"https:\/\/mijn-lo.nl\/wp-content\/uploads\/2024\/02\/jobs1-704x750-1.webp 704w, https:\/\/mijn-lo.nl\/wp-content\/uploads\/2024\/02\/jobs1-704x750-1-282x300.webp 282w, https:\/\/mijn-lo.nl\/wp-content\/uploads\/2024\/02\/jobs1-704x750-1-11x12.webp 11w, https:\/\/mijn-lo.nl\/wp-content\/uploads\/2024\/02\/jobs1-704x750-1-34x36.webp 34w, https:\/\/mijn-lo.nl\/wp-content\/uploads\/2024\/02\/jobs1-704x750-1-45x48.webp 45w\" sizes=\"(max-width: 704px) 100vw, 704px\" \/>\t\t\t\t\t\t\t\t\t\t\t\t\t\t\t<\/div>\n\t\t\t\t<\/div>\n\t\t\t\t\t<\/div>\n\t\t<\/div>\n\t\t\t\t\t<\/div>\n\t\t<\/section>\n\t\t\t\t<section class=\"elementor-section elementor-top-section elementor-element elementor-element-e9a6043 elementor-section-boxed elementor-section-height-default elementor-section-height-default\" data-id=\"e9a6043\" data-element_type=\"section\">\n\t\t\t\t\t\t<div class=\"elementor-container elementor-column-gap-default\">\n\t\t\t\t\t<div class=\"elementor-column elementor-col-50 elementor-top-column elementor-element elementor-element-8e5e8dd\" data-id=\"8e5e8dd\" data-element_type=\"column\">\n\t\t\t<div class=\"elementor-widget-wrap elementor-element-populated\">\n\t\t\t\t\t\t<div class=\"elementor-element elementor-element-9aedc1b elementor-widget elementor-widget-image\" data-id=\"9aedc1b\" data-element_type=\"widget\" data-widget_type=\"image.default\">\n\t\t\t\t<div class=\"elementor-widget-container\">\n\t\t\t\t\t\t\t\t\t\t\t\t\t\t\t<img decoding=\"async\" width=\"752\" height=\"655\" src=\"https:\/\/mijn-lo.nl\/wp-content\/uploads\/2024\/02\/jobsearch-752x655-1.webp\" class=\"attachment-large size-large wp-image-4583\" alt=\"\" srcset=\"https:\/\/mijn-lo.nl\/wp-content\/uploads\/2024\/02\/jobsearch-752x655-1.webp 752w, https:\/\/mijn-lo.nl\/wp-content\/uploads\/2024\/02\/jobsearch-752x655-1-300x261.webp 300w, https:\/\/mijn-lo.nl\/wp-content\/uploads\/2024\/02\/jobsearch-752x655-1-14x12.webp 14w, https:\/\/mijn-lo.nl\/wp-content\/uploads\/2024\/02\/jobsearch-752x655-1-24x21.webp 24w, https:\/\/mijn-lo.nl\/wp-content\/uploads\/2024\/02\/jobsearch-752x655-1-36x31.webp 36w, https:\/\/mijn-lo.nl\/wp-content\/uploads\/2024\/02\/jobsearch-752x655-1-48x42.webp 48w\" sizes=\"(max-width: 752px) 100vw, 752px\" \/>\t\t\t\t\t\t\t\t\t\t\t\t\t\t\t<\/div>\n\t\t\t\t<\/div>\n\t\t\t\t\t<\/div>\n\t\t<\/div>\n\t\t\t\t<div class=\"elementor-column elementor-col-50 elementor-top-column elementor-element elementor-element-ad83f1b\" data-id=\"ad83f1b\" data-element_type=\"column\">\n\t\t\t<div class=\"elementor-widget-wrap elementor-element-populated\">\n\t\t\t\t\t\t<div class=\"elementor-element elementor-element-ce21131 elementor-widget elementor-widget-text-editor\" data-id=\"ce21131\" data-element_type=\"widget\" data-widget_type=\"text-editor.default\">\n\t\t\t\t<div class=\"elementor-widget-container\">\n\t\t\t\t\t\t\t\t\t<h3 class=\"mbr-section-title mbr-fonts-style mb-3 display-5\"><strong>Para conseguir um emprego<\/strong><\/h3><p>Candidatar-se significa tentar obter um emprego. N\u00e3o se pode candidatar a todos os empregos. \u00c9 preciso ter em conta o trabalho que se gosta, os diplomas que se tem, o n\u00famero de horas que se quer trabalhar e quanto se quer ganhar.<br \/><br \/>Muitas pessoas trabalham no sector dos servi\u00e7os (= faz-se algo para outras pessoas).<br \/>- Cuidados e assist\u00eancia social: creche, lar de idosos, assist\u00eancia a deficientes, m\u00e9dico.<br \/>- T\u00e9cnica: mec\u00e2nico de autom\u00f3veis. \u00c9 claro que precisa de certificados especiais para demonstrar as suas compet\u00eancias<br \/>- Constru\u00e7\u00e3o: pintor, carpinteiro, estucador.<br \/>- Restaura\u00e7\u00e3o: restaurante, caf\u00e9.<br \/>- Com\u00e9rcio e transportes: loja, snack-bar, motorista de autocarro, motorista de t\u00e1xi.<br \/>- Administrativa e de seguran\u00e7a: guarda de seguran\u00e7a, secret\u00e1ria.<br \/>- Setor verde: jardineiro, agricultor. Neste sector, encontramos muitos trabalhadores provenientes da UE, como os trabalhadores da Pol\u00f3nia e da Rom\u00e9nia.<\/p>\t\t\t\t\t\t\t\t<\/div>\n\t\t\t\t<\/div>\n\t\t\t\t\t<\/div>\n\t\t<\/div>\n\t\t\t\t\t<\/div>\n\t\t<\/section>\n\t\t\t\t<section class=\"elementor-section elementor-top-section elementor-element elementor-element-f3da63f elementor-reverse-tablet elementor-reverse-mobile elementor-section-boxed elementor-section-height-default elementor-section-height-default\" data-id=\"f3da63f\" data-element_type=\"section\">\n\t\t\t\t\t\t<div class=\"elementor-container elementor-column-gap-default\">\n\t\t\t\t\t<div class=\"elementor-column elementor-col-50 elementor-top-column elementor-element elementor-element-02860a7\" data-id=\"02860a7\" data-element_type=\"column\">\n\t\t\t<div class=\"elementor-widget-wrap elementor-element-populated\">\n\t\t\t\t\t\t<div class=\"elementor-element elementor-element-c1d4860 elementor-widget elementor-widget-text-editor\" data-id=\"c1d4860\" data-element_type=\"widget\" data-widget_type=\"text-editor.default\">\n\t\t\t\t<div class=\"elementor-widget-container\">\n\t\t\t\t\t\t\t\t\t<h3 class=\"mbr-section-title mbr-fonts-style mb-3 display-5\"><strong>UWV<\/strong><\/h3><p class=\"mbr-text mbr-fonts-style display-7\">Se est\u00e1 \u00e0 procura de emprego, \u00e9 um candidato a emprego. Desempregado significa que n\u00e3o tem emprego. Nos Pa\u00edses Baixos, se estiver desempregado, deve registar-se no UWV no prazo de alguns dias. O UWV concede-lhe uma presta\u00e7\u00e3o (dinheiro se n\u00e3o tiver trabalho). Tamb\u00e9m recebe um orientador profissional (algu\u00e9m que o ajuda a procurar emprego). Um orientador de trabalho atrav\u00e9s do UWV pode indicar-lhe que tem de ir para uma empresa de reintegra\u00e7\u00e3o (que d\u00e1 cursos e onde pode fazer um est\u00e1gio para ganhar experi\u00eancia).<br \/><br \/><strong>Uma presta\u00e7\u00e3o = apoio extra em termos de dinheiro<br \/><\/strong>Requerer um subs\u00eddio no UWV. Receber\u00e1 o subs\u00eddio de desemprego se estiver desempregado e tiver trabalhado durante mais de seis meses. Por vezes, as pessoas est\u00e3o incapacitadas para o trabalho (n\u00e3o podem trabalhar devido a problemas de sa\u00fade). Estas pessoas recebem uma presta\u00e7\u00e3o WIA.<br \/>As presta\u00e7\u00f5es de assist\u00eancia social destinam-se a pessoas que n\u00e3o podem candidatar-se a presta\u00e7\u00f5es e que n\u00e3o t\u00eam dinheiro suficiente para viver. N\u00e3o se trata de muito dinheiro e pode ser dif\u00edcil fazer face \u00e0s despesas.\u00a0<\/p>\t\t\t\t\t\t\t\t<\/div>\n\t\t\t\t<\/div>\n\t\t\t\t\t<\/div>\n\t\t<\/div>\n\t\t\t\t<div class=\"elementor-column elementor-col-50 elementor-top-column elementor-element elementor-element-fc1ff83\" data-id=\"fc1ff83\" data-element_type=\"column\">\n\t\t\t<div class=\"elementor-widget-wrap elementor-element-populated\">\n\t\t\t\t\t\t<div class=\"elementor-element elementor-element-c64e3d9 elementor-widget elementor-widget-image\" data-id=\"c64e3d9\" data-element_type=\"widget\" data-widget_type=\"image.default\">\n\t\t\t\t<div class=\"elementor-widget-container\">\n\t\t\t\t\t\t\t\t\t\t\t\t\t\t\t<img decoding=\"async\" width=\"661\" height=\"654\" src=\"https:\/\/mijn-lo.nl\/wp-content\/uploads\/2024\/02\/uwv2-661x654-1.webp\" class=\"attachment-large size-large wp-image-4585\" alt=\"\" srcset=\"https:\/\/mijn-lo.nl\/wp-content\/uploads\/2024\/02\/uwv2-661x654-1.webp 661w, https:\/\/mijn-lo.nl\/wp-content\/uploads\/2024\/02\/uwv2-661x654-1-300x297.webp 300w, https:\/\/mijn-lo.nl\/wp-content\/uploads\/2024\/02\/uwv2-661x654-1-12x12.webp 12w, https:\/\/mijn-lo.nl\/wp-content\/uploads\/2024\/02\/uwv2-661x654-1-24x24.webp 24w, https:\/\/mijn-lo.nl\/wp-content\/uploads\/2024\/02\/uwv2-661x654-1-36x36.webp 36w, https:\/\/mijn-lo.nl\/wp-content\/uploads\/2024\/02\/uwv2-661x654-1-48x48.webp 48w\" sizes=\"(max-width: 661px) 100vw, 661px\" \/>\t\t\t\t\t\t\t\t\t\t\t\t\t\t\t<\/div>\n\t\t\t\t<\/div>\n\t\t\t\t\t<\/div>\n\t\t<\/div>\n\t\t\t\t\t<\/div>\n\t\t<\/section>\n\t\t\t\t<section class=\"elementor-section elementor-top-section elementor-element elementor-element-21c66c4 elementor-section-boxed elementor-section-height-default elementor-section-height-default\" data-id=\"21c66c4\" data-element_type=\"section\">\n\t\t\t\t\t\t<div class=\"elementor-container elementor-column-gap-default\">\n\t\t\t\t\t<div class=\"elementor-column elementor-col-50 elementor-top-column elementor-element elementor-element-60e1a44\" data-id=\"60e1a44\" data-element_type=\"column\">\n\t\t\t<div class=\"elementor-widget-wrap elementor-element-populated\">\n\t\t\t\t\t\t<div class=\"elementor-element elementor-element-f6c5e96 elementor-widget elementor-widget-image\" data-id=\"f6c5e96\" data-element_type=\"widget\" data-widget_type=\"image.default\">\n\t\t\t\t<div class=\"elementor-widget-container\">\n\t\t\t\t\t\t\t\t\t\t\t\t\t\t\t<img loading=\"lazy\" decoding=\"async\" width=\"750\" height=\"518\" src=\"https:\/\/mijn-lo.nl\/wp-content\/uploads\/2024\/02\/uitzendbureau-750x518-1.webp\" class=\"attachment-large size-large wp-image-4586\" alt=\"\" srcset=\"https:\/\/mijn-lo.nl\/wp-content\/uploads\/2024\/02\/uitzendbureau-750x518-1.webp 750w, https:\/\/mijn-lo.nl\/wp-content\/uploads\/2024\/02\/uitzendbureau-750x518-1-300x207.webp 300w, https:\/\/mijn-lo.nl\/wp-content\/uploads\/2024\/02\/uitzendbureau-750x518-1-18x12.webp 18w, https:\/\/mijn-lo.nl\/wp-content\/uploads\/2024\/02\/uitzendbureau-750x518-1-24x17.webp 24w, https:\/\/mijn-lo.nl\/wp-content\/uploads\/2024\/02\/uitzendbureau-750x518-1-36x25.webp 36w, https:\/\/mijn-lo.nl\/wp-content\/uploads\/2024\/02\/uitzendbureau-750x518-1-48x33.webp 48w\" sizes=\"(max-width: 750px) 100vw, 750px\" \/>\t\t\t\t\t\t\t\t\t\t\t\t\t\t\t<\/div>\n\t\t\t\t<\/div>\n\t\t\t\t<div class=\"elementor-element elementor-element-04aff24 elementor-widget elementor-widget-text-editor\" data-id=\"04aff24\" data-element_type=\"widget\" data-widget_type=\"text-editor.default\">\n\t\t\t\t<div class=\"elementor-widget-container\">\n\t\t\t\t\t\t\t\t\t<p style=\"text-align: center;\">Ag\u00eancia de emprego<\/p>\t\t\t\t\t\t\t\t<\/div>\n\t\t\t\t<\/div>\n\t\t\t\t\t<\/div>\n\t\t<\/div>\n\t\t\t\t<div class=\"elementor-column elementor-col-50 elementor-top-column elementor-element elementor-element-e531f2e\" data-id=\"e531f2e\" data-element_type=\"column\">\n\t\t\t<div class=\"elementor-widget-wrap elementor-element-populated\">\n\t\t\t\t\t\t<div class=\"elementor-element elementor-element-cb7b0bb elementor-widget elementor-widget-text-editor\" data-id=\"cb7b0bb\" data-element_type=\"widget\" data-widget_type=\"text-editor.default\">\n\t\t\t\t<div class=\"elementor-widget-container\">\n\t\t\t\t\t\t\t\t\t<h3 class=\"mbr-section-title mbr-fonts-style mb-3 display-5\"><strong>Ag\u00eancias de emprego<\/strong><\/h3><p class=\"mbr-text mbr-fonts-style display-7\">Uma ag\u00eancia de emprego procura trabalho para si, muitas vezes tempor\u00e1rio, sal\u00e1rio atrav\u00e9s de uma ag\u00eancia de emprego. Uma vaga ou um an\u00fancio indica o cargo, as tarefas, os requisitos do emprego (diplomas, experi\u00eancia, n\u00edvel), o hor\u00e1rio de trabalho, quantas horas, em que dias, o nome da empresa com o endere\u00e7o e o n\u00famero de telefone e a data em que se deve candidatar. Por vezes, o sal\u00e1rio tamb\u00e9m \u00e9 mencionado.<br \/><br \/>Antes de se candidatar, pode pedir informa\u00e7\u00f5es \u00e0 empresa para ter a certeza de que gosta realmente do emprego. O CV \u00e9 um documento que cont\u00e9m informa\u00e7\u00f5es sobre si (nome, morada, diplomas, experi\u00eancia profissional). Escreve uma carta de apresenta\u00e7\u00e3o para nos dizer porque \u00e9 que queres o emprego (incluindo o curr\u00edculo).<\/p>\t\t\t\t\t\t\t\t<\/div>\n\t\t\t\t<\/div>\n\t\t\t\t\t<\/div>\n\t\t<\/div>\n\t\t\t\t\t<\/div>\n\t\t<\/section>\n\t\t\t\t<section class=\"elementor-section elementor-top-section elementor-element elementor-element-311e16a elementor-reverse-tablet elementor-reverse-mobile elementor-section-boxed elementor-section-height-default elementor-section-height-default\" data-id=\"311e16a\" data-element_type=\"section\">\n\t\t\t\t\t\t<div class=\"elementor-container elementor-column-gap-default\">\n\t\t\t\t\t<div class=\"elementor-column elementor-col-50 elementor-top-column elementor-element elementor-element-092da81\" data-id=\"092da81\" data-element_type=\"column\">\n\t\t\t<div class=\"elementor-widget-wrap elementor-element-populated\">\n\t\t\t\t\t\t<div class=\"elementor-element elementor-element-7789889 elementor-widget elementor-widget-text-editor\" data-id=\"7789889\" data-element_type=\"widget\" data-widget_type=\"text-editor.default\">\n\t\t\t\t<div class=\"elementor-widget-container\">\n\t\t\t\t\t\t\t\t\t<h3 class=\"mbr-section-title mbr-fonts-style mb-3 display-5\"><strong>Entrevista de emprego<\/strong><\/h3><p class=\"mbr-text mbr-fonts-style display-7\"><br \/>Uma entrevista de emprego \u00e9 uma conversa para ver se consegue o emprego. A conversa \u00e9 importante!<br \/>\u00c9 preciso preparar-se bem (o que \u00e9 que quer perguntar?).<br \/>- D\u00ea um aperto de m\u00e3o quando entrar, apresente-se (\"Sou o Malek\").<br \/>- \u00c9 favor usar roupa elegante (sem bon\u00e9).<br \/>- Chegar a horas!<br \/>- Tenha aten\u00e7\u00e3o \u00e0 sua linguagem corporal (olhe as pessoas nos olhos, sente-se direito).<br \/><br \/>Passos para conseguir um emprego:<br \/>1. Est\u00e1 \u00e0 procura de vagas.<br \/>2. Est\u00e1 \u00e0 procura de informa\u00e7\u00f5es sobre uma empresa a partir da vaga.<br \/>3. Envia o teu curr\u00edculo e a tua carta de apresenta\u00e7\u00e3o.<br \/>4. Vais \u00e0 entrevista de emprego.<br \/>5. Saber\u00e1s se conseguires o emprego.<br \/>6. Assina o contrato.<br \/>7. Come\u00e7a-se pelo trabalho!<\/p>\t\t\t\t\t\t\t\t<\/div>\n\t\t\t\t<\/div>\n\t\t\t\t\t<\/div>\n\t\t<\/div>\n\t\t\t\t<div class=\"elementor-column elementor-col-50 elementor-top-column elementor-element elementor-element-b6b32b9\" data-id=\"b6b32b9\" data-element_type=\"column\">\n\t\t\t<div class=\"elementor-widget-wrap elementor-element-populated\">\n\t\t\t\t\t\t<div class=\"elementor-element elementor-element-600b574 elementor-widget elementor-widget-image\" data-id=\"600b574\" data-element_type=\"widget\" data-widget_type=\"image.default\">\n\t\t\t\t<div class=\"elementor-widget-container\">\n\t\t\t\t\t\t\t\t\t\t\t\t\t\t\t<img loading=\"lazy\" decoding=\"async\" width=\"667\" height=\"874\" src=\"https:\/\/mijn-lo.nl\/wp-content\/uploads\/2024\/02\/application-1-667x874-1.webp\" class=\"attachment-large size-large wp-image-4587\" alt=\"\" srcset=\"https:\/\/mijn-lo.nl\/wp-content\/uploads\/2024\/02\/application-1-667x874-1.webp 667w, https:\/\/mijn-lo.nl\/wp-content\/uploads\/2024\/02\/application-1-667x874-1-229x300.webp 229w, https:\/\/mijn-lo.nl\/wp-content\/uploads\/2024\/02\/application-1-667x874-1-9x12.webp 9w, https:\/\/mijn-lo.nl\/wp-content\/uploads\/2024\/02\/application-1-667x874-1-18x24.webp 18w, https:\/\/mijn-lo.nl\/wp-content\/uploads\/2024\/02\/application-1-667x874-1-27x36.webp 27w, https:\/\/mijn-lo.nl\/wp-content\/uploads\/2024\/02\/application-1-667x874-1-37x48.webp 37w\" sizes=\"(max-width: 667px) 100vw, 667px\" \/>\t\t\t\t\t\t\t\t\t\t\t\t\t\t\t<\/div>\n\t\t\t\t<\/div>\n\t\t\t\t<div class=\"elementor-element elementor-element-cafad67 elementor-widget elementor-widget-text-editor\" data-id=\"cafad67\" data-element_type=\"widget\" data-widget_type=\"text-editor.default\">\n\t\t\t\t<div class=\"elementor-widget-container\">\n\t\t\t\t\t\t\t\t\t<p style=\"text-align: center;\">Entrevista de emprego<\/p>\t\t\t\t\t\t\t\t<\/div>\n\t\t\t\t<\/div>\n\t\t\t\t\t<\/div>\n\t\t<\/div>\n\t\t\t\t\t<\/div>\n\t\t<\/section>\n\t\t\t\t<section class=\"elementor-section elementor-top-section elementor-element elementor-element-2edcca1 elementor-section-boxed elementor-section-height-default elementor-section-height-default\" data-id=\"2edcca1\" data-element_type=\"section\">\n\t\t\t\t\t\t<div class=\"elementor-container elementor-column-gap-default\">\n\t\t\t\t\t<div class=\"elementor-column elementor-col-100 elementor-top-column elementor-element elementor-element-75349f87\" data-id=\"75349f87\" data-element_type=\"column\">\n\t\t\t<div class=\"elementor-widget-wrap elementor-element-populated\">\n\t\t\t\t\t\t<div class=\"elementor-element elementor-element-2d2d0e50 elementor-align-center elementor-widget elementor-widget-button\" data-id=\"2d2d0e50\" data-element_type=\"widget\" data-widget_type=\"button.default\">\n\t\t\t\t<div class=\"elementor-widget-container\">\n\t\t\t\t\t\t\t\t\t<div class=\"elementor-button-wrapper\">\n\t\t\t\t\t<a class=\"elementor-button elementor-button-link elementor-size-sm\" href=\"https:\/\/mijn-lo.nl\/pt\/work\/contract-and-cao\/\">\n\t\t\t\t\t\t<span class=\"elementor-button-content-wrapper\">\n\t\t\t\t\t\t\t\t\t<span class=\"elementor-button-text\">continuar<\/span>\n\t\t\t\t\t<\/span>\n\t\t\t\t\t<\/a>\n\t\t\t\t<\/div>\n\t\t\t\t\t\t\t\t<\/div>\n\t\t\t\t<\/div>\n\t\t\t\t\t<\/div>\n\t\t<\/div>\n\t\t\t\t\t<\/div>\n\t\t<\/section>\n\t\t\t\t<\/div>","protected":false},"excerpt":{"rendered":"<p>Expressions to indicate types of work: Many people between the ages of 15 and 67,5 are employed. At the age of about 67,5 you can retire.\u2022 Volunteer work: work without salary, but good for experience. For instance helping refugees.\u2022 Temporary work: work for a short period with a salary.\u2022 Permanent work: a permanent job with [&hellip;]<\/p>\n","protected":false},"author":1,"featured_media":0,"parent":3364,"menu_order":3,"comment_status":"closed","ping_status":"closed","template":"elementor_canvas","meta":{"site-sidebar-layout":"no-sidebar","site-content-layout":"page-builder","ast-site-content-layout":"full-width-container","site-content-style":"default","site-sidebar-style":"default","ast-global-header-display":"","ast-banner-title-visibility":"","ast-main-header-display":"","ast-hfb-above-header-display":"","ast-hfb-below-header-display":"","ast-hfb-mobile-header-display":"","site-post-title":"disabled","ast-breadcrumbs-content":"","ast-featured-img":"disabled","footer-sml-layout":"","theme-transparent-header-meta":"","adv-header-id-meta":"","stick-header-meta":"","header-above-stick-meta":"","header-main-stick-meta":"","header-below-stick-meta":"","astra-migrate-meta-layouts":"set","ast-page-background-enabled":"default","ast-page-background-meta":{"desktop":{"background-color":"var(--ast-global-color-4)","background-image":"","background-repeat":"repeat","background-position":"center center","background-size":"auto","background-attachment":"scroll","background-type":"","background-media":"","overlay-type":"","overlay-color":"","overlay-opacity":"","overlay-gradient":""},"tablet":{"background-color":"","background-image":"","background-repeat":"repeat","background-position":"center center","background-size":"auto","background-attachment":"scroll","background-type":"","background-media":"","overlay-type":"","overlay-color":"","overlay-opacity":"","overlay-gradient":""},"mobile":{"background-color":"","background-image":"","background-repeat":"repeat","background-position":"center center","background-size":"auto","background-attachment":"scroll","background-type":"","background-media":"","overlay-type":"","overlay-color":"","overlay-opacity":"","overlay-gradient":""}},"ast-content-background-meta":{"desktop":{"background-color":"var(--ast-global-color-5)","background-image":"","background-repeat":"repeat","background-position":"center center","background-size":"auto","background-attachment":"scroll","background-type":"","background-media":"","overlay-type":"","overlay-color":"","overlay-opacity":"","overlay-gradient":""},"tablet":{"background-color":"var(--ast-global-color-5)","background-image":"","background-repeat":"repeat","background-position":"center center","background-size":"auto","background-attachment":"scroll","background-type":"","background-media":"","overlay-type":"","overlay-color":"","overlay-opacity":"","overlay-gradient":""},"mobile":{"background-color":"var(--ast-global-color-5)","background-image":"","background-repeat":"repeat","background-position":"center center","background-size":"auto","background-attachment":"scroll","background-type":"","background-media":"","overlay-type":"","overlay-color":"","overlay-opacity":"","overlay-gradient":""}},"footnotes":""},"class_list":["post-5355","page","type-page","status-publish","hentry"],"_links":{"self":[{"href":"https:\/\/mijn-lo.nl\/pt\/wp-json\/wp\/v2\/pages\/5355","targetHints":{"allow":["GET"]}}],"collection":[{"href":"https:\/\/mijn-lo.nl\/pt\/wp-json\/wp\/v2\/pages"}],"about":[{"href":"https:\/\/mijn-lo.nl\/pt\/wp-json\/wp\/v2\/types\/page"}],"author":[{"embeddable":true,"href":"https:\/\/mijn-lo.nl\/pt\/wp-json\/wp\/v2\/users\/1"}],"replies":[{"embeddable":true,"href":"https:\/\/mijn-lo.nl\/pt\/wp-json\/wp\/v2\/comments?post=5355"}],"version-history":[{"count":13,"href":"https:\/\/mijn-lo.nl\/pt\/wp-json\/wp\/v2\/pages\/5355\/revisions"}],"predecessor-version":[{"id":6310,"href":"https:\/\/mijn-lo.nl\/pt\/wp-json\/wp\/v2\/pages\/5355\/revisions\/6310"}],"up":[{"embeddable":true,"href":"https:\/\/mijn-lo.nl\/pt\/wp-json\/wp\/v2\/pages\/3364"}],"wp:attachment":[{"href":"https:\/\/mijn-lo.nl\/pt\/wp-json\/wp\/v2\/media?parent=5355"}],"curies":[{"name":"wp","href":"https:\/\/api.w.org\/{rel}","templated":true}]}}