{"id":5357,"date":"2024-02-13T14:26:11","date_gmt":"2024-02-13T14:26:11","guid":{"rendered":"http:\/\/mijn-lo.nl\/?page_id=5357"},"modified":"2025-08-19T17:38:00","modified_gmt":"2025-08-19T17:38:00","slug":"contract-and-cao","status":"publish","type":"page","link":"https:\/\/mijn-lo.nl\/pt\/work\/contract-and-cao\/","title":{"rendered":"Contrato e CAO"},"content":{"rendered":"<div data-elementor-type=\"wp-page\" data-elementor-id=\"5357\" class=\"elementor elementor-5357\" data-elementor-post-type=\"page\">\n\t\t\t\t\t\t<section class=\"elementor-section elementor-top-section elementor-element elementor-element-853250f elementor-reverse-tablet elementor-reverse-mobile elementor-section-boxed elementor-section-height-default elementor-section-height-default\" data-id=\"853250f\" data-element_type=\"section\">\n\t\t\t\t\t\t<div class=\"elementor-container elementor-column-gap-default\">\n\t\t\t\t\t<div class=\"elementor-column elementor-col-50 elementor-top-column elementor-element elementor-element-8db01a1\" data-id=\"8db01a1\" data-element_type=\"column\">\n\t\t\t<div class=\"elementor-widget-wrap elementor-element-populated\">\n\t\t\t\t\t\t<div class=\"elementor-element elementor-element-eb35863 elementor-widget elementor-widget-text-editor\" data-id=\"eb35863\" data-element_type=\"widget\" data-widget_type=\"text-editor.default\">\n\t\t\t\t<div class=\"elementor-widget-container\">\n\t\t\t\t\t\t\t\t\t<h3 class=\"mbr-section-title mbr-fonts-style mb-3 display-5\"><strong>Contrato e CAO<\/strong><\/h3><p class=\"mbr-text mbr-fonts-style display-7\"><strong>Contrato<br \/><\/strong>Se tiver encontrado trabalho, receber\u00e1 um contrato. Este cont\u00e9m as condi\u00e7\u00f5es de emprego (= acordos sobre o trabalho). Quantas horas trabalha por semana, qual o seu sal\u00e1rio, se tem um per\u00edodo de est\u00e1gio, que f\u00e9rias tem e quando come\u00e7a a trabalhar. Per\u00edodo de est\u00e1gio = experimentar o trabalho. Pode ent\u00e3o demitir-se todos os dias (deixar de trabalhar) ou ser despedido (tem de deixar de trabalhar).<br \/><br \/><strong>CAO<\/strong><br \/>O CAO \u00e9 um acordo que se aplica a grandes grupos<br \/>A conven\u00e7\u00e3o colectiva de trabalho cont\u00e9m acordos entre todos os empregadores e trabalhadores de um sector. O trabalhador tem direitos (o que recebe do patr\u00e3o) e deveres (o que tem de fazer no seu trabalho).<\/p>\t\t\t\t\t\t\t\t<\/div>\n\t\t\t\t<\/div>\n\t\t\t\t\t<\/div>\n\t\t<\/div>\n\t\t\t\t<div class=\"elementor-column elementor-col-50 elementor-top-column elementor-element elementor-element-f947750\" data-id=\"f947750\" data-element_type=\"column\">\n\t\t\t<div class=\"elementor-widget-wrap elementor-element-populated\">\n\t\t\t\t\t\t<div class=\"elementor-element elementor-element-7bba9c0 elementor-widget elementor-widget-image\" data-id=\"7bba9c0\" data-element_type=\"widget\" data-widget_type=\"image.default\">\n\t\t\t\t<div class=\"elementor-widget-container\">\n\t\t\t\t\t\t\t\t\t\t\t\t\t\t\t<img fetchpriority=\"high\" decoding=\"async\" width=\"750\" height=\"457\" src=\"https:\/\/mijn-lo.nl\/wp-content\/uploads\/2024\/02\/contract5-750x457-1-1.webp\" class=\"attachment-large size-large wp-image-5328\" alt=\"\" srcset=\"https:\/\/mijn-lo.nl\/wp-content\/uploads\/2024\/02\/contract5-750x457-1-1.webp 750w, https:\/\/mijn-lo.nl\/wp-content\/uploads\/2024\/02\/contract5-750x457-1-1-300x183.webp 300w, https:\/\/mijn-lo.nl\/wp-content\/uploads\/2024\/02\/contract5-750x457-1-1-18x12.webp 18w, https:\/\/mijn-lo.nl\/wp-content\/uploads\/2024\/02\/contract5-750x457-1-1-24x15.webp 24w, https:\/\/mijn-lo.nl\/wp-content\/uploads\/2024\/02\/contract5-750x457-1-1-36x22.webp 36w, https:\/\/mijn-lo.nl\/wp-content\/uploads\/2024\/02\/contract5-750x457-1-1-48x29.webp 48w\" sizes=\"(max-width: 750px) 100vw, 750px\" \/>\t\t\t\t\t\t\t\t\t\t\t\t\t\t\t<\/div>\n\t\t\t\t<\/div>\n\t\t\t\t\t<\/div>\n\t\t<\/div>\n\t\t\t\t\t<\/div>\n\t\t<\/section>\n\t\t\t\t<section class=\"elementor-section elementor-top-section elementor-element elementor-element-fab18fa elementor-section-boxed elementor-section-height-default elementor-section-height-default\" data-id=\"fab18fa\" data-element_type=\"section\">\n\t\t\t\t\t\t<div class=\"elementor-container elementor-column-gap-default\">\n\t\t\t\t\t<div class=\"elementor-column elementor-col-50 elementor-top-column elementor-element elementor-element-443cf3b\" data-id=\"443cf3b\" data-element_type=\"column\">\n\t\t\t<div class=\"elementor-widget-wrap elementor-element-populated\">\n\t\t\t\t\t\t<div class=\"elementor-element elementor-element-69d2c7a elementor-widget elementor-widget-image\" data-id=\"69d2c7a\" data-element_type=\"widget\" data-widget_type=\"image.default\">\n\t\t\t\t<div class=\"elementor-widget-container\">\n\t\t\t\t\t\t\t\t\t\t\t\t\t\t\t<img decoding=\"async\" width=\"632\" height=\"1000\" src=\"https:\/\/mijn-lo.nl\/wp-content\/uploads\/2024\/02\/bonden-632x1000-1.webp\" class=\"attachment-large size-large wp-image-5343\" alt=\"\" srcset=\"https:\/\/mijn-lo.nl\/wp-content\/uploads\/2024\/02\/bonden-632x1000-1.webp 632w, https:\/\/mijn-lo.nl\/wp-content\/uploads\/2024\/02\/bonden-632x1000-1-190x300.webp 190w, https:\/\/mijn-lo.nl\/wp-content\/uploads\/2024\/02\/bonden-632x1000-1-8x12.webp 8w, https:\/\/mijn-lo.nl\/wp-content\/uploads\/2024\/02\/bonden-632x1000-1-15x24.webp 15w, https:\/\/mijn-lo.nl\/wp-content\/uploads\/2024\/02\/bonden-632x1000-1-23x36.webp 23w, https:\/\/mijn-lo.nl\/wp-content\/uploads\/2024\/02\/bonden-632x1000-1-30x48.webp 30w\" sizes=\"(max-width: 632px) 100vw, 632px\" \/>\t\t\t\t\t\t\t\t\t\t\t\t\t\t\t<\/div>\n\t\t\t\t<\/div>\n\t\t\t\t<div class=\"elementor-element elementor-element-0ea2c44 elementor-widget elementor-widget-text-editor\" data-id=\"0ea2c44\" data-element_type=\"widget\" data-widget_type=\"text-editor.default\">\n\t\t\t\t<div class=\"elementor-widget-container\">\n\t\t\t\t\t\t\t\t\t<p style=\"text-align: center;\">Sindicatos<\/p>\t\t\t\t\t\t\t\t<\/div>\n\t\t\t\t<\/div>\n\t\t\t\t\t<\/div>\n\t\t<\/div>\n\t\t\t\t<div class=\"elementor-column elementor-col-50 elementor-top-column elementor-element elementor-element-54b5fe6\" data-id=\"54b5fe6\" data-element_type=\"column\">\n\t\t\t<div class=\"elementor-widget-wrap elementor-element-populated\">\n\t\t\t\t\t\t<div class=\"elementor-element elementor-element-904c4f9 elementor-widget elementor-widget-text-editor\" data-id=\"904c4f9\" data-element_type=\"widget\" data-widget_type=\"text-editor.default\">\n\t\t\t\t<div class=\"elementor-widget-container\">\n\t\t\t\t\t\t\t\t\t<h3 class=\"mbr-section-title mbr-fonts-style mb-3 display-5\"><strong>Os sindicatos nos Pa\u00edses Baixos<\/strong><\/h3><p class=\"mbr-text mbr-fonts-style display-7\">Os Pa\u00edses Baixos t\u00eam v\u00e1rios sindicatos importantes, mas destacam-se tr\u00eas grandes actores:<br \/><br \/><strong>1. Federa\u00e7\u00e3o dos Sindicatos Neerlandeses (FNV):<\/strong><br \/>\u00c9 o maior sindicato com uma orienta\u00e7\u00e3o tipicamente social-democrata. O foco deste sindicato est\u00e1 relacionado com uma vasta gama de sectores, incluindo os cuidados de sa\u00fade, a educa\u00e7\u00e3o, os transportes e a administra\u00e7\u00e3o p\u00fablica.\u00a0<br \/><br \/><br \/><strong>2. Federa\u00e7\u00e3o Sindical Nacional Crist\u00e3 (CNV):<\/strong><br \/>Esta uni\u00e3o tem uma orienta\u00e7\u00e3o que pode ser descrita como \"democrata-crist\u00e3\".\u00a0<br \/>O foco assemelha-se ao da FNV.\u00a0<br \/><br \/><strong>3. Outros sindicatos<br \/><\/strong>Existem mais sindicatos como<br \/>a. Federa\u00e7\u00e3o Sindical dos Profissionais (VCP):<br \/>b. De Unie: Representa os trabalhadores dos transportes p\u00fablicos e tem uma forte presen\u00e7a nas grandes cidades.<\/p>\t\t\t\t\t\t\t\t<\/div>\n\t\t\t\t<\/div>\n\t\t\t\t\t<\/div>\n\t\t<\/div>\n\t\t\t\t\t<\/div>\n\t\t<\/section>\n\t\t\t\t<section class=\"elementor-section elementor-top-section elementor-element elementor-element-e0933fa elementor-reverse-tablet elementor-reverse-mobile elementor-section-boxed elementor-section-height-default elementor-section-height-default\" data-id=\"e0933fa\" data-element_type=\"section\">\n\t\t\t\t\t\t<div class=\"elementor-container elementor-column-gap-default\">\n\t\t\t\t\t<div class=\"elementor-column elementor-col-50 elementor-top-column elementor-element elementor-element-af72979\" data-id=\"af72979\" data-element_type=\"column\">\n\t\t\t<div class=\"elementor-widget-wrap elementor-element-populated\">\n\t\t\t\t\t\t<div class=\"elementor-element elementor-element-1d1d26a elementor-widget elementor-widget-text-editor\" data-id=\"1d1d26a\" data-element_type=\"widget\" data-widget_type=\"text-editor.default\">\n\t\t\t\t<div class=\"elementor-widget-container\">\n\t\t\t\t\t\t\t\t\t<h3 class=\"mbr-section-title mbr-fonts-style mb-3 display-5\"><strong>Tarefas dos sindicatos<\/strong><\/h3><p class=\"mbr-text mbr-fonts-style display-7\"><strong>Tarefas gerais dos sindicatos:<br \/><\/strong>Negociam acordos colectivos de trabalho (CAO). Isto significa que negoceiam sobre temas como: um melhor sal\u00e1rio e menos horas de trabalho.<br \/>Al\u00e9m disso, prestam assist\u00eancia jur\u00eddica, fazem campanha por melhores condi\u00e7\u00f5es de trabalho e sal\u00e1rios e promovem os direitos dos trabalhadores. Por \u00faltimo, ocupam-se da educa\u00e7\u00e3o e da forma\u00e7\u00e3o, oferecendo aos membros programas de forma\u00e7\u00e3o e educa\u00e7\u00e3o sobre v\u00e1rios temas relacionados com o trabalho.<\/p>\t\t\t\t\t\t\t\t<\/div>\n\t\t\t\t<\/div>\n\t\t\t\t\t<\/div>\n\t\t<\/div>\n\t\t\t\t<div class=\"elementor-column elementor-col-50 elementor-top-column elementor-element elementor-element-609bd5a\" data-id=\"609bd5a\" data-element_type=\"column\">\n\t\t\t<div class=\"elementor-widget-wrap elementor-element-populated\">\n\t\t\t\t\t\t<div class=\"elementor-element elementor-element-d508d55 elementor-widget elementor-widget-image\" data-id=\"d508d55\" data-element_type=\"widget\" data-widget_type=\"image.default\">\n\t\t\t\t<div class=\"elementor-widget-container\">\n\t\t\t\t\t\t\t\t\t\t\t\t\t\t\t<img decoding=\"async\" width=\"800\" height=\"507\" src=\"https:\/\/mijn-lo.nl\/wp-content\/uploads\/2024\/02\/onderhandelen-800x507-1.webp\" class=\"attachment-large size-large wp-image-5344\" alt=\"\" srcset=\"https:\/\/mijn-lo.nl\/wp-content\/uploads\/2024\/02\/onderhandelen-800x507-1.webp 800w, https:\/\/mijn-lo.nl\/wp-content\/uploads\/2024\/02\/onderhandelen-800x507-1-300x190.webp 300w, https:\/\/mijn-lo.nl\/wp-content\/uploads\/2024\/02\/onderhandelen-800x507-1-768x487.webp 768w, https:\/\/mijn-lo.nl\/wp-content\/uploads\/2024\/02\/onderhandelen-800x507-1-18x12.webp 18w, https:\/\/mijn-lo.nl\/wp-content\/uploads\/2024\/02\/onderhandelen-800x507-1-24x15.webp 24w, https:\/\/mijn-lo.nl\/wp-content\/uploads\/2024\/02\/onderhandelen-800x507-1-36x23.webp 36w, https:\/\/mijn-lo.nl\/wp-content\/uploads\/2024\/02\/onderhandelen-800x507-1-48x30.webp 48w\" sizes=\"(max-width: 800px) 100vw, 800px\" \/>\t\t\t\t\t\t\t\t\t\t\t\t\t\t\t<\/div>\n\t\t\t\t<\/div>\n\t\t\t\t<div class=\"elementor-element elementor-element-d2d76f3 elementor-widget elementor-widget-text-editor\" data-id=\"d2d76f3\" data-element_type=\"widget\" data-widget_type=\"text-editor.default\">\n\t\t\t\t<div class=\"elementor-widget-container\">\n\t\t\t\t\t\t\t\t\t<p style=\"text-align: center;\">Negociar<\/p>\t\t\t\t\t\t\t\t<\/div>\n\t\t\t\t<\/div>\n\t\t\t\t\t<\/div>\n\t\t<\/div>\n\t\t\t\t\t<\/div>\n\t\t<\/section>\n\t\t\t\t<section class=\"elementor-section elementor-top-section elementor-element elementor-element-2edcca1 elementor-section-boxed elementor-section-height-default elementor-section-height-default\" data-id=\"2edcca1\" data-element_type=\"section\">\n\t\t\t\t\t\t<div class=\"elementor-container elementor-column-gap-default\">\n\t\t\t\t\t<div class=\"elementor-column elementor-col-100 elementor-top-column elementor-element elementor-element-75349f87\" data-id=\"75349f87\" data-element_type=\"column\">\n\t\t\t<div class=\"elementor-widget-wrap elementor-element-populated\">\n\t\t\t\t\t\t<div class=\"elementor-element elementor-element-2d2d0e50 elementor-align-center elementor-widget elementor-widget-button\" data-id=\"2d2d0e50\" data-element_type=\"widget\" data-widget_type=\"button.default\">\n\t\t\t\t<div class=\"elementor-widget-container\">\n\t\t\t\t\t\t\t\t\t<div class=\"elementor-button-wrapper\">\n\t\t\t\t\t<a class=\"elementor-button elementor-button-link elementor-size-sm\" href=\"https:\/\/mijn-lo.nl\/pt\/work\/certificates-and-skills\/\">\n\t\t\t\t\t\t<span class=\"elementor-button-content-wrapper\">\n\t\t\t\t\t\t\t\t\t<span class=\"elementor-button-text\">continuar<\/span>\n\t\t\t\t\t<\/span>\n\t\t\t\t\t<\/a>\n\t\t\t\t<\/div>\n\t\t\t\t\t\t\t\t<\/div>\n\t\t\t\t<\/div>\n\t\t\t\t\t<\/div>\n\t\t<\/div>\n\t\t\t\t\t<\/div>\n\t\t<\/section>\n\t\t\t\t<\/div>","protected":false},"excerpt":{"rendered":"<p>Contract and CAO ContractIf you have found work, you will receive a contract. It contains employment conditions (= agreements about the work). How many hours a week you work, what your salary is, whether you have a probationary period, how much holiday you get, and when you start work. Probationary period = trying out the [&hellip;]<\/p>\n","protected":false},"author":1,"featured_media":0,"parent":3364,"menu_order":4,"comment_status":"closed","ping_status":"closed","template":"elementor_canvas","meta":{"site-sidebar-layout":"no-sidebar","site-content-layout":"page-builder","ast-site-content-layout":"full-width-container","site-content-style":"default","site-sidebar-style":"default","ast-global-header-display":"","ast-banner-title-visibility":"","ast-main-header-display":"","ast-hfb-above-header-display":"","ast-hfb-below-header-display":"","ast-hfb-mobile-header-display":"","site-post-title":"disabled","ast-breadcrumbs-content":"","ast-featured-img":"disabled","footer-sml-layout":"","theme-transparent-header-meta":"","adv-header-id-meta":"","stick-header-meta":"","header-above-stick-meta":"","header-main-stick-meta":"","header-below-stick-meta":"","astra-migrate-meta-layouts":"set","ast-page-background-enabled":"default","ast-page-background-meta":{"desktop":{"background-color":"var(--ast-global-color-4)","background-image":"","background-repeat":"repeat","background-position":"center center","background-size":"auto","background-attachment":"scroll","background-type":"","background-media":"","overlay-type":"","overlay-color":"","overlay-opacity":"","overlay-gradient":""},"tablet":{"background-color":"","background-image":"","background-repeat":"repeat","background-position":"center center","background-size":"auto","background-attachment":"scroll","background-type":"","background-media":"","overlay-type":"","overlay-color":"","overlay-opacity":"","overlay-gradient":""},"mobile":{"background-color":"","background-image":"","background-repeat":"repeat","background-position":"center center","background-size":"auto","background-attachment":"scroll","background-type":"","background-media":"","overlay-type":"","overlay-color":"","overlay-opacity":"","overlay-gradient":""}},"ast-content-background-meta":{"desktop":{"background-color":"var(--ast-global-color-5)","background-image":"","background-repeat":"repeat","background-position":"center center","background-size":"auto","background-attachment":"scroll","background-type":"","background-media":"","overlay-type":"","overlay-color":"","overlay-opacity":"","overlay-gradient":""},"tablet":{"background-color":"var(--ast-global-color-5)","background-image":"","background-repeat":"repeat","background-position":"center center","background-size":"auto","background-attachment":"scroll","background-type":"","background-media":"","overlay-type":"","overlay-color":"","overlay-opacity":"","overlay-gradient":""},"mobile":{"background-color":"var(--ast-global-color-5)","background-image":"","background-repeat":"repeat","background-position":"center center","background-size":"auto","background-attachment":"scroll","background-type":"","background-media":"","overlay-type":"","overlay-color":"","overlay-opacity":"","overlay-gradient":""}},"footnotes":""},"class_list":["post-5357","page","type-page","status-publish","hentry"],"_links":{"self":[{"href":"https:\/\/mijn-lo.nl\/pt\/wp-json\/wp\/v2\/pages\/5357","targetHints":{"allow":["GET"]}}],"collection":[{"href":"https:\/\/mijn-lo.nl\/pt\/wp-json\/wp\/v2\/pages"}],"about":[{"href":"https:\/\/mijn-lo.nl\/pt\/wp-json\/wp\/v2\/types\/page"}],"author":[{"embeddable":true,"href":"https:\/\/mijn-lo.nl\/pt\/wp-json\/wp\/v2\/users\/1"}],"replies":[{"embeddable":true,"href":"https:\/\/mijn-lo.nl\/pt\/wp-json\/wp\/v2\/comments?post=5357"}],"version-history":[{"count":19,"href":"https:\/\/mijn-lo.nl\/pt\/wp-json\/wp\/v2\/pages\/5357\/revisions"}],"predecessor-version":[{"id":6313,"href":"https:\/\/mijn-lo.nl\/pt\/wp-json\/wp\/v2\/pages\/5357\/revisions\/6313"}],"up":[{"embeddable":true,"href":"https:\/\/mijn-lo.nl\/pt\/wp-json\/wp\/v2\/pages\/3364"}],"wp:attachment":[{"href":"https:\/\/mijn-lo.nl\/pt\/wp-json\/wp\/v2\/media?parent=5357"}],"curies":[{"name":"wp","href":"https:\/\/api.w.org\/{rel}","templated":true}]}}