{"id":5361,"date":"2024-02-13T14:38:36","date_gmt":"2024-02-13T14:38:36","guid":{"rendered":"http:\/\/mijn-lo.nl\/?page_id=5361"},"modified":"2025-08-19T17:39:13","modified_gmt":"2025-08-19T17:39:13","slug":"salary-and-taxes","status":"publish","type":"page","link":"https:\/\/mijn-lo.nl\/pt\/work\/salary-and-taxes\/","title":{"rendered":"Sal\u00e1rio e impostos"},"content":{"rendered":"<div data-elementor-type=\"wp-page\" data-elementor-id=\"5361\" class=\"elementor elementor-5361\" data-elementor-post-type=\"page\">\n\t\t\t\t\t\t<section class=\"elementor-section elementor-top-section elementor-element elementor-element-44bcf34 elementor-section-boxed elementor-section-height-default elementor-section-height-default\" data-id=\"44bcf34\" data-element_type=\"section\">\n\t\t\t\t\t\t<div class=\"elementor-container elementor-column-gap-default\">\n\t\t\t\t\t<div class=\"elementor-column elementor-col-50 elementor-top-column elementor-element elementor-element-a440396\" data-id=\"a440396\" data-element_type=\"column\">\n\t\t\t<div class=\"elementor-widget-wrap elementor-element-populated\">\n\t\t\t\t\t\t<div class=\"elementor-element elementor-element-7d0bcb3 elementor-widget elementor-widget-image\" data-id=\"7d0bcb3\" data-element_type=\"widget\" data-widget_type=\"image.default\">\n\t\t\t\t<div class=\"elementor-widget-container\">\n\t\t\t\t\t\t\t\t\t\t\t\t\t\t\t<img fetchpriority=\"high\" decoding=\"async\" width=\"700\" height=\"447\" src=\"https:\/\/mijn-lo.nl\/wp-content\/uploads\/2024\/02\/taxes1-700x447-1.webp\" class=\"attachment-large size-large wp-image-5347\" alt=\"\" srcset=\"https:\/\/mijn-lo.nl\/wp-content\/uploads\/2024\/02\/taxes1-700x447-1.webp 700w, https:\/\/mijn-lo.nl\/wp-content\/uploads\/2024\/02\/taxes1-700x447-1-300x192.webp 300w, https:\/\/mijn-lo.nl\/wp-content\/uploads\/2024\/02\/taxes1-700x447-1-18x12.webp 18w, https:\/\/mijn-lo.nl\/wp-content\/uploads\/2024\/02\/taxes1-700x447-1-24x15.webp 24w, https:\/\/mijn-lo.nl\/wp-content\/uploads\/2024\/02\/taxes1-700x447-1-36x23.webp 36w, https:\/\/mijn-lo.nl\/wp-content\/uploads\/2024\/02\/taxes1-700x447-1-48x31.webp 48w\" sizes=\"(max-width: 700px) 100vw, 700px\" \/>\t\t\t\t\t\t\t\t\t\t\t\t\t\t\t<\/div>\n\t\t\t\t<\/div>\n\t\t\t\t\t<\/div>\n\t\t<\/div>\n\t\t\t\t<div class=\"elementor-column elementor-col-50 elementor-top-column elementor-element elementor-element-876cbcb\" data-id=\"876cbcb\" data-element_type=\"column\">\n\t\t\t<div class=\"elementor-widget-wrap elementor-element-populated\">\n\t\t\t\t\t\t<div class=\"elementor-element elementor-element-4f79eb6 elementor-widget elementor-widget-text-editor\" data-id=\"4f79eb6\" data-element_type=\"widget\" data-widget_type=\"text-editor.default\">\n\t\t\t\t<div class=\"elementor-widget-container\">\n\t\t\t\t\t\t\t\t\t<h3 class=\"mbr-section-title mbr-fonts-style mb-3 display-5\"><strong>Sal\u00e1rio e impostos<\/strong><\/h3><p class=\"mbr-text mbr-fonts-style display-7\">Uma vez por ano, recebe uma declara\u00e7\u00e3o anual que indica o seu sal\u00e1rio bruto e l\u00edquido do ano anterior. Este documento deve ser utilizado para a declara\u00e7\u00e3o de impostos que deve apresentar em 1 de mar\u00e7o. Por vezes, recebe dinheiro de volta.<br \/>O sal\u00e1rio \u00e9 indicado no seu recibo de vencimento:<br \/><strong>Sal\u00e1rio l\u00edquido<\/strong>\u00a0\u00e9 o montante que recebe na sua conta banc\u00e1ria, sem impostos.<br \/><strong>Sal\u00e1rio bruto<\/strong>\u00a0\u00e9 o sal\u00e1rio total, incluindo impostos, do qual os impostos ainda t\u00eam de ser deduzidos.<br \/><br \/><strong>Exemplo<\/strong><br \/>Suponhamos que o seu sal\u00e1rio \u00e9 de 1600 euros brutos e 1200 euros l\u00edquidos. Neste caso, paga 400 euros de impostos e pr\u00e9mios.<br \/><br \/><strong>Imposto\u00a0<\/strong>\u00e9 um montante que paga ao Estado e que este utiliza para financiar estradas, escolas, pol\u00edcia e presta\u00e7\u00f5es sociais, por exemplo. Paga pr\u00e9mios para ap\u00f3lices de seguro relacionadas com o seu trabalho, como a pens\u00e3o, o desemprego e a invalidez.<\/p>\t\t\t\t\t\t\t\t<\/div>\n\t\t\t\t<\/div>\n\t\t\t\t\t<\/div>\n\t\t<\/div>\n\t\t\t\t\t<\/div>\n\t\t<\/section>\n\t\t\t\t<section class=\"elementor-section elementor-top-section elementor-element elementor-element-f378856 elementor-reverse-tablet elementor-reverse-mobile elementor-section-boxed elementor-section-height-default elementor-section-height-default\" data-id=\"f378856\" data-element_type=\"section\">\n\t\t\t\t\t\t<div class=\"elementor-container elementor-column-gap-default\">\n\t\t\t\t\t<div class=\"elementor-column elementor-col-50 elementor-top-column elementor-element elementor-element-c944c5a\" data-id=\"c944c5a\" data-element_type=\"column\">\n\t\t\t<div class=\"elementor-widget-wrap elementor-element-populated\">\n\t\t\t\t\t\t<div class=\"elementor-element elementor-element-06ec7e2 elementor-widget elementor-widget-text-editor\" data-id=\"06ec7e2\" data-element_type=\"widget\" data-widget_type=\"text-editor.default\">\n\t\t\t\t<div class=\"elementor-widget-container\">\n\t\t\t\t\t\t\t\t\t<h3 class=\"mbr-section-title mbr-fonts-style mb-3 display-5\"><strong>Se \u00e9 propriet\u00e1rio ou est\u00e1 a criar uma empresa<\/strong><\/h3><p class=\"mbr-text mbr-fonts-style display-7\">Uma pessoa pode tornar-se um empres\u00e1rio independente (= criar a sua pr\u00f3pria empresa). Nessa altura, \u00e9 o pr\u00f3prio patr\u00e3o. Trabalho \u00e1rduo e boa organiza\u00e7\u00e3o = ganhar muito dinheiro. Doen\u00e7a ou f\u00e9rias = n\u00e3o h\u00e1 dinheiro!<br \/><br \/><strong>O que \u00e9 que precisa?<br \/><\/strong>- Por vezes, s\u00e3o necess\u00e1rios determinados diplomas, por exemplo, se quiser come\u00e7ar a trabalhar como cabeleireiro.<br \/>- Para come\u00e7ar, \u00e9 geralmente necess\u00e1rio dinheiro que pode ser pedido emprestado ao banco<br \/>- Para obter o dinheiro do banco, \u00e9 necess\u00e1rio elaborar um plano de neg\u00f3cios (= indica o que se pretende fazer e como se vai fazer). O banco quer sempre saber qual \u00e9 o seu plano! Se abrir a sua pr\u00f3pria empresa, tem de se registar na C\u00e2mara de Com\u00e9rcio (= uma organiza\u00e7\u00e3o que ajuda as empresas). Para mais informa\u00e7\u00f5es, consultar o s\u00edtio Web:<br \/><br \/><a class=\"text-primary\" href=\"https:\/\/www.kvk.nl\/\" target=\"_blank\" rel=\"noopener\">KVK<\/a>\u00a0 \u00a0infelizmente, as informa\u00e7\u00f5es fornecidas est\u00e3o apenas em neerland\u00eas<br \/><br \/>O KvK verifica se uma empresa funciona de acordo com as regras da lei. Fornece informa\u00e7\u00f5es sobre impostos, cursos e o plano de neg\u00f3cios.<\/p>\t\t\t\t\t\t\t\t<\/div>\n\t\t\t\t<\/div>\n\t\t\t\t\t<\/div>\n\t\t<\/div>\n\t\t\t\t<div class=\"elementor-column elementor-col-50 elementor-top-column elementor-element elementor-element-c440c33\" data-id=\"c440c33\" data-element_type=\"column\">\n\t\t\t<div class=\"elementor-widget-wrap elementor-element-populated\">\n\t\t\t\t\t\t<div class=\"elementor-element elementor-element-dcb091d elementor-widget elementor-widget-image\" data-id=\"dcb091d\" data-element_type=\"widget\" data-widget_type=\"image.default\">\n\t\t\t\t<div class=\"elementor-widget-container\">\n\t\t\t\t\t\t\t\t\t\t\t\t\t\t\t<img decoding=\"async\" width=\"576\" height=\"946\" src=\"https:\/\/mijn-lo.nl\/wp-content\/uploads\/2024\/02\/own-company2-576x946-1-1.webp\" class=\"attachment-large size-large wp-image-5329\" alt=\"\" srcset=\"https:\/\/mijn-lo.nl\/wp-content\/uploads\/2024\/02\/own-company2-576x946-1-1.webp 576w, https:\/\/mijn-lo.nl\/wp-content\/uploads\/2024\/02\/own-company2-576x946-1-1-183x300.webp 183w, https:\/\/mijn-lo.nl\/wp-content\/uploads\/2024\/02\/own-company2-576x946-1-1-7x12.webp 7w, https:\/\/mijn-lo.nl\/wp-content\/uploads\/2024\/02\/own-company2-576x946-1-1-15x24.webp 15w, https:\/\/mijn-lo.nl\/wp-content\/uploads\/2024\/02\/own-company2-576x946-1-1-22x36.webp 22w, https:\/\/mijn-lo.nl\/wp-content\/uploads\/2024\/02\/own-company2-576x946-1-1-29x48.webp 29w\" sizes=\"(max-width: 576px) 100vw, 576px\" \/>\t\t\t\t\t\t\t\t\t\t\t\t\t\t\t<\/div>\n\t\t\t\t<\/div>\n\t\t\t\t\t<\/div>\n\t\t<\/div>\n\t\t\t\t\t<\/div>\n\t\t<\/section>\n\t\t\t\t<section class=\"elementor-section elementor-top-section elementor-element elementor-element-eeab46b elementor-section-boxed elementor-section-height-default elementor-section-height-default\" data-id=\"eeab46b\" data-element_type=\"section\">\n\t\t\t\t\t\t<div class=\"elementor-container elementor-column-gap-default\">\n\t\t\t\t\t<div class=\"elementor-column elementor-col-50 elementor-top-column elementor-element elementor-element-ff9b4f5\" data-id=\"ff9b4f5\" data-element_type=\"column\">\n\t\t\t<div class=\"elementor-widget-wrap elementor-element-populated\">\n\t\t\t\t\t\t<div class=\"elementor-element elementor-element-ac161c3 elementor-widget elementor-widget-image\" data-id=\"ac161c3\" data-element_type=\"widget\" data-widget_type=\"image.default\">\n\t\t\t\t<div class=\"elementor-widget-container\">\n\t\t\t\t\t\t\t\t\t\t\t\t\t\t\t<img decoding=\"async\" width=\"583\" height=\"934\" src=\"https:\/\/mijn-lo.nl\/wp-content\/uploads\/2024\/02\/together2-583x934-1.webp\" class=\"attachment-large size-large wp-image-4593\" alt=\"\" srcset=\"https:\/\/mijn-lo.nl\/wp-content\/uploads\/2024\/02\/together2-583x934-1.webp 583w, https:\/\/mijn-lo.nl\/wp-content\/uploads\/2024\/02\/together2-583x934-1-187x300.webp 187w, https:\/\/mijn-lo.nl\/wp-content\/uploads\/2024\/02\/together2-583x934-1-7x12.webp 7w, https:\/\/mijn-lo.nl\/wp-content\/uploads\/2024\/02\/together2-583x934-1-15x24.webp 15w, https:\/\/mijn-lo.nl\/wp-content\/uploads\/2024\/02\/together2-583x934-1-22x36.webp 22w, https:\/\/mijn-lo.nl\/wp-content\/uploads\/2024\/02\/together2-583x934-1-30x48.webp 30w\" sizes=\"(max-width: 583px) 100vw, 583px\" \/>\t\t\t\t\t\t\t\t\t\t\t\t\t\t\t<\/div>\n\t\t\t\t<\/div>\n\t\t\t\t\t<\/div>\n\t\t<\/div>\n\t\t\t\t<div class=\"elementor-column elementor-col-50 elementor-top-column elementor-element elementor-element-1c75fdc\" data-id=\"1c75fdc\" data-element_type=\"column\">\n\t\t\t<div class=\"elementor-widget-wrap elementor-element-populated\">\n\t\t\t\t\t\t<div class=\"elementor-element elementor-element-4a855f7 elementor-widget elementor-widget-text-editor\" data-id=\"4a855f7\" data-element_type=\"widget\" data-widget_type=\"text-editor.default\">\n\t\t\t\t<div class=\"elementor-widget-container\">\n\t\t\t\t\t\t\t\t\t<h3 class=\"mbr-section-title mbr-fonts-style mb-3 display-5\"><strong>Trabalhar em conjunto<\/strong><\/h3><p class=\"mbr-text mbr-fonts-style display-7\">Trabalha em conjunto com os colegas e, por vezes, tem uma consulta ou reuni\u00e3o de trabalho em que fala sobre o trabalho, faz planos e discute problemas. Numa empresa, cada departamento tem um diretor. O diretor \u00e9 o chefe dos executivos. Com o seu diretor, fala de forma diferente do que com os seus colegas normais.<\/p><p>- Os colegas tornam o trabalho mais divertido e mais f\u00e1cil. Ajudam-se uns aos outros, falam uns com os outros e elogiam-se mutuamente. Muitas empresas t\u00eam uma associa\u00e7\u00e3o de pessoal que organiza actividades divertidas, como festas ou bowling.<br \/>- \u00c9 prov\u00e1vel que cometa erros no in\u00edcio porque ainda est\u00e1 a aprender. Pe\u00e7a ajuda e esteja aberto a cr\u00edticas. Fale com a sua chefia. Uma avalia\u00e7\u00e3o de desempenho \u00e9 uma conversa com a sua chefia sobre como o trabalho est\u00e1 a correr e o que pode ser melhorado.<br \/>- \u00c9 normal cometer erros no in\u00edcio porque ainda se est\u00e1 a aprender. \u00c9 importante pedir ajuda e estar aberto a cr\u00edticas para poder dar o seu melhor. \u00c9 bom falar com o seu chefe.<br \/>- Uma avalia\u00e7\u00e3o de desempenho \u00e9 uma conversa com o seu chefe sobre a forma como faz o seu trabalho e o que pode ser melhorado.<br \/>- Por vezes, h\u00e1 discrimina\u00e7\u00e3o quando se \u00e9 estrangeiro, por exemplo, se for mu\u00e7ulmano e os colegas o incomodarem quando quer rezar. \u00c9 importante n\u00e3o se zangar facilmente, porque por vezes pode tratar-se de uma brincadeira. Se a situa\u00e7\u00e3o n\u00e3o parar, \u00e9 bom falar primeiro com o colega. Se isso n\u00e3o ajudar, pode marcar uma reuni\u00e3o com o chefe ou o diretor. <strong>A discrimina\u00e7\u00e3o \u00e9 proibida<\/strong> e tem o direito de fazer algo a esse respeito. Pode sempre apresentar queixa \u00e0 pol\u00edcia.<\/p>\t\t\t\t\t\t\t\t<\/div>\n\t\t\t\t<\/div>\n\t\t\t\t\t<\/div>\n\t\t<\/div>\n\t\t\t\t\t<\/div>\n\t\t<\/section>\n\t\t\t\t<section class=\"elementor-section elementor-top-section elementor-element elementor-element-2edcca1 elementor-section-boxed elementor-section-height-default elementor-section-height-default\" data-id=\"2edcca1\" data-element_type=\"section\">\n\t\t\t\t\t\t<div class=\"elementor-container elementor-column-gap-default\">\n\t\t\t\t\t<div class=\"elementor-column elementor-col-100 elementor-top-column elementor-element elementor-element-75349f87\" data-id=\"75349f87\" data-element_type=\"column\">\n\t\t\t<div class=\"elementor-widget-wrap elementor-element-populated\">\n\t\t\t\t\t\t<div class=\"elementor-element elementor-element-2d2d0e50 elementor-align-center elementor-widget elementor-widget-button\" data-id=\"2d2d0e50\" data-element_type=\"widget\" data-widget_type=\"button.default\">\n\t\t\t\t<div class=\"elementor-widget-container\">\n\t\t\t\t\t\t\t\t\t<div class=\"elementor-button-wrapper\">\n\t\t\t\t\t<a class=\"elementor-button elementor-button-link elementor-size-sm\" href=\"https:\/\/mijn-lo.nl\/pt\/work\/learn-words-about-work\/\">\n\t\t\t\t\t\t<span class=\"elementor-button-content-wrapper\">\n\t\t\t\t\t\t\t\t\t<span class=\"elementor-button-text\">continuar<\/span>\n\t\t\t\t\t<\/span>\n\t\t\t\t\t<\/a>\n\t\t\t\t<\/div>\n\t\t\t\t\t\t\t\t<\/div>\n\t\t\t\t<\/div>\n\t\t\t\t\t<\/div>\n\t\t<\/div>\n\t\t\t\t\t<\/div>\n\t\t<\/section>\n\t\t\t\t<\/div>","protected":false},"excerpt":{"rendered":"<p>Salary and Taxes Once a year you will receive an annual statement stating your gross and net salary for the past year. You have to use this document for the tax return that you must submit on March 1. Sometimes you get money back.The salary is stated on your payslip:Net salary\u00a0is the amount you receive [&hellip;]<\/p>\n","protected":false},"author":1,"featured_media":0,"parent":3364,"menu_order":7,"comment_status":"closed","ping_status":"closed","template":"elementor_canvas","meta":{"site-sidebar-layout":"no-sidebar","site-content-layout":"page-builder","ast-site-content-layout":"full-width-container","site-content-style":"default","site-sidebar-style":"default","ast-global-header-display":"","ast-banner-title-visibility":"","ast-main-header-display":"","ast-hfb-above-header-display":"","ast-hfb-below-header-display":"","ast-hfb-mobile-header-display":"","site-post-title":"disabled","ast-breadcrumbs-content":"","ast-featured-img":"disabled","footer-sml-layout":"","theme-transparent-header-meta":"","adv-header-id-meta":"","stick-header-meta":"","header-above-stick-meta":"","header-main-stick-meta":"","header-below-stick-meta":"","astra-migrate-meta-layouts":"set","ast-page-background-enabled":"default","ast-page-background-meta":{"desktop":{"background-color":"var(--ast-global-color-4)","background-image":"","background-repeat":"repeat","background-position":"center center","background-size":"auto","background-attachment":"scroll","background-type":"","background-media":"","overlay-type":"","overlay-color":"","overlay-opacity":"","overlay-gradient":""},"tablet":{"background-color":"","background-image":"","background-repeat":"repeat","background-position":"center center","background-size":"auto","background-attachment":"scroll","background-type":"","background-media":"","overlay-type":"","overlay-color":"","overlay-opacity":"","overlay-gradient":""},"mobile":{"background-color":"","background-image":"","background-repeat":"repeat","background-position":"center center","background-size":"auto","background-attachment":"scroll","background-type":"","background-media":"","overlay-type":"","overlay-color":"","overlay-opacity":"","overlay-gradient":""}},"ast-content-background-meta":{"desktop":{"background-color":"var(--ast-global-color-5)","background-image":"","background-repeat":"repeat","background-position":"center center","background-size":"auto","background-attachment":"scroll","background-type":"","background-media":"","overlay-type":"","overlay-color":"","overlay-opacity":"","overlay-gradient":""},"tablet":{"background-color":"var(--ast-global-color-5)","background-image":"","background-repeat":"repeat","background-position":"center center","background-size":"auto","background-attachment":"scroll","background-type":"","background-media":"","overlay-type":"","overlay-color":"","overlay-opacity":"","overlay-gradient":""},"mobile":{"background-color":"var(--ast-global-color-5)","background-image":"","background-repeat":"repeat","background-position":"center center","background-size":"auto","background-attachment":"scroll","background-type":"","background-media":"","overlay-type":"","overlay-color":"","overlay-opacity":"","overlay-gradient":""}},"footnotes":""},"class_list":["post-5361","page","type-page","status-publish","hentry"],"_links":{"self":[{"href":"https:\/\/mijn-lo.nl\/pt\/wp-json\/wp\/v2\/pages\/5361","targetHints":{"allow":["GET"]}}],"collection":[{"href":"https:\/\/mijn-lo.nl\/pt\/wp-json\/wp\/v2\/pages"}],"about":[{"href":"https:\/\/mijn-lo.nl\/pt\/wp-json\/wp\/v2\/types\/page"}],"author":[{"embeddable":true,"href":"https:\/\/mijn-lo.nl\/pt\/wp-json\/wp\/v2\/users\/1"}],"replies":[{"embeddable":true,"href":"https:\/\/mijn-lo.nl\/pt\/wp-json\/wp\/v2\/comments?post=5361"}],"version-history":[{"count":13,"href":"https:\/\/mijn-lo.nl\/pt\/wp-json\/wp\/v2\/pages\/5361\/revisions"}],"predecessor-version":[{"id":6322,"href":"https:\/\/mijn-lo.nl\/pt\/wp-json\/wp\/v2\/pages\/5361\/revisions\/6322"}],"up":[{"embeddable":true,"href":"https:\/\/mijn-lo.nl\/pt\/wp-json\/wp\/v2\/pages\/3364"}],"wp:attachment":[{"href":"https:\/\/mijn-lo.nl\/pt\/wp-json\/wp\/v2\/media?parent=5361"}],"curies":[{"name":"wp","href":"https:\/\/api.w.org\/{rel}","templated":true}]}}