{"id":5571,"date":"2024-02-14T16:04:17","date_gmt":"2024-02-14T16:04:17","guid":{"rendered":"http:\/\/mijn-lo.nl\/?page_id=5571"},"modified":"2025-08-19T17:35:53","modified_gmt":"2025-08-19T17:35:53","slug":"finance","status":"publish","type":"page","link":"https:\/\/mijn-lo.nl\/pt\/education\/finance\/","title":{"rendered":"Finan\u00e7as"},"content":{"rendered":"<div data-elementor-type=\"wp-page\" data-elementor-id=\"5571\" class=\"elementor elementor-5571\" data-elementor-post-type=\"page\">\n\t\t\t\t\t\t<section class=\"elementor-section elementor-top-section elementor-element elementor-element-820a8ba elementor-section-boxed elementor-section-height-default elementor-section-height-default\" data-id=\"820a8ba\" data-element_type=\"section\" data-settings=\"{&quot;background_background&quot;:&quot;classic&quot;}\">\n\t\t\t\t\t\t<div class=\"elementor-container elementor-column-gap-default\">\n\t\t\t\t\t<div class=\"elementor-column elementor-col-100 elementor-top-column elementor-element elementor-element-4f68968\" data-id=\"4f68968\" data-element_type=\"column\">\n\t\t\t<div class=\"elementor-widget-wrap elementor-element-populated\">\n\t\t\t\t\t\t<div class=\"elementor-element elementor-element-cf64e00 elementor-widget elementor-widget-heading\" data-id=\"cf64e00\" data-element_type=\"widget\" data-widget_type=\"heading.default\">\n\t\t\t\t<div class=\"elementor-widget-container\">\n\t\t\t\t\t<h2 class=\"elementor-heading-title elementor-size-default\">Finan\u00e7as <\/h2>\t\t\t\t<\/div>\n\t\t\t\t<\/div>\n\t\t\t\t\t<\/div>\n\t\t<\/div>\n\t\t\t\t\t<\/div>\n\t\t<\/section>\n\t\t\t\t<section class=\"elementor-section elementor-top-section elementor-element elementor-element-21c66c4 elementor-section-boxed elementor-section-height-default elementor-section-height-default\" data-id=\"21c66c4\" data-element_type=\"section\">\n\t\t\t\t\t\t<div class=\"elementor-container elementor-column-gap-default\">\n\t\t\t\t\t<div class=\"elementor-column elementor-col-50 elementor-top-column elementor-element elementor-element-60e1a44\" data-id=\"60e1a44\" data-element_type=\"column\">\n\t\t\t<div class=\"elementor-widget-wrap elementor-element-populated\">\n\t\t\t\t\t\t<div class=\"elementor-element elementor-element-f6c5e96 elementor-widget elementor-widget-image\" data-id=\"f6c5e96\" data-element_type=\"widget\" data-widget_type=\"image.default\">\n\t\t\t\t<div class=\"elementor-widget-container\">\n\t\t\t\t\t\t\t\t\t\t\t\t\t\t\t<img fetchpriority=\"high\" decoding=\"async\" width=\"766\" height=\"667\" src=\"https:\/\/mijn-lo.nl\/wp-content\/uploads\/2024\/02\/money-766x667-1.webp\" class=\"attachment-large size-large wp-image-4513\" alt=\"\" srcset=\"https:\/\/mijn-lo.nl\/wp-content\/uploads\/2024\/02\/money-766x667-1.webp 766w, https:\/\/mijn-lo.nl\/wp-content\/uploads\/2024\/02\/money-766x667-1-300x261.webp 300w, https:\/\/mijn-lo.nl\/wp-content\/uploads\/2024\/02\/money-766x667-1-14x12.webp 14w, https:\/\/mijn-lo.nl\/wp-content\/uploads\/2024\/02\/money-766x667-1-24x21.webp 24w, https:\/\/mijn-lo.nl\/wp-content\/uploads\/2024\/02\/money-766x667-1-36x31.webp 36w, https:\/\/mijn-lo.nl\/wp-content\/uploads\/2024\/02\/money-766x667-1-48x42.webp 48w\" sizes=\"(max-width: 766px) 100vw, 766px\" \/>\t\t\t\t\t\t\t\t\t\t\t\t\t\t\t<\/div>\n\t\t\t\t<\/div>\n\t\t\t\t<div class=\"elementor-element elementor-element-04aff24 elementor-widget elementor-widget-text-editor\" data-id=\"04aff24\" data-element_type=\"widget\" data-widget_type=\"text-editor.default\">\n\t\t\t\t<div class=\"elementor-widget-container\">\n\t\t\t\t\t\t\t\t\t<p style=\"text-align: center;\">Dinheiro<\/p>\t\t\t\t\t\t\t\t<\/div>\n\t\t\t\t<\/div>\n\t\t\t\t\t<\/div>\n\t\t<\/div>\n\t\t\t\t<div class=\"elementor-column elementor-col-50 elementor-top-column elementor-element elementor-element-e531f2e\" data-id=\"e531f2e\" data-element_type=\"column\">\n\t\t\t<div class=\"elementor-widget-wrap elementor-element-populated\">\n\t\t\t\t\t\t<div class=\"elementor-element elementor-element-cb7b0bb elementor-widget elementor-widget-text-editor\" data-id=\"cb7b0bb\" data-element_type=\"widget\" data-widget_type=\"text-editor.default\">\n\t\t\t\t<div class=\"elementor-widget-container\">\n\t\t\t\t\t\t\t\t\t<h3 class=\"mbr-section-title mbr-fonts-style mb-3 display-5\"><strong>Educa\u00e7\u00e3o e custos<\/strong><\/h3><p class=\"mbr-text mbr-fonts-style display-7\">Nos Pa\u00edses Baixos, os custos escolares variam consoante o tipo de escola.<br \/><br \/>Para as crian\u00e7as da escola prim\u00e1ria (basisschool), \u00e9 gratuito. Mas os pais podem ter de pagar algumas coisas, como l\u00e1pis e livros.<br \/><br \/>Para as crian\u00e7as maiores que frequentam o ensino secund\u00e1rio (voortgezet onderwijs), tamb\u00e9m \u00e9 gratuito. Mas os pais t\u00eam de comprar algumas coisas para a escola.<br \/><br \/>Os estudantes do ensino superior (hoger onderwijs) t\u00eam de pagar dinheiro. Eis o que podem pagar:<br \/><br \/>Universidade: Os estudantes holandeses pagam cerca de v\u00e1rios milhares de euros por ano. Os estudantes de outros pa\u00edses pagam muito mais.<br \/>Escola de ci\u00eancias aplicadas: Os estudantes holandeses pagam v\u00e1rios milhares de euros por ano. Os estudantes de outros pa\u00edses pagam muito mais.<\/p>\t\t\t\t\t\t\t\t<\/div>\n\t\t\t\t<\/div>\n\t\t\t\t\t<\/div>\n\t\t<\/div>\n\t\t\t\t\t<\/div>\n\t\t<\/section>\n\t\t\t\t<section class=\"elementor-section elementor-top-section elementor-element elementor-element-11d6ec2 elementor-reverse-tablet elementor-reverse-mobile elementor-section-boxed elementor-section-height-default elementor-section-height-default\" data-id=\"11d6ec2\" data-element_type=\"section\">\n\t\t\t\t\t\t<div class=\"elementor-container elementor-column-gap-default\">\n\t\t\t\t\t<div class=\"elementor-column elementor-col-50 elementor-top-column elementor-element elementor-element-213854b\" data-id=\"213854b\" data-element_type=\"column\">\n\t\t\t<div class=\"elementor-widget-wrap elementor-element-populated\">\n\t\t\t\t\t\t<div class=\"elementor-element elementor-element-6d77de9 elementor-widget elementor-widget-text-editor\" data-id=\"6d77de9\" data-element_type=\"widget\" data-widget_type=\"text-editor.default\">\n\t\t\t\t<div class=\"elementor-widget-container\">\n\t\t\t\t\t\t\t\t\t<h3 class=\"mbr-section-title mbr-fonts-style mb-3 display-5\"><strong>Depois da escola prim\u00e1ria<\/strong><\/h3><p class=\"mbr-text mbr-fonts-style display-7\">Remetemos para a ilustra\u00e7\u00e3o j\u00e1 apresentada. Em primeiro lugar, vemos um per\u00edodo de 2 anos. De facto, durante este per\u00edodo, todas as crian\u00e7as recebem a mesma educa\u00e7\u00e3o. T\u00eam de escolher entre vwo, havo ou vmbo. Este per\u00edodo comum \u00e9 introduzido por raz\u00f5es pol\u00edticas, mas na pr\u00e1tica as crian\u00e7as j\u00e1 frequentam uma escola vmbo, uma escola havo ou uma escola vwo. Por conseguinte, na pr\u00e1tica, podem ser encontradas diferen\u00e7as claras. O VWO tem duas possibilidades: Atheneum e Gymnasium. O gin\u00e1sio \u00e9 considerado como a \"possibilidade mais elevada\", com cursos de latim e grego.\u00a0<\/p>\t\t\t\t\t\t\t\t<\/div>\n\t\t\t\t<\/div>\n\t\t\t\t\t<\/div>\n\t\t<\/div>\n\t\t\t\t<div class=\"elementor-column elementor-col-50 elementor-top-column elementor-element elementor-element-0a869f7\" data-id=\"0a869f7\" data-element_type=\"column\">\n\t\t\t<div class=\"elementor-widget-wrap elementor-element-populated\">\n\t\t\t\t\t\t<div class=\"elementor-element elementor-element-78fd82c elementor-widget elementor-widget-image\" data-id=\"78fd82c\" data-element_type=\"widget\" data-widget_type=\"image.default\">\n\t\t\t\t<div class=\"elementor-widget-container\">\n\t\t\t\t\t\t\t\t\t\t\t\t\t\t\t<img decoding=\"async\" width=\"872\" height=\"629\" src=\"https:\/\/mijn-lo.nl\/wp-content\/uploads\/2024\/02\/schoolsysteem2-872x629-1.webp\" class=\"attachment-large size-large wp-image-5562\" alt=\"\" srcset=\"https:\/\/mijn-lo.nl\/wp-content\/uploads\/2024\/02\/schoolsysteem2-872x629-1.webp 872w, https:\/\/mijn-lo.nl\/wp-content\/uploads\/2024\/02\/schoolsysteem2-872x629-1-300x216.webp 300w, https:\/\/mijn-lo.nl\/wp-content\/uploads\/2024\/02\/schoolsysteem2-872x629-1-768x554.webp 768w, https:\/\/mijn-lo.nl\/wp-content\/uploads\/2024\/02\/schoolsysteem2-872x629-1-18x12.webp 18w, https:\/\/mijn-lo.nl\/wp-content\/uploads\/2024\/02\/schoolsysteem2-872x629-1-24x17.webp 24w, https:\/\/mijn-lo.nl\/wp-content\/uploads\/2024\/02\/schoolsysteem2-872x629-1-36x26.webp 36w, https:\/\/mijn-lo.nl\/wp-content\/uploads\/2024\/02\/schoolsysteem2-872x629-1-48x35.webp 48w\" sizes=\"(max-width: 872px) 100vw, 872px\" \/>\t\t\t\t\t\t\t\t\t\t\t\t\t\t\t<\/div>\n\t\t\t\t<\/div>\n\t\t\t\t<div class=\"elementor-element elementor-element-07b498e elementor-widget elementor-widget-text-editor\" data-id=\"07b498e\" data-element_type=\"widget\" data-widget_type=\"text-editor.default\">\n\t\t\t\t<div class=\"elementor-widget-container\">\n\t\t\t\t\t\t\t\t\t<p style=\"text-align: center;\">Dinheiro<\/p>\t\t\t\t\t\t\t\t<\/div>\n\t\t\t\t<\/div>\n\t\t\t\t\t<\/div>\n\t\t<\/div>\n\t\t\t\t\t<\/div>\n\t\t<\/section>\n\t\t\t\t<section class=\"elementor-section elementor-top-section elementor-element elementor-element-311e16a elementor-section-boxed elementor-section-height-default elementor-section-height-default\" data-id=\"311e16a\" data-element_type=\"section\">\n\t\t\t\t\t\t<div class=\"elementor-container elementor-column-gap-default\">\n\t\t\t\t\t<div class=\"elementor-column elementor-col-50 elementor-top-column elementor-element elementor-element-b6b32b9\" data-id=\"b6b32b9\" data-element_type=\"column\">\n\t\t\t<div class=\"elementor-widget-wrap elementor-element-populated\">\n\t\t\t\t\t\t<div class=\"elementor-element elementor-element-600b574 elementor-widget elementor-widget-image\" data-id=\"600b574\" data-element_type=\"widget\" data-widget_type=\"image.default\">\n\t\t\t\t<div class=\"elementor-widget-container\">\n\t\t\t\t\t\t\t\t\t\t\t\t\t\t\t<img decoding=\"async\" width=\"332\" height=\"500\" src=\"https:\/\/mijn-lo.nl\/wp-content\/uploads\/2024\/02\/euro-help-332x500-1.webp\" class=\"attachment-large size-large wp-image-4514\" alt=\"\" srcset=\"https:\/\/mijn-lo.nl\/wp-content\/uploads\/2024\/02\/euro-help-332x500-1.webp 332w, https:\/\/mijn-lo.nl\/wp-content\/uploads\/2024\/02\/euro-help-332x500-1-199x300.webp 199w, https:\/\/mijn-lo.nl\/wp-content\/uploads\/2024\/02\/euro-help-332x500-1-8x12.webp 8w, https:\/\/mijn-lo.nl\/wp-content\/uploads\/2024\/02\/euro-help-332x500-1-16x24.webp 16w, https:\/\/mijn-lo.nl\/wp-content\/uploads\/2024\/02\/euro-help-332x500-1-24x36.webp 24w, https:\/\/mijn-lo.nl\/wp-content\/uploads\/2024\/02\/euro-help-332x500-1-32x48.webp 32w\" sizes=\"(max-width: 332px) 100vw, 332px\" \/>\t\t\t\t\t\t\t\t\t\t\t\t\t\t\t<\/div>\n\t\t\t\t<\/div>\n\t\t\t\t<div class=\"elementor-element elementor-element-cafad67 elementor-widget elementor-widget-text-editor\" data-id=\"cafad67\" data-element_type=\"widget\" data-widget_type=\"text-editor.default\">\n\t\t\t\t<div class=\"elementor-widget-container\">\n\t\t\t\t\t\t\t\t\t<p style=\"text-align: center;\">Ajuda financeira<\/p>\t\t\t\t\t\t\t\t<\/div>\n\t\t\t\t<\/div>\n\t\t\t\t\t<\/div>\n\t\t<\/div>\n\t\t\t\t<div class=\"elementor-column elementor-col-50 elementor-top-column elementor-element elementor-element-092da81\" data-id=\"092da81\" data-element_type=\"column\">\n\t\t\t<div class=\"elementor-widget-wrap elementor-element-populated\">\n\t\t\t\t\t\t<div class=\"elementor-element elementor-element-7789889 elementor-widget elementor-widget-text-editor\" data-id=\"7789889\" data-element_type=\"widget\" data-widget_type=\"text-editor.default\">\n\t\t\t\t<div class=\"elementor-widget-container\">\n\t\t\t\t\t\t\t\t\t<h3 class=\"mbr-section-title mbr-fonts-style mb-3 display-5\"><strong>Ajuda financeira<\/strong><\/h3><p class=\"mbr-text mbr-fonts-style display-7\">O governo holand\u00eas oferece uma s\u00e9rie de programas de assist\u00eancia financeira para ajudar os pais com baixos rendimentos a suportar os custos da educa\u00e7\u00e3o dos seus filhos. Estes programas incluem:<br \/><br \/><strong>\"Or\u00e7amento para crian\u00e7as\"\u00a0<\/strong>(abono de fam\u00edlia): Trata-se de um subs\u00eddio mensal pago aos pais de crian\u00e7as com menos de 18 anos. O montante do subs\u00eddio depende dos rendimentos da fam\u00edlia e do n\u00famero de filhos que esta tem.<br \/><strong>\"Bolsa de estudos\"\u00a0<\/strong>(bolsa para estudantes): Trata-se de uma bolsa destinada aos estudantes que frequentam o ensino secund\u00e1rio profissional (MBO ou VMBO) ou o ensino superior (HBO ou WO). O montante da bolsa depende dos rendimentos do estudante, dos rendimentos dos pais e do tipo de ensino que est\u00e1 a frequentar.<br \/><strong>\"MBO-studentenfonds\"<\/strong>(Fundo para estudantes do MBO): Este fundo concede empr\u00e9stimos e subs\u00eddios aos estudantes que frequentam o ensino profissional secund\u00e1rio (MBO). Os empr\u00e9stimos s\u00e3o isentos de juros durante o per\u00edodo de estudos e o per\u00edodo de reembolso \u00e9 de dez anos ap\u00f3s a conclus\u00e3o do curso.<br \/><strong>\"Tegemoetkoming onderwijskosten\"<\/strong>\u00a0(subs\u00eddio de despesas de educa\u00e7\u00e3o): Este subs\u00eddio \u00e9 atribu\u00eddo aos estudantes que frequentam o ensino secund\u00e1rio profissional (MBO ou VMBO) ou o ensino superior (HBO ou WO) e que t\u00eam baixos rendimentos. O subs\u00eddio destina-se a ajudar os estudantes a cobrir os custos das propinas, livros e outras despesas de ensino.<br \/><br \/>Para al\u00e9m destes programas, o Governo neerland\u00eas tamb\u00e9m oferece uma s\u00e9rie de outros benef\u00edcios e subs\u00eddios que podem ajudar as fam\u00edlias com baixos rendimentos a suportar os custos da educa\u00e7\u00e3o dos filhos, tais como<br \/><br \/><strong>\"Zorgtoeslag\"<\/strong>\u00a0(subs\u00eddio de cuidados de sa\u00fade): Este subs\u00eddio ajuda a cobrir os custos do seguro de sa\u00fade neerland\u00eas.<br \/><strong>\"Huurtoeslag\"<\/strong>\u00a0(subs\u00eddio de renda): Este subs\u00eddio ajuda a cobrir as despesas de aluguer.<br \/><strong>\"Livro de cabeceira\"<\/strong>\u00a0(abono de fam\u00edlia): Este subs\u00eddio \u00e9 pago aos pais de crian\u00e7as com menos de 18 anos. O montante do subs\u00eddio \u00e9 igual para todas as fam\u00edlias, independentemente dos seus rendimentos.<br \/><br \/>Para se candidatarem a qualquer um destes programas, os pais ou estudantes podem contactar a Administra\u00e7\u00e3o Fiscal e Aduaneira dos Pa\u00edses Baixos (<strong>\"Belastingdienst\"<\/strong>). Para mais informa\u00e7\u00f5es, consulte o s\u00edtio Web do Belastingdienst ou ligue para a linha de apoio ao cliente do Belastingdienst: 0800-0543.<\/p>\t\t\t\t\t\t\t\t<\/div>\n\t\t\t\t<\/div>\n\t\t\t\t\t<\/div>\n\t\t<\/div>\n\t\t\t\t\t<\/div>\n\t\t<\/section>\n\t\t\t\t<section class=\"elementor-section elementor-top-section elementor-element elementor-element-2edcca1 elementor-section-boxed elementor-section-height-default elementor-section-height-default\" data-id=\"2edcca1\" data-element_type=\"section\">\n\t\t\t\t\t\t<div class=\"elementor-container elementor-column-gap-default\">\n\t\t\t\t\t<div class=\"elementor-column elementor-col-100 elementor-top-column elementor-element elementor-element-75349f87\" data-id=\"75349f87\" data-element_type=\"column\">\n\t\t\t<div class=\"elementor-widget-wrap elementor-element-populated\">\n\t\t\t\t\t\t<div class=\"elementor-element elementor-element-2d2d0e50 elementor-align-center elementor-widget elementor-widget-button\" data-id=\"2d2d0e50\" data-element_type=\"widget\" data-widget_type=\"button.default\">\n\t\t\t\t<div class=\"elementor-widget-container\">\n\t\t\t\t\t\t\t\t\t<div class=\"elementor-button-wrapper\">\n\t\t\t\t\t<a class=\"elementor-button elementor-button-link elementor-size-sm\" href=\"https:\/\/mijn-lo.nl\/pt\/education\/raising-kids\/\">\n\t\t\t\t\t\t<span class=\"elementor-button-content-wrapper\">\n\t\t\t\t\t\t\t\t\t<span class=\"elementor-button-text\">continuar<\/span>\n\t\t\t\t\t<\/span>\n\t\t\t\t\t<\/a>\n\t\t\t\t<\/div>\n\t\t\t\t\t\t\t\t<\/div>\n\t\t\t\t<\/div>\n\t\t\t\t\t<\/div>\n\t\t<\/div>\n\t\t\t\t\t<\/div>\n\t\t<\/section>\n\t\t\t\t<\/div>","protected":false},"excerpt":{"rendered":"<p>Finance Money Education and costs In the Netherlands, school costs change based on the school type. For little kids in primary school (basisschool), it&#8217;s free. But, parents might need to pay for some things like pencils and books. For bigger kids in secondary school (voortgezet onderwijs), it&#8217;s also free. But, parents have to buy some [&hellip;]<\/p>\n","protected":false},"author":1,"featured_media":0,"parent":3363,"menu_order":3,"comment_status":"closed","ping_status":"closed","template":"elementor_canvas","meta":{"site-sidebar-layout":"no-sidebar","site-content-layout":"page-builder","ast-site-content-layout":"full-width-container","site-content-style":"default","site-sidebar-style":"default","ast-global-header-display":"","ast-banner-title-visibility":"","ast-main-header-display":"","ast-hfb-above-header-display":"","ast-hfb-below-header-display":"","ast-hfb-mobile-header-display":"","site-post-title":"disabled","ast-breadcrumbs-content":"","ast-featured-img":"disabled","footer-sml-layout":"","theme-transparent-header-meta":"","adv-header-id-meta":"","stick-header-meta":"","header-above-stick-meta":"","header-main-stick-meta":"","header-below-stick-meta":"","astra-migrate-meta-layouts":"set","ast-page-background-enabled":"default","ast-page-background-meta":{"desktop":{"background-color":"var(--ast-global-color-4)","background-image":"","background-repeat":"repeat","background-position":"center center","background-size":"auto","background-attachment":"scroll","background-type":"","background-media":"","overlay-type":"","overlay-color":"","overlay-opacity":"","overlay-gradient":""},"tablet":{"background-color":"","background-image":"","background-repeat":"repeat","background-position":"center center","background-size":"auto","background-attachment":"scroll","background-type":"","background-media":"","overlay-type":"","overlay-color":"","overlay-opacity":"","overlay-gradient":""},"mobile":{"background-color":"","background-image":"","background-repeat":"repeat","background-position":"center center","background-size":"auto","background-attachment":"scroll","background-type":"","background-media":"","overlay-type":"","overlay-color":"","overlay-opacity":"","overlay-gradient":""}},"ast-content-background-meta":{"desktop":{"background-color":"var(--ast-global-color-5)","background-image":"","background-repeat":"repeat","background-position":"center center","background-size":"auto","background-attachment":"scroll","background-type":"","background-media":"","overlay-type":"","overlay-color":"","overlay-opacity":"","overlay-gradient":""},"tablet":{"background-color":"var(--ast-global-color-5)","background-image":"","background-repeat":"repeat","background-position":"center center","background-size":"auto","background-attachment":"scroll","background-type":"","background-media":"","overlay-type":"","overlay-color":"","overlay-opacity":"","overlay-gradient":""},"mobile":{"background-color":"var(--ast-global-color-5)","background-image":"","background-repeat":"repeat","background-position":"center center","background-size":"auto","background-attachment":"scroll","background-type":"","background-media":"","overlay-type":"","overlay-color":"","overlay-opacity":"","overlay-gradient":""}},"footnotes":""},"class_list":["post-5571","page","type-page","status-publish","hentry"],"_links":{"self":[{"href":"https:\/\/mijn-lo.nl\/pt\/wp-json\/wp\/v2\/pages\/5571","targetHints":{"allow":["GET"]}}],"collection":[{"href":"https:\/\/mijn-lo.nl\/pt\/wp-json\/wp\/v2\/pages"}],"about":[{"href":"https:\/\/mijn-lo.nl\/pt\/wp-json\/wp\/v2\/types\/page"}],"author":[{"embeddable":true,"href":"https:\/\/mijn-lo.nl\/pt\/wp-json\/wp\/v2\/users\/1"}],"replies":[{"embeddable":true,"href":"https:\/\/mijn-lo.nl\/pt\/wp-json\/wp\/v2\/comments?post=5571"}],"version-history":[{"count":7,"href":"https:\/\/mijn-lo.nl\/pt\/wp-json\/wp\/v2\/pages\/5571\/revisions"}],"predecessor-version":[{"id":6298,"href":"https:\/\/mijn-lo.nl\/pt\/wp-json\/wp\/v2\/pages\/5571\/revisions\/6298"}],"up":[{"embeddable":true,"href":"https:\/\/mijn-lo.nl\/pt\/wp-json\/wp\/v2\/pages\/3363"}],"wp:attachment":[{"href":"https:\/\/mijn-lo.nl\/pt\/wp-json\/wp\/v2\/media?parent=5571"}],"curies":[{"name":"wp","href":"https:\/\/api.w.org\/{rel}","templated":true}]}}