{"id":5573,"date":"2024-02-14T16:04:36","date_gmt":"2024-02-14T16:04:36","guid":{"rendered":"http:\/\/mijn-lo.nl\/?page_id=5573"},"modified":"2025-08-19T17:36:17","modified_gmt":"2025-08-19T17:36:17","slug":"raising-kids","status":"publish","type":"page","link":"https:\/\/mijn-lo.nl\/pt\/education\/raising-kids\/","title":{"rendered":"Educar os filhos"},"content":{"rendered":"<div data-elementor-type=\"wp-page\" data-elementor-id=\"5573\" class=\"elementor elementor-5573\" data-elementor-post-type=\"page\">\n\t\t\t\t\t\t<section class=\"elementor-section elementor-top-section elementor-element elementor-element-6810fd3 elementor-section-boxed elementor-section-height-default elementor-section-height-default\" data-id=\"6810fd3\" data-element_type=\"section\" data-settings=\"{&quot;background_background&quot;:&quot;classic&quot;}\">\n\t\t\t\t\t\t<div class=\"elementor-container elementor-column-gap-default\">\n\t\t\t\t\t<div class=\"elementor-column elementor-col-100 elementor-top-column elementor-element elementor-element-665021e\" data-id=\"665021e\" data-element_type=\"column\">\n\t\t\t<div class=\"elementor-widget-wrap elementor-element-populated\">\n\t\t\t\t\t\t<div class=\"elementor-element elementor-element-dc5257a elementor-widget elementor-widget-heading\" data-id=\"dc5257a\" data-element_type=\"widget\" data-widget_type=\"heading.default\">\n\t\t\t\t<div class=\"elementor-widget-container\">\n\t\t\t\t\t<h2 class=\"elementor-heading-title elementor-size-default\">Educar os filhos <\/h2>\t\t\t\t<\/div>\n\t\t\t\t<\/div>\n\t\t\t\t\t<\/div>\n\t\t<\/div>\n\t\t\t\t\t<\/div>\n\t\t<\/section>\n\t\t\t\t<section class=\"elementor-section elementor-top-section elementor-element elementor-element-f88c832 elementor-reverse-tablet elementor-reverse-mobile elementor-section-boxed elementor-section-height-default elementor-section-height-default\" data-id=\"f88c832\" data-element_type=\"section\">\n\t\t\t\t\t\t<div class=\"elementor-container elementor-column-gap-default\">\n\t\t\t\t\t<div class=\"elementor-column elementor-col-50 elementor-top-column elementor-element elementor-element-748187a\" data-id=\"748187a\" data-element_type=\"column\">\n\t\t\t<div class=\"elementor-widget-wrap elementor-element-populated\">\n\t\t\t\t\t\t<div class=\"elementor-element elementor-element-9ea2d13 elementor-widget elementor-widget-text-editor\" data-id=\"9ea2d13\" data-element_type=\"widget\" data-widget_type=\"text-editor.default\">\n\t\t\t\t<div class=\"elementor-widget-container\">\n\t\t\t\t\t\t\t\t\t<h3 class=\"mbr-section-title mbr-fonts-style mb-3 display-5\"><strong>Sobre a educa\u00e7\u00e3o dos filhos<\/strong><\/h3><p class=\"mbr-text mbr-fonts-style display-7\">Educar os filhos nos Pa\u00edses Baixos \u00e9 uma quest\u00e3o importante<br \/><br \/><strong>As crian\u00e7as t\u00eam de ter uma inf\u00e2ncia feliz e t\u00eam de se sentir seguras.\u00a0<\/strong>Os Pa\u00edses Baixos est\u00e3o frequentemente no topo das listas sobre a felicidade das crian\u00e7as devido \u00e0s boas escolas, aos fortes la\u00e7os familiares e ao apoio do governo. Mas, como em qualquer pa\u00eds, podem surgir problemas.<br \/><br \/><strong>Os pais procuram normalmente um bom equil\u00edbrio entre vida profissional e familiar.<\/strong>\u00a0As empresas nos Pa\u00edses Baixos oferecem hor\u00e1rios flex\u00edveis e longas licen\u00e7as parentais.<br \/>O pa\u00eds \u00e9, em geral, seguro, com excelentes cuidados de sa\u00fade. A criminalidade \u00e9 relativamente baixa. Mas, como sempre, existem desafios como problemas com drogas, jogos de azar e problemas com a depend\u00eancia de olhar para os smartphones.<br \/><br \/><strong>Incentivar a independ\u00eancia.<\/strong>\u00a0As crian\u00e7as holandesas s\u00e3o normalmente ensinadas a pensar e a agir por si pr\u00f3prias. Deix\u00e1-las fazer escolhas \u00e9 fundamental.<br \/><br \/><strong>Ajude-os a socializar.<\/strong>\u00a0Encontros para brincar, desportos e clubes s\u00e3o comuns e ajudam as crian\u00e7as a fazer amigos.<br \/><br \/><strong>Apresentar-lhes diferentes culturas.\u00a0<\/strong>Com uma popula\u00e7\u00e3o diversificada, as crian\u00e7as podem aprender sobre v\u00e1rias tradi\u00e7\u00f5es e l\u00ednguas. \u00c9 dada muita aten\u00e7\u00e3o \u00e0 inclus\u00e3o.<\/p>\t\t\t\t\t\t\t\t<\/div>\n\t\t\t\t<\/div>\n\t\t\t\t\t<\/div>\n\t\t<\/div>\n\t\t\t\t<div class=\"elementor-column elementor-col-50 elementor-top-column elementor-element elementor-element-6d6c662\" data-id=\"6d6c662\" data-element_type=\"column\">\n\t\t\t<div class=\"elementor-widget-wrap elementor-element-populated\">\n\t\t\t\t\t\t<div class=\"elementor-element elementor-element-d39c8c8 elementor-widget elementor-widget-image\" data-id=\"d39c8c8\" data-element_type=\"widget\" data-widget_type=\"image.default\">\n\t\t\t\t<div class=\"elementor-widget-container\">\n\t\t\t\t\t\t\t\t\t\t\t\t\t\t\t<img fetchpriority=\"high\" decoding=\"async\" width=\"711\" height=\"988\" src=\"https:\/\/mijn-lo.nl\/wp-content\/uploads\/2024\/02\/rasingg-kids2-711x988-1.webp\" class=\"attachment-large size-large wp-image-4518\" alt=\"\" srcset=\"https:\/\/mijn-lo.nl\/wp-content\/uploads\/2024\/02\/rasingg-kids2-711x988-1.webp 711w, https:\/\/mijn-lo.nl\/wp-content\/uploads\/2024\/02\/rasingg-kids2-711x988-1-216x300.webp 216w, https:\/\/mijn-lo.nl\/wp-content\/uploads\/2024\/02\/rasingg-kids2-711x988-1-9x12.webp 9w, https:\/\/mijn-lo.nl\/wp-content\/uploads\/2024\/02\/rasingg-kids2-711x988-1-17x24.webp 17w, https:\/\/mijn-lo.nl\/wp-content\/uploads\/2024\/02\/rasingg-kids2-711x988-1-26x36.webp 26w, https:\/\/mijn-lo.nl\/wp-content\/uploads\/2024\/02\/rasingg-kids2-711x988-1-35x48.webp 35w\" sizes=\"(max-width: 711px) 100vw, 711px\" \/>\t\t\t\t\t\t\t\t\t\t\t\t\t\t\t<\/div>\n\t\t\t\t<\/div>\n\t\t\t\t<div class=\"elementor-element elementor-element-76799f9 elementor-widget elementor-widget-text-editor\" data-id=\"76799f9\" data-element_type=\"widget\" data-widget_type=\"text-editor.default\">\n\t\t\t\t<div class=\"elementor-widget-container\">\n\t\t\t\t\t\t\t\t\t<p style=\"text-align: center;\">M\u00e3e e filha<\/p>\t\t\t\t\t\t\t\t<\/div>\n\t\t\t\t<\/div>\n\t\t\t\t\t<\/div>\n\t\t<\/div>\n\t\t\t\t\t<\/div>\n\t\t<\/section>\n\t\t\t\t<section class=\"elementor-section elementor-top-section elementor-element elementor-element-c2af9c8 elementor-section-boxed elementor-section-height-default elementor-section-height-default\" data-id=\"c2af9c8\" data-element_type=\"section\">\n\t\t\t\t\t\t<div class=\"elementor-container elementor-column-gap-default\">\n\t\t\t\t\t<div class=\"elementor-column elementor-col-50 elementor-top-column elementor-element elementor-element-820f2a6\" data-id=\"820f2a6\" data-element_type=\"column\">\n\t\t\t<div class=\"elementor-widget-wrap elementor-element-populated\">\n\t\t\t\t\t\t<div class=\"elementor-element elementor-element-2e25e9d elementor-widget elementor-widget-image\" data-id=\"2e25e9d\" data-element_type=\"widget\" data-widget_type=\"image.default\">\n\t\t\t\t<div class=\"elementor-widget-container\">\n\t\t\t\t\t\t\t\t\t\t\t\t\t\t\t<img decoding=\"async\" width=\"700\" height=\"486\" src=\"https:\/\/mijn-lo.nl\/wp-content\/uploads\/2024\/02\/jeugdzorg2-700x486-1.webp\" class=\"attachment-large size-large wp-image-5563\" alt=\"\" srcset=\"https:\/\/mijn-lo.nl\/wp-content\/uploads\/2024\/02\/jeugdzorg2-700x486-1.webp 700w, https:\/\/mijn-lo.nl\/wp-content\/uploads\/2024\/02\/jeugdzorg2-700x486-1-300x208.webp 300w, https:\/\/mijn-lo.nl\/wp-content\/uploads\/2024\/02\/jeugdzorg2-700x486-1-18x12.webp 18w, https:\/\/mijn-lo.nl\/wp-content\/uploads\/2024\/02\/jeugdzorg2-700x486-1-24x17.webp 24w, https:\/\/mijn-lo.nl\/wp-content\/uploads\/2024\/02\/jeugdzorg2-700x486-1-36x25.webp 36w, https:\/\/mijn-lo.nl\/wp-content\/uploads\/2024\/02\/jeugdzorg2-700x486-1-48x33.webp 48w\" sizes=\"(max-width: 700px) 100vw, 700px\" \/>\t\t\t\t\t\t\t\t\t\t\t\t\t\t\t<\/div>\n\t\t\t\t<\/div>\n\t\t\t\t<div class=\"elementor-element elementor-element-5552dff elementor-widget elementor-widget-text-editor\" data-id=\"5552dff\" data-element_type=\"widget\" data-widget_type=\"text-editor.default\">\n\t\t\t\t<div class=\"elementor-widget-container\">\n\t\t\t\t\t\t\t\t\t<p style=\"text-align: center;\">Em caso de problemas...<\/p>\t\t\t\t\t\t\t\t<\/div>\n\t\t\t\t<\/div>\n\t\t\t\t\t<\/div>\n\t\t<\/div>\n\t\t\t\t<div class=\"elementor-column elementor-col-50 elementor-top-column elementor-element elementor-element-f618cf2\" data-id=\"f618cf2\" data-element_type=\"column\">\n\t\t\t<div class=\"elementor-widget-wrap elementor-element-populated\">\n\t\t\t\t\t\t<div class=\"elementor-element elementor-element-46998ae elementor-widget elementor-widget-text-editor\" data-id=\"46998ae\" data-element_type=\"widget\" data-widget_type=\"text-editor.default\">\n\t\t\t\t<div class=\"elementor-widget-container\">\n\t\t\t\t\t\t\t\t\t<h3 class=\"mbr-section-title mbr-fonts-style mb-3 display-5\"><strong>Em caso de problemas: \"jeugdzorg\"<\/strong><\/h3><p class=\"mbr-text mbr-fonts-style display-7\">Em caso de problemas, existe um servi\u00e7o especial de assist\u00eancia a jovens chamado \"jeugdzorg\".<\/p><p><audio class=\"wp-audio-shortcode\" id=\"audio-5573-1\" preload=\"none\" style=\"width: 100%;\" controls=\"controls\"><source type=\"audio\/wav\" src=\"https:\/\/mijn-lo.nl\/wp-content\/uploads\/2024\/02\/jeugdzorg.wav?_=1\" \/><a href=\"https:\/\/mijn-lo.nl\/wp-content\/uploads\/2024\/02\/jeugdzorg.wav\">https:\/\/mijn-lo.nl\/wp-content\/uploads\/2024\/02\/jeugdzorg.wav<\/a><\/audio><\/p><p><br \/>Este servi\u00e7o destina-se a pais e filhos e tem 3 temas principais:<\/p><p><strong>\"Jeugdhulp\" (ajuda)<\/strong>: Oferece apoio a crian\u00e7as com dificuldades emocionais, comportamentais ou de desenvolvimento. Isto pode incluir terapia, aconselhamento familiar ou educa\u00e7\u00e3o especializada.<\/p><p>\u201c<strong>Jeugdbescherming\" (prote\u00e7\u00e3o)\u00a0<\/strong>Interv\u00e9m quando as crian\u00e7as est\u00e3o em risco de neglig\u00eancia, abuso ou explora\u00e7\u00e3o. Isto pode envolver a coloca\u00e7\u00e3o em fam\u00edlias de acolhimento, a presta\u00e7\u00e3o de apoio familiar intensivo ou interven\u00e7\u00f5es legais.<\/p><p><strong>Classifica\u00e7\u00e3o de crian\u00e7as:<\/strong>\u00a0<strong>(deixar o caminho criminoso e encontrar o caminho certo):<\/strong>\u00a0Trabalha com jovens delinquentes para resolver o seu comportamento criminoso e ajud\u00e1-los a reintegrar-se na sociedade. Isto envolve supervis\u00e3o, aconselhamento e servi\u00e7o comunit\u00e1rio.<\/p><p>Normalmente, as pessoas podem perguntar ao seu m\u00e9dico como obter estes cuidados.<\/p>\t\t\t\t\t\t\t\t<\/div>\n\t\t\t\t<\/div>\n\t\t\t\t\t<\/div>\n\t\t<\/div>\n\t\t\t\t\t<\/div>\n\t\t<\/section>\n\t\t\t\t<section class=\"elementor-section elementor-top-section elementor-element elementor-element-2edcca1 elementor-section-boxed elementor-section-height-default elementor-section-height-default\" data-id=\"2edcca1\" data-element_type=\"section\">\n\t\t\t\t\t\t<div class=\"elementor-container elementor-column-gap-default\">\n\t\t\t\t\t<div class=\"elementor-column elementor-col-100 elementor-top-column elementor-element elementor-element-75349f87\" data-id=\"75349f87\" data-element_type=\"column\">\n\t\t\t<div class=\"elementor-widget-wrap elementor-element-populated\">\n\t\t\t\t\t\t<div class=\"elementor-element elementor-element-2d2d0e50 elementor-align-center elementor-widget elementor-widget-button\" data-id=\"2d2d0e50\" data-element_type=\"widget\" data-widget_type=\"button.default\">\n\t\t\t\t<div class=\"elementor-widget-container\">\n\t\t\t\t\t\t\t\t\t<div class=\"elementor-button-wrapper\">\n\t\t\t\t\t<a class=\"elementor-button elementor-button-link elementor-size-sm\" href=\"https:\/\/mijn-lo.nl\/pt\/education\/test-6\/\">\n\t\t\t\t\t\t<span class=\"elementor-button-content-wrapper\">\n\t\t\t\t\t\t\t\t\t<span class=\"elementor-button-text\">continuar<\/span>\n\t\t\t\t\t<\/span>\n\t\t\t\t\t<\/a>\n\t\t\t\t<\/div>\n\t\t\t\t\t\t\t\t<\/div>\n\t\t\t\t<\/div>\n\t\t\t\t\t<\/div>\n\t\t<\/div>\n\t\t\t\t\t<\/div>\n\t\t<\/section>\n\t\t\t\t<\/div>","protected":false},"excerpt":{"rendered":"<p>Raising kids About raising kids Raising kids in the Netherlands is an important issue Kids have to have a happy childhood and have to feel safe.\u00a0The Netherlands often tops lists about children&#8217;s happiness due to good schools, strong family ties, and government support. But as in any countries problems may arise. Parents usualy look for [&hellip;]<\/p>\n","protected":false},"author":1,"featured_media":0,"parent":3363,"menu_order":4,"comment_status":"closed","ping_status":"closed","template":"elementor_canvas","meta":{"site-sidebar-layout":"no-sidebar","site-content-layout":"page-builder","ast-site-content-layout":"full-width-container","site-content-style":"default","site-sidebar-style":"default","ast-global-header-display":"","ast-banner-title-visibility":"","ast-main-header-display":"","ast-hfb-above-header-display":"","ast-hfb-below-header-display":"","ast-hfb-mobile-header-display":"","site-post-title":"disabled","ast-breadcrumbs-content":"","ast-featured-img":"disabled","footer-sml-layout":"","theme-transparent-header-meta":"","adv-header-id-meta":"","stick-header-meta":"","header-above-stick-meta":"","header-main-stick-meta":"","header-below-stick-meta":"","astra-migrate-meta-layouts":"set","ast-page-background-enabled":"default","ast-page-background-meta":{"desktop":{"background-color":"var(--ast-global-color-4)","background-image":"","background-repeat":"repeat","background-position":"center center","background-size":"auto","background-attachment":"scroll","background-type":"","background-media":"","overlay-type":"","overlay-color":"","overlay-opacity":"","overlay-gradient":""},"tablet":{"background-color":"","background-image":"","background-repeat":"repeat","background-position":"center center","background-size":"auto","background-attachment":"scroll","background-type":"","background-media":"","overlay-type":"","overlay-color":"","overlay-opacity":"","overlay-gradient":""},"mobile":{"background-color":"","background-image":"","background-repeat":"repeat","background-position":"center center","background-size":"auto","background-attachment":"scroll","background-type":"","background-media":"","overlay-type":"","overlay-color":"","overlay-opacity":"","overlay-gradient":""}},"ast-content-background-meta":{"desktop":{"background-color":"var(--ast-global-color-5)","background-image":"","background-repeat":"repeat","background-position":"center center","background-size":"auto","background-attachment":"scroll","background-type":"","background-media":"","overlay-type":"","overlay-color":"","overlay-opacity":"","overlay-gradient":""},"tablet":{"background-color":"var(--ast-global-color-5)","background-image":"","background-repeat":"repeat","background-position":"center center","background-size":"auto","background-attachment":"scroll","background-type":"","background-media":"","overlay-type":"","overlay-color":"","overlay-opacity":"","overlay-gradient":""},"mobile":{"background-color":"var(--ast-global-color-5)","background-image":"","background-repeat":"repeat","background-position":"center center","background-size":"auto","background-attachment":"scroll","background-type":"","background-media":"","overlay-type":"","overlay-color":"","overlay-opacity":"","overlay-gradient":""}},"footnotes":""},"class_list":["post-5573","page","type-page","status-publish","hentry"],"_links":{"self":[{"href":"https:\/\/mijn-lo.nl\/pt\/wp-json\/wp\/v2\/pages\/5573","targetHints":{"allow":["GET"]}}],"collection":[{"href":"https:\/\/mijn-lo.nl\/pt\/wp-json\/wp\/v2\/pages"}],"about":[{"href":"https:\/\/mijn-lo.nl\/pt\/wp-json\/wp\/v2\/types\/page"}],"author":[{"embeddable":true,"href":"https:\/\/mijn-lo.nl\/pt\/wp-json\/wp\/v2\/users\/1"}],"replies":[{"embeddable":true,"href":"https:\/\/mijn-lo.nl\/pt\/wp-json\/wp\/v2\/comments?post=5573"}],"version-history":[{"count":13,"href":"https:\/\/mijn-lo.nl\/pt\/wp-json\/wp\/v2\/pages\/5573\/revisions"}],"predecessor-version":[{"id":6301,"href":"https:\/\/mijn-lo.nl\/pt\/wp-json\/wp\/v2\/pages\/5573\/revisions\/6301"}],"up":[{"embeddable":true,"href":"https:\/\/mijn-lo.nl\/pt\/wp-json\/wp\/v2\/pages\/3363"}],"wp:attachment":[{"href":"https:\/\/mijn-lo.nl\/pt\/wp-json\/wp\/v2\/media?parent=5573"}],"curies":[{"name":"wp","href":"https:\/\/api.w.org\/{rel}","templated":true}]}}