{"id":3293,"date":"2023-09-03T09:25:04","date_gmt":"2023-09-03T09:25:04","guid":{"rendered":"http:\/\/mijn-lo.nl\/?page_id=3293"},"modified":"2025-08-19T17:22:22","modified_gmt":"2025-08-19T17:22:22","slug":"dutch-manners","status":"publish","type":"page","link":"https:\/\/mijn-lo.nl\/ro\/people\/dutch-manners\/","title":{"rendered":"maniere olandeze"},"content":{"rendered":"<div data-elementor-type=\"wp-page\" data-elementor-id=\"3293\" class=\"elementor elementor-3293\" data-elementor-post-type=\"page\">\n\t\t\t\t\t\t<section class=\"elementor-section elementor-top-section elementor-element elementor-element-5c38edc9 elementor-section-boxed elementor-section-height-default elementor-section-height-default\" data-id=\"5c38edc9\" data-element_type=\"section\" data-settings=\"{&quot;background_background&quot;:&quot;classic&quot;}\">\n\t\t\t\t\t\t<div class=\"elementor-container elementor-column-gap-default\">\n\t\t\t\t\t<div class=\"elementor-column elementor-col-100 elementor-top-column elementor-element elementor-element-6cb9d5f0\" data-id=\"6cb9d5f0\" data-element_type=\"column\">\n\t\t\t<div class=\"elementor-widget-wrap elementor-element-populated\">\n\t\t\t\t\t\t<div class=\"elementor-element elementor-element-13fe97bf elementor-widget elementor-widget-heading\" data-id=\"13fe97bf\" data-element_type=\"widget\" data-widget_type=\"heading.default\">\n\t\t\t\t<div class=\"elementor-widget-container\">\n\t\t\t\t\t<h2 class=\"elementor-heading-title elementor-size-default\">OAMENI<\/h2>\t\t\t\t<\/div>\n\t\t\t\t<\/div>\n\t\t\t\t\t<\/div>\n\t\t<\/div>\n\t\t\t\t\t<\/div>\n\t\t<\/section>\n\t\t\t\t<section class=\"elementor-section elementor-top-section elementor-element elementor-element-919e86c elementor-section-boxed elementor-section-height-default elementor-section-height-default\" data-id=\"919e86c\" data-element_type=\"section\">\n\t\t\t\t\t\t<div class=\"elementor-container elementor-column-gap-default\">\n\t\t\t\t\t<div class=\"elementor-column elementor-col-100 elementor-top-column elementor-element elementor-element-39af052\" data-id=\"39af052\" data-element_type=\"column\">\n\t\t\t<div class=\"elementor-widget-wrap elementor-element-populated\">\n\t\t\t\t\t\t<div class=\"elementor-element elementor-element-17e3281 elementor-widget elementor-widget-image\" data-id=\"17e3281\" data-element_type=\"widget\" data-widget_type=\"image.default\">\n\t\t\t\t<div class=\"elementor-widget-container\">\n\t\t\t\t\t\t\t\t\t\t\t\t\t\t\t<img fetchpriority=\"high\" decoding=\"async\" width=\"1024\" height=\"471\" src=\"https:\/\/mijn-lo.nl\/wp-content\/uploads\/2023\/09\/alkmaar1-1-1200x552-1-1024x471.webp\" class=\"attachment-large size-large wp-image-3295\" alt=\"\" srcset=\"https:\/\/mijn-lo.nl\/wp-content\/uploads\/2023\/09\/alkmaar1-1-1200x552-1-1024x471.webp 1024w, https:\/\/mijn-lo.nl\/wp-content\/uploads\/2023\/09\/alkmaar1-1-1200x552-1-300x138.webp 300w, https:\/\/mijn-lo.nl\/wp-content\/uploads\/2023\/09\/alkmaar1-1-1200x552-1-768x353.webp 768w, https:\/\/mijn-lo.nl\/wp-content\/uploads\/2023\/09\/alkmaar1-1-1200x552-1-18x8.webp 18w, https:\/\/mijn-lo.nl\/wp-content\/uploads\/2023\/09\/alkmaar1-1-1200x552-1-24x11.webp 24w, https:\/\/mijn-lo.nl\/wp-content\/uploads\/2023\/09\/alkmaar1-1-1200x552-1-36x17.webp 36w, https:\/\/mijn-lo.nl\/wp-content\/uploads\/2023\/09\/alkmaar1-1-1200x552-1-48x22.webp 48w, https:\/\/mijn-lo.nl\/wp-content\/uploads\/2023\/09\/alkmaar1-1-1200x552-1.webp 1200w\" sizes=\"(max-width: 1024px) 100vw, 1024px\" \/>\t\t\t\t\t\t\t\t\t\t\t\t\t\t\t<\/div>\n\t\t\t\t<\/div>\n\t\t\t\t\t<\/div>\n\t\t<\/div>\n\t\t\t\t\t<\/div>\n\t\t<\/section>\n\t\t\t\t<section class=\"elementor-section elementor-top-section elementor-element elementor-element-8b766db elementor-section-boxed elementor-section-height-default elementor-section-height-default\" data-id=\"8b766db\" data-element_type=\"section\">\n\t\t\t\t\t\t<div class=\"elementor-container elementor-column-gap-default\">\n\t\t\t\t\t<div class=\"elementor-column elementor-col-100 elementor-top-column elementor-element elementor-element-3ab91f5\" data-id=\"3ab91f5\" data-element_type=\"column\">\n\t\t\t<div class=\"elementor-widget-wrap elementor-element-populated\">\n\t\t\t\t\t\t<div class=\"elementor-element elementor-element-a176388 elementor-widget elementor-widget-text-editor\" data-id=\"a176388\" data-element_type=\"widget\" data-widget_type=\"text-editor.default\">\n\t\t\t\t<div class=\"elementor-widget-container\">\n\t\t\t\t\t\t\t\t\t<p style=\"text-align: center;\">Alkmaar: un ora\u0219 tipic olandez<\/p>\t\t\t\t\t\t\t\t<\/div>\n\t\t\t\t<\/div>\n\t\t\t\t\t<\/div>\n\t\t<\/div>\n\t\t\t\t\t<\/div>\n\t\t<\/section>\n\t\t\t\t<section class=\"elementor-section elementor-top-section elementor-element elementor-element-4ab774c elementor-section-boxed elementor-section-height-default elementor-section-height-default\" data-id=\"4ab774c\" data-element_type=\"section\">\n\t\t\t\t\t\t<div class=\"elementor-container elementor-column-gap-default\">\n\t\t\t\t\t<div class=\"elementor-column elementor-col-50 elementor-top-column elementor-element elementor-element-d52035b\" data-id=\"d52035b\" data-element_type=\"column\">\n\t\t\t<div class=\"elementor-widget-wrap elementor-element-populated\">\n\t\t\t\t\t\t<div class=\"elementor-element elementor-element-5307f71 elementor-widget elementor-widget-image\" data-id=\"5307f71\" data-element_type=\"widget\" data-widget_type=\"image.default\">\n\t\t\t\t<div class=\"elementor-widget-container\">\n\t\t\t\t\t\t\t\t\t\t\t\t\t\t\t<img decoding=\"async\" width=\"610\" height=\"597\" src=\"https:\/\/mijn-lo.nl\/wp-content\/uploads\/2023\/09\/tegeltje1-610x597-1.webp\" class=\"attachment-large size-large wp-image-3296\" alt=\"\" srcset=\"https:\/\/mijn-lo.nl\/wp-content\/uploads\/2023\/09\/tegeltje1-610x597-1.webp 610w, https:\/\/mijn-lo.nl\/wp-content\/uploads\/2023\/09\/tegeltje1-610x597-1-300x294.webp 300w, https:\/\/mijn-lo.nl\/wp-content\/uploads\/2023\/09\/tegeltje1-610x597-1-12x12.webp 12w, https:\/\/mijn-lo.nl\/wp-content\/uploads\/2023\/09\/tegeltje1-610x597-1-24x24.webp 24w, https:\/\/mijn-lo.nl\/wp-content\/uploads\/2023\/09\/tegeltje1-610x597-1-36x36.webp 36w, https:\/\/mijn-lo.nl\/wp-content\/uploads\/2023\/09\/tegeltje1-610x597-1-48x48.webp 48w\" sizes=\"(max-width: 610px) 100vw, 610px\" \/>\t\t\t\t\t\t\t\t\t\t\t\t\t\t\t<\/div>\n\t\t\t\t<\/div>\n\t\t\t\t\t<\/div>\n\t\t<\/div>\n\t\t\t\t<div class=\"elementor-column elementor-col-50 elementor-top-column elementor-element elementor-element-0de69c5\" data-id=\"0de69c5\" data-element_type=\"column\">\n\t\t\t<div class=\"elementor-widget-wrap elementor-element-populated\">\n\t\t\t\t\t\t<div class=\"elementor-element elementor-element-3ec27b9 elementor-widget elementor-widget-text-editor\" data-id=\"3ec27b9\" data-element_type=\"widget\" data-widget_type=\"text-editor.default\">\n\t\t\t\t<div class=\"elementor-widget-container\">\n\t\t\t\t\t\t\t\t\t<h3 class=\"mbr-section-title mbr-fonts-style mb-3 display-5\"><strong>maniere olandeze<\/strong><\/h3><p>Dac\u0103 ave\u021bi o alt\u0103 limb\u0103: subiectele importante din videoclip sunt:<br \/>1. Mul\u021bi olandezi nu mai merg la o biseric\u0103 \u0219i regulile care sunt adesea prescrise de biseric\u0103 \u0219i adoptate prin lege au fost foarte sl\u0103bite. De exemplu, avortul este permis. Pute\u021bi cere medicului dumneavoastr\u0103 regulile privind avortul.<br \/>2. Uneori oamenii au ajuns la o etap\u0103 final\u0103 a vie\u021bii lor \u00een care sufer\u0103 mult\u0103 durere. Un medic poate ajuta apoi s\u0103 pun\u0103 cap\u0103t vie\u021bii. Vorbim apoi de eutanasie.<br \/>3. Mul\u021bi oameni sunt divor\u021ba\u021bi \u00een \u021a\u0103rile de Jos. Asta este pe deplin acceptat.<br \/>4. C\u0103s\u0103toria \u00eentre b\u0103rbat \u0219i b\u0103rbat sau femeie \u0219i femeie este oficial posibil\u0103 \u00een \u021a\u0103rile de Jos.<br \/>5. Pute\u021bi locui \u00eempreun\u0103 \u0219i \u00een Olanda f\u0103r\u0103 a fi c\u0103s\u0103tori\u021bi. Este posibil s\u0103 se \u00eencheie un acord de convie\u021buire.<br \/>6. Spre deosebire de alte \u021b\u0103ri, nu ave\u021bi voie s\u0103 v\u0103 lovi\u021bi partenerul sau copiii \u00een \u021a\u0103rile de Jos. Numim asta violen\u021b\u0103 domestic\u0103<br \/>7. \u00cen \u021a\u0103rile de Jos, un b\u0103iat poate fi circumcis, dar circumcizia unei fete este strict interzis\u0103.<br \/>8. Sexul \u00eentre un adult \u0219i orice persoan\u0103 cu v\u00e2rsta sub 16 ani este interzis. Sexul sub constr\u00e2ngere este interzis \u0219i este considerat viol. Interdic\u021bia de a nu face sex \u00eenainte de c\u0103s\u0103torie este v\u0103zut\u0103 de majoritatea ca o prostie.<br \/>9. \u00cen Olanda vedem c\u0103 oamenii tr\u0103iesc \u00een casa lor c\u00e2t mai mult posibil. Chiar dac\u0103 partenerul lor a murit. Aceasta \u00eenseamn\u0103 c\u0103 mul\u021bi oameni \u00een v\u00e2rst\u0103 sunt singuri.<\/p>\t\t\t\t\t\t\t\t<\/div>\n\t\t\t\t<\/div>\n\t\t\t\t\t<\/div>\n\t\t<\/div>\n\t\t\t\t\t<\/div>\n\t\t<\/section>\n\t\t\t\t<section class=\"elementor-section elementor-top-section elementor-element elementor-element-155941f3 elementor-section-boxed elementor-section-height-default elementor-section-height-default\" data-id=\"155941f3\" data-element_type=\"section\">\n\t\t\t\t\t\t<div class=\"elementor-container elementor-column-gap-default\">\n\t\t\t\t\t<div class=\"elementor-column elementor-col-100 elementor-top-column elementor-element elementor-element-5dce2f9\" data-id=\"5dce2f9\" data-element_type=\"column\">\n\t\t\t<div class=\"elementor-widget-wrap elementor-element-populated\">\n\t\t\t\t\t\t<div class=\"elementor-element elementor-element-535cea2c elementor-align-center elementor-widget elementor-widget-button\" data-id=\"535cea2c\" data-element_type=\"widget\" data-widget_type=\"button.default\">\n\t\t\t\t<div class=\"elementor-widget-container\">\n\t\t\t\t\t\t\t\t\t<div class=\"elementor-button-wrapper\">\n\t\t\t\t\t<a class=\"elementor-button elementor-button-link elementor-size-sm\" href=\"https:\/\/mijn-lo.nl\/ro\/people\/important-days-in-the-netherlands\/\">\n\t\t\t\t\t\t<span class=\"elementor-button-content-wrapper\">\n\t\t\t\t\t\t\t\t\t<span class=\"elementor-button-text\">continua<\/span>\n\t\t\t\t\t<\/span>\n\t\t\t\t\t<\/a>\n\t\t\t\t<\/div>\n\t\t\t\t\t\t\t\t<\/div>\n\t\t\t\t<\/div>\n\t\t\t\t\t<\/div>\n\t\t<\/div>\n\t\t\t\t\t<\/div>\n\t\t<\/section>\n\t\t\t\t<\/div>","protected":false},"excerpt":{"rendered":"<p>PEOPLE Alkmaar: a typical Dutch town Dutch manners If you have a different language: important subjects in the video are:1. Many Dutch people no longer go to a church and rules that are often prescribed by the church and adopted by law have been very weakened. For example, abortion is allowed. You can ask your [&hellip;]<\/p>\n","protected":false},"author":1,"featured_media":0,"parent":3321,"menu_order":1,"comment_status":"closed","ping_status":"closed","template":"elementor_canvas","meta":{"site-sidebar-layout":"no-sidebar","site-content-layout":"page-builder","ast-site-content-layout":"full-width-container","site-content-style":"default","site-sidebar-style":"default","ast-global-header-display":"","ast-banner-title-visibility":"","ast-main-header-display":"","ast-hfb-above-header-display":"","ast-hfb-below-header-display":"","ast-hfb-mobile-header-display":"","site-post-title":"disabled","ast-breadcrumbs-content":"","ast-featured-img":"disabled","footer-sml-layout":"","theme-transparent-header-meta":"","adv-header-id-meta":"","stick-header-meta":"","header-above-stick-meta":"","header-main-stick-meta":"","header-below-stick-meta":"","astra-migrate-meta-layouts":"set","ast-page-background-enabled":"default","ast-page-background-meta":{"desktop":{"background-color":"var(--ast-global-color-4)","background-image":"","background-repeat":"repeat","background-position":"center center","background-size":"auto","background-attachment":"scroll","background-type":"","background-media":"","overlay-type":"","overlay-color":"","overlay-opacity":"","overlay-gradient":""},"tablet":{"background-color":"","background-image":"","background-repeat":"repeat","background-position":"center center","background-size":"auto","background-attachment":"scroll","background-type":"","background-media":"","overlay-type":"","overlay-color":"","overlay-opacity":"","overlay-gradient":""},"mobile":{"background-color":"","background-image":"","background-repeat":"repeat","background-position":"center center","background-size":"auto","background-attachment":"scroll","background-type":"","background-media":"","overlay-type":"","overlay-color":"","overlay-opacity":"","overlay-gradient":""}},"ast-content-background-meta":{"desktop":{"background-color":"var(--ast-global-color-5)","background-image":"","background-repeat":"repeat","background-position":"center center","background-size":"auto","background-attachment":"scroll","background-type":"","background-media":"","overlay-type":"","overlay-color":"","overlay-opacity":"","overlay-gradient":""},"tablet":{"background-color":"var(--ast-global-color-5)","background-image":"","background-repeat":"repeat","background-position":"center center","background-size":"auto","background-attachment":"scroll","background-type":"","background-media":"","overlay-type":"","overlay-color":"","overlay-opacity":"","overlay-gradient":""},"mobile":{"background-color":"var(--ast-global-color-5)","background-image":"","background-repeat":"repeat","background-position":"center center","background-size":"auto","background-attachment":"scroll","background-type":"","background-media":"","overlay-type":"","overlay-color":"","overlay-opacity":"","overlay-gradient":""}},"footnotes":""},"class_list":["post-3293","page","type-page","status-publish","hentry"],"_links":{"self":[{"href":"https:\/\/mijn-lo.nl\/ro\/wp-json\/wp\/v2\/pages\/3293","targetHints":{"allow":["GET"]}}],"collection":[{"href":"https:\/\/mijn-lo.nl\/ro\/wp-json\/wp\/v2\/pages"}],"about":[{"href":"https:\/\/mijn-lo.nl\/ro\/wp-json\/wp\/v2\/types\/page"}],"author":[{"embeddable":true,"href":"https:\/\/mijn-lo.nl\/ro\/wp-json\/wp\/v2\/users\/1"}],"replies":[{"embeddable":true,"href":"https:\/\/mijn-lo.nl\/ro\/wp-json\/wp\/v2\/comments?post=3293"}],"version-history":[{"count":17,"href":"https:\/\/mijn-lo.nl\/ro\/wp-json\/wp\/v2\/pages\/3293\/revisions"}],"predecessor-version":[{"id":6238,"href":"https:\/\/mijn-lo.nl\/ro\/wp-json\/wp\/v2\/pages\/3293\/revisions\/6238"}],"up":[{"embeddable":true,"href":"https:\/\/mijn-lo.nl\/ro\/wp-json\/wp\/v2\/pages\/3321"}],"wp:attachment":[{"href":"https:\/\/mijn-lo.nl\/ro\/wp-json\/wp\/v2\/media?parent=3293"}],"curies":[{"name":"wp","href":"https:\/\/api.w.org\/{rel}","templated":true}]}}