{"id":3497,"date":"2023-09-03T11:32:13","date_gmt":"2023-09-03T11:32:13","guid":{"rendered":"http:\/\/mijn-lo.nl\/?page_id=3497"},"modified":"2025-08-19T17:16:51","modified_gmt":"2025-08-19T17:16:51","slug":"water-water-water","status":"publish","type":"page","link":"https:\/\/mijn-lo.nl\/ro\/the-netherlands\/water-water-water\/","title":{"rendered":"Ap\u0103, ap\u0103, ap\u0103"},"content":{"rendered":"<div data-elementor-type=\"wp-page\" data-elementor-id=\"3497\" class=\"elementor elementor-3497\" data-elementor-post-type=\"page\">\n\t\t\t\t\t\t<section class=\"elementor-section elementor-top-section elementor-element elementor-element-4ab774c elementor-section-boxed elementor-section-height-default elementor-section-height-default\" data-id=\"4ab774c\" data-element_type=\"section\">\n\t\t\t\t\t\t\t<div class=\"elementor-background-overlay\"><\/div>\n\t\t\t\t\t\t\t<div class=\"elementor-container elementor-column-gap-default\">\n\t\t\t\t\t<div class=\"elementor-column elementor-col-50 elementor-top-column elementor-element elementor-element-0de69c5\" data-id=\"0de69c5\" data-element_type=\"column\">\n\t\t\t<div class=\"elementor-widget-wrap elementor-element-populated\">\n\t\t\t\t\t\t<div class=\"elementor-element elementor-element-3ec27b9 elementor-widget__width-initial elementor-widget elementor-widget-text-editor\" data-id=\"3ec27b9\" data-element_type=\"widget\" data-widget_type=\"text-editor.default\">\n\t\t\t\t<div class=\"elementor-widget-container\">\n\t\t\t\t\t\t\t\t\t<h3 class=\"mbr-section-subtitle mbr-fonts-style mb-4 display-5\"><strong>Ap\u0103, ap\u0103, ap\u0103<\/strong><\/h3><h4>\u00a0<\/h4><p class=\"mbr-section-subtitle mbr-fonts-style mb-4 display-5\"><strong>Diguri, poldere<\/strong><br \/>\u00cen \u021a\u0103rile de Jos, exist\u0103 zone care \u00eenainte erau sub ap\u0103, dar acum sunt terestre. Aceste zone se numesc poldere. Sunt \u00eenconjurate de diguri, care sunt ca ni\u0219te ziduri pentru a \u021bine apa. Apa este apoi pompat\u0103 \u00een canalele din jurul polderelor. Cel mai mare polder din \u021a\u0103rile de Jos f\u0103cea parte dintr-un lac mare numit IJsselmeer. IJsselmeer a fost conectat la mare, dar acum exist\u0103 un dig care \u00eel separ\u0103 de Marea Nordului.<\/p><p>Pe hart\u0103, pute\u021bi vedea \u0219i unele r\u00e2uri precum Rinul, Waal, Maas \u0219i IJssel. Aceste r\u00e2uri sunt folosite pentru transportul cu b\u0103rci.<\/p>\t\t\t\t\t\t\t\t<\/div>\n\t\t\t\t<\/div>\n\t\t\t\t\t<\/div>\n\t\t<\/div>\n\t\t\t\t<div class=\"elementor-column elementor-col-50 elementor-top-column elementor-element elementor-element-757e360\" data-id=\"757e360\" data-element_type=\"column\">\n\t\t\t<div class=\"elementor-widget-wrap elementor-element-populated\">\n\t\t\t\t\t\t<div class=\"elementor-element elementor-element-48d081f elementor-widget__width-initial elementor-widget elementor-widget-text-editor\" data-id=\"48d081f\" data-element_type=\"widget\" data-widget_type=\"text-editor.default\">\n\t\t\t\t<div class=\"elementor-widget-container\">\n\t\t\t\t\t\t\t\t\t<strong>Cuvintele diguri, poldere sunt:<\/strong>\n\n<audio class=\"wp-audio-shortcode\" id=\"audio-3497-1\" preload=\"none\" style=\"width: 100%;\" controls=\"controls\"><source type=\"audio\/wav\" src=\"https:\/\/mijn-lo.nl\/wp-content\/uploads\/2023\/09\/MAPH1-6-1.wav?_=1\" \/><a href=\"https:\/\/mijn-lo.nl\/wp-content\/uploads\/2023\/09\/MAPH1-6-1.wav\">https:\/\/mijn-lo.nl\/wp-content\/uploads\/2023\/09\/MAPH1-6-1.wav<\/a><\/audio>\t\t\t\t\t\t\t\t<\/div>\n\t\t\t\t<\/div>\n\t\t\t\t\t<\/div>\n\t\t<\/div>\n\t\t\t\t\t<\/div>\n\t\t<\/section>\n\t\t\t\t<section class=\"elementor-section elementor-top-section elementor-element elementor-element-780bb12 elementor-section-boxed elementor-section-height-default elementor-section-height-default\" data-id=\"780bb12\" data-element_type=\"section\">\n\t\t\t\t\t\t<div class=\"elementor-container elementor-column-gap-default\">\n\t\t\t\t\t<div class=\"elementor-column elementor-col-100 elementor-top-column elementor-element elementor-element-2486926\" data-id=\"2486926\" data-element_type=\"column\">\n\t\t\t<div class=\"elementor-widget-wrap elementor-element-populated\">\n\t\t\t\t\t\t<div class=\"elementor-element elementor-element-3b90054 elementor-widget elementor-widget-image\" data-id=\"3b90054\" data-element_type=\"widget\" data-widget_type=\"image.default\">\n\t\t\t\t<div class=\"elementor-widget-container\">\n\t\t\t\t\t\t\t\t\t\t\t\t\t\t\t<img fetchpriority=\"high\" decoding=\"async\" width=\"1024\" height=\"542\" src=\"https:\/\/mijn-lo.nl\/wp-content\/uploads\/2023\/09\/maas-2-1280x678-1-1024x542.webp\" class=\"attachment-large size-large wp-image-3531\" alt=\"\" srcset=\"https:\/\/mijn-lo.nl\/wp-content\/uploads\/2023\/09\/maas-2-1280x678-1-1024x542.webp 1024w, https:\/\/mijn-lo.nl\/wp-content\/uploads\/2023\/09\/maas-2-1280x678-1-300x159.webp 300w, https:\/\/mijn-lo.nl\/wp-content\/uploads\/2023\/09\/maas-2-1280x678-1-768x407.webp 768w, https:\/\/mijn-lo.nl\/wp-content\/uploads\/2023\/09\/maas-2-1280x678-1-18x10.webp 18w, https:\/\/mijn-lo.nl\/wp-content\/uploads\/2023\/09\/maas-2-1280x678-1-24x13.webp 24w, https:\/\/mijn-lo.nl\/wp-content\/uploads\/2023\/09\/maas-2-1280x678-1-36x19.webp 36w, https:\/\/mijn-lo.nl\/wp-content\/uploads\/2023\/09\/maas-2-1280x678-1-48x25.webp 48w, https:\/\/mijn-lo.nl\/wp-content\/uploads\/2023\/09\/maas-2-1280x678-1.webp 1280w\" sizes=\"(max-width: 1024px) 100vw, 1024px\" \/>\t\t\t\t\t\t\t\t\t\t\t\t\t\t\t<\/div>\n\t\t\t\t<\/div>\n\t\t\t\t<div class=\"elementor-element elementor-element-1830e68 elementor-widget elementor-widget-text-editor\" data-id=\"1830e68\" data-element_type=\"widget\" data-widget_type=\"text-editor.default\">\n\t\t\t\t<div class=\"elementor-widget-container\">\n\t\t\t\t\t\t\t\t\t<p style=\"text-align: center;\">R\u00e2ul Maas (foto,\u00a0<a href=\"https:\/\/pixabay.com\/nl\/users\/alkemade-804941\/?utm_source=link-attribution&amp;utm_medium=referral&amp;utm_campaign=image&amp;utm_content=4249763\">Ria<\/a>\u00a0prin intermediul\u00a0<a href=\"https:\/\/pixabay.com\/nl\/\/?utm_source=link-attribution&amp;utm_medium=referral&amp;utm_campaign=image&amp;utm_content=4249763\">Pixabay<\/a>)<\/p>\t\t\t\t\t\t\t\t<\/div>\n\t\t\t\t<\/div>\n\t\t\t\t\t<\/div>\n\t\t<\/div>\n\t\t\t\t\t<\/div>\n\t\t<\/section>\n\t\t\t\t<section class=\"elementor-section elementor-top-section elementor-element elementor-element-03c27a7 elementor-section-boxed elementor-section-height-default elementor-section-height-default\" data-id=\"03c27a7\" data-element_type=\"section\">\n\t\t\t\t\t\t\t<div class=\"elementor-background-overlay\"><\/div>\n\t\t\t\t\t\t\t<div class=\"elementor-container elementor-column-gap-default\">\n\t\t\t\t\t<div class=\"elementor-column elementor-col-100 elementor-top-column elementor-element elementor-element-5ffde2f\" data-id=\"5ffde2f\" data-element_type=\"column\">\n\t\t\t<div class=\"elementor-widget-wrap elementor-element-populated\">\n\t\t\t\t\t\t<div class=\"elementor-element elementor-element-1aa1f08 elementor-widget elementor-widget-text-editor\" data-id=\"1aa1f08\" data-element_type=\"widget\" data-widget_type=\"text-editor.default\">\n\t\t\t\t<div class=\"elementor-widget-container\">\n\t\t\t\t\t\t\t\t\t<h3><strong>Plat, doar dealuri \u00een sudul \u021b\u0103rii<\/strong><\/h3><p><strong><br \/><\/strong>C\u00e2nd te ui\u021bi la \u021a\u0103rile de Jos, un lucru pe care \u00eel vei observa este c\u0103 este foarte plat\u0103. Exist\u0103 doar dealuri \u00eentr-o regiune numit\u0103 Limburg, dar nu exist\u0103 mun\u021bi \u00een \u021bar\u0103. Cel mai \u00eenalt punct din \u021a\u0103rile de Jos se afl\u0103 \u00een partea de sud \u0219i are pu\u021bin peste 300 de metri \u00een\u0103l\u021bime.<br \/><br \/>Provincia Zeeland este protejat\u0103 de mare de ziduri mari numite diguri. \u00cen 1953, a avut loc un dezastru teribil \u00een Zelanda. Zona a fost inundat\u0103 \u0219i aproape 2000 de oameni s-au \u00eenecat. Pentru c\u0103 \u00een Olanda exist\u0103 multe locuri cu ap\u0103, copiii sunt \u00eenv\u0103\u021ba\u021bi s\u0103 \u00eenoate de mici.<br \/><br \/>Acum va trebui s\u0103 \u00eenv\u0103\u021b\u0103m c\u00e2teva nume.<\/p>\t\t\t\t\t\t\t\t<\/div>\n\t\t\t\t<\/div>\n\t\t\t\t\t<\/div>\n\t\t<\/div>\n\t\t\t\t\t<\/div>\n\t\t<\/section>\n\t\t\t\t<section class=\"elementor-section elementor-top-section elementor-element elementor-element-b8f7c24 elementor-section-boxed elementor-section-height-default elementor-section-height-default\" data-id=\"b8f7c24\" data-element_type=\"section\">\n\t\t\t\t\t\t<div class=\"elementor-container elementor-column-gap-default\">\n\t\t\t\t\t<div class=\"elementor-column elementor-col-50 elementor-top-column elementor-element elementor-element-9742133\" data-id=\"9742133\" data-element_type=\"column\">\n\t\t\t<div class=\"elementor-widget-wrap elementor-element-populated\">\n\t\t\t\t\t\t<div class=\"elementor-element elementor-element-371b563 elementor-widget elementor-widget-image\" data-id=\"371b563\" data-element_type=\"widget\" data-widget_type=\"image.default\">\n\t\t\t\t<div class=\"elementor-widget-container\">\n\t\t\t\t\t\t\t\t\t\t\t\t\t\t\t<img decoding=\"async\" width=\"723\" height=\"874\" src=\"https:\/\/mijn-lo.nl\/wp-content\/uploads\/2023\/09\/nl-water-2-723x874-1.webp\" class=\"attachment-large size-large wp-image-3532\" alt=\"\" srcset=\"https:\/\/mijn-lo.nl\/wp-content\/uploads\/2023\/09\/nl-water-2-723x874-1.webp 723w, https:\/\/mijn-lo.nl\/wp-content\/uploads\/2023\/09\/nl-water-2-723x874-1-248x300.webp 248w, https:\/\/mijn-lo.nl\/wp-content\/uploads\/2023\/09\/nl-water-2-723x874-1-10x12.webp 10w, https:\/\/mijn-lo.nl\/wp-content\/uploads\/2023\/09\/nl-water-2-723x874-1-20x24.webp 20w, https:\/\/mijn-lo.nl\/wp-content\/uploads\/2023\/09\/nl-water-2-723x874-1-30x36.webp 30w, https:\/\/mijn-lo.nl\/wp-content\/uploads\/2023\/09\/nl-water-2-723x874-1-40x48.webp 40w\" sizes=\"(max-width: 723px) 100vw, 723px\" \/>\t\t\t\t\t\t\t\t\t\t\t\t\t\t\t<\/div>\n\t\t\t\t<\/div>\n\t\t\t\t<div class=\"elementor-element elementor-element-c9e2d2d elementor-widget elementor-widget-text-editor\" data-id=\"c9e2d2d\" data-element_type=\"widget\" data-widget_type=\"text-editor.default\">\n\t\t\t\t<div class=\"elementor-widget-container\">\n\t\t\t\t\t\t\t\t\t<p style=\"text-align: center;\">Skyline Rotterdam (foto:\u00a0<a href=\"https:\/\/pixabay.com\/nl\/users\/ivart-2435700\/?utm_source=link-attribution&amp;utm_medium=referral&amp;utm_campaign=image&amp;utm_content=1611943\">Ravi<\/a>\u00a0prin intermediul\u00a0<a href=\"https:\/\/pixabay.com\/nl\/\/?utm_source=link-attribution&amp;utm_medium=referral&amp;utm_campaign=image&amp;utm_content=1611943\">Pixabay<\/a>)<\/p>\t\t\t\t\t\t\t\t<\/div>\n\t\t\t\t<\/div>\n\t\t\t\t\t<\/div>\n\t\t<\/div>\n\t\t\t\t<div class=\"elementor-column elementor-col-50 elementor-top-column elementor-element elementor-element-c4128a9\" data-id=\"c4128a9\" data-element_type=\"column\">\n\t\t\t<div class=\"elementor-widget-wrap elementor-element-populated\">\n\t\t\t\t\t\t<div class=\"elementor-element elementor-element-e37e50c elementor-widget elementor-widget-text-editor\" data-id=\"e37e50c\" data-element_type=\"widget\" data-widget_type=\"text-editor.default\">\n\t\t\t\t<div class=\"elementor-widget-container\">\n\t\t\t\t\t\t\t\t\t<p>1<strong>\u00a0Rijn<\/strong><\/p><p><audio class=\"wp-audio-shortcode\" id=\"audio-3497-2\" preload=\"none\" style=\"width: 100%;\" controls=\"controls\"><source type=\"audio\/wav\" src=\"https:\/\/mijn-lo.nl\/wp-content\/uploads\/2023\/09\/rijn.wav?_=2\" \/><a href=\"https:\/\/mijn-lo.nl\/wp-content\/uploads\/2023\/09\/rijn.wav\">https:\/\/mijn-lo.nl\/wp-content\/uploads\/2023\/09\/rijn.wav<\/a><\/audio><\/p><p><br \/>2<strong>\u00a0Maas<\/strong><\/p><p><audio class=\"wp-audio-shortcode\" id=\"audio-3497-3\" preload=\"none\" style=\"width: 100%;\" controls=\"controls\"><source type=\"audio\/wav\" src=\"https:\/\/mijn-lo.nl\/wp-content\/uploads\/2023\/09\/maas.wav?_=3\" \/><a href=\"https:\/\/mijn-lo.nl\/wp-content\/uploads\/2023\/09\/maas.wav\">https:\/\/mijn-lo.nl\/wp-content\/uploads\/2023\/09\/maas.wav<\/a><\/audio><\/p><p><br \/>3\u00a0<strong>IJsselmeer<\/strong><\/p><p><audio class=\"wp-audio-shortcode\" id=\"audio-3497-4\" preload=\"none\" style=\"width: 100%;\" controls=\"controls\"><source type=\"audio\/wav\" src=\"https:\/\/mijn-lo.nl\/wp-content\/uploads\/2023\/09\/ijsselmeer.wav?_=4\" \/><a href=\"https:\/\/mijn-lo.nl\/wp-content\/uploads\/2023\/09\/ijsselmeer.wav\">https:\/\/mijn-lo.nl\/wp-content\/uploads\/2023\/09\/ijsselmeer.wav<\/a><\/audio><\/p><p><br \/>4\u00a0<strong>Noordzee<\/strong><\/p><p><audio class=\"wp-audio-shortcode\" id=\"audio-3497-5\" preload=\"none\" style=\"width: 100%;\" controls=\"controls\"><source type=\"audio\/wav\" src=\"https:\/\/mijn-lo.nl\/wp-content\/uploads\/2023\/09\/noordzee-1.wav?_=5\" \/><a href=\"https:\/\/mijn-lo.nl\/wp-content\/uploads\/2023\/09\/noordzee-1.wav\">https:\/\/mijn-lo.nl\/wp-content\/uploads\/2023\/09\/noordzee-1.wav<\/a><\/audio><\/p><p><br \/>5\u00a0<strong>Wadden<\/strong><\/p><p><audio class=\"wp-audio-shortcode\" id=\"audio-3497-6\" preload=\"none\" style=\"width: 100%;\" controls=\"controls\"><source type=\"audio\/wav\" src=\"https:\/\/mijn-lo.nl\/wp-content\/uploads\/2023\/09\/wadden.wav?_=6\" \/><a href=\"https:\/\/mijn-lo.nl\/wp-content\/uploads\/2023\/09\/wadden.wav\">https:\/\/mijn-lo.nl\/wp-content\/uploads\/2023\/09\/wadden.wav<\/a><\/audio><\/p><p><br \/>6\u00a0<strong>IJssel<\/strong><\/p><p><audio class=\"wp-audio-shortcode\" id=\"audio-3497-7\" preload=\"none\" style=\"width: 100%;\" controls=\"controls\"><source type=\"audio\/wav\" src=\"https:\/\/mijn-lo.nl\/wp-content\/uploads\/2023\/09\/ijssel.wav?_=7\" \/><a href=\"https:\/\/mijn-lo.nl\/wp-content\/uploads\/2023\/09\/ijssel.wav\">https:\/\/mijn-lo.nl\/wp-content\/uploads\/2023\/09\/ijssel.wav<\/a><\/audio><\/p><p><br \/>7\u00a0<strong>Zeeuwse wateren<\/strong><\/p><p><audio class=\"wp-audio-shortcode\" id=\"audio-3497-8\" preload=\"none\" style=\"width: 100%;\" controls=\"controls\"><source type=\"audio\/wav\" src=\"https:\/\/mijn-lo.nl\/wp-content\/uploads\/2023\/09\/zeeuwsewateren.wav?_=8\" \/><a href=\"https:\/\/mijn-lo.nl\/wp-content\/uploads\/2023\/09\/zeeuwsewateren.wav\">https:\/\/mijn-lo.nl\/wp-content\/uploads\/2023\/09\/zeeuwsewateren.wav<\/a><\/audio><\/p><p><br \/>8\u00a0<strong>Waal<\/strong><\/p><p><audio class=\"wp-audio-shortcode\" id=\"audio-3497-9\" preload=\"none\" style=\"width: 100%;\" controls=\"controls\"><source type=\"audio\/wav\" src=\"https:\/\/mijn-lo.nl\/wp-content\/uploads\/2023\/09\/waal.wav?_=9\" \/><a href=\"https:\/\/mijn-lo.nl\/wp-content\/uploads\/2023\/09\/waal.wav\">https:\/\/mijn-lo.nl\/wp-content\/uploads\/2023\/09\/waal.wav<\/a><\/audio><\/p>\t\t\t\t\t\t\t\t<\/div>\n\t\t\t\t<\/div>\n\t\t\t\t\t<\/div>\n\t\t<\/div>\n\t\t\t\t\t<\/div>\n\t\t<\/section>\n\t\t\t\t<section class=\"elementor-section elementor-top-section elementor-element elementor-element-2b731274 elementor-section-boxed elementor-section-height-default elementor-section-height-default\" data-id=\"2b731274\" data-element_type=\"section\">\n\t\t\t\t\t\t<div class=\"elementor-container elementor-column-gap-default\">\n\t\t\t\t\t<div class=\"elementor-column elementor-col-100 elementor-top-column elementor-element elementor-element-39e9153d\" data-id=\"39e9153d\" data-element_type=\"column\">\n\t\t\t<div class=\"elementor-widget-wrap elementor-element-populated\">\n\t\t\t\t\t\t<div class=\"elementor-element elementor-element-30081b1d elementor-align-center elementor-widget elementor-widget-button\" data-id=\"30081b1d\" data-element_type=\"widget\" data-widget_type=\"button.default\">\n\t\t\t\t<div class=\"elementor-widget-container\">\n\t\t\t\t\t\t\t\t\t<div class=\"elementor-button-wrapper\">\n\t\t\t\t\t<a class=\"elementor-button elementor-button-link elementor-size-sm\" href=\"https:\/\/mijn-lo.nl\/ro\/the-netherlands\/cold-in-winter-and-sometimes-hot-in-summer\/\">\n\t\t\t\t\t\t<span class=\"elementor-button-content-wrapper\">\n\t\t\t\t\t\t\t\t\t<span class=\"elementor-button-text\">continua<\/span>\n\t\t\t\t\t<\/span>\n\t\t\t\t\t<\/a>\n\t\t\t\t<\/div>\n\t\t\t\t\t\t\t\t<\/div>\n\t\t\t\t<\/div>\n\t\t\t\t\t<\/div>\n\t\t<\/div>\n\t\t\t\t\t<\/div>\n\t\t<\/section>\n\t\t\t\t<\/div>","protected":false},"excerpt":{"rendered":"<p>Water, water, water \u00a0 Dikes, poldersIn the Netherlands, there are areas that used to be underwater but are now land. These areas are called polders. They are surrounded by dikes, which are like walls to keep the water out. The water is then pumped away into canals around the polders. The biggest polder in the [&hellip;]<\/p>\n","protected":false},"author":1,"featured_media":0,"parent":5002,"menu_order":4,"comment_status":"closed","ping_status":"closed","template":"elementor_canvas","meta":{"site-sidebar-layout":"no-sidebar","site-content-layout":"page-builder","ast-site-content-layout":"full-width-container","site-content-style":"default","site-sidebar-style":"default","ast-global-header-display":"","ast-banner-title-visibility":"","ast-main-header-display":"","ast-hfb-above-header-display":"","ast-hfb-below-header-display":"","ast-hfb-mobile-header-display":"","site-post-title":"disabled","ast-breadcrumbs-content":"","ast-featured-img":"disabled","footer-sml-layout":"","theme-transparent-header-meta":"","adv-header-id-meta":"","stick-header-meta":"","header-above-stick-meta":"","header-main-stick-meta":"","header-below-stick-meta":"","astra-migrate-meta-layouts":"set","ast-page-background-enabled":"default","ast-page-background-meta":{"desktop":{"background-color":"var(--ast-global-color-4)","background-image":"","background-repeat":"repeat","background-position":"center center","background-size":"auto","background-attachment":"scroll","background-type":"","background-media":"","overlay-type":"","overlay-color":"","overlay-opacity":"","overlay-gradient":""},"tablet":{"background-color":"","background-image":"","background-repeat":"repeat","background-position":"center center","background-size":"auto","background-attachment":"scroll","background-type":"","background-media":"","overlay-type":"","overlay-color":"","overlay-opacity":"","overlay-gradient":""},"mobile":{"background-color":"","background-image":"","background-repeat":"repeat","background-position":"center center","background-size":"auto","background-attachment":"scroll","background-type":"","background-media":"","overlay-type":"","overlay-color":"","overlay-opacity":"","overlay-gradient":""}},"ast-content-background-meta":{"desktop":{"background-color":"var(--ast-global-color-5)","background-image":"","background-repeat":"repeat","background-position":"center center","background-size":"auto","background-attachment":"scroll","background-type":"","background-media":"","overlay-type":"","overlay-color":"","overlay-opacity":"","overlay-gradient":""},"tablet":{"background-color":"var(--ast-global-color-5)","background-image":"","background-repeat":"repeat","background-position":"center center","background-size":"auto","background-attachment":"scroll","background-type":"","background-media":"","overlay-type":"","overlay-color":"","overlay-opacity":"","overlay-gradient":""},"mobile":{"background-color":"var(--ast-global-color-5)","background-image":"","background-repeat":"repeat","background-position":"center center","background-size":"auto","background-attachment":"scroll","background-type":"","background-media":"","overlay-type":"","overlay-color":"","overlay-opacity":"","overlay-gradient":""}},"footnotes":""},"class_list":["post-3497","page","type-page","status-publish","hentry"],"_links":{"self":[{"href":"https:\/\/mijn-lo.nl\/ro\/wp-json\/wp\/v2\/pages\/3497","targetHints":{"allow":["GET"]}}],"collection":[{"href":"https:\/\/mijn-lo.nl\/ro\/wp-json\/wp\/v2\/pages"}],"about":[{"href":"https:\/\/mijn-lo.nl\/ro\/wp-json\/wp\/v2\/types\/page"}],"author":[{"embeddable":true,"href":"https:\/\/mijn-lo.nl\/ro\/wp-json\/wp\/v2\/users\/1"}],"replies":[{"embeddable":true,"href":"https:\/\/mijn-lo.nl\/ro\/wp-json\/wp\/v2\/comments?post=3497"}],"version-history":[{"count":38,"href":"https:\/\/mijn-lo.nl\/ro\/wp-json\/wp\/v2\/pages\/3497\/revisions"}],"predecessor-version":[{"id":6202,"href":"https:\/\/mijn-lo.nl\/ro\/wp-json\/wp\/v2\/pages\/3497\/revisions\/6202"}],"up":[{"embeddable":true,"href":"https:\/\/mijn-lo.nl\/ro\/wp-json\/wp\/v2\/pages\/5002"}],"wp:attachment":[{"href":"https:\/\/mijn-lo.nl\/ro\/wp-json\/wp\/v2\/media?parent=3497"}],"curies":[{"name":"wp","href":"https:\/\/api.w.org\/{rel}","templated":true}]}}