{"id":3571,"date":"2023-09-03T11:54:51","date_gmt":"2023-09-03T11:54:51","guid":{"rendered":"http:\/\/mijn-lo.nl\/?page_id=3571"},"modified":"2025-08-19T17:19:25","modified_gmt":"2025-08-19T17:19:25","slug":"who-lives-in-the-netherlands","status":"publish","type":"page","link":"https:\/\/mijn-lo.nl\/ro\/the-netherlands\/who-lives-in-the-netherlands\/","title":{"rendered":"Cine locuie\u0219te \u00een Olanda?"},"content":{"rendered":"<div data-elementor-type=\"wp-page\" data-elementor-id=\"3571\" class=\"elementor elementor-3571\" data-elementor-post-type=\"page\">\n\t\t\t\t\t\t<section class=\"elementor-section elementor-top-section elementor-element elementor-element-4ab774c elementor-section-boxed elementor-section-height-default elementor-section-height-default\" data-id=\"4ab774c\" data-element_type=\"section\">\n\t\t\t\t\t\t<div class=\"elementor-container elementor-column-gap-default\">\n\t\t\t\t\t<div class=\"elementor-column elementor-col-50 elementor-top-column elementor-element elementor-element-d52035b\" data-id=\"d52035b\" data-element_type=\"column\">\n\t\t\t<div class=\"elementor-widget-wrap elementor-element-populated\">\n\t\t\t\t\t\t<div class=\"elementor-element elementor-element-5307f71 elementor-widget elementor-widget-image\" data-id=\"5307f71\" data-element_type=\"widget\" data-widget_type=\"image.default\">\n\t\t\t\t<div class=\"elementor-widget-container\">\n\t\t\t\t\t\t\t\t\t\t\t\t\t\t\t<img fetchpriority=\"high\" decoding=\"async\" width=\"914\" height=\"825\" src=\"https:\/\/mijn-lo.nl\/wp-content\/uploads\/2023\/09\/bewoners3-914x825-1.webp\" class=\"attachment-large size-large wp-image-3574\" alt=\"\" srcset=\"https:\/\/mijn-lo.nl\/wp-content\/uploads\/2023\/09\/bewoners3-914x825-1.webp 914w, https:\/\/mijn-lo.nl\/wp-content\/uploads\/2023\/09\/bewoners3-914x825-1-300x271.webp 300w, https:\/\/mijn-lo.nl\/wp-content\/uploads\/2023\/09\/bewoners3-914x825-1-768x693.webp 768w, https:\/\/mijn-lo.nl\/wp-content\/uploads\/2023\/09\/bewoners3-914x825-1-13x12.webp 13w, https:\/\/mijn-lo.nl\/wp-content\/uploads\/2023\/09\/bewoners3-914x825-1-24x22.webp 24w, https:\/\/mijn-lo.nl\/wp-content\/uploads\/2023\/09\/bewoners3-914x825-1-36x32.webp 36w, https:\/\/mijn-lo.nl\/wp-content\/uploads\/2023\/09\/bewoners3-914x825-1-48x43.webp 48w\" sizes=\"(max-width: 914px) 100vw, 914px\" \/>\t\t\t\t\t\t\t\t\t\t\t\t\t\t\t<\/div>\n\t\t\t\t<\/div>\n\t\t\t\t\t<\/div>\n\t\t<\/div>\n\t\t\t\t<div class=\"elementor-column elementor-col-50 elementor-top-column elementor-element elementor-element-0de69c5\" data-id=\"0de69c5\" data-element_type=\"column\">\n\t\t\t<div class=\"elementor-widget-wrap elementor-element-populated\">\n\t\t\t\t\t\t<div class=\"elementor-element elementor-element-3ec27b9 elementor-widget elementor-widget-text-editor\" data-id=\"3ec27b9\" data-element_type=\"widget\" data-widget_type=\"text-editor.default\">\n\t\t\t\t<div class=\"elementor-widget-container\">\n\t\t\t\t\t\t\t\t\t<h3 class=\"mbr-section-title mbr-fonts-style mb-3 display-5\"><strong>Cine locuie\u0219te \u00een Olanda?<\/strong><\/h3>\n<p class=\"mbr-text mbr-fonts-style display-7\">\u00cen \u021a\u0103rile de Jos, mul\u021bi oameni vin din \u021b\u0103ri diferite. Cele mai mari grupuri de oameni din \u021bar\u0103 au origini din Turcia, Maroc sau Surinam. Grupurile turce\u0219ti \u0219i marocane sunt cele mai mari, cu aproape jum\u0103tate de milion de oameni \u00een fiecare grup. Aceste grupuri au crescut \u00een ultimii ani, mai ales datorit\u0103 na\u0219terii celei de-a doua genera\u021bii.<\/p>\nNumele olandeze pentru persoanele care vin din Turcia, Maroc \u0219i Surinam sunt:\n\n<audio class=\"wp-audio-shortcode\" id=\"audio-3571-1\" preload=\"none\" style=\"width: 100%;\" controls=\"controls\"><source type=\"audio\/wav\" src=\"https:\/\/mijn-lo.nl\/wp-content\/uploads\/2023\/09\/MAPH1-7-1.wav?_=1\" \/><a href=\"https:\/\/mijn-lo.nl\/wp-content\/uploads\/2023\/09\/MAPH1-7-1.wav\">https:\/\/mijn-lo.nl\/wp-content\/uploads\/2023\/09\/MAPH1-7-1.wav<\/a><\/audio>\t\t\t\t\t\t\t\t<\/div>\n\t\t\t\t<\/div>\n\t\t\t\t\t<\/div>\n\t\t<\/div>\n\t\t\t\t\t<\/div>\n\t\t<\/section>\n\t\t\t\t<section class=\"elementor-section elementor-top-section elementor-element elementor-element-3f9afad elementor-section-boxed elementor-section-height-default elementor-section-height-default\" data-id=\"3f9afad\" data-element_type=\"section\">\n\t\t\t\t\t\t<div class=\"elementor-container elementor-column-gap-default\">\n\t\t\t\t\t<div class=\"elementor-column elementor-col-100 elementor-top-column elementor-element elementor-element-2369197\" data-id=\"2369197\" data-element_type=\"column\">\n\t\t\t<div class=\"elementor-widget-wrap elementor-element-populated\">\n\t\t\t\t\t\t<div class=\"elementor-element elementor-element-81717f7 elementor-widget elementor-widget-text-editor\" data-id=\"81717f7\" data-element_type=\"widget\" data-widget_type=\"text-editor.default\">\n\t\t\t\t<div class=\"elementor-widget-container\">\n\t\t\t\t\t\t\t\t\t<h3 class=\"mbr-section-subtitle mbr-fonts-style mb-4 display-5\"><strong>Unele numere<\/strong><\/h3>\n<p class=\"mbr-text mbr-fonts-style display-7\">Olanda are aproape 18 milioane de locuitori acolo, ceea ce \u00eenseamn\u0103 c\u0103 este o \u021bar\u0103 aglomerat\u0103. \u00cen medie, exist\u0103 500 de oameni care tr\u0103iesc pe fiecare kilometru p\u0103trat, ceea ce o face cea mai dens populat\u0103 \u021bar\u0103 din Europa.<\/p>\nMai mult de 10% din locuitorii \u021a\u0103rilor de Jos nu s-au n\u0103scut \u00een aceast\u0103 \u021bar\u0103, dar au adesea cet\u0103\u021benie olandez\u0103. Regina Maxima este un bun exemplu \u00een acest sens. Ea este originar\u0103 din Argentina.\n\nMul\u021bi str\u0103ini locuiesc \u00een ora\u0219ele mari din \u021a\u0103rile de Jos. Ei fie lucreaz\u0103 acolo, fie au o rela\u021bie cu un olandez. Oamenii din Suriname tr\u0103iesc \u00een \u021a\u0103rile de Jos datorit\u0103 leg\u0103turii istorice dintre cele dou\u0103 \u021b\u0103ri. Turcii \u0219i marocanii au venit \u00een \u021a\u0103rile de Jos ca lucr\u0103tori invita\u021bi \u00een anii 1970.\n\n\u00cen prezent, mul\u021bi refugia\u021bi vin \u00een \u021a\u0103rile de Jos din \u021b\u0103ri precum Iran, Irak \u0219i Somalia. Cu toate acestea, nu to\u021bi refugia\u021bii au un permis de \u0219edere. Odat\u0103 ce ave\u021bi un permis de \u0219edere, sunte\u021bi numit \"de\u021bin\u0103tor de statut\". Pe l\u00e2ng\u0103 refugia\u021bi, multe persoane din Polonia \u0219i Rom\u00e2nia au venit, de asemenea, \u00een \u021a\u0103rile de Jos.\n\nCuv\u00e2ntul olandez pentru refugiat este : \"vluchteling\":\n\n<audio class=\"wp-audio-shortcode\" id=\"audio-3571-2\" preload=\"none\" style=\"width: 100%;\" controls=\"controls\"><source type=\"audio\/wav\" src=\"https:\/\/mijn-lo.nl\/wp-content\/uploads\/2023\/09\/MAPH1-8-1.wav?_=2\" \/><a href=\"https:\/\/mijn-lo.nl\/wp-content\/uploads\/2023\/09\/MAPH1-8-1.wav\">https:\/\/mijn-lo.nl\/wp-content\/uploads\/2023\/09\/MAPH1-8-1.wav<\/a><\/audio>\t\t\t\t\t\t\t\t<\/div>\n\t\t\t\t<\/div>\n\t\t\t\t\t<\/div>\n\t\t<\/div>\n\t\t\t\t\t<\/div>\n\t\t<\/section>\n\t\t\t\t<section class=\"elementor-section elementor-top-section elementor-element elementor-element-5de23806 elementor-section-boxed elementor-section-height-default elementor-section-height-default\" data-id=\"5de23806\" data-element_type=\"section\">\n\t\t\t\t\t\t<div class=\"elementor-container elementor-column-gap-default\">\n\t\t\t\t\t<div class=\"elementor-column elementor-col-100 elementor-top-column elementor-element elementor-element-4066c27f\" data-id=\"4066c27f\" data-element_type=\"column\">\n\t\t\t<div class=\"elementor-widget-wrap elementor-element-populated\">\n\t\t\t\t\t\t<div class=\"elementor-element elementor-element-37f97aef elementor-align-center elementor-widget elementor-widget-button\" data-id=\"37f97aef\" data-element_type=\"widget\" data-widget_type=\"button.default\">\n\t\t\t\t<div class=\"elementor-widget-container\">\n\t\t\t\t\t\t\t\t\t<div class=\"elementor-button-wrapper\">\n\t\t\t\t\t<a class=\"elementor-button elementor-button-link elementor-size-sm\" href=\"https:\/\/mijn-lo.nl\/ro\/the-netherlands\/the-netherlands-is-a-democracy\/\">\n\t\t\t\t\t\t<span class=\"elementor-button-content-wrapper\">\n\t\t\t\t\t\t\t\t\t<span class=\"elementor-button-text\">continua<\/span>\n\t\t\t\t\t<\/span>\n\t\t\t\t\t<\/a>\n\t\t\t\t<\/div>\n\t\t\t\t\t\t\t\t<\/div>\n\t\t\t\t<\/div>\n\t\t\t\t\t<\/div>\n\t\t<\/div>\n\t\t\t\t\t<\/div>\n\t\t<\/section>\n\t\t\t\t<\/div>","protected":false},"excerpt":{"rendered":"<p>Who lives in the Netherlands? In the Netherlands, many people come from different countries. The largest groups of people in the country have backgrounds from Turkey, Morocco, or Suriname. The Turkish and Moroccan groups are the biggest, with nearly half a million people in each group. These groups have been growing in recent years, especially [&hellip;]<\/p>\n","protected":false},"author":1,"featured_media":0,"parent":5002,"menu_order":6,"comment_status":"closed","ping_status":"closed","template":"elementor_canvas","meta":{"site-sidebar-layout":"no-sidebar","site-content-layout":"page-builder","ast-site-content-layout":"full-width-container","site-content-style":"default","site-sidebar-style":"default","ast-global-header-display":"","ast-banner-title-visibility":"","ast-main-header-display":"","ast-hfb-above-header-display":"","ast-hfb-below-header-display":"","ast-hfb-mobile-header-display":"","site-post-title":"disabled","ast-breadcrumbs-content":"","ast-featured-img":"disabled","footer-sml-layout":"","theme-transparent-header-meta":"","adv-header-id-meta":"","stick-header-meta":"","header-above-stick-meta":"","header-main-stick-meta":"","header-below-stick-meta":"","astra-migrate-meta-layouts":"set","ast-page-background-enabled":"default","ast-page-background-meta":{"desktop":{"background-color":"var(--ast-global-color-4)","background-image":"","background-repeat":"repeat","background-position":"center center","background-size":"auto","background-attachment":"scroll","background-type":"","background-media":"","overlay-type":"","overlay-color":"","overlay-opacity":"","overlay-gradient":""},"tablet":{"background-color":"","background-image":"","background-repeat":"repeat","background-position":"center center","background-size":"auto","background-attachment":"scroll","background-type":"","background-media":"","overlay-type":"","overlay-color":"","overlay-opacity":"","overlay-gradient":""},"mobile":{"background-color":"","background-image":"","background-repeat":"repeat","background-position":"center center","background-size":"auto","background-attachment":"scroll","background-type":"","background-media":"","overlay-type":"","overlay-color":"","overlay-opacity":"","overlay-gradient":""}},"ast-content-background-meta":{"desktop":{"background-color":"var(--ast-global-color-5)","background-image":"","background-repeat":"repeat","background-position":"center center","background-size":"auto","background-attachment":"scroll","background-type":"","background-media":"","overlay-type":"","overlay-color":"","overlay-opacity":"","overlay-gradient":""},"tablet":{"background-color":"var(--ast-global-color-5)","background-image":"","background-repeat":"repeat","background-position":"center center","background-size":"auto","background-attachment":"scroll","background-type":"","background-media":"","overlay-type":"","overlay-color":"","overlay-opacity":"","overlay-gradient":""},"mobile":{"background-color":"var(--ast-global-color-5)","background-image":"","background-repeat":"repeat","background-position":"center center","background-size":"auto","background-attachment":"scroll","background-type":"","background-media":"","overlay-type":"","overlay-color":"","overlay-opacity":"","overlay-gradient":""}},"footnotes":""},"class_list":["post-3571","page","type-page","status-publish","hentry"],"_links":{"self":[{"href":"https:\/\/mijn-lo.nl\/ro\/wp-json\/wp\/v2\/pages\/3571","targetHints":{"allow":["GET"]}}],"collection":[{"href":"https:\/\/mijn-lo.nl\/ro\/wp-json\/wp\/v2\/pages"}],"about":[{"href":"https:\/\/mijn-lo.nl\/ro\/wp-json\/wp\/v2\/types\/page"}],"author":[{"embeddable":true,"href":"https:\/\/mijn-lo.nl\/ro\/wp-json\/wp\/v2\/users\/1"}],"replies":[{"embeddable":true,"href":"https:\/\/mijn-lo.nl\/ro\/wp-json\/wp\/v2\/comments?post=3571"}],"version-history":[{"count":32,"href":"https:\/\/mijn-lo.nl\/ro\/wp-json\/wp\/v2\/pages\/3571\/revisions"}],"predecessor-version":[{"id":6220,"href":"https:\/\/mijn-lo.nl\/ro\/wp-json\/wp\/v2\/pages\/3571\/revisions\/6220"}],"up":[{"embeddable":true,"href":"https:\/\/mijn-lo.nl\/ro\/wp-json\/wp\/v2\/pages\/5002"}],"wp:attachment":[{"href":"https:\/\/mijn-lo.nl\/ro\/wp-json\/wp\/v2\/media?parent=3571"}],"curies":[{"name":"wp","href":"https:\/\/api.w.org\/{rel}","templated":true}]}}