{"id":4132,"date":"2024-02-03T15:49:17","date_gmt":"2024-02-03T15:49:17","guid":{"rendered":"http:\/\/mijn-lo.nl\/?page_id=4132"},"modified":"2025-08-19T17:25:25","modified_gmt":"2025-08-19T17:25:25","slug":"mortgage","status":"publish","type":"page","link":"https:\/\/mijn-lo.nl\/ro\/housing\/mortgage\/","title":{"rendered":"Credit ipotecar"},"content":{"rendered":"<div data-elementor-type=\"wp-page\" data-elementor-id=\"4132\" class=\"elementor elementor-4132\" data-elementor-post-type=\"page\">\n\t\t\t\t\t\t<section class=\"elementor-section elementor-top-section elementor-element elementor-element-d43131f elementor-section-boxed elementor-section-height-default elementor-section-height-default\" data-id=\"d43131f\" data-element_type=\"section\">\n\t\t\t\t\t\t<div class=\"elementor-container elementor-column-gap-default\">\n\t\t\t\t\t<div class=\"elementor-column elementor-col-50 elementor-top-column elementor-element elementor-element-1189115\" data-id=\"1189115\" data-element_type=\"column\">\n\t\t\t<div class=\"elementor-widget-wrap elementor-element-populated\">\n\t\t\t\t\t\t<div class=\"elementor-element elementor-element-ec4366b elementor-widget elementor-widget-image\" data-id=\"ec4366b\" data-element_type=\"widget\" data-widget_type=\"image.default\">\n\t\t\t\t<div class=\"elementor-widget-container\">\n\t\t\t\t\t\t\t\t\t\t\t\t\t\t\t<img fetchpriority=\"high\" decoding=\"async\" width=\"570\" height=\"823\" src=\"https:\/\/mijn-lo.nl\/wp-content\/uploads\/2024\/02\/hypotheektxt-570x823-1.webp\" class=\"attachment-large size-large wp-image-4134\" alt=\"\" srcset=\"https:\/\/mijn-lo.nl\/wp-content\/uploads\/2024\/02\/hypotheektxt-570x823-1.webp 570w, https:\/\/mijn-lo.nl\/wp-content\/uploads\/2024\/02\/hypotheektxt-570x823-1-208x300.webp 208w, https:\/\/mijn-lo.nl\/wp-content\/uploads\/2024\/02\/hypotheektxt-570x823-1-8x12.webp 8w, https:\/\/mijn-lo.nl\/wp-content\/uploads\/2024\/02\/hypotheektxt-570x823-1-17x24.webp 17w, https:\/\/mijn-lo.nl\/wp-content\/uploads\/2024\/02\/hypotheektxt-570x823-1-25x36.webp 25w, https:\/\/mijn-lo.nl\/wp-content\/uploads\/2024\/02\/hypotheektxt-570x823-1-33x48.webp 33w\" sizes=\"(max-width: 570px) 100vw, 570px\" \/>\t\t\t\t\t\t\t\t\t\t\t\t\t\t\t<\/div>\n\t\t\t\t<\/div>\n\t\t\t\t<div class=\"elementor-element elementor-element-be81f1b elementor-widget elementor-widget-text-editor\" data-id=\"be81f1b\" data-element_type=\"widget\" data-widget_type=\"text-editor.default\">\n\t\t\t\t<div class=\"elementor-widget-container\">\n\t\t\t\t\t\t\t\t\t<p>Fiecare credit ipotecar este legat de un procent<\/p>\t\t\t\t\t\t\t\t<\/div>\n\t\t\t\t<\/div>\n\t\t\t\t\t<\/div>\n\t\t<\/div>\n\t\t\t\t<div class=\"elementor-column elementor-col-50 elementor-top-column elementor-element elementor-element-b74fd01\" data-id=\"b74fd01\" data-element_type=\"column\">\n\t\t\t<div class=\"elementor-widget-wrap elementor-element-populated\">\n\t\t\t\t\t\t<div class=\"elementor-element elementor-element-669e7d1 elementor-widget elementor-widget-text-editor\" data-id=\"669e7d1\" data-element_type=\"widget\" data-widget_type=\"text-editor.default\">\n\t\t\t\t<div class=\"elementor-widget-container\">\n\t\t\t\t\t\t\t\t\t<h3 class=\"mbr-section-title mbr-fonts-style mb-3 display-5\"><strong>Pentru a ob\u021bine o ipotec\u0103 (olandez\u0103: \u201ehypotheek\u201d)<\/strong><\/h3><p>Dac\u0103 cump\u0103ra\u021bi o cas\u0103, de obicei ave\u021bi nevoie de un credit ipotecar (\u00eemprumut). Pentru a ob\u021bine un credit ipotecar de la banc\u0103, sunt pa\u0219i importan\u021bi de urmat:<\/p><p><strong>Descoperi\u021bi-v\u0103 bugetul:<\/strong>\u00a0\u00cenainte de a solicita un credit ipotecar, trebuie s\u0103 \u00een\u021belege\u021bi c\u00e2\u021bi bani v\u0103 pute\u021bi permite s\u0103 \u00eemprumuta\u021bi. Lua\u021bi \u00een considerare veniturile, cheltuielile \u0219i economiile dvs. pentru a determina un buget pentru cump\u0103rarea unei case.<br \/><strong><br \/>Cerceta\u021bi op\u021biunile de credit ipotecar<\/strong>: Exist\u0103 diferite tipuri de credite ipotecare oferite de b\u0103nci, fiecare cu propriile condi\u021bii \u0219i rate ale dob\u00e2nzii. Analiza\u021bi diferi\u021bi creditori \u0219i compara\u021bi op\u021biunile lor de credit ipotecar pentru a g\u0103si una care se potrive\u0219te nevoilor dvs. Tipurile comune includ credite ipotecare cu rat\u0103 fix\u0103 \u0219i cu rat\u0103 ajustabil\u0103.<\/p><p><strong>Aduna\u021bi documentele necesare<\/strong>: Pentru a solicita un credit ipotecar, va trebui s\u0103 furniza\u021bi documente specifice care s\u0103 v\u0103 arate situa\u021bia financiar\u0103. Acestea pot include dovada veniturilor (cum ar fi taloanele de plat\u0103 sau declara\u021biile fiscale), extrase de cont bancar, documente de identificare, verificare a angaj\u0103rii \u0219i detalii despre orice datorii sau \u00eemprumuturi existente.<\/p><p><strong>G\u0103si\u021bi o proprietate \u0219i face\u021bi o ofert\u0103<\/strong>: Dup\u0103 ce v\u0103 cunoa\u0219te\u021bi bugetul, \u00eencepe\u021bi s\u0103 c\u0103uta\u021bi o cas\u0103 potrivit\u0103. Pute\u021bi lucra cu un agent imobiliar sau pute\u021bi c\u0103uta list\u0103ri online. C\u00e2nd g\u0103si\u021bi o cas\u0103 pe care dori\u021bi s\u0103 o cump\u0103ra\u021bi, face\u021bi o ofert\u0103 v\u00e2nz\u0103torului.<\/p><p><strong>Solicita\u021bi ipoteca:<\/strong>\u00a0Dup\u0103 ce oferta dvs. este acceptat\u0103, va trebui s\u0103 solicita\u021bi \u00een mod oficial ipoteca la banca pe care a\u021bi ales-o. Trimite\u021bi toate documentele necesare \u0219i completa\u021bi formularele de cerere. Banca v\u0103 va examina cererea, inclusiv istoricul dvs. de credit, stabilitatea angaj\u0103rii \u0219i informa\u021biile financiare.<\/p>\t\t\t\t\t\t\t\t<\/div>\n\t\t\t\t<\/div>\n\t\t\t\t\t<\/div>\n\t\t<\/div>\n\t\t\t\t\t<\/div>\n\t\t<\/section>\n\t\t\t\t<section class=\"elementor-section elementor-top-section elementor-element elementor-element-66a8790 elementor-reverse-tablet elementor-reverse-mobile elementor-section-boxed elementor-section-height-default elementor-section-height-default\" data-id=\"66a8790\" data-element_type=\"section\">\n\t\t\t\t\t\t<div class=\"elementor-container elementor-column-gap-default\">\n\t\t\t\t\t<div class=\"elementor-column elementor-col-50 elementor-top-column elementor-element elementor-element-a301002\" data-id=\"a301002\" data-element_type=\"column\">\n\t\t\t<div class=\"elementor-widget-wrap elementor-element-populated\">\n\t\t\t\t\t\t<div class=\"elementor-element elementor-element-c5a19ba elementor-widget elementor-widget-text-editor\" data-id=\"c5a19ba\" data-element_type=\"widget\" data-widget_type=\"text-editor.default\">\n\t\t\t\t<div class=\"elementor-widget-container\">\n\t\t\t\t\t\t\t\t\t<h3 class=\"mbr-section-title mbr-fonts-style mb-3 display-5\"><strong>Ob\u021binerea unei case printr-o asocia\u021bie de locuin\u021be (olandez\u0103: \u201ewoningcorporatie\u201d)<\/strong><\/h3><p>\u00a0<\/p><p class=\"mbr-text mbr-fonts-style display-7\">De obicei nu ai suficien\u021bi bani pentru a cump\u0103ra o cas\u0103. Ob\u021binerea unei case printr-o cooperativ\u0103 de locuin\u021be din \u021a\u0103rile de Jos implic\u0103 de obicei urm\u0103torii pa\u0219i:<br \/><br \/><strong>\u00cencepe\u021bi cu cooperativele de locuin\u021be:<\/strong>\u00a0\u00cencepe\u021bi prin a c\u0103uta \u0219i identifica cooperativele de locuin\u021be \u00een loca\u021bia dorit\u0103. Exist\u0103 diferite cooperative \u00een \u021a\u0103rile de Jos, fiecare cu propriile reguli, cerin\u021be \u0219i propriet\u0103\u021bi disponibile. Explora\u021bi-le site-urile web, contacta\u021bi-i direct sau vizita\u021bi-le birourile pentru a aduna informa\u021bii.<br \/><br \/><strong>Solicita\u021bi permis de locuin\u021b\u0103:\u00a0<\/strong>\u00cen unele municipii ai nevoie de autoriza\u021bie de locuin\u021b\u0103. Pute\u021bi solicita acest lucru de la prim\u0103ria dvs.<br \/>\u2022<br \/><strong>Respecta\u021bi cerin\u021bele corpora\u021biei de locuin\u021be:\u00a0<\/strong>Asocia\u021bia de locuin\u021be poate stabili cerin\u021be pentru dimensiunea familiei dumneavoastr\u0103. Sau nivelul veniturilor tale.<br \/><br \/><strong>Calitatea de membru \u0219i \u00eenregistrarea:<\/strong>\u00a0Pentru a participa \u00eentr-o cooperativ\u0103 de locuin\u021be, de obicei trebuie s\u0103 deveni\u021bi membru. Verifica\u021bi cerin\u021bele specifice pentru calitatea de membru, care pot include criterii precum limitele de venit sau alte criterii de eligibilitate. \u00cenregistra\u021bi-v\u0103 la cooperativ\u0103 depun\u00e2nd documentele necesare \u0219i complet\u00e2nd eventualele formulare de cerere.<br \/><strong><br \/>Inscrierea pe liste de asteptare:<\/strong>\u00a0Cooperativele de locuin\u021be au adesea liste de a\u0219teptare pentru propriet\u0103\u021bile disponibile. Odat\u0103 ce a\u021bi devenit membru, poate fi necesar s\u0103 v\u0103 \u00eenscrie\u021bi pe lista de a\u0219teptare pentru tipurile specifice de propriet\u0103\u021bi sau cartiere care v\u0103 intereseaz\u0103. Timpii de a\u0219teptare pot varia foarte mult, variind de la c\u00e2teva luni la c\u00e2\u021biva ani, \u00een func\u021bie de cerere \u0219i disponibilitate.<\/p>\t\t\t\t\t\t\t\t<\/div>\n\t\t\t\t<\/div>\n\t\t\t\t\t<\/div>\n\t\t<\/div>\n\t\t\t\t<div class=\"elementor-column elementor-col-50 elementor-top-column elementor-element elementor-element-b0ecfdc\" data-id=\"b0ecfdc\" data-element_type=\"column\">\n\t\t\t<div class=\"elementor-widget-wrap elementor-element-populated\">\n\t\t\t\t\t\t<div class=\"elementor-element elementor-element-1c999f8 elementor-widget elementor-widget-image\" data-id=\"1c999f8\" data-element_type=\"widget\" data-widget_type=\"image.default\">\n\t\t\t\t<div class=\"elementor-widget-container\">\n\t\t\t\t\t\t\t\t\t\t\t\t\t\t\t<img decoding=\"async\" width=\"526\" height=\"785\" src=\"https:\/\/mijn-lo.nl\/wp-content\/uploads\/2024\/02\/alliantie-526x785-1.webp\" class=\"attachment-large size-large wp-image-4135\" alt=\"\" srcset=\"https:\/\/mijn-lo.nl\/wp-content\/uploads\/2024\/02\/alliantie-526x785-1.webp 526w, https:\/\/mijn-lo.nl\/wp-content\/uploads\/2024\/02\/alliantie-526x785-1-201x300.webp 201w, https:\/\/mijn-lo.nl\/wp-content\/uploads\/2024\/02\/alliantie-526x785-1-8x12.webp 8w, https:\/\/mijn-lo.nl\/wp-content\/uploads\/2024\/02\/alliantie-526x785-1-16x24.webp 16w, https:\/\/mijn-lo.nl\/wp-content\/uploads\/2024\/02\/alliantie-526x785-1-24x36.webp 24w, https:\/\/mijn-lo.nl\/wp-content\/uploads\/2024\/02\/alliantie-526x785-1-32x48.webp 32w\" sizes=\"(max-width: 526px) 100vw, 526px\" \/>\t\t\t\t\t\t\t\t\t\t\t\t\t\t\t<\/div>\n\t\t\t\t<\/div>\n\t\t\t\t<div class=\"elementor-element elementor-element-6942d17 elementor-widget elementor-widget-text-editor\" data-id=\"6942d17\" data-element_type=\"widget\" data-widget_type=\"text-editor.default\">\n\t\t\t\t<div class=\"elementor-widget-container\">\n\t\t\t\t\t\t\t\t\t<p style=\"text-align: center;\">asocia\u021bie de locuin\u021be (text arab)<\/p>\t\t\t\t\t\t\t\t<\/div>\n\t\t\t\t<\/div>\n\t\t\t\t\t<\/div>\n\t\t<\/div>\n\t\t\t\t\t<\/div>\n\t\t<\/section>\n\t\t\t\t<section class=\"elementor-section elementor-top-section elementor-element elementor-element-19e8993 elementor-section-boxed elementor-section-height-default elementor-section-height-default\" data-id=\"19e8993\" data-element_type=\"section\">\n\t\t\t\t\t\t<div class=\"elementor-container elementor-column-gap-default\">\n\t\t\t\t\t<div class=\"elementor-column elementor-col-50 elementor-top-column elementor-element elementor-element-8702fd5\" data-id=\"8702fd5\" data-element_type=\"column\">\n\t\t\t<div class=\"elementor-widget-wrap elementor-element-populated\">\n\t\t\t\t\t\t<div class=\"elementor-element elementor-element-94168c2 elementor-widget elementor-widget-image\" data-id=\"94168c2\" data-element_type=\"widget\" data-widget_type=\"image.default\">\n\t\t\t\t<div class=\"elementor-widget-container\">\n\t\t\t\t\t\t\t\t\t\t\t\t\t\t\t<img decoding=\"async\" width=\"553\" height=\"865\" src=\"https:\/\/mijn-lo.nl\/wp-content\/uploads\/2024\/02\/funda1-553x865-1.webp\" class=\"attachment-large size-large wp-image-4136\" alt=\"\" srcset=\"https:\/\/mijn-lo.nl\/wp-content\/uploads\/2024\/02\/funda1-553x865-1.webp 553w, https:\/\/mijn-lo.nl\/wp-content\/uploads\/2024\/02\/funda1-553x865-1-192x300.webp 192w, https:\/\/mijn-lo.nl\/wp-content\/uploads\/2024\/02\/funda1-553x865-1-8x12.webp 8w, https:\/\/mijn-lo.nl\/wp-content\/uploads\/2024\/02\/funda1-553x865-1-15x24.webp 15w, https:\/\/mijn-lo.nl\/wp-content\/uploads\/2024\/02\/funda1-553x865-1-23x36.webp 23w, https:\/\/mijn-lo.nl\/wp-content\/uploads\/2024\/02\/funda1-553x865-1-31x48.webp 31w\" sizes=\"(max-width: 553px) 100vw, 553px\" \/>\t\t\t\t\t\t\t\t\t\t\t\t\t\t\t<\/div>\n\t\t\t\t<\/div>\n\t\t\t\t<div class=\"elementor-element elementor-element-fd048d8 elementor-widget elementor-widget-text-editor\" data-id=\"fd048d8\" data-element_type=\"widget\" data-widget_type=\"text-editor.default\">\n\t\t\t\t<div class=\"elementor-widget-container\">\n\t\t\t\t\t\t\t\t\t<p style=\"text-align: center;\">Site-ul Funda<\/p>\t\t\t\t\t\t\t\t<\/div>\n\t\t\t\t<\/div>\n\t\t\t\t\t<\/div>\n\t\t<\/div>\n\t\t\t\t<div class=\"elementor-column elementor-col-50 elementor-top-column elementor-element elementor-element-0a060ed\" data-id=\"0a060ed\" data-element_type=\"column\">\n\t\t\t<div class=\"elementor-widget-wrap elementor-element-populated\">\n\t\t\t\t\t\t<div class=\"elementor-element elementor-element-0c01867 elementor-widget elementor-widget-text-editor\" data-id=\"0c01867\" data-element_type=\"widget\" data-widget_type=\"text-editor.default\">\n\t\t\t\t<div class=\"elementor-widget-container\">\n\t\t\t\t\t\t\t\t\t<h3 class=\"mbr-section-title mbr-fonts-style mb-3 display-5\"><strong>Cump\u0103rarea unei case cu un broker (olandez\u0103: \u201emakelaar\u201d)<\/strong><\/h3><p>\u00a0<\/p><p>C\u00e2nd cump\u0103ra\u021bi o cas\u0103 cu un broker, iat\u0103 c\u00e2teva puncte importante de luat \u00een considerare:<br \/>Alege\u021bi un broker reputat \u0219i cu experien\u021b\u0103: face\u021bi-v\u0103 timp pentru a c\u0103uta \u0219i selecta un broker imobiliar reputat \u0219i cu experien\u021b\u0103. C\u0103uta\u021bi recomand\u0103ri, citi\u021bi recenzii \u0219i lua\u021bi \u00een considerare istoricul lor pe pia\u021b\u0103. Un broker de \u00eencredere poate oferi \u00eendrum\u0103ri \u0219i sprijin valoros pe tot parcursul procesului de cump\u0103rare.<br \/><br \/><strong>Comunica\u021bi clar nevoile \u0219i preferin\u021bele dvs.:<\/strong>\u00a0Fi\u021bi clar cu privire la cerin\u021bele, preferin\u021bele \u0219i bugetul dvs. cu brokerul dvs.<br \/>Acces la list\u0103ri \u0219i informa\u021bii despre pia\u021b\u0103: un broker va avea acces la o gam\u0103 larg\u0103 de list\u0103ri de propriet\u0103\u021bi \u0219i informa\u021bii de pia\u021b\u0103 actualizate.<br \/><br \/><strong>Vizualiz\u0103ri \u0219i inspec\u021bii de proprietate:<\/strong>\u00a0Brokerul dvs. va programa vizionari de proprietate pentru ca dvs. s\u0103 vizita\u021bi case poten\u021biale. Participa\u021bi la aceste vizion\u0103ri cu brokerul dvs. \u0219i inspecta\u021bi am\u0103nun\u021bit proprietatea.<br \/><br \/><strong>Negociere si pregatire oferte:<\/strong>\u00a0C\u00e2nd g\u0103si\u021bi o cas\u0103 care v\u0103 intereseaz\u0103, brokerul dumneavoastr\u0103 v\u0103 va ajuta s\u0103 preg\u0103ti\u021bi o ofert\u0103 \u0219i s\u0103 negocia\u021bi cu v\u00e2nz\u0103torul. Ace\u0219tia pot oferi \u00eendrum\u0103ri cu privire la pre\u021buri, condi\u021biile pie\u021bei \u0219i termenii ofertei. Baza\u021bi-v\u0103 pe expertiza lor pentru a v\u0103 ajuta s\u0103 ob\u021bine\u021bi o afacere corect\u0103.<br \/><br \/><strong>Contract \u0219i considerente juridice:<\/strong>\u00a0Odat\u0103 ce oferta dumneavoastr\u0103 este acceptat\u0103, brokerul dumneavoastr\u0103 v\u0103 va ajuta s\u0103 revizui\u021bi contractul \u0219i s\u0103 v\u0103 asigura\u021bi c\u0103 toate aspectele legale sunt \u00een regul\u0103. Ace\u0219tia pot colabora cu dvs. \u0219i cu reprezentantul dvs. legal pentru a rezolva orice situa\u021bie neprev\u0103zut\u0103, a clarifica termenii \u0219i a asigura o tranzac\u021bie f\u0103r\u0103 probleme.<\/p>\t\t\t\t\t\t\t\t<\/div>\n\t\t\t\t<\/div>\n\t\t\t\t\t<\/div>\n\t\t<\/div>\n\t\t\t\t\t<\/div>\n\t\t<\/section>\n\t\t\t\t<section class=\"elementor-section elementor-top-section elementor-element elementor-element-2edcca1 elementor-section-boxed elementor-section-height-default elementor-section-height-default\" data-id=\"2edcca1\" data-element_type=\"section\">\n\t\t\t\t\t\t<div class=\"elementor-container elementor-column-gap-default\">\n\t\t\t\t\t<div class=\"elementor-column elementor-col-100 elementor-top-column elementor-element elementor-element-75349f87\" data-id=\"75349f87\" data-element_type=\"column\">\n\t\t\t<div class=\"elementor-widget-wrap elementor-element-populated\">\n\t\t\t\t\t\t<div class=\"elementor-element elementor-element-2d2d0e50 elementor-align-center elementor-widget elementor-widget-button\" data-id=\"2d2d0e50\" data-element_type=\"widget\" data-widget_type=\"button.default\">\n\t\t\t\t<div class=\"elementor-widget-container\">\n\t\t\t\t\t\t\t\t\t<div class=\"elementor-button-wrapper\">\n\t\t\t\t\t<a class=\"elementor-button elementor-button-link elementor-size-sm\" href=\"https:\/\/mijn-lo.nl\/ro\/housing\/energy\/\">\n\t\t\t\t\t\t<span class=\"elementor-button-content-wrapper\">\n\t\t\t\t\t\t\t\t\t<span class=\"elementor-button-text\">continua<\/span>\n\t\t\t\t\t<\/span>\n\t\t\t\t\t<\/a>\n\t\t\t\t<\/div>\n\t\t\t\t\t\t\t\t<\/div>\n\t\t\t\t<\/div>\n\t\t\t\t\t<\/div>\n\t\t<\/div>\n\t\t\t\t\t<\/div>\n\t\t<\/section>\n\t\t\t\t<\/div>","protected":false},"excerpt":{"rendered":"<p>Each mortgage is related to a percentage To get a mortgage (Dutch: &#8220;hypotheek&#8221;) If you buy a house, usually you need a mortgage (loan). To get a mortgage from the bank, there are important steps to follow: Figure out your budget:\u00a0Before applying for a mortgage, you need to understand how much money you can afford [&hellip;]<\/p>\n","protected":false},"author":1,"featured_media":0,"parent":3311,"menu_order":3,"comment_status":"closed","ping_status":"closed","template":"elementor_canvas","meta":{"site-sidebar-layout":"no-sidebar","site-content-layout":"page-builder","ast-site-content-layout":"full-width-container","site-content-style":"default","site-sidebar-style":"default","ast-global-header-display":"","ast-banner-title-visibility":"","ast-main-header-display":"","ast-hfb-above-header-display":"","ast-hfb-below-header-display":"","ast-hfb-mobile-header-display":"","site-post-title":"disabled","ast-breadcrumbs-content":"","ast-featured-img":"disabled","footer-sml-layout":"","theme-transparent-header-meta":"","adv-header-id-meta":"","stick-header-meta":"","header-above-stick-meta":"","header-main-stick-meta":"","header-below-stick-meta":"","astra-migrate-meta-layouts":"set","ast-page-background-enabled":"default","ast-page-background-meta":{"desktop":{"background-color":"var(--ast-global-color-4)","background-image":"","background-repeat":"repeat","background-position":"center center","background-size":"auto","background-attachment":"scroll","background-type":"","background-media":"","overlay-type":"","overlay-color":"","overlay-opacity":"","overlay-gradient":""},"tablet":{"background-color":"","background-image":"","background-repeat":"repeat","background-position":"center center","background-size":"auto","background-attachment":"scroll","background-type":"","background-media":"","overlay-type":"","overlay-color":"","overlay-opacity":"","overlay-gradient":""},"mobile":{"background-color":"","background-image":"","background-repeat":"repeat","background-position":"center center","background-size":"auto","background-attachment":"scroll","background-type":"","background-media":"","overlay-type":"","overlay-color":"","overlay-opacity":"","overlay-gradient":""}},"ast-content-background-meta":{"desktop":{"background-color":"var(--ast-global-color-5)","background-image":"","background-repeat":"repeat","background-position":"center center","background-size":"auto","background-attachment":"scroll","background-type":"","background-media":"","overlay-type":"","overlay-color":"","overlay-opacity":"","overlay-gradient":""},"tablet":{"background-color":"var(--ast-global-color-5)","background-image":"","background-repeat":"repeat","background-position":"center center","background-size":"auto","background-attachment":"scroll","background-type":"","background-media":"","overlay-type":"","overlay-color":"","overlay-opacity":"","overlay-gradient":""},"mobile":{"background-color":"var(--ast-global-color-5)","background-image":"","background-repeat":"repeat","background-position":"center center","background-size":"auto","background-attachment":"scroll","background-type":"","background-media":"","overlay-type":"","overlay-color":"","overlay-opacity":"","overlay-gradient":""}},"footnotes":""},"class_list":["post-4132","page","type-page","status-publish","hentry"],"_links":{"self":[{"href":"https:\/\/mijn-lo.nl\/ro\/wp-json\/wp\/v2\/pages\/4132","targetHints":{"allow":["GET"]}}],"collection":[{"href":"https:\/\/mijn-lo.nl\/ro\/wp-json\/wp\/v2\/pages"}],"about":[{"href":"https:\/\/mijn-lo.nl\/ro\/wp-json\/wp\/v2\/types\/page"}],"author":[{"embeddable":true,"href":"https:\/\/mijn-lo.nl\/ro\/wp-json\/wp\/v2\/users\/1"}],"replies":[{"embeddable":true,"href":"https:\/\/mijn-lo.nl\/ro\/wp-json\/wp\/v2\/comments?post=4132"}],"version-history":[{"count":19,"href":"https:\/\/mijn-lo.nl\/ro\/wp-json\/wp\/v2\/pages\/4132\/revisions"}],"predecessor-version":[{"id":6256,"href":"https:\/\/mijn-lo.nl\/ro\/wp-json\/wp\/v2\/pages\/4132\/revisions\/6256"}],"up":[{"embeddable":true,"href":"https:\/\/mijn-lo.nl\/ro\/wp-json\/wp\/v2\/pages\/3311"}],"wp:attachment":[{"href":"https:\/\/mijn-lo.nl\/ro\/wp-json\/wp\/v2\/media?parent=4132"}],"curies":[{"name":"wp","href":"https:\/\/api.w.org\/{rel}","templated":true}]}}