{"id":4140,"date":"2024-02-03T15:55:27","date_gmt":"2024-02-03T15:55:27","guid":{"rendered":"http:\/\/mijn-lo.nl\/?page_id=4140"},"modified":"2025-08-19T17:25:55","modified_gmt":"2025-08-19T17:25:55","slug":"energy","status":"publish","type":"page","link":"https:\/\/mijn-lo.nl\/ro\/housing\/energy\/","title":{"rendered":"Energie"},"content":{"rendered":"<div data-elementor-type=\"wp-page\" data-elementor-id=\"4140\" class=\"elementor elementor-4140\" data-elementor-post-type=\"page\">\n\t\t\t\t\t\t<section class=\"elementor-section elementor-top-section elementor-element elementor-element-d43131f elementor-section-boxed elementor-section-height-default elementor-section-height-default\" data-id=\"d43131f\" data-element_type=\"section\">\n\t\t\t\t\t\t<div class=\"elementor-container elementor-column-gap-default\">\n\t\t\t\t\t<div class=\"elementor-column elementor-col-50 elementor-top-column elementor-element elementor-element-1189115\" data-id=\"1189115\" data-element_type=\"column\">\n\t\t\t<div class=\"elementor-widget-wrap elementor-element-populated\">\n\t\t\t\t\t\t<div class=\"elementor-element elementor-element-ec4366b elementor-widget elementor-widget-image\" data-id=\"ec4366b\" data-element_type=\"widget\" data-widget_type=\"image.default\">\n\t\t\t\t<div class=\"elementor-widget-container\">\n\t\t\t\t\t\t\t\t\t\t\t\t\t\t\t<img fetchpriority=\"high\" decoding=\"async\" width=\"344\" height=\"807\" src=\"https:\/\/mijn-lo.nl\/wp-content\/uploads\/2024\/02\/energy2-344x807-1.webp\" class=\"attachment-large size-large wp-image-4145\" alt=\"\" srcset=\"https:\/\/mijn-lo.nl\/wp-content\/uploads\/2024\/02\/energy2-344x807-1.webp 344w, https:\/\/mijn-lo.nl\/wp-content\/uploads\/2024\/02\/energy2-344x807-1-128x300.webp 128w, https:\/\/mijn-lo.nl\/wp-content\/uploads\/2024\/02\/energy2-344x807-1-5x12.webp 5w, https:\/\/mijn-lo.nl\/wp-content\/uploads\/2024\/02\/energy2-344x807-1-10x24.webp 10w, https:\/\/mijn-lo.nl\/wp-content\/uploads\/2024\/02\/energy2-344x807-1-15x36.webp 15w, https:\/\/mijn-lo.nl\/wp-content\/uploads\/2024\/02\/energy2-344x807-1-20x48.webp 20w\" sizes=\"(max-width: 344px) 100vw, 344px\" \/>\t\t\t\t\t\t\t\t\t\t\t\t\t\t\t<\/div>\n\t\t\t\t<\/div>\n\t\t\t\t<div class=\"elementor-element elementor-element-be81f1b elementor-widget elementor-widget-text-editor\" data-id=\"be81f1b\" data-element_type=\"widget\" data-widget_type=\"text-editor.default\">\n\t\t\t\t<div class=\"elementor-widget-container\">\n\t\t\t\t\t\t\t\t\t<p style=\"text-align: center;\">Morile de v\u00e2nt peste tot<\/p>\t\t\t\t\t\t\t\t<\/div>\n\t\t\t\t<\/div>\n\t\t\t\t\t<\/div>\n\t\t<\/div>\n\t\t\t\t<div class=\"elementor-column elementor-col-50 elementor-top-column elementor-element elementor-element-b74fd01\" data-id=\"b74fd01\" data-element_type=\"column\">\n\t\t\t<div class=\"elementor-widget-wrap elementor-element-populated\">\n\t\t\t\t\t\t<div class=\"elementor-element elementor-element-669e7d1 elementor-widget elementor-widget-text-editor\" data-id=\"669e7d1\" data-element_type=\"widget\" data-widget_type=\"text-editor.default\">\n\t\t\t\t<div class=\"elementor-widget-container\">\n\t\t\t\t\t\t\t\t\t<h3 class=\"mbr-section-title mbr-fonts-style mb-3 display-5\"><strong>Energie<\/strong><\/h3><p class=\"mbr-text mbr-fonts-style display-7\">Pentru a ob\u021bine un contract de energie pentru casa dvs. din Olanda, trebuie s\u0103 urma\u021bi c\u00e2\u021biva pa\u0219i. Iat\u0103 o versiune simplificat\u0103 a procesului:<br \/><br \/><strong>Compara\u021bi furnizorii de energie<\/strong>: \u00cencepe\u021bi prin a compara diferi\u021bi furnizori de energie pentru a g\u0103si cel mai bun contract care se potrive\u0219te nevoilor dumneavoastr\u0103. Exist\u0103 diverse site-uri web de comparare disponibile unde pute\u021bi compara tarifele, termenii \u0219i ofertele de la diferi\u021bi furnizori.<br \/><br \/><strong>Alege\u021bi un furnizor de energie:\u00a0<\/strong>Dup\u0103 ce a\u021bi analizat diferitele op\u021biuni, alege\u021bi furnizorul de energie care vi se potrive\u0219te cel mai bine. Deoarece nu sunte\u021bi familiarizat cu limba olandez\u0103, ve\u021bi avea probleme cu \u00een\u021belegerea contractului. \u00centreba\u021bi cum v\u0103 pot ajuta.<br \/><br \/><strong>Contacta\u021bi furnizorul de energie<\/strong>: Lua\u021bi leg\u0103tura cu furnizorul de energie ales pentru a aplica pentru un contract de energie. Acest lucru se poate face de obicei online prin intermediul site-ului lor web sau prin telefon.<br \/><br \/><strong>Furniza\u021bi informa\u021biile necesare:<\/strong>\u00a0Este posibil s\u0103 fie necesar s\u0103 furniza\u021bi c\u00e2teva informa\u021bii, cum ar fi detaliile dvs. personale, adresa locuin\u021bei dvs., tipul de contor de energie pe care \u00eel ave\u021bi \u0219i informa\u021bii despre contractul dvs. de energie curent (dac\u0103 este cazul).<br \/><br \/><strong>Trimite\u021bi citirile contorului<\/strong>: Dup\u0103 asigurarea contractului de energie, va trebui s\u0103 trimite\u021bi citirile contorului furnizorului de energie. Acest lucru se poate face de obicei online sau prin telefon. Este important s\u0103 furniza\u021bi citiri precise ale contorului pentru a asigura facturarea corect\u0103.<br \/><br \/><strong>Confirmare \u0219i pachet de bun venit<\/strong>: Dup\u0103 ce a\u021bi furnizat toate informa\u021biile necesare, ve\u021bi primi o confirmare a contractului dvs. de energie de la furnizor. De obicei, v\u0103 vor trimite un pachet de bun venit cu detalii importante despre contract \u0219i informa\u021bii de plat\u0103.<br \/><br \/><strong>Aranja\u021bi pl\u0103\u021bile<\/strong>: Configura\u021bi metoda de plat\u0103 pentru facturile dvs. de energie. Pute\u021bi alege debit direct automat, transfer bancar sau alt\u0103 metod\u0103 de plat\u0103 oferit\u0103 de furnizorul de energie.<br \/><br \/>V\u0103 rug\u0103m s\u0103 re\u021bine\u021bi c\u0103 pa\u0219ii \u0219i cerin\u021bele exacte pot varia \u00eentre furnizorii de energie. Este \u00eentotdeauna \u00een\u021belept s\u0103 urma\u021bi instruc\u021biunile specifice furnizate de furnizorul de energie ales \u0219i s\u0103 le \u00eendrepta\u021bi orice \u00eentreb\u0103ri pe care le ave\u021bi pentru claritate cu privire la proces.<\/p>\t\t\t\t\t\t\t\t<\/div>\n\t\t\t\t<\/div>\n\t\t\t\t\t<\/div>\n\t\t<\/div>\n\t\t\t\t\t<\/div>\n\t\t<\/section>\n\t\t\t\t<section class=\"elementor-section elementor-top-section elementor-element elementor-element-66a8790 elementor-reverse-tablet elementor-reverse-mobile elementor-section-boxed elementor-section-height-default elementor-section-height-default\" data-id=\"66a8790\" data-element_type=\"section\">\n\t\t\t\t\t\t<div class=\"elementor-container elementor-column-gap-default\">\n\t\t\t\t\t<div class=\"elementor-column elementor-col-50 elementor-top-column elementor-element elementor-element-a301002\" data-id=\"a301002\" data-element_type=\"column\">\n\t\t\t<div class=\"elementor-widget-wrap elementor-element-populated\">\n\t\t\t\t\t\t<div class=\"elementor-element elementor-element-c5a19ba elementor-widget elementor-widget-text-editor\" data-id=\"c5a19ba\" data-element_type=\"widget\" data-widget_type=\"text-editor.default\">\n\t\t\t\t<div class=\"elementor-widget-container\">\n\t\t\t\t\t\t\t\t\t<h3 class=\"mbr-section-title mbr-fonts-style mb-3 display-5\"><strong>Iat\u0103 c\u00e2teva sfaturi importante pentru a economisi energie:<\/strong><\/h3><p class=\"mbr-text mbr-fonts-style display-7\">Energia este foarte scump\u0103. Prin urmare, v\u0103 oferim c\u00e2teva sfaturi importante pentru a economisi energie, \u00een olandez\u0103 \u201eenergie besparen\u201d:<\/p><p><strong>Utiliza\u021bi aparate eficiente din punct de vedere energetic:\u00a0<\/strong>Alege\u021bi aparate cu rating ridicat Energy Star. Acestea folosesc mai pu\u021bin\u0103 energie electric\u0103 \u0219i v\u0103 ajut\u0103 s\u0103 economisi\u021bi energie.<br \/><strong><br \/>Deconecta\u021bi dispozitivele atunci c\u00e2nd nu sunt utilizate:<\/strong>\u00a0C\u00e2nd nu utiliza\u021bi dispozitive electronice precum \u00eenc\u0103rc\u0103toare, laptopuri sau televizoare, deconecta\u021bi-le. Chiar \u0219i atunci c\u00e2nd sunt oprite, pot folosi \u00een continuare puterea.<br \/><br \/><strong>Trece\u021bi la lumini cu LED: \u00cenlocui\u021bi becurile vechi cu lumini LED care economisesc energie.\u00a0<\/strong>Acestea dureaz\u0103 mai mult \u0219i folosesc mai pu\u021bin\u0103 energie.<br \/><br \/><strong>Regla\u021bi termostatul:<\/strong>\u00a0Reduce\u021bi c\u0103ldura iarna \u0219i cre\u0219te\u021bi temperatura de r\u0103cire vara. Pute\u021bi utiliza un termostat programabil pentru a regla automat temperatura \u00een func\u021bie de programul dvs.<br \/><br \/><strong>Izola\u021bi-v\u0103 casa:<\/strong>\u00a0Adaug\u0103 izola\u021bie casei tale pentru a o men\u021bine cald iarna \u0219i r\u0103coroas\u0103 vara. Acest lucru v\u0103 ajut\u0103 s\u0103 utiliza\u021bi mai pu\u021bin \u00eenc\u0103lzire sau r\u0103cire. Dac\u0103 casa nu este a ta, \u00eentreab\u0103 proprietarul cum s\u0103 fac\u0103 fa\u021b\u0103 izol\u0103rii.<br \/><br \/><strong>Utiliza\u021bi lumin\u0103 natural\u0103:<\/strong>\u00a0Deschide\u021bi draperiile \u0219i jaluzelele \u00een timpul zilei pentru a l\u0103sa lumina soarelui. Economise\u0219te energie folosind mai pu\u021bin\u0103 iluminare artificial\u0103.<br \/><br \/><strong>Sigila\u021bi scurgerile de aer<\/strong>: Verifica\u021bi dac\u0103 exist\u0103 goluri sau cr\u0103p\u0103turi \u00een jurul ferestrelor, u\u0219ilor sau orificiilor de ventila\u021bie. Sigila\u021bi-le pentru a preveni curen\u021bii \u0219i a economisi energie.<br \/><br \/><strong>Seta\u021bi temperatura \u00eenc\u0103lzitorului de ap\u0103:<\/strong>\u00a0Men\u021bine\u021bi temperatura \u00eenc\u0103lzitorului de ap\u0103 la aproximativ 120 \u00b0 F (49 \u00b0 C) pentru a evita risipa de energie. Folosi\u021bi ap\u0103 rece pentru sp\u0103larea rufelor \u0219i face\u021bi du\u0219uri mai scurte.<br \/><strong><br \/>Folosi\u021bi prize de alimentare<\/strong>: Conecta\u021bi mai multe dispozitive la prize \u0219i opri\u021bi-le atunci c\u00e2nd nu sunt utilizate. Acest lucru \u00eei \u00eempiedic\u0103 s\u0103 utilizeze puterea de a\u0219teptare.<br \/><br \/><strong>Dezvolta\u021bi obiceiuri de economisire a energiei<\/strong>: Aminti\u021bi-v\u0103 s\u0103 stinge\u021bi luminile atunci c\u00e2nd p\u0103r\u0103si\u021bi o camer\u0103, s\u0103 utiliza\u021bi modurile de economisire a energiei pe dispozitive \u0219i s\u0103 evita\u021bi s\u0103 utiliza\u021bi \u00een mod inutil aparatele care consum\u0103 mult\u0103 energie.<br \/><br \/>F\u0103c\u00e2nd aceste modific\u0103ri simple, pute\u021bi economisi energie \u0219i reduce facturile la electricitate.<\/p>\t\t\t\t\t\t\t\t<\/div>\n\t\t\t\t<\/div>\n\t\t\t\t\t<\/div>\n\t\t<\/div>\n\t\t\t\t<div class=\"elementor-column elementor-col-50 elementor-top-column elementor-element elementor-element-b0ecfdc\" data-id=\"b0ecfdc\" data-element_type=\"column\">\n\t\t\t<div class=\"elementor-widget-wrap elementor-element-populated\">\n\t\t\t\t\t\t<div class=\"elementor-element elementor-element-1c999f8 elementor-widget elementor-widget-image\" data-id=\"1c999f8\" data-element_type=\"widget\" data-widget_type=\"image.default\">\n\t\t\t\t<div class=\"elementor-widget-container\">\n\t\t\t\t\t\t\t\t\t\t\t\t\t\t\t<img decoding=\"async\" width=\"460\" height=\"806\" src=\"https:\/\/mijn-lo.nl\/wp-content\/uploads\/2024\/02\/energy3-460x806-1.webp\" class=\"attachment-large size-large wp-image-4146\" alt=\"\" srcset=\"https:\/\/mijn-lo.nl\/wp-content\/uploads\/2024\/02\/energy3-460x806-1.webp 460w, https:\/\/mijn-lo.nl\/wp-content\/uploads\/2024\/02\/energy3-460x806-1-171x300.webp 171w, https:\/\/mijn-lo.nl\/wp-content\/uploads\/2024\/02\/energy3-460x806-1-7x12.webp 7w, https:\/\/mijn-lo.nl\/wp-content\/uploads\/2024\/02\/energy3-460x806-1-14x24.webp 14w, https:\/\/mijn-lo.nl\/wp-content\/uploads\/2024\/02\/energy3-460x806-1-21x36.webp 21w, https:\/\/mijn-lo.nl\/wp-content\/uploads\/2024\/02\/energy3-460x806-1-27x48.webp 27w\" sizes=\"(max-width: 460px) 100vw, 460px\" \/>\t\t\t\t\t\t\t\t\t\t\t\t\t\t\t<\/div>\n\t\t\t\t<\/div>\n\t\t\t\t<div class=\"elementor-element elementor-element-6942d17 elementor-widget elementor-widget-text-editor\" data-id=\"6942d17\" data-element_type=\"widget\" data-widget_type=\"text-editor.default\">\n\t\t\t\t<div class=\"elementor-widget-container\">\n\t\t\t\t\t\t\t\t\t<p style=\"text-align: center;\">Verdele este bun<\/p>\t\t\t\t\t\t\t\t<\/div>\n\t\t\t\t<\/div>\n\t\t\t\t\t<\/div>\n\t\t<\/div>\n\t\t\t\t\t<\/div>\n\t\t<\/section>\n\t\t\t\t<section class=\"elementor-section elementor-top-section elementor-element elementor-element-2edcca1 elementor-section-boxed elementor-section-height-default elementor-section-height-default\" data-id=\"2edcca1\" data-element_type=\"section\">\n\t\t\t\t\t\t<div class=\"elementor-container elementor-column-gap-default\">\n\t\t\t\t\t<div class=\"elementor-column elementor-col-100 elementor-top-column elementor-element elementor-element-75349f87\" data-id=\"75349f87\" data-element_type=\"column\">\n\t\t\t<div class=\"elementor-widget-wrap elementor-element-populated\">\n\t\t\t\t\t\t<div class=\"elementor-element elementor-element-2d2d0e50 elementor-align-center elementor-widget elementor-widget-button\" data-id=\"2d2d0e50\" data-element_type=\"widget\" data-widget_type=\"button.default\">\n\t\t\t\t<div class=\"elementor-widget-container\">\n\t\t\t\t\t\t\t\t\t<div class=\"elementor-button-wrapper\">\n\t\t\t\t\t<a class=\"elementor-button elementor-button-link elementor-size-sm\" href=\"https:\/\/mijn-lo.nl\/ro\/housing\/environment\/\">\n\t\t\t\t\t\t<span class=\"elementor-button-content-wrapper\">\n\t\t\t\t\t\t\t\t\t<span class=\"elementor-button-text\">continua<\/span>\n\t\t\t\t\t<\/span>\n\t\t\t\t\t<\/a>\n\t\t\t\t<\/div>\n\t\t\t\t\t\t\t\t<\/div>\n\t\t\t\t<\/div>\n\t\t\t\t\t<\/div>\n\t\t<\/div>\n\t\t\t\t\t<\/div>\n\t\t<\/section>\n\t\t\t\t<\/div>","protected":false},"excerpt":{"rendered":"<p>Windmills everywhere Energy To get an energy contract for your home in the Netherlands, you need to follow several steps. Here&#8217;s a simplified version of the process: Compare energy providers: Start by comparing different energy providers to find the best contract that suits your needs. There are various comparison websites available where you can compare [&hellip;]<\/p>\n","protected":false},"author":1,"featured_media":0,"parent":3311,"menu_order":4,"comment_status":"closed","ping_status":"closed","template":"elementor_canvas","meta":{"site-sidebar-layout":"no-sidebar","site-content-layout":"page-builder","ast-site-content-layout":"full-width-container","site-content-style":"default","site-sidebar-style":"default","ast-global-header-display":"","ast-banner-title-visibility":"","ast-main-header-display":"","ast-hfb-above-header-display":"","ast-hfb-below-header-display":"","ast-hfb-mobile-header-display":"","site-post-title":"disabled","ast-breadcrumbs-content":"","ast-featured-img":"disabled","footer-sml-layout":"","theme-transparent-header-meta":"","adv-header-id-meta":"","stick-header-meta":"","header-above-stick-meta":"","header-main-stick-meta":"","header-below-stick-meta":"","astra-migrate-meta-layouts":"set","ast-page-background-enabled":"default","ast-page-background-meta":{"desktop":{"background-color":"var(--ast-global-color-4)","background-image":"","background-repeat":"repeat","background-position":"center center","background-size":"auto","background-attachment":"scroll","background-type":"","background-media":"","overlay-type":"","overlay-color":"","overlay-opacity":"","overlay-gradient":""},"tablet":{"background-color":"","background-image":"","background-repeat":"repeat","background-position":"center center","background-size":"auto","background-attachment":"scroll","background-type":"","background-media":"","overlay-type":"","overlay-color":"","overlay-opacity":"","overlay-gradient":""},"mobile":{"background-color":"","background-image":"","background-repeat":"repeat","background-position":"center center","background-size":"auto","background-attachment":"scroll","background-type":"","background-media":"","overlay-type":"","overlay-color":"","overlay-opacity":"","overlay-gradient":""}},"ast-content-background-meta":{"desktop":{"background-color":"var(--ast-global-color-5)","background-image":"","background-repeat":"repeat","background-position":"center center","background-size":"auto","background-attachment":"scroll","background-type":"","background-media":"","overlay-type":"","overlay-color":"","overlay-opacity":"","overlay-gradient":""},"tablet":{"background-color":"var(--ast-global-color-5)","background-image":"","background-repeat":"repeat","background-position":"center center","background-size":"auto","background-attachment":"scroll","background-type":"","background-media":"","overlay-type":"","overlay-color":"","overlay-opacity":"","overlay-gradient":""},"mobile":{"background-color":"var(--ast-global-color-5)","background-image":"","background-repeat":"repeat","background-position":"center center","background-size":"auto","background-attachment":"scroll","background-type":"","background-media":"","overlay-type":"","overlay-color":"","overlay-opacity":"","overlay-gradient":""}},"footnotes":""},"class_list":["post-4140","page","type-page","status-publish","hentry"],"_links":{"self":[{"href":"https:\/\/mijn-lo.nl\/ro\/wp-json\/wp\/v2\/pages\/4140","targetHints":{"allow":["GET"]}}],"collection":[{"href":"https:\/\/mijn-lo.nl\/ro\/wp-json\/wp\/v2\/pages"}],"about":[{"href":"https:\/\/mijn-lo.nl\/ro\/wp-json\/wp\/v2\/types\/page"}],"author":[{"embeddable":true,"href":"https:\/\/mijn-lo.nl\/ro\/wp-json\/wp\/v2\/users\/1"}],"replies":[{"embeddable":true,"href":"https:\/\/mijn-lo.nl\/ro\/wp-json\/wp\/v2\/comments?post=4140"}],"version-history":[{"count":13,"href":"https:\/\/mijn-lo.nl\/ro\/wp-json\/wp\/v2\/pages\/4140\/revisions"}],"predecessor-version":[{"id":6259,"href":"https:\/\/mijn-lo.nl\/ro\/wp-json\/wp\/v2\/pages\/4140\/revisions\/6259"}],"up":[{"embeddable":true,"href":"https:\/\/mijn-lo.nl\/ro\/wp-json\/wp\/v2\/pages\/3311"}],"wp:attachment":[{"href":"https:\/\/mijn-lo.nl\/ro\/wp-json\/wp\/v2\/media?parent=4140"}],"curies":[{"name":"wp","href":"https:\/\/api.w.org\/{rel}","templated":true}]}}