{"id":4150,"date":"2024-02-03T16:02:56","date_gmt":"2024-02-03T16:02:56","guid":{"rendered":"http:\/\/mijn-lo.nl\/?page_id=4150"},"modified":"2025-08-19T17:26:26","modified_gmt":"2025-08-19T17:26:26","slug":"environment","status":"publish","type":"page","link":"https:\/\/mijn-lo.nl\/ro\/housing\/environment\/","title":{"rendered":"Mediu inconjurator"},"content":{"rendered":"<div data-elementor-type=\"wp-page\" data-elementor-id=\"4150\" class=\"elementor elementor-4150\" data-elementor-post-type=\"page\">\n\t\t\t\t\t\t<section class=\"elementor-section elementor-top-section elementor-element elementor-element-d43131f elementor-section-boxed elementor-section-height-default elementor-section-height-default\" data-id=\"d43131f\" data-element_type=\"section\">\n\t\t\t\t\t\t<div class=\"elementor-container elementor-column-gap-default\">\n\t\t\t\t\t<div class=\"elementor-column elementor-col-50 elementor-top-column elementor-element elementor-element-1189115\" data-id=\"1189115\" data-element_type=\"column\">\n\t\t\t<div class=\"elementor-widget-wrap elementor-element-populated\">\n\t\t\t\t\t\t<div class=\"elementor-element elementor-element-ec4366b elementor-widget elementor-widget-image\" data-id=\"ec4366b\" data-element_type=\"widget\" data-widget_type=\"image.default\">\n\t\t\t\t<div class=\"elementor-widget-container\">\n\t\t\t\t\t\t\t\t\t\t\t\t\t\t\t<img fetchpriority=\"high\" decoding=\"async\" width=\"900\" height=\"839\" src=\"https:\/\/mijn-lo.nl\/wp-content\/uploads\/2024\/02\/bakken-900x839-1.webp\" class=\"attachment-large size-large wp-image-4152\" alt=\"\" srcset=\"https:\/\/mijn-lo.nl\/wp-content\/uploads\/2024\/02\/bakken-900x839-1.webp 900w, https:\/\/mijn-lo.nl\/wp-content\/uploads\/2024\/02\/bakken-900x839-1-300x280.webp 300w, https:\/\/mijn-lo.nl\/wp-content\/uploads\/2024\/02\/bakken-900x839-1-768x716.webp 768w, https:\/\/mijn-lo.nl\/wp-content\/uploads\/2024\/02\/bakken-900x839-1-13x12.webp 13w, https:\/\/mijn-lo.nl\/wp-content\/uploads\/2024\/02\/bakken-900x839-1-24x22.webp 24w, https:\/\/mijn-lo.nl\/wp-content\/uploads\/2024\/02\/bakken-900x839-1-36x34.webp 36w, https:\/\/mijn-lo.nl\/wp-content\/uploads\/2024\/02\/bakken-900x839-1-48x45.webp 48w\" sizes=\"(max-width: 900px) 100vw, 900px\" \/>\t\t\t\t\t\t\t\t\t\t\t\t\t\t\t<\/div>\n\t\t\t\t<\/div>\n\t\t\t\t<div class=\"elementor-element elementor-element-be81f1b elementor-widget elementor-widget-text-editor\" data-id=\"be81f1b\" data-element_type=\"widget\" data-widget_type=\"text-editor.default\">\n\t\t\t\t<div class=\"elementor-widget-container\">\n\t\t\t\t\t\t\t\t\t<p style=\"text-align: center;\">Co\u0219 verde pentru de\u0219euri organice \u0219i co\u0219 gri pentru de\u0219euri generale<\/p>\t\t\t\t\t\t\t\t<\/div>\n\t\t\t\t<\/div>\n\t\t\t\t\t<\/div>\n\t\t<\/div>\n\t\t\t\t<div class=\"elementor-column elementor-col-50 elementor-top-column elementor-element elementor-element-b74fd01\" data-id=\"b74fd01\" data-element_type=\"column\">\n\t\t\t<div class=\"elementor-widget-wrap elementor-element-populated\">\n\t\t\t\t\t\t<div class=\"elementor-element elementor-element-669e7d1 elementor-widget elementor-widget-text-editor\" data-id=\"669e7d1\" data-element_type=\"widget\" data-widget_type=\"text-editor.default\">\n\t\t\t\t<div class=\"elementor-widget-container\">\n\t\t\t\t\t\t\t\t\t<h3 class=\"mbr-section-title mbr-fonts-style mb-3 display-5\"><strong>Mediu: locul \u00een care locui\u021bi<\/strong><\/h3><p class=\"mbr-text mbr-fonts-style display-7\"><strong>Gunoi<br \/><\/strong>\u00cen \u021a\u0103rile de Jos este important s\u0103 ave\u021bi grij\u0103 de mediu. Trebuie s\u0103 separa\u021bi de\u0219eurile \u0219i s\u0103 le arunca\u021bi \u00een pubela potrivit\u0103. Co\u0219ul verde este pentru de\u0219eurile organice, iar co\u0219ul gri pentru restul. H\u00e2rtia \u0219i sticla merg \u00een pubele separate. Este interzis s\u0103 arunca\u021bi gunoiul pur \u0219i simplu.\u00a0<\/p><p><strong>Fumat<br \/><\/strong>\u00cen \u021a\u0103rile de Jos, fumatul nu mai este la fel de normal ca \u00eenainte. Nu v\u0103 mai este permis s\u0103 fuma\u021bi \u00een restaurante, cafenele \u0219i la locul de munc\u0103. Dac\u0103 \u0219i dumneavoastr\u0103 fuma\u021bi, trebuie s\u0103 \u021bine\u021bi cont de acest lucru \u0219i s\u0103 nu fuma\u021bi acolo unde nu este permis. Fumatul de ha\u0219i\u0219 ( iarb\u0103 ) este permis.\u00a0<\/p>\t\t\t\t\t\t\t\t<\/div>\n\t\t\t\t<\/div>\n\t\t\t\t\t<\/div>\n\t\t<\/div>\n\t\t\t\t\t<\/div>\n\t\t<\/section>\n\t\t\t\t<section class=\"elementor-section elementor-top-section elementor-element elementor-element-66a8790 elementor-reverse-tablet elementor-reverse-mobile elementor-section-boxed elementor-section-height-default elementor-section-height-default\" data-id=\"66a8790\" data-element_type=\"section\">\n\t\t\t\t\t\t<div class=\"elementor-container elementor-column-gap-default\">\n\t\t\t\t\t<div class=\"elementor-column elementor-col-50 elementor-top-column elementor-element elementor-element-a301002\" data-id=\"a301002\" data-element_type=\"column\">\n\t\t\t<div class=\"elementor-widget-wrap elementor-element-populated\">\n\t\t\t\t\t\t<div class=\"elementor-element elementor-element-c5a19ba elementor-widget elementor-widget-text-editor\" data-id=\"c5a19ba\" data-element_type=\"widget\" data-widget_type=\"text-editor.default\">\n\t\t\t\t<div class=\"elementor-widget-container\">\n\t\t\t\t\t\t\t\t\t<h3 class=\"mbr-section-title mbr-fonts-style mb-3 display-5\"><strong>Alte c\u00e2teva puncte importante<\/strong><\/h3><p class=\"mbr-text mbr-fonts-style display-7\">1. Dac\u0103 sunte\u021bi \u00een c\u0103utarea unei case rapid \u0219i nu primi\u021bi o declara\u021bie de urgen\u021b\u0103, pute\u021bi \u00eenchiria o cas\u0103 de la o persoan\u0103 fizic\u0103. Acest lucru este adesea costisitor.<br \/>2. Un contract de \u00eenchiriere stabile\u0219te suma pe care trebuie s\u0103 o pl\u0103ti\u021bi \u00een fiecare lun\u0103.<br \/>3. Dac\u0103 chiria este prea mare, pute\u021bi solicita o indemniza\u021bie de chirie de la Administra\u021bia Fiscal\u0103 \u0219i Vamal\u0103.<br \/>4. Dac\u0103 robinetul dintr-o cas\u0103 \u00eenchiriat\u0103 este stricat, cel mai bine este s\u0103 apela\u021bi la proprietar. Proprietarul trebuie apoi s\u0103 furnizeze un robinet nou. (\u00centr-o cas\u0103 ocupat\u0103 de proprietar, trebuie s\u0103 aranja\u021bi singur acest lucru).<br \/>5. Persoanele cu venituri reduse pot solicita municipalit\u0103\u021bii o scutire de la taxa pe de\u0219euri.<br \/>6. Sticla trebuie aruncat\u0103 \u00eentr-un container de sticl\u0103 \u00een apropierea dumneavoastr\u0103.<br \/>7. Trebuie s\u0103 transmite\u021bi citirea contorului de gaz \u0219i electricitate o dat\u0103 pe an.<br \/>8. Dac\u0103 nu mai ave\u021bi curent electric \u00een cas\u0103, ar trebui s\u0103 verifica\u021bi mai \u00eent\u00e2i dac\u0103 alte persoane de pe strad\u0103 mai au curent electric.<br \/>9. Pute\u021bi alege singur un abonament de telefonie, televiziune sau internet.<br \/>10. Dac\u0103 sparge\u021bi ceva \u00een casa unui prieten, ave\u021bi nevoie de asigurare de r\u0103spundere civil\u0103.<\/p>\t\t\t\t\t\t\t\t<\/div>\n\t\t\t\t<\/div>\n\t\t\t\t\t<\/div>\n\t\t<\/div>\n\t\t\t\t<div class=\"elementor-column elementor-col-50 elementor-top-column elementor-element elementor-element-b0ecfdc\" data-id=\"b0ecfdc\" data-element_type=\"column\">\n\t\t\t<div class=\"elementor-widget-wrap elementor-element-populated\">\n\t\t\t\t\t\t<div class=\"elementor-element elementor-element-1c999f8 elementor-widget elementor-widget-image\" data-id=\"1c999f8\" data-element_type=\"widget\" data-widget_type=\"image.default\">\n\t\t\t\t<div class=\"elementor-widget-container\">\n\t\t\t\t\t\t\t\t\t\t\t\t\t\t\t<img decoding=\"async\" width=\"446\" height=\"448\" src=\"https:\/\/mijn-lo.nl\/wp-content\/uploads\/2024\/02\/checklist-446x448-1.webp\" class=\"attachment-large size-large wp-image-4153\" alt=\"\" srcset=\"https:\/\/mijn-lo.nl\/wp-content\/uploads\/2024\/02\/checklist-446x448-1.webp 446w, https:\/\/mijn-lo.nl\/wp-content\/uploads\/2024\/02\/checklist-446x448-1-300x300.webp 300w, https:\/\/mijn-lo.nl\/wp-content\/uploads\/2024\/02\/checklist-446x448-1-150x150.webp 150w, https:\/\/mijn-lo.nl\/wp-content\/uploads\/2024\/02\/checklist-446x448-1-12x12.webp 12w, https:\/\/mijn-lo.nl\/wp-content\/uploads\/2024\/02\/checklist-446x448-1-24x24.webp 24w, https:\/\/mijn-lo.nl\/wp-content\/uploads\/2024\/02\/checklist-446x448-1-36x36.webp 36w, https:\/\/mijn-lo.nl\/wp-content\/uploads\/2024\/02\/checklist-446x448-1-48x48.webp 48w\" sizes=\"(max-width: 446px) 100vw, 446px\" \/>\t\t\t\t\t\t\t\t\t\t\t\t\t\t\t<\/div>\n\t\t\t\t<\/div>\n\t\t\t\t<div class=\"elementor-element elementor-element-6942d17 elementor-widget elementor-widget-text-editor\" data-id=\"6942d17\" data-element_type=\"widget\" data-widget_type=\"text-editor.default\">\n\t\t\t\t<div class=\"elementor-widget-container\">\n\t\t\t\t\t\t\t\t\t<p style=\"text-align: center;\">Lista de verificare<\/p>\t\t\t\t\t\t\t\t<\/div>\n\t\t\t\t<\/div>\n\t\t\t\t\t<\/div>\n\t\t<\/div>\n\t\t\t\t\t<\/div>\n\t\t<\/section>\n\t\t\t\t<section class=\"elementor-section elementor-top-section elementor-element elementor-element-2edcca1 elementor-section-boxed elementor-section-height-default elementor-section-height-default\" data-id=\"2edcca1\" data-element_type=\"section\">\n\t\t\t\t\t\t<div class=\"elementor-container elementor-column-gap-default\">\n\t\t\t\t\t<div class=\"elementor-column elementor-col-100 elementor-top-column elementor-element elementor-element-75349f87\" data-id=\"75349f87\" data-element_type=\"column\">\n\t\t\t<div class=\"elementor-widget-wrap elementor-element-populated\">\n\t\t\t\t\t\t<div class=\"elementor-element elementor-element-2d2d0e50 elementor-align-center elementor-widget elementor-widget-button\" data-id=\"2d2d0e50\" data-element_type=\"widget\" data-widget_type=\"button.default\">\n\t\t\t\t<div class=\"elementor-widget-container\">\n\t\t\t\t\t\t\t\t\t<div class=\"elementor-button-wrapper\">\n\t\t\t\t\t<a class=\"elementor-button elementor-button-link elementor-size-sm\" href=\"https:\/\/mijn-lo.nl\/ro\/housing\/test-3\/\">\n\t\t\t\t\t\t<span class=\"elementor-button-content-wrapper\">\n\t\t\t\t\t\t\t\t\t<span class=\"elementor-button-text\">continua<\/span>\n\t\t\t\t\t<\/span>\n\t\t\t\t\t<\/a>\n\t\t\t\t<\/div>\n\t\t\t\t\t\t\t\t<\/div>\n\t\t\t\t<\/div>\n\t\t\t\t\t<\/div>\n\t\t<\/div>\n\t\t\t\t\t<\/div>\n\t\t<\/section>\n\t\t\t\t<\/div>","protected":false},"excerpt":{"rendered":"<p>Green bin for organic waste and grey bin for general waste Environment: the place where you live GarbageIn the Netherlands it is important to take good care of the environment. You must separate waste and throw it in the right bin. The green bin is for organic waste the grey bin for the rest. Paper [&hellip;]<\/p>\n","protected":false},"author":1,"featured_media":0,"parent":3311,"menu_order":5,"comment_status":"closed","ping_status":"closed","template":"elementor_canvas","meta":{"site-sidebar-layout":"no-sidebar","site-content-layout":"page-builder","ast-site-content-layout":"full-width-container","site-content-style":"default","site-sidebar-style":"default","ast-global-header-display":"","ast-banner-title-visibility":"","ast-main-header-display":"","ast-hfb-above-header-display":"","ast-hfb-below-header-display":"","ast-hfb-mobile-header-display":"","site-post-title":"disabled","ast-breadcrumbs-content":"","ast-featured-img":"disabled","footer-sml-layout":"","theme-transparent-header-meta":"","adv-header-id-meta":"","stick-header-meta":"","header-above-stick-meta":"","header-main-stick-meta":"","header-below-stick-meta":"","astra-migrate-meta-layouts":"set","ast-page-background-enabled":"default","ast-page-background-meta":{"desktop":{"background-color":"var(--ast-global-color-4)","background-image":"","background-repeat":"repeat","background-position":"center center","background-size":"auto","background-attachment":"scroll","background-type":"","background-media":"","overlay-type":"","overlay-color":"","overlay-opacity":"","overlay-gradient":""},"tablet":{"background-color":"","background-image":"","background-repeat":"repeat","background-position":"center center","background-size":"auto","background-attachment":"scroll","background-type":"","background-media":"","overlay-type":"","overlay-color":"","overlay-opacity":"","overlay-gradient":""},"mobile":{"background-color":"","background-image":"","background-repeat":"repeat","background-position":"center center","background-size":"auto","background-attachment":"scroll","background-type":"","background-media":"","overlay-type":"","overlay-color":"","overlay-opacity":"","overlay-gradient":""}},"ast-content-background-meta":{"desktop":{"background-color":"var(--ast-global-color-5)","background-image":"","background-repeat":"repeat","background-position":"center center","background-size":"auto","background-attachment":"scroll","background-type":"","background-media":"","overlay-type":"","overlay-color":"","overlay-opacity":"","overlay-gradient":""},"tablet":{"background-color":"var(--ast-global-color-5)","background-image":"","background-repeat":"repeat","background-position":"center center","background-size":"auto","background-attachment":"scroll","background-type":"","background-media":"","overlay-type":"","overlay-color":"","overlay-opacity":"","overlay-gradient":""},"mobile":{"background-color":"var(--ast-global-color-5)","background-image":"","background-repeat":"repeat","background-position":"center center","background-size":"auto","background-attachment":"scroll","background-type":"","background-media":"","overlay-type":"","overlay-color":"","overlay-opacity":"","overlay-gradient":""}},"footnotes":""},"class_list":["post-4150","page","type-page","status-publish","hentry"],"_links":{"self":[{"href":"https:\/\/mijn-lo.nl\/ro\/wp-json\/wp\/v2\/pages\/4150","targetHints":{"allow":["GET"]}}],"collection":[{"href":"https:\/\/mijn-lo.nl\/ro\/wp-json\/wp\/v2\/pages"}],"about":[{"href":"https:\/\/mijn-lo.nl\/ro\/wp-json\/wp\/v2\/types\/page"}],"author":[{"embeddable":true,"href":"https:\/\/mijn-lo.nl\/ro\/wp-json\/wp\/v2\/users\/1"}],"replies":[{"embeddable":true,"href":"https:\/\/mijn-lo.nl\/ro\/wp-json\/wp\/v2\/comments?post=4150"}],"version-history":[{"count":22,"href":"https:\/\/mijn-lo.nl\/ro\/wp-json\/wp\/v2\/pages\/4150\/revisions"}],"predecessor-version":[{"id":6262,"href":"https:\/\/mijn-lo.nl\/ro\/wp-json\/wp\/v2\/pages\/4150\/revisions\/6262"}],"up":[{"embeddable":true,"href":"https:\/\/mijn-lo.nl\/ro\/wp-json\/wp\/v2\/pages\/3311"}],"wp:attachment":[{"href":"https:\/\/mijn-lo.nl\/ro\/wp-json\/wp\/v2\/media?parent=4150"}],"curies":[{"name":"wp","href":"https:\/\/api.w.org\/{rel}","templated":true}]}}