{"id":4223,"date":"2024-02-03T17:41:44","date_gmt":"2024-02-03T17:41:44","guid":{"rendered":"http:\/\/mijn-lo.nl\/?page_id=4223"},"modified":"2025-08-19T17:28:05","modified_gmt":"2025-08-19T17:28:05","slug":"basis-insurance","status":"publish","type":"page","link":"https:\/\/mijn-lo.nl\/ro\/healthcare\/basis-insurance\/","title":{"rendered":"Asigurare de baz\u0103"},"content":{"rendered":"<div data-elementor-type=\"wp-page\" data-elementor-id=\"4223\" class=\"elementor elementor-4223\" data-elementor-post-type=\"page\">\n\t\t\t\t\t\t<section class=\"elementor-section elementor-top-section elementor-element elementor-element-54745e55 elementor-section-boxed elementor-section-height-default elementor-section-height-default\" data-id=\"54745e55\" data-element_type=\"section\">\n\t\t\t\t\t\t<div class=\"elementor-container elementor-column-gap-default\">\n\t\t\t\t\t<div class=\"elementor-column elementor-col-50 elementor-top-column elementor-element elementor-element-6ed89152\" data-id=\"6ed89152\" data-element_type=\"column\">\n\t\t\t<div class=\"elementor-widget-wrap elementor-element-populated\">\n\t\t\t\t\t\t<div class=\"elementor-element elementor-element-5a215560 elementor-widget elementor-widget-image\" data-id=\"5a215560\" data-element_type=\"widget\" data-widget_type=\"image.default\">\n\t\t\t\t<div class=\"elementor-widget-container\">\n\t\t\t\t\t\t\t\t\t\t\t\t\t\t\t<img fetchpriority=\"high\" decoding=\"async\" width=\"543\" height=\"859\" src=\"https:\/\/mijn-lo.nl\/wp-content\/uploads\/2024\/02\/hospital2cb-543x859-1.webp\" class=\"attachment-large size-large wp-image-4218\" alt=\"\" srcset=\"https:\/\/mijn-lo.nl\/wp-content\/uploads\/2024\/02\/hospital2cb-543x859-1.webp 543w, https:\/\/mijn-lo.nl\/wp-content\/uploads\/2024\/02\/hospital2cb-543x859-1-190x300.webp 190w, https:\/\/mijn-lo.nl\/wp-content\/uploads\/2024\/02\/hospital2cb-543x859-1-8x12.webp 8w, https:\/\/mijn-lo.nl\/wp-content\/uploads\/2024\/02\/hospital2cb-543x859-1-15x24.webp 15w, https:\/\/mijn-lo.nl\/wp-content\/uploads\/2024\/02\/hospital2cb-543x859-1-23x36.webp 23w, https:\/\/mijn-lo.nl\/wp-content\/uploads\/2024\/02\/hospital2cb-543x859-1-30x48.webp 30w\" sizes=\"(max-width: 543px) 100vw, 543px\" \/>\t\t\t\t\t\t\t\t\t\t\t\t\t\t\t<\/div>\n\t\t\t\t<\/div>\n\t\t\t\t<div class=\"elementor-element elementor-element-4b903e40 elementor-widget elementor-widget-text-editor\" data-id=\"4b903e40\" data-element_type=\"widget\" data-widget_type=\"text-editor.default\">\n\t\t\t\t<div class=\"elementor-widget-container\">\n\t\t\t\t\t\t\t\t\t<p style=\"text-align: center;\">Spital<\/p>\t\t\t\t\t\t\t\t<\/div>\n\t\t\t\t<\/div>\n\t\t\t\t\t<\/div>\n\t\t<\/div>\n\t\t\t\t<div class=\"elementor-column elementor-col-50 elementor-top-column elementor-element elementor-element-78ab3ed7\" data-id=\"78ab3ed7\" data-element_type=\"column\">\n\t\t\t<div class=\"elementor-widget-wrap elementor-element-populated\">\n\t\t\t\t\t\t<div class=\"elementor-element elementor-element-3b4bee8e elementor-widget elementor-widget-text-editor\" data-id=\"3b4bee8e\" data-element_type=\"widget\" data-widget_type=\"text-editor.default\">\n\t\t\t\t<div class=\"elementor-widget-container\">\n\t\t\t\t\t\t\t\t\t<h3 class=\"mbr-section-title mbr-fonts-style mb-3 display-5\"><strong>Cum este organizat\u0103 asisten\u021ba medical\u0103 \u00een \u021a\u0103rile de Jos<\/strong><\/h3><p class=\"mbr-text mbr-fonts-style display-7\">\u00cen \u021a\u0103rile de Jos, noi numim asisten\u021ba medical\u0103 \"zorg\".<\/p><p><audio class=\"wp-audio-shortcode\" id=\"audio-4223-1\" preload=\"none\" style=\"width: 100%;\" controls=\"controls\"><source type=\"audio\/wav\" src=\"http:\/\/mijn-lo.nl\/wp-content\/uploads\/2024\/02\/zorg.wav?_=1\" \/><a href=\"http:\/\/mijn-lo.nl\/wp-content\/uploads\/2024\/02\/zorg.wav\">http:\/\/mijn-lo.nl\/wp-content\/uploads\/2024\/02\/zorg.wav<\/a><\/audio><\/p><p><strong>Asigurare de s\u0103n\u0103tate:\u00a0<\/strong>Toat\u0103 lumea trebuie s\u0103 aib\u0103 asigurare de s\u0103n\u0103tate. Alege\u021bi o companie \u0219i \u00eei pl\u0103ti\u021bi \u00een fiecare lun\u0103. Aceasta v\u0103 ajut\u0103 s\u0103 pl\u0103ti\u021bi vizitele la medic, spitalizarea \u0219i medicamentele. Aceast\u0103 asigurare se nume\u0219te \"basisverzekering\".<\/p><p><strong>Consultarea unui medic:<\/strong>\u00a0Dac\u0103 sunte\u021bi bolnav, consulta\u021bi mai \u00eent\u00e2i un medic generalist. Acest medic este ca un ajutor principal pentru s\u0103n\u0103tatea dumneavoastr\u0103. Dac\u0103 ave\u021bi nevoie de mai mult ajutor, acest medic v\u0103 spune unde s\u0103 merge\u021bi mai departe.<\/p><p><strong>Plata asisten\u021bei medicale:\u00a0<\/strong>Asigurarea dvs. pl\u0103te\u0219te pentru majoritatea lucrurilor, dar uneori \u0219i dvs. pl\u0103ti\u021bi un pic. Suma pe care o pl\u0103ti\u021bi depinde de c\u00e2\u021bi bani c\u00e2\u0219tiga\u021bi.<\/p><p><strong>Medicamente<\/strong>: Dac\u0103 un medic v\u0103 d\u0103 un medicament, \u00eel lua\u021bi de la un magazin numit farmacie. Asigurarea pl\u0103te\u0219te o parte din medicamente, dar este posibil s\u0103 pl\u0103ti\u021bi \u0219i dumneavoastr\u0103 pu\u021bin. Magazinul poate da medicamente speciale numai dac\u0103 medicul dumneavoastr\u0103 descrie aceste medicamente.<\/p><p><strong>\u00cengrijirea din\u021bilor<\/strong>: Vizita la dentist nu este pl\u0103tit\u0103 integral de asigurarea principal\u0103. S-ar putea s\u0103 fie nevoie s\u0103 cump\u0103ra\u021bi o asigurare suplimentar\u0103 sau s\u0103 v\u0103 pl\u0103ti\u021bi singur.<\/p><p><strong>\u00cengrijire pe termen lung:<\/strong>\u00a0Dac\u0103 cineva are nevoie de ajutor pentru o perioad\u0103 \u00eendelungat\u0103 de timp, cum ar fi \u0219ederea \u00eentr-o cas\u0103 special\u0103, exist\u0103 un sistem diferit pentru a ajuta la plata acestuia.<\/p>\t\t\t\t\t\t\t\t<\/div>\n\t\t\t\t<\/div>\n\t\t\t\t\t<\/div>\n\t\t<\/div>\n\t\t\t\t\t<\/div>\n\t\t<\/section>\n\t\t\t\t<section class=\"elementor-section elementor-top-section elementor-element elementor-element-66a8790 elementor-reverse-tablet elementor-reverse-mobile elementor-section-boxed elementor-section-height-default elementor-section-height-default\" data-id=\"66a8790\" data-element_type=\"section\">\n\t\t\t\t\t\t<div class=\"elementor-container elementor-column-gap-default\">\n\t\t\t\t\t<div class=\"elementor-column elementor-col-50 elementor-top-column elementor-element elementor-element-a301002\" data-id=\"a301002\" data-element_type=\"column\">\n\t\t\t<div class=\"elementor-widget-wrap elementor-element-populated\">\n\t\t\t\t\t\t<div class=\"elementor-element elementor-element-c5a19ba elementor-widget elementor-widget-text-editor\" data-id=\"c5a19ba\" data-element_type=\"widget\" data-widget_type=\"text-editor.default\">\n\t\t\t\t<div class=\"elementor-widget-container\">\n\t\t\t\t\t\t\t\t\t<h3 class=\"mbr-section-title mbr-fonts-style mb-3 display-5\"><strong>Asigurarea de baz\u0103, mai multe informa\u021bii<\/strong><\/h3><p class=\"mbr-text mbr-fonts-style display-7\">\u00cen \u021a\u0103rile de Jos, numim asigurarea de baz\u0103 \"basisverzekering\".<\/p><p class=\"mbr-text mbr-fonts-style display-7\">\u00a0<\/p><p><audio class=\"wp-audio-shortcode\" id=\"audio-4223-2\" preload=\"none\" style=\"width: 100%;\" controls=\"controls\"><source type=\"audio\/wav\" src=\"http:\/\/mijn-lo.nl\/wp-content\/uploads\/2024\/02\/basisverzekering.wav?_=2\" \/><a href=\"http:\/\/mijn-lo.nl\/wp-content\/uploads\/2024\/02\/basisverzekering.wav\">http:\/\/mijn-lo.nl\/wp-content\/uploads\/2024\/02\/basisverzekering.wav<\/a><\/audio><\/p><p class=\"mbr-section-title mbr-fonts-style mb-3 display-5\">\u00cen \u021a\u0103rile de Jos, toat\u0103 lumea este obligat\u0103 s\u0103 aib\u0103 o asigurare de baz\u0103, care este gestionat\u0103 de companii de asigur\u0103ri private. Asigurarea de baz\u0103 acoper\u0103:<br \/>1.\u00a0<strong>Merg\u00e2nd la doctor:<\/strong>\u00a0Vizitarea unui medic atunci c\u00e2nd sunte\u021bi bolnav sau ave\u021bi nevoie de sfaturi medicale.<br \/>2.\u00a0<strong>Asisten\u021b\u0103 spitaliceasc\u0103:<\/strong>\u00a0Ob\u021binerea de tratament \u0219i \u00eengrijire \u00eentr-un spital, inclusiv interven\u021bii chirurgicale \u0219i asisten\u021b\u0103 medical\u0103 de urgen\u021b\u0103.<br \/>3.\u00a0<strong>Medicamente:<\/strong>\u00a0Medicamentele eliberate pe baz\u0103 de re\u021bet\u0103 care sunt aprobate \u0219i enumerate de asigurare.<br \/>4.\u00a0<strong>\u00cengrijirea maternit\u0103\u021bii:<\/strong>\u00a0Servicii legate de sarcin\u0103, na\u0219tere \u0219i \u00eengrijire postnatal\u0103.<br \/>5.\u00a0<strong>S\u0103n\u0103tate mintal\u0103:<\/strong>\u00a0Ajutor \u0219i tratament pentru problemele de s\u0103n\u0103tate mintal\u0103.<br \/>6.\u00a0<strong>Reabilitare:<\/strong>\u00a0Terapie \u0219i exerci\u021bii pentru a ajuta la recuperarea dup\u0103 o accidentare sau o boal\u0103.<br \/>7.\u00a0<strong>\u00cengrijire specializat\u0103:<\/strong>\u00a0Consultarea medicilor specializa\u021bi pentru anumite probleme de s\u0103n\u0103tate.<br \/>8.\u00a0<strong>Echipament medical:<\/strong>\u00a0anumite dispozitive \u0219i ajutoare, cum ar fi scaunele cu rotile sau c\u00e2rjele, atunci c\u00e2nd este necesar.<br \/>9. <strong>\u00cengrijire preventiv\u0103:<\/strong>\u00a0Vaccin\u0103ri \u0219i examin\u0103ri pentru depistarea timpurie a problemelor de s\u0103n\u0103tate.<br \/><br \/>Nu uita\u021bi c\u0103 este posibil s\u0103 mai existe anumite costuri, cum ar fi fran\u0219izele sau pl\u0103\u021bile mici pentru anumite servicii.<\/p>\t\t\t\t\t\t\t\t<\/div>\n\t\t\t\t<\/div>\n\t\t\t\t\t<\/div>\n\t\t<\/div>\n\t\t\t\t<div class=\"elementor-column elementor-col-50 elementor-top-column elementor-element elementor-element-b0ecfdc\" data-id=\"b0ecfdc\" data-element_type=\"column\">\n\t\t\t<div class=\"elementor-widget-wrap elementor-element-populated\">\n\t\t\t\t\t\t<div class=\"elementor-element elementor-element-1c999f8 elementor-widget elementor-widget-image\" data-id=\"1c999f8\" data-element_type=\"widget\" data-widget_type=\"image.default\">\n\t\t\t\t<div class=\"elementor-widget-container\">\n\t\t\t\t\t\t\t\t\t\t\t\t\t\t\t<img decoding=\"async\" width=\"603\" height=\"809\" src=\"https:\/\/mijn-lo.nl\/wp-content\/uploads\/2024\/02\/chirurg4-603x809-1.webp\" class=\"attachment-large size-large wp-image-4232\" alt=\"\" srcset=\"https:\/\/mijn-lo.nl\/wp-content\/uploads\/2024\/02\/chirurg4-603x809-1.webp 603w, https:\/\/mijn-lo.nl\/wp-content\/uploads\/2024\/02\/chirurg4-603x809-1-224x300.webp 224w, https:\/\/mijn-lo.nl\/wp-content\/uploads\/2024\/02\/chirurg4-603x809-1-9x12.webp 9w, https:\/\/mijn-lo.nl\/wp-content\/uploads\/2024\/02\/chirurg4-603x809-1-18x24.webp 18w, https:\/\/mijn-lo.nl\/wp-content\/uploads\/2024\/02\/chirurg4-603x809-1-27x36.webp 27w, https:\/\/mijn-lo.nl\/wp-content\/uploads\/2024\/02\/chirurg4-603x809-1-36x48.webp 36w\" sizes=\"(max-width: 603px) 100vw, 603px\" \/>\t\t\t\t\t\t\t\t\t\t\t\t\t\t\t<\/div>\n\t\t\t\t<\/div>\n\t\t\t\t<div class=\"elementor-element elementor-element-6942d17 elementor-widget elementor-widget-text-editor\" data-id=\"6942d17\" data-element_type=\"widget\" data-widget_type=\"text-editor.default\">\n\t\t\t\t<div class=\"elementor-widget-container\">\n\t\t\t\t\t\t\t\t\t<p style=\"text-align: center;\">Asisten\u021b\u0103 spitaliceasc\u0103<\/p>\t\t\t\t\t\t\t\t<\/div>\n\t\t\t\t<\/div>\n\t\t\t\t\t<\/div>\n\t\t<\/div>\n\t\t\t\t\t<\/div>\n\t\t<\/section>\n\t\t\t\t<section class=\"elementor-section elementor-top-section elementor-element elementor-element-0ff0813 elementor-section-boxed elementor-section-height-default elementor-section-height-default\" data-id=\"0ff0813\" data-element_type=\"section\">\n\t\t\t\t\t\t<div class=\"elementor-container elementor-column-gap-default\">\n\t\t\t\t\t<div class=\"elementor-column elementor-col-50 elementor-top-column elementor-element elementor-element-11e498c\" data-id=\"11e498c\" data-element_type=\"column\">\n\t\t\t<div class=\"elementor-widget-wrap elementor-element-populated\">\n\t\t\t\t\t\t<div class=\"elementor-element elementor-element-9ffb1b0 elementor-widget elementor-widget-image\" data-id=\"9ffb1b0\" data-element_type=\"widget\" data-widget_type=\"image.default\">\n\t\t\t\t<div class=\"elementor-widget-container\">\n\t\t\t\t\t\t\t\t\t\t\t\t\t\t\t<img decoding=\"async\" width=\"600\" height=\"1024\" src=\"https:\/\/mijn-lo.nl\/wp-content\/uploads\/2024\/02\/1-gezondeten-800x1365-1-600x1024.webp\" class=\"attachment-large size-large wp-image-4259\" alt=\"\" srcset=\"https:\/\/mijn-lo.nl\/wp-content\/uploads\/2024\/02\/1-gezondeten-800x1365-1-600x1024.webp 600w, https:\/\/mijn-lo.nl\/wp-content\/uploads\/2024\/02\/1-gezondeten-800x1365-1-176x300.webp 176w, https:\/\/mijn-lo.nl\/wp-content\/uploads\/2024\/02\/1-gezondeten-800x1365-1-768x1310.webp 768w, https:\/\/mijn-lo.nl\/wp-content\/uploads\/2024\/02\/1-gezondeten-800x1365-1-7x12.webp 7w, https:\/\/mijn-lo.nl\/wp-content\/uploads\/2024\/02\/1-gezondeten-800x1365-1-14x24.webp 14w, https:\/\/mijn-lo.nl\/wp-content\/uploads\/2024\/02\/1-gezondeten-800x1365-1-21x36.webp 21w, https:\/\/mijn-lo.nl\/wp-content\/uploads\/2024\/02\/1-gezondeten-800x1365-1-28x48.webp 28w, https:\/\/mijn-lo.nl\/wp-content\/uploads\/2024\/02\/1-gezondeten-800x1365-1.webp 800w\" sizes=\"(max-width: 600px) 100vw, 600px\" \/>\t\t\t\t\t\t\t\t\t\t\t\t\t\t\t<\/div>\n\t\t\t\t<\/div>\n\t\t\t\t\t<\/div>\n\t\t<\/div>\n\t\t\t\t<div class=\"elementor-column elementor-col-50 elementor-top-column elementor-element elementor-element-4ec2c60\" data-id=\"4ec2c60\" data-element_type=\"column\">\n\t\t\t<div class=\"elementor-widget-wrap elementor-element-populated\">\n\t\t\t\t\t\t<div class=\"elementor-element elementor-element-27c87d7 elementor-widget elementor-widget-text-editor\" data-id=\"27c87d7\" data-element_type=\"widget\" data-widget_type=\"text-editor.default\">\n\t\t\t\t<div class=\"elementor-widget-container\">\n\t\t\t\t\t\t\t\t\t<h3 class=\"mbr-section-title mbr-fonts-style mb-3 display-5\"><strong>Via\u021b\u0103 s\u0103n\u0103toas\u0103<\/strong><\/h3><p>A tr\u0103i s\u0103n\u0103tos \u00eenseamn\u0103 a face alegeri bune pentru corpul \u0219i mintea noastr\u0103. Acest lucru ne ajut\u0103 s\u0103 ne sim\u021bim bine \u0219i s\u0103 tr\u0103im mai mult.<br \/><br \/><strong>Cum s\u0103 tr\u0103ie\u0219ti s\u0103n\u0103tos<br \/><\/strong><br \/><em>M\u00e2ncarea corect\u0103:<br \/><\/em>M\u00e2nca\u021bi alimente diferite, cum ar fi legume, fructe, cereale \u0219i carne.<br \/>M\u00e2nca\u021bi de trei ori pe zi. Nu s\u0103ri\u021bi peste micul dejun.<br \/>Be\u021bi mult\u0103 ap\u0103.<br \/>Nu m\u00e2nca\u021bi prea mult zah\u0103r, sare sau gr\u0103simi.<br \/>Verifica\u021bi datele de valabilitate ale alimentelor \u0219i p\u0103stra\u021bi alimentele curate.<br \/><br \/><em>Mi\u0219care \u0219i joc:<br \/><\/em>Face\u021bi lucruri precum mersul pe jos, mersul cu bicicleta sau practicarea unui sport.<br \/>\u00cencerca\u021bi s\u0103 face\u021bi mi\u0219care timp de 30 de minute \u00een fiecare zi.<br \/><br \/><em>Dormit bine<\/em>: Dormi\u021bi suficient \u00een fiecare noapte pentru a v\u0103 sim\u021bi odihnit.<br \/><br \/><em>Relaxare<\/em>: Face\u021bi lucruri distractive sau relaxa\u021bi-v\u0103 pentru a v\u0103 sim\u021bi calm.<br \/><br \/><em>F\u0103r\u0103 obiceiuri proaste:<\/em><br \/>Nu fuma\u021bi. Este r\u0103u pentru pl\u0103m\u00e2ni.<br \/>Nu be\u021bi prea mult alcool.<br \/><br \/><strong>Vizite la medic:<\/strong>\u00a0Consulta\u021bi un medic din c\u00e2nd \u00een c\u00e2nd pentru a verifica dac\u0103 sunte\u021bi s\u0103n\u0103tos.<br \/><br \/><em>S\u0103 te sim\u021bi bine \u00een interior:\u00a0<\/em>Vorbi\u021bi cu prietenii \u0219i familia. Cere\u021bi ajutor dac\u0103 v\u0103 sim\u021bi\u021bi foarte trist.<br \/><br \/><em>Ap\u0103 potabil\u0103<\/em>: Be\u021bi ap\u0103 des. Nu be\u021bi prea multe b\u0103uturi dulci.<br \/><br \/><strong>S\u0103 fii \u00een siguran\u021b\u0103 cu ceilal\u021bi:<br \/><\/strong>Fetele pot lua o pastil\u0103.<br \/>B\u0103ie\u021bii pot folosi ceva numit prezervativ.<br \/>Fi\u021bi \u00een siguran\u021b\u0103 pentru a nu v\u0103 \u00eemboln\u0103vi.<\/p>\t\t\t\t\t\t\t\t<\/div>\n\t\t\t\t<\/div>\n\t\t\t\t\t<\/div>\n\t\t<\/div>\n\t\t\t\t\t<\/div>\n\t\t<\/section>\n\t\t\t\t<section class=\"elementor-section elementor-top-section elementor-element elementor-element-2edcca1 elementor-section-boxed elementor-section-height-default elementor-section-height-default\" data-id=\"2edcca1\" data-element_type=\"section\">\n\t\t\t\t\t\t<div class=\"elementor-container elementor-column-gap-default\">\n\t\t\t\t\t<div class=\"elementor-column elementor-col-100 elementor-top-column elementor-element elementor-element-75349f87\" data-id=\"75349f87\" data-element_type=\"column\">\n\t\t\t<div class=\"elementor-widget-wrap elementor-element-populated\">\n\t\t\t\t\t\t<div class=\"elementor-element elementor-element-2d2d0e50 elementor-align-center elementor-widget elementor-widget-button\" data-id=\"2d2d0e50\" data-element_type=\"widget\" data-widget_type=\"button.default\">\n\t\t\t\t<div class=\"elementor-widget-container\">\n\t\t\t\t\t\t\t\t\t<div class=\"elementor-button-wrapper\">\n\t\t\t\t\t<a class=\"elementor-button elementor-button-link elementor-size-sm\" href=\"https:\/\/mijn-lo.nl\/ro\/healthcare\/learn-basic-words\/\">\n\t\t\t\t\t\t<span class=\"elementor-button-content-wrapper\">\n\t\t\t\t\t\t\t\t\t<span class=\"elementor-button-text\">continua<\/span>\n\t\t\t\t\t<\/span>\n\t\t\t\t\t<\/a>\n\t\t\t\t<\/div>\n\t\t\t\t\t\t\t\t<\/div>\n\t\t\t\t<\/div>\n\t\t\t\t\t<\/div>\n\t\t<\/div>\n\t\t\t\t\t<\/div>\n\t\t<\/section>\n\t\t\t\t<\/div>","protected":false},"excerpt":{"rendered":"<p>Hospital How healthcare is organized in the Netherlands In the Netherlands, we call healthcare &#8220;zorg&#8221;. Health Insurance:\u00a0Everyone must have health insurance. You pick a company and pay them every month. This helps pay for doctor visits, hospital stays, and medicines. This insurance is called &#8220;basisverzekering&#8221;. Seeing a Doctor:\u00a0If you&#8217;re sick, you see a general doctor [&hellip;]<\/p>\n","protected":false},"author":1,"featured_media":0,"parent":4178,"menu_order":2,"comment_status":"closed","ping_status":"closed","template":"elementor_canvas","meta":{"site-sidebar-layout":"no-sidebar","site-content-layout":"page-builder","ast-site-content-layout":"full-width-container","site-content-style":"default","site-sidebar-style":"default","ast-global-header-display":"","ast-banner-title-visibility":"","ast-main-header-display":"","ast-hfb-above-header-display":"","ast-hfb-below-header-display":"","ast-hfb-mobile-header-display":"","site-post-title":"disabled","ast-breadcrumbs-content":"","ast-featured-img":"disabled","footer-sml-layout":"","theme-transparent-header-meta":"","adv-header-id-meta":"","stick-header-meta":"","header-above-stick-meta":"","header-main-stick-meta":"","header-below-stick-meta":"","astra-migrate-meta-layouts":"set","ast-page-background-enabled":"default","ast-page-background-meta":{"desktop":{"background-color":"var(--ast-global-color-4)","background-image":"","background-repeat":"repeat","background-position":"center center","background-size":"auto","background-attachment":"scroll","background-type":"","background-media":"","overlay-type":"","overlay-color":"","overlay-opacity":"","overlay-gradient":""},"tablet":{"background-color":"","background-image":"","background-repeat":"repeat","background-position":"center center","background-size":"auto","background-attachment":"scroll","background-type":"","background-media":"","overlay-type":"","overlay-color":"","overlay-opacity":"","overlay-gradient":""},"mobile":{"background-color":"","background-image":"","background-repeat":"repeat","background-position":"center center","background-size":"auto","background-attachment":"scroll","background-type":"","background-media":"","overlay-type":"","overlay-color":"","overlay-opacity":"","overlay-gradient":""}},"ast-content-background-meta":{"desktop":{"background-color":"var(--ast-global-color-5)","background-image":"","background-repeat":"repeat","background-position":"center center","background-size":"auto","background-attachment":"scroll","background-type":"","background-media":"","overlay-type":"","overlay-color":"","overlay-opacity":"","overlay-gradient":""},"tablet":{"background-color":"var(--ast-global-color-5)","background-image":"","background-repeat":"repeat","background-position":"center center","background-size":"auto","background-attachment":"scroll","background-type":"","background-media":"","overlay-type":"","overlay-color":"","overlay-opacity":"","overlay-gradient":""},"mobile":{"background-color":"var(--ast-global-color-5)","background-image":"","background-repeat":"repeat","background-position":"center center","background-size":"auto","background-attachment":"scroll","background-type":"","background-media":"","overlay-type":"","overlay-color":"","overlay-opacity":"","overlay-gradient":""}},"footnotes":""},"class_list":["post-4223","page","type-page","status-publish","hentry"],"_links":{"self":[{"href":"https:\/\/mijn-lo.nl\/ro\/wp-json\/wp\/v2\/pages\/4223","targetHints":{"allow":["GET"]}}],"collection":[{"href":"https:\/\/mijn-lo.nl\/ro\/wp-json\/wp\/v2\/pages"}],"about":[{"href":"https:\/\/mijn-lo.nl\/ro\/wp-json\/wp\/v2\/types\/page"}],"author":[{"embeddable":true,"href":"https:\/\/mijn-lo.nl\/ro\/wp-json\/wp\/v2\/users\/1"}],"replies":[{"embeddable":true,"href":"https:\/\/mijn-lo.nl\/ro\/wp-json\/wp\/v2\/comments?post=4223"}],"version-history":[{"count":22,"href":"https:\/\/mijn-lo.nl\/ro\/wp-json\/wp\/v2\/pages\/4223\/revisions"}],"predecessor-version":[{"id":6268,"href":"https:\/\/mijn-lo.nl\/ro\/wp-json\/wp\/v2\/pages\/4223\/revisions\/6268"}],"up":[{"embeddable":true,"href":"https:\/\/mijn-lo.nl\/ro\/wp-json\/wp\/v2\/pages\/4178"}],"wp:attachment":[{"href":"https:\/\/mijn-lo.nl\/ro\/wp-json\/wp\/v2\/media?parent=4223"}],"curies":[{"name":"wp","href":"https:\/\/api.w.org\/{rel}","templated":true}]}}