{"id":4777,"date":"2024-02-09T14:01:10","date_gmt":"2024-02-09T14:01:10","guid":{"rendered":"http:\/\/mijn-lo.nl\/?page_id=4777"},"modified":"2025-08-19T17:40:54","modified_gmt":"2025-08-19T17:40:54","slug":"living-together-in-the-netherlands","status":"publish","type":"page","link":"https:\/\/mijn-lo.nl\/ro\/living-together\/living-together-in-the-netherlands\/","title":{"rendered":"Locuirea \u00eempreun\u0103 \u00een Olanda"},"content":{"rendered":"<div data-elementor-type=\"wp-page\" data-elementor-id=\"4777\" class=\"elementor elementor-4777\" data-elementor-post-type=\"page\">\n\t\t\t\t\t\t<section class=\"elementor-section elementor-top-section elementor-element elementor-element-225a7cef elementor-section-boxed elementor-section-height-default elementor-section-height-default\" data-id=\"225a7cef\" data-element_type=\"section\" data-settings=\"{&quot;background_background&quot;:&quot;classic&quot;}\">\n\t\t\t\t\t\t<div class=\"elementor-container elementor-column-gap-default\">\n\t\t\t\t\t<div class=\"elementor-column elementor-col-100 elementor-top-column elementor-element elementor-element-7ff2ed98\" data-id=\"7ff2ed98\" data-element_type=\"column\">\n\t\t\t<div class=\"elementor-widget-wrap elementor-element-populated\">\n\t\t\t\t\t\t<div class=\"elementor-element elementor-element-4c131b03 elementor-widget elementor-widget-heading\" data-id=\"4c131b03\" data-element_type=\"widget\" data-widget_type=\"heading.default\">\n\t\t\t\t<div class=\"elementor-widget-container\">\n\t\t\t\t\t<h2 class=\"elementor-heading-title elementor-size-default\">VIA\u021aA \u00ceN COMUN<\/h2>\t\t\t\t<\/div>\n\t\t\t\t<\/div>\n\t\t\t\t\t<\/div>\n\t\t<\/div>\n\t\t\t\t\t<\/div>\n\t\t<\/section>\n\t\t\t\t<section class=\"elementor-section elementor-top-section elementor-element elementor-element-6887aa9 elementor-section-boxed elementor-section-height-default elementor-section-height-default\" data-id=\"6887aa9\" data-element_type=\"section\">\n\t\t\t\t\t\t<div class=\"elementor-container elementor-column-gap-default\">\n\t\t\t\t\t<div class=\"elementor-column elementor-col-100 elementor-top-column elementor-element elementor-element-fbca87d\" data-id=\"fbca87d\" data-element_type=\"column\">\n\t\t\t<div class=\"elementor-widget-wrap elementor-element-populated\">\n\t\t\t\t\t\t<div class=\"elementor-element elementor-element-e13e3b7 elementor-widget elementor-widget-image\" data-id=\"e13e3b7\" data-element_type=\"widget\" data-widget_type=\"image.default\">\n\t\t\t\t<div class=\"elementor-widget-container\">\n\t\t\t\t\t\t\t\t\t\t\t\t\t\t\t<img fetchpriority=\"high\" decoding=\"async\" width=\"1024\" height=\"528\" src=\"https:\/\/mijn-lo.nl\/wp-content\/uploads\/2024\/02\/leuk-stel-1-1500x773-1-1024x528.webp\" class=\"attachment-large size-large wp-image-4779\" alt=\"\" srcset=\"https:\/\/mijn-lo.nl\/wp-content\/uploads\/2024\/02\/leuk-stel-1-1500x773-1-1024x528.webp 1024w, https:\/\/mijn-lo.nl\/wp-content\/uploads\/2024\/02\/leuk-stel-1-1500x773-1-300x155.webp 300w, https:\/\/mijn-lo.nl\/wp-content\/uploads\/2024\/02\/leuk-stel-1-1500x773-1-768x396.webp 768w, https:\/\/mijn-lo.nl\/wp-content\/uploads\/2024\/02\/leuk-stel-1-1500x773-1-18x9.webp 18w, https:\/\/mijn-lo.nl\/wp-content\/uploads\/2024\/02\/leuk-stel-1-1500x773-1-24x12.webp 24w, https:\/\/mijn-lo.nl\/wp-content\/uploads\/2024\/02\/leuk-stel-1-1500x773-1-36x19.webp 36w, https:\/\/mijn-lo.nl\/wp-content\/uploads\/2024\/02\/leuk-stel-1-1500x773-1-48x25.webp 48w, https:\/\/mijn-lo.nl\/wp-content\/uploads\/2024\/02\/leuk-stel-1-1500x773-1.webp 1500w\" sizes=\"(max-width: 1024px) 100vw, 1024px\" \/>\t\t\t\t\t\t\t\t\t\t\t\t\t\t\t<\/div>\n\t\t\t\t<\/div>\n\t\t\t\t\t<\/div>\n\t\t<\/div>\n\t\t\t\t\t<\/div>\n\t\t<\/section>\n\t\t\t\t<section class=\"elementor-section elementor-top-section elementor-element elementor-element-4ab774c elementor-section-boxed elementor-section-height-default elementor-section-height-default\" data-id=\"4ab774c\" data-element_type=\"section\">\n\t\t\t\t\t\t\t<div class=\"elementor-background-overlay\"><\/div>\n\t\t\t\t\t\t\t<div class=\"elementor-container elementor-column-gap-default\">\n\t\t\t\t\t<div class=\"elementor-column elementor-col-50 elementor-top-column elementor-element elementor-element-d52035b\" data-id=\"d52035b\" data-element_type=\"column\">\n\t\t\t<div class=\"elementor-widget-wrap elementor-element-populated\">\n\t\t\t\t\t\t<div class=\"elementor-element elementor-element-5307f71 elementor-widget elementor-widget-image\" data-id=\"5307f71\" data-element_type=\"widget\" data-widget_type=\"image.default\">\n\t\t\t\t<div class=\"elementor-widget-container\">\n\t\t\t\t\t\t\t\t\t\t\t\t\t\t\t<img decoding=\"async\" width=\"487\" height=\"353\" src=\"https:\/\/mijn-lo.nl\/wp-content\/uploads\/2024\/02\/woman-alone-487x353-1.webp\" class=\"attachment-large size-large wp-image-4780\" alt=\"\" srcset=\"https:\/\/mijn-lo.nl\/wp-content\/uploads\/2024\/02\/woman-alone-487x353-1.webp 487w, https:\/\/mijn-lo.nl\/wp-content\/uploads\/2024\/02\/woman-alone-487x353-1-300x217.webp 300w, https:\/\/mijn-lo.nl\/wp-content\/uploads\/2024\/02\/woman-alone-487x353-1-18x12.webp 18w, https:\/\/mijn-lo.nl\/wp-content\/uploads\/2024\/02\/woman-alone-487x353-1-24x17.webp 24w, https:\/\/mijn-lo.nl\/wp-content\/uploads\/2024\/02\/woman-alone-487x353-1-36x26.webp 36w, https:\/\/mijn-lo.nl\/wp-content\/uploads\/2024\/02\/woman-alone-487x353-1-48x35.webp 48w\" sizes=\"(max-width: 487px) 100vw, 487px\" \/>\t\t\t\t\t\t\t\t\t\t\t\t\t\t\t<\/div>\n\t\t\t\t<\/div>\n\t\t\t\t<div class=\"elementor-element elementor-element-12a9154 elementor-widget elementor-widget-text-editor\" data-id=\"12a9154\" data-element_type=\"widget\" data-widget_type=\"text-editor.default\">\n\t\t\t\t<div class=\"elementor-widget-container\">\n\t\t\t\t\t\t\t\t\t<p style=\"text-align: center;\">Mul\u021bi oameni tr\u0103iesc singuri<\/p>\t\t\t\t\t\t\t\t<\/div>\n\t\t\t\t<\/div>\n\t\t\t\t\t<\/div>\n\t\t<\/div>\n\t\t\t\t<div class=\"elementor-column elementor-col-50 elementor-top-column elementor-element elementor-element-0de69c5\" data-id=\"0de69c5\" data-element_type=\"column\">\n\t\t\t<div class=\"elementor-widget-wrap elementor-element-populated\">\n\t\t\t\t\t\t<div class=\"elementor-element elementor-element-3ec27b9 elementor-widget elementor-widget-text-editor\" data-id=\"3ec27b9\" data-element_type=\"widget\" data-widget_type=\"text-editor.default\">\n\t\t\t\t<div class=\"elementor-widget-container\">\n\t\t\t\t\t\t\t\t\t<h3 class=\"mbr-section-title mbr-fonts-style mb-3 display-5\"><strong>Mul\u021bi oameni tr\u0103iesc singuri<\/strong><\/h3><p class=\"mbr-text mbr-fonts-style display-7\">Un num\u0103r semnificativ de olandezi aleg s\u0103 tr\u0103iasc\u0103 singuri din diverse motive. Iat\u0103 c\u00e2teva explica\u021bii comune:<br \/><br \/><strong>Partenerul a decedat:<\/strong>\u00a0\u00cen cazul persoanelor mai \u00een v\u00e2rst\u0103, tr\u0103irea singur\u0103 apare adesea pentru c\u0103 partenerul lor a decedat \u0219i se trezesc f\u0103r\u0103 un \u00eenso\u021bitor.<br \/><br \/><strong>Divor\u021b<\/strong>: Divor\u021bul este un alt motiv predominant pentru a tr\u0103i singur. De fapt, aproximativ una din trei c\u0103s\u0103torii din \u021a\u0103rile de Jos se termin\u0103 prin divor\u021b, ceea ce duce la stabilirea propriilor gospod\u0103rii.<br \/><br \/><strong>Tineri:\u00a0<\/strong>Tinerii aleg adesea s\u0103 tr\u0103iasc\u0103 singuri pe m\u0103sur\u0103 ce \u00ee\u0219i pornesc c\u0103l\u0103toria c\u0103tre independen\u021b\u0103. De obicei, cuplurile \u00eencep s\u0103 tr\u0103iasc\u0103 \u00eempreun\u0103 f\u0103r\u0103 s\u0103 fie c\u0103s\u0103torite.\u00a0<br \/><br \/><strong>Locuirea separat\u0103 \u00eempreun\u0103:\u00a0<\/strong>Interesant este c\u0103 unii oameni sunt \u00een rela\u021bii, dar totu\u0219i aleg s\u0103 tr\u0103iasc\u0103 singuri. Aceast\u0103 decizie poate ap\u0103rea din cauza preferin\u021belor personale, a dorin\u021bei de spa\u021biu personal sau a altor factori specifici circumstan\u021belor lor.<\/p>\t\t\t\t\t\t\t\t<\/div>\n\t\t\t\t<\/div>\n\t\t\t\t\t<\/div>\n\t\t<\/div>\n\t\t\t\t\t<\/div>\n\t\t<\/section>\n\t\t\t\t<section class=\"elementor-section elementor-top-section elementor-element elementor-element-24cf9fa elementor-reverse-tablet elementor-reverse-mobile elementor-section-boxed elementor-section-height-default elementor-section-height-default\" data-id=\"24cf9fa\" data-element_type=\"section\">\n\t\t\t\t\t\t<div class=\"elementor-container elementor-column-gap-default\">\n\t\t\t\t\t<div class=\"elementor-column elementor-col-50 elementor-top-column elementor-element elementor-element-2c54c47\" data-id=\"2c54c47\" data-element_type=\"column\">\n\t\t\t<div class=\"elementor-widget-wrap elementor-element-populated\">\n\t\t\t\t\t\t<div class=\"elementor-element elementor-element-1830e68 elementor-widget elementor-widget-text-editor\" data-id=\"1830e68\" data-element_type=\"widget\" data-widget_type=\"text-editor.default\">\n\t\t\t\t<div class=\"elementor-widget-container\">\n\t\t\t\t\t\t\t\t\t<h3 class=\"mbr-section-title mbr-fonts-style mb-3 display-5\"><strong>Familie<\/strong><\/h3><p class=\"mbr-text mbr-fonts-style display-7\">Familia este o parte integrant\u0103 a societ\u0103\u021bii olandeze, mai mult de jum\u0103tate din popula\u021bie f\u0103c\u00e2nd parte dintr-o unitate familial\u0103. Cu toate acestea, exist\u0103 c\u00e2teva fapte importante care trebuie luate \u00een considerare:<br \/><br \/><strong>M\u0103rimea familiei:<\/strong>\u00a0\u00cen medie, o familie olandez\u0103 este format\u0103 din 1 \u2013 2 copii, ceea ce indic\u0103 faptul c\u0103 familiile tind s\u0103 aib\u0103 mai pu\u021bin de doi copii.\u00a0<br \/><br \/><strong>Divor\u021b \u0219i rec\u0103s\u0103torie:\u00a0<\/strong>Divor\u021bul este o \u00eent\u00e2mplare comun\u0103 \u00een \u021a\u0103rile de Jos \u0219i nu este neobi\u0219nuit ca indivizii s\u0103 divor\u021beze \u0219i, ulterior, s\u0103 se c\u0103s\u0103toreasc\u0103 cu altcineva. T<br \/><br \/><strong>Familii cu un singur parinte:<\/strong>\u00a0\u021aara are \u0219i un num\u0103r semnificativ de familii monoparentale, \u00een principal din cauza divor\u021bului. Aceste familii sunt formate dintr-un p\u0103rinte (tat\u0103 sau mam\u0103) care cre\u0219te copiii.<br \/><br \/><strong>Selectarea partenerilor:\u00a0<\/strong>Olandezii au libertatea de a-\u0219i alege propriii parteneri. \u00cen societatea contemporan\u0103, mul\u021bi oameni se bazeaz\u0103 pe internet \u0219i pe site-uri de \u00eent\u00e2lniri pentru a \u00eent\u00e2lni poten\u021biali parteneri, l\u0103rg\u00e2nd gama de posibilit\u0103\u021bi \u00een g\u0103sirea unor rela\u021bii romantice.<br \/><br \/><strong>Experien\u021be sexuale:\u00a0<\/strong>\u00cen medie, tinerii olandezi au prima experien\u021b\u0103 sexual\u0103 \u00een jurul v\u00e2rstei de 16-17 ani. Acest lucru indic\u0103 un debut relativ timpuriu al activit\u0103\u021bii sexuale \u00een compara\u021bie cu alte \u021b\u0103ri. Este demn de remarcat faptul c\u0103 v\u00e2rsta la care indivizii se angajeaz\u0103 \u00een activit\u0103\u021bi sexuale poate varia foarte mult \u00eentre diferi\u021bi indivizi. Sexul \u00eenainte de c\u0103s\u0103torie este larg acceptat.<br \/><br \/><strong>Educatie sexuala:<\/strong>\u00a0\u00cen \u021a\u0103rile de Jos, mul\u021bi p\u0103rin\u021bi se angajeaz\u0103 \u00een conversa\u021bii deschise despre sex cu copiii lor atunci c\u00e2nd ajung la pubertate, de obicei \u00eentre 12-18 ani. \u00cen plus, \u00een \u0219coli se ofer\u0103 educa\u021bie sexual\u0103 cuprinz\u0103toare, acoperind subiecte precum schimb\u0103rile fizice la b\u0103ie\u021bi \u0219i fete \u0219i informa\u021bii despre sex.\u00a0<\/p>\t\t\t\t\t\t\t\t<\/div>\n\t\t\t\t<\/div>\n\t\t\t\t\t<\/div>\n\t\t<\/div>\n\t\t\t\t<div class=\"elementor-column elementor-col-50 elementor-top-column elementor-element elementor-element-b1caf59\" data-id=\"b1caf59\" data-element_type=\"column\">\n\t\t\t<div class=\"elementor-widget-wrap elementor-element-populated\">\n\t\t\t\t\t\t<div class=\"elementor-element elementor-element-6484c7e elementor-widget elementor-widget-image\" data-id=\"6484c7e\" data-element_type=\"widget\" data-widget_type=\"image.default\">\n\t\t\t\t<div class=\"elementor-widget-container\">\n\t\t\t\t\t\t\t\t\t\t\t\t\t\t\t<img decoding=\"async\" width=\"791\" height=\"863\" src=\"https:\/\/mijn-lo.nl\/wp-content\/uploads\/2024\/02\/family2-791x863-1.webp\" class=\"attachment-large size-large wp-image-4781\" alt=\"\" srcset=\"https:\/\/mijn-lo.nl\/wp-content\/uploads\/2024\/02\/family2-791x863-1.webp 791w, https:\/\/mijn-lo.nl\/wp-content\/uploads\/2024\/02\/family2-791x863-1-275x300.webp 275w, https:\/\/mijn-lo.nl\/wp-content\/uploads\/2024\/02\/family2-791x863-1-768x838.webp 768w, https:\/\/mijn-lo.nl\/wp-content\/uploads\/2024\/02\/family2-791x863-1-11x12.webp 11w, https:\/\/mijn-lo.nl\/wp-content\/uploads\/2024\/02\/family2-791x863-1-22x24.webp 22w, https:\/\/mijn-lo.nl\/wp-content\/uploads\/2024\/02\/family2-791x863-1-33x36.webp 33w, https:\/\/mijn-lo.nl\/wp-content\/uploads\/2024\/02\/family2-791x863-1-44x48.webp 44w\" sizes=\"(max-width: 791px) 100vw, 791px\" \/>\t\t\t\t\t\t\t\t\t\t\t\t\t\t\t<\/div>\n\t\t\t\t<\/div>\n\t\t\t\t<div class=\"elementor-element elementor-element-7254094 elementor-widget elementor-widget-text-editor\" data-id=\"7254094\" data-element_type=\"widget\" data-widget_type=\"text-editor.default\">\n\t\t\t\t<div class=\"elementor-widget-container\">\n\t\t\t\t\t\t\t\t\t<p style=\"text-align: center;\">Familie<\/p>\t\t\t\t\t\t\t\t<\/div>\n\t\t\t\t<\/div>\n\t\t\t\t\t<\/div>\n\t\t<\/div>\n\t\t\t\t\t<\/div>\n\t\t<\/section>\n\t\t\t\t<section class=\"elementor-section elementor-top-section elementor-element elementor-element-9b5fa28 elementor-section-boxed elementor-section-height-default elementor-section-height-default\" data-id=\"9b5fa28\" data-element_type=\"section\">\n\t\t\t\t\t\t<div class=\"elementor-container elementor-column-gap-default\">\n\t\t\t\t\t<div class=\"elementor-column elementor-col-100 elementor-top-column elementor-element elementor-element-5d372b1\" data-id=\"5d372b1\" data-element_type=\"column\">\n\t\t\t<div class=\"elementor-widget-wrap elementor-element-populated\">\n\t\t\t\t\t\t<div class=\"elementor-element elementor-element-6371b14 elementor-widget elementor-widget-text-editor\" data-id=\"6371b14\" data-element_type=\"widget\" data-widget_type=\"text-editor.default\">\n\t\t\t\t<div class=\"elementor-widget-container\">\n\t\t\t\t\t\t\t\t\t<h3 class=\"mbr-section-title mbr-fonts-style mb-3 display-5\"><strong>E\u0219ti c\u0103s\u0103torit sau nu e\u0219ti c\u0103s\u0103torit?<\/strong><\/h3><p class=\"mbr-text mbr-fonts-style display-7\">\u201eBurgerlijke staat\u201d este un termen din \u021a\u0103rile de Jos care se refer\u0103 la starea civil\u0103 sau la starea civil\u0103 a unei persoane. Indic\u0103 dac\u0103 o persoan\u0103 este singur\u0103, c\u0103s\u0103torit\u0103, \u00eentr-un parteneriat \u00eenregistrat, divor\u021bat\u0103, v\u0103duv\u0103 sau are un alt statut legal acceptat. Termenul este folosit documente oficiale pentru a aduna informa\u021bii despre starea rela\u021biei unei persoane.<br \/><br \/><strong>Exemple<\/strong><br \/><br \/><strong>Ongehuwd\/Alleenstaand:\u00a0<\/strong>Nec\u0103s\u0103torit\/Cel\u0103tor \u2013 Se refer\u0103 la persoanele care nu au fost niciodat\u0103 c\u0103s\u0103torite sau care nu sunt \u00een prezent \u00eentr-un parteneriat recunoscut legal.<br \/><br \/><strong>Gehuwd\/Getrouwd:<\/strong>\u00a0C\u0103s\u0103torit \u2013 Aceasta indic\u0103 faptul c\u0103 o persoan\u0103 este c\u0103s\u0103torit\u0103 legal cu so\u021bul s\u0103u.<br \/><br \/><strong>Parteneri de \u00eenregistrare:<\/strong>\u00a0Parteneriat \u00eenregistrat \u2013 Aceast\u0103 categorie se aplic\u0103 cuplurilor care au ales s\u0103 \u00eencheie un parteneriat recunoscut legal similar c\u0103s\u0103toriei, dar f\u0103r\u0103 o ceremonie formal\u0103 de nunt\u0103.<br \/><br \/><strong>Gescheiden:<\/strong>\u00a0Divor\u021bat \u2013 Se refer\u0103 la persoanele care \u0219i-au \u00eencheiat legal c\u0103s\u0103toria prin divor\u021b.<br \/><br \/><strong>Weduwe\/Weduwnaar:<\/strong>\u00a0V\u0103duv\u0103\/V\u0103duv \u2013 Aceast\u0103 categorie se aplic\u0103 persoanelor al c\u0103ror so\u021b a decedat.<br \/><br \/>Aceste categorii sunt folosite \u00een documente oficiale, cum ar fi c\u0103r\u021bi de identitate, pa\u0219apoarte \u0219i formulare juridice pentru a furniza informa\u021bii despre \u201eburgerlijke staat\u201d sau starea civil\u0103 actual\u0103 a unei persoane.<\/p>\t\t\t\t\t\t\t\t<\/div>\n\t\t\t\t<\/div>\n\t\t\t\t\t<\/div>\n\t\t<\/div>\n\t\t\t\t\t<\/div>\n\t\t<\/section>\n\t\t\t\t<section class=\"elementor-section elementor-top-section elementor-element elementor-element-27f1b0b elementor-section-boxed elementor-section-height-default elementor-section-height-default\" data-id=\"27f1b0b\" data-element_type=\"section\">\n\t\t\t\t\t\t<div class=\"elementor-container elementor-column-gap-default\">\n\t\t\t\t\t<div class=\"elementor-column elementor-col-50 elementor-top-column elementor-element elementor-element-618028c\" data-id=\"618028c\" data-element_type=\"column\">\n\t\t\t<div class=\"elementor-widget-wrap elementor-element-populated\">\n\t\t\t\t\t\t<div class=\"elementor-element elementor-element-438cd57 elementor-widget elementor-widget-image\" data-id=\"438cd57\" data-element_type=\"widget\" data-widget_type=\"image.default\">\n\t\t\t\t<div class=\"elementor-widget-container\">\n\t\t\t\t\t\t\t\t\t\t\t\t\t\t\t<img loading=\"lazy\" decoding=\"async\" width=\"730\" height=\"532\" src=\"https:\/\/mijn-lo.nl\/wp-content\/uploads\/2024\/02\/burgerlijkestatus-730x532-1.jpg\" class=\"attachment-large size-large wp-image-4782\" alt=\"\" srcset=\"https:\/\/mijn-lo.nl\/wp-content\/uploads\/2024\/02\/burgerlijkestatus-730x532-1.jpg 730w, https:\/\/mijn-lo.nl\/wp-content\/uploads\/2024\/02\/burgerlijkestatus-730x532-1-300x219.jpg 300w, https:\/\/mijn-lo.nl\/wp-content\/uploads\/2024\/02\/burgerlijkestatus-730x532-1-16x12.jpg 16w, https:\/\/mijn-lo.nl\/wp-content\/uploads\/2024\/02\/burgerlijkestatus-730x532-1-24x17.jpg 24w, https:\/\/mijn-lo.nl\/wp-content\/uploads\/2024\/02\/burgerlijkestatus-730x532-1-36x26.jpg 36w, https:\/\/mijn-lo.nl\/wp-content\/uploads\/2024\/02\/burgerlijkestatus-730x532-1-48x35.jpg 48w\" sizes=\"(max-width: 730px) 100vw, 730px\" \/>\t\t\t\t\t\t\t\t\t\t\t\t\t\t\t<\/div>\n\t\t\t\t<\/div>\n\t\t\t\t\t<\/div>\n\t\t<\/div>\n\t\t\t\t<div class=\"elementor-column elementor-col-50 elementor-top-column elementor-element elementor-element-d41e83a\" data-id=\"d41e83a\" data-element_type=\"column\">\n\t\t\t<div class=\"elementor-widget-wrap elementor-element-populated\">\n\t\t\t\t\t\t<div class=\"elementor-element elementor-element-37bb06c elementor-widget__width-initial elementor-widget elementor-widget-text-editor\" data-id=\"37bb06c\" data-element_type=\"widget\" data-widget_type=\"text-editor.default\">\n\t\t\t\t<div class=\"elementor-widget-container\">\n\t\t\t\t\t\t\t\t\t<p>\u00a0<\/p><p>1. Starea civil\u0103<\/p><p>2 Nume: Karel Appel<\/p><p>3 Sex: masculin<\/p><p>4 N\u0103scut la: 12 februarie 1988<\/p><p>5 Locul na\u0219terii: Amsterdam<\/p><p>6 C\u0103s\u0103torit\/Nec\u0103s\u0103torit\/Parteneriat\/Nec\u0103s\u0103torit: c\u0103s\u0103torit<\/p><p>7 Locul de re\u0219edin\u021b\u0103: Eindhoven<\/p><p>8 Adresa: Heuvelplein 8<\/p><p>9 Cod po\u0219tal: 5643 JG<\/p>\t\t\t\t\t\t\t\t<\/div>\n\t\t\t\t<\/div>\n\t\t\t\t\t<\/div>\n\t\t<\/div>\n\t\t\t\t\t<\/div>\n\t\t<\/section>\n\t\t\t\t<section class=\"elementor-section elementor-top-section elementor-element elementor-element-3a3011f1 elementor-section-boxed elementor-section-height-default elementor-section-height-default\" data-id=\"3a3011f1\" data-element_type=\"section\">\n\t\t\t\t\t\t<div class=\"elementor-container elementor-column-gap-default\">\n\t\t\t\t\t<div class=\"elementor-column elementor-col-100 elementor-top-column elementor-element elementor-element-4ccefaa5\" data-id=\"4ccefaa5\" data-element_type=\"column\">\n\t\t\t<div class=\"elementor-widget-wrap elementor-element-populated\">\n\t\t\t\t\t\t<div class=\"elementor-element elementor-element-5d53655a elementor-align-center elementor-widget elementor-widget-button\" data-id=\"5d53655a\" data-element_type=\"widget\" data-widget_type=\"button.default\">\n\t\t\t\t<div class=\"elementor-widget-container\">\n\t\t\t\t\t\t\t\t\t<div class=\"elementor-button-wrapper\">\n\t\t\t\t\t<a class=\"elementor-button elementor-button-link elementor-size-sm\" href=\"https:\/\/mijn-lo.nl\/ro\/living-together\/learn-words-and-expressions\/\">\n\t\t\t\t\t\t<span class=\"elementor-button-content-wrapper\">\n\t\t\t\t\t\t\t\t\t<span class=\"elementor-button-text\">continua<\/span>\n\t\t\t\t\t<\/span>\n\t\t\t\t\t<\/a>\n\t\t\t\t<\/div>\n\t\t\t\t\t\t\t\t<\/div>\n\t\t\t\t<\/div>\n\t\t\t\t\t<\/div>\n\t\t<\/div>\n\t\t\t\t\t<\/div>\n\t\t<\/section>\n\t\t\t\t<\/div>","protected":false},"excerpt":{"rendered":"<p>LIVING TOGETHER Many people live alone Many people live alone A significant number of Dutch people choose to live alone for various reasons. Here are some common explanations: Partner passed away:\u00a0In the case of older individuals, living alone often occurs because their partner has passed away, and they find themselves without a companion. Divorce: Divorce [&hellip;]<\/p>\n","protected":false},"author":1,"featured_media":0,"parent":3365,"menu_order":1,"comment_status":"closed","ping_status":"closed","template":"elementor_canvas","meta":{"site-sidebar-layout":"no-sidebar","site-content-layout":"page-builder","ast-site-content-layout":"full-width-container","site-content-style":"default","site-sidebar-style":"default","ast-global-header-display":"","ast-banner-title-visibility":"","ast-main-header-display":"","ast-hfb-above-header-display":"","ast-hfb-below-header-display":"","ast-hfb-mobile-header-display":"","site-post-title":"disabled","ast-breadcrumbs-content":"","ast-featured-img":"disabled","footer-sml-layout":"","theme-transparent-header-meta":"","adv-header-id-meta":"","stick-header-meta":"","header-above-stick-meta":"","header-main-stick-meta":"","header-below-stick-meta":"","astra-migrate-meta-layouts":"set","ast-page-background-enabled":"default","ast-page-background-meta":{"desktop":{"background-color":"var(--ast-global-color-4)","background-image":"","background-repeat":"repeat","background-position":"center center","background-size":"auto","background-attachment":"scroll","background-type":"","background-media":"","overlay-type":"","overlay-color":"","overlay-opacity":"","overlay-gradient":""},"tablet":{"background-color":"","background-image":"","background-repeat":"repeat","background-position":"center center","background-size":"auto","background-attachment":"scroll","background-type":"","background-media":"","overlay-type":"","overlay-color":"","overlay-opacity":"","overlay-gradient":""},"mobile":{"background-color":"","background-image":"","background-repeat":"repeat","background-position":"center center","background-size":"auto","background-attachment":"scroll","background-type":"","background-media":"","overlay-type":"","overlay-color":"","overlay-opacity":"","overlay-gradient":""}},"ast-content-background-meta":{"desktop":{"background-color":"var(--ast-global-color-5)","background-image":"","background-repeat":"repeat","background-position":"center center","background-size":"auto","background-attachment":"scroll","background-type":"","background-media":"","overlay-type":"","overlay-color":"","overlay-opacity":"","overlay-gradient":""},"tablet":{"background-color":"var(--ast-global-color-5)","background-image":"","background-repeat":"repeat","background-position":"center center","background-size":"auto","background-attachment":"scroll","background-type":"","background-media":"","overlay-type":"","overlay-color":"","overlay-opacity":"","overlay-gradient":""},"mobile":{"background-color":"var(--ast-global-color-5)","background-image":"","background-repeat":"repeat","background-position":"center center","background-size":"auto","background-attachment":"scroll","background-type":"","background-media":"","overlay-type":"","overlay-color":"","overlay-opacity":"","overlay-gradient":""}},"footnotes":""},"class_list":["post-4777","page","type-page","status-publish","hentry"],"_links":{"self":[{"href":"https:\/\/mijn-lo.nl\/ro\/wp-json\/wp\/v2\/pages\/4777","targetHints":{"allow":["GET"]}}],"collection":[{"href":"https:\/\/mijn-lo.nl\/ro\/wp-json\/wp\/v2\/pages"}],"about":[{"href":"https:\/\/mijn-lo.nl\/ro\/wp-json\/wp\/v2\/types\/page"}],"author":[{"embeddable":true,"href":"https:\/\/mijn-lo.nl\/ro\/wp-json\/wp\/v2\/users\/1"}],"replies":[{"embeddable":true,"href":"https:\/\/mijn-lo.nl\/ro\/wp-json\/wp\/v2\/comments?post=4777"}],"version-history":[{"count":19,"href":"https:\/\/mijn-lo.nl\/ro\/wp-json\/wp\/v2\/pages\/4777\/revisions"}],"predecessor-version":[{"id":6334,"href":"https:\/\/mijn-lo.nl\/ro\/wp-json\/wp\/v2\/pages\/4777\/revisions\/6334"}],"up":[{"embeddable":true,"href":"https:\/\/mijn-lo.nl\/ro\/wp-json\/wp\/v2\/pages\/3365"}],"wp:attachment":[{"href":"https:\/\/mijn-lo.nl\/ro\/wp-json\/wp\/v2\/media?parent=4777"}],"curies":[{"name":"wp","href":"https:\/\/api.w.org\/{rel}","templated":true}]}}