{"id":4866,"date":"2024-02-09T15:25:09","date_gmt":"2024-02-09T15:25:09","guid":{"rendered":"http:\/\/mijn-lo.nl\/?page_id=4866"},"modified":"2025-08-19T17:43:31","modified_gmt":"2025-08-19T17:43:31","slug":"dutch-history","status":"publish","type":"page","link":"https:\/\/mijn-lo.nl\/ro\/history\/dutch-history\/","title":{"rendered":"istorie olandez\u0103"},"content":{"rendered":"<div data-elementor-type=\"wp-page\" data-elementor-id=\"4866\" class=\"elementor elementor-4866\" data-elementor-post-type=\"page\">\n\t\t\t\t\t\t<section class=\"elementor-section elementor-top-section elementor-element elementor-element-6561ff2 elementor-section-boxed elementor-section-height-default elementor-section-height-default\" data-id=\"6561ff2\" data-element_type=\"section\">\n\t\t\t\t\t\t<div class=\"elementor-container elementor-column-gap-default\">\n\t\t\t\t\t<div class=\"elementor-column elementor-col-100 elementor-top-column elementor-element elementor-element-dc03b28\" data-id=\"dc03b28\" data-element_type=\"column\">\n\t\t\t<div class=\"elementor-widget-wrap elementor-element-populated\">\n\t\t\t\t\t\t<div class=\"elementor-element elementor-element-5cb1ced elementor-widget elementor-widget-image\" data-id=\"5cb1ced\" data-element_type=\"widget\" data-widget_type=\"image.default\">\n\t\t\t\t<div class=\"elementor-widget-container\">\n\t\t\t\t\t\t\t\t\t\t\t\t\t\t\t<img fetchpriority=\"high\" decoding=\"async\" width=\"1024\" height=\"505\" src=\"https:\/\/mijn-lo.nl\/wp-content\/uploads\/2024\/02\/thames-1-1500x740-1-1024x505.webp\" class=\"attachment-large size-large wp-image-4868\" alt=\"\" srcset=\"https:\/\/mijn-lo.nl\/wp-content\/uploads\/2024\/02\/thames-1-1500x740-1-1024x505.webp 1024w, https:\/\/mijn-lo.nl\/wp-content\/uploads\/2024\/02\/thames-1-1500x740-1-300x148.webp 300w, https:\/\/mijn-lo.nl\/wp-content\/uploads\/2024\/02\/thames-1-1500x740-1-768x379.webp 768w, https:\/\/mijn-lo.nl\/wp-content\/uploads\/2024\/02\/thames-1-1500x740-1-18x9.webp 18w, https:\/\/mijn-lo.nl\/wp-content\/uploads\/2024\/02\/thames-1-1500x740-1-24x12.webp 24w, https:\/\/mijn-lo.nl\/wp-content\/uploads\/2024\/02\/thames-1-1500x740-1-36x18.webp 36w, https:\/\/mijn-lo.nl\/wp-content\/uploads\/2024\/02\/thames-1-1500x740-1-48x24.webp 48w, https:\/\/mijn-lo.nl\/wp-content\/uploads\/2024\/02\/thames-1-1500x740-1.webp 1500w\" sizes=\"(max-width: 1024px) 100vw, 1024px\" \/>\t\t\t\t\t\t\t\t\t\t\t\t\t\t\t<\/div>\n\t\t\t\t<\/div>\n\t\t\t\t\t<\/div>\n\t\t<\/div>\n\t\t\t\t\t<\/div>\n\t\t<\/section>\n\t\t\t\t<section class=\"elementor-section elementor-top-section elementor-element elementor-element-134c880 elementor-section-boxed elementor-section-height-default elementor-section-height-default\" data-id=\"134c880\" data-element_type=\"section\">\n\t\t\t\t\t\t<div class=\"elementor-container elementor-column-gap-default\">\n\t\t\t\t\t<div class=\"elementor-column elementor-col-50 elementor-top-column elementor-element elementor-element-007db59\" data-id=\"007db59\" data-element_type=\"column\">\n\t\t\t<div class=\"elementor-widget-wrap elementor-element-populated\">\n\t\t\t\t\t\t<div class=\"elementor-element elementor-element-2a15ae7 elementor-widget elementor-widget-image\" data-id=\"2a15ae7\" data-element_type=\"widget\" data-widget_type=\"image.default\">\n\t\t\t\t<div class=\"elementor-widget-container\">\n\t\t\t\t\t\t\t\t\t\t\t\t\t\t\t<img decoding=\"async\" width=\"750\" height=\"526\" src=\"https:\/\/mijn-lo.nl\/wp-content\/uploads\/2024\/02\/romansoldiers-750x526-1.webp\" class=\"attachment-large size-large wp-image-4869\" alt=\"\" srcset=\"https:\/\/mijn-lo.nl\/wp-content\/uploads\/2024\/02\/romansoldiers-750x526-1.webp 750w, https:\/\/mijn-lo.nl\/wp-content\/uploads\/2024\/02\/romansoldiers-750x526-1-300x210.webp 300w, https:\/\/mijn-lo.nl\/wp-content\/uploads\/2024\/02\/romansoldiers-750x526-1-18x12.webp 18w, https:\/\/mijn-lo.nl\/wp-content\/uploads\/2024\/02\/romansoldiers-750x526-1-24x17.webp 24w, https:\/\/mijn-lo.nl\/wp-content\/uploads\/2024\/02\/romansoldiers-750x526-1-36x25.webp 36w, https:\/\/mijn-lo.nl\/wp-content\/uploads\/2024\/02\/romansoldiers-750x526-1-48x34.webp 48w\" sizes=\"(max-width: 750px) 100vw, 750px\" \/>\t\t\t\t\t\t\t\t\t\t\t\t\t\t\t<\/div>\n\t\t\t\t<\/div>\n\t\t\t\t\t<\/div>\n\t\t<\/div>\n\t\t\t\t<div class=\"elementor-column elementor-col-50 elementor-top-column elementor-element elementor-element-ab7892e\" data-id=\"ab7892e\" data-element_type=\"column\">\n\t\t\t<div class=\"elementor-widget-wrap elementor-element-populated\">\n\t\t\t\t\t\t<div class=\"elementor-element elementor-element-aa8be7e elementor-widget elementor-widget-text-editor\" data-id=\"aa8be7e\" data-element_type=\"widget\" data-widget_type=\"text-editor.default\">\n\t\t\t\t<div class=\"elementor-widget-container\">\n\t\t\t\t\t\t\t\t\t<h3 class=\"mbr-section-title mbr-fonts-style mb-3 display-5\"><strong>De la 0 - 1500<\/strong><\/h3><p class=\"mbr-section-title mbr-fonts-style mb-3 display-5\">\u00cen acea perioad\u0103, romanii au venit \u00een \u021a\u0103rile de Jos. Ei au venit de la Roma \u0219i primele ora\u0219e olandeze au ap\u0103rut \u00een acea perioad\u0103 (Maastricht).\u00a0<br \/>Partea de sud a devenit parte a Imperiului Roman, aduc\u00e2nd urbanizare \u0219i influen\u021be culturale.<br \/>Vikingii au f\u0103cut raiduri \u00een zonele de coast\u0103, provoc\u00e2nd perturb\u0103ri, iar cre\u0219tinismul a fost instaurat, cu influen\u021ba Bisericii Catolice. Ordinele monastice au fondat aba\u021bii \u0219i au contribuit la educa\u021bie \u0219i cultur\u0103.  \u00cen jurul anului 1500, din ce \u00een ce mai mul\u021bi oameni nu au fost de acord cu modul \u00een care Biserica Catolic\u0103 conducea religia, iar protestan\u021bii au venit ca un al doilea grup.\u00a0<\/p>\t\t\t\t\t\t\t\t<\/div>\n\t\t\t\t<\/div>\n\t\t\t\t\t<\/div>\n\t\t<\/div>\n\t\t\t\t\t<\/div>\n\t\t<\/section>\n\t\t\t\t<section class=\"elementor-section elementor-top-section elementor-element elementor-element-ed7b26a elementor-reverse-tablet elementor-reverse-mobile elementor-section-boxed elementor-section-height-default elementor-section-height-default\" data-id=\"ed7b26a\" data-element_type=\"section\">\n\t\t\t\t\t\t<div class=\"elementor-container elementor-column-gap-default\">\n\t\t\t\t\t<div class=\"elementor-column elementor-col-50 elementor-top-column elementor-element elementor-element-764f6f2\" data-id=\"764f6f2\" data-element_type=\"column\">\n\t\t\t<div class=\"elementor-widget-wrap elementor-element-populated\">\n\t\t\t\t\t\t<div class=\"elementor-element elementor-element-a922bc6 elementor-widget elementor-widget-text-editor\" data-id=\"a922bc6\" data-element_type=\"widget\" data-widget_type=\"text-editor.default\">\n\t\t\t\t<div class=\"elementor-widget-container\">\n\t\t\t\t\t\t\t\t\t<h3 class=\"mbr-section-title mbr-fonts-style mb-3 display-5\"><strong>Willem van Oranje<\/strong><\/h3><p class=\"mbr-text mbr-fonts-style display-7\">Dac\u0103 dori\u021bi s\u0103 p\u0103trunde\u021bi \u00een istoria \u021a\u0103rilor de Jos, este important s\u0103 cunoa\u0219te\u021bi cele mai importante perioade \u0219i caracteristicile lor.<br \/><br \/><strong>R\u0103zboiul cu Spania care a durat 80 de ani (1568 - 1628)<br \/><\/strong>Monarhul spaniol a fost deranjat de faptul c\u0103 din ce \u00een ce mai mul\u021bi oameni din zona noastr\u0103 se \u00eendep\u0103rteaz\u0103 de Biserica Catolic\u0103. \u00cen timpul acestei perioade,\u00a0<strong>Prin\u021bul \"Willem van Oranje\"\u00a0<\/strong>a organizat revolta \u00eempotriva spaniolilor. William de Orange este considerat p\u0103rintele \u021a\u0103rilor de Jos.<br \/>Un punct de vedere important a fost acela c\u0103 \u00een \u021a\u0103rile de Jos ar trebui s\u0103 existe libertate religioas\u0103. Monarhul spaniol era \u00eempotriva acestui lucru. William de Orange este asasinat.\u00a0<br \/><br \/><strong>\u021a\u0103rile de Jos \u00een mod independent<br \/><\/strong>\u00cen 1588, \u021a\u0103rile de Jos au devenit o republic\u0103 f\u0103r\u0103 rege. \u021a\u0103rile de Jos au cooperat cu 7 provincii. R\u0103zboiul \u00eempotriva Spaniei a durat p\u00e2n\u0103 \u00een 1648 (atunci \u021a\u0103rile de Jos au fost libere). Sudul \u021a\u0103rilor de Jos \u0219i Belgia au apar\u021binut Spaniei. Mul\u021bi oameni de acolo sunt \u00eenc\u0103 catolici. \u00cen p\u0103r\u021bile nordice, mul\u021bi oameni sunt protestan\u021bi.<br \/><br \/>Dup\u0103 \u00eencheierea acestui r\u0103zboi, republica a devenit un stat independent.<br \/>Imnul na\u021bional are leg\u0103tur\u0103 cu perioada \u00een care William de Orange a condus revolta. Titlul imnului na\u021bional este \"het\u00a0<strong>Wilhelmus<\/strong>\u201c.<\/p>\t\t\t\t\t\t\t\t<\/div>\n\t\t\t\t<\/div>\n\t\t\t\t\t<\/div>\n\t\t<\/div>\n\t\t\t\t<div class=\"elementor-column elementor-col-50 elementor-top-column elementor-element elementor-element-9cf4488\" data-id=\"9cf4488\" data-element_type=\"column\">\n\t\t\t<div class=\"elementor-widget-wrap elementor-element-populated\">\n\t\t\t\t\t\t<div class=\"elementor-element elementor-element-5b2320d elementor-widget elementor-widget-image\" data-id=\"5b2320d\" data-element_type=\"widget\" data-widget_type=\"image.default\">\n\t\t\t\t<div class=\"elementor-widget-container\">\n\t\t\t\t\t\t\t\t\t\t\t\t\t\t\t<img decoding=\"async\" width=\"352\" height=\"489\" src=\"https:\/\/mijn-lo.nl\/wp-content\/uploads\/2024\/02\/willemvoranje1-title-352x489-1.webp\" class=\"attachment-large size-large wp-image-4870\" alt=\"\" srcset=\"https:\/\/mijn-lo.nl\/wp-content\/uploads\/2024\/02\/willemvoranje1-title-352x489-1.webp 352w, https:\/\/mijn-lo.nl\/wp-content\/uploads\/2024\/02\/willemvoranje1-title-352x489-1-216x300.webp 216w, https:\/\/mijn-lo.nl\/wp-content\/uploads\/2024\/02\/willemvoranje1-title-352x489-1-9x12.webp 9w, https:\/\/mijn-lo.nl\/wp-content\/uploads\/2024\/02\/willemvoranje1-title-352x489-1-17x24.webp 17w, https:\/\/mijn-lo.nl\/wp-content\/uploads\/2024\/02\/willemvoranje1-title-352x489-1-26x36.webp 26w, https:\/\/mijn-lo.nl\/wp-content\/uploads\/2024\/02\/willemvoranje1-title-352x489-1-35x48.webp 35w\" sizes=\"(max-width: 352px) 100vw, 352px\" \/>\t\t\t\t\t\t\t\t\t\t\t\t\t\t\t<\/div>\n\t\t\t\t<\/div>\n\t\t\t\t<div class=\"elementor-element elementor-element-1709357 elementor-widget elementor-widget-text-editor\" data-id=\"1709357\" data-element_type=\"widget\" data-widget_type=\"text-editor.default\">\n\t\t\t\t<div class=\"elementor-widget-container\">\n\t\t\t\t\t\t\t\t\t<p style=\"text-align: center;\">Prin\u021bul Willen van Oranje<\/p>\t\t\t\t\t\t\t\t<\/div>\n\t\t\t\t<\/div>\n\t\t\t\t\t<\/div>\n\t\t<\/div>\n\t\t\t\t\t<\/div>\n\t\t<\/section>\n\t\t\t\t<section class=\"elementor-section elementor-top-section elementor-element elementor-element-f907c84 elementor-section-boxed elementor-section-height-default elementor-section-height-default\" data-id=\"f907c84\" data-element_type=\"section\">\n\t\t\t\t\t\t<div class=\"elementor-container elementor-column-gap-default\">\n\t\t\t\t\t<div class=\"elementor-column elementor-col-50 elementor-top-column elementor-element elementor-element-61c193e\" data-id=\"61c193e\" data-element_type=\"column\">\n\t\t\t<div class=\"elementor-widget-wrap elementor-element-populated\">\n\t\t\t\t\t\t<div class=\"elementor-element elementor-element-2560c35 elementor-widget elementor-widget-video\" data-id=\"2560c35\" data-element_type=\"widget\" data-settings=\"{&quot;youtube_url&quot;:&quot;https:\\\/\\\/youtu.be\\\/LM5OmyKBTlg&quot;,&quot;video_type&quot;:&quot;youtube&quot;,&quot;controls&quot;:&quot;yes&quot;}\" data-widget_type=\"video.default\">\n\t\t\t\t<div class=\"elementor-widget-container\">\n\t\t\t\t\t\t\t<div class=\"elementor-wrapper elementor-open-inline\">\n\t\t\t<div class=\"elementor-video\"><\/div>\t\t<\/div>\n\t\t\t\t\t\t<\/div>\n\t\t\t\t<\/div>\n\t\t\t\t<div class=\"elementor-element elementor-element-fbc9d7d elementor-widget elementor-widget-text-editor\" data-id=\"fbc9d7d\" data-element_type=\"widget\" data-widget_type=\"text-editor.default\">\n\t\t\t\t<div class=\"elementor-widget-container\">\n\t\t\t\t\t\t\t\t\t<p style=\"text-align: center;\">Imn olandez<\/p>\t\t\t\t\t\t\t\t<\/div>\n\t\t\t\t<\/div>\n\t\t\t\t\t<\/div>\n\t\t<\/div>\n\t\t\t\t<div class=\"elementor-column elementor-col-50 elementor-top-column elementor-element elementor-element-4fea860\" data-id=\"4fea860\" data-element_type=\"column\">\n\t\t\t<div class=\"elementor-widget-wrap elementor-element-populated\">\n\t\t\t\t\t\t<div class=\"elementor-element elementor-element-056152c elementor-widget elementor-widget-text-editor\" data-id=\"056152c\" data-element_type=\"widget\" data-widget_type=\"text-editor.default\">\n\t\t\t\t<div class=\"elementor-widget-container\">\n\t\t\t\t\t\t\t\t\t<h3 class=\"mbr-section-subtitle mbr-fonts-style mb-3 display-5\"><strong>Imn olandez<\/strong><\/h3><p>\u00a0<\/p><p class=\"mbr-text mbr-fonts-style display-7\">Acesta este imnul olandez. Textul este oarecum controversat, deoarece afirm\u0103 c\u0103:<br \/>- suntem de s\u00e2nge german \u0219i<br \/>- \u00eentotdeauna l-am onorat pe regele spaniol (ciudat \u00een timpul unui r\u0103zboi cu spaniolii...)<\/p><p>Cu toate acestea, olandezii pot deveni foarte emo\u021biona\u021bi c\u00e2nt\u00e2nd acest imn. Nu prin cuvinte, ci prin sunetul acestuia. Asculta\u021bi doar primul minut!<\/p>\t\t\t\t\t\t\t\t<\/div>\n\t\t\t\t<\/div>\n\t\t\t\t\t<\/div>\n\t\t<\/div>\n\t\t\t\t\t<\/div>\n\t\t<\/section>\n\t\t\t\t<section class=\"elementor-section elementor-top-section elementor-element elementor-element-2edcca1 elementor-section-boxed elementor-section-height-default elementor-section-height-default\" data-id=\"2edcca1\" data-element_type=\"section\">\n\t\t\t\t\t\t<div class=\"elementor-container elementor-column-gap-default\">\n\t\t\t\t\t<div class=\"elementor-column elementor-col-100 elementor-top-column elementor-element elementor-element-75349f87\" data-id=\"75349f87\" data-element_type=\"column\">\n\t\t\t<div class=\"elementor-widget-wrap elementor-element-populated\">\n\t\t\t\t\t\t<div class=\"elementor-element elementor-element-2d2d0e50 elementor-align-center elementor-widget elementor-widget-button\" data-id=\"2d2d0e50\" data-element_type=\"widget\" data-widget_type=\"button.default\">\n\t\t\t\t<div class=\"elementor-widget-container\">\n\t\t\t\t\t\t\t\t\t<div class=\"elementor-button-wrapper\">\n\t\t\t\t\t<a class=\"elementor-button elementor-button-link elementor-size-sm\" href=\"https:\/\/mijn-lo.nl\/ro\/history\/golden-age\/\">\n\t\t\t\t\t\t<span class=\"elementor-button-content-wrapper\">\n\t\t\t\t\t\t\t\t\t<span class=\"elementor-button-text\">continua<\/span>\n\t\t\t\t\t<\/span>\n\t\t\t\t\t<\/a>\n\t\t\t\t<\/div>\n\t\t\t\t\t\t\t\t<\/div>\n\t\t\t\t<\/div>\n\t\t\t\t\t<\/div>\n\t\t<\/div>\n\t\t\t\t\t<\/div>\n\t\t<\/section>\n\t\t\t\t<\/div>","protected":false},"excerpt":{"rendered":"<p>From 0 &#8211; 1500 In that period the Romans came to the Netherlands. They came from Rome and the first Dutch cities arose at that time (Maastricht).\u00a0The southern part became part of the Roman Empire, bringing urbanization and cultural influences.Vikings raided coastal areas, causing disruptions and\u00a0Christianity was established, with the Catholic Church&#8217;s influence.\u00a0Monastic orders founded [&hellip;]<\/p>\n","protected":false},"author":1,"featured_media":0,"parent":3258,"menu_order":1,"comment_status":"closed","ping_status":"closed","template":"elementor_canvas","meta":{"site-sidebar-layout":"no-sidebar","site-content-layout":"page-builder","ast-site-content-layout":"full-width-container","site-content-style":"default","site-sidebar-style":"default","ast-global-header-display":"","ast-banner-title-visibility":"","ast-main-header-display":"","ast-hfb-above-header-display":"","ast-hfb-below-header-display":"","ast-hfb-mobile-header-display":"","site-post-title":"disabled","ast-breadcrumbs-content":"","ast-featured-img":"disabled","footer-sml-layout":"","theme-transparent-header-meta":"","adv-header-id-meta":"","stick-header-meta":"","header-above-stick-meta":"","header-main-stick-meta":"","header-below-stick-meta":"","astra-migrate-meta-layouts":"set","ast-page-background-enabled":"default","ast-page-background-meta":{"desktop":{"background-color":"var(--ast-global-color-4)","background-image":"","background-repeat":"repeat","background-position":"center center","background-size":"auto","background-attachment":"scroll","background-type":"","background-media":"","overlay-type":"","overlay-color":"","overlay-opacity":"","overlay-gradient":""},"tablet":{"background-color":"","background-image":"","background-repeat":"repeat","background-position":"center center","background-size":"auto","background-attachment":"scroll","background-type":"","background-media":"","overlay-type":"","overlay-color":"","overlay-opacity":"","overlay-gradient":""},"mobile":{"background-color":"","background-image":"","background-repeat":"repeat","background-position":"center center","background-size":"auto","background-attachment":"scroll","background-type":"","background-media":"","overlay-type":"","overlay-color":"","overlay-opacity":"","overlay-gradient":""}},"ast-content-background-meta":{"desktop":{"background-color":"var(--ast-global-color-5)","background-image":"","background-repeat":"repeat","background-position":"center center","background-size":"auto","background-attachment":"scroll","background-type":"","background-media":"","overlay-type":"","overlay-color":"","overlay-opacity":"","overlay-gradient":""},"tablet":{"background-color":"var(--ast-global-color-5)","background-image":"","background-repeat":"repeat","background-position":"center center","background-size":"auto","background-attachment":"scroll","background-type":"","background-media":"","overlay-type":"","overlay-color":"","overlay-opacity":"","overlay-gradient":""},"mobile":{"background-color":"var(--ast-global-color-5)","background-image":"","background-repeat":"repeat","background-position":"center center","background-size":"auto","background-attachment":"scroll","background-type":"","background-media":"","overlay-type":"","overlay-color":"","overlay-opacity":"","overlay-gradient":""}},"footnotes":""},"class_list":["post-4866","page","type-page","status-publish","hentry"],"_links":{"self":[{"href":"https:\/\/mijn-lo.nl\/ro\/wp-json\/wp\/v2\/pages\/4866","targetHints":{"allow":["GET"]}}],"collection":[{"href":"https:\/\/mijn-lo.nl\/ro\/wp-json\/wp\/v2\/pages"}],"about":[{"href":"https:\/\/mijn-lo.nl\/ro\/wp-json\/wp\/v2\/types\/page"}],"author":[{"embeddable":true,"href":"https:\/\/mijn-lo.nl\/ro\/wp-json\/wp\/v2\/users\/1"}],"replies":[{"embeddable":true,"href":"https:\/\/mijn-lo.nl\/ro\/wp-json\/wp\/v2\/comments?post=4866"}],"version-history":[{"count":16,"href":"https:\/\/mijn-lo.nl\/ro\/wp-json\/wp\/v2\/pages\/4866\/revisions"}],"predecessor-version":[{"id":6349,"href":"https:\/\/mijn-lo.nl\/ro\/wp-json\/wp\/v2\/pages\/4866\/revisions\/6349"}],"up":[{"embeddable":true,"href":"https:\/\/mijn-lo.nl\/ro\/wp-json\/wp\/v2\/pages\/3258"}],"wp:attachment":[{"href":"https:\/\/mijn-lo.nl\/ro\/wp-json\/wp\/v2\/media?parent=4866"}],"curies":[{"name":"wp","href":"https:\/\/api.w.org\/{rel}","templated":true}]}}