{"id":4902,"date":"2024-02-09T15:46:24","date_gmt":"2024-02-09T15:46:24","guid":{"rendered":"http:\/\/mijn-lo.nl\/?page_id=4902"},"modified":"2025-08-19T17:42:36","modified_gmt":"2025-08-19T17:42:36","slug":"municipalities","status":"publish","type":"page","link":"https:\/\/mijn-lo.nl\/ro\/politics\/municipalities\/","title":{"rendered":"Municipalit\u0103\u021bi"},"content":{"rendered":"<div data-elementor-type=\"wp-page\" data-elementor-id=\"4902\" class=\"elementor elementor-4902\" data-elementor-post-type=\"page\">\n\t\t\t\t\t\t<section class=\"elementor-section elementor-top-section elementor-element elementor-element-f3da63f elementor-reverse-tablet elementor-reverse-mobile elementor-section-boxed elementor-section-height-default elementor-section-height-default\" data-id=\"f3da63f\" data-element_type=\"section\">\n\t\t\t\t\t\t<div class=\"elementor-container elementor-column-gap-default\">\n\t\t\t\t\t<div class=\"elementor-column elementor-col-50 elementor-top-column elementor-element elementor-element-02860a7\" data-id=\"02860a7\" data-element_type=\"column\">\n\t\t\t<div class=\"elementor-widget-wrap elementor-element-populated\">\n\t\t\t\t\t\t<div class=\"elementor-element elementor-element-c1d4860 elementor-widget elementor-widget-text-editor\" data-id=\"c1d4860\" data-element_type=\"widget\" data-widget_type=\"text-editor.default\">\n\t\t\t\t<div class=\"elementor-widget-container\">\n\t\t\t\t\t\t\t\t\t<h3 class=\"mbr-section-title mbr-fonts-style mb-3 display-5\"><strong>Provinciile \u0219i municipiile<\/strong><\/h3><p class=\"mbr-text mbr-fonts-style display-7\">Informa\u021biile pe care le-a\u021bi furnizat sunt \u00een mare parte exacte, dar exist\u0103 o eroare semnificativ\u0103: \u021a\u0103rile de Jos nu au doar 2 provincii; are 12 provincii. Las\u0103-m\u0103 s\u0103 corectez textul pentru tine:<br \/><br \/><strong>Provincie<\/strong><br \/>Olanda are 12 provincii. \u00cen lec\u021bia 1, am prezentat aceste regiuni. Fiecare regiune este condus\u0103 de Consiliile Provinciale. Astfel de consilii decid \u00een chestiuni precum drumurile, mediul \u0219i proiectele de construc\u021bie. Comisarul Regelui este \u0219eful administra\u021biei provinciale.<br \/><br \/><strong>Municipiul<br \/><\/strong>O municipalitate este un ora\u0219 sau un sat \u0219i are propriul consiliu municipal pe care oamenii \u00eel pot vota la fiecare patru ani. Consiliul ora\u0219ului decide \u00een chestiuni precum case, \u0219coli \u0219i drumuri. Primarul este liderul consiliului municipal.<br \/><br \/>\u021a\u0103rile de Jos sunt membre ale Uniunii Europene \u00een care \u021b\u0103rile din Europa lucreaz\u0103 \u00eempreun\u0103. Parlamentul European este ales la fiecare cinci ani de c\u0103tre oamenii din Uniunea European\u0103 \u0219i \u00eencheie acorduri \u00een chestiuni precum economia \u0219i securitatea.<\/p>\t\t\t\t\t\t\t\t<\/div>\n\t\t\t\t<\/div>\n\t\t\t\t\t<\/div>\n\t\t<\/div>\n\t\t\t\t<div class=\"elementor-column elementor-col-50 elementor-top-column elementor-element elementor-element-fc1ff83\" data-id=\"fc1ff83\" data-element_type=\"column\">\n\t\t\t<div class=\"elementor-widget-wrap elementor-element-populated\">\n\t\t\t\t\t\t<div class=\"elementor-element elementor-element-c64e3d9 elementor-widget elementor-widget-image\" data-id=\"c64e3d9\" data-element_type=\"widget\" data-widget_type=\"image.default\">\n\t\t\t\t<div class=\"elementor-widget-container\">\n\t\t\t\t\t\t\t\t\t\t\t\t\t\t\t<img fetchpriority=\"high\" decoding=\"async\" width=\"581\" height=\"707\" src=\"https:\/\/mijn-lo.nl\/wp-content\/uploads\/2024\/02\/provincies-581x707-1.webp\" class=\"attachment-large size-large wp-image-4851\" alt=\"\" srcset=\"https:\/\/mijn-lo.nl\/wp-content\/uploads\/2024\/02\/provincies-581x707-1.webp 581w, https:\/\/mijn-lo.nl\/wp-content\/uploads\/2024\/02\/provincies-581x707-1-247x300.webp 247w, https:\/\/mijn-lo.nl\/wp-content\/uploads\/2024\/02\/provincies-581x707-1-10x12.webp 10w, https:\/\/mijn-lo.nl\/wp-content\/uploads\/2024\/02\/provincies-581x707-1-20x24.webp 20w, https:\/\/mijn-lo.nl\/wp-content\/uploads\/2024\/02\/provincies-581x707-1-30x36.webp 30w, https:\/\/mijn-lo.nl\/wp-content\/uploads\/2024\/02\/provincies-581x707-1-39x48.webp 39w\" sizes=\"(max-width: 581px) 100vw, 581px\" \/>\t\t\t\t\t\t\t\t\t\t\t\t\t\t\t<\/div>\n\t\t\t\t<\/div>\n\t\t\t\t<div class=\"elementor-element elementor-element-d2fdbf6 elementor-widget elementor-widget-text-editor\" data-id=\"d2fdbf6\" data-element_type=\"widget\" data-widget_type=\"text-editor.default\">\n\t\t\t\t<div class=\"elementor-widget-container\">\n\t\t\t\t\t\t\t\t\t<p style=\"text-align: center;\">Cele 12 provincii<\/p>\t\t\t\t\t\t\t\t<\/div>\n\t\t\t\t<\/div>\n\t\t\t\t\t<\/div>\n\t\t<\/div>\n\t\t\t\t\t<\/div>\n\t\t<\/section>\n\t\t\t\t<section class=\"elementor-section elementor-top-section elementor-element elementor-element-21c66c4 elementor-section-boxed elementor-section-height-default elementor-section-height-default\" data-id=\"21c66c4\" data-element_type=\"section\">\n\t\t\t\t\t\t<div class=\"elementor-container elementor-column-gap-default\">\n\t\t\t\t\t<div class=\"elementor-column elementor-col-50 elementor-top-column elementor-element elementor-element-60e1a44\" data-id=\"60e1a44\" data-element_type=\"column\">\n\t\t\t<div class=\"elementor-widget-wrap elementor-element-populated\">\n\t\t\t\t\t\t<div class=\"elementor-element elementor-element-f6c5e96 elementor-widget elementor-widget-image\" data-id=\"f6c5e96\" data-element_type=\"widget\" data-widget_type=\"image.default\">\n\t\t\t\t<div class=\"elementor-widget-container\">\n\t\t\t\t\t\t\t\t\t\t\t\t\t\t\t<img decoding=\"async\" width=\"694\" height=\"582\" src=\"https:\/\/mijn-lo.nl\/wp-content\/uploads\/2024\/02\/rijbewijs2.jpg\" class=\"attachment-large size-large wp-image-4854\" alt=\"\" srcset=\"https:\/\/mijn-lo.nl\/wp-content\/uploads\/2024\/02\/rijbewijs2.jpg 694w, https:\/\/mijn-lo.nl\/wp-content\/uploads\/2024\/02\/rijbewijs2-300x252.jpg 300w, https:\/\/mijn-lo.nl\/wp-content\/uploads\/2024\/02\/rijbewijs2-14x12.jpg 14w, https:\/\/mijn-lo.nl\/wp-content\/uploads\/2024\/02\/rijbewijs2-24x20.jpg 24w, https:\/\/mijn-lo.nl\/wp-content\/uploads\/2024\/02\/rijbewijs2-36x30.jpg 36w, https:\/\/mijn-lo.nl\/wp-content\/uploads\/2024\/02\/rijbewijs2-48x40.jpg 48w\" sizes=\"(max-width: 694px) 100vw, 694px\" \/>\t\t\t\t\t\t\t\t\t\t\t\t\t\t\t<\/div>\n\t\t\t\t<\/div>\n\t\t\t\t<div class=\"elementor-element elementor-element-04aff24 elementor-widget elementor-widget-text-editor\" data-id=\"04aff24\" data-element_type=\"widget\" data-widget_type=\"text-editor.default\">\n\t\t\t\t<div class=\"elementor-widget-container\">\n\t\t\t\t\t\t\t\t\t<p style=\"text-align: center;\">Permis de conducere<\/p>\t\t\t\t\t\t\t\t<\/div>\n\t\t\t\t<\/div>\n\t\t\t\t\t<\/div>\n\t\t<\/div>\n\t\t\t\t<div class=\"elementor-column elementor-col-50 elementor-top-column elementor-element elementor-element-e531f2e\" data-id=\"e531f2e\" data-element_type=\"column\">\n\t\t\t<div class=\"elementor-widget-wrap elementor-element-populated\">\n\t\t\t\t\t\t<div class=\"elementor-element elementor-element-cb7b0bb elementor-widget elementor-widget-text-editor\" data-id=\"cb7b0bb\" data-element_type=\"widget\" data-widget_type=\"text-editor.default\">\n\t\t\t\t<div class=\"elementor-widget-container\">\n\t\t\t\t\t\t\t\t\t<h3 class=\"mbr-section-title mbr-fonts-style mb-3 display-5\"><strong>De ce sunt municipalit\u0103\u021bile importante pentru to\u021bi oamenii care locuiesc acolo?<\/strong><\/h3><p class=\"mbr-text mbr-fonts-style display-7\"><strong>Ce ai la o prim\u0103rie?<br \/><\/strong>Documente: pentru evenimente de via\u021b\u0103:<br \/>\u00cenregistra\u021bi na\u0219terea unui copil.<br \/>Ia acte pentru c\u0103s\u0103torie.<br \/>Raporta\u021bi moartea cuiva.<br \/><br \/><strong>Ob\u021bine\u021bi permise:<br \/><\/strong>Ob\u021bine\u021bi permisiunea de a construi sau schimba o cas\u0103.<br \/>Incepe o afacere.<br \/>Organiza\u021bi evenimente mari sau petreceri \u00een locuri publice.<br \/><br \/><strong>Banii conteaz\u0103:<br \/><\/strong>Pl\u0103ti\u021bi taxe pentru casa sau proprietatea dvs.<br \/>Configura\u021bi sau pl\u0103ti\u021bi pentru serviciile ora\u0219ului, cum ar fi colectarea apei sau a gunoiului.<br \/><br \/><strong>Pune \u00eentreb\u0103ri sau pl\u00e2ngi:<br \/><\/strong>Discuta\u021bi despre probleme sau pune\u021bi \u00eentreb\u0103ri despre serviciile ora\u0219ului.<br \/><br \/>Deci, o prim\u0103rie este un loc \u00een care oamenii pot face multe lucruri legate de ora\u0219ul \u00een care locuiesc.<\/p>\t\t\t\t\t\t\t\t<\/div>\n\t\t\t\t<\/div>\n\t\t\t\t\t<\/div>\n\t\t<\/div>\n\t\t\t\t\t<\/div>\n\t\t<\/section>\n\t\t\t\t<section class=\"elementor-section elementor-top-section elementor-element elementor-element-311e16a elementor-reverse-tablet elementor-reverse-mobile elementor-section-boxed elementor-section-height-default elementor-section-height-default\" data-id=\"311e16a\" data-element_type=\"section\">\n\t\t\t\t\t\t<div class=\"elementor-container elementor-column-gap-default\">\n\t\t\t\t\t<div class=\"elementor-column elementor-col-50 elementor-top-column elementor-element elementor-element-092da81\" data-id=\"092da81\" data-element_type=\"column\">\n\t\t\t<div class=\"elementor-widget-wrap elementor-element-populated\">\n\t\t\t\t\t\t<div class=\"elementor-element elementor-element-7789889 elementor-widget elementor-widget-text-editor\" data-id=\"7789889\" data-element_type=\"widget\" data-widget_type=\"text-editor.default\">\n\t\t\t\t<div class=\"elementor-widget-container\">\n\t\t\t\t\t\t\t\t\t<h3 class=\"mbr-section-title mbr-fonts-style mb-3 display-5\"><strong>De ce sunt municipalit\u0103\u021bile importante pentru dvs. (1)\u00a0<\/strong><\/h3><p class=\"mbr-text mbr-fonts-style display-7\">\u00cen \u021a\u0103rile de Jos, municipalit\u0103\u021bile (gemeenten) joac\u0103 un rol crucial \u00een via\u021ba de zi cu zi a reziden\u021bilor, inclusiv refugia\u021bii, statuthouders (refugia\u021bii c\u0103rora li s-a acordat statutul de azil) \u0219i imigran\u021bii care lucreaz\u0103. Iat\u0103 de ce municipalit\u0103\u021bile sunt deosebit de importante pentru aceste grupuri:<br \/><br \/><strong>Refugiati<\/strong>:<br \/><strong>Locuinta:\u00a0<\/strong>Dup\u0103 primirea unui permis de \u0219edere, refugia\u021bilor li se atribuie locuin\u021be \u00eentr-o anumit\u0103 municipalitate. Municipalit\u0103\u021bile sunt responsabile pentru asigurarea de locuin\u021be adecvate unui anumit num\u0103r de refugia\u021bi, propor\u021bional cu popula\u021bia lor.<br \/><strong>Cursuri de integrare:\u00a0<\/strong>Municipalit\u0103\u021bile faciliteaz\u0103 sau supravegheaz\u0103 adesea cursuri de integrare, care \u00eei ajut\u0103 pe refugia\u021bi s\u0103 \u00eenve\u021be limba, cultura \u0219i societatea olandez\u0103.<br \/><strong>Suport social:\u00a0<\/strong>Municipalit\u0103\u021bile ofer\u0103 diverse servicii sociale, de la sprijin psihologic p\u00e2n\u0103 la ajutor \u00een sarcinile de zi cu zi, ajut\u00e2nd refugia\u021bii s\u0103 se adapteze la noul lor mediu.<br \/><br \/><strong>Statushouders (refugia\u021bi cu statut de azil):<\/strong><br \/><strong>Cerin\u021b\u0103 de integrare:\u00a0<\/strong>Statushouders trebuie s\u0103 se integreze \u00een societatea olandez\u0103. Municipalit\u0103\u021bile \u00eei \u00eendrum\u0103 prin acest proces, asigur\u00e2ndu-se c\u0103 particip\u0103 la cursurile necesare \u0219i \u00eendeplinesc alte cerin\u021be.<br \/><strong>Ocuparea for\u021bei de munc\u0103 \u0219i educa\u021bia:<\/strong>\u00a0Municipalit\u0103\u021bile ajut\u0103 persoanele cu statut \u00een g\u0103sirea de locuri de munc\u0103 sau oportunit\u0103\u021bi educa\u021bionale, deseori men\u021bin\u00e2nd leg\u0103tura cu \u00eentreprinderile locale, \u0219colile \u0219i centrele de formare profesional\u0103.<br \/><strong>Asisten\u021b\u0103 financiar\u0103:<\/strong>\u00a0Cei care nu se pot \u00eentre\u021bine imediat ar putea primi asisten\u021b\u0103 financiar\u0103, gestionat\u0103 la nivel municipal.<\/p>\t\t\t\t\t\t\t\t<\/div>\n\t\t\t\t<\/div>\n\t\t\t\t\t<\/div>\n\t\t<\/div>\n\t\t\t\t<div class=\"elementor-column elementor-col-50 elementor-top-column elementor-element elementor-element-b6b32b9\" data-id=\"b6b32b9\" data-element_type=\"column\">\n\t\t\t<div class=\"elementor-widget-wrap elementor-element-populated\">\n\t\t\t\t\t\t<div class=\"elementor-element elementor-element-600b574 elementor-widget elementor-widget-image\" data-id=\"600b574\" data-element_type=\"widget\" data-widget_type=\"image.default\">\n\t\t\t\t<div class=\"elementor-widget-container\">\n\t\t\t\t\t\t\t\t\t\t\t\t\t\t\t<img decoding=\"async\" width=\"660\" height=\"1000\" src=\"https:\/\/mijn-lo.nl\/wp-content\/uploads\/2024\/02\/woningen4-660x1000-1.webp\" class=\"attachment-large size-large wp-image-4855\" alt=\"\" srcset=\"https:\/\/mijn-lo.nl\/wp-content\/uploads\/2024\/02\/woningen4-660x1000-1.webp 660w, https:\/\/mijn-lo.nl\/wp-content\/uploads\/2024\/02\/woningen4-660x1000-1-198x300.webp 198w, https:\/\/mijn-lo.nl\/wp-content\/uploads\/2024\/02\/woningen4-660x1000-1-8x12.webp 8w, https:\/\/mijn-lo.nl\/wp-content\/uploads\/2024\/02\/woningen4-660x1000-1-16x24.webp 16w, https:\/\/mijn-lo.nl\/wp-content\/uploads\/2024\/02\/woningen4-660x1000-1-24x36.webp 24w, https:\/\/mijn-lo.nl\/wp-content\/uploads\/2024\/02\/woningen4-660x1000-1-32x48.webp 32w\" sizes=\"(max-width: 660px) 100vw, 660px\" \/>\t\t\t\t\t\t\t\t\t\t\t\t\t\t\t<\/div>\n\t\t\t\t<\/div>\n\t\t\t\t<div class=\"elementor-element elementor-element-0ddf208 elementor-widget elementor-widget-text-editor\" data-id=\"0ddf208\" data-element_type=\"widget\" data-widget_type=\"text-editor.default\">\n\t\t\t\t<div class=\"elementor-widget-container\">\n\t\t\t\t\t\t\t\t\t<p style=\"text-align: center;\">Locuin\u021be<\/p>\t\t\t\t\t\t\t\t<\/div>\n\t\t\t\t<\/div>\n\t\t\t\t\t<\/div>\n\t\t<\/div>\n\t\t\t\t\t<\/div>\n\t\t<\/section>\n\t\t\t\t<section class=\"elementor-section elementor-top-section elementor-element elementor-element-853250f elementor-section-boxed elementor-section-height-default elementor-section-height-default\" data-id=\"853250f\" data-element_type=\"section\">\n\t\t\t\t\t\t<div class=\"elementor-container elementor-column-gap-default\">\n\t\t\t\t\t<div class=\"elementor-column elementor-col-50 elementor-top-column elementor-element elementor-element-f947750\" data-id=\"f947750\" data-element_type=\"column\">\n\t\t\t<div class=\"elementor-widget-wrap elementor-element-populated\">\n\t\t\t\t\t\t<div class=\"elementor-element elementor-element-7bba9c0 elementor-widget elementor-widget-image\" data-id=\"7bba9c0\" data-element_type=\"widget\" data-widget_type=\"image.default\">\n\t\t\t\t<div class=\"elementor-widget-container\">\n\t\t\t\t\t\t\t\t\t\t\t\t\t\t\t<img loading=\"lazy\" decoding=\"async\" width=\"750\" height=\"563\" src=\"https:\/\/mijn-lo.nl\/wp-content\/uploads\/2024\/02\/loket-750x563-1.webp\" class=\"attachment-large size-large wp-image-4856\" alt=\"\" srcset=\"https:\/\/mijn-lo.nl\/wp-content\/uploads\/2024\/02\/loket-750x563-1.webp 750w, https:\/\/mijn-lo.nl\/wp-content\/uploads\/2024\/02\/loket-750x563-1-300x225.webp 300w, https:\/\/mijn-lo.nl\/wp-content\/uploads\/2024\/02\/loket-750x563-1-16x12.webp 16w, https:\/\/mijn-lo.nl\/wp-content\/uploads\/2024\/02\/loket-750x563-1-24x18.webp 24w, https:\/\/mijn-lo.nl\/wp-content\/uploads\/2024\/02\/loket-750x563-1-36x27.webp 36w, https:\/\/mijn-lo.nl\/wp-content\/uploads\/2024\/02\/loket-750x563-1-48x36.webp 48w\" sizes=\"(max-width: 750px) 100vw, 750px\" \/>\t\t\t\t\t\t\t\t\t\t\t\t\t\t\t<\/div>\n\t\t\t\t<\/div>\n\t\t\t\t<div class=\"elementor-element elementor-element-25fb557 elementor-widget elementor-widget-text-editor\" data-id=\"25fb557\" data-element_type=\"widget\" data-widget_type=\"text-editor.default\">\n\t\t\t\t<div class=\"elementor-widget-container\">\n\t\t\t\t\t\t\t\t\t<p style=\"text-align: center;\">Servicii municipale<\/p>\t\t\t\t\t\t\t\t<\/div>\n\t\t\t\t<\/div>\n\t\t\t\t\t<\/div>\n\t\t<\/div>\n\t\t\t\t<div class=\"elementor-column elementor-col-50 elementor-top-column elementor-element elementor-element-8db01a1\" data-id=\"8db01a1\" data-element_type=\"column\">\n\t\t\t<div class=\"elementor-widget-wrap elementor-element-populated\">\n\t\t\t\t\t\t<div class=\"elementor-element elementor-element-eb35863 elementor-widget elementor-widget-text-editor\" data-id=\"eb35863\" data-element_type=\"widget\" data-widget_type=\"text-editor.default\">\n\t\t\t\t<div class=\"elementor-widget-container\">\n\t\t\t\t\t\t\t\t\t<h3 class=\"mbr-section-title mbr-fonts-style mb-3 display-5\"><strong>De ce sunt municipalit\u0103\u021bile importante pentru dvs. (2)\u00a0<\/strong><\/h3><p class=\"mbr-text mbr-fonts-style display-7\"><strong>Imigranti de munca:<br \/>Permise de \u0219edere \u0219i munc\u0103:<\/strong>\u00a0\u00cen timp ce guvernul na\u021bional se ocup\u0103 de aceste permise, municipalit\u0103\u021bile asigur\u0103 \u00eenregistrarea local\u0103 esen\u021bial\u0103 \u0219i alte procese administrative de care au nevoie imigran\u021bii.<br \/><strong>Servicii locale:<\/strong>\u00a0Imigran\u021bii care lucreaz\u0103, la fel ca to\u021bi reziden\u021bii, beneficiaz\u0103 de servicii municipale, de la transportul public p\u00e2n\u0103 la asisten\u021b\u0103 medical\u0103. \u00cen\u021belegerea \u0219i navigarea acestor servicii este esen\u021bial\u0103 pentru bun\u0103starea \u0219i integrarea cu succes a acestora.<\/p><p><strong>Integrarea comunit\u0103\u021bii:\u00a0<\/strong>Municipalit\u0103\u021bile organizeaz\u0103 adesea evenimente, ateliere sau sesiuni de informare destinate comunit\u0103\u021bii de imigran\u021bi, asigur\u00e2ndu-se c\u0103 se simt bineveni\u021bi \u0219i devin parte a comunit\u0103\u021bii locale.<\/p><p>\u00cen esen\u021b\u0103, \u00een timp ce guvernul na\u021bional stabile\u0219te politici generale, municipalit\u0103\u021bile sunt cele care implementeaz\u0103 multe dintre aspectele practice ale acestor politici, f\u0103c\u00e2ndu-le vitale pentru integrarea \u0219i bun\u0103starea cu succes a refugia\u021bilor, a persoanelor cu statut \u0219i a imigran\u021bilor care lucreaz\u0103.<\/p>\t\t\t\t\t\t\t\t<\/div>\n\t\t\t\t<\/div>\n\t\t\t\t\t<\/div>\n\t\t<\/div>\n\t\t\t\t\t<\/div>\n\t\t<\/section>\n\t\t\t\t<section class=\"elementor-section elementor-top-section elementor-element elementor-element-2edcca1 elementor-section-boxed elementor-section-height-default elementor-section-height-default\" data-id=\"2edcca1\" data-element_type=\"section\">\n\t\t\t\t\t\t<div class=\"elementor-container elementor-column-gap-default\">\n\t\t\t\t\t<div class=\"elementor-column elementor-col-100 elementor-top-column elementor-element elementor-element-75349f87\" data-id=\"75349f87\" data-element_type=\"column\">\n\t\t\t<div class=\"elementor-widget-wrap elementor-element-populated\">\n\t\t\t\t\t\t<div class=\"elementor-element elementor-element-2d2d0e50 elementor-align-center elementor-widget elementor-widget-button\" data-id=\"2d2d0e50\" data-element_type=\"widget\" data-widget_type=\"button.default\">\n\t\t\t\t<div class=\"elementor-widget-container\">\n\t\t\t\t\t\t\t\t\t<div class=\"elementor-button-wrapper\">\n\t\t\t\t\t<a class=\"elementor-button elementor-button-link elementor-size-sm\" href=\"https:\/\/mijn-lo.nl\/ro\/politics\/voting\/\">\n\t\t\t\t\t\t<span class=\"elementor-button-content-wrapper\">\n\t\t\t\t\t\t\t\t\t<span class=\"elementor-button-text\">continua<\/span>\n\t\t\t\t\t<\/span>\n\t\t\t\t\t<\/a>\n\t\t\t\t<\/div>\n\t\t\t\t\t\t\t\t<\/div>\n\t\t\t\t<\/div>\n\t\t\t\t\t<\/div>\n\t\t<\/div>\n\t\t\t\t\t<\/div>\n\t\t<\/section>\n\t\t\t\t<\/div>","protected":false},"excerpt":{"rendered":"<p>The provinces and the municipalities The information you provided is mostly accurate, but there is a significant error: The Netherlands does not have just 2 provinces; it has 12 provinces. Let me correct the text for you: ProvinceThe Netherlands has 12 provinces. In lesson 1, we introduced these regions. Each region is ruled by Provincial [&hellip;]<\/p>\n","protected":false},"author":1,"featured_media":0,"parent":3371,"menu_order":2,"comment_status":"closed","ping_status":"closed","template":"elementor_canvas","meta":{"site-sidebar-layout":"no-sidebar","site-content-layout":"page-builder","ast-site-content-layout":"full-width-container","site-content-style":"default","site-sidebar-style":"default","ast-global-header-display":"","ast-banner-title-visibility":"","ast-main-header-display":"","ast-hfb-above-header-display":"","ast-hfb-below-header-display":"","ast-hfb-mobile-header-display":"","site-post-title":"disabled","ast-breadcrumbs-content":"","ast-featured-img":"disabled","footer-sml-layout":"","theme-transparent-header-meta":"","adv-header-id-meta":"","stick-header-meta":"","header-above-stick-meta":"","header-main-stick-meta":"","header-below-stick-meta":"","astra-migrate-meta-layouts":"set","ast-page-background-enabled":"default","ast-page-background-meta":{"desktop":{"background-color":"var(--ast-global-color-4)","background-image":"","background-repeat":"repeat","background-position":"center center","background-size":"auto","background-attachment":"scroll","background-type":"","background-media":"","overlay-type":"","overlay-color":"","overlay-opacity":"","overlay-gradient":""},"tablet":{"background-color":"","background-image":"","background-repeat":"repeat","background-position":"center center","background-size":"auto","background-attachment":"scroll","background-type":"","background-media":"","overlay-type":"","overlay-color":"","overlay-opacity":"","overlay-gradient":""},"mobile":{"background-color":"","background-image":"","background-repeat":"repeat","background-position":"center center","background-size":"auto","background-attachment":"scroll","background-type":"","background-media":"","overlay-type":"","overlay-color":"","overlay-opacity":"","overlay-gradient":""}},"ast-content-background-meta":{"desktop":{"background-color":"var(--ast-global-color-5)","background-image":"","background-repeat":"repeat","background-position":"center center","background-size":"auto","background-attachment":"scroll","background-type":"","background-media":"","overlay-type":"","overlay-color":"","overlay-opacity":"","overlay-gradient":""},"tablet":{"background-color":"var(--ast-global-color-5)","background-image":"","background-repeat":"repeat","background-position":"center center","background-size":"auto","background-attachment":"scroll","background-type":"","background-media":"","overlay-type":"","overlay-color":"","overlay-opacity":"","overlay-gradient":""},"mobile":{"background-color":"var(--ast-global-color-5)","background-image":"","background-repeat":"repeat","background-position":"center center","background-size":"auto","background-attachment":"scroll","background-type":"","background-media":"","overlay-type":"","overlay-color":"","overlay-opacity":"","overlay-gradient":""}},"footnotes":""},"class_list":["post-4902","page","type-page","status-publish","hentry"],"_links":{"self":[{"href":"https:\/\/mijn-lo.nl\/ro\/wp-json\/wp\/v2\/pages\/4902","targetHints":{"allow":["GET"]}}],"collection":[{"href":"https:\/\/mijn-lo.nl\/ro\/wp-json\/wp\/v2\/pages"}],"about":[{"href":"https:\/\/mijn-lo.nl\/ro\/wp-json\/wp\/v2\/types\/page"}],"author":[{"embeddable":true,"href":"https:\/\/mijn-lo.nl\/ro\/wp-json\/wp\/v2\/users\/1"}],"replies":[{"embeddable":true,"href":"https:\/\/mijn-lo.nl\/ro\/wp-json\/wp\/v2\/comments?post=4902"}],"version-history":[{"count":7,"href":"https:\/\/mijn-lo.nl\/ro\/wp-json\/wp\/v2\/pages\/4902\/revisions"}],"predecessor-version":[{"id":6343,"href":"https:\/\/mijn-lo.nl\/ro\/wp-json\/wp\/v2\/pages\/4902\/revisions\/6343"}],"up":[{"embeddable":true,"href":"https:\/\/mijn-lo.nl\/ro\/wp-json\/wp\/v2\/pages\/3371"}],"wp:attachment":[{"href":"https:\/\/mijn-lo.nl\/ro\/wp-json\/wp\/v2\/media?parent=4902"}],"curies":[{"name":"wp","href":"https:\/\/api.w.org\/{rel}","templated":true}]}}