{"id":4904,"date":"2024-02-09T15:46:50","date_gmt":"2024-02-09T15:46:50","guid":{"rendered":"http:\/\/mijn-lo.nl\/?page_id=4904"},"modified":"2025-08-19T17:42:57","modified_gmt":"2025-08-19T17:42:57","slug":"voting","status":"publish","type":"page","link":"https:\/\/mijn-lo.nl\/ro\/politics\/voting\/","title":{"rendered":"Vot"},"content":{"rendered":"<div data-elementor-type=\"wp-page\" data-elementor-id=\"4904\" class=\"elementor elementor-4904\" data-elementor-post-type=\"page\">\n\t\t\t\t\t\t<section class=\"elementor-section elementor-top-section elementor-element elementor-element-4d3fa3d elementor-reverse-tablet elementor-reverse-mobile elementor-section-boxed elementor-section-height-default elementor-section-height-default\" data-id=\"4d3fa3d\" data-element_type=\"section\">\n\t\t\t\t\t\t<div class=\"elementor-container elementor-column-gap-default\">\n\t\t\t\t\t<div class=\"elementor-column elementor-col-50 elementor-top-column elementor-element elementor-element-fcf9551\" data-id=\"fcf9551\" data-element_type=\"column\">\n\t\t\t<div class=\"elementor-widget-wrap elementor-element-populated\">\n\t\t\t\t\t\t<div class=\"elementor-element elementor-element-db8dc4d elementor-widget elementor-widget-text-editor\" data-id=\"db8dc4d\" data-element_type=\"widget\" data-widget_type=\"text-editor.default\">\n\t\t\t\t<div class=\"elementor-widget-container\">\n\t\t\t\t\t\t\t\t\t<h3 class=\"mbr-section-title mbr-fonts-style mb-3 display-5\"><strong>Vot<\/strong><\/h3><p class=\"mbr-text mbr-fonts-style display-7\"><strong>Exemple de partide politice:<br \/><\/strong>\u2022 VVD: libertate pentru toat\u0103 lumea, economie mai bun\u0103, munc\u0103 pentru toat\u0103 lumea.<br \/>\u2022 PVV: mai pu\u021bini str\u0103ini, mai pu\u021bin\u0103 cooperare cu Europa.<br \/>\u2022 CDA: familia este important\u0103, credin\u021ba cre\u0219tin\u0103.<br \/>\u2022 BBB: mijloc \u0219i pu\u021bin la dreapta. Fondat\u0103 ini\u021bial de fermieri;<br \/>\u2022 Nieuw Sociaal Contract: viz\u00e2nd o nou\u0103 structur\u0103 pentru<br \/>\u2022 D66: democra\u021bia este important\u0103, educa\u021bia este important\u0103.<br \/>\u2022 BBB: Boeren-Burgers-Bewegen: un partid popular care provine de la fermieri.<br \/>\u2022 GroenLinks: mediul este important, oamenii boga\u021bi trebuie s\u0103 pl\u0103teasc\u0103 mai multe taxe, \u0219anse egale.<br \/>\u2022 SP: guvernul ar trebui s\u0103 aib\u0103 grij\u0103 de cei s\u0103raci \u0219i bolnavi, mai pu\u021bin\u0103 cooperare cu Europa.<br \/>\u2022 PvdA: oamenii boga\u021bi \u0219i s\u0103racii mai egali, oamenii boga\u021bi trebuie s\u0103 pl\u0103teasc\u0103 mai multe taxe, educa\u021bie.<br \/>\u2022 CU: regulile din Biblie, \u00eempotriva avortului, mediul \u0219i familia sunt importante, grija pentru cei s\u0103raci.<br \/>\u2022 Petrecere pentru animale: animalele \u0219i mediul sunt importante.<br \/>\u2022 50Plus: \u00eengrijirea bun\u0103 a b\u0103tr\u00e2nilor.<br \/>\u2022 SGP: Cre\u0219tine, trebuie s\u0103 tr\u0103im dup\u0103 Biblie.<br \/>\u2022 GANDI\u021aI: toat\u0103 lumea are acelea\u0219i drepturi (\u00een special turcii \u0219i marocanii voteaz\u0103 pentru asta).<\/p><p><strong>Partidele de st\u00e2nga\u00a0<\/strong>doresc s\u0103 reduc\u0103 diferen\u021ba dintre oamenii boga\u021bi \u0219i cei s\u0103raci. Oamenii boga\u021bi trebuie s\u0103 pl\u0103teasc\u0103 mai multe taxe. Guvernul trebuie s\u0103 aib\u0103 grij\u0103 de oamenii s\u0103raci, beneficiile trebuie s\u0103 fie mai mari.<br \/><strong>Partide de dreapta<\/strong>\u00a0cred c\u0103 oamenii ar trebui s\u0103 aib\u0103 grij\u0103 de ei \u00een\u0219i\u0219i \u0219i c\u0103 oamenii boga\u021bi nu ar trebui s\u0103 pl\u0103teasc\u0103 multe taxe.<br \/><strong>progresiv:<\/strong>\u00a0\u00eenseamn\u0103 c\u0103 societatea trebuie s\u0103 se schimbe.<br \/><strong>Conservator:<\/strong>\u00a0\u00eenseamn\u0103 c\u0103 nu trebuie schimbate multe lucruri.<\/p>\t\t\t\t\t\t\t\t<\/div>\n\t\t\t\t<\/div>\n\t\t\t\t\t<\/div>\n\t\t<\/div>\n\t\t\t\t<div class=\"elementor-column elementor-col-50 elementor-top-column elementor-element elementor-element-fb8883b\" data-id=\"fb8883b\" data-element_type=\"column\">\n\t\t\t<div class=\"elementor-widget-wrap elementor-element-populated\">\n\t\t\t\t\t\t<div class=\"elementor-element elementor-element-0a1b385 elementor-widget elementor-widget-image\" data-id=\"0a1b385\" data-element_type=\"widget\" data-widget_type=\"image.default\">\n\t\t\t\t<div class=\"elementor-widget-container\">\n\t\t\t\t\t\t\t\t\t\t\t\t\t\t\t<img fetchpriority=\"high\" decoding=\"async\" width=\"478\" height=\"603\" src=\"https:\/\/mijn-lo.nl\/wp-content\/uploads\/2024\/02\/kiezen-478x603-1.webp\" class=\"attachment-large size-large wp-image-4857\" alt=\"\" srcset=\"https:\/\/mijn-lo.nl\/wp-content\/uploads\/2024\/02\/kiezen-478x603-1.webp 478w, https:\/\/mijn-lo.nl\/wp-content\/uploads\/2024\/02\/kiezen-478x603-1-238x300.webp 238w, https:\/\/mijn-lo.nl\/wp-content\/uploads\/2024\/02\/kiezen-478x603-1-10x12.webp 10w, https:\/\/mijn-lo.nl\/wp-content\/uploads\/2024\/02\/kiezen-478x603-1-19x24.webp 19w, https:\/\/mijn-lo.nl\/wp-content\/uploads\/2024\/02\/kiezen-478x603-1-29x36.webp 29w, https:\/\/mijn-lo.nl\/wp-content\/uploads\/2024\/02\/kiezen-478x603-1-38x48.webp 38w\" sizes=\"(max-width: 478px) 100vw, 478px\" \/>\t\t\t\t\t\t\t\t\t\t\t\t\t\t\t<\/div>\n\t\t\t\t<\/div>\n\t\t\t\t<div class=\"elementor-element elementor-element-488cc37 elementor-widget elementor-widget-text-editor\" data-id=\"488cc37\" data-element_type=\"widget\" data-widget_type=\"text-editor.default\">\n\t\t\t\t<div class=\"elementor-widget-container\">\n\t\t\t\t\t\t\t\t\t<p style=\"text-align: center;\">Vot<\/p>\t\t\t\t\t\t\t\t<\/div>\n\t\t\t\t<\/div>\n\t\t\t\t\t<\/div>\n\t\t<\/div>\n\t\t\t\t\t<\/div>\n\t\t<\/section>\n\t\t\t\t<section class=\"elementor-section elementor-top-section elementor-element elementor-element-eb6bef8 elementor-section-boxed elementor-section-height-default elementor-section-height-default\" data-id=\"eb6bef8\" data-element_type=\"section\">\n\t\t\t\t\t\t<div class=\"elementor-container elementor-column-gap-default\">\n\t\t\t\t\t<div class=\"elementor-column elementor-col-50 elementor-top-column elementor-element elementor-element-f92d88a\" data-id=\"f92d88a\" data-element_type=\"column\">\n\t\t\t<div class=\"elementor-widget-wrap elementor-element-populated\">\n\t\t\t\t\t\t<div class=\"elementor-element elementor-element-44af40a elementor-widget elementor-widget-image\" data-id=\"44af40a\" data-element_type=\"widget\" data-widget_type=\"image.default\">\n\t\t\t\t<div class=\"elementor-widget-container\">\n\t\t\t\t\t\t\t\t\t\t\t\t\t\t\t<img decoding=\"async\" width=\"750\" height=\"499\" src=\"https:\/\/mijn-lo.nl\/wp-content\/uploads\/2024\/02\/kiezen6-750x499-1.webp\" class=\"attachment-large size-large wp-image-4858\" alt=\"\" srcset=\"https:\/\/mijn-lo.nl\/wp-content\/uploads\/2024\/02\/kiezen6-750x499-1.webp 750w, https:\/\/mijn-lo.nl\/wp-content\/uploads\/2024\/02\/kiezen6-750x499-1-300x200.webp 300w, https:\/\/mijn-lo.nl\/wp-content\/uploads\/2024\/02\/kiezen6-750x499-1-18x12.webp 18w, https:\/\/mijn-lo.nl\/wp-content\/uploads\/2024\/02\/kiezen6-750x499-1-24x16.webp 24w, https:\/\/mijn-lo.nl\/wp-content\/uploads\/2024\/02\/kiezen6-750x499-1-36x24.webp 36w, https:\/\/mijn-lo.nl\/wp-content\/uploads\/2024\/02\/kiezen6-750x499-1-48x32.webp 48w\" sizes=\"(max-width: 750px) 100vw, 750px\" \/>\t\t\t\t\t\t\t\t\t\t\t\t\t\t\t<\/div>\n\t\t\t\t<\/div>\n\t\t\t\t<div class=\"elementor-element elementor-element-0fb6b56 elementor-widget elementor-widget-text-editor\" data-id=\"0fb6b56\" data-element_type=\"widget\" data-widget_type=\"text-editor.default\">\n\t\t\t\t<div class=\"elementor-widget-container\">\n\t\t\t\t\t\t\t\t\t<p style=\"text-align: center;\">Vot<\/p>\t\t\t\t\t\t\t\t<\/div>\n\t\t\t\t<\/div>\n\t\t\t\t\t<\/div>\n\t\t<\/div>\n\t\t\t\t<div class=\"elementor-column elementor-col-50 elementor-top-column elementor-element elementor-element-7ec25a6\" data-id=\"7ec25a6\" data-element_type=\"column\">\n\t\t\t<div class=\"elementor-widget-wrap elementor-element-populated\">\n\t\t\t\t\t\t<div class=\"elementor-element elementor-element-89f35ff elementor-widget elementor-widget-text-editor\" data-id=\"89f35ff\" data-element_type=\"widget\" data-widget_type=\"text-editor.default\">\n\t\t\t\t<div class=\"elementor-widget-container\">\n\t\t\t\t\t\t\t\t\t<h3>Frecven\u021b\u0103<\/h3><ul><li>1 x \u00een 4 ani pentru: Parlament (150 de mini\u0219tri de ales) (na\u021bionalitate NL, 18+)<\/li><li>1x \u00een 4 ani \u00eenainte: State provinciale din fiecare provincie (na\u021bionalitate NL, 18+)<\/li><li>1x \u00een 4 ani \u00eenainte: consiliu local (fiecare rezident de c\u0103tre autoritatea local\u0103 peste 18 ani sau 5 ani \u00een NL)<\/li><li>1x \u00een 4 ani pentru: Autoritatea Apelor (persoane care el \u00eensu\u0219i sunt ocupate s\u0103 de\u021bin\u0103 ap\u0103 \u00een \u021a\u0103rile de Jos)<\/li><li>1x \u00een cei 5 ani anteriori: Uniunea European\u0103 (rezident de UE de cet\u0103\u021benie UE, 18+)<\/li><\/ul>\t\t\t\t\t\t\t\t<\/div>\n\t\t\t\t<\/div>\n\t\t\t\t\t<\/div>\n\t\t<\/div>\n\t\t\t\t\t<\/div>\n\t\t<\/section>\n\t\t\t\t<section class=\"elementor-section elementor-top-section elementor-element elementor-element-2edcca1 elementor-section-boxed elementor-section-height-default elementor-section-height-default\" data-id=\"2edcca1\" data-element_type=\"section\">\n\t\t\t\t\t\t<div class=\"elementor-container elementor-column-gap-default\">\n\t\t\t\t\t<div class=\"elementor-column elementor-col-100 elementor-top-column elementor-element elementor-element-75349f87\" data-id=\"75349f87\" data-element_type=\"column\">\n\t\t\t<div class=\"elementor-widget-wrap elementor-element-populated\">\n\t\t\t\t\t\t<div class=\"elementor-element elementor-element-2d2d0e50 elementor-align-center elementor-widget elementor-widget-button\" data-id=\"2d2d0e50\" data-element_type=\"widget\" data-widget_type=\"button.default\">\n\t\t\t\t<div class=\"elementor-widget-container\">\n\t\t\t\t\t\t\t\t\t<div class=\"elementor-button-wrapper\">\n\t\t\t\t\t<a class=\"elementor-button elementor-button-link elementor-size-sm\" href=\"https:\/\/mijn-lo.nl\/ro\/politics\/test-10\/\">\n\t\t\t\t\t\t<span class=\"elementor-button-content-wrapper\">\n\t\t\t\t\t\t\t\t\t<span class=\"elementor-button-text\">continua<\/span>\n\t\t\t\t\t<\/span>\n\t\t\t\t\t<\/a>\n\t\t\t\t<\/div>\n\t\t\t\t\t\t\t\t<\/div>\n\t\t\t\t<\/div>\n\t\t\t\t\t<\/div>\n\t\t<\/div>\n\t\t\t\t\t<\/div>\n\t\t<\/section>\n\t\t\t\t<\/div>","protected":false},"excerpt":{"rendered":"<p>Voting Examples of political parties:\u2022 VVD: freedom for everyone, better economy, work for everyone.\u2022 PVV: fewer foreigners, less cooperation with Europe.\u2022 CDA: family is important, Christian faith.\u2022 BBB: mid and a little bit to the right. Originally founded by farmers;\u2022 Nieuw Sociaal Contract: aiming at a new structure for\u2022 D66: democracy is important, education is [&hellip;]<\/p>\n","protected":false},"author":1,"featured_media":0,"parent":3371,"menu_order":3,"comment_status":"closed","ping_status":"closed","template":"elementor_canvas","meta":{"site-sidebar-layout":"no-sidebar","site-content-layout":"page-builder","ast-site-content-layout":"full-width-container","site-content-style":"default","site-sidebar-style":"default","ast-global-header-display":"","ast-banner-title-visibility":"","ast-main-header-display":"","ast-hfb-above-header-display":"","ast-hfb-below-header-display":"","ast-hfb-mobile-header-display":"","site-post-title":"disabled","ast-breadcrumbs-content":"","ast-featured-img":"disabled","footer-sml-layout":"","theme-transparent-header-meta":"","adv-header-id-meta":"","stick-header-meta":"","header-above-stick-meta":"","header-main-stick-meta":"","header-below-stick-meta":"","astra-migrate-meta-layouts":"set","ast-page-background-enabled":"default","ast-page-background-meta":{"desktop":{"background-color":"var(--ast-global-color-4)","background-image":"","background-repeat":"repeat","background-position":"center center","background-size":"auto","background-attachment":"scroll","background-type":"","background-media":"","overlay-type":"","overlay-color":"","overlay-opacity":"","overlay-gradient":""},"tablet":{"background-color":"","background-image":"","background-repeat":"repeat","background-position":"center center","background-size":"auto","background-attachment":"scroll","background-type":"","background-media":"","overlay-type":"","overlay-color":"","overlay-opacity":"","overlay-gradient":""},"mobile":{"background-color":"","background-image":"","background-repeat":"repeat","background-position":"center center","background-size":"auto","background-attachment":"scroll","background-type":"","background-media":"","overlay-type":"","overlay-color":"","overlay-opacity":"","overlay-gradient":""}},"ast-content-background-meta":{"desktop":{"background-color":"var(--ast-global-color-5)","background-image":"","background-repeat":"repeat","background-position":"center center","background-size":"auto","background-attachment":"scroll","background-type":"","background-media":"","overlay-type":"","overlay-color":"","overlay-opacity":"","overlay-gradient":""},"tablet":{"background-color":"var(--ast-global-color-5)","background-image":"","background-repeat":"repeat","background-position":"center center","background-size":"auto","background-attachment":"scroll","background-type":"","background-media":"","overlay-type":"","overlay-color":"","overlay-opacity":"","overlay-gradient":""},"mobile":{"background-color":"var(--ast-global-color-5)","background-image":"","background-repeat":"repeat","background-position":"center center","background-size":"auto","background-attachment":"scroll","background-type":"","background-media":"","overlay-type":"","overlay-color":"","overlay-opacity":"","overlay-gradient":""}},"footnotes":""},"class_list":["post-4904","page","type-page","status-publish","hentry"],"_links":{"self":[{"href":"https:\/\/mijn-lo.nl\/ro\/wp-json\/wp\/v2\/pages\/4904","targetHints":{"allow":["GET"]}}],"collection":[{"href":"https:\/\/mijn-lo.nl\/ro\/wp-json\/wp\/v2\/pages"}],"about":[{"href":"https:\/\/mijn-lo.nl\/ro\/wp-json\/wp\/v2\/types\/page"}],"author":[{"embeddable":true,"href":"https:\/\/mijn-lo.nl\/ro\/wp-json\/wp\/v2\/users\/1"}],"replies":[{"embeddable":true,"href":"https:\/\/mijn-lo.nl\/ro\/wp-json\/wp\/v2\/comments?post=4904"}],"version-history":[{"count":13,"href":"https:\/\/mijn-lo.nl\/ro\/wp-json\/wp\/v2\/pages\/4904\/revisions"}],"predecessor-version":[{"id":6346,"href":"https:\/\/mijn-lo.nl\/ro\/wp-json\/wp\/v2\/pages\/4904\/revisions\/6346"}],"up":[{"embeddable":true,"href":"https:\/\/mijn-lo.nl\/ro\/wp-json\/wp\/v2\/pages\/3371"}],"wp:attachment":[{"href":"https:\/\/mijn-lo.nl\/ro\/wp-json\/wp\/v2\/media?parent=4904"}],"curies":[{"name":"wp","href":"https:\/\/api.w.org\/{rel}","templated":true}]}}