{"id":4920,"date":"2024-02-09T15:53:53","date_gmt":"2024-02-09T15:53:53","guid":{"rendered":"http:\/\/mijn-lo.nl\/?page_id=4920"},"modified":"2025-08-19T17:44:18","modified_gmt":"2025-08-19T17:44:18","slug":"golden-age","status":"publish","type":"page","link":"https:\/\/mijn-lo.nl\/ro\/history\/golden-age\/","title":{"rendered":"epoca de Aur"},"content":{"rendered":"<div data-elementor-type=\"wp-page\" data-elementor-id=\"4920\" class=\"elementor elementor-4920\" data-elementor-post-type=\"page\">\n\t\t\t\t\t\t<section class=\"elementor-section elementor-top-section elementor-element elementor-element-f3da63f elementor-reverse-tablet elementor-reverse-mobile elementor-section-boxed elementor-section-height-default elementor-section-height-default\" data-id=\"f3da63f\" data-element_type=\"section\">\n\t\t\t\t\t\t<div class=\"elementor-container elementor-column-gap-default\">\n\t\t\t\t\t<div class=\"elementor-column elementor-col-50 elementor-top-column elementor-element elementor-element-02860a7\" data-id=\"02860a7\" data-element_type=\"column\">\n\t\t\t<div class=\"elementor-widget-wrap elementor-element-populated\">\n\t\t\t\t\t\t<div class=\"elementor-element elementor-element-c1d4860 elementor-widget elementor-widget-text-editor\" data-id=\"c1d4860\" data-element_type=\"widget\" data-widget_type=\"text-editor.default\">\n\t\t\t\t<div class=\"elementor-widget-container\">\n\t\t\t\t\t\t\t\t\t<h3 class=\"mbr-section-title mbr-fonts-style mb-3 display-5\"><strong>epoca de Aur<\/strong><\/h3><p class=\"mbr-text mbr-fonts-style display-7\"><strong>Perioada<br \/><\/strong>Perioada 1600 - 1700 se nume\u0219te epoca de aur. \u021a\u0103rile de Jos o duc foarte bine. Acest lucru se datoreaz\u0103 \u00een principal comer\u021bului din colonii. Organiza\u021bia care reglementa acest comer\u021b se numea VOC. T<br \/><br \/><strong>COV<br \/><\/strong>1602 - Formarea Companiei Olandeze a Indiilor Orientale (VOC): VOC a fost \u00eenfiin\u021bat\u0103 ca prima corpora\u021bie multina\u021bional\u0103 din lume, care a jucat un rol crucial \u00een explorarea, comer\u021bul \u0219i colonizarea olandez\u0103 \u00een Asia. A existat comer\u021b cu mirodenii, dar \u0219i cu sclavi.<br \/><br \/><strong>Efectele epocii de aur<br \/><\/strong>Faptul c\u0103 lucrurile mergeau bine \u00een acele zile poate fi v\u0103zut, de exemplu, \u00een casele frumoase de pe canalele din Amsterdam. Vedem, de asemenea, acele\u00a0<strong>case frumoase \u00een alte ora\u0219e vechi<\/strong>\u00a0\u00een Randstad. \u00cen aceast\u0103 perioad\u0103, au activat \u0219i arti\u0219ti care vor deveni mai t\u00e2rziu faimo\u0219i \u00een \u00eentreaga lume, cum ar fi\u00a0<strong>Rembrandt<\/strong>. Cel mai faimos tablou al s\u0103u este \"Rondul de noapte\", care poate fi v\u0103zut \u00een Rijksmuseum din Amsterdam.<br \/><br \/><br \/><strong>Un videoclip interesant<br \/><\/strong>Urm\u0103torul videoclip este acolo doar pentru ilustrare. A\u0219a c\u0103 uita\u021bi-v\u0103 la el dac\u0103 v\u0103 intereseaz\u0103. Acesta prezint\u0103 perioada major\u0103 \"Epoca de Aur\" \u0219i modul \u00een care \u021a\u0103rile de Jos au reu\u0219it s\u0103 devin\u0103 o putere global\u0103.<br \/>Cu ajutorul ro\u021bii din\u021bate pute\u021bi adapta undertitling.<\/p>\t\t\t\t\t\t\t\t<\/div>\n\t\t\t\t<\/div>\n\t\t\t\t\t<\/div>\n\t\t<\/div>\n\t\t\t\t<div class=\"elementor-column elementor-col-50 elementor-top-column elementor-element elementor-element-fc1ff83\" data-id=\"fc1ff83\" data-element_type=\"column\">\n\t\t\t<div class=\"elementor-widget-wrap elementor-element-populated\">\n\t\t\t\t\t\t<div class=\"elementor-element elementor-element-c64e3d9 elementor-widget elementor-widget-image\" data-id=\"c64e3d9\" data-element_type=\"widget\" data-widget_type=\"image.default\">\n\t\t\t\t<div class=\"elementor-widget-container\">\n\t\t\t\t\t\t\t\t\t\t\t\t\t\t\t<img fetchpriority=\"high\" decoding=\"async\" width=\"529\" height=\"434\" src=\"https:\/\/mijn-lo.nl\/wp-content\/uploads\/2024\/02\/nachtwacht2-529x434-1.webp\" class=\"attachment-large size-large wp-image-4871\" alt=\"\" srcset=\"https:\/\/mijn-lo.nl\/wp-content\/uploads\/2024\/02\/nachtwacht2-529x434-1.webp 529w, https:\/\/mijn-lo.nl\/wp-content\/uploads\/2024\/02\/nachtwacht2-529x434-1-300x246.webp 300w, https:\/\/mijn-lo.nl\/wp-content\/uploads\/2024\/02\/nachtwacht2-529x434-1-15x12.webp 15w, https:\/\/mijn-lo.nl\/wp-content\/uploads\/2024\/02\/nachtwacht2-529x434-1-24x20.webp 24w, https:\/\/mijn-lo.nl\/wp-content\/uploads\/2024\/02\/nachtwacht2-529x434-1-36x30.webp 36w, https:\/\/mijn-lo.nl\/wp-content\/uploads\/2024\/02\/nachtwacht2-529x434-1-48x39.webp 48w\" sizes=\"(max-width: 529px) 100vw, 529px\" \/>\t\t\t\t\t\t\t\t\t\t\t\t\t\t\t<\/div>\n\t\t\t\t<\/div>\n\t\t\t\t<div class=\"elementor-element elementor-element-d2fdbf6 elementor-widget elementor-widget-text-editor\" data-id=\"d2fdbf6\" data-element_type=\"widget\" data-widget_type=\"text-editor.default\">\n\t\t\t\t<div class=\"elementor-widget-container\">\n\t\t\t\t\t\t\t\t\t<p style=\"text-align: center;\">Rondul de noapte (Rembrandt)<\/p>\t\t\t\t\t\t\t\t<\/div>\n\t\t\t\t<\/div>\n\t\t\t\t\t<\/div>\n\t\t<\/div>\n\t\t\t\t\t<\/div>\n\t\t<\/section>\n\t\t\t\t<section class=\"elementor-section elementor-top-section elementor-element elementor-element-0fbf82c elementor-section-boxed elementor-section-height-default elementor-section-height-default\" data-id=\"0fbf82c\" data-element_type=\"section\">\n\t\t\t\t\t\t<div class=\"elementor-container elementor-column-gap-default\">\n\t\t\t\t\t<div class=\"elementor-column elementor-col-100 elementor-top-column elementor-element elementor-element-da48bf1\" data-id=\"da48bf1\" data-element_type=\"column\">\n\t\t\t<div class=\"elementor-widget-wrap elementor-element-populated\">\n\t\t\t\t\t\t<div class=\"elementor-element elementor-element-7fa867a elementor-widget elementor-widget-video\" data-id=\"7fa867a\" data-element_type=\"widget\" data-settings=\"{&quot;youtube_url&quot;:&quot;https:\\\/\\\/youtu.be\\\/ewCs5CF5HEg&quot;,&quot;video_type&quot;:&quot;youtube&quot;,&quot;controls&quot;:&quot;yes&quot;}\" data-widget_type=\"video.default\">\n\t\t\t\t<div class=\"elementor-widget-container\">\n\t\t\t\t\t\t\t<div class=\"elementor-wrapper elementor-open-inline\">\n\t\t\t<div class=\"elementor-video\"><\/div>\t\t<\/div>\n\t\t\t\t\t\t<\/div>\n\t\t\t\t<\/div>\n\t\t\t\t\t<\/div>\n\t\t<\/div>\n\t\t\t\t\t<\/div>\n\t\t<\/section>\n\t\t\t\t<section class=\"elementor-section elementor-top-section elementor-element elementor-element-21c66c4 elementor-section-boxed elementor-section-height-default elementor-section-height-default\" data-id=\"21c66c4\" data-element_type=\"section\">\n\t\t\t\t\t\t<div class=\"elementor-container elementor-column-gap-default\">\n\t\t\t\t\t<div class=\"elementor-column elementor-col-50 elementor-top-column elementor-element elementor-element-60e1a44\" data-id=\"60e1a44\" data-element_type=\"column\">\n\t\t\t<div class=\"elementor-widget-wrap elementor-element-populated\">\n\t\t\t\t\t\t<div class=\"elementor-element elementor-element-f6c5e96 elementor-widget elementor-widget-image\" data-id=\"f6c5e96\" data-element_type=\"widget\" data-widget_type=\"image.default\">\n\t\t\t\t<div class=\"elementor-widget-container\">\n\t\t\t\t\t\t\t\t\t\t\t\t\t\t\t<img decoding=\"async\" width=\"780\" height=\"439\" src=\"https:\/\/mijn-lo.nl\/wp-content\/uploads\/2024\/02\/opkomst-textiel-780x439-1.webp\" class=\"attachment-large size-large wp-image-4872\" alt=\"\" srcset=\"https:\/\/mijn-lo.nl\/wp-content\/uploads\/2024\/02\/opkomst-textiel-780x439-1.webp 780w, https:\/\/mijn-lo.nl\/wp-content\/uploads\/2024\/02\/opkomst-textiel-780x439-1-300x169.webp 300w, https:\/\/mijn-lo.nl\/wp-content\/uploads\/2024\/02\/opkomst-textiel-780x439-1-768x432.webp 768w, https:\/\/mijn-lo.nl\/wp-content\/uploads\/2024\/02\/opkomst-textiel-780x439-1-18x10.webp 18w, https:\/\/mijn-lo.nl\/wp-content\/uploads\/2024\/02\/opkomst-textiel-780x439-1-24x14.webp 24w, https:\/\/mijn-lo.nl\/wp-content\/uploads\/2024\/02\/opkomst-textiel-780x439-1-36x20.webp 36w, https:\/\/mijn-lo.nl\/wp-content\/uploads\/2024\/02\/opkomst-textiel-780x439-1-48x27.webp 48w\" sizes=\"(max-width: 780px) 100vw, 780px\" \/>\t\t\t\t\t\t\t\t\t\t\t\t\t\t\t<\/div>\n\t\t\t\t<\/div>\n\t\t\t\t<div class=\"elementor-element elementor-element-04aff24 elementor-widget elementor-widget-text-editor\" data-id=\"04aff24\" data-element_type=\"widget\" data-widget_type=\"text-editor.default\">\n\t\t\t\t<div class=\"elementor-widget-container\">\n\t\t\t\t\t\t\t\t\t<p style=\"text-align: center;\">Apar industrii... oamenii se mut\u0103 din \u00eemprejurimi<\/p>\t\t\t\t\t\t\t\t<\/div>\n\t\t\t\t<\/div>\n\t\t\t\t\t<\/div>\n\t\t<\/div>\n\t\t\t\t<div class=\"elementor-column elementor-col-50 elementor-top-column elementor-element elementor-element-e531f2e\" data-id=\"e531f2e\" data-element_type=\"column\">\n\t\t\t<div class=\"elementor-widget-wrap elementor-element-populated\">\n\t\t\t\t\t\t<div class=\"elementor-element elementor-element-cb7b0bb elementor-widget elementor-widget-text-editor\" data-id=\"cb7b0bb\" data-element_type=\"widget\" data-widget_type=\"text-editor.default\">\n\t\t\t\t<div class=\"elementor-widget-container\">\n\t\t\t\t\t\t\t\t\t<h3 class=\"mbr-section-title mbr-fonts-style mb-3 display-5\"><strong>Perioada 1700 - 1900<\/strong><\/h3><div><strong>\u00a0<\/strong><\/div><p class=\"mbr-text mbr-fonts-style display-7\">\u00cen cursul secolului al XVIII-lea, Republica Olandez\u0103 a cunoscut o perioad\u0103 de cre\u0219tere economic\u0103 \u0219i prosperitate, alimentat\u0103 de industriile sale comerciale \u0219i maritime \u00eenfloritoare. Cu toate acestea, aceast\u0103 perioad\u0103 a fost marcat\u0103 \u0219i de dispute \u0219i revolte politice interne, inclusiv Revolu\u021bia patrio\u021bilor de la sf\u00e2r\u0219itul anilor 1780.<br \/><br \/>\u00cen 1814, \u021a\u0103rile de Jos au adoptat Constitu\u021bia, o lege fundamental\u0103 care descrie principiile la care trebuie s\u0103 adere o \u021bar\u0103. De exemplu, \u00een constitu\u021bie g\u0103sim articole care descriu c\u0103:<br \/>- toat\u0103 lumea este egal\u0103<br \/>- exist\u0103 libertate religioas\u0103<br \/>Constitu\u021bia a fost modificat\u0103 ulterior: regele a fost lipsit de orice putere, iar \u021a\u0103rile de Jos au devenit o adev\u0103rat\u0103 democra\u021bie.<br \/><br \/>Schimb\u0103ri importante pot fi observate \u00een special \u00een perioada de dup\u0103 1850. Apar industrii pentru textile \u0219i mul\u021bi oameni se mut\u0103 de la \u021bar\u0103 la fabrici. A existat mult\u0103 s\u0103r\u0103cie.<\/p>\t\t\t\t\t\t\t\t<\/div>\n\t\t\t\t<\/div>\n\t\t\t\t\t<\/div>\n\t\t<\/div>\n\t\t\t\t\t<\/div>\n\t\t<\/section>\n\t\t\t\t<section class=\"elementor-section elementor-top-section elementor-element elementor-element-311e16a elementor-reverse-tablet elementor-reverse-mobile elementor-section-boxed elementor-section-height-default elementor-section-height-default\" data-id=\"311e16a\" data-element_type=\"section\">\n\t\t\t\t\t\t<div class=\"elementor-container elementor-column-gap-default\">\n\t\t\t\t\t<div class=\"elementor-column elementor-col-50 elementor-top-column elementor-element elementor-element-092da81\" data-id=\"092da81\" data-element_type=\"column\">\n\t\t\t<div class=\"elementor-widget-wrap elementor-element-populated\">\n\t\t\t\t\t\t<div class=\"elementor-element elementor-element-7789889 elementor-widget elementor-widget-text-editor\" data-id=\"7789889\" data-element_type=\"widget\" data-widget_type=\"text-editor.default\">\n\t\t\t\t<div class=\"elementor-widget-container\">\n\t\t\t\t\t\t\t\t\t<h3 class=\"mbr-section-title mbr-fonts-style mb-0 display-2\"><strong>Dup\u0103 1900<\/strong><\/h3><p class=\"mbr-section-title mbr-fonts-style mb-3 display-5\">Influen\u021ba democra\u021biei devine din ce \u00een ce mai evident\u0103. Vor exista legi care s\u0103 protejeze lucr\u0103torii.<\/p><p><strong>Primul R\u0103zboi Mondial<br \/><\/strong>\u00cen 1914 izbucne\u0219te primul r\u0103zboi mondial. Germania atac\u0103 multe \u021b\u0103ri din Europa. \u021a\u0103rile de Jos r\u0103m\u00e2n impar\u021biale. \u00cen Belgia se \u00eenregistreaz\u0103 multe victime.<\/p><p><strong>Criza<br \/><\/strong><\/p><p class=\"mbr-section-title mbr-fonts-style mb-3 display-5\">\u00cen jurul anului 1930, economia mergea foarte prost peste tot \u00een lume. Fabricile au trebuit s\u0103 se \u00eenchid\u0103 \u0219i mul\u021bi oameni au ie\u0219it \u00een strad\u0103. Este o perioad\u0103 de mare s\u0103r\u0103cie \u0219i condi\u021bii proaste.<\/p>\t\t\t\t\t\t\t\t<\/div>\n\t\t\t\t<\/div>\n\t\t\t\t\t<\/div>\n\t\t<\/div>\n\t\t\t\t<div class=\"elementor-column elementor-col-50 elementor-top-column elementor-element elementor-element-b6b32b9\" data-id=\"b6b32b9\" data-element_type=\"column\">\n\t\t\t<div class=\"elementor-widget-wrap elementor-element-populated\">\n\t\t\t\t\t\t<div class=\"elementor-element elementor-element-2e5276e elementor-widget elementor-widget-video\" data-id=\"2e5276e\" data-element_type=\"widget\" data-settings=\"{&quot;video_type&quot;:&quot;vimeo&quot;}\" data-widget_type=\"video.default\">\n\t\t\t\t<div class=\"elementor-widget-container\">\n\t\t\t\t\t\t\t<div class=\"elementor-wrapper elementor-open-inline\">\n\t\t\t<iframe class=\"elementor-video-iframe\" allowfullscreen allow=\"clipboard-write\" title=\"Juc\u0103tor video Vimeo\" src=\"https:\/\/player.vimeo.com\/video\/816834642?color&amp;autopause=0&amp;loop=0&amp;muted=0&amp;title=1&amp;portrait=1&amp;byline=1#t=\"><\/iframe>\t\t<\/div>\n\t\t\t\t\t\t<\/div>\n\t\t\t\t<\/div>\n\t\t\t\t<div class=\"elementor-element elementor-element-0ddf208 elementor-widget elementor-widget-text-editor\" data-id=\"0ddf208\" data-element_type=\"widget\" data-widget_type=\"text-editor.default\">\n\t\t\t\t<div class=\"elementor-widget-container\">\n\t\t\t\t\t\t\t\t\t<p style=\"text-align: center;\">S\u0103r\u0103cie 1850 - 1930\u00a0<\/p>\t\t\t\t\t\t\t\t<\/div>\n\t\t\t\t<\/div>\n\t\t\t\t\t<\/div>\n\t\t<\/div>\n\t\t\t\t\t<\/div>\n\t\t<\/section>\n\t\t\t\t<section class=\"elementor-section elementor-top-section elementor-element elementor-element-2edcca1 elementor-section-boxed elementor-section-height-default elementor-section-height-default\" data-id=\"2edcca1\" data-element_type=\"section\">\n\t\t\t\t\t\t<div class=\"elementor-container elementor-column-gap-default\">\n\t\t\t\t\t<div class=\"elementor-column elementor-col-100 elementor-top-column elementor-element elementor-element-75349f87\" data-id=\"75349f87\" data-element_type=\"column\">\n\t\t\t<div class=\"elementor-widget-wrap elementor-element-populated\">\n\t\t\t\t\t\t<div class=\"elementor-element elementor-element-2d2d0e50 elementor-align-center elementor-widget elementor-widget-button\" data-id=\"2d2d0e50\" data-element_type=\"widget\" data-widget_type=\"button.default\">\n\t\t\t\t<div class=\"elementor-widget-container\">\n\t\t\t\t\t\t\t\t\t<div class=\"elementor-button-wrapper\">\n\t\t\t\t\t<a class=\"elementor-button elementor-button-link elementor-size-sm\" href=\"https:\/\/mijn-lo.nl\/ro\/history\/world-war-2\/\">\n\t\t\t\t\t\t<span class=\"elementor-button-content-wrapper\">\n\t\t\t\t\t\t\t\t\t<span class=\"elementor-button-text\">continua<\/span>\n\t\t\t\t\t<\/span>\n\t\t\t\t\t<\/a>\n\t\t\t\t<\/div>\n\t\t\t\t\t\t\t\t<\/div>\n\t\t\t\t<\/div>\n\t\t\t\t\t<\/div>\n\t\t<\/div>\n\t\t\t\t\t<\/div>\n\t\t<\/section>\n\t\t\t\t<\/div>","protected":false},"excerpt":{"rendered":"<p>Golden age The periodThe period from 1600 to 1700 is called the golden age. The Netherlands is doing very well. This was mainly due to trade in the colonies. The organization that regulated this trade was called VOC. T VOC1602 &#8211; Formation of the Dutch East India Company (VOC): The VOC was established as the [&hellip;]<\/p>\n","protected":false},"author":1,"featured_media":0,"parent":3258,"menu_order":2,"comment_status":"closed","ping_status":"closed","template":"elementor_canvas","meta":{"site-sidebar-layout":"no-sidebar","site-content-layout":"page-builder","ast-site-content-layout":"full-width-container","site-content-style":"default","site-sidebar-style":"default","ast-global-header-display":"","ast-banner-title-visibility":"","ast-main-header-display":"","ast-hfb-above-header-display":"","ast-hfb-below-header-display":"","ast-hfb-mobile-header-display":"","site-post-title":"disabled","ast-breadcrumbs-content":"","ast-featured-img":"disabled","footer-sml-layout":"","theme-transparent-header-meta":"","adv-header-id-meta":"","stick-header-meta":"","header-above-stick-meta":"","header-main-stick-meta":"","header-below-stick-meta":"","astra-migrate-meta-layouts":"set","ast-page-background-enabled":"default","ast-page-background-meta":{"desktop":{"background-color":"var(--ast-global-color-4)","background-image":"","background-repeat":"repeat","background-position":"center center","background-size":"auto","background-attachment":"scroll","background-type":"","background-media":"","overlay-type":"","overlay-color":"","overlay-opacity":"","overlay-gradient":""},"tablet":{"background-color":"","background-image":"","background-repeat":"repeat","background-position":"center center","background-size":"auto","background-attachment":"scroll","background-type":"","background-media":"","overlay-type":"","overlay-color":"","overlay-opacity":"","overlay-gradient":""},"mobile":{"background-color":"","background-image":"","background-repeat":"repeat","background-position":"center center","background-size":"auto","background-attachment":"scroll","background-type":"","background-media":"","overlay-type":"","overlay-color":"","overlay-opacity":"","overlay-gradient":""}},"ast-content-background-meta":{"desktop":{"background-color":"var(--ast-global-color-5)","background-image":"","background-repeat":"repeat","background-position":"center center","background-size":"auto","background-attachment":"scroll","background-type":"","background-media":"","overlay-type":"","overlay-color":"","overlay-opacity":"","overlay-gradient":""},"tablet":{"background-color":"var(--ast-global-color-5)","background-image":"","background-repeat":"repeat","background-position":"center center","background-size":"auto","background-attachment":"scroll","background-type":"","background-media":"","overlay-type":"","overlay-color":"","overlay-opacity":"","overlay-gradient":""},"mobile":{"background-color":"var(--ast-global-color-5)","background-image":"","background-repeat":"repeat","background-position":"center center","background-size":"auto","background-attachment":"scroll","background-type":"","background-media":"","overlay-type":"","overlay-color":"","overlay-opacity":"","overlay-gradient":""}},"footnotes":""},"class_list":["post-4920","page","type-page","status-publish","hentry"],"_links":{"self":[{"href":"https:\/\/mijn-lo.nl\/ro\/wp-json\/wp\/v2\/pages\/4920","targetHints":{"allow":["GET"]}}],"collection":[{"href":"https:\/\/mijn-lo.nl\/ro\/wp-json\/wp\/v2\/pages"}],"about":[{"href":"https:\/\/mijn-lo.nl\/ro\/wp-json\/wp\/v2\/types\/page"}],"author":[{"embeddable":true,"href":"https:\/\/mijn-lo.nl\/ro\/wp-json\/wp\/v2\/users\/1"}],"replies":[{"embeddable":true,"href":"https:\/\/mijn-lo.nl\/ro\/wp-json\/wp\/v2\/comments?post=4920"}],"version-history":[{"count":10,"href":"https:\/\/mijn-lo.nl\/ro\/wp-json\/wp\/v2\/pages\/4920\/revisions"}],"predecessor-version":[{"id":6352,"href":"https:\/\/mijn-lo.nl\/ro\/wp-json\/wp\/v2\/pages\/4920\/revisions\/6352"}],"up":[{"embeddable":true,"href":"https:\/\/mijn-lo.nl\/ro\/wp-json\/wp\/v2\/pages\/3258"}],"wp:attachment":[{"href":"https:\/\/mijn-lo.nl\/ro\/wp-json\/wp\/v2\/media?parent=4920"}],"curies":[{"name":"wp","href":"https:\/\/api.w.org\/{rel}","templated":true}]}}