{"id":4922,"date":"2024-02-09T15:54:15","date_gmt":"2024-02-09T15:54:15","guid":{"rendered":"http:\/\/mijn-lo.nl\/?page_id=4922"},"modified":"2025-08-19T17:47:38","modified_gmt":"2025-08-19T17:47:38","slug":"world-war-2","status":"publish","type":"page","link":"https:\/\/mijn-lo.nl\/ro\/history\/world-war-2\/","title":{"rendered":"R\u0103zboi Mondial 2"},"content":{"rendered":"<div data-elementor-type=\"wp-page\" data-elementor-id=\"4922\" class=\"elementor elementor-4922\" data-elementor-post-type=\"page\">\n\t\t\t\t\t\t<section class=\"elementor-section elementor-top-section elementor-element elementor-element-853250f elementor-section-boxed elementor-section-height-default elementor-section-height-default\" data-id=\"853250f\" data-element_type=\"section\">\n\t\t\t\t\t\t<div class=\"elementor-container elementor-column-gap-default\">\n\t\t\t\t\t<div class=\"elementor-column elementor-col-50 elementor-top-column elementor-element elementor-element-f947750\" data-id=\"f947750\" data-element_type=\"column\">\n\t\t\t<div class=\"elementor-widget-wrap elementor-element-populated\">\n\t\t\t\t\t\t<div class=\"elementor-element elementor-element-7bba9c0 elementor-widget elementor-widget-image\" data-id=\"7bba9c0\" data-element_type=\"widget\" data-widget_type=\"image.default\">\n\t\t\t\t<div class=\"elementor-widget-container\">\n\t\t\t\t\t\t\t\t\t\t\t\t\t\t\t<img fetchpriority=\"high\" decoding=\"async\" width=\"1024\" height=\"639\" src=\"https:\/\/mijn-lo.nl\/wp-content\/uploads\/2024\/02\/tank.jpg\" class=\"attachment-large size-large wp-image-4874\" alt=\"\" srcset=\"https:\/\/mijn-lo.nl\/wp-content\/uploads\/2024\/02\/tank.jpg 1024w, https:\/\/mijn-lo.nl\/wp-content\/uploads\/2024\/02\/tank-300x187.jpg 300w, https:\/\/mijn-lo.nl\/wp-content\/uploads\/2024\/02\/tank-768x479.jpg 768w, https:\/\/mijn-lo.nl\/wp-content\/uploads\/2024\/02\/tank-18x12.jpg 18w, https:\/\/mijn-lo.nl\/wp-content\/uploads\/2024\/02\/tank-24x15.jpg 24w, https:\/\/mijn-lo.nl\/wp-content\/uploads\/2024\/02\/tank-36x22.jpg 36w, https:\/\/mijn-lo.nl\/wp-content\/uploads\/2024\/02\/tank-48x30.jpg 48w\" sizes=\"(max-width: 1024px) 100vw, 1024px\" \/>\t\t\t\t\t\t\t\t\t\t\t\t\t\t\t<\/div>\n\t\t\t\t<\/div>\n\t\t\t\t<div class=\"elementor-element elementor-element-25fb557 elementor-widget elementor-widget-text-editor\" data-id=\"25fb557\" data-element_type=\"widget\" data-widget_type=\"text-editor.default\">\n\t\t\t\t<div class=\"elementor-widget-container\">\n\t\t\t\t\t\t\t\t\t<p style=\"text-align: center;\">R\u0103zboi<\/p>\t\t\t\t\t\t\t\t<\/div>\n\t\t\t\t<\/div>\n\t\t\t\t\t<\/div>\n\t\t<\/div>\n\t\t\t\t<div class=\"elementor-column elementor-col-50 elementor-top-column elementor-element elementor-element-8db01a1\" data-id=\"8db01a1\" data-element_type=\"column\">\n\t\t\t<div class=\"elementor-widget-wrap elementor-element-populated\">\n\t\t\t\t\t\t<div class=\"elementor-element elementor-element-eb35863 elementor-widget elementor-widget-text-editor\" data-id=\"eb35863\" data-element_type=\"widget\" data-widget_type=\"text-editor.default\">\n\t\t\t\t<div class=\"elementor-widget-container\">\n\t\t\t\t\t\t\t\t\t<h3 class=\"mbr-section-title mbr-fonts-style mb-3 display-5\"><strong>Al Doilea R\u0103zboi Mondial<\/strong><\/h3><div>\u00a0<\/div><p class=\"mbr-text mbr-fonts-style display-7\"><strong>Germania nazist\u0103<br \/><\/strong>\u00cen timpul celui de-al Doilea R\u0103zboi Mondial, \u021a\u0103rile de Jos au fost preluate de Germania nazist\u0103, condus\u0103 de Adolf Hitler. Trupele germane au invadat \u021bara \u00een 1940, iar dup\u0103 o lupt\u0103 scurt\u0103, olandezii s-au predat. Ocupa\u021bia a durat p\u00e2n\u0103 \u00een 1945 \u0219i a fost o perioad\u0103 dificil\u0103 pentru poporul olandez. Ora\u0219ul Rotterdam a fost distrus de bombardamente. Olandezii au \u00eencetat s\u0103 mai lupte, iar regina a fugit \u00een Anglia.<br \/><br \/><strong>Situa\u021bia evreilor<br \/><\/strong>Hitler a dat vina pe evrei pentru problemele Europei. Evreilor le-au fost limitate drepturile, au fost \u00eenchi\u0219i \u0219i trimi\u0219i \u00een lag\u0103re. \u00cen aceste lag\u0103re, mul\u021bi au fost uci\u0219i \u00een camere de gazare sau au murit de boli \u0219i de foame. Unii evrei s-au ascuns \u00een locuri secrete, cunoscu\u021bi sub numele de oameni ascun\u0219i. \u0218ase milioane de evrei au fost uci\u0219i \u00een total.<br \/><br \/><strong>\u00cen sf\u00e2r\u0219it, libertate<br \/><\/strong>R\u0103zboiul a adus greut\u0103\u021bi, cu m\u00e2ncare pu\u021bin\u0103 \u0219i vreme rece. Oricine \u00eei ajuta pe evrei era pedepsit. Hitler a \u00eencercat, de asemenea, s\u0103 cucereasc\u0103 Rusia, dar condi\u021biile de iarn\u0103 aspre au \u00eengreunat munca solda\u021bilor germani. \u021a\u0103ri precum America, Canada, Anglia \u0219i Rusia au luptat \u00eempotriva Germaniei. \u00cen 1945, Germania a fost \u00eenvins\u0103, iar pe 5 mai, \u021a\u0103rile de Jos au fost eliberate.<\/p>\t\t\t\t\t\t\t\t<\/div>\n\t\t\t\t<\/div>\n\t\t\t\t\t<\/div>\n\t\t<\/div>\n\t\t\t\t\t<\/div>\n\t\t<\/section>\n\t\t\t\t<section class=\"elementor-section elementor-top-section elementor-element elementor-element-4d3fa3d elementor-reverse-tablet elementor-reverse-mobile elementor-section-boxed elementor-section-height-default elementor-section-height-default\" data-id=\"4d3fa3d\" data-element_type=\"section\">\n\t\t\t\t\t\t<div class=\"elementor-container elementor-column-gap-default\">\n\t\t\t\t\t<div class=\"elementor-column elementor-col-50 elementor-top-column elementor-element elementor-element-fcf9551\" data-id=\"fcf9551\" data-element_type=\"column\">\n\t\t\t<div class=\"elementor-widget-wrap elementor-element-populated\">\n\t\t\t\t\t\t<div class=\"elementor-element elementor-element-db8dc4d elementor-widget elementor-widget-text-editor\" data-id=\"db8dc4d\" data-element_type=\"widget\" data-widget_type=\"text-editor.default\">\n\t\t\t\t<div class=\"elementor-widget-container\">\n\t\t\t\t\t\t\t\t\t<h3 class=\"mbr-section-title mbr-fonts-style mb-3 display-5\"><strong>Anne Frank<\/strong><\/h3><p class=\"mbr-text mbr-fonts-style display-7\">Anne Frank a fost o fat\u0103 evreic\u0103 care a tr\u0103it \u00een Amsterdam \u00een timpul celui de-al Doilea R\u0103zboi Mondial. Ea \u0219i familia ei s-au ascuns \u00een 1942 pentru a evita s\u0103 fie captura\u021bi de nazi\u0219ti, care adunau evrei \u0219i \u00eei trimiteau \u00een lag\u0103re de concentrare. Anne \u0219i familia ei au locuit \u00eentr-o anex\u0103 secret\u0103 timp de doi ani \u00eenainte de a fi tr\u0103da\u021bi \u0219i captura\u021bi de nazi\u0219ti \u00een 1944. Anne a murit \u00eentr-un lag\u0103r de concentrare din Germania \u00een 1945, la v\u00e2rsta de 15 ani.<br \/><br \/><strong>Celebrul ei jurnal<br \/><\/strong>Jurnalul ei, pe care l-a \u021binut \u00een timp ce se ascundea, a fost publicat ulterior \u0219i a devenit una dintre cele mai citite c\u0103r\u021bi din lume, oferind o relatare personal\u0103 \u0219i emo\u021bionant\u0103 a atrocit\u0103\u021bilor Holocaustului.<\/p>\t\t\t\t\t\t\t\t<\/div>\n\t\t\t\t<\/div>\n\t\t\t\t\t<\/div>\n\t\t<\/div>\n\t\t\t\t<div class=\"elementor-column elementor-col-50 elementor-top-column elementor-element elementor-element-fb8883b\" data-id=\"fb8883b\" data-element_type=\"column\">\n\t\t\t<div class=\"elementor-widget-wrap elementor-element-populated\">\n\t\t\t\t\t\t<div class=\"elementor-element elementor-element-0a1b385 elementor-widget elementor-widget-image\" data-id=\"0a1b385\" data-element_type=\"widget\" data-widget_type=\"image.default\">\n\t\t\t\t<div class=\"elementor-widget-container\">\n\t\t\t\t\t\t\t\t\t\t\t\t\t\t\t<img decoding=\"async\" width=\"701\" height=\"664\" src=\"https:\/\/mijn-lo.nl\/wp-content\/uploads\/2024\/02\/anne-frank-701x664-1.webp\" class=\"attachment-large size-large wp-image-4875\" alt=\"\" srcset=\"https:\/\/mijn-lo.nl\/wp-content\/uploads\/2024\/02\/anne-frank-701x664-1.webp 701w, https:\/\/mijn-lo.nl\/wp-content\/uploads\/2024\/02\/anne-frank-701x664-1-300x284.webp 300w, https:\/\/mijn-lo.nl\/wp-content\/uploads\/2024\/02\/anne-frank-701x664-1-13x12.webp 13w, https:\/\/mijn-lo.nl\/wp-content\/uploads\/2024\/02\/anne-frank-701x664-1-24x24.webp 24w, https:\/\/mijn-lo.nl\/wp-content\/uploads\/2024\/02\/anne-frank-701x664-1-36x34.webp 36w, https:\/\/mijn-lo.nl\/wp-content\/uploads\/2024\/02\/anne-frank-701x664-1-48x45.webp 48w\" sizes=\"(max-width: 701px) 100vw, 701px\" \/>\t\t\t\t\t\t\t\t\t\t\t\t\t\t\t<\/div>\n\t\t\t\t<\/div>\n\t\t\t\t<div class=\"elementor-element elementor-element-488cc37 elementor-widget elementor-widget-text-editor\" data-id=\"488cc37\" data-element_type=\"widget\" data-widget_type=\"text-editor.default\">\n\t\t\t\t<div class=\"elementor-widget-container\">\n\t\t\t\t\t\t\t\t\t<p style=\"text-align: center;\">Anne Frank<\/p>\t\t\t\t\t\t\t\t<\/div>\n\t\t\t\t<\/div>\n\t\t\t\t\t<\/div>\n\t\t<\/div>\n\t\t\t\t\t<\/div>\n\t\t<\/section>\n\t\t\t\t<section class=\"elementor-section elementor-top-section elementor-element elementor-element-eb6bef8 elementor-section-boxed elementor-section-height-default elementor-section-height-default\" data-id=\"eb6bef8\" data-element_type=\"section\">\n\t\t\t\t\t\t<div class=\"elementor-container elementor-column-gap-default\">\n\t\t\t\t\t<div class=\"elementor-column elementor-col-50 elementor-top-column elementor-element elementor-element-f92d88a\" data-id=\"f92d88a\" data-element_type=\"column\">\n\t\t\t<div class=\"elementor-widget-wrap elementor-element-populated\">\n\t\t\t\t\t\t<div class=\"elementor-element elementor-element-44af40a elementor-widget elementor-widget-image\" data-id=\"44af40a\" data-element_type=\"widget\" data-widget_type=\"image.default\">\n\t\t\t\t<div class=\"elementor-widget-container\">\n\t\t\t\t\t\t\t\t\t\t\t\t\t\t\t<img decoding=\"async\" width=\"744\" height=\"830\" src=\"https:\/\/mijn-lo.nl\/wp-content\/uploads\/2024\/02\/wtarsnood5-744x830-1.webp\" class=\"attachment-large size-large wp-image-4876\" alt=\"\" srcset=\"https:\/\/mijn-lo.nl\/wp-content\/uploads\/2024\/02\/wtarsnood5-744x830-1.webp 744w, https:\/\/mijn-lo.nl\/wp-content\/uploads\/2024\/02\/wtarsnood5-744x830-1-269x300.webp 269w, https:\/\/mijn-lo.nl\/wp-content\/uploads\/2024\/02\/wtarsnood5-744x830-1-11x12.webp 11w, https:\/\/mijn-lo.nl\/wp-content\/uploads\/2024\/02\/wtarsnood5-744x830-1-22x24.webp 22w, https:\/\/mijn-lo.nl\/wp-content\/uploads\/2024\/02\/wtarsnood5-744x830-1-32x36.webp 32w, https:\/\/mijn-lo.nl\/wp-content\/uploads\/2024\/02\/wtarsnood5-744x830-1-43x48.webp 43w\" sizes=\"(max-width: 744px) 100vw, 744px\" \/>\t\t\t\t\t\t\t\t\t\t\t\t\t\t\t<\/div>\n\t\t\t\t<\/div>\n\t\t\t\t<div class=\"elementor-element elementor-element-0fb6b56 elementor-widget elementor-widget-text-editor\" data-id=\"0fb6b56\" data-element_type=\"widget\" data-widget_type=\"text-editor.default\">\n\t\t\t\t<div class=\"elementor-widget-container\">\n\t\t\t\t\t\t\t\t\t<p style=\"text-align: center;\">Inunda\u021bii catastrofale \u00een 1953<\/p>\t\t\t\t\t\t\t\t<\/div>\n\t\t\t\t<\/div>\n\t\t\t\t\t<\/div>\n\t\t<\/div>\n\t\t\t\t<div class=\"elementor-column elementor-col-50 elementor-top-column elementor-element elementor-element-7ec25a6\" data-id=\"7ec25a6\" data-element_type=\"column\">\n\t\t\t<div class=\"elementor-widget-wrap elementor-element-populated\">\n\t\t\t\t\t\t<div class=\"elementor-element elementor-element-89f35ff elementor-widget elementor-widget-text-editor\" data-id=\"89f35ff\" data-element_type=\"widget\" data-widget_type=\"text-editor.default\">\n\t\t\t\t<div class=\"elementor-widget-container\">\n\t\t\t\t\t\t\t\t\t<h3 class=\"mbr-section-title mbr-fonts-style mb-3 display-5\"><strong>Dup\u0103 \u00eencheierea r\u0103zboiului<\/strong><\/h3><div><strong>\u00a0<\/strong><\/div><p class=\"mbr-text mbr-fonts-style display-7\">Dup\u0103 sf\u00e2r\u0219itul celui de-al Doilea R\u0103zboi Mondial, \u00een 1945, \u021a\u0103rile de Jos au trecut printr-o perioad\u0103 de reconstruc\u021bie. \u021aara a avut mult de suferit \u00een timpul r\u0103zboiului, cu o mare parte din infrastructur\u0103 distrus\u0103 \u0219i mul\u021bi dintre cet\u0103\u021benii s\u0103i uci\u0219i sau str\u0103muta\u021bi. Cu toate acestea, poporul olandez a fost hot\u0103r\u00e2t s\u0103 reconstruiasc\u0103, iar cu ajutorul ajutorului str\u0103in \u0219i al programelor guvernamentale, \u021bara a reu\u0219it s\u0103 se redreseze.<br \/><br \/>\u00cen perioada postbelic\u0103 au avut loc schimb\u0103ri sociale, economice \u0219i politice semnificative \u00een \u021a\u0103rile de Jos. \u021aara a devenit mai prosper\u0103 \u0219i mai dezvoltat\u0103, cu un accent puternic pe bun\u0103starea social\u0103 \u0219i pe crearea unui stat social modern. \u00cen 1953 a avut loc un dezastru. O mare parte a \u021b\u0103rii, \u00een special provincia Zeeland, a fost inundat\u0103. Mai mult de 1 800 de persoane au murit. Dup\u0103 aceasta, digurile au fost consolidate \u0219i au fost construite noi baraje (proiectul a fost denumit Delta-plan).<br \/><br \/><strong>Aderarea la Organiza\u021bia Na\u021biunilor Unite<br \/><\/strong>De asemenea, olandezii au jucat un rol activ \u00een comunitatea interna\u021bional\u0103, ader\u00e2nd la Organiza\u021bia Na\u021biunilor Unite \u0219i la alte organiza\u021bii interna\u021bionale.<br \/><br \/>\u00cen deceniile care au urmat, \u021a\u0103rile de Jos au devenit cunoscute pentru atitudinea lor liberal\u0103 \u0219i tolerant\u0103 fa\u021b\u0103 de problemele sociale, cum ar fi politica privind drogurile, eutanasia \u0219i c\u0103s\u0103toria \u00eentre persoane de acela\u0219i sex.<br \/><br \/><strong>Aderarea la NATO<br \/><\/strong>\u021a\u0103rile de Jos sunt membre ale NATO. Atunci c\u00e2nd o \u021bar\u0103 ader\u0103 la NATO, aceasta devine membr\u0103 a unui grup numit Organiza\u021bia Tratatului Atlanticului de Nord. NATO este format\u0103 din \u021b\u0103ri din America de Nord \u0219i Europa. Principalul obiectiv al NATO este de a lucra \u00eempreun\u0103 pentru a se ap\u0103ra \u0219i proteja reciproc. Prin urmare, este o organiza\u021bie militar\u0103.<\/p>\t\t\t\t\t\t\t\t<\/div>\n\t\t\t\t<\/div>\n\t\t\t\t\t<\/div>\n\t\t<\/div>\n\t\t\t\t\t<\/div>\n\t\t<\/section>\n\t\t\t\t<section class=\"elementor-section elementor-top-section elementor-element elementor-element-be602bb elementor-reverse-tablet elementor-reverse-mobile elementor-section-boxed elementor-section-height-default elementor-section-height-default\" data-id=\"be602bb\" data-element_type=\"section\">\n\t\t\t\t\t\t<div class=\"elementor-container elementor-column-gap-default\">\n\t\t\t\t\t<div class=\"elementor-column elementor-col-50 elementor-top-column elementor-element elementor-element-e17c5d1\" data-id=\"e17c5d1\" data-element_type=\"column\">\n\t\t\t<div class=\"elementor-widget-wrap elementor-element-populated\">\n\t\t\t\t\t\t<div class=\"elementor-element elementor-element-d3ac2d1 elementor-widget elementor-widget-text-editor\" data-id=\"d3ac2d1\" data-element_type=\"widget\" data-widget_type=\"text-editor.default\">\n\t\t\t\t<div class=\"elementor-widget-container\">\n\t\t\t\t\t\t\t\t\t<h3 class=\"mbr-section-title mbr-fonts-style mb-3 display-5\"><strong>Persoane din alte \u021b\u0103ri<\/strong><\/h3><div>\u00a0<\/div><p class=\"mbr-text mbr-fonts-style display-7\"><strong>1970, noi imigran\u021bi<br \/><\/strong>\u00cen jurul anului 1970, economia a crescut puternic. Olandezii nu doreau s\u0103 fac\u0103 o mul\u021bime de lucr\u0103ri care trebuiau efectuate. Au fost adu\u0219i oameni din Turcia \u0219i Maroc care erau dispu\u0219i s\u0103 fac\u0103 aceast\u0103 munc\u0103. Ace\u0219ti imigran\u021bi sunt numi\u021bi \"lucr\u0103tori invita\u021bi\". Mul\u021bi s-au \u00eentors, dar \u0219i mul\u021bi au r\u0103mas. Acest lucru a dus la schimb\u0103ri importante \u00een compozi\u021bia popula\u021biei, \u00een special \u00een ora\u0219ele mari precum Rotterdam \u0219i Haga. Acest lucru a dus la tensiuni. \u00cen prezent, este dificil s\u0103 intri \u00een \u021a\u0103rile de Jos. Legea privind integrarea civic\u0103 este \u00een vigoare din 2007.<br \/><br \/><strong>Persoane din Uniunea European\u0103<br \/><\/strong>Deoarece cet\u0103\u021benii din Uniunea European\u0103 sunt liberi s\u0103 c\u0103l\u0103toreasc\u0103, multe persoane din Polonia \u0219i Rom\u00e2nia, de exemplu, au intrat \u00een \u021bar\u0103. De exemplu, multe persoane din Polonia lucreaz\u0103 \u00een construc\u021bii.<\/p>\t\t\t\t\t\t\t\t<\/div>\n\t\t\t\t<\/div>\n\t\t\t\t\t<\/div>\n\t\t<\/div>\n\t\t\t\t<div class=\"elementor-column elementor-col-50 elementor-top-column elementor-element elementor-element-165f104\" data-id=\"165f104\" data-element_type=\"column\">\n\t\t\t<div class=\"elementor-widget-wrap elementor-element-populated\">\n\t\t\t\t\t\t<div class=\"elementor-element elementor-element-13281ba elementor-widget elementor-widget-image\" data-id=\"13281ba\" data-element_type=\"widget\" data-widget_type=\"image.default\">\n\t\t\t\t<div class=\"elementor-widget-container\">\n\t\t\t\t\t\t\t\t\t\t\t\t\t\t\t<img loading=\"lazy\" decoding=\"async\" width=\"627\" height=\"658\" src=\"https:\/\/mijn-lo.nl\/wp-content\/uploads\/2024\/02\/polen-bouw-627x658-1.webp\" class=\"attachment-large size-large wp-image-4877\" alt=\"\" srcset=\"https:\/\/mijn-lo.nl\/wp-content\/uploads\/2024\/02\/polen-bouw-627x658-1.webp 627w, https:\/\/mijn-lo.nl\/wp-content\/uploads\/2024\/02\/polen-bouw-627x658-1-286x300.webp 286w, https:\/\/mijn-lo.nl\/wp-content\/uploads\/2024\/02\/polen-bouw-627x658-1-11x12.webp 11w, https:\/\/mijn-lo.nl\/wp-content\/uploads\/2024\/02\/polen-bouw-627x658-1-24x24.webp 24w, https:\/\/mijn-lo.nl\/wp-content\/uploads\/2024\/02\/polen-bouw-627x658-1-34x36.webp 34w, https:\/\/mijn-lo.nl\/wp-content\/uploads\/2024\/02\/polen-bouw-627x658-1-46x48.webp 46w\" sizes=\"(max-width: 627px) 100vw, 627px\" \/>\t\t\t\t\t\t\t\t\t\t\t\t\t\t\t<\/div>\n\t\t\t\t<\/div>\n\t\t\t\t<div class=\"elementor-element elementor-element-e63d61c elementor-widget elementor-widget-text-editor\" data-id=\"e63d61c\" data-element_type=\"widget\" data-widget_type=\"text-editor.default\">\n\t\t\t\t<div class=\"elementor-widget-container\">\n\t\t\t\t\t\t\t\t\t<p style=\"text-align: center;\">Lucr\u0103tori invita\u021bi, mul\u021bi proveni\u021bi din Polonia\u00a0<\/p>\t\t\t\t\t\t\t\t<\/div>\n\t\t\t\t<\/div>\n\t\t\t\t\t<\/div>\n\t\t<\/div>\n\t\t\t\t\t<\/div>\n\t\t<\/section>\n\t\t\t\t<section class=\"elementor-section elementor-top-section elementor-element elementor-element-2edcca1 elementor-section-boxed elementor-section-height-default elementor-section-height-default\" data-id=\"2edcca1\" data-element_type=\"section\">\n\t\t\t\t\t\t<div class=\"elementor-container elementor-column-gap-default\">\n\t\t\t\t\t<div class=\"elementor-column elementor-col-100 elementor-top-column elementor-element elementor-element-75349f87\" data-id=\"75349f87\" data-element_type=\"column\">\n\t\t\t<div class=\"elementor-widget-wrap elementor-element-populated\">\n\t\t\t\t\t\t<div class=\"elementor-element elementor-element-2d2d0e50 elementor-align-center elementor-widget elementor-widget-button\" data-id=\"2d2d0e50\" data-element_type=\"widget\" data-widget_type=\"button.default\">\n\t\t\t\t<div class=\"elementor-widget-container\">\n\t\t\t\t\t\t\t\t\t<div class=\"elementor-button-wrapper\">\n\t\t\t\t\t<a class=\"elementor-button elementor-button-link elementor-size-sm\" href=\"https:\/\/mijn-lo.nl\/ro\/history\/test-11\/\">\n\t\t\t\t\t\t<span class=\"elementor-button-content-wrapper\">\n\t\t\t\t\t\t\t\t\t<span class=\"elementor-button-text\">continua<\/span>\n\t\t\t\t\t<\/span>\n\t\t\t\t\t<\/a>\n\t\t\t\t<\/div>\n\t\t\t\t\t\t\t\t<\/div>\n\t\t\t\t<\/div>\n\t\t\t\t\t<\/div>\n\t\t<\/div>\n\t\t\t\t\t<\/div>\n\t\t<\/section>\n\t\t\t\t<\/div>","protected":false},"excerpt":{"rendered":"<p>War World War II \u00a0 Nazi GermanyDuring World War II, the Netherlands was taken over by Nazi Germany, led by Adolf Hitler. German troops invaded the country in 1940, and after a short fight, the Dutch surrendered. The occupation lasted until 1945, and it was a difficult time for the Dutch people. The city of [&hellip;]<\/p>\n","protected":false},"author":1,"featured_media":0,"parent":3258,"menu_order":3,"comment_status":"closed","ping_status":"closed","template":"elementor_canvas","meta":{"site-sidebar-layout":"no-sidebar","site-content-layout":"page-builder","ast-site-content-layout":"full-width-container","site-content-style":"default","site-sidebar-style":"default","ast-global-header-display":"","ast-banner-title-visibility":"","ast-main-header-display":"","ast-hfb-above-header-display":"","ast-hfb-below-header-display":"","ast-hfb-mobile-header-display":"","site-post-title":"disabled","ast-breadcrumbs-content":"","ast-featured-img":"disabled","footer-sml-layout":"","theme-transparent-header-meta":"","adv-header-id-meta":"","stick-header-meta":"","header-above-stick-meta":"","header-main-stick-meta":"","header-below-stick-meta":"","astra-migrate-meta-layouts":"set","ast-page-background-enabled":"default","ast-page-background-meta":{"desktop":{"background-color":"var(--ast-global-color-4)","background-image":"","background-repeat":"repeat","background-position":"center center","background-size":"auto","background-attachment":"scroll","background-type":"","background-media":"","overlay-type":"","overlay-color":"","overlay-opacity":"","overlay-gradient":""},"tablet":{"background-color":"","background-image":"","background-repeat":"repeat","background-position":"center center","background-size":"auto","background-attachment":"scroll","background-type":"","background-media":"","overlay-type":"","overlay-color":"","overlay-opacity":"","overlay-gradient":""},"mobile":{"background-color":"","background-image":"","background-repeat":"repeat","background-position":"center center","background-size":"auto","background-attachment":"scroll","background-type":"","background-media":"","overlay-type":"","overlay-color":"","overlay-opacity":"","overlay-gradient":""}},"ast-content-background-meta":{"desktop":{"background-color":"var(--ast-global-color-5)","background-image":"","background-repeat":"repeat","background-position":"center center","background-size":"auto","background-attachment":"scroll","background-type":"","background-media":"","overlay-type":"","overlay-color":"","overlay-opacity":"","overlay-gradient":""},"tablet":{"background-color":"var(--ast-global-color-5)","background-image":"","background-repeat":"repeat","background-position":"center center","background-size":"auto","background-attachment":"scroll","background-type":"","background-media":"","overlay-type":"","overlay-color":"","overlay-opacity":"","overlay-gradient":""},"mobile":{"background-color":"var(--ast-global-color-5)","background-image":"","background-repeat":"repeat","background-position":"center center","background-size":"auto","background-attachment":"scroll","background-type":"","background-media":"","overlay-type":"","overlay-color":"","overlay-opacity":"","overlay-gradient":""}},"footnotes":""},"class_list":["post-4922","page","type-page","status-publish","hentry"],"_links":{"self":[{"href":"https:\/\/mijn-lo.nl\/ro\/wp-json\/wp\/v2\/pages\/4922","targetHints":{"allow":["GET"]}}],"collection":[{"href":"https:\/\/mijn-lo.nl\/ro\/wp-json\/wp\/v2\/pages"}],"about":[{"href":"https:\/\/mijn-lo.nl\/ro\/wp-json\/wp\/v2\/types\/page"}],"author":[{"embeddable":true,"href":"https:\/\/mijn-lo.nl\/ro\/wp-json\/wp\/v2\/users\/1"}],"replies":[{"embeddable":true,"href":"https:\/\/mijn-lo.nl\/ro\/wp-json\/wp\/v2\/comments?post=4922"}],"version-history":[{"count":16,"href":"https:\/\/mijn-lo.nl\/ro\/wp-json\/wp\/v2\/pages\/4922\/revisions"}],"predecessor-version":[{"id":6358,"href":"https:\/\/mijn-lo.nl\/ro\/wp-json\/wp\/v2\/pages\/4922\/revisions\/6358"}],"up":[{"embeddable":true,"href":"https:\/\/mijn-lo.nl\/ro\/wp-json\/wp\/v2\/pages\/3258"}],"wp:attachment":[{"href":"https:\/\/mijn-lo.nl\/ro\/wp-json\/wp\/v2\/media?parent=4922"}],"curies":[{"name":"wp","href":"https:\/\/api.w.org\/{rel}","templated":true}]}}