{"id":5355,"date":"2024-02-13T14:25:47","date_gmt":"2024-02-13T14:25:47","guid":{"rendered":"http:\/\/mijn-lo.nl\/?page_id=5355"},"modified":"2025-08-19T17:37:38","modified_gmt":"2025-08-19T17:37:38","slug":"to-get-a-job","status":"publish","type":"page","link":"https:\/\/mijn-lo.nl\/ro\/work\/to-get-a-job\/","title":{"rendered":"Pentru a ob\u021bine un loc de munc\u0103"},"content":{"rendered":"<div data-elementor-type=\"wp-page\" data-elementor-id=\"5355\" class=\"elementor elementor-5355\" data-elementor-post-type=\"page\">\n\t\t\t\t\t\t<section class=\"elementor-section elementor-top-section elementor-element elementor-element-6d1bc34 elementor-reverse-tablet elementor-reverse-mobile elementor-section-boxed elementor-section-height-default elementor-section-height-default\" data-id=\"6d1bc34\" data-element_type=\"section\">\n\t\t\t\t\t\t<div class=\"elementor-container elementor-column-gap-default\">\n\t\t\t\t\t<div class=\"elementor-column elementor-col-50 elementor-top-column elementor-element elementor-element-3623a85\" data-id=\"3623a85\" data-element_type=\"column\">\n\t\t\t<div class=\"elementor-widget-wrap elementor-element-populated\">\n\t\t\t\t\t\t<div class=\"elementor-element elementor-element-ccfa1df elementor-widget elementor-widget-text-editor\" data-id=\"ccfa1df\" data-element_type=\"widget\" data-widget_type=\"text-editor.default\">\n\t\t\t\t<div class=\"elementor-widget-container\">\n\t\t\t\t\t\t\t\t\t<h3 class=\"mbr-section-title mbr-fonts-style mb-3 display-5\"><strong>Expresii pentru a indica tipuri de munc\u0103:<\/strong><\/h3><p class=\"mbr-text mbr-fonts-style display-7\">Multe persoane cu v\u00e2rste cuprinse \u00eentre 15 \u0219i 67,5 ani sunt angajate. La v\u00e2rsta de aproximativ 67,5 ani te po\u021bi pensiona.<br \/>\u2022 Munca voluntar\u0103: munc\u0103 f\u0103r\u0103 salariu, dar bun\u0103 pentru experien\u021b\u0103. De exemplu, ajutarea refugia\u021bilor.<br \/>\u2022 Munca temporara: munca pe perioada scurta cu salariu.<br \/>\u2022 Munc\u0103 permanent\u0103: un loc de munc\u0103 permanent cu un salariu pe o perioad\u0103 mai lung\u0103.<br \/>\u2022 Munc\u0103 flexibil\u0103: munc\u0103 temporar\u0103 care nu devine niciodat\u0103 un loc de munc\u0103 permanent (printr-o agen\u021bie de ocupare a for\u021bei de munc\u0103).<br \/>\u2022 Firma proprie: nu lucrezi pentru un sef, ci esti un antreprenor independent (de exemplu intr-un magazin).<br \/>\u2022 Munca neagr\u0103: lucrul f\u0103r\u0103 plata taxelor, ceea ce este interzis.<br \/>\u2022 Part-time: lucreaz\u0103 mai pu\u021bin de o s\u0103pt\u0103m\u00e2n\u0103 complet\u0103 de lucru, de exemplu 2 sau 3 zile.<br \/>\u2022 Full-time: lucreaz\u0103 o s\u0103pt\u0103m\u00e2n\u0103 de lucru \u00eentreag\u0103.<br \/>\u2022 Program obi\u0219nuit de lucru: lucreaz\u0103 la aceea\u0219i or\u0103 \u00een fiecare zi.<br \/>\u2022 Program de lucru neregulat: se lucreaz\u0103 la ore diferite, uneori noaptea, diminea\u021ba sau seara.<br \/>\u2022 Angajatorul: seful care plateste salariul.<br \/>\u2022 Salariat: persoana care lucreaz\u0103 pentru angajator \u0219i prime\u0219te un salariu.<\/p>\t\t\t\t\t\t\t\t<\/div>\n\t\t\t\t<\/div>\n\t\t\t\t\t<\/div>\n\t\t<\/div>\n\t\t\t\t<div class=\"elementor-column elementor-col-50 elementor-top-column elementor-element elementor-element-192f551\" data-id=\"192f551\" data-element_type=\"column\">\n\t\t\t<div class=\"elementor-widget-wrap elementor-element-populated\">\n\t\t\t\t\t\t<div class=\"elementor-element elementor-element-03f252e elementor-widget elementor-widget-image\" data-id=\"03f252e\" data-element_type=\"widget\" data-widget_type=\"image.default\">\n\t\t\t\t<div class=\"elementor-widget-container\">\n\t\t\t\t\t\t\t\t\t\t\t\t\t\t\t<img fetchpriority=\"high\" decoding=\"async\" width=\"704\" height=\"750\" src=\"https:\/\/mijn-lo.nl\/wp-content\/uploads\/2024\/02\/jobs1-704x750-1.webp\" class=\"attachment-large size-large wp-image-4575\" alt=\"\" srcset=\"https:\/\/mijn-lo.nl\/wp-content\/uploads\/2024\/02\/jobs1-704x750-1.webp 704w, https:\/\/mijn-lo.nl\/wp-content\/uploads\/2024\/02\/jobs1-704x750-1-282x300.webp 282w, https:\/\/mijn-lo.nl\/wp-content\/uploads\/2024\/02\/jobs1-704x750-1-11x12.webp 11w, https:\/\/mijn-lo.nl\/wp-content\/uploads\/2024\/02\/jobs1-704x750-1-34x36.webp 34w, https:\/\/mijn-lo.nl\/wp-content\/uploads\/2024\/02\/jobs1-704x750-1-45x48.webp 45w\" sizes=\"(max-width: 704px) 100vw, 704px\" \/>\t\t\t\t\t\t\t\t\t\t\t\t\t\t\t<\/div>\n\t\t\t\t<\/div>\n\t\t\t\t\t<\/div>\n\t\t<\/div>\n\t\t\t\t\t<\/div>\n\t\t<\/section>\n\t\t\t\t<section class=\"elementor-section elementor-top-section elementor-element elementor-element-e9a6043 elementor-section-boxed elementor-section-height-default elementor-section-height-default\" data-id=\"e9a6043\" data-element_type=\"section\">\n\t\t\t\t\t\t<div class=\"elementor-container elementor-column-gap-default\">\n\t\t\t\t\t<div class=\"elementor-column elementor-col-50 elementor-top-column elementor-element elementor-element-8e5e8dd\" data-id=\"8e5e8dd\" data-element_type=\"column\">\n\t\t\t<div class=\"elementor-widget-wrap elementor-element-populated\">\n\t\t\t\t\t\t<div class=\"elementor-element elementor-element-9aedc1b elementor-widget elementor-widget-image\" data-id=\"9aedc1b\" data-element_type=\"widget\" data-widget_type=\"image.default\">\n\t\t\t\t<div class=\"elementor-widget-container\">\n\t\t\t\t\t\t\t\t\t\t\t\t\t\t\t<img decoding=\"async\" width=\"752\" height=\"655\" src=\"https:\/\/mijn-lo.nl\/wp-content\/uploads\/2024\/02\/jobsearch-752x655-1.webp\" class=\"attachment-large size-large wp-image-4583\" alt=\"\" srcset=\"https:\/\/mijn-lo.nl\/wp-content\/uploads\/2024\/02\/jobsearch-752x655-1.webp 752w, https:\/\/mijn-lo.nl\/wp-content\/uploads\/2024\/02\/jobsearch-752x655-1-300x261.webp 300w, https:\/\/mijn-lo.nl\/wp-content\/uploads\/2024\/02\/jobsearch-752x655-1-14x12.webp 14w, https:\/\/mijn-lo.nl\/wp-content\/uploads\/2024\/02\/jobsearch-752x655-1-24x21.webp 24w, https:\/\/mijn-lo.nl\/wp-content\/uploads\/2024\/02\/jobsearch-752x655-1-36x31.webp 36w, https:\/\/mijn-lo.nl\/wp-content\/uploads\/2024\/02\/jobsearch-752x655-1-48x42.webp 48w\" sizes=\"(max-width: 752px) 100vw, 752px\" \/>\t\t\t\t\t\t\t\t\t\t\t\t\t\t\t<\/div>\n\t\t\t\t<\/div>\n\t\t\t\t\t<\/div>\n\t\t<\/div>\n\t\t\t\t<div class=\"elementor-column elementor-col-50 elementor-top-column elementor-element elementor-element-ad83f1b\" data-id=\"ad83f1b\" data-element_type=\"column\">\n\t\t\t<div class=\"elementor-widget-wrap elementor-element-populated\">\n\t\t\t\t\t\t<div class=\"elementor-element elementor-element-ce21131 elementor-widget elementor-widget-text-editor\" data-id=\"ce21131\" data-element_type=\"widget\" data-widget_type=\"text-editor.default\">\n\t\t\t\t<div class=\"elementor-widget-container\">\n\t\t\t\t\t\t\t\t\t<h3 class=\"mbr-section-title mbr-fonts-style mb-3 display-5\"><strong>Pentru a ob\u021bine un loc de munc\u0103<\/strong><\/h3><p>A aplica \u00eenseamn\u0103 a \u00eencerca s\u0103 ob\u021bii un loc de munc\u0103. Nu po\u021bi aplica pentru toate locurile de munc\u0103. Trebuie s\u0103 te ui\u021bi la ce munc\u0103 \u00ee\u021bi place, ce diplome ai, c\u00e2te ore vrei s\u0103 lucrezi \u0219i c\u00e2t vrei s\u0103 c\u00e2\u0219tigi.<br \/><br \/>Mul\u021bi oameni lucreaz\u0103 \u00een sectorul serviciilor (= faci ceva pentru al\u021bi oameni).<br \/>\u2022 \u00cengrijire \u0219i bun\u0103stare: \u00eengrijirea copiilor, azilul de b\u0103tr\u00e2ni, \u00eengrijirea persoanelor cu dizabilit\u0103\u021bi, medic.<br \/>- Tehnic\u0103: mecanic auto. Desigur, ave\u021bi nevoie de certificate speciale pentru a v\u0103 demonstra competen\u021bele<br \/>\u2022 Construc\u0163ii: zugrav, dulgher, tencuitor.<br \/>\u2022 Catering: restaurant, cafenea.<br \/>\u2022 Comer\u021b \u0219i transport: magazin, snack bar, \u0219ofer autobuz, taximetrist.<br \/>\u2022 Administrativ \u0219i de securitate: paznic, secretar.<br \/>- Sectorul verde: gr\u0103dinar, fermier. \u00cen aceast\u0103 ramur\u0103 g\u0103sim mul\u021bi lucr\u0103tori din UE, cum ar fi lucr\u0103torii din Polonia \u0219i Rom\u00e2nia.<\/p>\t\t\t\t\t\t\t\t<\/div>\n\t\t\t\t<\/div>\n\t\t\t\t\t<\/div>\n\t\t<\/div>\n\t\t\t\t\t<\/div>\n\t\t<\/section>\n\t\t\t\t<section class=\"elementor-section elementor-top-section elementor-element elementor-element-f3da63f elementor-reverse-tablet elementor-reverse-mobile elementor-section-boxed elementor-section-height-default elementor-section-height-default\" data-id=\"f3da63f\" data-element_type=\"section\">\n\t\t\t\t\t\t<div class=\"elementor-container elementor-column-gap-default\">\n\t\t\t\t\t<div class=\"elementor-column elementor-col-50 elementor-top-column elementor-element elementor-element-02860a7\" data-id=\"02860a7\" data-element_type=\"column\">\n\t\t\t<div class=\"elementor-widget-wrap elementor-element-populated\">\n\t\t\t\t\t\t<div class=\"elementor-element elementor-element-c1d4860 elementor-widget elementor-widget-text-editor\" data-id=\"c1d4860\" data-element_type=\"widget\" data-widget_type=\"text-editor.default\">\n\t\t\t\t<div class=\"elementor-widget-container\">\n\t\t\t\t\t\t\t\t\t<h3 class=\"mbr-section-title mbr-fonts-style mb-3 display-5\"><strong>UWV<\/strong><\/h3><p class=\"mbr-text mbr-fonts-style display-7\">Dac\u0103 e\u0219ti \u00een c\u0103utarea unui loc de munc\u0103, e\u0219ti \u00een c\u0103utarea unui loc de munc\u0103. \u0218omer \u00eenseamn\u0103 c\u0103 nu ai loc de munc\u0103. \u00cen \u021a\u0103rile de Jos, dac\u0103 sunte\u021bi \u0219omer, trebuie s\u0103 v\u0103 \u00eenregistra\u021bi la UWV \u00een c\u00e2teva zile. UWV ofer\u0103 un beneficiu (bani dac\u0103 nu ave\u021bi de lucru). Prime\u0219ti \u0219i un antrenor de munc\u0103 (cineva care te ajut\u0103 s\u0103-\u021bi cau\u021bi de lucru). Un antrenor de lucru prin UWV v\u0103 poate indica c\u0103 trebuie s\u0103 merge\u021bi la o companie de reintegrare (care ofer\u0103 cursuri \u0219i unde pute\u021bi face un stagiu pentru experien\u021b\u0103).<br \/><br \/><strong>Un beneficiu = sprijin suplimentar cu bani<br \/><\/strong>Aplica\u021bi pentru un beneficiu la UWV. Ve\u021bi primi indemniza\u021bie de \u0219omaj dac\u0103 sunte\u021bi \u0219omer \u0219i a\u021bi lucrat mai mult de \u0219ase luni. Uneori oamenii sunt incapabili de munc\u0103 (nu pot lucra din cauza problemelor de s\u0103n\u0103tate). Aceste persoane primesc un beneficiu WIA.<br \/>Presta\u021biile de asisten\u021b\u0103 social\u0103 sunt pentru persoanele care nu pot solicita presta\u021bii \u0219i nu au suficien\u021bi bani pentru a tr\u0103i. Ace\u0219tia nu sunt mul\u021bi bani \u0219i poate fi dificil s\u0103-\u021bi \u00eendepline\u0219ti \u0219ansele.\u00a0<\/p>\t\t\t\t\t\t\t\t<\/div>\n\t\t\t\t<\/div>\n\t\t\t\t\t<\/div>\n\t\t<\/div>\n\t\t\t\t<div class=\"elementor-column elementor-col-50 elementor-top-column elementor-element elementor-element-fc1ff83\" data-id=\"fc1ff83\" data-element_type=\"column\">\n\t\t\t<div class=\"elementor-widget-wrap elementor-element-populated\">\n\t\t\t\t\t\t<div class=\"elementor-element elementor-element-c64e3d9 elementor-widget elementor-widget-image\" data-id=\"c64e3d9\" data-element_type=\"widget\" data-widget_type=\"image.default\">\n\t\t\t\t<div class=\"elementor-widget-container\">\n\t\t\t\t\t\t\t\t\t\t\t\t\t\t\t<img decoding=\"async\" width=\"661\" height=\"654\" src=\"https:\/\/mijn-lo.nl\/wp-content\/uploads\/2024\/02\/uwv2-661x654-1.webp\" class=\"attachment-large size-large wp-image-4585\" alt=\"\" srcset=\"https:\/\/mijn-lo.nl\/wp-content\/uploads\/2024\/02\/uwv2-661x654-1.webp 661w, https:\/\/mijn-lo.nl\/wp-content\/uploads\/2024\/02\/uwv2-661x654-1-300x297.webp 300w, https:\/\/mijn-lo.nl\/wp-content\/uploads\/2024\/02\/uwv2-661x654-1-12x12.webp 12w, https:\/\/mijn-lo.nl\/wp-content\/uploads\/2024\/02\/uwv2-661x654-1-24x24.webp 24w, https:\/\/mijn-lo.nl\/wp-content\/uploads\/2024\/02\/uwv2-661x654-1-36x36.webp 36w, https:\/\/mijn-lo.nl\/wp-content\/uploads\/2024\/02\/uwv2-661x654-1-48x48.webp 48w\" sizes=\"(max-width: 661px) 100vw, 661px\" \/>\t\t\t\t\t\t\t\t\t\t\t\t\t\t\t<\/div>\n\t\t\t\t<\/div>\n\t\t\t\t\t<\/div>\n\t\t<\/div>\n\t\t\t\t\t<\/div>\n\t\t<\/section>\n\t\t\t\t<section class=\"elementor-section elementor-top-section elementor-element elementor-element-21c66c4 elementor-section-boxed elementor-section-height-default elementor-section-height-default\" data-id=\"21c66c4\" data-element_type=\"section\">\n\t\t\t\t\t\t<div class=\"elementor-container elementor-column-gap-default\">\n\t\t\t\t\t<div class=\"elementor-column elementor-col-50 elementor-top-column elementor-element elementor-element-60e1a44\" data-id=\"60e1a44\" data-element_type=\"column\">\n\t\t\t<div class=\"elementor-widget-wrap elementor-element-populated\">\n\t\t\t\t\t\t<div class=\"elementor-element elementor-element-f6c5e96 elementor-widget elementor-widget-image\" data-id=\"f6c5e96\" data-element_type=\"widget\" data-widget_type=\"image.default\">\n\t\t\t\t<div class=\"elementor-widget-container\">\n\t\t\t\t\t\t\t\t\t\t\t\t\t\t\t<img loading=\"lazy\" decoding=\"async\" width=\"750\" height=\"518\" src=\"https:\/\/mijn-lo.nl\/wp-content\/uploads\/2024\/02\/uitzendbureau-750x518-1.webp\" class=\"attachment-large size-large wp-image-4586\" alt=\"\" srcset=\"https:\/\/mijn-lo.nl\/wp-content\/uploads\/2024\/02\/uitzendbureau-750x518-1.webp 750w, https:\/\/mijn-lo.nl\/wp-content\/uploads\/2024\/02\/uitzendbureau-750x518-1-300x207.webp 300w, https:\/\/mijn-lo.nl\/wp-content\/uploads\/2024\/02\/uitzendbureau-750x518-1-18x12.webp 18w, https:\/\/mijn-lo.nl\/wp-content\/uploads\/2024\/02\/uitzendbureau-750x518-1-24x17.webp 24w, https:\/\/mijn-lo.nl\/wp-content\/uploads\/2024\/02\/uitzendbureau-750x518-1-36x25.webp 36w, https:\/\/mijn-lo.nl\/wp-content\/uploads\/2024\/02\/uitzendbureau-750x518-1-48x33.webp 48w\" sizes=\"(max-width: 750px) 100vw, 750px\" \/>\t\t\t\t\t\t\t\t\t\t\t\t\t\t\t<\/div>\n\t\t\t\t<\/div>\n\t\t\t\t<div class=\"elementor-element elementor-element-04aff24 elementor-widget elementor-widget-text-editor\" data-id=\"04aff24\" data-element_type=\"widget\" data-widget_type=\"text-editor.default\">\n\t\t\t\t<div class=\"elementor-widget-container\">\n\t\t\t\t\t\t\t\t\t<p style=\"text-align: center;\">Agen\u021bie de ocuparea for\u021bei de munc\u0103<\/p>\t\t\t\t\t\t\t\t<\/div>\n\t\t\t\t<\/div>\n\t\t\t\t\t<\/div>\n\t\t<\/div>\n\t\t\t\t<div class=\"elementor-column elementor-col-50 elementor-top-column elementor-element elementor-element-e531f2e\" data-id=\"e531f2e\" data-element_type=\"column\">\n\t\t\t<div class=\"elementor-widget-wrap elementor-element-populated\">\n\t\t\t\t\t\t<div class=\"elementor-element elementor-element-cb7b0bb elementor-widget elementor-widget-text-editor\" data-id=\"cb7b0bb\" data-element_type=\"widget\" data-widget_type=\"text-editor.default\">\n\t\t\t\t<div class=\"elementor-widget-container\">\n\t\t\t\t\t\t\t\t\t<h3 class=\"mbr-section-title mbr-fonts-style mb-3 display-5\"><strong>Agentii de angajare<\/strong><\/h3><p class=\"mbr-text mbr-fonts-style display-7\">O agen\u021bie de ocupare a for\u021bei de munc\u0103 v\u0103 va c\u0103uta de lucru, adesea munc\u0103 temporar\u0103, salariu prin intermediul agen\u021biei de ocupare a for\u021bei de munc\u0103. Un post vacant sau anun\u021b precizeaz\u0103 postul, sarcinile, cerin\u021bele postului (diplome, experien\u021b\u0103, nivel), programul de lucru, c\u00e2te ore, ce zile, numele companiei cu adresa \u0219i num\u0103rul de telefon \u0219i data la care trebuie s\u0103 aplici . Uneori este men\u021bionat \u0219i salariul.<br \/><br \/>\u00cenainte de a aplica, pute\u021bi cere companiei informa\u021bii pentru a v\u0103 asigura c\u0103 v\u0103 place cu adev\u0103rat postul. Un CV este un document care con\u021bine informa\u021bii despre tine (nume, adres\u0103, diplome, experien\u021b\u0103 de lucru). Scrie\u021bi o scrisoare de inten\u021bie pentru a ne spune de ce dori\u021bi postul (inclusiv CV-ul).<\/p>\t\t\t\t\t\t\t\t<\/div>\n\t\t\t\t<\/div>\n\t\t\t\t\t<\/div>\n\t\t<\/div>\n\t\t\t\t\t<\/div>\n\t\t<\/section>\n\t\t\t\t<section class=\"elementor-section elementor-top-section elementor-element elementor-element-311e16a elementor-reverse-tablet elementor-reverse-mobile elementor-section-boxed elementor-section-height-default elementor-section-height-default\" data-id=\"311e16a\" data-element_type=\"section\">\n\t\t\t\t\t\t<div class=\"elementor-container elementor-column-gap-default\">\n\t\t\t\t\t<div class=\"elementor-column elementor-col-50 elementor-top-column elementor-element elementor-element-092da81\" data-id=\"092da81\" data-element_type=\"column\">\n\t\t\t<div class=\"elementor-widget-wrap elementor-element-populated\">\n\t\t\t\t\t\t<div class=\"elementor-element elementor-element-7789889 elementor-widget elementor-widget-text-editor\" data-id=\"7789889\" data-element_type=\"widget\" data-widget_type=\"text-editor.default\">\n\t\t\t\t<div class=\"elementor-widget-container\">\n\t\t\t\t\t\t\t\t\t<h3 class=\"mbr-section-title mbr-fonts-style mb-3 display-5\"><strong>Interviu de angajare<\/strong><\/h3><p class=\"mbr-text mbr-fonts-style display-7\"><br \/>Un interviu de angajare este o conversa\u021bie pentru a vedea dac\u0103 ob\u021bii jobul. Conversa\u021bia este important\u0103!<br \/>Trebuie sa te pregatesti bine (ce vrei sa intrebi?).<br \/>\u2022 D\u0103 m\u00e2na c\u00e2nd intri, prezint\u0103-te (\u201eSunt Malek\u201d).<br \/>\u2022 V\u0103 rug\u0103m s\u0103 purta\u021bi haine inteligente (f\u0103r\u0103 \u0219apc\u0103).<br \/>\u2022 S\u0103 fii la timp!<br \/>\u2022 Urm\u0103ri\u021bi-v\u0103 limbajul corpului (privi\u021bi-v\u0103 oamenii \u00een ochi, a\u0219eza\u021bi-v\u0103 drept).<br \/><br \/>Pa\u0219i pentru a ob\u021bine un loc de munc\u0103:<br \/>1. Cau\u021bi posturi vacante.<br \/>2. Cauti informatii despre o firma din postul vacant.<br \/>3. Trimite\u021bi CV-ul \u0219i scrisoarea de inten\u021bie.<br \/>4. Te duci la interviul de angajare.<br \/>5. Vei auzi dac\u0103 vei primi postul.<br \/>6. Tu semnezi contractul.<br \/>7. \u00cencepi cu treaba!<\/p>\t\t\t\t\t\t\t\t<\/div>\n\t\t\t\t<\/div>\n\t\t\t\t\t<\/div>\n\t\t<\/div>\n\t\t\t\t<div class=\"elementor-column elementor-col-50 elementor-top-column elementor-element elementor-element-b6b32b9\" data-id=\"b6b32b9\" data-element_type=\"column\">\n\t\t\t<div class=\"elementor-widget-wrap elementor-element-populated\">\n\t\t\t\t\t\t<div class=\"elementor-element elementor-element-600b574 elementor-widget elementor-widget-image\" data-id=\"600b574\" data-element_type=\"widget\" data-widget_type=\"image.default\">\n\t\t\t\t<div class=\"elementor-widget-container\">\n\t\t\t\t\t\t\t\t\t\t\t\t\t\t\t<img loading=\"lazy\" decoding=\"async\" width=\"667\" height=\"874\" src=\"https:\/\/mijn-lo.nl\/wp-content\/uploads\/2024\/02\/application-1-667x874-1.webp\" class=\"attachment-large size-large wp-image-4587\" alt=\"\" srcset=\"https:\/\/mijn-lo.nl\/wp-content\/uploads\/2024\/02\/application-1-667x874-1.webp 667w, https:\/\/mijn-lo.nl\/wp-content\/uploads\/2024\/02\/application-1-667x874-1-229x300.webp 229w, https:\/\/mijn-lo.nl\/wp-content\/uploads\/2024\/02\/application-1-667x874-1-9x12.webp 9w, https:\/\/mijn-lo.nl\/wp-content\/uploads\/2024\/02\/application-1-667x874-1-18x24.webp 18w, https:\/\/mijn-lo.nl\/wp-content\/uploads\/2024\/02\/application-1-667x874-1-27x36.webp 27w, https:\/\/mijn-lo.nl\/wp-content\/uploads\/2024\/02\/application-1-667x874-1-37x48.webp 37w\" sizes=\"(max-width: 667px) 100vw, 667px\" \/>\t\t\t\t\t\t\t\t\t\t\t\t\t\t\t<\/div>\n\t\t\t\t<\/div>\n\t\t\t\t<div class=\"elementor-element elementor-element-cafad67 elementor-widget elementor-widget-text-editor\" data-id=\"cafad67\" data-element_type=\"widget\" data-widget_type=\"text-editor.default\">\n\t\t\t\t<div class=\"elementor-widget-container\">\n\t\t\t\t\t\t\t\t\t<p style=\"text-align: center;\">Interviu de angajare<\/p>\t\t\t\t\t\t\t\t<\/div>\n\t\t\t\t<\/div>\n\t\t\t\t\t<\/div>\n\t\t<\/div>\n\t\t\t\t\t<\/div>\n\t\t<\/section>\n\t\t\t\t<section class=\"elementor-section elementor-top-section elementor-element elementor-element-2edcca1 elementor-section-boxed elementor-section-height-default elementor-section-height-default\" data-id=\"2edcca1\" data-element_type=\"section\">\n\t\t\t\t\t\t<div class=\"elementor-container elementor-column-gap-default\">\n\t\t\t\t\t<div class=\"elementor-column elementor-col-100 elementor-top-column elementor-element elementor-element-75349f87\" data-id=\"75349f87\" data-element_type=\"column\">\n\t\t\t<div class=\"elementor-widget-wrap elementor-element-populated\">\n\t\t\t\t\t\t<div class=\"elementor-element elementor-element-2d2d0e50 elementor-align-center elementor-widget elementor-widget-button\" data-id=\"2d2d0e50\" data-element_type=\"widget\" data-widget_type=\"button.default\">\n\t\t\t\t<div class=\"elementor-widget-container\">\n\t\t\t\t\t\t\t\t\t<div class=\"elementor-button-wrapper\">\n\t\t\t\t\t<a class=\"elementor-button elementor-button-link elementor-size-sm\" href=\"https:\/\/mijn-lo.nl\/ro\/work\/contract-and-cao\/\">\n\t\t\t\t\t\t<span class=\"elementor-button-content-wrapper\">\n\t\t\t\t\t\t\t\t\t<span class=\"elementor-button-text\">continua<\/span>\n\t\t\t\t\t<\/span>\n\t\t\t\t\t<\/a>\n\t\t\t\t<\/div>\n\t\t\t\t\t\t\t\t<\/div>\n\t\t\t\t<\/div>\n\t\t\t\t\t<\/div>\n\t\t<\/div>\n\t\t\t\t\t<\/div>\n\t\t<\/section>\n\t\t\t\t<\/div>","protected":false},"excerpt":{"rendered":"<p>Expressions to indicate types of work: Many people between the ages of 15 and 67,5 are employed. At the age of about 67,5 you can retire.\u2022 Volunteer work: work without salary, but good for experience. For instance helping refugees.\u2022 Temporary work: work for a short period with a salary.\u2022 Permanent work: a permanent job with [&hellip;]<\/p>\n","protected":false},"author":1,"featured_media":0,"parent":3364,"menu_order":3,"comment_status":"closed","ping_status":"closed","template":"elementor_canvas","meta":{"site-sidebar-layout":"no-sidebar","site-content-layout":"page-builder","ast-site-content-layout":"full-width-container","site-content-style":"default","site-sidebar-style":"default","ast-global-header-display":"","ast-banner-title-visibility":"","ast-main-header-display":"","ast-hfb-above-header-display":"","ast-hfb-below-header-display":"","ast-hfb-mobile-header-display":"","site-post-title":"disabled","ast-breadcrumbs-content":"","ast-featured-img":"disabled","footer-sml-layout":"","theme-transparent-header-meta":"","adv-header-id-meta":"","stick-header-meta":"","header-above-stick-meta":"","header-main-stick-meta":"","header-below-stick-meta":"","astra-migrate-meta-layouts":"set","ast-page-background-enabled":"default","ast-page-background-meta":{"desktop":{"background-color":"var(--ast-global-color-4)","background-image":"","background-repeat":"repeat","background-position":"center center","background-size":"auto","background-attachment":"scroll","background-type":"","background-media":"","overlay-type":"","overlay-color":"","overlay-opacity":"","overlay-gradient":""},"tablet":{"background-color":"","background-image":"","background-repeat":"repeat","background-position":"center center","background-size":"auto","background-attachment":"scroll","background-type":"","background-media":"","overlay-type":"","overlay-color":"","overlay-opacity":"","overlay-gradient":""},"mobile":{"background-color":"","background-image":"","background-repeat":"repeat","background-position":"center center","background-size":"auto","background-attachment":"scroll","background-type":"","background-media":"","overlay-type":"","overlay-color":"","overlay-opacity":"","overlay-gradient":""}},"ast-content-background-meta":{"desktop":{"background-color":"var(--ast-global-color-5)","background-image":"","background-repeat":"repeat","background-position":"center center","background-size":"auto","background-attachment":"scroll","background-type":"","background-media":"","overlay-type":"","overlay-color":"","overlay-opacity":"","overlay-gradient":""},"tablet":{"background-color":"var(--ast-global-color-5)","background-image":"","background-repeat":"repeat","background-position":"center center","background-size":"auto","background-attachment":"scroll","background-type":"","background-media":"","overlay-type":"","overlay-color":"","overlay-opacity":"","overlay-gradient":""},"mobile":{"background-color":"var(--ast-global-color-5)","background-image":"","background-repeat":"repeat","background-position":"center center","background-size":"auto","background-attachment":"scroll","background-type":"","background-media":"","overlay-type":"","overlay-color":"","overlay-opacity":"","overlay-gradient":""}},"footnotes":""},"class_list":["post-5355","page","type-page","status-publish","hentry"],"_links":{"self":[{"href":"https:\/\/mijn-lo.nl\/ro\/wp-json\/wp\/v2\/pages\/5355","targetHints":{"allow":["GET"]}}],"collection":[{"href":"https:\/\/mijn-lo.nl\/ro\/wp-json\/wp\/v2\/pages"}],"about":[{"href":"https:\/\/mijn-lo.nl\/ro\/wp-json\/wp\/v2\/types\/page"}],"author":[{"embeddable":true,"href":"https:\/\/mijn-lo.nl\/ro\/wp-json\/wp\/v2\/users\/1"}],"replies":[{"embeddable":true,"href":"https:\/\/mijn-lo.nl\/ro\/wp-json\/wp\/v2\/comments?post=5355"}],"version-history":[{"count":13,"href":"https:\/\/mijn-lo.nl\/ro\/wp-json\/wp\/v2\/pages\/5355\/revisions"}],"predecessor-version":[{"id":6310,"href":"https:\/\/mijn-lo.nl\/ro\/wp-json\/wp\/v2\/pages\/5355\/revisions\/6310"}],"up":[{"embeddable":true,"href":"https:\/\/mijn-lo.nl\/ro\/wp-json\/wp\/v2\/pages\/3364"}],"wp:attachment":[{"href":"https:\/\/mijn-lo.nl\/ro\/wp-json\/wp\/v2\/media?parent=5355"}],"curies":[{"name":"wp","href":"https:\/\/api.w.org\/{rel}","templated":true}]}}