{"id":5391,"date":"2024-02-13T14:42:51","date_gmt":"2024-02-13T14:42:51","guid":{"rendered":"http:\/\/mijn-lo.nl\/?page_id=5391"},"modified":"2025-08-19T17:38:23","modified_gmt":"2025-08-19T17:38:23","slug":"certificates-and-skills","status":"publish","type":"page","link":"https:\/\/mijn-lo.nl\/ro\/work\/certificates-and-skills\/","title":{"rendered":"Certificate \u0219i abilit\u0103\u021bi"},"content":{"rendered":"<div data-elementor-type=\"wp-page\" data-elementor-id=\"5391\" class=\"elementor elementor-5391\" data-elementor-post-type=\"page\">\n\t\t\t\t\t\t<section class=\"elementor-section elementor-top-section elementor-element elementor-element-b2e0fea elementor-section-boxed elementor-section-height-default elementor-section-height-default\" data-id=\"b2e0fea\" data-element_type=\"section\">\n\t\t\t\t\t\t<div class=\"elementor-container elementor-column-gap-default\">\n\t\t\t\t\t<div class=\"elementor-column elementor-col-50 elementor-top-column elementor-element elementor-element-2ac8ee4\" data-id=\"2ac8ee4\" data-element_type=\"column\">\n\t\t\t<div class=\"elementor-widget-wrap elementor-element-populated\">\n\t\t\t\t\t\t<div class=\"elementor-element elementor-element-c45326b elementor-widget elementor-widget-image\" data-id=\"c45326b\" data-element_type=\"widget\" data-widget_type=\"image.default\">\n\t\t\t\t<div class=\"elementor-widget-container\">\n\t\t\t\t\t\t\t\t\t\t\t\t\t\t\t<img fetchpriority=\"high\" decoding=\"async\" width=\"610\" height=\"412\" src=\"https:\/\/mijn-lo.nl\/wp-content\/uploads\/2024\/02\/certificat5-610x412-1.webp\" class=\"attachment-large size-large wp-image-4590\" alt=\"\" srcset=\"https:\/\/mijn-lo.nl\/wp-content\/uploads\/2024\/02\/certificat5-610x412-1.webp 610w, https:\/\/mijn-lo.nl\/wp-content\/uploads\/2024\/02\/certificat5-610x412-1-300x203.webp 300w, https:\/\/mijn-lo.nl\/wp-content\/uploads\/2024\/02\/certificat5-610x412-1-18x12.webp 18w, https:\/\/mijn-lo.nl\/wp-content\/uploads\/2024\/02\/certificat5-610x412-1-24x16.webp 24w, https:\/\/mijn-lo.nl\/wp-content\/uploads\/2024\/02\/certificat5-610x412-1-36x24.webp 36w, https:\/\/mijn-lo.nl\/wp-content\/uploads\/2024\/02\/certificat5-610x412-1-48x32.webp 48w\" sizes=\"(max-width: 610px) 100vw, 610px\" \/>\t\t\t\t\t\t\t\t\t\t\t\t\t\t\t<\/div>\n\t\t\t\t<\/div>\n\t\t\t\t<div class=\"elementor-element elementor-element-8483f0d elementor-widget elementor-widget-text-editor\" data-id=\"8483f0d\" data-element_type=\"widget\" data-widget_type=\"text-editor.default\">\n\t\t\t\t<div class=\"elementor-widget-container\">\n\t\t\t\t\t\t\t\t\t<p style=\"text-align: center;\">Interviu de angajare<\/p>\t\t\t\t\t\t\t\t<\/div>\n\t\t\t\t<\/div>\n\t\t\t\t\t<\/div>\n\t\t<\/div>\n\t\t\t\t<div class=\"elementor-column elementor-col-50 elementor-top-column elementor-element elementor-element-644eb44\" data-id=\"644eb44\" data-element_type=\"column\">\n\t\t\t<div class=\"elementor-widget-wrap elementor-element-populated\">\n\t\t\t\t\t\t<div class=\"elementor-element elementor-element-1b98d7f elementor-widget elementor-widget-text-editor\" data-id=\"1b98d7f\" data-element_type=\"widget\" data-widget_type=\"text-editor.default\">\n\t\t\t\t<div class=\"elementor-widget-container\">\n\t\t\t\t\t\t\t\t\t<h3 class=\"mbr-section-title mbr-fonts-style mb-3 display-5\"><strong>Certificate \u0219i abilit\u0103\u021bi<\/strong><\/h3><p class=\"mbr-text mbr-fonts-style display-7\">Adesea ave\u021bi nevoie de o diplom\u0103. Diplomele din str\u0103in\u0103tate pot fi evaluate (astfel \u00eenc\u00e2t s\u0103 \u0219ti\u021bi ce pute\u021bi face cu o diplom\u0103 str\u0103in\u0103 \u00een \u021a\u0103rile de Jos). Acest lucru se poate face online.<br \/><br \/>Exist\u0103, de asemenea, locuri de munc\u0103 pentru care nu este necesar\u0103 o diplom\u0103 (= munc\u0103 necalificat\u0103), cum ar fi munca de cur\u0103\u021benie. Aceast\u0103 munc\u0103 este u\u0219or de ob\u021binut, dar nu aduce mul\u021bi bani.<\/p>\t\t\t\t\t\t\t\t<\/div>\n\t\t\t\t<\/div>\n\t\t\t\t\t<\/div>\n\t\t<\/div>\n\t\t\t\t\t<\/div>\n\t\t<\/section>\n\t\t\t\t<section class=\"elementor-section elementor-top-section elementor-element elementor-element-44498a1 elementor-reverse-tablet elementor-reverse-mobile elementor-section-boxed elementor-section-height-default elementor-section-height-default\" data-id=\"44498a1\" data-element_type=\"section\">\n\t\t\t\t\t\t<div class=\"elementor-container elementor-column-gap-default\">\n\t\t\t\t\t<div class=\"elementor-column elementor-col-50 elementor-top-column elementor-element elementor-element-cdbe78f\" data-id=\"cdbe78f\" data-element_type=\"column\">\n\t\t\t<div class=\"elementor-widget-wrap elementor-element-populated\">\n\t\t\t\t\t\t<div class=\"elementor-element elementor-element-3757837 elementor-widget elementor-widget-text-editor\" data-id=\"3757837\" data-element_type=\"widget\" data-widget_type=\"text-editor.default\">\n\t\t\t\t<div class=\"elementor-widget-container\">\n\t\t\t\t\t\t\t\t\t<h3 class=\"mbr-section-title mbr-fonts-style mb-3 display-5\"><strong>\u00cembun\u0103t\u0103\u021bi\u021bi-v\u0103 abilit\u0103\u021bile<\/strong><\/h3><p class=\"mbr-text mbr-fonts-style display-7\">Uneori trebuie s\u0103 urma\u021bi un curs sau un curs, sau s\u0103 face\u021bi un stagiu.<br \/>O companie de reintegrare este o companie care ajut\u0103 persoanele care nu au mai lucrat de mult timp s\u0103 \u00ee\u0219i g\u0103seasc\u0103 un loc de munc\u0103 (de asemenea, v\u0103 \u00eenva\u021b\u0103 cum s\u0103 aplica\u021bi). Un alt cuv\u00e2nt pentru \"curs\" este \"educa\u021bie\":<br \/>- Formare continu\u0103: un curs pentru a \u00eenv\u0103\u021ba ceva nou (a \u00eenv\u0103\u021ba ceva nou la locul de munc\u0103).<br \/>- Educa\u021bie continu\u0103: repetarea a ceea ce a\u021bi \u00eenv\u0103\u021bat anterior.<br \/><br \/>Dac\u0103 ave\u021bi de g\u00e2nd s\u0103 urma\u021bi un curs, trebuie s\u0103 v\u0103 \u00eenscrie\u021bi! Uneori pl\u0103te\u0219te angajatorul, alteori pl\u0103te\u0219te impozitul. Ve\u021bi ob\u021bine un loc de munc\u0103 rapid dac\u0103 ave\u021bi experien\u021b\u0103. \u00centotdeauna ar trebui s\u0103 \u00eencepi cu un nivel sc\u0103zut, dar mai t\u00e2rziu po\u021bi cre\u0219te nivelul. Calit\u0103\u021bile sunt ceea la ce e\u0219ti bun \u0219i caracterul t\u0103u (de \u00eencredere, flexibil, creativ).<br \/>Motiva\u021bia este motivul pentru care dori\u021bi acel loc de munc\u0103. Deseori trebuie s\u0103 spune\u021bi acest lucru \u00een timpul unui interviu de angajare (\u00eemi place s\u0103 lucrez cu oamenii).<\/p>\t\t\t\t\t\t\t\t<\/div>\n\t\t\t\t<\/div>\n\t\t\t\t\t<\/div>\n\t\t<\/div>\n\t\t\t\t<div class=\"elementor-column elementor-col-50 elementor-top-column elementor-element elementor-element-9d76a8c\" data-id=\"9d76a8c\" data-element_type=\"column\">\n\t\t\t<div class=\"elementor-widget-wrap elementor-element-populated\">\n\t\t\t\t\t\t<div class=\"elementor-element elementor-element-6155119 elementor-widget elementor-widget-image\" data-id=\"6155119\" data-element_type=\"widget\" data-widget_type=\"image.default\">\n\t\t\t\t<div class=\"elementor-widget-container\">\n\t\t\t\t\t\t\t\t\t\t\t\t\t\t\t<img decoding=\"async\" width=\"747\" height=\"787\" src=\"https:\/\/mijn-lo.nl\/wp-content\/uploads\/2024\/02\/learing5-747x787-1.webp\" class=\"attachment-large size-large wp-image-4591\" alt=\"\" srcset=\"https:\/\/mijn-lo.nl\/wp-content\/uploads\/2024\/02\/learing5-747x787-1.webp 747w, https:\/\/mijn-lo.nl\/wp-content\/uploads\/2024\/02\/learing5-747x787-1-285x300.webp 285w, https:\/\/mijn-lo.nl\/wp-content\/uploads\/2024\/02\/learing5-747x787-1-11x12.webp 11w, https:\/\/mijn-lo.nl\/wp-content\/uploads\/2024\/02\/learing5-747x787-1-24x24.webp 24w, https:\/\/mijn-lo.nl\/wp-content\/uploads\/2024\/02\/learing5-747x787-1-34x36.webp 34w, https:\/\/mijn-lo.nl\/wp-content\/uploads\/2024\/02\/learing5-747x787-1-46x48.webp 46w\" sizes=\"(max-width: 747px) 100vw, 747px\" \/>\t\t\t\t\t\t\t\t\t\t\t\t\t\t\t<\/div>\n\t\t\t\t<\/div>\n\t\t\t\t\t<\/div>\n\t\t<\/div>\n\t\t\t\t\t<\/div>\n\t\t<\/section>\n\t\t\t\t<section class=\"elementor-section elementor-top-section elementor-element elementor-element-2edcca1 elementor-section-boxed elementor-section-height-default elementor-section-height-default\" data-id=\"2edcca1\" data-element_type=\"section\">\n\t\t\t\t\t\t<div class=\"elementor-container elementor-column-gap-default\">\n\t\t\t\t\t<div class=\"elementor-column elementor-col-100 elementor-top-column elementor-element elementor-element-75349f87\" data-id=\"75349f87\" data-element_type=\"column\">\n\t\t\t<div class=\"elementor-widget-wrap elementor-element-populated\">\n\t\t\t\t\t\t<div class=\"elementor-element elementor-element-2d2d0e50 elementor-align-center elementor-widget elementor-widget-button\" data-id=\"2d2d0e50\" data-element_type=\"widget\" data-widget_type=\"button.default\">\n\t\t\t\t<div class=\"elementor-widget-container\">\n\t\t\t\t\t\t\t\t\t<div class=\"elementor-button-wrapper\">\n\t\t\t\t\t<a class=\"elementor-button elementor-button-link elementor-size-sm\" href=\"https:\/\/mijn-lo.nl\/ro\/work\/or-mr-and-arbo\/\">\n\t\t\t\t\t\t<span class=\"elementor-button-content-wrapper\">\n\t\t\t\t\t\t\t\t\t<span class=\"elementor-button-text\">continua<\/span>\n\t\t\t\t\t<\/span>\n\t\t\t\t\t<\/a>\n\t\t\t\t<\/div>\n\t\t\t\t\t\t\t\t<\/div>\n\t\t\t\t<\/div>\n\t\t\t\t\t<\/div>\n\t\t<\/div>\n\t\t\t\t\t<\/div>\n\t\t<\/section>\n\t\t\t\t<\/div>","protected":false},"excerpt":{"rendered":"<p>Job interview Certificates and skills You often need a degree. Diplomas from abroad can be evaluated (so you know what you can do with a foreign diploma in the Netherlands). This can be done online. There is also work for which you do not need a diploma (= unskilled work), such as cleaning work. This [&hellip;]<\/p>\n","protected":false},"author":1,"featured_media":0,"parent":3364,"menu_order":5,"comment_status":"closed","ping_status":"closed","template":"elementor_canvas","meta":{"site-sidebar-layout":"no-sidebar","site-content-layout":"page-builder","ast-site-content-layout":"full-width-container","site-content-style":"default","site-sidebar-style":"default","ast-global-header-display":"","ast-banner-title-visibility":"","ast-main-header-display":"","ast-hfb-above-header-display":"","ast-hfb-below-header-display":"","ast-hfb-mobile-header-display":"","site-post-title":"disabled","ast-breadcrumbs-content":"","ast-featured-img":"disabled","footer-sml-layout":"","theme-transparent-header-meta":"","adv-header-id-meta":"","stick-header-meta":"","header-above-stick-meta":"","header-main-stick-meta":"","header-below-stick-meta":"","astra-migrate-meta-layouts":"set","ast-page-background-enabled":"default","ast-page-background-meta":{"desktop":{"background-color":"var(--ast-global-color-4)","background-image":"","background-repeat":"repeat","background-position":"center center","background-size":"auto","background-attachment":"scroll","background-type":"","background-media":"","overlay-type":"","overlay-color":"","overlay-opacity":"","overlay-gradient":""},"tablet":{"background-color":"","background-image":"","background-repeat":"repeat","background-position":"center center","background-size":"auto","background-attachment":"scroll","background-type":"","background-media":"","overlay-type":"","overlay-color":"","overlay-opacity":"","overlay-gradient":""},"mobile":{"background-color":"","background-image":"","background-repeat":"repeat","background-position":"center center","background-size":"auto","background-attachment":"scroll","background-type":"","background-media":"","overlay-type":"","overlay-color":"","overlay-opacity":"","overlay-gradient":""}},"ast-content-background-meta":{"desktop":{"background-color":"var(--ast-global-color-5)","background-image":"","background-repeat":"repeat","background-position":"center center","background-size":"auto","background-attachment":"scroll","background-type":"","background-media":"","overlay-type":"","overlay-color":"","overlay-opacity":"","overlay-gradient":""},"tablet":{"background-color":"var(--ast-global-color-5)","background-image":"","background-repeat":"repeat","background-position":"center center","background-size":"auto","background-attachment":"scroll","background-type":"","background-media":"","overlay-type":"","overlay-color":"","overlay-opacity":"","overlay-gradient":""},"mobile":{"background-color":"var(--ast-global-color-5)","background-image":"","background-repeat":"repeat","background-position":"center center","background-size":"auto","background-attachment":"scroll","background-type":"","background-media":"","overlay-type":"","overlay-color":"","overlay-opacity":"","overlay-gradient":""}},"footnotes":""},"class_list":["post-5391","page","type-page","status-publish","hentry"],"_links":{"self":[{"href":"https:\/\/mijn-lo.nl\/ro\/wp-json\/wp\/v2\/pages\/5391","targetHints":{"allow":["GET"]}}],"collection":[{"href":"https:\/\/mijn-lo.nl\/ro\/wp-json\/wp\/v2\/pages"}],"about":[{"href":"https:\/\/mijn-lo.nl\/ro\/wp-json\/wp\/v2\/types\/page"}],"author":[{"embeddable":true,"href":"https:\/\/mijn-lo.nl\/ro\/wp-json\/wp\/v2\/users\/1"}],"replies":[{"embeddable":true,"href":"https:\/\/mijn-lo.nl\/ro\/wp-json\/wp\/v2\/comments?post=5391"}],"version-history":[{"count":10,"href":"https:\/\/mijn-lo.nl\/ro\/wp-json\/wp\/v2\/pages\/5391\/revisions"}],"predecessor-version":[{"id":6316,"href":"https:\/\/mijn-lo.nl\/ro\/wp-json\/wp\/v2\/pages\/5391\/revisions\/6316"}],"up":[{"embeddable":true,"href":"https:\/\/mijn-lo.nl\/ro\/wp-json\/wp\/v2\/pages\/3364"}],"wp:attachment":[{"href":"https:\/\/mijn-lo.nl\/ro\/wp-json\/wp\/v2\/media?parent=5391"}],"curies":[{"name":"wp","href":"https:\/\/api.w.org\/{rel}","templated":true}]}}