{"id":5571,"date":"2024-02-14T16:04:17","date_gmt":"2024-02-14T16:04:17","guid":{"rendered":"http:\/\/mijn-lo.nl\/?page_id=5571"},"modified":"2025-08-19T17:35:53","modified_gmt":"2025-08-19T17:35:53","slug":"finance","status":"publish","type":"page","link":"https:\/\/mijn-lo.nl\/ro\/education\/finance\/","title":{"rendered":"Finan\u0163a"},"content":{"rendered":"<div data-elementor-type=\"wp-page\" data-elementor-id=\"5571\" class=\"elementor elementor-5571\" data-elementor-post-type=\"page\">\n\t\t\t\t\t\t<section class=\"elementor-section elementor-top-section elementor-element elementor-element-820a8ba elementor-section-boxed elementor-section-height-default elementor-section-height-default\" data-id=\"820a8ba\" data-element_type=\"section\" data-settings=\"{&quot;background_background&quot;:&quot;classic&quot;}\">\n\t\t\t\t\t\t<div class=\"elementor-container elementor-column-gap-default\">\n\t\t\t\t\t<div class=\"elementor-column elementor-col-100 elementor-top-column elementor-element elementor-element-4f68968\" data-id=\"4f68968\" data-element_type=\"column\">\n\t\t\t<div class=\"elementor-widget-wrap elementor-element-populated\">\n\t\t\t\t\t\t<div class=\"elementor-element elementor-element-cf64e00 elementor-widget elementor-widget-heading\" data-id=\"cf64e00\" data-element_type=\"widget\" data-widget_type=\"heading.default\">\n\t\t\t\t<div class=\"elementor-widget-container\">\n\t\t\t\t\t<h2 class=\"elementor-heading-title elementor-size-default\">Finan\u0163a <\/h2>\t\t\t\t<\/div>\n\t\t\t\t<\/div>\n\t\t\t\t\t<\/div>\n\t\t<\/div>\n\t\t\t\t\t<\/div>\n\t\t<\/section>\n\t\t\t\t<section class=\"elementor-section elementor-top-section elementor-element elementor-element-21c66c4 elementor-section-boxed elementor-section-height-default elementor-section-height-default\" data-id=\"21c66c4\" data-element_type=\"section\">\n\t\t\t\t\t\t<div class=\"elementor-container elementor-column-gap-default\">\n\t\t\t\t\t<div class=\"elementor-column elementor-col-50 elementor-top-column elementor-element elementor-element-60e1a44\" data-id=\"60e1a44\" data-element_type=\"column\">\n\t\t\t<div class=\"elementor-widget-wrap elementor-element-populated\">\n\t\t\t\t\t\t<div class=\"elementor-element elementor-element-f6c5e96 elementor-widget elementor-widget-image\" data-id=\"f6c5e96\" data-element_type=\"widget\" data-widget_type=\"image.default\">\n\t\t\t\t<div class=\"elementor-widget-container\">\n\t\t\t\t\t\t\t\t\t\t\t\t\t\t\t<img fetchpriority=\"high\" decoding=\"async\" width=\"766\" height=\"667\" src=\"https:\/\/mijn-lo.nl\/wp-content\/uploads\/2024\/02\/money-766x667-1.webp\" class=\"attachment-large size-large wp-image-4513\" alt=\"\" srcset=\"https:\/\/mijn-lo.nl\/wp-content\/uploads\/2024\/02\/money-766x667-1.webp 766w, https:\/\/mijn-lo.nl\/wp-content\/uploads\/2024\/02\/money-766x667-1-300x261.webp 300w, https:\/\/mijn-lo.nl\/wp-content\/uploads\/2024\/02\/money-766x667-1-14x12.webp 14w, https:\/\/mijn-lo.nl\/wp-content\/uploads\/2024\/02\/money-766x667-1-24x21.webp 24w, https:\/\/mijn-lo.nl\/wp-content\/uploads\/2024\/02\/money-766x667-1-36x31.webp 36w, https:\/\/mijn-lo.nl\/wp-content\/uploads\/2024\/02\/money-766x667-1-48x42.webp 48w\" sizes=\"(max-width: 766px) 100vw, 766px\" \/>\t\t\t\t\t\t\t\t\t\t\t\t\t\t\t<\/div>\n\t\t\t\t<\/div>\n\t\t\t\t<div class=\"elementor-element elementor-element-04aff24 elementor-widget elementor-widget-text-editor\" data-id=\"04aff24\" data-element_type=\"widget\" data-widget_type=\"text-editor.default\">\n\t\t\t\t<div class=\"elementor-widget-container\">\n\t\t\t\t\t\t\t\t\t<p style=\"text-align: center;\">Bani<\/p>\t\t\t\t\t\t\t\t<\/div>\n\t\t\t\t<\/div>\n\t\t\t\t\t<\/div>\n\t\t<\/div>\n\t\t\t\t<div class=\"elementor-column elementor-col-50 elementor-top-column elementor-element elementor-element-e531f2e\" data-id=\"e531f2e\" data-element_type=\"column\">\n\t\t\t<div class=\"elementor-widget-wrap elementor-element-populated\">\n\t\t\t\t\t\t<div class=\"elementor-element elementor-element-cb7b0bb elementor-widget elementor-widget-text-editor\" data-id=\"cb7b0bb\" data-element_type=\"widget\" data-widget_type=\"text-editor.default\">\n\t\t\t\t<div class=\"elementor-widget-container\">\n\t\t\t\t\t\t\t\t\t<h3 class=\"mbr-section-title mbr-fonts-style mb-3 display-5\"><strong>Educa\u021bie \u0219i costuri<\/strong><\/h3><p class=\"mbr-text mbr-fonts-style display-7\">\u00cen \u021a\u0103rile de Jos, costurile \u0219colare se modific\u0103 \u00een func\u021bie de tipul de \u0219coal\u0103.<br \/><br \/>Pentru copiii mici din \u0219coala primar\u0103 (basisschool), este gratuit. Cu toate acestea, p\u0103rin\u021bii ar putea fi nevoi\u021bi s\u0103 pl\u0103teasc\u0103 pentru unele lucruri, cum ar fi creioane \u0219i c\u0103r\u021bi.<br \/><br \/>Pentru copiii mai mari din \u0219coala secundar\u0103 (voortgezet onderwijs), este de asemenea gratuit. Dar p\u0103rin\u021bii trebuie s\u0103 cumpere unele lucruri pentru \u0219coal\u0103.<br \/><br \/>Pentru elevii din \u00eenv\u0103\u021b\u0103m\u00e2ntul superior (hoger onderwijs), ace\u0219tia trebuie s\u0103 pl\u0103teasc\u0103 bani. Iat\u0103 ce ar putea pl\u0103ti:<br \/><br \/>Universitatea: Studen\u021bii olandezi pl\u0103tesc \u00een jur de c\u00e2teva mii de euro pe an. Studen\u021bii din alte \u021b\u0103ri pl\u0103tesc mult mai mult.<br \/>\u0218coala de \u0219tiin\u021be aplicate: Studen\u021bii olandezi pl\u0103tesc c\u00e2teva mii de euro pe an. Studen\u021bii din alte \u021b\u0103ri pl\u0103tesc mult mai mult.<\/p>\t\t\t\t\t\t\t\t<\/div>\n\t\t\t\t<\/div>\n\t\t\t\t\t<\/div>\n\t\t<\/div>\n\t\t\t\t\t<\/div>\n\t\t<\/section>\n\t\t\t\t<section class=\"elementor-section elementor-top-section elementor-element elementor-element-11d6ec2 elementor-reverse-tablet elementor-reverse-mobile elementor-section-boxed elementor-section-height-default elementor-section-height-default\" data-id=\"11d6ec2\" data-element_type=\"section\">\n\t\t\t\t\t\t<div class=\"elementor-container elementor-column-gap-default\">\n\t\t\t\t\t<div class=\"elementor-column elementor-col-50 elementor-top-column elementor-element elementor-element-213854b\" data-id=\"213854b\" data-element_type=\"column\">\n\t\t\t<div class=\"elementor-widget-wrap elementor-element-populated\">\n\t\t\t\t\t\t<div class=\"elementor-element elementor-element-6d77de9 elementor-widget elementor-widget-text-editor\" data-id=\"6d77de9\" data-element_type=\"widget\" data-widget_type=\"text-editor.default\">\n\t\t\t\t<div class=\"elementor-widget-container\">\n\t\t\t\t\t\t\t\t\t<h3 class=\"mbr-section-title mbr-fonts-style mb-3 display-5\"><strong>Dup\u0103 \u0219coala primar\u0103<\/strong><\/h3><p class=\"mbr-text mbr-fonts-style display-7\">Ne referim la ilustra\u021bia deja prezentat\u0103. Vedem mai \u00eent\u00e2i o perioad\u0103 de 2 ani. De fapt, to\u021bi copiii primesc \u00een aceast\u0103 perioad\u0103 aceea\u0219i educa\u021bie. Ei trebuie s\u0103 opteze pentru vwo, havo sau vmbo. Aceast\u0103 perioad\u0103 comun\u0103 este introdus\u0103 din motive politice, dar \u00een practic\u0103 copiii merg deja la o \u0219coal\u0103 vmbo, la o \u0219coal\u0103 havo sau la o \u0219coal\u0103 vwo. Prin urmare, \u00een practic\u0103 pot fi \u00eent\u00e2lnite diferen\u021be clare. VWO are 2 posibilit\u0103\u021bi: Atheneum \u0219i Gymnasium. Gymnasium este considerat\u0103 \"cea mai \u00eenalt\u0103 posibilitate\", cu cursuri de latin\u0103 \u0219i greac\u0103.\u00a0<\/p>\t\t\t\t\t\t\t\t<\/div>\n\t\t\t\t<\/div>\n\t\t\t\t\t<\/div>\n\t\t<\/div>\n\t\t\t\t<div class=\"elementor-column elementor-col-50 elementor-top-column elementor-element elementor-element-0a869f7\" data-id=\"0a869f7\" data-element_type=\"column\">\n\t\t\t<div class=\"elementor-widget-wrap elementor-element-populated\">\n\t\t\t\t\t\t<div class=\"elementor-element elementor-element-78fd82c elementor-widget elementor-widget-image\" data-id=\"78fd82c\" data-element_type=\"widget\" data-widget_type=\"image.default\">\n\t\t\t\t<div class=\"elementor-widget-container\">\n\t\t\t\t\t\t\t\t\t\t\t\t\t\t\t<img decoding=\"async\" width=\"872\" height=\"629\" src=\"https:\/\/mijn-lo.nl\/wp-content\/uploads\/2024\/02\/schoolsysteem2-872x629-1.webp\" class=\"attachment-large size-large wp-image-5562\" alt=\"\" srcset=\"https:\/\/mijn-lo.nl\/wp-content\/uploads\/2024\/02\/schoolsysteem2-872x629-1.webp 872w, https:\/\/mijn-lo.nl\/wp-content\/uploads\/2024\/02\/schoolsysteem2-872x629-1-300x216.webp 300w, https:\/\/mijn-lo.nl\/wp-content\/uploads\/2024\/02\/schoolsysteem2-872x629-1-768x554.webp 768w, https:\/\/mijn-lo.nl\/wp-content\/uploads\/2024\/02\/schoolsysteem2-872x629-1-18x12.webp 18w, https:\/\/mijn-lo.nl\/wp-content\/uploads\/2024\/02\/schoolsysteem2-872x629-1-24x17.webp 24w, https:\/\/mijn-lo.nl\/wp-content\/uploads\/2024\/02\/schoolsysteem2-872x629-1-36x26.webp 36w, https:\/\/mijn-lo.nl\/wp-content\/uploads\/2024\/02\/schoolsysteem2-872x629-1-48x35.webp 48w\" sizes=\"(max-width: 872px) 100vw, 872px\" \/>\t\t\t\t\t\t\t\t\t\t\t\t\t\t\t<\/div>\n\t\t\t\t<\/div>\n\t\t\t\t<div class=\"elementor-element elementor-element-07b498e elementor-widget elementor-widget-text-editor\" data-id=\"07b498e\" data-element_type=\"widget\" data-widget_type=\"text-editor.default\">\n\t\t\t\t<div class=\"elementor-widget-container\">\n\t\t\t\t\t\t\t\t\t<p style=\"text-align: center;\">Bani<\/p>\t\t\t\t\t\t\t\t<\/div>\n\t\t\t\t<\/div>\n\t\t\t\t\t<\/div>\n\t\t<\/div>\n\t\t\t\t\t<\/div>\n\t\t<\/section>\n\t\t\t\t<section class=\"elementor-section elementor-top-section elementor-element elementor-element-311e16a elementor-section-boxed elementor-section-height-default elementor-section-height-default\" data-id=\"311e16a\" data-element_type=\"section\">\n\t\t\t\t\t\t<div class=\"elementor-container elementor-column-gap-default\">\n\t\t\t\t\t<div class=\"elementor-column elementor-col-50 elementor-top-column elementor-element elementor-element-b6b32b9\" data-id=\"b6b32b9\" data-element_type=\"column\">\n\t\t\t<div class=\"elementor-widget-wrap elementor-element-populated\">\n\t\t\t\t\t\t<div class=\"elementor-element elementor-element-600b574 elementor-widget elementor-widget-image\" data-id=\"600b574\" data-element_type=\"widget\" data-widget_type=\"image.default\">\n\t\t\t\t<div class=\"elementor-widget-container\">\n\t\t\t\t\t\t\t\t\t\t\t\t\t\t\t<img decoding=\"async\" width=\"332\" height=\"500\" src=\"https:\/\/mijn-lo.nl\/wp-content\/uploads\/2024\/02\/euro-help-332x500-1.webp\" class=\"attachment-large size-large wp-image-4514\" alt=\"\" srcset=\"https:\/\/mijn-lo.nl\/wp-content\/uploads\/2024\/02\/euro-help-332x500-1.webp 332w, https:\/\/mijn-lo.nl\/wp-content\/uploads\/2024\/02\/euro-help-332x500-1-199x300.webp 199w, https:\/\/mijn-lo.nl\/wp-content\/uploads\/2024\/02\/euro-help-332x500-1-8x12.webp 8w, https:\/\/mijn-lo.nl\/wp-content\/uploads\/2024\/02\/euro-help-332x500-1-16x24.webp 16w, https:\/\/mijn-lo.nl\/wp-content\/uploads\/2024\/02\/euro-help-332x500-1-24x36.webp 24w, https:\/\/mijn-lo.nl\/wp-content\/uploads\/2024\/02\/euro-help-332x500-1-32x48.webp 32w\" sizes=\"(max-width: 332px) 100vw, 332px\" \/>\t\t\t\t\t\t\t\t\t\t\t\t\t\t\t<\/div>\n\t\t\t\t<\/div>\n\t\t\t\t<div class=\"elementor-element elementor-element-cafad67 elementor-widget elementor-widget-text-editor\" data-id=\"cafad67\" data-element_type=\"widget\" data-widget_type=\"text-editor.default\">\n\t\t\t\t<div class=\"elementor-widget-container\">\n\t\t\t\t\t\t\t\t\t<p style=\"text-align: center;\">Ajutor financiar<\/p>\t\t\t\t\t\t\t\t<\/div>\n\t\t\t\t<\/div>\n\t\t\t\t\t<\/div>\n\t\t<\/div>\n\t\t\t\t<div class=\"elementor-column elementor-col-50 elementor-top-column elementor-element elementor-element-092da81\" data-id=\"092da81\" data-element_type=\"column\">\n\t\t\t<div class=\"elementor-widget-wrap elementor-element-populated\">\n\t\t\t\t\t\t<div class=\"elementor-element elementor-element-7789889 elementor-widget elementor-widget-text-editor\" data-id=\"7789889\" data-element_type=\"widget\" data-widget_type=\"text-editor.default\">\n\t\t\t\t<div class=\"elementor-widget-container\">\n\t\t\t\t\t\t\t\t\t<h3 class=\"mbr-section-title mbr-fonts-style mb-3 display-5\"><strong>Ajutor financiar<\/strong><\/h3><p class=\"mbr-text mbr-fonts-style display-7\">Guvernul olandez ofer\u0103 o serie de programe de asisten\u021b\u0103 financiar\u0103 pentru a ajuta p\u0103rin\u021bii cu venituri mici s\u0103 suporte costurile de educa\u021bie ale copiilor lor. Aceste programe includ:<br \/><br \/><strong>\"Bugetul Kindgebonden\"\u00a0<\/strong>(aloca\u021bie pentru copii): Aceasta este o aloca\u021bie lunar\u0103 pl\u0103tit\u0103 p\u0103rin\u021bilor cu copii sub v\u00e2rsta de 18 ani. Cuantumul presta\u021biei depinde de venitul familiei \u0219i de num\u0103rul de copii pe care \u00eei are.<br \/><strong>\"Studietoeslag\"\u00a0<\/strong>(burs\u0103 pentru studen\u021bi): Aceasta este o subven\u021bie disponibil\u0103 pentru studen\u021bii care urmeaz\u0103 \u00eenv\u0103\u021b\u0103m\u00e2ntul profesional secundar (MBO sau VMBO) sau \u00eenv\u0103\u021b\u0103m\u00e2ntul superior (HBO sau WO). Valoarea subven\u021biei depinde de venitul studentului, de venitul p\u0103rin\u021bilor s\u0103i \u0219i de tipul de educa\u021bie pe care \u00eel urmeaz\u0103.<br \/><strong>\"MBO-studentenfonds\"<\/strong>(Fondul pentru studen\u021bi MBO): Acest fond ofer\u0103 \u00eemprumuturi \u0219i burse studen\u021bilor care urmeaz\u0103 \u00eenv\u0103\u021b\u0103m\u00e2ntul profesional secundar (MBO). \u00cemprumuturile sunt f\u0103r\u0103 dob\u00e2nd\u0103 pe perioada studiilor, iar perioada de rambursare este de zece ani dup\u0103 absolvire.<br \/><strong>\"Tegemoetkoming onderwijskosten\"<\/strong>\u00a0(aloca\u021bie pentru cheltuieli educa\u021bionale): Aceast\u0103 aloca\u021bie este disponibil\u0103 pentru studen\u021bii care urmeaz\u0103 \u00eenv\u0103\u021b\u0103m\u00e2ntul profesional secundar (MBO sau VMBO) sau \u00eenv\u0103\u021b\u0103m\u00e2ntul superior (HBO sau WO) \u0219i care au un venit sc\u0103zut. Aloca\u021bia este menit\u0103 s\u0103 ajute studen\u021bii s\u0103 acopere costurile de \u0219colarizare, c\u0103r\u021bi \u0219i alte cheltuieli educa\u021bionale.<br \/><br \/>\u00cen plus fa\u021b\u0103 de aceste programe, guvernul olandez ofer\u0103, de asemenea, o serie de alte beneficii \u0219i aloca\u021bii care pot ajuta familiile cu venituri mici s\u0103 suporte costurile de cre\u0219tere a copiilor, cum ar fi:<br \/><br \/><strong>\"Zorgtoeslag\"<\/strong>\u00a0(aloca\u021bie pentru asisten\u021b\u0103 medical\u0103): Aceast\u0103 aloca\u021bie ajut\u0103 persoanele s\u0103 acopere costurile asigur\u0103rii lor de s\u0103n\u0103tate olandeze.<br \/><strong>\"Huurtoeslag\"<\/strong>\u00a0(aloca\u021bie pentru chirie): Aceast\u0103 aloca\u021bie ajut\u0103 persoanele s\u0103 acopere costurile chiriei.<br \/><strong>\"Kinderbijslag\"<\/strong>\u00a0(aloca\u021bia pentru copii): Aceast\u0103 aloca\u021bie este pl\u0103tit\u0103 p\u0103rin\u021bilor cu copii sub 18 ani. Cuantumul aloca\u021biei este acela\u0219i pentru toate familiile, indiferent de venit.<br \/><br \/>Pentru a aplica pentru oricare dintre aceste programe, p\u0103rin\u021bii sau elevii pot contacta Administra\u021bia fiscal\u0103 \u0219i vamal\u0103 olandez\u0103 (<strong>\"Belastingdienst\"<\/strong>). Pentru mai multe informa\u021bii, v\u0103 rug\u0103m s\u0103 vizita\u021bi site-ul Belastingdienst sau s\u0103 apela\u021bi linia de asisten\u021b\u0103 pentru clien\u021bi Belastingdienst la num\u0103rul 0800-0543.<\/p>\t\t\t\t\t\t\t\t<\/div>\n\t\t\t\t<\/div>\n\t\t\t\t\t<\/div>\n\t\t<\/div>\n\t\t\t\t\t<\/div>\n\t\t<\/section>\n\t\t\t\t<section class=\"elementor-section elementor-top-section elementor-element elementor-element-2edcca1 elementor-section-boxed elementor-section-height-default elementor-section-height-default\" data-id=\"2edcca1\" data-element_type=\"section\">\n\t\t\t\t\t\t<div class=\"elementor-container elementor-column-gap-default\">\n\t\t\t\t\t<div class=\"elementor-column elementor-col-100 elementor-top-column elementor-element elementor-element-75349f87\" data-id=\"75349f87\" data-element_type=\"column\">\n\t\t\t<div class=\"elementor-widget-wrap elementor-element-populated\">\n\t\t\t\t\t\t<div class=\"elementor-element elementor-element-2d2d0e50 elementor-align-center elementor-widget elementor-widget-button\" data-id=\"2d2d0e50\" data-element_type=\"widget\" data-widget_type=\"button.default\">\n\t\t\t\t<div class=\"elementor-widget-container\">\n\t\t\t\t\t\t\t\t\t<div class=\"elementor-button-wrapper\">\n\t\t\t\t\t<a class=\"elementor-button elementor-button-link elementor-size-sm\" href=\"https:\/\/mijn-lo.nl\/ro\/education\/raising-kids\/\">\n\t\t\t\t\t\t<span class=\"elementor-button-content-wrapper\">\n\t\t\t\t\t\t\t\t\t<span class=\"elementor-button-text\">continua<\/span>\n\t\t\t\t\t<\/span>\n\t\t\t\t\t<\/a>\n\t\t\t\t<\/div>\n\t\t\t\t\t\t\t\t<\/div>\n\t\t\t\t<\/div>\n\t\t\t\t\t<\/div>\n\t\t<\/div>\n\t\t\t\t\t<\/div>\n\t\t<\/section>\n\t\t\t\t<\/div>","protected":false},"excerpt":{"rendered":"<p>Finance Money Education and costs In the Netherlands, school costs change based on the school type. For little kids in primary school (basisschool), it&#8217;s free. But, parents might need to pay for some things like pencils and books. For bigger kids in secondary school (voortgezet onderwijs), it&#8217;s also free. But, parents have to buy some [&hellip;]<\/p>\n","protected":false},"author":1,"featured_media":0,"parent":3363,"menu_order":3,"comment_status":"closed","ping_status":"closed","template":"elementor_canvas","meta":{"site-sidebar-layout":"no-sidebar","site-content-layout":"page-builder","ast-site-content-layout":"full-width-container","site-content-style":"default","site-sidebar-style":"default","ast-global-header-display":"","ast-banner-title-visibility":"","ast-main-header-display":"","ast-hfb-above-header-display":"","ast-hfb-below-header-display":"","ast-hfb-mobile-header-display":"","site-post-title":"disabled","ast-breadcrumbs-content":"","ast-featured-img":"disabled","footer-sml-layout":"","theme-transparent-header-meta":"","adv-header-id-meta":"","stick-header-meta":"","header-above-stick-meta":"","header-main-stick-meta":"","header-below-stick-meta":"","astra-migrate-meta-layouts":"set","ast-page-background-enabled":"default","ast-page-background-meta":{"desktop":{"background-color":"var(--ast-global-color-4)","background-image":"","background-repeat":"repeat","background-position":"center center","background-size":"auto","background-attachment":"scroll","background-type":"","background-media":"","overlay-type":"","overlay-color":"","overlay-opacity":"","overlay-gradient":""},"tablet":{"background-color":"","background-image":"","background-repeat":"repeat","background-position":"center center","background-size":"auto","background-attachment":"scroll","background-type":"","background-media":"","overlay-type":"","overlay-color":"","overlay-opacity":"","overlay-gradient":""},"mobile":{"background-color":"","background-image":"","background-repeat":"repeat","background-position":"center center","background-size":"auto","background-attachment":"scroll","background-type":"","background-media":"","overlay-type":"","overlay-color":"","overlay-opacity":"","overlay-gradient":""}},"ast-content-background-meta":{"desktop":{"background-color":"var(--ast-global-color-5)","background-image":"","background-repeat":"repeat","background-position":"center center","background-size":"auto","background-attachment":"scroll","background-type":"","background-media":"","overlay-type":"","overlay-color":"","overlay-opacity":"","overlay-gradient":""},"tablet":{"background-color":"var(--ast-global-color-5)","background-image":"","background-repeat":"repeat","background-position":"center center","background-size":"auto","background-attachment":"scroll","background-type":"","background-media":"","overlay-type":"","overlay-color":"","overlay-opacity":"","overlay-gradient":""},"mobile":{"background-color":"var(--ast-global-color-5)","background-image":"","background-repeat":"repeat","background-position":"center center","background-size":"auto","background-attachment":"scroll","background-type":"","background-media":"","overlay-type":"","overlay-color":"","overlay-opacity":"","overlay-gradient":""}},"footnotes":""},"class_list":["post-5571","page","type-page","status-publish","hentry"],"_links":{"self":[{"href":"https:\/\/mijn-lo.nl\/ro\/wp-json\/wp\/v2\/pages\/5571","targetHints":{"allow":["GET"]}}],"collection":[{"href":"https:\/\/mijn-lo.nl\/ro\/wp-json\/wp\/v2\/pages"}],"about":[{"href":"https:\/\/mijn-lo.nl\/ro\/wp-json\/wp\/v2\/types\/page"}],"author":[{"embeddable":true,"href":"https:\/\/mijn-lo.nl\/ro\/wp-json\/wp\/v2\/users\/1"}],"replies":[{"embeddable":true,"href":"https:\/\/mijn-lo.nl\/ro\/wp-json\/wp\/v2\/comments?post=5571"}],"version-history":[{"count":7,"href":"https:\/\/mijn-lo.nl\/ro\/wp-json\/wp\/v2\/pages\/5571\/revisions"}],"predecessor-version":[{"id":6298,"href":"https:\/\/mijn-lo.nl\/ro\/wp-json\/wp\/v2\/pages\/5571\/revisions\/6298"}],"up":[{"embeddable":true,"href":"https:\/\/mijn-lo.nl\/ro\/wp-json\/wp\/v2\/pages\/3363"}],"wp:attachment":[{"href":"https:\/\/mijn-lo.nl\/ro\/wp-json\/wp\/v2\/media?parent=5571"}],"curies":[{"name":"wp","href":"https:\/\/api.w.org\/{rel}","templated":true}]}}