{"id":5573,"date":"2024-02-14T16:04:36","date_gmt":"2024-02-14T16:04:36","guid":{"rendered":"http:\/\/mijn-lo.nl\/?page_id=5573"},"modified":"2025-08-19T17:36:17","modified_gmt":"2025-08-19T17:36:17","slug":"raising-kids","status":"publish","type":"page","link":"https:\/\/mijn-lo.nl\/ro\/education\/raising-kids\/","title":{"rendered":"Cre\u0219terea copiilor"},"content":{"rendered":"<div data-elementor-type=\"wp-page\" data-elementor-id=\"5573\" class=\"elementor elementor-5573\" data-elementor-post-type=\"page\">\n\t\t\t\t\t\t<section class=\"elementor-section elementor-top-section elementor-element elementor-element-6810fd3 elementor-section-boxed elementor-section-height-default elementor-section-height-default\" data-id=\"6810fd3\" data-element_type=\"section\" data-settings=\"{&quot;background_background&quot;:&quot;classic&quot;}\">\n\t\t\t\t\t\t<div class=\"elementor-container elementor-column-gap-default\">\n\t\t\t\t\t<div class=\"elementor-column elementor-col-100 elementor-top-column elementor-element elementor-element-665021e\" data-id=\"665021e\" data-element_type=\"column\">\n\t\t\t<div class=\"elementor-widget-wrap elementor-element-populated\">\n\t\t\t\t\t\t<div class=\"elementor-element elementor-element-dc5257a elementor-widget elementor-widget-heading\" data-id=\"dc5257a\" data-element_type=\"widget\" data-widget_type=\"heading.default\">\n\t\t\t\t<div class=\"elementor-widget-container\">\n\t\t\t\t\t<h2 class=\"elementor-heading-title elementor-size-default\">Cre\u0219terea copiilor <\/h2>\t\t\t\t<\/div>\n\t\t\t\t<\/div>\n\t\t\t\t\t<\/div>\n\t\t<\/div>\n\t\t\t\t\t<\/div>\n\t\t<\/section>\n\t\t\t\t<section class=\"elementor-section elementor-top-section elementor-element elementor-element-f88c832 elementor-reverse-tablet elementor-reverse-mobile elementor-section-boxed elementor-section-height-default elementor-section-height-default\" data-id=\"f88c832\" data-element_type=\"section\">\n\t\t\t\t\t\t<div class=\"elementor-container elementor-column-gap-default\">\n\t\t\t\t\t<div class=\"elementor-column elementor-col-50 elementor-top-column elementor-element elementor-element-748187a\" data-id=\"748187a\" data-element_type=\"column\">\n\t\t\t<div class=\"elementor-widget-wrap elementor-element-populated\">\n\t\t\t\t\t\t<div class=\"elementor-element elementor-element-9ea2d13 elementor-widget elementor-widget-text-editor\" data-id=\"9ea2d13\" data-element_type=\"widget\" data-widget_type=\"text-editor.default\">\n\t\t\t\t<div class=\"elementor-widget-container\">\n\t\t\t\t\t\t\t\t\t<h3 class=\"mbr-section-title mbr-fonts-style mb-3 display-5\"><strong>Despre cre\u0219terea copiilor<\/strong><\/h3><p class=\"mbr-text mbr-fonts-style display-7\">Cre\u0219terea copiilor \u00een \u021a\u0103rile de Jos este o problem\u0103 important\u0103<br \/><br \/><strong>Copiii trebuie s\u0103 aib\u0103 o copil\u0103rie fericit\u0103 \u0219i trebuie s\u0103 se simt\u0103 \u00een siguran\u021b\u0103.\u00a0<\/strong>\u021a\u0103rile de Jos se afl\u0103 adesea \u00een fruntea clasamentelor privind fericirea copiilor datorit\u0103 \u0219colilor bune, leg\u0103turilor familiale puternice \u0219i sprijinului guvernamental. Dar, ca \u00een orice \u021bar\u0103, pot ap\u0103rea probleme.<br \/><br \/><strong>P\u0103rin\u021bii caut\u0103 de obicei un bun echilibru \u00eentre via\u021ba profesional\u0103 \u0219i cea privat\u0103.<\/strong>\u00a0Companiile din \u021a\u0103rile de Jos ofer\u0103 program flexibil \u0219i concedii parentale lungi.<br \/>\u021aara este, \u00een general, sigur\u0103, cu o asisten\u021b\u0103 medical\u0103 excelent\u0103. Criminalitatea este relativ sc\u0103zut\u0103. Dar, ca \u00eentotdeauna, exist\u0103 provoc\u0103ri, cum ar fi probleme cu drogurile, jocurile de noroc \u0219i dependen\u021ba de smartphone-uri.<br \/><br \/><strong>\u00cencuraja\u021bi independen\u021ba.<\/strong>\u00a0Copiii olandezi sunt de obicei \u00eenv\u0103\u021ba\u021bi s\u0103 g\u00e2ndeasc\u0103 \u0219i s\u0103 ac\u021bioneze pe cont propriu. Este esen\u021bial s\u0103 \u00eei l\u0103sa\u021bi s\u0103 fac\u0103 alegeri.<br \/><br \/><strong>Ajuta\u021bi-i s\u0103 socializeze.<\/strong>\u00a0\u00cent\u00e2lnirile de joac\u0103, sporturile \u0219i cluburile sunt comune \u0219i \u00eei ajut\u0103 pe copii s\u0103 \u00ee\u0219i fac\u0103 prieteni.<br \/><br \/><strong>Prezenta\u021bi-le culturi diferite.\u00a0<\/strong>Cu o popula\u021bie divers\u0103, copiii pot \u00eenv\u0103\u021ba despre diverse tradi\u021bii \u0219i limbi. O mare aten\u021bie este acordat\u0103 incluziunii.<\/p>\t\t\t\t\t\t\t\t<\/div>\n\t\t\t\t<\/div>\n\t\t\t\t\t<\/div>\n\t\t<\/div>\n\t\t\t\t<div class=\"elementor-column elementor-col-50 elementor-top-column elementor-element elementor-element-6d6c662\" data-id=\"6d6c662\" data-element_type=\"column\">\n\t\t\t<div class=\"elementor-widget-wrap elementor-element-populated\">\n\t\t\t\t\t\t<div class=\"elementor-element elementor-element-d39c8c8 elementor-widget elementor-widget-image\" data-id=\"d39c8c8\" data-element_type=\"widget\" data-widget_type=\"image.default\">\n\t\t\t\t<div class=\"elementor-widget-container\">\n\t\t\t\t\t\t\t\t\t\t\t\t\t\t\t<img fetchpriority=\"high\" decoding=\"async\" width=\"711\" height=\"988\" src=\"https:\/\/mijn-lo.nl\/wp-content\/uploads\/2024\/02\/rasingg-kids2-711x988-1.webp\" class=\"attachment-large size-large wp-image-4518\" alt=\"\" srcset=\"https:\/\/mijn-lo.nl\/wp-content\/uploads\/2024\/02\/rasingg-kids2-711x988-1.webp 711w, https:\/\/mijn-lo.nl\/wp-content\/uploads\/2024\/02\/rasingg-kids2-711x988-1-216x300.webp 216w, https:\/\/mijn-lo.nl\/wp-content\/uploads\/2024\/02\/rasingg-kids2-711x988-1-9x12.webp 9w, https:\/\/mijn-lo.nl\/wp-content\/uploads\/2024\/02\/rasingg-kids2-711x988-1-17x24.webp 17w, https:\/\/mijn-lo.nl\/wp-content\/uploads\/2024\/02\/rasingg-kids2-711x988-1-26x36.webp 26w, https:\/\/mijn-lo.nl\/wp-content\/uploads\/2024\/02\/rasingg-kids2-711x988-1-35x48.webp 35w\" sizes=\"(max-width: 711px) 100vw, 711px\" \/>\t\t\t\t\t\t\t\t\t\t\t\t\t\t\t<\/div>\n\t\t\t\t<\/div>\n\t\t\t\t<div class=\"elementor-element elementor-element-76799f9 elementor-widget elementor-widget-text-editor\" data-id=\"76799f9\" data-element_type=\"widget\" data-widget_type=\"text-editor.default\">\n\t\t\t\t<div class=\"elementor-widget-container\">\n\t\t\t\t\t\t\t\t\t<p style=\"text-align: center;\">Mam\u0103 \u0219i fiic\u0103<\/p>\t\t\t\t\t\t\t\t<\/div>\n\t\t\t\t<\/div>\n\t\t\t\t\t<\/div>\n\t\t<\/div>\n\t\t\t\t\t<\/div>\n\t\t<\/section>\n\t\t\t\t<section class=\"elementor-section elementor-top-section elementor-element elementor-element-c2af9c8 elementor-section-boxed elementor-section-height-default elementor-section-height-default\" data-id=\"c2af9c8\" data-element_type=\"section\">\n\t\t\t\t\t\t<div class=\"elementor-container elementor-column-gap-default\">\n\t\t\t\t\t<div class=\"elementor-column elementor-col-50 elementor-top-column elementor-element elementor-element-820f2a6\" data-id=\"820f2a6\" data-element_type=\"column\">\n\t\t\t<div class=\"elementor-widget-wrap elementor-element-populated\">\n\t\t\t\t\t\t<div class=\"elementor-element elementor-element-2e25e9d elementor-widget elementor-widget-image\" data-id=\"2e25e9d\" data-element_type=\"widget\" data-widget_type=\"image.default\">\n\t\t\t\t<div class=\"elementor-widget-container\">\n\t\t\t\t\t\t\t\t\t\t\t\t\t\t\t<img decoding=\"async\" width=\"700\" height=\"486\" src=\"https:\/\/mijn-lo.nl\/wp-content\/uploads\/2024\/02\/jeugdzorg2-700x486-1.webp\" class=\"attachment-large size-large wp-image-5563\" alt=\"\" srcset=\"https:\/\/mijn-lo.nl\/wp-content\/uploads\/2024\/02\/jeugdzorg2-700x486-1.webp 700w, https:\/\/mijn-lo.nl\/wp-content\/uploads\/2024\/02\/jeugdzorg2-700x486-1-300x208.webp 300w, https:\/\/mijn-lo.nl\/wp-content\/uploads\/2024\/02\/jeugdzorg2-700x486-1-18x12.webp 18w, https:\/\/mijn-lo.nl\/wp-content\/uploads\/2024\/02\/jeugdzorg2-700x486-1-24x17.webp 24w, https:\/\/mijn-lo.nl\/wp-content\/uploads\/2024\/02\/jeugdzorg2-700x486-1-36x25.webp 36w, https:\/\/mijn-lo.nl\/wp-content\/uploads\/2024\/02\/jeugdzorg2-700x486-1-48x33.webp 48w\" sizes=\"(max-width: 700px) 100vw, 700px\" \/>\t\t\t\t\t\t\t\t\t\t\t\t\t\t\t<\/div>\n\t\t\t\t<\/div>\n\t\t\t\t<div class=\"elementor-element elementor-element-5552dff elementor-widget elementor-widget-text-editor\" data-id=\"5552dff\" data-element_type=\"widget\" data-widget_type=\"text-editor.default\">\n\t\t\t\t<div class=\"elementor-widget-container\">\n\t\t\t\t\t\t\t\t\t<p style=\"text-align: center;\">\u00cen caz de probleme...<\/p>\t\t\t\t\t\t\t\t<\/div>\n\t\t\t\t<\/div>\n\t\t\t\t\t<\/div>\n\t\t<\/div>\n\t\t\t\t<div class=\"elementor-column elementor-col-50 elementor-top-column elementor-element elementor-element-f618cf2\" data-id=\"f618cf2\" data-element_type=\"column\">\n\t\t\t<div class=\"elementor-widget-wrap elementor-element-populated\">\n\t\t\t\t\t\t<div class=\"elementor-element elementor-element-46998ae elementor-widget elementor-widget-text-editor\" data-id=\"46998ae\" data-element_type=\"widget\" data-widget_type=\"text-editor.default\">\n\t\t\t\t<div class=\"elementor-widget-container\">\n\t\t\t\t\t\t\t\t\t<h3 class=\"mbr-section-title mbr-fonts-style mb-3 display-5\"><strong>\u00cen caz de probleme: \"jeugdzorg\"<\/strong><\/h3><p class=\"mbr-text mbr-fonts-style display-7\">\u00cen caz de probleme, exist\u0103 serviciul special pentru \u00eengrijirea tinerilor numit \"jeugdzorg\".<\/p><p><audio class=\"wp-audio-shortcode\" id=\"audio-5573-1\" preload=\"none\" style=\"width: 100%;\" controls=\"controls\"><source type=\"audio\/wav\" src=\"https:\/\/mijn-lo.nl\/wp-content\/uploads\/2024\/02\/jeugdzorg.wav?_=1\" \/><a href=\"https:\/\/mijn-lo.nl\/wp-content\/uploads\/2024\/02\/jeugdzorg.wav\">https:\/\/mijn-lo.nl\/wp-content\/uploads\/2024\/02\/jeugdzorg.wav<\/a><\/audio><\/p><p><br \/>Acest serviciu este pentru p\u0103rin\u021bi\/copii \u0219i are 3 subiecte principale:<\/p><p><strong>\"Jeugdhulp\" (ajutor)<\/strong>: Ofer\u0103 sprijin copiilor care se confrunt\u0103 cu dificult\u0103\u021bi emo\u021bionale, comportamentale sau de dezvoltare. Aceasta poate include terapie, consiliere familial\u0103 sau educa\u021bie specializat\u0103.<\/p><p>\u201c<strong>Jeugdbescherming\"(protec\u021bie)\u00a0<\/strong>:Intervine atunci c\u00e2nd copiii sunt \u00een pericol de neglijare, abuz sau exploatare. Acest lucru poate implica plasarea lor \u00een centre de plasament, acordarea de sprijin familial intensiv sau interven\u021bii juridice.<\/p><p><strong>Clasificarea copiilor:<\/strong>\u00a0<strong>(p\u0103r\u0103si\u021bi calea criminal\u0103 \u0219i g\u0103si\u021bi calea cea bun\u0103):<\/strong>\u00a0Lucreaz\u0103 cu tinerii infractori pentru a aborda comportamentul lor infrac\u021bional \u0219i pentru a-i ajuta s\u0103 se reintegreze \u00een societate. Acest lucru implic\u0103 supravegherea, consilierea \u0219i munca \u00een folosul comunit\u0103\u021bii.<\/p><p>De obicei, oamenii \u00ee\u0219i pot \u00eentreba medicul cum s\u0103 ajung\u0103 la aceast\u0103 \u00eengrijire.<\/p>\t\t\t\t\t\t\t\t<\/div>\n\t\t\t\t<\/div>\n\t\t\t\t\t<\/div>\n\t\t<\/div>\n\t\t\t\t\t<\/div>\n\t\t<\/section>\n\t\t\t\t<section class=\"elementor-section elementor-top-section elementor-element elementor-element-2edcca1 elementor-section-boxed elementor-section-height-default elementor-section-height-default\" data-id=\"2edcca1\" data-element_type=\"section\">\n\t\t\t\t\t\t<div class=\"elementor-container elementor-column-gap-default\">\n\t\t\t\t\t<div class=\"elementor-column elementor-col-100 elementor-top-column elementor-element elementor-element-75349f87\" data-id=\"75349f87\" data-element_type=\"column\">\n\t\t\t<div class=\"elementor-widget-wrap elementor-element-populated\">\n\t\t\t\t\t\t<div class=\"elementor-element elementor-element-2d2d0e50 elementor-align-center elementor-widget elementor-widget-button\" data-id=\"2d2d0e50\" data-element_type=\"widget\" data-widget_type=\"button.default\">\n\t\t\t\t<div class=\"elementor-widget-container\">\n\t\t\t\t\t\t\t\t\t<div class=\"elementor-button-wrapper\">\n\t\t\t\t\t<a class=\"elementor-button elementor-button-link elementor-size-sm\" href=\"https:\/\/mijn-lo.nl\/ro\/education\/test-6\/\">\n\t\t\t\t\t\t<span class=\"elementor-button-content-wrapper\">\n\t\t\t\t\t\t\t\t\t<span class=\"elementor-button-text\">continua<\/span>\n\t\t\t\t\t<\/span>\n\t\t\t\t\t<\/a>\n\t\t\t\t<\/div>\n\t\t\t\t\t\t\t\t<\/div>\n\t\t\t\t<\/div>\n\t\t\t\t\t<\/div>\n\t\t<\/div>\n\t\t\t\t\t<\/div>\n\t\t<\/section>\n\t\t\t\t<\/div>","protected":false},"excerpt":{"rendered":"<p>Raising kids About raising kids Raising kids in the Netherlands is an important issue Kids have to have a happy childhood and have to feel safe.\u00a0The Netherlands often tops lists about children&#8217;s happiness due to good schools, strong family ties, and government support. But as in any countries problems may arise. Parents usualy look for [&hellip;]<\/p>\n","protected":false},"author":1,"featured_media":0,"parent":3363,"menu_order":4,"comment_status":"closed","ping_status":"closed","template":"elementor_canvas","meta":{"site-sidebar-layout":"no-sidebar","site-content-layout":"page-builder","ast-site-content-layout":"full-width-container","site-content-style":"default","site-sidebar-style":"default","ast-global-header-display":"","ast-banner-title-visibility":"","ast-main-header-display":"","ast-hfb-above-header-display":"","ast-hfb-below-header-display":"","ast-hfb-mobile-header-display":"","site-post-title":"disabled","ast-breadcrumbs-content":"","ast-featured-img":"disabled","footer-sml-layout":"","theme-transparent-header-meta":"","adv-header-id-meta":"","stick-header-meta":"","header-above-stick-meta":"","header-main-stick-meta":"","header-below-stick-meta":"","astra-migrate-meta-layouts":"set","ast-page-background-enabled":"default","ast-page-background-meta":{"desktop":{"background-color":"var(--ast-global-color-4)","background-image":"","background-repeat":"repeat","background-position":"center center","background-size":"auto","background-attachment":"scroll","background-type":"","background-media":"","overlay-type":"","overlay-color":"","overlay-opacity":"","overlay-gradient":""},"tablet":{"background-color":"","background-image":"","background-repeat":"repeat","background-position":"center center","background-size":"auto","background-attachment":"scroll","background-type":"","background-media":"","overlay-type":"","overlay-color":"","overlay-opacity":"","overlay-gradient":""},"mobile":{"background-color":"","background-image":"","background-repeat":"repeat","background-position":"center center","background-size":"auto","background-attachment":"scroll","background-type":"","background-media":"","overlay-type":"","overlay-color":"","overlay-opacity":"","overlay-gradient":""}},"ast-content-background-meta":{"desktop":{"background-color":"var(--ast-global-color-5)","background-image":"","background-repeat":"repeat","background-position":"center center","background-size":"auto","background-attachment":"scroll","background-type":"","background-media":"","overlay-type":"","overlay-color":"","overlay-opacity":"","overlay-gradient":""},"tablet":{"background-color":"var(--ast-global-color-5)","background-image":"","background-repeat":"repeat","background-position":"center center","background-size":"auto","background-attachment":"scroll","background-type":"","background-media":"","overlay-type":"","overlay-color":"","overlay-opacity":"","overlay-gradient":""},"mobile":{"background-color":"var(--ast-global-color-5)","background-image":"","background-repeat":"repeat","background-position":"center center","background-size":"auto","background-attachment":"scroll","background-type":"","background-media":"","overlay-type":"","overlay-color":"","overlay-opacity":"","overlay-gradient":""}},"footnotes":""},"class_list":["post-5573","page","type-page","status-publish","hentry"],"_links":{"self":[{"href":"https:\/\/mijn-lo.nl\/ro\/wp-json\/wp\/v2\/pages\/5573","targetHints":{"allow":["GET"]}}],"collection":[{"href":"https:\/\/mijn-lo.nl\/ro\/wp-json\/wp\/v2\/pages"}],"about":[{"href":"https:\/\/mijn-lo.nl\/ro\/wp-json\/wp\/v2\/types\/page"}],"author":[{"embeddable":true,"href":"https:\/\/mijn-lo.nl\/ro\/wp-json\/wp\/v2\/users\/1"}],"replies":[{"embeddable":true,"href":"https:\/\/mijn-lo.nl\/ro\/wp-json\/wp\/v2\/comments?post=5573"}],"version-history":[{"count":13,"href":"https:\/\/mijn-lo.nl\/ro\/wp-json\/wp\/v2\/pages\/5573\/revisions"}],"predecessor-version":[{"id":6301,"href":"https:\/\/mijn-lo.nl\/ro\/wp-json\/wp\/v2\/pages\/5573\/revisions\/6301"}],"up":[{"embeddable":true,"href":"https:\/\/mijn-lo.nl\/ro\/wp-json\/wp\/v2\/pages\/3363"}],"wp:attachment":[{"href":"https:\/\/mijn-lo.nl\/ro\/wp-json\/wp\/v2\/media?parent=5573"}],"curies":[{"name":"wp","href":"https:\/\/api.w.org\/{rel}","templated":true}]}}