{"id":3293,"date":"2023-09-03T09:25:04","date_gmt":"2023-09-03T09:25:04","guid":{"rendered":"http:\/\/mijn-lo.nl\/?page_id=3293"},"modified":"2025-08-19T17:22:22","modified_gmt":"2025-08-19T17:22:22","slug":"dutch-manners","status":"publish","type":"page","link":"https:\/\/mijn-lo.nl\/tr\/people\/dutch-manners\/","title":{"rendered":"Hollanda g\u00f6rg\u00fc kurallar\u0131"},"content":{"rendered":"<div data-elementor-type=\"wp-page\" data-elementor-id=\"3293\" class=\"elementor elementor-3293\" data-elementor-post-type=\"page\">\n\t\t\t\t\t\t<section class=\"elementor-section elementor-top-section elementor-element elementor-element-5c38edc9 elementor-section-boxed elementor-section-height-default elementor-section-height-default\" data-id=\"5c38edc9\" data-element_type=\"section\" data-settings=\"{&quot;background_background&quot;:&quot;classic&quot;}\">\n\t\t\t\t\t\t<div class=\"elementor-container elementor-column-gap-default\">\n\t\t\t\t\t<div class=\"elementor-column elementor-col-100 elementor-top-column elementor-element elementor-element-6cb9d5f0\" data-id=\"6cb9d5f0\" data-element_type=\"column\">\n\t\t\t<div class=\"elementor-widget-wrap elementor-element-populated\">\n\t\t\t\t\t\t<div class=\"elementor-element elementor-element-13fe97bf elementor-widget elementor-widget-heading\" data-id=\"13fe97bf\" data-element_type=\"widget\" data-widget_type=\"heading.default\">\n\t\t\t\t<div class=\"elementor-widget-container\">\n\t\t\t\t\t<h2 class=\"elementor-heading-title elementor-size-default\">\u0130NSANLAR<\/h2>\t\t\t\t<\/div>\n\t\t\t\t<\/div>\n\t\t\t\t\t<\/div>\n\t\t<\/div>\n\t\t\t\t\t<\/div>\n\t\t<\/section>\n\t\t\t\t<section class=\"elementor-section elementor-top-section elementor-element elementor-element-919e86c elementor-section-boxed elementor-section-height-default elementor-section-height-default\" data-id=\"919e86c\" data-element_type=\"section\">\n\t\t\t\t\t\t<div class=\"elementor-container elementor-column-gap-default\">\n\t\t\t\t\t<div class=\"elementor-column elementor-col-100 elementor-top-column elementor-element elementor-element-39af052\" data-id=\"39af052\" data-element_type=\"column\">\n\t\t\t<div class=\"elementor-widget-wrap elementor-element-populated\">\n\t\t\t\t\t\t<div class=\"elementor-element elementor-element-17e3281 elementor-widget elementor-widget-image\" data-id=\"17e3281\" data-element_type=\"widget\" data-widget_type=\"image.default\">\n\t\t\t\t<div class=\"elementor-widget-container\">\n\t\t\t\t\t\t\t\t\t\t\t\t\t\t\t<img fetchpriority=\"high\" decoding=\"async\" width=\"1024\" height=\"471\" src=\"https:\/\/mijn-lo.nl\/wp-content\/uploads\/2023\/09\/alkmaar1-1-1200x552-1-1024x471.webp\" class=\"attachment-large size-large wp-image-3295\" alt=\"\" srcset=\"https:\/\/mijn-lo.nl\/wp-content\/uploads\/2023\/09\/alkmaar1-1-1200x552-1-1024x471.webp 1024w, https:\/\/mijn-lo.nl\/wp-content\/uploads\/2023\/09\/alkmaar1-1-1200x552-1-300x138.webp 300w, https:\/\/mijn-lo.nl\/wp-content\/uploads\/2023\/09\/alkmaar1-1-1200x552-1-768x353.webp 768w, https:\/\/mijn-lo.nl\/wp-content\/uploads\/2023\/09\/alkmaar1-1-1200x552-1-18x8.webp 18w, https:\/\/mijn-lo.nl\/wp-content\/uploads\/2023\/09\/alkmaar1-1-1200x552-1-24x11.webp 24w, https:\/\/mijn-lo.nl\/wp-content\/uploads\/2023\/09\/alkmaar1-1-1200x552-1-36x17.webp 36w, https:\/\/mijn-lo.nl\/wp-content\/uploads\/2023\/09\/alkmaar1-1-1200x552-1-48x22.webp 48w, https:\/\/mijn-lo.nl\/wp-content\/uploads\/2023\/09\/alkmaar1-1-1200x552-1.webp 1200w\" sizes=\"(max-width: 1024px) 100vw, 1024px\" \/>\t\t\t\t\t\t\t\t\t\t\t\t\t\t\t<\/div>\n\t\t\t\t<\/div>\n\t\t\t\t\t<\/div>\n\t\t<\/div>\n\t\t\t\t\t<\/div>\n\t\t<\/section>\n\t\t\t\t<section class=\"elementor-section elementor-top-section elementor-element elementor-element-8b766db elementor-section-boxed elementor-section-height-default elementor-section-height-default\" data-id=\"8b766db\" data-element_type=\"section\">\n\t\t\t\t\t\t<div class=\"elementor-container elementor-column-gap-default\">\n\t\t\t\t\t<div class=\"elementor-column elementor-col-100 elementor-top-column elementor-element elementor-element-3ab91f5\" data-id=\"3ab91f5\" data-element_type=\"column\">\n\t\t\t<div class=\"elementor-widget-wrap elementor-element-populated\">\n\t\t\t\t\t\t<div class=\"elementor-element elementor-element-a176388 elementor-widget elementor-widget-text-editor\" data-id=\"a176388\" data-element_type=\"widget\" data-widget_type=\"text-editor.default\">\n\t\t\t\t<div class=\"elementor-widget-container\">\n\t\t\t\t\t\t\t\t\t<p style=\"text-align: center;\">Alkmaar: Tipik bir Hollanda kasabas\u0131<\/p>\t\t\t\t\t\t\t\t<\/div>\n\t\t\t\t<\/div>\n\t\t\t\t\t<\/div>\n\t\t<\/div>\n\t\t\t\t\t<\/div>\n\t\t<\/section>\n\t\t\t\t<section class=\"elementor-section elementor-top-section elementor-element elementor-element-4ab774c elementor-section-boxed elementor-section-height-default elementor-section-height-default\" data-id=\"4ab774c\" data-element_type=\"section\">\n\t\t\t\t\t\t<div class=\"elementor-container elementor-column-gap-default\">\n\t\t\t\t\t<div class=\"elementor-column elementor-col-50 elementor-top-column elementor-element elementor-element-d52035b\" data-id=\"d52035b\" data-element_type=\"column\">\n\t\t\t<div class=\"elementor-widget-wrap elementor-element-populated\">\n\t\t\t\t\t\t<div class=\"elementor-element elementor-element-5307f71 elementor-widget elementor-widget-image\" data-id=\"5307f71\" data-element_type=\"widget\" data-widget_type=\"image.default\">\n\t\t\t\t<div class=\"elementor-widget-container\">\n\t\t\t\t\t\t\t\t\t\t\t\t\t\t\t<img decoding=\"async\" width=\"610\" height=\"597\" src=\"https:\/\/mijn-lo.nl\/wp-content\/uploads\/2023\/09\/tegeltje1-610x597-1.webp\" class=\"attachment-large size-large wp-image-3296\" alt=\"\" srcset=\"https:\/\/mijn-lo.nl\/wp-content\/uploads\/2023\/09\/tegeltje1-610x597-1.webp 610w, https:\/\/mijn-lo.nl\/wp-content\/uploads\/2023\/09\/tegeltje1-610x597-1-300x294.webp 300w, https:\/\/mijn-lo.nl\/wp-content\/uploads\/2023\/09\/tegeltje1-610x597-1-12x12.webp 12w, https:\/\/mijn-lo.nl\/wp-content\/uploads\/2023\/09\/tegeltje1-610x597-1-24x24.webp 24w, https:\/\/mijn-lo.nl\/wp-content\/uploads\/2023\/09\/tegeltje1-610x597-1-36x36.webp 36w, https:\/\/mijn-lo.nl\/wp-content\/uploads\/2023\/09\/tegeltje1-610x597-1-48x48.webp 48w\" sizes=\"(max-width: 610px) 100vw, 610px\" \/>\t\t\t\t\t\t\t\t\t\t\t\t\t\t\t<\/div>\n\t\t\t\t<\/div>\n\t\t\t\t\t<\/div>\n\t\t<\/div>\n\t\t\t\t<div class=\"elementor-column elementor-col-50 elementor-top-column elementor-element elementor-element-0de69c5\" data-id=\"0de69c5\" data-element_type=\"column\">\n\t\t\t<div class=\"elementor-widget-wrap elementor-element-populated\">\n\t\t\t\t\t\t<div class=\"elementor-element elementor-element-3ec27b9 elementor-widget elementor-widget-text-editor\" data-id=\"3ec27b9\" data-element_type=\"widget\" data-widget_type=\"text-editor.default\">\n\t\t\t\t<div class=\"elementor-widget-container\">\n\t\t\t\t\t\t\t\t\t<h3 class=\"mbr-section-title mbr-fonts-style mb-3 display-5\"><strong>Hollanda g\u00f6rg\u00fc kurallar\u0131<\/strong><\/h3><p>Farkl\u0131 bir diliniz varsa: videodaki \u00f6nemli konular \u015funlard\u0131r:<br \/>1. Pek \u00e7ok Hollandal\u0131 art\u0131k kiliseye gitmiyor ve genellikle kilise taraf\u0131ndan belirlenen ve kanunlarla kabul edilen kurallar olduk\u00e7a zay\u0131flam\u0131\u015f durumda. \u00d6rne\u011fin k\u00fcrtaja izin veriliyor. K\u00fcrtajla ilgili kurallar\u0131 doktorunuza sorabilirsiniz.<br \/>2. Bazen insanlar hayatlar\u0131n\u0131n son evresine ula\u015f\u0131rlar ve \u00e7ok fazla ac\u0131 \u00e7ekerler. Bir doktor daha sonra ya\u015fam\u0131n sona ermesine yard\u0131mc\u0131 olabilir. Daha sonra \u00f6tenaziden bahsediyoruz.<br \/>3. Hollanda&#039;da bir\u00e7ok ki\u015fi bo\u015fan\u0131yor. Bu tamamen kabul edildi.<br \/>4. Hollanda&#039;da erkek ile erkek veya kad\u0131n ile kad\u0131n aras\u0131ndaki evlilik resmi olarak m\u00fcmk\u00fcnd\u00fcr.<br \/>5. Hollanda&#039;da evlenmeden de birlikte ya\u015fayabilirsiniz. Birlikte ya\u015fama anla\u015fmas\u0131 yapmak m\u00fcmk\u00fcnd\u00fcr.<br \/>6. Di\u011fer baz\u0131 \u00fclkelerin aksine Hollanda&#039;da partnerinize veya \u00e7ocuklar\u0131n\u0131za vurman\u0131za izin verilmiyor. Biz buna aile i\u00e7i \u015fiddet diyoruz<br \/>7. Hollanda&#039;da erkek \u00e7ocuk s\u00fcnnet edilebilir ancak k\u0131z \u00e7ocu\u011funun s\u00fcnnet edilmesi kesinlikle yasakt\u0131r.<br \/>8. Bir yeti\u015fkin ile 16 ya\u015f\u0131n alt\u0131ndaki herhangi biri aras\u0131nda cinsel ili\u015fki yasakt\u0131r. Bask\u0131 alt\u0131nda seks yasakt\u0131r ve tecav\u00fcz olarak kabul edilir. Evlenmeden \u00f6nce seks yapmama yasa\u011f\u0131 \u00e7o\u011fu ki\u015fi taraf\u0131ndan sa\u00e7mal\u0131k olarak g\u00f6r\u00fcl\u00fcyor.<br \/>9. Hollanda&#039;da insanlar\u0131n m\u00fcmk\u00fcn oldu\u011fu kadar uzun s\u00fcre evlerinde ya\u015fad\u0131klar\u0131n\u0131 g\u00f6r\u00fcyoruz. Partneri vefat etmi\u015f olsa bile. Bu, bir\u00e7ok ya\u015fl\u0131 insan\u0131n yaln\u0131z oldu\u011fu anlam\u0131na gelir.<\/p>\t\t\t\t\t\t\t\t<\/div>\n\t\t\t\t<\/div>\n\t\t\t\t\t<\/div>\n\t\t<\/div>\n\t\t\t\t\t<\/div>\n\t\t<\/section>\n\t\t\t\t<section class=\"elementor-section elementor-top-section elementor-element elementor-element-155941f3 elementor-section-boxed elementor-section-height-default elementor-section-height-default\" data-id=\"155941f3\" data-element_type=\"section\">\n\t\t\t\t\t\t<div class=\"elementor-container elementor-column-gap-default\">\n\t\t\t\t\t<div class=\"elementor-column elementor-col-100 elementor-top-column elementor-element elementor-element-5dce2f9\" data-id=\"5dce2f9\" data-element_type=\"column\">\n\t\t\t<div class=\"elementor-widget-wrap elementor-element-populated\">\n\t\t\t\t\t\t<div class=\"elementor-element elementor-element-535cea2c elementor-align-center elementor-widget elementor-widget-button\" data-id=\"535cea2c\" data-element_type=\"widget\" data-widget_type=\"button.default\">\n\t\t\t\t<div class=\"elementor-widget-container\">\n\t\t\t\t\t\t\t\t\t<div class=\"elementor-button-wrapper\">\n\t\t\t\t\t<a class=\"elementor-button elementor-button-link elementor-size-sm\" href=\"https:\/\/mijn-lo.nl\/tr\/people\/important-days-in-the-netherlands\/\">\n\t\t\t\t\t\t<span class=\"elementor-button-content-wrapper\">\n\t\t\t\t\t\t\t\t\t<span class=\"elementor-button-text\">devam etmek<\/span>\n\t\t\t\t\t<\/span>\n\t\t\t\t\t<\/a>\n\t\t\t\t<\/div>\n\t\t\t\t\t\t\t\t<\/div>\n\t\t\t\t<\/div>\n\t\t\t\t\t<\/div>\n\t\t<\/div>\n\t\t\t\t\t<\/div>\n\t\t<\/section>\n\t\t\t\t<\/div>","protected":false},"excerpt":{"rendered":"<p>PEOPLE Alkmaar: a typical Dutch town Dutch manners If you have a different language: important subjects in the video are:1. Many Dutch people no longer go to a church and rules that are often prescribed by the church and adopted by law have been very weakened. For example, abortion is allowed. You can ask your [&hellip;]<\/p>\n","protected":false},"author":1,"featured_media":0,"parent":3321,"menu_order":1,"comment_status":"closed","ping_status":"closed","template":"elementor_canvas","meta":{"site-sidebar-layout":"no-sidebar","site-content-layout":"page-builder","ast-site-content-layout":"full-width-container","site-content-style":"default","site-sidebar-style":"default","ast-global-header-display":"","ast-banner-title-visibility":"","ast-main-header-display":"","ast-hfb-above-header-display":"","ast-hfb-below-header-display":"","ast-hfb-mobile-header-display":"","site-post-title":"disabled","ast-breadcrumbs-content":"","ast-featured-img":"disabled","footer-sml-layout":"","theme-transparent-header-meta":"","adv-header-id-meta":"","stick-header-meta":"","header-above-stick-meta":"","header-main-stick-meta":"","header-below-stick-meta":"","astra-migrate-meta-layouts":"set","ast-page-background-enabled":"default","ast-page-background-meta":{"desktop":{"background-color":"var(--ast-global-color-4)","background-image":"","background-repeat":"repeat","background-position":"center center","background-size":"auto","background-attachment":"scroll","background-type":"","background-media":"","overlay-type":"","overlay-color":"","overlay-opacity":"","overlay-gradient":""},"tablet":{"background-color":"","background-image":"","background-repeat":"repeat","background-position":"center center","background-size":"auto","background-attachment":"scroll","background-type":"","background-media":"","overlay-type":"","overlay-color":"","overlay-opacity":"","overlay-gradient":""},"mobile":{"background-color":"","background-image":"","background-repeat":"repeat","background-position":"center center","background-size":"auto","background-attachment":"scroll","background-type":"","background-media":"","overlay-type":"","overlay-color":"","overlay-opacity":"","overlay-gradient":""}},"ast-content-background-meta":{"desktop":{"background-color":"var(--ast-global-color-5)","background-image":"","background-repeat":"repeat","background-position":"center center","background-size":"auto","background-attachment":"scroll","background-type":"","background-media":"","overlay-type":"","overlay-color":"","overlay-opacity":"","overlay-gradient":""},"tablet":{"background-color":"var(--ast-global-color-5)","background-image":"","background-repeat":"repeat","background-position":"center center","background-size":"auto","background-attachment":"scroll","background-type":"","background-media":"","overlay-type":"","overlay-color":"","overlay-opacity":"","overlay-gradient":""},"mobile":{"background-color":"var(--ast-global-color-5)","background-image":"","background-repeat":"repeat","background-position":"center center","background-size":"auto","background-attachment":"scroll","background-type":"","background-media":"","overlay-type":"","overlay-color":"","overlay-opacity":"","overlay-gradient":""}},"footnotes":""},"class_list":["post-3293","page","type-page","status-publish","hentry"],"_links":{"self":[{"href":"https:\/\/mijn-lo.nl\/tr\/wp-json\/wp\/v2\/pages\/3293","targetHints":{"allow":["GET"]}}],"collection":[{"href":"https:\/\/mijn-lo.nl\/tr\/wp-json\/wp\/v2\/pages"}],"about":[{"href":"https:\/\/mijn-lo.nl\/tr\/wp-json\/wp\/v2\/types\/page"}],"author":[{"embeddable":true,"href":"https:\/\/mijn-lo.nl\/tr\/wp-json\/wp\/v2\/users\/1"}],"replies":[{"embeddable":true,"href":"https:\/\/mijn-lo.nl\/tr\/wp-json\/wp\/v2\/comments?post=3293"}],"version-history":[{"count":17,"href":"https:\/\/mijn-lo.nl\/tr\/wp-json\/wp\/v2\/pages\/3293\/revisions"}],"predecessor-version":[{"id":6238,"href":"https:\/\/mijn-lo.nl\/tr\/wp-json\/wp\/v2\/pages\/3293\/revisions\/6238"}],"up":[{"embeddable":true,"href":"https:\/\/mijn-lo.nl\/tr\/wp-json\/wp\/v2\/pages\/3321"}],"wp:attachment":[{"href":"https:\/\/mijn-lo.nl\/tr\/wp-json\/wp\/v2\/media?parent=3293"}],"curies":[{"name":"wp","href":"https:\/\/api.w.org\/{rel}","templated":true}]}}