{"id":3300,"date":"2023-09-03T09:27:59","date_gmt":"2023-09-03T09:27:59","guid":{"rendered":"http:\/\/mijn-lo.nl\/?page_id=3300"},"modified":"2025-08-19T17:24:31","modified_gmt":"2025-08-19T17:24:31","slug":"the-start","status":"publish","type":"page","link":"https:\/\/mijn-lo.nl\/tr\/housing\/the-start\/","title":{"rendered":"Ba\u015flang\u0131\u00e7"},"content":{"rendered":"<div data-elementor-type=\"wp-page\" data-elementor-id=\"3300\" class=\"elementor elementor-3300\" data-elementor-post-type=\"page\">\n\t\t\t\t\t\t<section class=\"elementor-section elementor-top-section elementor-element elementor-element-5092b9aa elementor-section-boxed elementor-section-height-default elementor-section-height-default\" data-id=\"5092b9aa\" data-element_type=\"section\" data-settings=\"{&quot;background_background&quot;:&quot;classic&quot;}\">\n\t\t\t\t\t\t<div class=\"elementor-container elementor-column-gap-default\">\n\t\t\t\t\t<div class=\"elementor-column elementor-col-100 elementor-top-column elementor-element elementor-element-59a1e21\" data-id=\"59a1e21\" data-element_type=\"column\">\n\t\t\t<div class=\"elementor-widget-wrap elementor-element-populated\">\n\t\t\t\t\t\t<div class=\"elementor-element elementor-element-37e418ef elementor-widget elementor-widget-heading\" data-id=\"37e418ef\" data-element_type=\"widget\" data-widget_type=\"heading.default\">\n\t\t\t\t<div class=\"elementor-widget-container\">\n\t\t\t\t\t<h2 class=\"elementor-heading-title elementor-size-default\">KONUT<\/h2>\t\t\t\t<\/div>\n\t\t\t\t<\/div>\n\t\t\t\t\t<\/div>\n\t\t<\/div>\n\t\t\t\t\t<\/div>\n\t\t<\/section>\n\t\t\t\t<section class=\"elementor-section elementor-top-section elementor-element elementor-element-919e86c elementor-section-boxed elementor-section-height-default elementor-section-height-default\" data-id=\"919e86c\" data-element_type=\"section\">\n\t\t\t\t\t\t<div class=\"elementor-container elementor-column-gap-default\">\n\t\t\t\t\t<div class=\"elementor-column elementor-col-100 elementor-top-column elementor-element elementor-element-39af052\" data-id=\"39af052\" data-element_type=\"column\">\n\t\t\t<div class=\"elementor-widget-wrap elementor-element-populated\">\n\t\t\t\t\t\t<div class=\"elementor-element elementor-element-17e3281 elementor-widget elementor-widget-image\" data-id=\"17e3281\" data-element_type=\"widget\" data-widget_type=\"image.default\">\n\t\t\t\t<div class=\"elementor-widget-container\">\n\t\t\t\t\t\t\t\t\t\t\t\t\t\t\t<img fetchpriority=\"high\" decoding=\"async\" width=\"1024\" height=\"480\" src=\"https:\/\/mijn-lo.nl\/wp-content\/uploads\/2023\/09\/wonen-nederand-utrecht-1779x834-1-1024x480.webp\" class=\"attachment-large size-large wp-image-3302\" alt=\"\" srcset=\"https:\/\/mijn-lo.nl\/wp-content\/uploads\/2023\/09\/wonen-nederand-utrecht-1779x834-1-1024x480.webp 1024w, https:\/\/mijn-lo.nl\/wp-content\/uploads\/2023\/09\/wonen-nederand-utrecht-1779x834-1-300x141.webp 300w, https:\/\/mijn-lo.nl\/wp-content\/uploads\/2023\/09\/wonen-nederand-utrecht-1779x834-1-768x360.webp 768w, https:\/\/mijn-lo.nl\/wp-content\/uploads\/2023\/09\/wonen-nederand-utrecht-1779x834-1-1536x720.webp 1536w, https:\/\/mijn-lo.nl\/wp-content\/uploads\/2023\/09\/wonen-nederand-utrecht-1779x834-1-18x8.webp 18w, https:\/\/mijn-lo.nl\/wp-content\/uploads\/2023\/09\/wonen-nederand-utrecht-1779x834-1-24x11.webp 24w, https:\/\/mijn-lo.nl\/wp-content\/uploads\/2023\/09\/wonen-nederand-utrecht-1779x834-1-36x17.webp 36w, https:\/\/mijn-lo.nl\/wp-content\/uploads\/2023\/09\/wonen-nederand-utrecht-1779x834-1-48x23.webp 48w, https:\/\/mijn-lo.nl\/wp-content\/uploads\/2023\/09\/wonen-nederand-utrecht-1779x834-1.webp 1600w\" sizes=\"(max-width: 1024px) 100vw, 1024px\" \/>\t\t\t\t\t\t\t\t\t\t\t\t\t\t\t<\/div>\n\t\t\t\t<\/div>\n\t\t\t\t\t<\/div>\n\t\t<\/div>\n\t\t\t\t\t<\/div>\n\t\t<\/section>\n\t\t\t\t<section class=\"elementor-section elementor-top-section elementor-element elementor-element-8b766db elementor-section-boxed elementor-section-height-default elementor-section-height-default\" data-id=\"8b766db\" data-element_type=\"section\">\n\t\t\t\t\t\t<div class=\"elementor-container elementor-column-gap-default\">\n\t\t\t\t\t<div class=\"elementor-column elementor-col-100 elementor-top-column elementor-element elementor-element-3ab91f5\" data-id=\"3ab91f5\" data-element_type=\"column\">\n\t\t\t<div class=\"elementor-widget-wrap elementor-element-populated\">\n\t\t\t\t\t\t<div class=\"elementor-element elementor-element-a176388 elementor-widget elementor-widget-text-editor\" data-id=\"a176388\" data-element_type=\"widget\" data-widget_type=\"text-editor.default\">\n\t\t\t\t<div class=\"elementor-widget-container\">\n\t\t\t\t\t\t\t\t\t<p style=\"text-align: center;\">Utrecht: eski evler<\/p>\t\t\t\t\t\t\t\t<\/div>\n\t\t\t\t<\/div>\n\t\t\t\t\t<\/div>\n\t\t<\/div>\n\t\t\t\t\t<\/div>\n\t\t<\/section>\n\t\t\t\t<section class=\"elementor-section elementor-top-section elementor-element elementor-element-4ab774c elementor-section-boxed elementor-section-height-default elementor-section-height-default\" data-id=\"4ab774c\" data-element_type=\"section\">\n\t\t\t\t\t\t<div class=\"elementor-container elementor-column-gap-default\">\n\t\t\t\t\t<div class=\"elementor-column elementor-col-50 elementor-top-column elementor-element elementor-element-d52035b\" data-id=\"d52035b\" data-element_type=\"column\">\n\t\t\t<div class=\"elementor-widget-wrap elementor-element-populated\">\n\t\t\t\t\t\t<div class=\"elementor-element elementor-element-5307f71 elementor-widget elementor-widget-image\" data-id=\"5307f71\" data-element_type=\"widget\" data-widget_type=\"image.default\">\n\t\t\t\t<div class=\"elementor-widget-container\">\n\t\t\t\t\t\t\t\t\t\t\t\t\t\t\t<img decoding=\"async\" width=\"599\" height=\"918\" src=\"https:\/\/mijn-lo.nl\/wp-content\/uploads\/2023\/09\/start12-599x918-1.webp\" class=\"attachment-large size-large wp-image-3306\" alt=\"\" srcset=\"https:\/\/mijn-lo.nl\/wp-content\/uploads\/2023\/09\/start12-599x918-1.webp 599w, https:\/\/mijn-lo.nl\/wp-content\/uploads\/2023\/09\/start12-599x918-1-196x300.webp 196w, https:\/\/mijn-lo.nl\/wp-content\/uploads\/2023\/09\/start12-599x918-1-8x12.webp 8w, https:\/\/mijn-lo.nl\/wp-content\/uploads\/2023\/09\/start12-599x918-1-16x24.webp 16w, https:\/\/mijn-lo.nl\/wp-content\/uploads\/2023\/09\/start12-599x918-1-23x36.webp 23w, https:\/\/mijn-lo.nl\/wp-content\/uploads\/2023\/09\/start12-599x918-1-31x48.webp 31w\" sizes=\"(max-width: 599px) 100vw, 599px\" \/>\t\t\t\t\t\t\t\t\t\t\t\t\t\t\t<\/div>\n\t\t\t\t<\/div>\n\t\t\t\t\t<\/div>\n\t\t<\/div>\n\t\t\t\t<div class=\"elementor-column elementor-col-50 elementor-top-column elementor-element elementor-element-0de69c5\" data-id=\"0de69c5\" data-element_type=\"column\">\n\t\t\t<div class=\"elementor-widget-wrap elementor-element-populated\">\n\t\t\t\t\t\t<div class=\"elementor-element elementor-element-3ec27b9 elementor-widget elementor-widget-text-editor\" data-id=\"3ec27b9\" data-element_type=\"widget\" data-widget_type=\"text-editor.default\">\n\t\t\t\t<div class=\"elementor-widget-container\">\n\t\t\t\t\t\t\t\t\t<h3 class=\"mbr-section-title mbr-fonts-style mb-3 display-5\"><strong>Ba\u015flang\u0131\u00e7<\/strong><\/h3><p>COA izin sahiplerini (\u201cstatushouders\u201d) belediyelere ba\u011flar<\/p><p>Bir s\u0131\u011f\u0131nmac\u0131 oturma izni ald\u0131\u011f\u0131nda, COA (S\u0131\u011f\u0131nmac\u0131lar\u0131 Kabul Merkezi Ajans\u0131) izin sahibini 2 hafta i\u00e7inde bir belediyeye ba\u011flar.<br \/>COA onlar\u0131 en iyi entegrasyon \u015fans\u0131na sahip olduklar\u0131 bir belediyeye atar.<br \/>\u0130zin sahibi i\u00e7in uygun belediyeyi belirlemek amac\u0131yla COA a\u015fa\u011f\u0131daki gibi bilgileri toplar:<\/p><ul><li>Ailenin b\u00fcy\u00fckl\u00fc\u011f\u00fc<\/li><li>Men\u015fei \u00fclke<\/li><li>Dil<\/li><li>Aile birle\u015fimine ili\u015fkin ayr\u0131nt\u0131lar<\/li><li>Bar\u0131nma s\u0131n\u0131rlamalar\u0131 (\u00f6rne\u011fin, ya\u015fam alan\u0131ndaki ayarlamalar)<\/li><li>\u00d6\u011frenim kay\u0131t belgesinin varl\u0131\u011f\u0131<\/li><li>E\u011fitim<\/li><li>\u0130\u015f deneyimi<\/li><li>\u0130\u015f s\u00f6zle\u015fmesinin varl\u0131\u011f\u0131<\/li><li>T\u0131bbi ayr\u0131nt\u0131lar<\/li><li>A\u011f<\/li><li>Gelecek planlar\u0131.<\/li><\/ul>\t\t\t\t\t\t\t\t<\/div>\n\t\t\t\t<\/div>\n\t\t\t\t\t<\/div>\n\t\t<\/div>\n\t\t\t\t\t<\/div>\n\t\t<\/section>\n\t\t\t\t<section class=\"elementor-section elementor-top-section elementor-element elementor-element-2af0ccc4 elementor-section-boxed elementor-section-height-default elementor-section-height-default\" data-id=\"2af0ccc4\" data-element_type=\"section\">\n\t\t\t\t\t\t<div class=\"elementor-container elementor-column-gap-default\">\n\t\t\t\t\t<div class=\"elementor-column elementor-col-100 elementor-top-column elementor-element elementor-element-e959758\" data-id=\"e959758\" data-element_type=\"column\">\n\t\t\t<div class=\"elementor-widget-wrap elementor-element-populated\">\n\t\t\t\t\t\t<div class=\"elementor-element elementor-element-3dfd0a88 elementor-align-center elementor-widget elementor-widget-button\" data-id=\"3dfd0a88\" data-element_type=\"widget\" data-widget_type=\"button.default\">\n\t\t\t\t<div class=\"elementor-widget-container\">\n\t\t\t\t\t\t\t\t\t<div class=\"elementor-button-wrapper\">\n\t\t\t\t\t<a class=\"elementor-button elementor-button-link elementor-size-sm\" href=\"https:\/\/mijn-lo.nl\/tr\/housing\/housing\/\">\n\t\t\t\t\t\t<span class=\"elementor-button-content-wrapper\">\n\t\t\t\t\t\t\t\t\t<span class=\"elementor-button-text\">devam etmek<\/span>\n\t\t\t\t\t<\/span>\n\t\t\t\t\t<\/a>\n\t\t\t\t<\/div>\n\t\t\t\t\t\t\t\t<\/div>\n\t\t\t\t<\/div>\n\t\t\t\t\t<\/div>\n\t\t<\/div>\n\t\t\t\t\t<\/div>\n\t\t<\/section>\n\t\t\t\t<\/div>","protected":false},"excerpt":{"rendered":"<p>HOUSING Utrecht: old houses The start COA connects permit holders (&#8220;statushouders&#8221;) to municipalities When an asylum seeker receives a residence permit, the COA (Central Agency for the Reception of Asylum Seekers) connects the permit holder to a municipality within 2 weeks.The COA assigns them to a municipality where they have the best chance of integration.To [&hellip;]<\/p>\n","protected":false},"author":1,"featured_media":0,"parent":3311,"menu_order":1,"comment_status":"closed","ping_status":"closed","template":"elementor_canvas","meta":{"site-sidebar-layout":"no-sidebar","site-content-layout":"page-builder","ast-site-content-layout":"full-width-container","site-content-style":"default","site-sidebar-style":"default","ast-global-header-display":"","ast-banner-title-visibility":"","ast-main-header-display":"","ast-hfb-above-header-display":"","ast-hfb-below-header-display":"","ast-hfb-mobile-header-display":"","site-post-title":"disabled","ast-breadcrumbs-content":"","ast-featured-img":"disabled","footer-sml-layout":"","theme-transparent-header-meta":"","adv-header-id-meta":"","stick-header-meta":"","header-above-stick-meta":"","header-main-stick-meta":"","header-below-stick-meta":"","astra-migrate-meta-layouts":"set","ast-page-background-enabled":"default","ast-page-background-meta":{"desktop":{"background-color":"var(--ast-global-color-4)","background-image":"","background-repeat":"repeat","background-position":"center center","background-size":"auto","background-attachment":"scroll","background-type":"","background-media":"","overlay-type":"","overlay-color":"","overlay-opacity":"","overlay-gradient":""},"tablet":{"background-color":"","background-image":"","background-repeat":"repeat","background-position":"center center","background-size":"auto","background-attachment":"scroll","background-type":"","background-media":"","overlay-type":"","overlay-color":"","overlay-opacity":"","overlay-gradient":""},"mobile":{"background-color":"","background-image":"","background-repeat":"repeat","background-position":"center center","background-size":"auto","background-attachment":"scroll","background-type":"","background-media":"","overlay-type":"","overlay-color":"","overlay-opacity":"","overlay-gradient":""}},"ast-content-background-meta":{"desktop":{"background-color":"var(--ast-global-color-5)","background-image":"","background-repeat":"repeat","background-position":"center center","background-size":"auto","background-attachment":"scroll","background-type":"","background-media":"","overlay-type":"","overlay-color":"","overlay-opacity":"","overlay-gradient":""},"tablet":{"background-color":"var(--ast-global-color-5)","background-image":"","background-repeat":"repeat","background-position":"center center","background-size":"auto","background-attachment":"scroll","background-type":"","background-media":"","overlay-type":"","overlay-color":"","overlay-opacity":"","overlay-gradient":""},"mobile":{"background-color":"var(--ast-global-color-5)","background-image":"","background-repeat":"repeat","background-position":"center center","background-size":"auto","background-attachment":"scroll","background-type":"","background-media":"","overlay-type":"","overlay-color":"","overlay-opacity":"","overlay-gradient":""}},"footnotes":""},"class_list":["post-3300","page","type-page","status-publish","hentry"],"_links":{"self":[{"href":"https:\/\/mijn-lo.nl\/tr\/wp-json\/wp\/v2\/pages\/3300","targetHints":{"allow":["GET"]}}],"collection":[{"href":"https:\/\/mijn-lo.nl\/tr\/wp-json\/wp\/v2\/pages"}],"about":[{"href":"https:\/\/mijn-lo.nl\/tr\/wp-json\/wp\/v2\/types\/page"}],"author":[{"embeddable":true,"href":"https:\/\/mijn-lo.nl\/tr\/wp-json\/wp\/v2\/users\/1"}],"replies":[{"embeddable":true,"href":"https:\/\/mijn-lo.nl\/tr\/wp-json\/wp\/v2\/comments?post=3300"}],"version-history":[{"count":26,"href":"https:\/\/mijn-lo.nl\/tr\/wp-json\/wp\/v2\/pages\/3300\/revisions"}],"predecessor-version":[{"id":6250,"href":"https:\/\/mijn-lo.nl\/tr\/wp-json\/wp\/v2\/pages\/3300\/revisions\/6250"}],"up":[{"embeddable":true,"href":"https:\/\/mijn-lo.nl\/tr\/wp-json\/wp\/v2\/pages\/3311"}],"wp:attachment":[{"href":"https:\/\/mijn-lo.nl\/tr\/wp-json\/wp\/v2\/media?parent=3300"}],"curies":[{"name":"wp","href":"https:\/\/api.w.org\/{rel}","templated":true}]}}