{"id":3473,"date":"2023-09-03T11:16:47","date_gmt":"2023-09-03T11:16:47","guid":{"rendered":"http:\/\/mijn-lo.nl\/?page_id=3473"},"modified":"2025-08-19T17:17:43","modified_gmt":"2025-08-19T17:17:43","slug":"big-cities-and-the-randstad","status":"publish","type":"page","link":"https:\/\/mijn-lo.nl\/tr\/the-netherlands\/big-cities-and-the-randstad\/","title":{"rendered":"B\u00fcy\u00fck \u015fehirler ve Randstad"},"content":{"rendered":"<div data-elementor-type=\"wp-page\" data-elementor-id=\"3473\" class=\"elementor elementor-3473\" data-elementor-post-type=\"page\">\n\t\t\t\t\t\t<section class=\"elementor-section elementor-top-section elementor-element elementor-element-4ab774c elementor-section-boxed elementor-section-height-default elementor-section-height-default\" data-id=\"4ab774c\" data-element_type=\"section\">\n\t\t\t\t\t\t\t<div class=\"elementor-background-overlay\"><\/div>\n\t\t\t\t\t\t\t<div class=\"elementor-container elementor-column-gap-default\">\n\t\t\t\t\t<div class=\"elementor-column elementor-col-50 elementor-top-column elementor-element elementor-element-d52035b\" data-id=\"d52035b\" data-element_type=\"column\">\n\t\t\t<div class=\"elementor-widget-wrap elementor-element-populated\">\n\t\t\t\t\t\t<div class=\"elementor-element elementor-element-5307f71 elementor-widget elementor-widget-image\" data-id=\"5307f71\" data-element_type=\"widget\" data-widget_type=\"image.default\">\n\t\t\t\t<div class=\"elementor-widget-container\">\n\t\t\t\t\t\t\t\t\t\t\t\t\t\t\t<img fetchpriority=\"high\" decoding=\"async\" width=\"750\" height=\"457\" src=\"https:\/\/mijn-lo.nl\/wp-content\/uploads\/2023\/09\/amsteradam3-750x457-1.webp\" class=\"attachment-large size-large wp-image-3475\" alt=\"\" srcset=\"https:\/\/mijn-lo.nl\/wp-content\/uploads\/2023\/09\/amsteradam3-750x457-1.webp 750w, https:\/\/mijn-lo.nl\/wp-content\/uploads\/2023\/09\/amsteradam3-750x457-1-300x183.webp 300w, https:\/\/mijn-lo.nl\/wp-content\/uploads\/2023\/09\/amsteradam3-750x457-1-18x12.webp 18w, https:\/\/mijn-lo.nl\/wp-content\/uploads\/2023\/09\/amsteradam3-750x457-1-24x15.webp 24w, https:\/\/mijn-lo.nl\/wp-content\/uploads\/2023\/09\/amsteradam3-750x457-1-36x22.webp 36w, https:\/\/mijn-lo.nl\/wp-content\/uploads\/2023\/09\/amsteradam3-750x457-1-48x29.webp 48w\" sizes=\"(max-width: 750px) 100vw, 750px\" \/>\t\t\t\t\t\t\t\t\t\t\t\t\t\t\t<\/div>\n\t\t\t\t<\/div>\n\t\t\t\t<div class=\"elementor-element elementor-element-12a9154 elementor-widget elementor-widget-text-editor\" data-id=\"12a9154\" data-element_type=\"widget\" data-widget_type=\"text-editor.default\">\n\t\t\t\t<div class=\"elementor-widget-container\">\n\t\t\t\t\t\t\t\t\t<p style=\"text-align: center;\">Amsterdam, kanal (Foto\u011fraf)\u00a0<a href=\"https:\/\/pixabay.com\/nl\/users\/corgaasbeek-905824\/?utm_source=link-attribution&amp;utm_medium=referral&amp;utm_campaign=image&amp;utm_content=890698\">Kor Gaasbeek<\/a>\u00a0arac\u0131l\u0131\u011f\u0131yla\u00a0<a href=\"https:\/\/pixabay.com\/nl\/\/?utm_source=link-attribution&amp;utm_medium=referral&amp;utm_campaign=image&amp;utm_content=890698\">Pixabay<\/a>)<\/p>\t\t\t\t\t\t\t\t<\/div>\n\t\t\t\t<\/div>\n\t\t\t\t\t<\/div>\n\t\t<\/div>\n\t\t\t\t<div class=\"elementor-column elementor-col-50 elementor-top-column elementor-element elementor-element-0de69c5\" data-id=\"0de69c5\" data-element_type=\"column\">\n\t\t\t<div class=\"elementor-widget-wrap elementor-element-populated\">\n\t\t\t\t\t\t<div class=\"elementor-element elementor-element-3ec27b9 elementor-widget elementor-widget-text-editor\" data-id=\"3ec27b9\" data-element_type=\"widget\" data-widget_type=\"text-editor.default\">\n\t\t\t\t<div class=\"elementor-widget-container\">\n\t\t\t\t\t\t\t\t\t<h3 class=\"mbr-section-title mbr-fonts-style mb-3 display-5\"><strong>B\u00fcy\u00fck \u015fehirler ve Randstad<\/strong><\/h3>\n<p class=\"mbr-text mbr-fonts-style display-7\"><strong>Amsterdam\u00a0<\/strong>Hollanda&#039;n\u0131n ba\u015fkentidir. B\u00fcy\u00fck havaalan\u0131\u00a0<strong>Schiphol<\/strong>\u00a0Amsterdam yak\u0131nlar\u0131nda bulunmaktad\u0131r.<\/p>\n<p class=\"mbr-text mbr-fonts-style display-7\">Amsterdam \u00e7ok g\u00fczel bir \u015fehir, kanallar\u0131 ve g\u00fczel evleriyle tan\u0131n\u0131yor. Hollanda&#039;n\u0131n ba\u015fkentidir. Amsterdam&#039;\u0131n \u00fcnl\u00fc yerleri:<\/p>\n\n<ul>\n \t<li class=\"mbr-text mbr-fonts-style display-7\">\u201cBaraj\u201d = kraliyet saray\u0131n\u0131n bulundu\u011fu b\u00fcy\u00fck meydan<\/li>\n \t<li class=\"mbr-text mbr-fonts-style display-7\">Rijksmuseum, Rembrandt gibi \u00fcnl\u00fc Hollandal\u0131 ressamlar\u0131n tablolar\u0131n\u0131n bulundu\u011fu \u00fcnl\u00fc m\u00fcze.<\/li>\n \t<li class=\"mbr-text mbr-fonts-style display-7\">Kanallar: Benzersizdirler.<\/li>\n<\/ul>\nBaraj, Rijksmuseum, Rembrandt, kanallar Hollandaca&#039;da:\n\n<audio class=\"wp-audio-shortcode\" id=\"audio-3473-1\" preload=\"none\" style=\"width: 100%;\" controls=\"controls\"><source type=\"audio\/wav\" src=\"https:\/\/mijn-lo.nl\/wp-content\/uploads\/2023\/09\/MAPH1-4-1.wav?_=1\" \/><a href=\"https:\/\/mijn-lo.nl\/wp-content\/uploads\/2023\/09\/MAPH1-4-1.wav\">https:\/\/mijn-lo.nl\/wp-content\/uploads\/2023\/09\/MAPH1-4-1.wav<\/a><\/audio>\t\t\t\t\t\t\t\t<\/div>\n\t\t\t\t<\/div>\n\t\t\t\t\t<\/div>\n\t\t<\/div>\n\t\t\t\t\t<\/div>\n\t\t<\/section>\n\t\t\t\t<section class=\"elementor-section elementor-top-section elementor-element elementor-element-24cf9fa elementor-section-boxed elementor-section-height-default elementor-section-height-default\" data-id=\"24cf9fa\" data-element_type=\"section\">\n\t\t\t\t\t\t<div class=\"elementor-container elementor-column-gap-default\">\n\t\t\t\t\t<div class=\"elementor-column elementor-col-50 elementor-top-column elementor-element elementor-element-b1caf59\" data-id=\"b1caf59\" data-element_type=\"column\">\n\t\t\t<div class=\"elementor-widget-wrap elementor-element-populated\">\n\t\t\t\t\t\t<div class=\"elementor-element elementor-element-6484c7e elementor-widget elementor-widget-image\" data-id=\"6484c7e\" data-element_type=\"widget\" data-widget_type=\"image.default\">\n\t\t\t\t<div class=\"elementor-widget-container\">\n\t\t\t\t\t\t\t\t\t\t\t\t\t\t\t<img decoding=\"async\" width=\"925\" height=\"610\" src=\"https:\/\/mijn-lo.nl\/wp-content\/uploads\/2023\/09\/denhaag2-925x610-1.webp\" class=\"attachment-large size-large wp-image-3483\" alt=\"\" srcset=\"https:\/\/mijn-lo.nl\/wp-content\/uploads\/2023\/09\/denhaag2-925x610-1.webp 925w, https:\/\/mijn-lo.nl\/wp-content\/uploads\/2023\/09\/denhaag2-925x610-1-300x198.webp 300w, https:\/\/mijn-lo.nl\/wp-content\/uploads\/2023\/09\/denhaag2-925x610-1-768x506.webp 768w, https:\/\/mijn-lo.nl\/wp-content\/uploads\/2023\/09\/denhaag2-925x610-1-18x12.webp 18w, https:\/\/mijn-lo.nl\/wp-content\/uploads\/2023\/09\/denhaag2-925x610-1-24x16.webp 24w, https:\/\/mijn-lo.nl\/wp-content\/uploads\/2023\/09\/denhaag2-925x610-1-36x24.webp 36w, https:\/\/mijn-lo.nl\/wp-content\/uploads\/2023\/09\/denhaag2-925x610-1-48x32.webp 48w\" sizes=\"(max-width: 925px) 100vw, 925px\" \/>\t\t\t\t\t\t\t\t\t\t\t\t\t\t\t<\/div>\n\t\t\t\t<\/div>\n\t\t\t\t<div class=\"elementor-element elementor-element-7254094 elementor-widget elementor-widget-text-editor\" data-id=\"7254094\" data-element_type=\"widget\" data-widget_type=\"text-editor.default\">\n\t\t\t\t<div class=\"elementor-widget-container\">\n\t\t\t\t\t\t\t\t\t<p style=\"text-align: center;\">Te Hague (Foto\u011fraf)\u00a0<a href=\"https:\/\/pixabay.com\/nl\/users\/corgaasbeek-905824\/?utm_source=link-attribution&amp;utm_medium=referral&amp;utm_campaign=image&amp;utm_content=890698\">Kor Gaasbeek<\/a>\u00a0arac\u0131l\u0131\u011f\u0131yla\u00a0<a href=\"https:\/\/pixabay.com\/nl\/\/?utm_source=link-attribution&amp;utm_medium=referral&amp;utm_campaign=image&amp;utm_content=890698\">Pixabay<\/a>)<\/p>\t\t\t\t\t\t\t\t<\/div>\n\t\t\t\t<\/div>\n\t\t\t\t\t<\/div>\n\t\t<\/div>\n\t\t\t\t<div class=\"elementor-column elementor-col-50 elementor-top-column elementor-element elementor-element-2c54c47\" data-id=\"2c54c47\" data-element_type=\"column\">\n\t\t\t<div class=\"elementor-widget-wrap elementor-element-populated\">\n\t\t\t\t\t\t<div class=\"elementor-element elementor-element-1830e68 elementor-widget elementor-widget-text-editor\" data-id=\"1830e68\" data-element_type=\"widget\" data-widget_type=\"text-editor.default\">\n\t\t\t\t<div class=\"elementor-widget-container\">\n\t\t\t\t\t\t\t\t\t<h3><strong>Lahey<\/strong><\/h3>\nLahey, h\u00fck\u00fcmetin bulundu\u011fu \u015fehirdir. Lahey'deki me\u015fhur yerlerden biri de bakanlar\u0131n ve farkl\u0131 siyasi partilerin milletvekillerinin yeni yasa \u00f6nerileri gibi \u00f6nemli konular\u0131 g\u00f6r\u00fc\u015fmek \u00fczere bir araya geldikleri yerdir.\n\nHollanda bir demokrasidir, yani Hollanda'da ya\u015fayanlar se\u00e7imler yoluyla kendilerini kimin temsil edece\u011fini se\u00e7erler. Ayn\u0131 zamanda bir monar\u015fimiz var ama asl\u0131nda kral ve krali\u00e7enin ger\u00e7ek bir g\u00fcc\u00fc yok ve \u00fclkemizi temsil etmeleri \u00e7ok \u00f6nemli. Kanunen hi\u00e7bir siyasi g\u00f6r\u00fc\u015fe sahip de\u011fildirler.\n\nHollandaca Lahey:\n\n<audio class=\"wp-audio-shortcode\" id=\"audio-3473-2\" preload=\"none\" style=\"width: 100%;\" controls=\"controls\"><source type=\"audio\/wav\" src=\"https:\/\/mijn-lo.nl\/wp-content\/uploads\/2023\/09\/MAPH1-5-1.wav?_=2\" \/><a href=\"https:\/\/mijn-lo.nl\/wp-content\/uploads\/2023\/09\/MAPH1-5-1.wav\">https:\/\/mijn-lo.nl\/wp-content\/uploads\/2023\/09\/MAPH1-5-1.wav<\/a><\/audio>\t\t\t\t\t\t\t\t<\/div>\n\t\t\t\t<\/div>\n\t\t\t\t\t<\/div>\n\t\t<\/div>\n\t\t\t\t\t<\/div>\n\t\t<\/section>\n\t\t\t\t<section class=\"elementor-section elementor-top-section elementor-element elementor-element-b8f7c24 elementor-section-boxed elementor-section-height-default elementor-section-height-default\" data-id=\"b8f7c24\" data-element_type=\"section\">\n\t\t\t\t\t\t<div class=\"elementor-container elementor-column-gap-default\">\n\t\t\t\t\t<div class=\"elementor-column elementor-col-50 elementor-top-column elementor-element elementor-element-9742133\" data-id=\"9742133\" data-element_type=\"column\">\n\t\t\t<div class=\"elementor-widget-wrap elementor-element-populated\">\n\t\t\t\t\t\t<div class=\"elementor-element elementor-element-371b563 elementor-widget elementor-widget-image\" data-id=\"371b563\" data-element_type=\"widget\" data-widget_type=\"image.default\">\n\t\t\t\t<div class=\"elementor-widget-container\">\n\t\t\t\t\t\t\t\t\t\t\t\t\t\t\t<img decoding=\"async\" width=\"893\" height=\"508\" src=\"https:\/\/mijn-lo.nl\/wp-content\/uploads\/2023\/09\/rotterdam-skyline-893x508-1.webp\" class=\"attachment-large size-large wp-image-3489\" alt=\"\" srcset=\"https:\/\/mijn-lo.nl\/wp-content\/uploads\/2023\/09\/rotterdam-skyline-893x508-1.webp 893w, https:\/\/mijn-lo.nl\/wp-content\/uploads\/2023\/09\/rotterdam-skyline-893x508-1-300x171.webp 300w, https:\/\/mijn-lo.nl\/wp-content\/uploads\/2023\/09\/rotterdam-skyline-893x508-1-768x437.webp 768w, https:\/\/mijn-lo.nl\/wp-content\/uploads\/2023\/09\/rotterdam-skyline-893x508-1-18x10.webp 18w, https:\/\/mijn-lo.nl\/wp-content\/uploads\/2023\/09\/rotterdam-skyline-893x508-1-24x14.webp 24w, https:\/\/mijn-lo.nl\/wp-content\/uploads\/2023\/09\/rotterdam-skyline-893x508-1-36x20.webp 36w, https:\/\/mijn-lo.nl\/wp-content\/uploads\/2023\/09\/rotterdam-skyline-893x508-1-48x27.webp 48w\" sizes=\"(max-width: 893px) 100vw, 893px\" \/>\t\t\t\t\t\t\t\t\t\t\t\t\t\t\t<\/div>\n\t\t\t\t<\/div>\n\t\t\t\t<div class=\"elementor-element elementor-element-c9e2d2d elementor-widget elementor-widget-text-editor\" data-id=\"c9e2d2d\" data-element_type=\"widget\" data-widget_type=\"text-editor.default\">\n\t\t\t\t<div class=\"elementor-widget-container\">\n\t\t\t\t\t\t\t\t\t<p style=\"text-align: center;\">Rotterdam Manzaras\u0131 (foto\u011fraf:\u00a0<a href=\"https:\/\/pixabay.com\/nl\/users\/ivart-2435700\/?utm_source=link-attribution&amp;utm_medium=referral&amp;utm_campaign=image&amp;utm_content=1611943\">Ravi<\/a>\u00a0arac\u0131l\u0131\u011f\u0131yla\u00a0<a href=\"https:\/\/pixabay.com\/nl\/\/?utm_source=link-attribution&amp;utm_medium=referral&amp;utm_campaign=image&amp;utm_content=1611943\">Pixabay<\/a>)<\/p>\t\t\t\t\t\t\t\t<\/div>\n\t\t\t\t<\/div>\n\t\t\t\t\t<\/div>\n\t\t<\/div>\n\t\t\t\t<div class=\"elementor-column elementor-col-50 elementor-top-column elementor-element elementor-element-c4128a9\" data-id=\"c4128a9\" data-element_type=\"column\">\n\t\t\t<div class=\"elementor-widget-wrap elementor-element-populated\">\n\t\t\t\t\t\t<div class=\"elementor-element elementor-element-e37e50c elementor-widget elementor-widget-text-editor\" data-id=\"e37e50c\" data-element_type=\"widget\" data-widget_type=\"text-editor.default\">\n\t\t\t\t<div class=\"elementor-widget-container\">\n\t\t\t\t\t\t\t\t\t<h3><strong>Rotterdam<\/strong><\/h3>\n<strong>\n<\/strong>Rotterdam, Avrupa'n\u0131n en b\u00fcy\u00fck liman\u0131 olarak bilinir. Bu nedenle bazen \"Avrupa'n\u0131n liman\u0131\" olarak da adland\u0131r\u0131l\u0131r. \u0130kinci D\u00fcnya Sava\u015f\u0131 s\u0131ras\u0131nda Rotterdam bombard\u0131manlarla tamamen y\u0131k\u0131lm\u0131\u015ft\u0131r. Rotterdam yeni bir \u015fehir gibi g\u00f6r\u00fcn\u00fcyor.\n\nDi\u011fer b\u00fcy\u00fck \u015fehirlerde oldu\u011fu gibi T\u00fcrkiye, Morroco ve Surinam gibi farkl\u0131 \u00fclkelerden gelen bir\u00e7ok insan bu b\u00fcy\u00fck \u015fehirlerde ya\u015famaktad\u0131r.\n\nHollandaca Rotterdam:\n\n<audio class=\"wp-audio-shortcode\" id=\"audio-3473-3\" preload=\"none\" style=\"width: 100%;\" controls=\"controls\"><source type=\"audio\/wav\" src=\"https:\/\/mijn-lo.nl\/wp-content\/uploads\/2023\/09\/MAPH1-5-2.wav?_=3\" \/><a href=\"https:\/\/mijn-lo.nl\/wp-content\/uploads\/2023\/09\/MAPH1-5-2.wav\">https:\/\/mijn-lo.nl\/wp-content\/uploads\/2023\/09\/MAPH1-5-2.wav<\/a><\/audio>\t\t\t\t\t\t\t\t<\/div>\n\t\t\t\t<\/div>\n\t\t\t\t\t<\/div>\n\t\t<\/div>\n\t\t\t\t\t<\/div>\n\t\t<\/section>\n\t\t\t\t<section class=\"elementor-section elementor-top-section elementor-element elementor-element-27f1b0b elementor-section-boxed elementor-section-height-default elementor-section-height-default\" data-id=\"27f1b0b\" data-element_type=\"section\">\n\t\t\t\t\t\t<div class=\"elementor-container elementor-column-gap-default\">\n\t\t\t\t\t<div class=\"elementor-column elementor-col-50 elementor-top-column elementor-element elementor-element-618028c\" data-id=\"618028c\" data-element_type=\"column\">\n\t\t\t<div class=\"elementor-widget-wrap elementor-element-populated\">\n\t\t\t\t\t\t<div class=\"elementor-element elementor-element-ffeaab7 elementor-widget elementor-widget-image\" data-id=\"ffeaab7\" data-element_type=\"widget\" data-widget_type=\"image.default\">\n\t\t\t\t<div class=\"elementor-widget-container\">\n\t\t\t\t\t\t\t\t\t\t\t\t\t\t\t<img loading=\"lazy\" decoding=\"async\" width=\"750\" height=\"472\" src=\"https:\/\/mijn-lo.nl\/wp-content\/uploads\/2023\/09\/domtoren-750x472-1.webp\" class=\"attachment-large size-large wp-image-3491\" alt=\"\" srcset=\"https:\/\/mijn-lo.nl\/wp-content\/uploads\/2023\/09\/domtoren-750x472-1.webp 750w, https:\/\/mijn-lo.nl\/wp-content\/uploads\/2023\/09\/domtoren-750x472-1-300x189.webp 300w, https:\/\/mijn-lo.nl\/wp-content\/uploads\/2023\/09\/domtoren-750x472-1-18x12.webp 18w, https:\/\/mijn-lo.nl\/wp-content\/uploads\/2023\/09\/domtoren-750x472-1-24x15.webp 24w, https:\/\/mijn-lo.nl\/wp-content\/uploads\/2023\/09\/domtoren-750x472-1-36x23.webp 36w, https:\/\/mijn-lo.nl\/wp-content\/uploads\/2023\/09\/domtoren-750x472-1-48x30.webp 48w\" sizes=\"(max-width: 750px) 100vw, 750px\" \/>\t\t\t\t\t\t\t\t\t\t\t\t\t\t\t<\/div>\n\t\t\t\t<\/div>\n\t\t\t\t<div class=\"elementor-element elementor-element-f899ccc elementor-widget elementor-widget-text-editor\" data-id=\"f899ccc\" data-element_type=\"widget\" data-widget_type=\"text-editor.default\">\n\t\t\t\t<div class=\"elementor-widget-container\">\n\t\t\t\t\t\t\t\t\t<p style=\"text-align: center;\">Utrecht, Domtoren (foto\u011fraf,\u00a0<a href=\"https:\/\/pixabay.com\/nl\/users\/braico-230377\/?utm_source=link-attribution&amp;utm_medium=referral&amp;utm_campaign=image&amp;utm_content=329484\">Brian Dorff<\/a>\u00a0arac\u0131l\u0131\u011f\u0131yla\u00a0<a href=\"https:\/\/pixabay.com\/nl\/\/?utm_source=link-attribution&amp;utm_medium=referral&amp;utm_campaign=image&amp;utm_content=329484\">Pixabay<\/a>)<\/p>\t\t\t\t\t\t\t\t<\/div>\n\t\t\t\t<\/div>\n\t\t\t\t\t<\/div>\n\t\t<\/div>\n\t\t\t\t<div class=\"elementor-column elementor-col-50 elementor-top-column elementor-element elementor-element-d41e83a\" data-id=\"d41e83a\" data-element_type=\"column\">\n\t\t\t<div class=\"elementor-widget-wrap elementor-element-populated\">\n\t\t\t\t\t\t<div class=\"elementor-element elementor-element-d9e7e9e elementor-widget elementor-widget-text-editor\" data-id=\"d9e7e9e\" data-element_type=\"widget\" data-widget_type=\"text-editor.default\">\n\t\t\t\t<div class=\"elementor-widget-container\">\n\t\t\t\t\t\t\t\t\t<h3><strong>Utrecht<\/strong><\/h3>\nUtrecht Hollanda'n\u0131n ortas\u0131nda yer al\u0131r. Eski bir \u015fehirdir. Yakla\u015f\u0131k 700 y\u0131ll\u0131k Dom Kulesi, uzun bir s\u00fcre Hollanda'n\u0131n en y\u00fcksek binas\u0131 olmu\u015ftur.\n\nHollandaca Utrecht:\n\n<audio class=\"wp-audio-shortcode\" id=\"audio-3473-4\" preload=\"none\" style=\"width: 100%;\" controls=\"controls\"><source type=\"audio\/wav\" src=\"https:\/\/mijn-lo.nl\/wp-content\/uploads\/2023\/09\/MAPH1-5-3.wav?_=4\" \/><a href=\"https:\/\/mijn-lo.nl\/wp-content\/uploads\/2023\/09\/MAPH1-5-3.wav\">https:\/\/mijn-lo.nl\/wp-content\/uploads\/2023\/09\/MAPH1-5-3.wav<\/a><\/audio>\t\t\t\t\t\t\t\t<\/div>\n\t\t\t\t<\/div>\n\t\t\t\t\t<\/div>\n\t\t<\/div>\n\t\t\t\t\t<\/div>\n\t\t<\/section>\n\t\t\t\t<section class=\"elementor-section elementor-top-section elementor-element elementor-element-3a3011f1 elementor-section-boxed elementor-section-height-default elementor-section-height-default\" data-id=\"3a3011f1\" data-element_type=\"section\">\n\t\t\t\t\t\t<div class=\"elementor-container elementor-column-gap-default\">\n\t\t\t\t\t<div class=\"elementor-column elementor-col-100 elementor-top-column elementor-element elementor-element-4ccefaa5\" data-id=\"4ccefaa5\" data-element_type=\"column\">\n\t\t\t<div class=\"elementor-widget-wrap elementor-element-populated\">\n\t\t\t\t\t\t<div class=\"elementor-element elementor-element-5d53655a elementor-align-center elementor-widget elementor-widget-button\" data-id=\"5d53655a\" data-element_type=\"widget\" data-widget_type=\"button.default\">\n\t\t\t\t<div class=\"elementor-widget-container\">\n\t\t\t\t\t\t\t\t\t<div class=\"elementor-button-wrapper\">\n\t\t\t\t\t<a class=\"elementor-button elementor-button-link elementor-size-sm\" href=\"https:\/\/mijn-lo.nl\/tr\/the-netherlands\/water-water-water\/\">\n\t\t\t\t\t\t<span class=\"elementor-button-content-wrapper\">\n\t\t\t\t\t\t\t\t\t<span class=\"elementor-button-text\">devam etmek<\/span>\n\t\t\t\t\t<\/span>\n\t\t\t\t\t<\/a>\n\t\t\t\t<\/div>\n\t\t\t\t\t\t\t\t<\/div>\n\t\t\t\t<\/div>\n\t\t\t\t\t<\/div>\n\t\t<\/div>\n\t\t\t\t\t<\/div>\n\t\t<\/section>\n\t\t\t\t<\/div>","protected":false},"excerpt":{"rendered":"<p>Amsterdam, canal (Photo\u00a0Cor Gaasbeek\u00a0via\u00a0Pixabay) Big cities and the Randstad Amsterdam\u00a0is the capital of the Netherlands. The big airport\u00a0Schiphol\u00a0is situated near Amsterdam. Amsterdam is a very beautiful city, known for its canals with beautiful houses. It is the capital of the Netherlands. Famous places in Amsterdam are: The &#8220;Dam&#8221; = large square with the royal palace [&hellip;]<\/p>\n","protected":false},"author":1,"featured_media":0,"parent":5002,"menu_order":3,"comment_status":"closed","ping_status":"closed","template":"elementor_canvas","meta":{"site-sidebar-layout":"no-sidebar","site-content-layout":"page-builder","ast-site-content-layout":"full-width-container","site-content-style":"default","site-sidebar-style":"default","ast-global-header-display":"","ast-banner-title-visibility":"","ast-main-header-display":"","ast-hfb-above-header-display":"","ast-hfb-below-header-display":"","ast-hfb-mobile-header-display":"","site-post-title":"disabled","ast-breadcrumbs-content":"","ast-featured-img":"disabled","footer-sml-layout":"","theme-transparent-header-meta":"","adv-header-id-meta":"","stick-header-meta":"","header-above-stick-meta":"","header-main-stick-meta":"","header-below-stick-meta":"","astra-migrate-meta-layouts":"set","ast-page-background-enabled":"default","ast-page-background-meta":{"desktop":{"background-color":"var(--ast-global-color-4)","background-image":"","background-repeat":"repeat","background-position":"center center","background-size":"auto","background-attachment":"scroll","background-type":"","background-media":"","overlay-type":"","overlay-color":"","overlay-opacity":"","overlay-gradient":""},"tablet":{"background-color":"","background-image":"","background-repeat":"repeat","background-position":"center center","background-size":"auto","background-attachment":"scroll","background-type":"","background-media":"","overlay-type":"","overlay-color":"","overlay-opacity":"","overlay-gradient":""},"mobile":{"background-color":"","background-image":"","background-repeat":"repeat","background-position":"center center","background-size":"auto","background-attachment":"scroll","background-type":"","background-media":"","overlay-type":"","overlay-color":"","overlay-opacity":"","overlay-gradient":""}},"ast-content-background-meta":{"desktop":{"background-color":"var(--ast-global-color-5)","background-image":"","background-repeat":"repeat","background-position":"center center","background-size":"auto","background-attachment":"scroll","background-type":"","background-media":"","overlay-type":"","overlay-color":"","overlay-opacity":"","overlay-gradient":""},"tablet":{"background-color":"var(--ast-global-color-5)","background-image":"","background-repeat":"repeat","background-position":"center center","background-size":"auto","background-attachment":"scroll","background-type":"","background-media":"","overlay-type":"","overlay-color":"","overlay-opacity":"","overlay-gradient":""},"mobile":{"background-color":"var(--ast-global-color-5)","background-image":"","background-repeat":"repeat","background-position":"center center","background-size":"auto","background-attachment":"scroll","background-type":"","background-media":"","overlay-type":"","overlay-color":"","overlay-opacity":"","overlay-gradient":""}},"footnotes":""},"class_list":["post-3473","page","type-page","status-publish","hentry"],"_links":{"self":[{"href":"https:\/\/mijn-lo.nl\/tr\/wp-json\/wp\/v2\/pages\/3473","targetHints":{"allow":["GET"]}}],"collection":[{"href":"https:\/\/mijn-lo.nl\/tr\/wp-json\/wp\/v2\/pages"}],"about":[{"href":"https:\/\/mijn-lo.nl\/tr\/wp-json\/wp\/v2\/types\/page"}],"author":[{"embeddable":true,"href":"https:\/\/mijn-lo.nl\/tr\/wp-json\/wp\/v2\/users\/1"}],"replies":[{"embeddable":true,"href":"https:\/\/mijn-lo.nl\/tr\/wp-json\/wp\/v2\/comments?post=3473"}],"version-history":[{"count":29,"href":"https:\/\/mijn-lo.nl\/tr\/wp-json\/wp\/v2\/pages\/3473\/revisions"}],"predecessor-version":[{"id":6214,"href":"https:\/\/mijn-lo.nl\/tr\/wp-json\/wp\/v2\/pages\/3473\/revisions\/6214"}],"up":[{"embeddable":true,"href":"https:\/\/mijn-lo.nl\/tr\/wp-json\/wp\/v2\/pages\/5002"}],"wp:attachment":[{"href":"https:\/\/mijn-lo.nl\/tr\/wp-json\/wp\/v2\/media?parent=3473"}],"curies":[{"name":"wp","href":"https:\/\/api.w.org\/{rel}","templated":true}]}}