{"id":3637,"date":"2023-09-03T12:19:16","date_gmt":"2023-09-03T12:19:16","guid":{"rendered":"http:\/\/mijn-lo.nl\/?page_id=3637"},"modified":"2025-08-19T17:20:49","modified_gmt":"2025-08-19T17:20:49","slug":"the-language","status":"publish","type":"page","link":"https:\/\/mijn-lo.nl\/tr\/the-netherlands\/the-language\/","title":{"rendered":"Dil"},"content":{"rendered":"<div data-elementor-type=\"wp-page\" data-elementor-id=\"3637\" class=\"elementor elementor-3637\" data-elementor-post-type=\"page\">\n\t\t\t\t\t\t<section class=\"elementor-section elementor-top-section elementor-element elementor-element-4ab774c elementor-section-boxed elementor-section-height-default elementor-section-height-default\" data-id=\"4ab774c\" data-element_type=\"section\">\n\t\t\t\t\t\t<div class=\"elementor-container elementor-column-gap-default\">\n\t\t\t\t\t<div class=\"elementor-column elementor-col-50 elementor-top-column elementor-element elementor-element-da67a4a\" data-id=\"da67a4a\" data-element_type=\"column\">\n\t\t\t<div class=\"elementor-widget-wrap elementor-element-populated\">\n\t\t\t\t\t\t<div class=\"elementor-element elementor-element-ea2f344 elementor-widget elementor-widget-image\" data-id=\"ea2f344\" data-element_type=\"widget\" data-widget_type=\"image.default\">\n\t\t\t\t<div class=\"elementor-widget-container\">\n\t\t\t\t\t\t\t\t\t\t\t\t\t\t\t<img fetchpriority=\"high\" decoding=\"async\" width=\"1024\" height=\"685\" src=\"https:\/\/mijn-lo.nl\/wp-content\/uploads\/2023\/09\/talkdutch-1024x685.jpg\" class=\"attachment-large size-large wp-image-3651\" alt=\"\" srcset=\"https:\/\/mijn-lo.nl\/wp-content\/uploads\/2023\/09\/talkdutch-1024x685.jpg 1024w, https:\/\/mijn-lo.nl\/wp-content\/uploads\/2023\/09\/talkdutch-300x201.jpg 300w, https:\/\/mijn-lo.nl\/wp-content\/uploads\/2023\/09\/talkdutch-768x514.jpg 768w, https:\/\/mijn-lo.nl\/wp-content\/uploads\/2023\/09\/talkdutch-18x12.jpg 18w, https:\/\/mijn-lo.nl\/wp-content\/uploads\/2023\/09\/talkdutch-24x16.jpg 24w, https:\/\/mijn-lo.nl\/wp-content\/uploads\/2023\/09\/talkdutch-36x24.jpg 36w, https:\/\/mijn-lo.nl\/wp-content\/uploads\/2023\/09\/talkdutch-48x32.jpg 48w, https:\/\/mijn-lo.nl\/wp-content\/uploads\/2023\/09\/talkdutch.jpg 1200w\" sizes=\"(max-width: 1024px) 100vw, 1024px\" \/>\t\t\t\t\t\t\t\t\t\t\t\t\t\t\t<\/div>\n\t\t\t\t<\/div>\n\t\t\t\t\t<\/div>\n\t\t<\/div>\n\t\t\t\t<div class=\"elementor-column elementor-col-50 elementor-top-column elementor-element elementor-element-0de69c5\" data-id=\"0de69c5\" data-element_type=\"column\">\n\t\t\t<div class=\"elementor-widget-wrap elementor-element-populated\">\n\t\t\t\t\t\t<div class=\"elementor-element elementor-element-3ec27b9 elementor-widget elementor-widget-text-editor\" data-id=\"3ec27b9\" data-element_type=\"widget\" data-widget_type=\"text-editor.default\">\n\t\t\t\t<div class=\"elementor-widget-container\">\n\t\t\t\t\t\t\t\t\t<h4 class=\"mbr-section-subtitle mbr-fonts-style mb-4 display-5\"><strong>Dil<\/strong><\/h4>\n<p class=\"mbr-text mbr-fonts-style display-7\">Hollanda'da konu\u015fulan ana dil Hollandaca'd\u0131r ve \u00e7e\u015fitli leh\u00e7eleri vard\u0131r. Hollanda'n\u0131n bir eyaleti olan Friesland'da konu\u015fulan ikinci dil Frizce'dir. Hollanda'da kal\u0131c\u0131 olarak ya\u015famay\u0131 planl\u0131yorsan\u0131z, Hollandaca \u00f6\u011frenmek \u00f6nemlidir. Di\u011fer \u00fclkelerden gelen bir\u00e7ok ki\u015fi Hollandaca \u00f6\u011frenmeyi zor bulmaktad\u0131r, ancak Hollandaca'n\u0131n \u0130ngilizce ile benzerlikleri oldu\u011funu belirtmek gerekir, bu da zaten \u0130ngilizce biliyorsan\u0131z yard\u0131mc\u0131 olabilir.<\/p>\nHollandaca dil yeterlili\u011fini de\u011ferlendirmek i\u00e7in farkl\u0131 seviyeler olu\u015fturulmu\u015ftur:\n\nA0 veya muhtemelen -A0: Bu en d\u00fc\u015f\u00fck seviyedir. Bu seviyede basit kelimeler, deyimler ve temel c\u00fcmleleri bilirsiniz.\nA1: Bu, ihtiya\u00e7lar\u0131n\u0131z\u0131 ifade edebildi\u011finiz ve basit sorular\u0131 anlayabildi\u011finiz ba\u015flang\u0131\u00e7 seviyesidir. Yazmaya a\u015fina de\u011filseniz, harfleri \u00f6\u011frenmeniz gerekir. Bu uygulamalar, A1 seviyesindeki Hollandaca seviyesini \u00f6\u011frenmenize yard\u0131mc\u0131 olur.\nB1: Bu seviye, basit konu\u015fmalar\u0131 etkili bir \u015fekilde ileti\u015fim kurman\u0131z\u0131 ve anlaman\u0131z\u0131 sa\u011flar.\n\nHollandaca \u00f6\u011frenmek, topluma daha iyi entegre olman\u0131za ve Hollanda'daki di\u011fer insanlarla ileti\u015fim kurman\u0131za yard\u0131mc\u0131 olacakt\u0131r.\n\nHollandaca kendi dilleri i\u00e7in \"Nederlands\" kelimesini kullan\u0131r:\n\n<audio class=\"wp-audio-shortcode\" id=\"audio-3637-1\" preload=\"none\" style=\"width: 100%;\" controls=\"controls\"><source type=\"audio\/wav\" src=\"https:\/\/mijn-lo.nl\/wp-content\/uploads\/2023\/09\/MAPH1-9-5.wav?_=1\" \/><a href=\"https:\/\/mijn-lo.nl\/wp-content\/uploads\/2023\/09\/MAPH1-9-5.wav\">https:\/\/mijn-lo.nl\/wp-content\/uploads\/2023\/09\/MAPH1-9-5.wav<\/a><\/audio>\t\t\t\t\t\t\t\t<\/div>\n\t\t\t\t<\/div>\n\t\t\t\t\t<\/div>\n\t\t<\/div>\n\t\t\t\t\t<\/div>\n\t\t<\/section>\n\t\t\t\t<section class=\"elementor-section elementor-top-section elementor-element elementor-element-59279571 elementor-section-boxed elementor-section-height-default elementor-section-height-default\" data-id=\"59279571\" data-element_type=\"section\">\n\t\t\t\t\t\t<div class=\"elementor-container elementor-column-gap-default\">\n\t\t\t\t\t<div class=\"elementor-column elementor-col-100 elementor-top-column elementor-element elementor-element-31387f13\" data-id=\"31387f13\" data-element_type=\"column\">\n\t\t\t<div class=\"elementor-widget-wrap elementor-element-populated\">\n\t\t\t\t\t\t<div class=\"elementor-element elementor-element-2e198351 elementor-align-center elementor-widget elementor-widget-button\" data-id=\"2e198351\" data-element_type=\"widget\" data-widget_type=\"button.default\">\n\t\t\t\t<div class=\"elementor-widget-container\">\n\t\t\t\t\t\t\t\t\t<div class=\"elementor-button-wrapper\">\n\t\t\t\t\t<a class=\"elementor-button elementor-button-link elementor-size-sm\" href=\"https:\/\/mijn-lo.nl\/tr\/the-netherlands\/the-netherlands-and-europe\/\">\n\t\t\t\t\t\t<span class=\"elementor-button-content-wrapper\">\n\t\t\t\t\t\t\t\t\t<span class=\"elementor-button-text\">devam etmek<\/span>\n\t\t\t\t\t<\/span>\n\t\t\t\t\t<\/a>\n\t\t\t\t<\/div>\n\t\t\t\t\t\t\t\t<\/div>\n\t\t\t\t<\/div>\n\t\t\t\t\t<\/div>\n\t\t<\/div>\n\t\t\t\t\t<\/div>\n\t\t<\/section>\n\t\t\t\t<\/div>","protected":false},"excerpt":{"rendered":"<p>The language The main language spoken in the Netherlands is Dutch, and it has various dialects. In Friesland, a province in the Netherlands, the second language spoken is Frisian. If you plan to live in the Netherlands permanently, it&#8217;s important to learn Dutch. Many people from other countries find it challenging to learn Dutch, but [&hellip;]<\/p>\n","protected":false},"author":1,"featured_media":0,"parent":5002,"menu_order":9,"comment_status":"closed","ping_status":"closed","template":"elementor_canvas","meta":{"site-sidebar-layout":"no-sidebar","site-content-layout":"page-builder","ast-site-content-layout":"full-width-container","site-content-style":"default","site-sidebar-style":"default","ast-global-header-display":"","ast-banner-title-visibility":"","ast-main-header-display":"","ast-hfb-above-header-display":"","ast-hfb-below-header-display":"","ast-hfb-mobile-header-display":"","site-post-title":"disabled","ast-breadcrumbs-content":"","ast-featured-img":"disabled","footer-sml-layout":"","theme-transparent-header-meta":"","adv-header-id-meta":"","stick-header-meta":"","header-above-stick-meta":"","header-main-stick-meta":"","header-below-stick-meta":"","astra-migrate-meta-layouts":"set","ast-page-background-enabled":"default","ast-page-background-meta":{"desktop":{"background-color":"var(--ast-global-color-4)","background-image":"","background-repeat":"repeat","background-position":"center center","background-size":"auto","background-attachment":"scroll","background-type":"","background-media":"","overlay-type":"","overlay-color":"","overlay-opacity":"","overlay-gradient":""},"tablet":{"background-color":"","background-image":"","background-repeat":"repeat","background-position":"center center","background-size":"auto","background-attachment":"scroll","background-type":"","background-media":"","overlay-type":"","overlay-color":"","overlay-opacity":"","overlay-gradient":""},"mobile":{"background-color":"","background-image":"","background-repeat":"repeat","background-position":"center center","background-size":"auto","background-attachment":"scroll","background-type":"","background-media":"","overlay-type":"","overlay-color":"","overlay-opacity":"","overlay-gradient":""}},"ast-content-background-meta":{"desktop":{"background-color":"var(--ast-global-color-5)","background-image":"","background-repeat":"repeat","background-position":"center center","background-size":"auto","background-attachment":"scroll","background-type":"","background-media":"","overlay-type":"","overlay-color":"","overlay-opacity":"","overlay-gradient":""},"tablet":{"background-color":"var(--ast-global-color-5)","background-image":"","background-repeat":"repeat","background-position":"center center","background-size":"auto","background-attachment":"scroll","background-type":"","background-media":"","overlay-type":"","overlay-color":"","overlay-opacity":"","overlay-gradient":""},"mobile":{"background-color":"var(--ast-global-color-5)","background-image":"","background-repeat":"repeat","background-position":"center center","background-size":"auto","background-attachment":"scroll","background-type":"","background-media":"","overlay-type":"","overlay-color":"","overlay-opacity":"","overlay-gradient":""}},"footnotes":""},"class_list":["post-3637","page","type-page","status-publish","hentry"],"_links":{"self":[{"href":"https:\/\/mijn-lo.nl\/tr\/wp-json\/wp\/v2\/pages\/3637","targetHints":{"allow":["GET"]}}],"collection":[{"href":"https:\/\/mijn-lo.nl\/tr\/wp-json\/wp\/v2\/pages"}],"about":[{"href":"https:\/\/mijn-lo.nl\/tr\/wp-json\/wp\/v2\/types\/page"}],"author":[{"embeddable":true,"href":"https:\/\/mijn-lo.nl\/tr\/wp-json\/wp\/v2\/users\/1"}],"replies":[{"embeddable":true,"href":"https:\/\/mijn-lo.nl\/tr\/wp-json\/wp\/v2\/comments?post=3637"}],"version-history":[{"count":20,"href":"https:\/\/mijn-lo.nl\/tr\/wp-json\/wp\/v2\/pages\/3637\/revisions"}],"predecessor-version":[{"id":6229,"href":"https:\/\/mijn-lo.nl\/tr\/wp-json\/wp\/v2\/pages\/3637\/revisions\/6229"}],"up":[{"embeddable":true,"href":"https:\/\/mijn-lo.nl\/tr\/wp-json\/wp\/v2\/pages\/5002"}],"wp:attachment":[{"href":"https:\/\/mijn-lo.nl\/tr\/wp-json\/wp\/v2\/media?parent=3637"}],"curies":[{"name":"wp","href":"https:\/\/api.w.org\/{rel}","templated":true}]}}