{"id":3643,"date":"2023-09-03T12:26:09","date_gmt":"2023-09-03T12:26:09","guid":{"rendered":"http:\/\/mijn-lo.nl\/?page_id=3643"},"modified":"2025-08-19T17:21:14","modified_gmt":"2025-08-19T17:21:14","slug":"the-netherlands-and-europe","status":"publish","type":"page","link":"https:\/\/mijn-lo.nl\/tr\/the-netherlands\/the-netherlands-and-europe\/","title":{"rendered":"Hollanda ve Avrupa"},"content":{"rendered":"<div data-elementor-type=\"wp-page\" data-elementor-id=\"3643\" class=\"elementor elementor-3643\" data-elementor-post-type=\"page\">\n\t\t\t\t\t\t<section class=\"elementor-section elementor-top-section elementor-element elementor-element-4ab774c elementor-section-boxed elementor-section-height-default elementor-section-height-default\" data-id=\"4ab774c\" data-element_type=\"section\">\n\t\t\t\t\t\t\t<div class=\"elementor-background-overlay\"><\/div>\n\t\t\t\t\t\t\t<div class=\"elementor-container elementor-column-gap-default\">\n\t\t\t\t\t<div class=\"elementor-column elementor-col-50 elementor-top-column elementor-element elementor-element-d52035b\" data-id=\"d52035b\" data-element_type=\"column\">\n\t\t\t<div class=\"elementor-widget-wrap elementor-element-populated\">\n\t\t\t\t\t\t<div class=\"elementor-element elementor-element-5307f71 elementor-widget elementor-widget-image\" data-id=\"5307f71\" data-element_type=\"widget\" data-widget_type=\"image.default\">\n\t\t\t\t<div class=\"elementor-widget-container\">\n\t\t\t\t\t\t\t\t\t\t\t\t\t\t\t<img fetchpriority=\"high\" decoding=\"async\" width=\"636\" height=\"425\" src=\"https:\/\/mijn-lo.nl\/wp-content\/uploads\/2023\/09\/european-flag-636x425-1.webp\" class=\"attachment-large size-large wp-image-3655\" alt=\"\" srcset=\"https:\/\/mijn-lo.nl\/wp-content\/uploads\/2023\/09\/european-flag-636x425-1.webp 636w, https:\/\/mijn-lo.nl\/wp-content\/uploads\/2023\/09\/european-flag-636x425-1-300x200.webp 300w, https:\/\/mijn-lo.nl\/wp-content\/uploads\/2023\/09\/european-flag-636x425-1-18x12.webp 18w, https:\/\/mijn-lo.nl\/wp-content\/uploads\/2023\/09\/european-flag-636x425-1-24x16.webp 24w, https:\/\/mijn-lo.nl\/wp-content\/uploads\/2023\/09\/european-flag-636x425-1-36x24.webp 36w, https:\/\/mijn-lo.nl\/wp-content\/uploads\/2023\/09\/european-flag-636x425-1-48x32.webp 48w\" sizes=\"(max-width: 636px) 100vw, 636px\" \/>\t\t\t\t\t\t\t\t\t\t\t\t\t\t\t<\/div>\n\t\t\t\t<\/div>\n\t\t\t\t<div class=\"elementor-element elementor-element-12a9154 elementor-widget elementor-widget-text-editor\" data-id=\"12a9154\" data-element_type=\"widget\" data-widget_type=\"text-editor.default\">\n\t\t\t\t<div class=\"elementor-widget-container\">\n\t\t\t\t\t\t\t\t\t<p style=\"text-align: center;\">Avrupa bayra\u011f\u0131<\/p>\t\t\t\t\t\t\t\t<\/div>\n\t\t\t\t<\/div>\n\t\t\t\t\t<\/div>\n\t\t<\/div>\n\t\t\t\t<div class=\"elementor-column elementor-col-50 elementor-top-column elementor-element elementor-element-0de69c5\" data-id=\"0de69c5\" data-element_type=\"column\">\n\t\t\t<div class=\"elementor-widget-wrap elementor-element-populated\">\n\t\t\t\t\t\t<div class=\"elementor-element elementor-element-3ec27b9 elementor-widget elementor-widget-text-editor\" data-id=\"3ec27b9\" data-element_type=\"widget\" data-widget_type=\"text-editor.default\">\n\t\t\t\t<div class=\"elementor-widget-container\">\n\t\t\t\t\t\t\t\t\t<h3 class=\"mbr-section-title mbr-fonts-style mb-3 display-5\"><strong>Hollanda ve Avrupa<\/strong><\/h3><p class=\"mbr-text mbr-fonts-style display-7\">Hollanda, Avrupa Birli\u011fi'nin bir \u00fcyesidir. Avrupa Birli\u011fi, Avrupa'daki \u00fclkeler aras\u0131nda bir ortakl\u0131kt\u0131r. Hollanda'da insanlar Euro ile \u00f6deme yaparlar. Avrupa Birli\u011fi'nin \u00e7o\u011fu \u00fclkesi euro ile \u00f6deme yapar.<br \/>Avrupa Birli\u011fi ve Euro i\u00e7in Hollandaca kelimeler:<\/p><p>\"Europese Unie\"<\/p><p><audio class=\"wp-audio-shortcode\" id=\"audio-3643-1\" preload=\"none\" style=\"width: 100%;\" controls=\"controls\"><source type=\"audio\/wav\" src=\"https:\/\/mijn-lo.nl\/wp-content\/uploads\/2023\/09\/MAPH1-9-6.wav?_=1\" \/><a href=\"https:\/\/mijn-lo.nl\/wp-content\/uploads\/2023\/09\/MAPH1-9-6.wav\">https:\/\/mijn-lo.nl\/wp-content\/uploads\/2023\/09\/MAPH1-9-6.wav<\/a><\/audio><\/p><p><br \/>\"euro\"<\/p><p><audio class=\"wp-audio-shortcode\" id=\"audio-3643-2\" preload=\"none\" style=\"width: 100%;\" controls=\"controls\"><source type=\"audio\/wav\" src=\"https:\/\/mijn-lo.nl\/wp-content\/uploads\/2023\/09\/MAPH1-9-7.wav?_=2\" \/><a href=\"https:\/\/mijn-lo.nl\/wp-content\/uploads\/2023\/09\/MAPH1-9-7.wav\">https:\/\/mijn-lo.nl\/wp-content\/uploads\/2023\/09\/MAPH1-9-7.wav<\/a><\/audio><\/p>\t\t\t\t\t\t\t\t<\/div>\n\t\t\t\t<\/div>\n\t\t\t\t\t<\/div>\n\t\t<\/div>\n\t\t\t\t\t<\/div>\n\t\t<\/section>\n\t\t\t\t<section class=\"elementor-section elementor-top-section elementor-element elementor-element-24cf9fa elementor-section-boxed elementor-section-height-default elementor-section-height-default\" data-id=\"24cf9fa\" data-element_type=\"section\">\n\t\t\t\t\t\t<div class=\"elementor-container elementor-column-gap-default\">\n\t\t\t\t\t<div class=\"elementor-column elementor-col-50 elementor-top-column elementor-element elementor-element-b1caf59\" data-id=\"b1caf59\" data-element_type=\"column\">\n\t\t\t<div class=\"elementor-widget-wrap elementor-element-populated\">\n\t\t\t\t\t\t<div class=\"elementor-element elementor-element-6484c7e elementor-widget elementor-widget-image\" data-id=\"6484c7e\" data-element_type=\"widget\" data-widget_type=\"image.default\">\n\t\t\t\t<div class=\"elementor-widget-container\">\n\t\t\t\t\t\t\t\t\t\t\t\t\t\t\t<img decoding=\"async\" width=\"815\" height=\"576\" src=\"https:\/\/mijn-lo.nl\/wp-content\/uploads\/2023\/09\/vlag.jpg\" class=\"attachment-large size-large wp-image-3658\" alt=\"\" srcset=\"https:\/\/mijn-lo.nl\/wp-content\/uploads\/2023\/09\/vlag.jpg 815w, https:\/\/mijn-lo.nl\/wp-content\/uploads\/2023\/09\/vlag-300x212.jpg 300w, https:\/\/mijn-lo.nl\/wp-content\/uploads\/2023\/09\/vlag-768x543.jpg 768w, https:\/\/mijn-lo.nl\/wp-content\/uploads\/2023\/09\/vlag-18x12.jpg 18w, https:\/\/mijn-lo.nl\/wp-content\/uploads\/2023\/09\/vlag-24x17.jpg 24w, https:\/\/mijn-lo.nl\/wp-content\/uploads\/2023\/09\/vlag-36x25.jpg 36w, https:\/\/mijn-lo.nl\/wp-content\/uploads\/2023\/09\/vlag-48x34.jpg 48w\" sizes=\"(max-width: 815px) 100vw, 815px\" \/>\t\t\t\t\t\t\t\t\t\t\t\t\t\t\t<\/div>\n\t\t\t\t<\/div>\n\t\t\t\t\t<\/div>\n\t\t<\/div>\n\t\t\t\t<div class=\"elementor-column elementor-col-50 elementor-top-column elementor-element elementor-element-2c54c47\" data-id=\"2c54c47\" data-element_type=\"column\">\n\t\t\t<div class=\"elementor-widget-wrap elementor-element-populated\">\n\t\t\t\t\t\t<div class=\"elementor-element elementor-element-1830e68 elementor-widget elementor-widget-text-editor\" data-id=\"1830e68\" data-element_type=\"widget\" data-widget_type=\"text-editor.default\">\n\t\t\t\t<div class=\"elementor-widget-container\">\n\t\t\t\t\t\t\t\t\t<p>Hollanda bayra\u011f\u0131 3 \u00e7ubuktan olu\u015fur. En \u00fcstteki k\u0131rm\u0131z\u0131d\u0131r. Ortadaki beyaz ve alttaki ise mavidir. Bu y\u00fczden k\u0131rm\u0131z\u0131-beyaz-mavi bayraklardan bahsediyoruz. Kraliyet ailesinden birinin do\u011fum g\u00fcn\u00fcyle ba\u011flant\u0131l\u0131 bir tatil varsa, ba\u015fka bir turuncu flama g\u00f6r\u00fcr\u00fcz (k\u00fc\u00e7\u00fck bayrak, foto\u011frafa bak\u0131n).<\/p><p>Hollanda bayra\u011f\u0131n\u0131n ad\u0131: \"De Nederlandse vlag\"<\/p><p><audio class=\"wp-audio-shortcode\" id=\"audio-3643-3\" preload=\"none\" style=\"width: 100%;\" controls=\"controls\"><source type=\"audio\/wav\" src=\"https:\/\/mijn-lo.nl\/wp-content\/uploads\/2023\/09\/MAPH1-9-8.wav?_=3\" \/><a href=\"https:\/\/mijn-lo.nl\/wp-content\/uploads\/2023\/09\/MAPH1-9-8.wav\">https:\/\/mijn-lo.nl\/wp-content\/uploads\/2023\/09\/MAPH1-9-8.wav<\/a><\/audio><\/p>\t\t\t\t\t\t\t\t<\/div>\n\t\t\t\t<\/div>\n\t\t\t\t\t<\/div>\n\t\t<\/div>\n\t\t\t\t\t<\/div>\n\t\t<\/section>\n\t\t\t\t<section class=\"elementor-section elementor-top-section elementor-element elementor-element-3a3011f1 elementor-section-boxed elementor-section-height-default elementor-section-height-default\" data-id=\"3a3011f1\" data-element_type=\"section\">\n\t\t\t\t\t\t<div class=\"elementor-container elementor-column-gap-default\">\n\t\t\t\t\t<div class=\"elementor-column elementor-col-100 elementor-top-column elementor-element elementor-element-4ccefaa5\" data-id=\"4ccefaa5\" data-element_type=\"column\">\n\t\t\t<div class=\"elementor-widget-wrap elementor-element-populated\">\n\t\t\t\t\t\t<div class=\"elementor-element elementor-element-5d53655a elementor-align-center elementor-widget elementor-widget-button\" data-id=\"5d53655a\" data-element_type=\"widget\" data-widget_type=\"button.default\">\n\t\t\t\t<div class=\"elementor-widget-container\">\n\t\t\t\t\t\t\t\t\t<div class=\"elementor-button-wrapper\">\n\t\t\t\t\t<a class=\"elementor-button elementor-button-link elementor-size-sm\" href=\"https:\/\/mijn-lo.nl\/tr\/the-netherlands\/just-an-impression-of-the-netherlands\/\">\n\t\t\t\t\t\t<span class=\"elementor-button-content-wrapper\">\n\t\t\t\t\t\t\t\t\t<span class=\"elementor-button-text\">devam etmek<\/span>\n\t\t\t\t\t<\/span>\n\t\t\t\t\t<\/a>\n\t\t\t\t<\/div>\n\t\t\t\t\t\t\t\t<\/div>\n\t\t\t\t<\/div>\n\t\t\t\t\t<\/div>\n\t\t<\/div>\n\t\t\t\t\t<\/div>\n\t\t<\/section>\n\t\t\t\t<\/div>","protected":false},"excerpt":{"rendered":"<p>European flag The Netherlands and Europe The Netherlands is a member of the European Union. The European Union is a partnership between countries in Europe. In the Netherlands people pay with the euro. Most countries of the European Union pay with the euro.The Dutch words voor European Union and euro are: &#8220;Europese Unie&#8221; &#8220;euro&#8221; The [&hellip;]<\/p>\n","protected":false},"author":1,"featured_media":0,"parent":5002,"menu_order":10,"comment_status":"closed","ping_status":"closed","template":"elementor_canvas","meta":{"site-sidebar-layout":"no-sidebar","site-content-layout":"page-builder","ast-site-content-layout":"full-width-container","site-content-style":"default","site-sidebar-style":"default","ast-global-header-display":"","ast-banner-title-visibility":"","ast-main-header-display":"","ast-hfb-above-header-display":"","ast-hfb-below-header-display":"","ast-hfb-mobile-header-display":"","site-post-title":"disabled","ast-breadcrumbs-content":"","ast-featured-img":"disabled","footer-sml-layout":"","theme-transparent-header-meta":"","adv-header-id-meta":"","stick-header-meta":"","header-above-stick-meta":"","header-main-stick-meta":"","header-below-stick-meta":"","astra-migrate-meta-layouts":"set","ast-page-background-enabled":"default","ast-page-background-meta":{"desktop":{"background-color":"var(--ast-global-color-4)","background-image":"","background-repeat":"repeat","background-position":"center center","background-size":"auto","background-attachment":"scroll","background-type":"","background-media":"","overlay-type":"","overlay-color":"","overlay-opacity":"","overlay-gradient":""},"tablet":{"background-color":"","background-image":"","background-repeat":"repeat","background-position":"center center","background-size":"auto","background-attachment":"scroll","background-type":"","background-media":"","overlay-type":"","overlay-color":"","overlay-opacity":"","overlay-gradient":""},"mobile":{"background-color":"","background-image":"","background-repeat":"repeat","background-position":"center center","background-size":"auto","background-attachment":"scroll","background-type":"","background-media":"","overlay-type":"","overlay-color":"","overlay-opacity":"","overlay-gradient":""}},"ast-content-background-meta":{"desktop":{"background-color":"var(--ast-global-color-5)","background-image":"","background-repeat":"repeat","background-position":"center center","background-size":"auto","background-attachment":"scroll","background-type":"","background-media":"","overlay-type":"","overlay-color":"","overlay-opacity":"","overlay-gradient":""},"tablet":{"background-color":"var(--ast-global-color-5)","background-image":"","background-repeat":"repeat","background-position":"center center","background-size":"auto","background-attachment":"scroll","background-type":"","background-media":"","overlay-type":"","overlay-color":"","overlay-opacity":"","overlay-gradient":""},"mobile":{"background-color":"var(--ast-global-color-5)","background-image":"","background-repeat":"repeat","background-position":"center center","background-size":"auto","background-attachment":"scroll","background-type":"","background-media":"","overlay-type":"","overlay-color":"","overlay-opacity":"","overlay-gradient":""}},"footnotes":""},"class_list":["post-3643","page","type-page","status-publish","hentry"],"_links":{"self":[{"href":"https:\/\/mijn-lo.nl\/tr\/wp-json\/wp\/v2\/pages\/3643","targetHints":{"allow":["GET"]}}],"collection":[{"href":"https:\/\/mijn-lo.nl\/tr\/wp-json\/wp\/v2\/pages"}],"about":[{"href":"https:\/\/mijn-lo.nl\/tr\/wp-json\/wp\/v2\/types\/page"}],"author":[{"embeddable":true,"href":"https:\/\/mijn-lo.nl\/tr\/wp-json\/wp\/v2\/users\/1"}],"replies":[{"embeddable":true,"href":"https:\/\/mijn-lo.nl\/tr\/wp-json\/wp\/v2\/comments?post=3643"}],"version-history":[{"count":35,"href":"https:\/\/mijn-lo.nl\/tr\/wp-json\/wp\/v2\/pages\/3643\/revisions"}],"predecessor-version":[{"id":6232,"href":"https:\/\/mijn-lo.nl\/tr\/wp-json\/wp\/v2\/pages\/3643\/revisions\/6232"}],"up":[{"embeddable":true,"href":"https:\/\/mijn-lo.nl\/tr\/wp-json\/wp\/v2\/pages\/5002"}],"wp:attachment":[{"href":"https:\/\/mijn-lo.nl\/tr\/wp-json\/wp\/v2\/media?parent=3643"}],"curies":[{"name":"wp","href":"https:\/\/api.w.org\/{rel}","templated":true}]}}