{"id":4132,"date":"2024-02-03T15:49:17","date_gmt":"2024-02-03T15:49:17","guid":{"rendered":"http:\/\/mijn-lo.nl\/?page_id=4132"},"modified":"2025-08-19T17:25:25","modified_gmt":"2025-08-19T17:25:25","slug":"mortgage","status":"publish","type":"page","link":"https:\/\/mijn-lo.nl\/tr\/housing\/mortgage\/","title":{"rendered":"\u0130potek"},"content":{"rendered":"<div data-elementor-type=\"wp-page\" data-elementor-id=\"4132\" class=\"elementor elementor-4132\" data-elementor-post-type=\"page\">\n\t\t\t\t\t\t<section class=\"elementor-section elementor-top-section elementor-element elementor-element-d43131f elementor-section-boxed elementor-section-height-default elementor-section-height-default\" data-id=\"d43131f\" data-element_type=\"section\">\n\t\t\t\t\t\t<div class=\"elementor-container elementor-column-gap-default\">\n\t\t\t\t\t<div class=\"elementor-column elementor-col-50 elementor-top-column elementor-element elementor-element-1189115\" data-id=\"1189115\" data-element_type=\"column\">\n\t\t\t<div class=\"elementor-widget-wrap elementor-element-populated\">\n\t\t\t\t\t\t<div class=\"elementor-element elementor-element-ec4366b elementor-widget elementor-widget-image\" data-id=\"ec4366b\" data-element_type=\"widget\" data-widget_type=\"image.default\">\n\t\t\t\t<div class=\"elementor-widget-container\">\n\t\t\t\t\t\t\t\t\t\t\t\t\t\t\t<img fetchpriority=\"high\" decoding=\"async\" width=\"570\" height=\"823\" src=\"https:\/\/mijn-lo.nl\/wp-content\/uploads\/2024\/02\/hypotheektxt-570x823-1.webp\" class=\"attachment-large size-large wp-image-4134\" alt=\"\" srcset=\"https:\/\/mijn-lo.nl\/wp-content\/uploads\/2024\/02\/hypotheektxt-570x823-1.webp 570w, https:\/\/mijn-lo.nl\/wp-content\/uploads\/2024\/02\/hypotheektxt-570x823-1-208x300.webp 208w, https:\/\/mijn-lo.nl\/wp-content\/uploads\/2024\/02\/hypotheektxt-570x823-1-8x12.webp 8w, https:\/\/mijn-lo.nl\/wp-content\/uploads\/2024\/02\/hypotheektxt-570x823-1-17x24.webp 17w, https:\/\/mijn-lo.nl\/wp-content\/uploads\/2024\/02\/hypotheektxt-570x823-1-25x36.webp 25w, https:\/\/mijn-lo.nl\/wp-content\/uploads\/2024\/02\/hypotheektxt-570x823-1-33x48.webp 33w\" sizes=\"(max-width: 570px) 100vw, 570px\" \/>\t\t\t\t\t\t\t\t\t\t\t\t\t\t\t<\/div>\n\t\t\t\t<\/div>\n\t\t\t\t<div class=\"elementor-element elementor-element-be81f1b elementor-widget elementor-widget-text-editor\" data-id=\"be81f1b\" data-element_type=\"widget\" data-widget_type=\"text-editor.default\">\n\t\t\t\t<div class=\"elementor-widget-container\">\n\t\t\t\t\t\t\t\t\t<p>Her ipotek bir y\u00fczde ile ili\u015fkilidir<\/p>\t\t\t\t\t\t\t\t<\/div>\n\t\t\t\t<\/div>\n\t\t\t\t\t<\/div>\n\t\t<\/div>\n\t\t\t\t<div class=\"elementor-column elementor-col-50 elementor-top-column elementor-element elementor-element-b74fd01\" data-id=\"b74fd01\" data-element_type=\"column\">\n\t\t\t<div class=\"elementor-widget-wrap elementor-element-populated\">\n\t\t\t\t\t\t<div class=\"elementor-element elementor-element-669e7d1 elementor-widget elementor-widget-text-editor\" data-id=\"669e7d1\" data-element_type=\"widget\" data-widget_type=\"text-editor.default\">\n\t\t\t\t<div class=\"elementor-widget-container\">\n\t\t\t\t\t\t\t\t\t<h3 class=\"mbr-section-title mbr-fonts-style mb-3 display-5\"><strong>\u0130potek almak i\u00e7in (Hollandaca: \"hypotheek\")<\/strong><\/h3><p>E\u011fer bir ev sat\u0131n al\u0131rsan\u0131z, genellikle bir ipote\u011fe (krediye) ihtiyac\u0131n\u0131z olur. Bankadan ipotek almak i\u00e7in izlenmesi gereken \u00f6nemli ad\u0131mlar vard\u0131r:<\/p><p><strong>B\u00fct\u00e7enizi belirleyin:<\/strong>\u00a0Bir ipotek ba\u015fvurusunda bulunmadan \u00f6nce, ne kadar bor\u00e7 alabilece\u011finizi anlaman\u0131z gerekir. Ev sat\u0131n almak i\u00e7in bir b\u00fct\u00e7e belirlemek \u00fczere gelirinizi, giderlerinizi ve tasarruflar\u0131n\u0131z\u0131 g\u00f6z \u00f6n\u00fcnde bulundurun.<br \/><strong><br \/>\u0130potek se\u00e7eneklerini ara\u015ft\u0131r\u0131n<\/strong>: Bankalar taraf\u0131ndan sunulan, her biri kendi \u015fartlar\u0131na ve faiz oranlar\u0131na sahip farkl\u0131 ipotek t\u00fcrleri vard\u0131r. Farkl\u0131 kredi verenleri ara\u015ft\u0131r\u0131n ve ihtiya\u00e7lar\u0131n\u0131za uygun olan\u0131 bulmak i\u00e7in ipotek se\u00e7eneklerini kar\u015f\u0131la\u015ft\u0131r\u0131n. Yayg\u0131n t\u00fcrler aras\u0131nda sabit oranl\u0131 ve ayarlanabilir oranl\u0131 ipotekler bulunur.<\/p><p><strong>Gerekli belgeleri toplay\u0131n<\/strong>: Bir ipote\u011fe ba\u015fvurmak i\u00e7in, mali durumunuzu g\u00f6steren belirli belgeler sa\u011flaman\u0131z gerekecektir. Bunlar aras\u0131nda gelir belgesi (maa\u015f ko\u00e7anlar\u0131 veya vergi beyannameleri gibi), banka ekstreleri, kimlik, istihdam do\u011frulamas\u0131 ve mevcut bor\u00e7lar veya kredilerle ilgili ayr\u0131nt\u0131lar yer alabilir.<\/p><p><strong>Bir m\u00fclk bulun ve teklif verin<\/strong>: B\u00fct\u00e7enizi \u00f6\u011frendikten sonra uygun bir ev aramaya ba\u015flay\u0131n. Bir emlak\u00e7\u0131 ile \u00e7al\u0131\u015fabilir veya \u00e7evrimi\u00e7i listelerde arama yapabilirsiniz. Sat\u0131n almak istedi\u011finiz bir ev buldu\u011funuzda, sat\u0131c\u0131ya bir teklifte bulunun.<\/p><p><strong>\u0130potek i\u00e7in ba\u015fvurun:<\/strong>\u00a0Teklifiniz kabul edildikten sonra, se\u00e7ti\u011finiz bankaya ipotek i\u00e7in resmi olarak ba\u015fvurman\u0131z gerekecektir. Gerekli t\u00fcm belgeleri g\u00f6nderin ve ba\u015fvuru formlar\u0131n\u0131 doldurun. Banka, kredi ge\u00e7mi\u015finiz, istihdam istikrar\u0131n\u0131z ve finansal bilgileriniz de dahil olmak \u00fczere ba\u015fvurunuzu inceleyecektir.<\/p>\t\t\t\t\t\t\t\t<\/div>\n\t\t\t\t<\/div>\n\t\t\t\t\t<\/div>\n\t\t<\/div>\n\t\t\t\t\t<\/div>\n\t\t<\/section>\n\t\t\t\t<section class=\"elementor-section elementor-top-section elementor-element elementor-element-66a8790 elementor-reverse-tablet elementor-reverse-mobile elementor-section-boxed elementor-section-height-default elementor-section-height-default\" data-id=\"66a8790\" data-element_type=\"section\">\n\t\t\t\t\t\t<div class=\"elementor-container elementor-column-gap-default\">\n\t\t\t\t\t<div class=\"elementor-column elementor-col-50 elementor-top-column elementor-element elementor-element-a301002\" data-id=\"a301002\" data-element_type=\"column\">\n\t\t\t<div class=\"elementor-widget-wrap elementor-element-populated\">\n\t\t\t\t\t\t<div class=\"elementor-element elementor-element-c5a19ba elementor-widget elementor-widget-text-editor\" data-id=\"c5a19ba\" data-element_type=\"widget\" data-widget_type=\"text-editor.default\">\n\t\t\t\t<div class=\"elementor-widget-container\">\n\t\t\t\t\t\t\t\t\t<h3 class=\"mbr-section-title mbr-fonts-style mb-3 display-5\"><strong>Bir konut derne\u011fi arac\u0131l\u0131\u011f\u0131yla ev edinme (Hollandaca: \"woningcorporatie\")<\/strong><\/h3><p>\u00a0<\/p><p class=\"mbr-text mbr-fonts-style display-7\">Genellikle bir ev sat\u0131n almak i\u00e7in yeterli paran\u0131z yoktur. Hollanda'da bir konut kooperatifi arac\u0131l\u0131\u011f\u0131yla bir ev edinmek genellikle a\u015fa\u011f\u0131daki ad\u0131mlar\u0131 i\u00e7erir:<br \/><br \/><strong>Konut kooperatifleri ile ba\u015flay\u0131n:<\/strong>\u00a0\u0130stedi\u011finiz yerdeki konut kooperatiflerini ara\u015ft\u0131rarak ve belirleyerek ba\u015flay\u0131n. Hollanda genelinde her biri kendi kurallar\u0131na, gereksinimlerine ve mevcut m\u00fclklerine sahip \u00e7e\u015fitli kooperatifler vard\u0131r. Web sitelerini ke\u015ffedin, do\u011frudan onlarla ileti\u015fime ge\u00e7in veya bilgi toplamak i\u00e7in ofislerini ziyaret edin.<br \/><br \/><strong>Konut izni i\u00e7in ba\u015fvuruda bulunun:\u00a0<\/strong>Baz\u0131 belediyelerde konut iznine ihtiyac\u0131n\u0131z vard\u0131r. Bunu belediyenizden talep edebilirsiniz.<br \/>-<br \/><strong>Konut \u015firketi gerekliliklerine uyun:\u00a0<\/strong>Konut birli\u011fi, ailenizin b\u00fcy\u00fckl\u00fc\u011f\u00fc i\u00e7in \u015fartlar belirleyebilir. Ya da gelir d\u00fczeyiniz.<br \/><br \/><strong>\u00dcyelik ve kay\u0131t:<\/strong>\u00a0Bir konut kooperatifine kat\u0131lmak i\u00e7in genellikle \u00fcye olman\u0131z gerekir. Gelir s\u0131n\u0131rlar\u0131 veya di\u011fer uygunluk kriterleri gibi kriterleri i\u00e7erebilecek \u00fcyelik i\u00e7in \u00f6zel gereklilikleri kontrol edin. Gerekli belgeleri sunarak ve ba\u015fvuru formlar\u0131n\u0131 doldurarak kooperatife kaydolun.<br \/><strong><br \/>Bekleme listelerine kat\u0131lma:<\/strong>\u00a0Konut kooperatiflerinin genellikle mevcut m\u00fclkler i\u00e7in bekleme listeleri vard\u0131r. \u00dcye olduktan sonra, ilgilendi\u011finiz belirli m\u00fclk t\u00fcrleri veya mahalleler i\u00e7in bekleme listesine kat\u0131lman\u0131z gerekebilir. Bekleme s\u00fcreleri, talebe ve m\u00fcsaitlik durumuna ba\u011fl\u0131 olarak birka\u00e7 aydan birka\u00e7 y\u0131la kadar de\u011fi\u015febilir.<\/p>\t\t\t\t\t\t\t\t<\/div>\n\t\t\t\t<\/div>\n\t\t\t\t\t<\/div>\n\t\t<\/div>\n\t\t\t\t<div class=\"elementor-column elementor-col-50 elementor-top-column elementor-element elementor-element-b0ecfdc\" data-id=\"b0ecfdc\" data-element_type=\"column\">\n\t\t\t<div class=\"elementor-widget-wrap elementor-element-populated\">\n\t\t\t\t\t\t<div class=\"elementor-element elementor-element-1c999f8 elementor-widget elementor-widget-image\" data-id=\"1c999f8\" data-element_type=\"widget\" data-widget_type=\"image.default\">\n\t\t\t\t<div class=\"elementor-widget-container\">\n\t\t\t\t\t\t\t\t\t\t\t\t\t\t\t<img decoding=\"async\" width=\"526\" height=\"785\" src=\"https:\/\/mijn-lo.nl\/wp-content\/uploads\/2024\/02\/alliantie-526x785-1.webp\" class=\"attachment-large size-large wp-image-4135\" alt=\"\" srcset=\"https:\/\/mijn-lo.nl\/wp-content\/uploads\/2024\/02\/alliantie-526x785-1.webp 526w, https:\/\/mijn-lo.nl\/wp-content\/uploads\/2024\/02\/alliantie-526x785-1-201x300.webp 201w, https:\/\/mijn-lo.nl\/wp-content\/uploads\/2024\/02\/alliantie-526x785-1-8x12.webp 8w, https:\/\/mijn-lo.nl\/wp-content\/uploads\/2024\/02\/alliantie-526x785-1-16x24.webp 16w, https:\/\/mijn-lo.nl\/wp-content\/uploads\/2024\/02\/alliantie-526x785-1-24x36.webp 24w, https:\/\/mijn-lo.nl\/wp-content\/uploads\/2024\/02\/alliantie-526x785-1-32x48.webp 32w\" sizes=\"(max-width: 526px) 100vw, 526px\" \/>\t\t\t\t\t\t\t\t\t\t\t\t\t\t\t<\/div>\n\t\t\t\t<\/div>\n\t\t\t\t<div class=\"elementor-element elementor-element-6942d17 elementor-widget elementor-widget-text-editor\" data-id=\"6942d17\" data-element_type=\"widget\" data-widget_type=\"text-editor.default\">\n\t\t\t\t<div class=\"elementor-widget-container\">\n\t\t\t\t\t\t\t\t\t<p style=\"text-align: center;\">konut derne\u011fi (Arap\u00e7a metin)<\/p>\t\t\t\t\t\t\t\t<\/div>\n\t\t\t\t<\/div>\n\t\t\t\t\t<\/div>\n\t\t<\/div>\n\t\t\t\t\t<\/div>\n\t\t<\/section>\n\t\t\t\t<section class=\"elementor-section elementor-top-section elementor-element elementor-element-19e8993 elementor-section-boxed elementor-section-height-default elementor-section-height-default\" data-id=\"19e8993\" data-element_type=\"section\">\n\t\t\t\t\t\t<div class=\"elementor-container elementor-column-gap-default\">\n\t\t\t\t\t<div class=\"elementor-column elementor-col-50 elementor-top-column elementor-element elementor-element-8702fd5\" data-id=\"8702fd5\" data-element_type=\"column\">\n\t\t\t<div class=\"elementor-widget-wrap elementor-element-populated\">\n\t\t\t\t\t\t<div class=\"elementor-element elementor-element-94168c2 elementor-widget elementor-widget-image\" data-id=\"94168c2\" data-element_type=\"widget\" data-widget_type=\"image.default\">\n\t\t\t\t<div class=\"elementor-widget-container\">\n\t\t\t\t\t\t\t\t\t\t\t\t\t\t\t<img decoding=\"async\" width=\"553\" height=\"865\" src=\"https:\/\/mijn-lo.nl\/wp-content\/uploads\/2024\/02\/funda1-553x865-1.webp\" class=\"attachment-large size-large wp-image-4136\" alt=\"\" srcset=\"https:\/\/mijn-lo.nl\/wp-content\/uploads\/2024\/02\/funda1-553x865-1.webp 553w, https:\/\/mijn-lo.nl\/wp-content\/uploads\/2024\/02\/funda1-553x865-1-192x300.webp 192w, https:\/\/mijn-lo.nl\/wp-content\/uploads\/2024\/02\/funda1-553x865-1-8x12.webp 8w, https:\/\/mijn-lo.nl\/wp-content\/uploads\/2024\/02\/funda1-553x865-1-15x24.webp 15w, https:\/\/mijn-lo.nl\/wp-content\/uploads\/2024\/02\/funda1-553x865-1-23x36.webp 23w, https:\/\/mijn-lo.nl\/wp-content\/uploads\/2024\/02\/funda1-553x865-1-31x48.webp 31w\" sizes=\"(max-width: 553px) 100vw, 553px\" \/>\t\t\t\t\t\t\t\t\t\t\t\t\t\t\t<\/div>\n\t\t\t\t<\/div>\n\t\t\t\t<div class=\"elementor-element elementor-element-fd048d8 elementor-widget elementor-widget-text-editor\" data-id=\"fd048d8\" data-element_type=\"widget\" data-widget_type=\"text-editor.default\">\n\t\t\t\t<div class=\"elementor-widget-container\">\n\t\t\t\t\t\t\t\t\t<p style=\"text-align: center;\">Funda'n\u0131n web sitesi<\/p>\t\t\t\t\t\t\t\t<\/div>\n\t\t\t\t<\/div>\n\t\t\t\t\t<\/div>\n\t\t<\/div>\n\t\t\t\t<div class=\"elementor-column elementor-col-50 elementor-top-column elementor-element elementor-element-0a060ed\" data-id=\"0a060ed\" data-element_type=\"column\">\n\t\t\t<div class=\"elementor-widget-wrap elementor-element-populated\">\n\t\t\t\t\t\t<div class=\"elementor-element elementor-element-0c01867 elementor-widget elementor-widget-text-editor\" data-id=\"0c01867\" data-element_type=\"widget\" data-widget_type=\"text-editor.default\">\n\t\t\t\t<div class=\"elementor-widget-container\">\n\t\t\t\t\t\t\t\t\t<h3 class=\"mbr-section-title mbr-fonts-style mb-3 display-5\"><strong>Bir komisyoncu ile ev sat\u0131n almak (Hollandaca: \"makelaar\")<\/strong><\/h3><p>\u00a0<\/p><p>Bir komisyoncu ile ev sat\u0131n al\u0131rken dikkat edilmesi gereken baz\u0131 \u00f6nemli noktalar \u015funlard\u0131r:<br \/>Sayg\u0131n ve deneyimli bir komisyoncu se\u00e7in: Sayg\u0131n ve deneyimli bir emlak komisyoncusunu ara\u015ft\u0131rmak ve se\u00e7mek i\u00e7in zaman ay\u0131r\u0131n. Tavsiyelere bak\u0131n, yorumlar\u0131 okuyun ve piyasadaki ge\u00e7mi\u015flerini g\u00f6z \u00f6n\u00fcnde bulundurun. G\u00fcvenilir bir komisyoncu, sat\u0131n alma s\u00fcreci boyunca de\u011ferli rehberlik ve destek sa\u011flayabilir.<br \/><br \/><strong>\u0130htiya\u00e7lar\u0131n\u0131z\u0131 ve tercihlerinizi a\u00e7\u0131k\u00e7a belirtin:<\/strong>\u00a0Brokerinizle gereksinimleriniz, tercihleriniz ve b\u00fct\u00e7eniz konusunda net olun.<br \/>\u0130lanlara ve piyasa bilgilerine eri\u015fim: Bir komisyoncu, \u00e7ok \u00e7e\u015fitli emlak listelerine ve g\u00fcncel piyasa bilgilerine eri\u015febilir.<br \/><br \/><strong>M\u00fclk g\u00f6r\u00fcnt\u00fcleme ve tefti\u015fler:<\/strong>\u00a0Komisyoncunuz potansiyel evleri ziyaret etmeniz i\u00e7in emlak g\u00f6r\u00fc\u015fmeleri planlayacakt\u0131r. Bu g\u00f6r\u00fc\u015fmelere komisyoncunuzla birlikte kat\u0131l\u0131n ve m\u00fclk\u00fc iyice inceleyin.<br \/><br \/><strong>M\u00fczakere ve teklif haz\u0131rlama:<\/strong>\u00a0\u0130lgilendi\u011finiz bir ev buldu\u011funuzda, komisyoncunuz bir teklif haz\u0131rlaman\u0131za ve sat\u0131c\u0131yla pazarl\u0131k yapman\u0131za yard\u0131mc\u0131 olacakt\u0131r. Fiyatland\u0131rma, piyasa ko\u015fullar\u0131 ve teklif \u015fartlar\u0131 konusunda rehberlik edebilirler. Adil bir anla\u015fma sa\u011flaman\u0131za yard\u0131mc\u0131 olmak i\u00e7in uzmanl\u0131klar\u0131na g\u00fcvenin.<br \/><br \/><strong>S\u00f6zle\u015fme ve yasal hususlar:<\/strong>\u00a0Teklifiniz kabul edildikten sonra, komisyoncunuz s\u00f6zle\u015fmeyi g\u00f6zden ge\u00e7irmenize ve t\u00fcm yasal hususlar\u0131n uygun olmas\u0131n\u0131 sa\u011flaman\u0131za yard\u0131mc\u0131 olacakt\u0131r. Herhangi bir beklenmedik durumu ele almak, \u015fartlar\u0131 netle\u015ftirmek ve sorunsuz bir i\u015flem sa\u011flamak i\u00e7in sizinle ve yasal temsilcinizle birlikte \u00e7al\u0131\u015fabilirler.<\/p>\t\t\t\t\t\t\t\t<\/div>\n\t\t\t\t<\/div>\n\t\t\t\t\t<\/div>\n\t\t<\/div>\n\t\t\t\t\t<\/div>\n\t\t<\/section>\n\t\t\t\t<section class=\"elementor-section elementor-top-section elementor-element elementor-element-2edcca1 elementor-section-boxed elementor-section-height-default elementor-section-height-default\" data-id=\"2edcca1\" data-element_type=\"section\">\n\t\t\t\t\t\t<div class=\"elementor-container elementor-column-gap-default\">\n\t\t\t\t\t<div class=\"elementor-column elementor-col-100 elementor-top-column elementor-element elementor-element-75349f87\" data-id=\"75349f87\" data-element_type=\"column\">\n\t\t\t<div class=\"elementor-widget-wrap elementor-element-populated\">\n\t\t\t\t\t\t<div class=\"elementor-element elementor-element-2d2d0e50 elementor-align-center elementor-widget elementor-widget-button\" data-id=\"2d2d0e50\" data-element_type=\"widget\" data-widget_type=\"button.default\">\n\t\t\t\t<div class=\"elementor-widget-container\">\n\t\t\t\t\t\t\t\t\t<div class=\"elementor-button-wrapper\">\n\t\t\t\t\t<a class=\"elementor-button elementor-button-link elementor-size-sm\" href=\"https:\/\/mijn-lo.nl\/tr\/housing\/energy\/\">\n\t\t\t\t\t\t<span class=\"elementor-button-content-wrapper\">\n\t\t\t\t\t\t\t\t\t<span class=\"elementor-button-text\">devam etmek<\/span>\n\t\t\t\t\t<\/span>\n\t\t\t\t\t<\/a>\n\t\t\t\t<\/div>\n\t\t\t\t\t\t\t\t<\/div>\n\t\t\t\t<\/div>\n\t\t\t\t\t<\/div>\n\t\t<\/div>\n\t\t\t\t\t<\/div>\n\t\t<\/section>\n\t\t\t\t<\/div>","protected":false},"excerpt":{"rendered":"<p>Each mortgage is related to a percentage To get a mortgage (Dutch: &#8220;hypotheek&#8221;) If you buy a house, usually you need a mortgage (loan). To get a mortgage from the bank, there are important steps to follow: Figure out your budget:\u00a0Before applying for a mortgage, you need to understand how much money you can afford [&hellip;]<\/p>\n","protected":false},"author":1,"featured_media":0,"parent":3311,"menu_order":3,"comment_status":"closed","ping_status":"closed","template":"elementor_canvas","meta":{"site-sidebar-layout":"no-sidebar","site-content-layout":"page-builder","ast-site-content-layout":"full-width-container","site-content-style":"default","site-sidebar-style":"default","ast-global-header-display":"","ast-banner-title-visibility":"","ast-main-header-display":"","ast-hfb-above-header-display":"","ast-hfb-below-header-display":"","ast-hfb-mobile-header-display":"","site-post-title":"disabled","ast-breadcrumbs-content":"","ast-featured-img":"disabled","footer-sml-layout":"","theme-transparent-header-meta":"","adv-header-id-meta":"","stick-header-meta":"","header-above-stick-meta":"","header-main-stick-meta":"","header-below-stick-meta":"","astra-migrate-meta-layouts":"set","ast-page-background-enabled":"default","ast-page-background-meta":{"desktop":{"background-color":"var(--ast-global-color-4)","background-image":"","background-repeat":"repeat","background-position":"center center","background-size":"auto","background-attachment":"scroll","background-type":"","background-media":"","overlay-type":"","overlay-color":"","overlay-opacity":"","overlay-gradient":""},"tablet":{"background-color":"","background-image":"","background-repeat":"repeat","background-position":"center center","background-size":"auto","background-attachment":"scroll","background-type":"","background-media":"","overlay-type":"","overlay-color":"","overlay-opacity":"","overlay-gradient":""},"mobile":{"background-color":"","background-image":"","background-repeat":"repeat","background-position":"center center","background-size":"auto","background-attachment":"scroll","background-type":"","background-media":"","overlay-type":"","overlay-color":"","overlay-opacity":"","overlay-gradient":""}},"ast-content-background-meta":{"desktop":{"background-color":"var(--ast-global-color-5)","background-image":"","background-repeat":"repeat","background-position":"center center","background-size":"auto","background-attachment":"scroll","background-type":"","background-media":"","overlay-type":"","overlay-color":"","overlay-opacity":"","overlay-gradient":""},"tablet":{"background-color":"var(--ast-global-color-5)","background-image":"","background-repeat":"repeat","background-position":"center center","background-size":"auto","background-attachment":"scroll","background-type":"","background-media":"","overlay-type":"","overlay-color":"","overlay-opacity":"","overlay-gradient":""},"mobile":{"background-color":"var(--ast-global-color-5)","background-image":"","background-repeat":"repeat","background-position":"center center","background-size":"auto","background-attachment":"scroll","background-type":"","background-media":"","overlay-type":"","overlay-color":"","overlay-opacity":"","overlay-gradient":""}},"footnotes":""},"class_list":["post-4132","page","type-page","status-publish","hentry"],"_links":{"self":[{"href":"https:\/\/mijn-lo.nl\/tr\/wp-json\/wp\/v2\/pages\/4132","targetHints":{"allow":["GET"]}}],"collection":[{"href":"https:\/\/mijn-lo.nl\/tr\/wp-json\/wp\/v2\/pages"}],"about":[{"href":"https:\/\/mijn-lo.nl\/tr\/wp-json\/wp\/v2\/types\/page"}],"author":[{"embeddable":true,"href":"https:\/\/mijn-lo.nl\/tr\/wp-json\/wp\/v2\/users\/1"}],"replies":[{"embeddable":true,"href":"https:\/\/mijn-lo.nl\/tr\/wp-json\/wp\/v2\/comments?post=4132"}],"version-history":[{"count":19,"href":"https:\/\/mijn-lo.nl\/tr\/wp-json\/wp\/v2\/pages\/4132\/revisions"}],"predecessor-version":[{"id":6256,"href":"https:\/\/mijn-lo.nl\/tr\/wp-json\/wp\/v2\/pages\/4132\/revisions\/6256"}],"up":[{"embeddable":true,"href":"https:\/\/mijn-lo.nl\/tr\/wp-json\/wp\/v2\/pages\/3311"}],"wp:attachment":[{"href":"https:\/\/mijn-lo.nl\/tr\/wp-json\/wp\/v2\/media?parent=4132"}],"curies":[{"name":"wp","href":"https:\/\/api.w.org\/{rel}","templated":true}]}}