{"id":4140,"date":"2024-02-03T15:55:27","date_gmt":"2024-02-03T15:55:27","guid":{"rendered":"http:\/\/mijn-lo.nl\/?page_id=4140"},"modified":"2025-08-19T17:25:55","modified_gmt":"2025-08-19T17:25:55","slug":"energy","status":"publish","type":"page","link":"https:\/\/mijn-lo.nl\/tr\/housing\/energy\/","title":{"rendered":"Enerji"},"content":{"rendered":"<div data-elementor-type=\"wp-page\" data-elementor-id=\"4140\" class=\"elementor elementor-4140\" data-elementor-post-type=\"page\">\n\t\t\t\t\t\t<section class=\"elementor-section elementor-top-section elementor-element elementor-element-d43131f elementor-section-boxed elementor-section-height-default elementor-section-height-default\" data-id=\"d43131f\" data-element_type=\"section\">\n\t\t\t\t\t\t<div class=\"elementor-container elementor-column-gap-default\">\n\t\t\t\t\t<div class=\"elementor-column elementor-col-50 elementor-top-column elementor-element elementor-element-1189115\" data-id=\"1189115\" data-element_type=\"column\">\n\t\t\t<div class=\"elementor-widget-wrap elementor-element-populated\">\n\t\t\t\t\t\t<div class=\"elementor-element elementor-element-ec4366b elementor-widget elementor-widget-image\" data-id=\"ec4366b\" data-element_type=\"widget\" data-widget_type=\"image.default\">\n\t\t\t\t<div class=\"elementor-widget-container\">\n\t\t\t\t\t\t\t\t\t\t\t\t\t\t\t<img fetchpriority=\"high\" decoding=\"async\" width=\"344\" height=\"807\" src=\"https:\/\/mijn-lo.nl\/wp-content\/uploads\/2024\/02\/energy2-344x807-1.webp\" class=\"attachment-large size-large wp-image-4145\" alt=\"\" srcset=\"https:\/\/mijn-lo.nl\/wp-content\/uploads\/2024\/02\/energy2-344x807-1.webp 344w, https:\/\/mijn-lo.nl\/wp-content\/uploads\/2024\/02\/energy2-344x807-1-128x300.webp 128w, https:\/\/mijn-lo.nl\/wp-content\/uploads\/2024\/02\/energy2-344x807-1-5x12.webp 5w, https:\/\/mijn-lo.nl\/wp-content\/uploads\/2024\/02\/energy2-344x807-1-10x24.webp 10w, https:\/\/mijn-lo.nl\/wp-content\/uploads\/2024\/02\/energy2-344x807-1-15x36.webp 15w, https:\/\/mijn-lo.nl\/wp-content\/uploads\/2024\/02\/energy2-344x807-1-20x48.webp 20w\" sizes=\"(max-width: 344px) 100vw, 344px\" \/>\t\t\t\t\t\t\t\t\t\t\t\t\t\t\t<\/div>\n\t\t\t\t<\/div>\n\t\t\t\t<div class=\"elementor-element elementor-element-be81f1b elementor-widget elementor-widget-text-editor\" data-id=\"be81f1b\" data-element_type=\"widget\" data-widget_type=\"text-editor.default\">\n\t\t\t\t<div class=\"elementor-widget-container\">\n\t\t\t\t\t\t\t\t\t<p style=\"text-align: center;\">Her yerde yel de\u011firmenleri<\/p>\t\t\t\t\t\t\t\t<\/div>\n\t\t\t\t<\/div>\n\t\t\t\t\t<\/div>\n\t\t<\/div>\n\t\t\t\t<div class=\"elementor-column elementor-col-50 elementor-top-column elementor-element elementor-element-b74fd01\" data-id=\"b74fd01\" data-element_type=\"column\">\n\t\t\t<div class=\"elementor-widget-wrap elementor-element-populated\">\n\t\t\t\t\t\t<div class=\"elementor-element elementor-element-669e7d1 elementor-widget elementor-widget-text-editor\" data-id=\"669e7d1\" data-element_type=\"widget\" data-widget_type=\"text-editor.default\">\n\t\t\t\t<div class=\"elementor-widget-container\">\n\t\t\t\t\t\t\t\t\t<h3 class=\"mbr-section-title mbr-fonts-style mb-3 display-5\"><strong>Enerji<\/strong><\/h3><p class=\"mbr-text mbr-fonts-style display-7\">Hollanda'daki eviniz i\u00e7in bir enerji s\u00f6zle\u015fmesi almak i\u00e7in birka\u00e7 ad\u0131m\u0131 izlemeniz gerekir. \u0130\u015fte s\u00fcrecin basitle\u015ftirilmi\u015f bir versiyonu:<br \/><br \/><strong>Enerji sa\u011flay\u0131c\u0131lar\u0131n\u0131 kar\u015f\u0131la\u015ft\u0131r\u0131n<\/strong>: \u0130htiya\u00e7lar\u0131n\u0131za en uygun s\u00f6zle\u015fmeyi bulmak i\u00e7in farkl\u0131 enerji sa\u011flay\u0131c\u0131lar\u0131n\u0131 kar\u015f\u0131la\u015ft\u0131rarak ba\u015flay\u0131n. Farkl\u0131 sa\u011flay\u0131c\u0131lar\u0131n fiyatlar\u0131n\u0131, ko\u015fullar\u0131n\u0131 ve tekliflerini kar\u015f\u0131la\u015ft\u0131rabilece\u011finiz \u00e7e\u015fitli kar\u015f\u0131la\u015ft\u0131rma web siteleri mevcuttur.<br \/><br \/><strong>Bir enerji sa\u011flay\u0131c\u0131s\u0131 se\u00e7in:\u00a0<\/strong>Farkl\u0131 se\u00e7enekleri inceledikten sonra, size en uygun enerji sa\u011flay\u0131c\u0131s\u0131n\u0131 se\u00e7in. Hollanda diline a\u015fina olmad\u0131\u011f\u0131n\u0131z i\u00e7in s\u00f6zle\u015fmeyi anlamakta sorun ya\u015fayacaks\u0131n\u0131z. Size nas\u0131l yard\u0131mc\u0131 olabileceklerini sorun.<br \/><br \/><strong>Enerji sa\u011flay\u0131c\u0131n\u0131zla ileti\u015fime ge\u00e7in<\/strong>: Bir enerji s\u00f6zle\u015fmesine ba\u015fvurmak i\u00e7in se\u00e7ti\u011finiz enerji sa\u011flay\u0131c\u0131s\u0131 ile temasa ge\u00e7in. Bu genellikle web siteleri \u00fczerinden \u00e7evrimi\u00e7i olarak veya telefonla yap\u0131labilir.<br \/><br \/><strong>Gerekli bilgileri sa\u011flay\u0131n:<\/strong>\u00a0Ki\u015fisel bilgileriniz, evinizin adresi, sahip oldu\u011funuz enerji sayac\u0131n\u0131n t\u00fcr\u00fc ve mevcut enerji s\u00f6zle\u015fmenizle ilgili bilgiler (varsa) gibi baz\u0131 bilgileri sa\u011flaman\u0131z gerekebilir.<br \/><br \/><strong>Saya\u00e7 okumalar\u0131n\u0131 g\u00f6nderin<\/strong>: Enerji s\u00f6zle\u015fmesini g\u00fcvence alt\u0131na ald\u0131ktan sonra, saya\u00e7 okumalar\u0131n\u0131 enerji sa\u011flay\u0131c\u0131s\u0131na g\u00f6ndermeniz gerekecektir. Bu genellikle \u00e7evrimi\u00e7i veya telefon \u00fczerinden yap\u0131labilir. Do\u011fru faturaland\u0131rmay\u0131 sa\u011flamak i\u00e7in do\u011fru saya\u00e7 okumalar\u0131 sa\u011flamak \u00f6nemlidir.<br \/><br \/><strong>Onay ve kar\u015f\u0131lama paketi<\/strong>: Gerekli t\u00fcm bilgileri verdikten sonra, sa\u011flay\u0131c\u0131dan enerji s\u00f6zle\u015fmenizin onay\u0131n\u0131 alacaks\u0131n\u0131z. Genellikle size s\u00f6zle\u015fme ve \u00f6deme bilgileri hakk\u0131nda \u00f6nemli ayr\u0131nt\u0131lar i\u00e7eren bir kar\u015f\u0131lama paketi g\u00f6nderirler.<br \/><br \/><strong>\u00d6demeleri d\u00fczenleyin<\/strong>: Enerji faturalar\u0131n\u0131z i\u00e7in \u00f6deme y\u00f6ntemini ayarlay\u0131n. Otomatik \u00f6deme, banka havalesi veya enerji sa\u011flay\u0131c\u0131s\u0131 taraf\u0131ndan sunulan ba\u015fka bir \u00f6deme y\u00f6ntemini se\u00e7ebilirsiniz.<br \/><br \/>Kesin ad\u0131mlar\u0131n ve gerekliliklerin enerji sa\u011flay\u0131c\u0131lar\u0131 aras\u0131nda farkl\u0131l\u0131k g\u00f6sterebilece\u011fini l\u00fctfen unutmay\u0131n. Se\u00e7ilen enerji sa\u011flay\u0131c\u0131s\u0131 taraf\u0131ndan sa\u011flanan \u00f6zel talimatlar\u0131 takip etmek ve s\u00fcre\u00e7le ilgili netlik i\u00e7in sorular\u0131n\u0131z\u0131 onlara y\u00f6neltmek her zaman ak\u0131ll\u0131ca olacakt\u0131r.<\/p>\t\t\t\t\t\t\t\t<\/div>\n\t\t\t\t<\/div>\n\t\t\t\t\t<\/div>\n\t\t<\/div>\n\t\t\t\t\t<\/div>\n\t\t<\/section>\n\t\t\t\t<section class=\"elementor-section elementor-top-section elementor-element elementor-element-66a8790 elementor-reverse-tablet elementor-reverse-mobile elementor-section-boxed elementor-section-height-default elementor-section-height-default\" data-id=\"66a8790\" data-element_type=\"section\">\n\t\t\t\t\t\t<div class=\"elementor-container elementor-column-gap-default\">\n\t\t\t\t\t<div class=\"elementor-column elementor-col-50 elementor-top-column elementor-element elementor-element-a301002\" data-id=\"a301002\" data-element_type=\"column\">\n\t\t\t<div class=\"elementor-widget-wrap elementor-element-populated\">\n\t\t\t\t\t\t<div class=\"elementor-element elementor-element-c5a19ba elementor-widget elementor-widget-text-editor\" data-id=\"c5a19ba\" data-element_type=\"widget\" data-widget_type=\"text-editor.default\">\n\t\t\t\t<div class=\"elementor-widget-container\">\n\t\t\t\t\t\t\t\t\t<h3 class=\"mbr-section-title mbr-fonts-style mb-3 display-5\"><strong>\u0130\u015fte enerji tasarrufu i\u00e7in baz\u0131 \u00f6nemli ipu\u00e7lar\u0131:<\/strong><\/h3><p class=\"mbr-text mbr-fonts-style display-7\">Enerji \u00e7ok pahal\u0131d\u0131r. Bu nedenle, Hollandaca \"energie besparen\" olarak adland\u0131r\u0131lan enerji tasarrufu i\u00e7in baz\u0131 \u00f6nemli ipu\u00e7lar\u0131 sunuyoruz:<\/p><p><strong>Enerji tasarruflu cihazlar kullan\u0131n:\u00a0<\/strong>Y\u00fcksek Energy Star derecelendirmesine sahip cihazlar\u0131 se\u00e7in. Daha az elektrik kullan\u0131rlar ve enerji tasarrufu yapman\u0131za yard\u0131mc\u0131 olurlar.<br \/><strong><br \/>Kullanmad\u0131\u011f\u0131n\u0131z zaman cihazlar\u0131n fi\u015fini \u00e7ekin:<\/strong>\u00a0\u015earj aletleri, diz\u00fcst\u00fc bilgisayarlar veya TV'ler gibi elektronik cihazlar\u0131 kullanmad\u0131\u011f\u0131n\u0131z zamanlarda fi\u015flerini \u00e7ekin. Kapal\u0131 olsalar bile hala g\u00fc\u00e7 kullanabilirler.<br \/><br \/><strong>LED \u0131\u015f\u0131klara ge\u00e7in: Eski ampulleri enerji tasarruflu LED \u0131\u015f\u0131klarla de\u011fi\u015ftirin.\u00a0<\/strong>Daha uzun \u00f6m\u00fcrl\u00fcd\u00fcrler ve daha az enerji kullan\u0131rlar.<br \/><br \/><strong>Termostat\u0131n\u0131z\u0131 ayarlay\u0131n:<\/strong>\u00a0K\u0131\u015f\u0131n \u0131s\u0131y\u0131 d\u00fc\u015f\u00fcr\u00fcn ve yaz\u0131n so\u011futma s\u0131cakl\u0131\u011f\u0131n\u0131 y\u00fckseltin. Program\u0131n\u0131za g\u00f6re s\u0131cakl\u0131\u011f\u0131 otomatik olarak ayarlamak i\u00e7in programlanabilir bir termostat kullanabilirsiniz.<br \/><br \/><strong>Evinizi yal\u0131t\u0131n:<\/strong>\u00a0K\u0131\u015f\u0131n s\u0131cak ve yaz\u0131n serin tutmak i\u00e7in evinize yal\u0131t\u0131m ekleyin. Bu, daha az \u0131s\u0131tma veya so\u011futma kullanman\u0131za yard\u0131mc\u0131 olur. Ev sizin de\u011filse, sahibine izolasyonla nas\u0131l ba\u015fa \u00e7\u0131k\u0131laca\u011f\u0131n\u0131 sorun.<br \/><br \/><strong>Do\u011fal \u0131\u015f\u0131k kullan\u0131n:<\/strong>\u00a0G\u00fcne\u015f \u0131\u015f\u0131\u011f\u0131n\u0131 i\u00e7eri almak i\u00e7in g\u00fcn boyunca perdeleri ve panjurlar\u0131 a\u00e7\u0131n. Daha az yapay ayd\u0131nlatma kullanarak enerji tasarrufu sa\u011flar.<br \/><br \/><strong>Hava s\u0131z\u0131nt\u0131lar\u0131n\u0131 kapat\u0131n<\/strong>: Pencerelerin, kap\u0131lar\u0131n veya havaland\u0131rma deliklerinin etraf\u0131nda bo\u015fluk veya \u00e7atlak olup olmad\u0131\u011f\u0131n\u0131 kontrol edin. Hava ak\u0131m\u0131n\u0131 \u00f6nlemek ve enerji tasarrufu sa\u011flamak i\u00e7in bunlar\u0131 kapat\u0131n.<br \/><br \/><strong>Su \u0131s\u0131t\u0131c\u0131 s\u0131cakl\u0131\u011f\u0131n\u0131 ayarlay\u0131n:<\/strong>\u00a0Enerji israf\u0131n\u0131 \u00f6nlemek i\u00e7in su \u0131s\u0131t\u0131c\u0131n\u0131z\u0131n s\u0131cakl\u0131\u011f\u0131n\u0131 120\u00b0F (49\u00b0C) civar\u0131nda tutun. \u00c7ama\u015f\u0131r y\u0131kamak i\u00e7in so\u011fuk su kullan\u0131n ve daha k\u0131sa du\u015f al\u0131n.<br \/><strong><br \/>G\u00fc\u00e7 \u015feritleri kullan\u0131n<\/strong>: Birden fazla cihaz\u0131 g\u00fc\u00e7 \u015feritlerine ba\u011flay\u0131n ve kullan\u0131lmad\u0131klar\u0131nda kapat\u0131n. Bu, bekleme g\u00fcc\u00fcn\u00fc kullanmalar\u0131n\u0131 engeller.<br \/><br \/><strong>Enerji tasarrufu al\u0131\u015fkanl\u0131klar\u0131 geli\u015ftirin<\/strong>: Bir odadan \u00e7\u0131kt\u0131\u011f\u0131n\u0131zda \u0131\u015f\u0131klar\u0131 kapatmay\u0131, cihazlarda enerji tasarrufu modlar\u0131n\u0131 kullanmay\u0131 ve enerji yo\u011fun aletleri gereksiz yere kullanmaktan ka\u00e7\u0131nmay\u0131 unutmay\u0131n.<br \/><br \/>Bu basit de\u011fi\u015fiklikleri yaparak enerji tasarrufu sa\u011flayabilir ve elektrik faturalar\u0131n\u0131z\u0131 d\u00fc\u015f\u00fcrebilirsiniz.<\/p>\t\t\t\t\t\t\t\t<\/div>\n\t\t\t\t<\/div>\n\t\t\t\t\t<\/div>\n\t\t<\/div>\n\t\t\t\t<div class=\"elementor-column elementor-col-50 elementor-top-column elementor-element elementor-element-b0ecfdc\" data-id=\"b0ecfdc\" data-element_type=\"column\">\n\t\t\t<div class=\"elementor-widget-wrap elementor-element-populated\">\n\t\t\t\t\t\t<div class=\"elementor-element elementor-element-1c999f8 elementor-widget elementor-widget-image\" data-id=\"1c999f8\" data-element_type=\"widget\" data-widget_type=\"image.default\">\n\t\t\t\t<div class=\"elementor-widget-container\">\n\t\t\t\t\t\t\t\t\t\t\t\t\t\t\t<img decoding=\"async\" width=\"460\" height=\"806\" src=\"https:\/\/mijn-lo.nl\/wp-content\/uploads\/2024\/02\/energy3-460x806-1.webp\" class=\"attachment-large size-large wp-image-4146\" alt=\"\" srcset=\"https:\/\/mijn-lo.nl\/wp-content\/uploads\/2024\/02\/energy3-460x806-1.webp 460w, https:\/\/mijn-lo.nl\/wp-content\/uploads\/2024\/02\/energy3-460x806-1-171x300.webp 171w, https:\/\/mijn-lo.nl\/wp-content\/uploads\/2024\/02\/energy3-460x806-1-7x12.webp 7w, https:\/\/mijn-lo.nl\/wp-content\/uploads\/2024\/02\/energy3-460x806-1-14x24.webp 14w, https:\/\/mijn-lo.nl\/wp-content\/uploads\/2024\/02\/energy3-460x806-1-21x36.webp 21w, https:\/\/mijn-lo.nl\/wp-content\/uploads\/2024\/02\/energy3-460x806-1-27x48.webp 27w\" sizes=\"(max-width: 460px) 100vw, 460px\" \/>\t\t\t\t\t\t\t\t\t\t\t\t\t\t\t<\/div>\n\t\t\t\t<\/div>\n\t\t\t\t<div class=\"elementor-element elementor-element-6942d17 elementor-widget elementor-widget-text-editor\" data-id=\"6942d17\" data-element_type=\"widget\" data-widget_type=\"text-editor.default\">\n\t\t\t\t<div class=\"elementor-widget-container\">\n\t\t\t\t\t\t\t\t\t<p style=\"text-align: center;\">Ye\u015fil iyidir<\/p>\t\t\t\t\t\t\t\t<\/div>\n\t\t\t\t<\/div>\n\t\t\t\t\t<\/div>\n\t\t<\/div>\n\t\t\t\t\t<\/div>\n\t\t<\/section>\n\t\t\t\t<section class=\"elementor-section elementor-top-section elementor-element elementor-element-2edcca1 elementor-section-boxed elementor-section-height-default elementor-section-height-default\" data-id=\"2edcca1\" data-element_type=\"section\">\n\t\t\t\t\t\t<div class=\"elementor-container elementor-column-gap-default\">\n\t\t\t\t\t<div class=\"elementor-column elementor-col-100 elementor-top-column elementor-element elementor-element-75349f87\" data-id=\"75349f87\" data-element_type=\"column\">\n\t\t\t<div class=\"elementor-widget-wrap elementor-element-populated\">\n\t\t\t\t\t\t<div class=\"elementor-element elementor-element-2d2d0e50 elementor-align-center elementor-widget elementor-widget-button\" data-id=\"2d2d0e50\" data-element_type=\"widget\" data-widget_type=\"button.default\">\n\t\t\t\t<div class=\"elementor-widget-container\">\n\t\t\t\t\t\t\t\t\t<div class=\"elementor-button-wrapper\">\n\t\t\t\t\t<a class=\"elementor-button elementor-button-link elementor-size-sm\" href=\"https:\/\/mijn-lo.nl\/tr\/housing\/environment\/\">\n\t\t\t\t\t\t<span class=\"elementor-button-content-wrapper\">\n\t\t\t\t\t\t\t\t\t<span class=\"elementor-button-text\">devam etmek<\/span>\n\t\t\t\t\t<\/span>\n\t\t\t\t\t<\/a>\n\t\t\t\t<\/div>\n\t\t\t\t\t\t\t\t<\/div>\n\t\t\t\t<\/div>\n\t\t\t\t\t<\/div>\n\t\t<\/div>\n\t\t\t\t\t<\/div>\n\t\t<\/section>\n\t\t\t\t<\/div>","protected":false},"excerpt":{"rendered":"<p>Windmills everywhere Energy To get an energy contract for your home in the Netherlands, you need to follow several steps. Here&#8217;s a simplified version of the process: Compare energy providers: Start by comparing different energy providers to find the best contract that suits your needs. There are various comparison websites available where you can compare [&hellip;]<\/p>\n","protected":false},"author":1,"featured_media":0,"parent":3311,"menu_order":4,"comment_status":"closed","ping_status":"closed","template":"elementor_canvas","meta":{"site-sidebar-layout":"no-sidebar","site-content-layout":"page-builder","ast-site-content-layout":"full-width-container","site-content-style":"default","site-sidebar-style":"default","ast-global-header-display":"","ast-banner-title-visibility":"","ast-main-header-display":"","ast-hfb-above-header-display":"","ast-hfb-below-header-display":"","ast-hfb-mobile-header-display":"","site-post-title":"disabled","ast-breadcrumbs-content":"","ast-featured-img":"disabled","footer-sml-layout":"","theme-transparent-header-meta":"","adv-header-id-meta":"","stick-header-meta":"","header-above-stick-meta":"","header-main-stick-meta":"","header-below-stick-meta":"","astra-migrate-meta-layouts":"set","ast-page-background-enabled":"default","ast-page-background-meta":{"desktop":{"background-color":"var(--ast-global-color-4)","background-image":"","background-repeat":"repeat","background-position":"center center","background-size":"auto","background-attachment":"scroll","background-type":"","background-media":"","overlay-type":"","overlay-color":"","overlay-opacity":"","overlay-gradient":""},"tablet":{"background-color":"","background-image":"","background-repeat":"repeat","background-position":"center center","background-size":"auto","background-attachment":"scroll","background-type":"","background-media":"","overlay-type":"","overlay-color":"","overlay-opacity":"","overlay-gradient":""},"mobile":{"background-color":"","background-image":"","background-repeat":"repeat","background-position":"center center","background-size":"auto","background-attachment":"scroll","background-type":"","background-media":"","overlay-type":"","overlay-color":"","overlay-opacity":"","overlay-gradient":""}},"ast-content-background-meta":{"desktop":{"background-color":"var(--ast-global-color-5)","background-image":"","background-repeat":"repeat","background-position":"center center","background-size":"auto","background-attachment":"scroll","background-type":"","background-media":"","overlay-type":"","overlay-color":"","overlay-opacity":"","overlay-gradient":""},"tablet":{"background-color":"var(--ast-global-color-5)","background-image":"","background-repeat":"repeat","background-position":"center center","background-size":"auto","background-attachment":"scroll","background-type":"","background-media":"","overlay-type":"","overlay-color":"","overlay-opacity":"","overlay-gradient":""},"mobile":{"background-color":"var(--ast-global-color-5)","background-image":"","background-repeat":"repeat","background-position":"center center","background-size":"auto","background-attachment":"scroll","background-type":"","background-media":"","overlay-type":"","overlay-color":"","overlay-opacity":"","overlay-gradient":""}},"footnotes":""},"class_list":["post-4140","page","type-page","status-publish","hentry"],"_links":{"self":[{"href":"https:\/\/mijn-lo.nl\/tr\/wp-json\/wp\/v2\/pages\/4140","targetHints":{"allow":["GET"]}}],"collection":[{"href":"https:\/\/mijn-lo.nl\/tr\/wp-json\/wp\/v2\/pages"}],"about":[{"href":"https:\/\/mijn-lo.nl\/tr\/wp-json\/wp\/v2\/types\/page"}],"author":[{"embeddable":true,"href":"https:\/\/mijn-lo.nl\/tr\/wp-json\/wp\/v2\/users\/1"}],"replies":[{"embeddable":true,"href":"https:\/\/mijn-lo.nl\/tr\/wp-json\/wp\/v2\/comments?post=4140"}],"version-history":[{"count":13,"href":"https:\/\/mijn-lo.nl\/tr\/wp-json\/wp\/v2\/pages\/4140\/revisions"}],"predecessor-version":[{"id":6259,"href":"https:\/\/mijn-lo.nl\/tr\/wp-json\/wp\/v2\/pages\/4140\/revisions\/6259"}],"up":[{"embeddable":true,"href":"https:\/\/mijn-lo.nl\/tr\/wp-json\/wp\/v2\/pages\/3311"}],"wp:attachment":[{"href":"https:\/\/mijn-lo.nl\/tr\/wp-json\/wp\/v2\/media?parent=4140"}],"curies":[{"name":"wp","href":"https:\/\/api.w.org\/{rel}","templated":true}]}}