{"id":4150,"date":"2024-02-03T16:02:56","date_gmt":"2024-02-03T16:02:56","guid":{"rendered":"http:\/\/mijn-lo.nl\/?page_id=4150"},"modified":"2025-08-19T17:26:26","modified_gmt":"2025-08-19T17:26:26","slug":"environment","status":"publish","type":"page","link":"https:\/\/mijn-lo.nl\/tr\/housing\/environment\/","title":{"rendered":"\u00c7evre"},"content":{"rendered":"<div data-elementor-type=\"wp-page\" data-elementor-id=\"4150\" class=\"elementor elementor-4150\" data-elementor-post-type=\"page\">\n\t\t\t\t\t\t<section class=\"elementor-section elementor-top-section elementor-element elementor-element-d43131f elementor-section-boxed elementor-section-height-default elementor-section-height-default\" data-id=\"d43131f\" data-element_type=\"section\">\n\t\t\t\t\t\t<div class=\"elementor-container elementor-column-gap-default\">\n\t\t\t\t\t<div class=\"elementor-column elementor-col-50 elementor-top-column elementor-element elementor-element-1189115\" data-id=\"1189115\" data-element_type=\"column\">\n\t\t\t<div class=\"elementor-widget-wrap elementor-element-populated\">\n\t\t\t\t\t\t<div class=\"elementor-element elementor-element-ec4366b elementor-widget elementor-widget-image\" data-id=\"ec4366b\" data-element_type=\"widget\" data-widget_type=\"image.default\">\n\t\t\t\t<div class=\"elementor-widget-container\">\n\t\t\t\t\t\t\t\t\t\t\t\t\t\t\t<img fetchpriority=\"high\" decoding=\"async\" width=\"900\" height=\"839\" src=\"https:\/\/mijn-lo.nl\/wp-content\/uploads\/2024\/02\/bakken-900x839-1.webp\" class=\"attachment-large size-large wp-image-4152\" alt=\"\" srcset=\"https:\/\/mijn-lo.nl\/wp-content\/uploads\/2024\/02\/bakken-900x839-1.webp 900w, https:\/\/mijn-lo.nl\/wp-content\/uploads\/2024\/02\/bakken-900x839-1-300x280.webp 300w, https:\/\/mijn-lo.nl\/wp-content\/uploads\/2024\/02\/bakken-900x839-1-768x716.webp 768w, https:\/\/mijn-lo.nl\/wp-content\/uploads\/2024\/02\/bakken-900x839-1-13x12.webp 13w, https:\/\/mijn-lo.nl\/wp-content\/uploads\/2024\/02\/bakken-900x839-1-24x22.webp 24w, https:\/\/mijn-lo.nl\/wp-content\/uploads\/2024\/02\/bakken-900x839-1-36x34.webp 36w, https:\/\/mijn-lo.nl\/wp-content\/uploads\/2024\/02\/bakken-900x839-1-48x45.webp 48w\" sizes=\"(max-width: 900px) 100vw, 900px\" \/>\t\t\t\t\t\t\t\t\t\t\t\t\t\t\t<\/div>\n\t\t\t\t<\/div>\n\t\t\t\t<div class=\"elementor-element elementor-element-be81f1b elementor-widget elementor-widget-text-editor\" data-id=\"be81f1b\" data-element_type=\"widget\" data-widget_type=\"text-editor.default\">\n\t\t\t\t<div class=\"elementor-widget-container\">\n\t\t\t\t\t\t\t\t\t<p style=\"text-align: center;\">Organik at\u0131klar i\u00e7in ye\u015fil \u00e7\u00f6p kutusu ve genel at\u0131klar i\u00e7in gri \u00e7\u00f6p kutusu<\/p>\t\t\t\t\t\t\t\t<\/div>\n\t\t\t\t<\/div>\n\t\t\t\t\t<\/div>\n\t\t<\/div>\n\t\t\t\t<div class=\"elementor-column elementor-col-50 elementor-top-column elementor-element elementor-element-b74fd01\" data-id=\"b74fd01\" data-element_type=\"column\">\n\t\t\t<div class=\"elementor-widget-wrap elementor-element-populated\">\n\t\t\t\t\t\t<div class=\"elementor-element elementor-element-669e7d1 elementor-widget elementor-widget-text-editor\" data-id=\"669e7d1\" data-element_type=\"widget\" data-widget_type=\"text-editor.default\">\n\t\t\t\t<div class=\"elementor-widget-container\">\n\t\t\t\t\t\t\t\t\t<h3 class=\"mbr-section-title mbr-fonts-style mb-3 display-5\"><strong>\u00c7evre: ya\u015fad\u0131\u011f\u0131n\u0131z yer<\/strong><\/h3><p class=\"mbr-text mbr-fonts-style display-7\"><strong>\u00c7\u00f6p<br \/><\/strong>Hollanda'da \u00e7evreye iyi bakmak \u00f6nemlidir. At\u0131klar\u0131 ay\u0131rmal\u0131 ve do\u011fru \u00e7\u00f6p kutusuna atmal\u0131s\u0131n\u0131z. Ye\u015fil \u00e7\u00f6p kutusu organik at\u0131klar i\u00e7in, gri \u00e7\u00f6p kutusu ise geri kalanlar i\u00e7indir. Ka\u011f\u0131t ve cam ayr\u0131 \u00e7\u00f6p kutular\u0131na at\u0131l\u0131r. \u00c7\u00f6pleri \u00f6ylece uza\u011fa atmak yasakt\u0131r.\u00a0<\/p><p><strong>Sigara i\u00e7mek<br \/><\/strong>Hollanda'da sigara i\u00e7mek art\u0131k eskisi kadar normal de\u011fil. Art\u0131k restoranlarda, kafelerde ve i\u015f yerlerinde sigara i\u00e7menize izin verilmiyor. Kendiniz sigara i\u00e7iyorsan\u0131z, bunu dikkate almal\u0131 ve izin verilmeyen yerlerde sigara i\u00e7memelisiniz. Esrar (ot) i\u00e7ilmesine izin verilmektedir.\u00a0<\/p>\t\t\t\t\t\t\t\t<\/div>\n\t\t\t\t<\/div>\n\t\t\t\t\t<\/div>\n\t\t<\/div>\n\t\t\t\t\t<\/div>\n\t\t<\/section>\n\t\t\t\t<section class=\"elementor-section elementor-top-section elementor-element elementor-element-66a8790 elementor-reverse-tablet elementor-reverse-mobile elementor-section-boxed elementor-section-height-default elementor-section-height-default\" data-id=\"66a8790\" data-element_type=\"section\">\n\t\t\t\t\t\t<div class=\"elementor-container elementor-column-gap-default\">\n\t\t\t\t\t<div class=\"elementor-column elementor-col-50 elementor-top-column elementor-element elementor-element-a301002\" data-id=\"a301002\" data-element_type=\"column\">\n\t\t\t<div class=\"elementor-widget-wrap elementor-element-populated\">\n\t\t\t\t\t\t<div class=\"elementor-element elementor-element-c5a19ba elementor-widget elementor-widget-text-editor\" data-id=\"c5a19ba\" data-element_type=\"widget\" data-widget_type=\"text-editor.default\">\n\t\t\t\t<div class=\"elementor-widget-container\">\n\t\t\t\t\t\t\t\t\t<h3 class=\"mbr-section-title mbr-fonts-style mb-3 display-5\"><strong>Birka\u00e7 \u00f6nemli nokta daha<\/strong><\/h3><p class=\"mbr-text mbr-fonts-style display-7\">1. H\u0131zl\u0131 bir \u015fekilde ev ar\u0131yorsan\u0131z ve aciliyet bildirimi almad\u0131ysan\u0131z, \u00f6zel bir ki\u015fiden ev kiralayabilirsiniz. Bu genellikle pahal\u0131d\u0131r.<br \/>2. Kira s\u00f6zle\u015fmesi her ay ne kadar kira \u00f6demeniz gerekti\u011fini belirtir.<br \/>3. Kira \u00e7ok y\u00fcksekse, Vergi ve G\u00fcmr\u00fck \u0130daresi'nden kira yard\u0131m\u0131 i\u00e7in ba\u015fvurabilirsiniz.<br \/>4. Kiralanan bir evin muslu\u011fu bozuksa, en iyisi ev sahibini aramakt\u0131r. Ev sahibi yeni bir musluk temin etmelidir. (Ev sahibi taraf\u0131ndan kullan\u0131lan bir evde bunu kendiniz ayarlaman\u0131z gerekir).<br \/>5. D\u00fc\u015f\u00fck gelirli ki\u015filer belediyeden at\u0131k vergisi muafiyeti i\u00e7in ba\u015fvuruda bulunabilirler.<br \/>6. Cam, yak\u0131n\u0131n\u0131zdaki bir cam konteynerine at\u0131lmal\u0131d\u0131r.<br \/>7. Gaz ve elektrik i\u00e7in saya\u00e7 okumas\u0131n\u0131 y\u0131lda bir kez g\u00f6ndermelisiniz.<br \/>8. Evinizde art\u0131k elektrik yoksa, \u00f6nce sokaktaki di\u011fer insanlar\u0131n hala elektri\u011fi olup olmad\u0131\u011f\u0131n\u0131 kontrol etmelisiniz.<br \/>9. Telefon, televizyon veya internet aboneli\u011fini kendiniz se\u00e7ebilirsiniz.<br \/>10. Bir arkada\u015f\u0131n\u0131z\u0131n evinde bir \u015fey k\u0131rarsan\u0131z, sorumluluk sigortas\u0131na ihtiyac\u0131n\u0131z olur.<\/p>\t\t\t\t\t\t\t\t<\/div>\n\t\t\t\t<\/div>\n\t\t\t\t\t<\/div>\n\t\t<\/div>\n\t\t\t\t<div class=\"elementor-column elementor-col-50 elementor-top-column elementor-element elementor-element-b0ecfdc\" data-id=\"b0ecfdc\" data-element_type=\"column\">\n\t\t\t<div class=\"elementor-widget-wrap elementor-element-populated\">\n\t\t\t\t\t\t<div class=\"elementor-element elementor-element-1c999f8 elementor-widget elementor-widget-image\" data-id=\"1c999f8\" data-element_type=\"widget\" data-widget_type=\"image.default\">\n\t\t\t\t<div class=\"elementor-widget-container\">\n\t\t\t\t\t\t\t\t\t\t\t\t\t\t\t<img decoding=\"async\" width=\"446\" height=\"448\" src=\"https:\/\/mijn-lo.nl\/wp-content\/uploads\/2024\/02\/checklist-446x448-1.webp\" class=\"attachment-large size-large wp-image-4153\" alt=\"\" srcset=\"https:\/\/mijn-lo.nl\/wp-content\/uploads\/2024\/02\/checklist-446x448-1.webp 446w, https:\/\/mijn-lo.nl\/wp-content\/uploads\/2024\/02\/checklist-446x448-1-300x300.webp 300w, https:\/\/mijn-lo.nl\/wp-content\/uploads\/2024\/02\/checklist-446x448-1-150x150.webp 150w, https:\/\/mijn-lo.nl\/wp-content\/uploads\/2024\/02\/checklist-446x448-1-12x12.webp 12w, https:\/\/mijn-lo.nl\/wp-content\/uploads\/2024\/02\/checklist-446x448-1-24x24.webp 24w, https:\/\/mijn-lo.nl\/wp-content\/uploads\/2024\/02\/checklist-446x448-1-36x36.webp 36w, https:\/\/mijn-lo.nl\/wp-content\/uploads\/2024\/02\/checklist-446x448-1-48x48.webp 48w\" sizes=\"(max-width: 446px) 100vw, 446px\" \/>\t\t\t\t\t\t\t\t\t\t\t\t\t\t\t<\/div>\n\t\t\t\t<\/div>\n\t\t\t\t<div class=\"elementor-element elementor-element-6942d17 elementor-widget elementor-widget-text-editor\" data-id=\"6942d17\" data-element_type=\"widget\" data-widget_type=\"text-editor.default\">\n\t\t\t\t<div class=\"elementor-widget-container\">\n\t\t\t\t\t\t\t\t\t<p style=\"text-align: center;\">Kontrol Listesi<\/p>\t\t\t\t\t\t\t\t<\/div>\n\t\t\t\t<\/div>\n\t\t\t\t\t<\/div>\n\t\t<\/div>\n\t\t\t\t\t<\/div>\n\t\t<\/section>\n\t\t\t\t<section class=\"elementor-section elementor-top-section elementor-element elementor-element-2edcca1 elementor-section-boxed elementor-section-height-default elementor-section-height-default\" data-id=\"2edcca1\" data-element_type=\"section\">\n\t\t\t\t\t\t<div class=\"elementor-container elementor-column-gap-default\">\n\t\t\t\t\t<div class=\"elementor-column elementor-col-100 elementor-top-column elementor-element elementor-element-75349f87\" data-id=\"75349f87\" data-element_type=\"column\">\n\t\t\t<div class=\"elementor-widget-wrap elementor-element-populated\">\n\t\t\t\t\t\t<div class=\"elementor-element elementor-element-2d2d0e50 elementor-align-center elementor-widget elementor-widget-button\" data-id=\"2d2d0e50\" data-element_type=\"widget\" data-widget_type=\"button.default\">\n\t\t\t\t<div class=\"elementor-widget-container\">\n\t\t\t\t\t\t\t\t\t<div class=\"elementor-button-wrapper\">\n\t\t\t\t\t<a class=\"elementor-button elementor-button-link elementor-size-sm\" href=\"https:\/\/mijn-lo.nl\/tr\/housing\/test-3\/\">\n\t\t\t\t\t\t<span class=\"elementor-button-content-wrapper\">\n\t\t\t\t\t\t\t\t\t<span class=\"elementor-button-text\">devam etmek<\/span>\n\t\t\t\t\t<\/span>\n\t\t\t\t\t<\/a>\n\t\t\t\t<\/div>\n\t\t\t\t\t\t\t\t<\/div>\n\t\t\t\t<\/div>\n\t\t\t\t\t<\/div>\n\t\t<\/div>\n\t\t\t\t\t<\/div>\n\t\t<\/section>\n\t\t\t\t<\/div>","protected":false},"excerpt":{"rendered":"<p>Green bin for organic waste and grey bin for general waste Environment: the place where you live GarbageIn the Netherlands it is important to take good care of the environment. You must separate waste and throw it in the right bin. The green bin is for organic waste the grey bin for the rest. Paper [&hellip;]<\/p>\n","protected":false},"author":1,"featured_media":0,"parent":3311,"menu_order":5,"comment_status":"closed","ping_status":"closed","template":"elementor_canvas","meta":{"site-sidebar-layout":"no-sidebar","site-content-layout":"page-builder","ast-site-content-layout":"full-width-container","site-content-style":"default","site-sidebar-style":"default","ast-global-header-display":"","ast-banner-title-visibility":"","ast-main-header-display":"","ast-hfb-above-header-display":"","ast-hfb-below-header-display":"","ast-hfb-mobile-header-display":"","site-post-title":"disabled","ast-breadcrumbs-content":"","ast-featured-img":"disabled","footer-sml-layout":"","theme-transparent-header-meta":"","adv-header-id-meta":"","stick-header-meta":"","header-above-stick-meta":"","header-main-stick-meta":"","header-below-stick-meta":"","astra-migrate-meta-layouts":"set","ast-page-background-enabled":"default","ast-page-background-meta":{"desktop":{"background-color":"var(--ast-global-color-4)","background-image":"","background-repeat":"repeat","background-position":"center center","background-size":"auto","background-attachment":"scroll","background-type":"","background-media":"","overlay-type":"","overlay-color":"","overlay-opacity":"","overlay-gradient":""},"tablet":{"background-color":"","background-image":"","background-repeat":"repeat","background-position":"center center","background-size":"auto","background-attachment":"scroll","background-type":"","background-media":"","overlay-type":"","overlay-color":"","overlay-opacity":"","overlay-gradient":""},"mobile":{"background-color":"","background-image":"","background-repeat":"repeat","background-position":"center center","background-size":"auto","background-attachment":"scroll","background-type":"","background-media":"","overlay-type":"","overlay-color":"","overlay-opacity":"","overlay-gradient":""}},"ast-content-background-meta":{"desktop":{"background-color":"var(--ast-global-color-5)","background-image":"","background-repeat":"repeat","background-position":"center center","background-size":"auto","background-attachment":"scroll","background-type":"","background-media":"","overlay-type":"","overlay-color":"","overlay-opacity":"","overlay-gradient":""},"tablet":{"background-color":"var(--ast-global-color-5)","background-image":"","background-repeat":"repeat","background-position":"center center","background-size":"auto","background-attachment":"scroll","background-type":"","background-media":"","overlay-type":"","overlay-color":"","overlay-opacity":"","overlay-gradient":""},"mobile":{"background-color":"var(--ast-global-color-5)","background-image":"","background-repeat":"repeat","background-position":"center center","background-size":"auto","background-attachment":"scroll","background-type":"","background-media":"","overlay-type":"","overlay-color":"","overlay-opacity":"","overlay-gradient":""}},"footnotes":""},"class_list":["post-4150","page","type-page","status-publish","hentry"],"_links":{"self":[{"href":"https:\/\/mijn-lo.nl\/tr\/wp-json\/wp\/v2\/pages\/4150","targetHints":{"allow":["GET"]}}],"collection":[{"href":"https:\/\/mijn-lo.nl\/tr\/wp-json\/wp\/v2\/pages"}],"about":[{"href":"https:\/\/mijn-lo.nl\/tr\/wp-json\/wp\/v2\/types\/page"}],"author":[{"embeddable":true,"href":"https:\/\/mijn-lo.nl\/tr\/wp-json\/wp\/v2\/users\/1"}],"replies":[{"embeddable":true,"href":"https:\/\/mijn-lo.nl\/tr\/wp-json\/wp\/v2\/comments?post=4150"}],"version-history":[{"count":22,"href":"https:\/\/mijn-lo.nl\/tr\/wp-json\/wp\/v2\/pages\/4150\/revisions"}],"predecessor-version":[{"id":6262,"href":"https:\/\/mijn-lo.nl\/tr\/wp-json\/wp\/v2\/pages\/4150\/revisions\/6262"}],"up":[{"embeddable":true,"href":"https:\/\/mijn-lo.nl\/tr\/wp-json\/wp\/v2\/pages\/3311"}],"wp:attachment":[{"href":"https:\/\/mijn-lo.nl\/tr\/wp-json\/wp\/v2\/media?parent=4150"}],"curies":[{"name":"wp","href":"https:\/\/api.w.org\/{rel}","templated":true}]}}