{"id":4223,"date":"2024-02-03T17:41:44","date_gmt":"2024-02-03T17:41:44","guid":{"rendered":"http:\/\/mijn-lo.nl\/?page_id=4223"},"modified":"2025-08-19T17:28:05","modified_gmt":"2025-08-19T17:28:05","slug":"basis-insurance","status":"publish","type":"page","link":"https:\/\/mijn-lo.nl\/tr\/healthcare\/basis-insurance\/","title":{"rendered":"Temel sigorta"},"content":{"rendered":"<div data-elementor-type=\"wp-page\" data-elementor-id=\"4223\" class=\"elementor elementor-4223\" data-elementor-post-type=\"page\">\n\t\t\t\t\t\t<section class=\"elementor-section elementor-top-section elementor-element elementor-element-54745e55 elementor-section-boxed elementor-section-height-default elementor-section-height-default\" data-id=\"54745e55\" data-element_type=\"section\">\n\t\t\t\t\t\t<div class=\"elementor-container elementor-column-gap-default\">\n\t\t\t\t\t<div class=\"elementor-column elementor-col-50 elementor-top-column elementor-element elementor-element-6ed89152\" data-id=\"6ed89152\" data-element_type=\"column\">\n\t\t\t<div class=\"elementor-widget-wrap elementor-element-populated\">\n\t\t\t\t\t\t<div class=\"elementor-element elementor-element-5a215560 elementor-widget elementor-widget-image\" data-id=\"5a215560\" data-element_type=\"widget\" data-widget_type=\"image.default\">\n\t\t\t\t<div class=\"elementor-widget-container\">\n\t\t\t\t\t\t\t\t\t\t\t\t\t\t\t<img fetchpriority=\"high\" decoding=\"async\" width=\"543\" height=\"859\" src=\"https:\/\/mijn-lo.nl\/wp-content\/uploads\/2024\/02\/hospital2cb-543x859-1.webp\" class=\"attachment-large size-large wp-image-4218\" alt=\"\" srcset=\"https:\/\/mijn-lo.nl\/wp-content\/uploads\/2024\/02\/hospital2cb-543x859-1.webp 543w, https:\/\/mijn-lo.nl\/wp-content\/uploads\/2024\/02\/hospital2cb-543x859-1-190x300.webp 190w, https:\/\/mijn-lo.nl\/wp-content\/uploads\/2024\/02\/hospital2cb-543x859-1-8x12.webp 8w, https:\/\/mijn-lo.nl\/wp-content\/uploads\/2024\/02\/hospital2cb-543x859-1-15x24.webp 15w, https:\/\/mijn-lo.nl\/wp-content\/uploads\/2024\/02\/hospital2cb-543x859-1-23x36.webp 23w, https:\/\/mijn-lo.nl\/wp-content\/uploads\/2024\/02\/hospital2cb-543x859-1-30x48.webp 30w\" sizes=\"(max-width: 543px) 100vw, 543px\" \/>\t\t\t\t\t\t\t\t\t\t\t\t\t\t\t<\/div>\n\t\t\t\t<\/div>\n\t\t\t\t<div class=\"elementor-element elementor-element-4b903e40 elementor-widget elementor-widget-text-editor\" data-id=\"4b903e40\" data-element_type=\"widget\" data-widget_type=\"text-editor.default\">\n\t\t\t\t<div class=\"elementor-widget-container\">\n\t\t\t\t\t\t\t\t\t<p style=\"text-align: center;\">Hastane<\/p>\t\t\t\t\t\t\t\t<\/div>\n\t\t\t\t<\/div>\n\t\t\t\t\t<\/div>\n\t\t<\/div>\n\t\t\t\t<div class=\"elementor-column elementor-col-50 elementor-top-column elementor-element elementor-element-78ab3ed7\" data-id=\"78ab3ed7\" data-element_type=\"column\">\n\t\t\t<div class=\"elementor-widget-wrap elementor-element-populated\">\n\t\t\t\t\t\t<div class=\"elementor-element elementor-element-3b4bee8e elementor-widget elementor-widget-text-editor\" data-id=\"3b4bee8e\" data-element_type=\"widget\" data-widget_type=\"text-editor.default\">\n\t\t\t\t<div class=\"elementor-widget-container\">\n\t\t\t\t\t\t\t\t\t<h3 class=\"mbr-section-title mbr-fonts-style mb-3 display-5\"><strong>Hollanda&#039;da sa\u011fl\u0131k hizmetleri nas\u0131l organize edilir?<\/strong><\/h3><p class=\"mbr-text mbr-fonts-style display-7\">Hollanda&#039;da sa\u011fl\u0131k hizmetlerine &quot;zorg&quot; diyoruz.<\/p><p><audio class=\"wp-audio-shortcode\" id=\"audio-4223-1\" preload=\"none\" style=\"width: 100%;\" controls=\"controls\"><source type=\"audio\/wav\" src=\"http:\/\/mijn-lo.nl\/wp-content\/uploads\/2024\/02\/zorg.wav?_=1\" \/><a href=\"http:\/\/mijn-lo.nl\/wp-content\/uploads\/2024\/02\/zorg.wav\">http:\/\/mijn-lo.nl\/wp-content\/uploads\/2024\/02\/zorg.wav<\/a><\/audio><\/p><p><strong>Sa\u011fl\u0131k Sigortas\u0131:\u00a0<\/strong>Herkesin sa\u011fl\u0131k sigortas\u0131 olmas\u0131 gerekiyor. Bir \u015firket se\u00e7iyorsunuz ve onlara her ay \u00f6deme yap\u0131yorsunuz. Bu, doktor ziyaretlerinin, hastanede kal\u0131\u015flar\u0131n ve ila\u00e7lar\u0131n \u00f6denmesine yard\u0131mc\u0131 olur. Bu sigortaya \u201cbasisverzekering\u201d ad\u0131 verilmektedir.<\/p><p><strong>Doktora g\u00f6r\u00fcnmek:<\/strong>\u00a0Hastaysan\u0131z, \u00f6nce genel bir doktora g\u00f6r\u00fcn\u00fcn. Bu doktor sizin as\u0131l sa\u011fl\u0131k yard\u0131mc\u0131n\u0131z gibidir. Daha fazla yard\u0131ma ihtiyac\u0131n\u0131z olursa bu doktor size bundan sonra nereye gidece\u011finizi s\u00f6yler.<\/p><p><strong>Sa\u011fl\u0131k Hizmetlerinin \u00d6demesi:\u00a0<\/strong>Sigortan\u0131z \u00e7o\u011fu \u015feyi kar\u015f\u0131l\u0131yor, ancak bazen siz de biraz \u00f6dersiniz. Ne kadar \u00f6deyece\u011finiz, ne kadar para kazand\u0131\u011f\u0131n\u0131za ba\u011fl\u0131d\u0131r.<\/p><p><strong>\u0130la\u00e7lar<\/strong>: E\u011fer doktor size ila\u00e7 veriyorsa, onu eczane denilen ma\u011fazadan al\u0131rs\u0131n\u0131z. Sigorta bir k\u0131sm\u0131n\u0131 kar\u015f\u0131l\u0131yor ama siz bir k\u0131sm\u0131n\u0131 \u00f6deyebilirsiniz. Ma\u011faza, yaln\u0131zca doktorunuzun bu ila\u00e7lar\u0131 tarif etmesi durumunda \u00f6zel ila\u00e7lar verebilir.<\/p><p><strong>Di\u015f Bak\u0131m\u0131<\/strong>: Di\u015f\u00e7iye gitmek ana sigorta taraf\u0131ndan tamamen kar\u015f\u0131lanmaz. Ekstra sigorta sat\u0131n alman\u0131z veya \u00f6demeyi kendiniz yapman\u0131z gerekebilir.<\/p><p><strong>Uzun vadeli bak\u0131m:<\/strong>\u00a0Birinin \u00f6zel bir evde kalmak gibi uzun bir s\u00fcre yard\u0131ma ihtiyac\u0131 varsa, bunun \u00f6denmesine yard\u0131mc\u0131 olacak farkl\u0131 bir sistem vard\u0131r.<\/p>\t\t\t\t\t\t\t\t<\/div>\n\t\t\t\t<\/div>\n\t\t\t\t\t<\/div>\n\t\t<\/div>\n\t\t\t\t\t<\/div>\n\t\t<\/section>\n\t\t\t\t<section class=\"elementor-section elementor-top-section elementor-element elementor-element-66a8790 elementor-reverse-tablet elementor-reverse-mobile elementor-section-boxed elementor-section-height-default elementor-section-height-default\" data-id=\"66a8790\" data-element_type=\"section\">\n\t\t\t\t\t\t<div class=\"elementor-container elementor-column-gap-default\">\n\t\t\t\t\t<div class=\"elementor-column elementor-col-50 elementor-top-column elementor-element elementor-element-a301002\" data-id=\"a301002\" data-element_type=\"column\">\n\t\t\t<div class=\"elementor-widget-wrap elementor-element-populated\">\n\t\t\t\t\t\t<div class=\"elementor-element elementor-element-c5a19ba elementor-widget elementor-widget-text-editor\" data-id=\"c5a19ba\" data-element_type=\"widget\" data-widget_type=\"text-editor.default\">\n\t\t\t\t<div class=\"elementor-widget-container\">\n\t\t\t\t\t\t\t\t\t<h3 class=\"mbr-section-title mbr-fonts-style mb-3 display-5\"><strong>Temel sigorta, daha fazla bilgi<\/strong><\/h3><p class=\"mbr-text mbr-fonts-style display-7\">Hollanda&#039;da temel sigortaya &quot;basisverzekering&quot; diyoruz.<\/p><p class=\"mbr-text mbr-fonts-style display-7\">\u00a0<\/p><p><audio class=\"wp-audio-shortcode\" id=\"audio-4223-2\" preload=\"none\" style=\"width: 100%;\" controls=\"controls\"><source type=\"audio\/wav\" src=\"http:\/\/mijn-lo.nl\/wp-content\/uploads\/2024\/02\/basisverzekering.wav?_=2\" \/><a href=\"http:\/\/mijn-lo.nl\/wp-content\/uploads\/2024\/02\/basisverzekering.wav\">http:\/\/mijn-lo.nl\/wp-content\/uploads\/2024\/02\/basisverzekering.wav<\/a><\/audio><\/p><p class=\"mbr-section-title mbr-fonts-style mb-3 display-5\">Hollanda&#039;da herkesin \u00f6zel sigorta \u015firketleri taraf\u0131ndan y\u00f6netilen temel sigortaya sahip olmas\u0131 zorunludur. Temel sigorta \u015funlar\u0131 kapsar:<br \/>1.\u00a0<strong>Doktora Gitmek:<\/strong>\u00a0Hasta oldu\u011funuzda veya t\u0131bbi tavsiyeye ihtiya\u00e7 duydu\u011funuzda doktora gitmek.<br \/>2.\u00a0<strong>Hastane Bak\u0131m\u0131:<\/strong>\u00a0Ameliyatlar ve acil bak\u0131m da dahil olmak \u00fczere hastanede tedavi ve bak\u0131m almak.<br \/>3.\u00a0<strong>\u0130la\u00e7lar:<\/strong>\u00a0Sigorta taraf\u0131ndan onaylanan ve listelenen re\u00e7eteli ila\u00e7lar.<br \/>4.\u00a0<strong>Do\u011fum Bak\u0131m\u0131:<\/strong>\u00a0Gebelik, do\u011fum ve do\u011fum sonras\u0131 bak\u0131ma ili\u015fkin hizmetler.<br \/>5.\u00a0<strong>Ruh Sa\u011fl\u0131\u011f\u0131:<\/strong>\u00a0Ruhsal sa\u011fl\u0131k sorunlar\u0131na y\u00f6nelik yard\u0131m ve tedavi.<br \/>6.\u00a0<strong>Rehabilitasyon:<\/strong>\u00a0Yaralanma veya hastal\u0131ktan kurtulmaya yard\u0131mc\u0131 olan terapi ve egzersizler.<br \/>7.\u00a0<strong>Uzman Bak\u0131m:<\/strong>\u00a0Belirli sa\u011fl\u0131k sorunlar\u0131 i\u00e7in uzman doktorlara g\u00f6r\u00fcnmek.<br \/>8.\u00a0<strong>T\u0131bbi Ekipman:<\/strong>\u00a0Gerekti\u011finde tekerlekli sandalye veya koltuk de\u011fne\u011fi gibi belirli cihazlar ve yard\u0131mc\u0131lar.<br \/>9. <strong>\u00d6nleyici Bak\u0131m:<\/strong>\u00a0Sa\u011fl\u0131k sorunlar\u0131n\u0131 erken yakalamak i\u00e7in a\u015f\u0131lama ve taramalar.<br \/><br \/>Belirli hizmetler i\u00e7in muafiyetler veya k\u00fc\u00e7\u00fck \u00f6demeler gibi baz\u0131 maliyetlerin yine de s\u00f6z konusu olabilece\u011fini unutmay\u0131n.<\/p>\t\t\t\t\t\t\t\t<\/div>\n\t\t\t\t<\/div>\n\t\t\t\t\t<\/div>\n\t\t<\/div>\n\t\t\t\t<div class=\"elementor-column elementor-col-50 elementor-top-column elementor-element elementor-element-b0ecfdc\" data-id=\"b0ecfdc\" data-element_type=\"column\">\n\t\t\t<div class=\"elementor-widget-wrap elementor-element-populated\">\n\t\t\t\t\t\t<div class=\"elementor-element elementor-element-1c999f8 elementor-widget elementor-widget-image\" data-id=\"1c999f8\" data-element_type=\"widget\" data-widget_type=\"image.default\">\n\t\t\t\t<div class=\"elementor-widget-container\">\n\t\t\t\t\t\t\t\t\t\t\t\t\t\t\t<img decoding=\"async\" width=\"603\" height=\"809\" src=\"https:\/\/mijn-lo.nl\/wp-content\/uploads\/2024\/02\/chirurg4-603x809-1.webp\" class=\"attachment-large size-large wp-image-4232\" alt=\"\" srcset=\"https:\/\/mijn-lo.nl\/wp-content\/uploads\/2024\/02\/chirurg4-603x809-1.webp 603w, https:\/\/mijn-lo.nl\/wp-content\/uploads\/2024\/02\/chirurg4-603x809-1-224x300.webp 224w, https:\/\/mijn-lo.nl\/wp-content\/uploads\/2024\/02\/chirurg4-603x809-1-9x12.webp 9w, https:\/\/mijn-lo.nl\/wp-content\/uploads\/2024\/02\/chirurg4-603x809-1-18x24.webp 18w, https:\/\/mijn-lo.nl\/wp-content\/uploads\/2024\/02\/chirurg4-603x809-1-27x36.webp 27w, https:\/\/mijn-lo.nl\/wp-content\/uploads\/2024\/02\/chirurg4-603x809-1-36x48.webp 36w\" sizes=\"(max-width: 603px) 100vw, 603px\" \/>\t\t\t\t\t\t\t\t\t\t\t\t\t\t\t<\/div>\n\t\t\t\t<\/div>\n\t\t\t\t<div class=\"elementor-element elementor-element-6942d17 elementor-widget elementor-widget-text-editor\" data-id=\"6942d17\" data-element_type=\"widget\" data-widget_type=\"text-editor.default\">\n\t\t\t\t<div class=\"elementor-widget-container\">\n\t\t\t\t\t\t\t\t\t<p style=\"text-align: center;\">Hastane bak\u0131m\u0131<\/p>\t\t\t\t\t\t\t\t<\/div>\n\t\t\t\t<\/div>\n\t\t\t\t\t<\/div>\n\t\t<\/div>\n\t\t\t\t\t<\/div>\n\t\t<\/section>\n\t\t\t\t<section class=\"elementor-section elementor-top-section elementor-element elementor-element-0ff0813 elementor-section-boxed elementor-section-height-default elementor-section-height-default\" data-id=\"0ff0813\" data-element_type=\"section\">\n\t\t\t\t\t\t<div class=\"elementor-container elementor-column-gap-default\">\n\t\t\t\t\t<div class=\"elementor-column elementor-col-50 elementor-top-column elementor-element elementor-element-11e498c\" data-id=\"11e498c\" data-element_type=\"column\">\n\t\t\t<div class=\"elementor-widget-wrap elementor-element-populated\">\n\t\t\t\t\t\t<div class=\"elementor-element elementor-element-9ffb1b0 elementor-widget elementor-widget-image\" data-id=\"9ffb1b0\" data-element_type=\"widget\" data-widget_type=\"image.default\">\n\t\t\t\t<div class=\"elementor-widget-container\">\n\t\t\t\t\t\t\t\t\t\t\t\t\t\t\t<img decoding=\"async\" width=\"600\" height=\"1024\" src=\"https:\/\/mijn-lo.nl\/wp-content\/uploads\/2024\/02\/1-gezondeten-800x1365-1-600x1024.webp\" class=\"attachment-large size-large wp-image-4259\" alt=\"\" srcset=\"https:\/\/mijn-lo.nl\/wp-content\/uploads\/2024\/02\/1-gezondeten-800x1365-1-600x1024.webp 600w, https:\/\/mijn-lo.nl\/wp-content\/uploads\/2024\/02\/1-gezondeten-800x1365-1-176x300.webp 176w, https:\/\/mijn-lo.nl\/wp-content\/uploads\/2024\/02\/1-gezondeten-800x1365-1-768x1310.webp 768w, https:\/\/mijn-lo.nl\/wp-content\/uploads\/2024\/02\/1-gezondeten-800x1365-1-7x12.webp 7w, https:\/\/mijn-lo.nl\/wp-content\/uploads\/2024\/02\/1-gezondeten-800x1365-1-14x24.webp 14w, https:\/\/mijn-lo.nl\/wp-content\/uploads\/2024\/02\/1-gezondeten-800x1365-1-21x36.webp 21w, https:\/\/mijn-lo.nl\/wp-content\/uploads\/2024\/02\/1-gezondeten-800x1365-1-28x48.webp 28w, https:\/\/mijn-lo.nl\/wp-content\/uploads\/2024\/02\/1-gezondeten-800x1365-1.webp 800w\" sizes=\"(max-width: 600px) 100vw, 600px\" \/>\t\t\t\t\t\t\t\t\t\t\t\t\t\t\t<\/div>\n\t\t\t\t<\/div>\n\t\t\t\t\t<\/div>\n\t\t<\/div>\n\t\t\t\t<div class=\"elementor-column elementor-col-50 elementor-top-column elementor-element elementor-element-4ec2c60\" data-id=\"4ec2c60\" data-element_type=\"column\">\n\t\t\t<div class=\"elementor-widget-wrap elementor-element-populated\">\n\t\t\t\t\t\t<div class=\"elementor-element elementor-element-27c87d7 elementor-widget elementor-widget-text-editor\" data-id=\"27c87d7\" data-element_type=\"widget\" data-widget_type=\"text-editor.default\">\n\t\t\t\t<div class=\"elementor-widget-container\">\n\t\t\t\t\t\t\t\t\t<h3 class=\"mbr-section-title mbr-fonts-style mb-3 display-5\"><strong>Sa\u011fl\u0131kl\u0131 ya\u015famak<\/strong><\/h3><p>Sa\u011fl\u0131kl\u0131 ya\u015famak, bedenimiz ve zihnimiz i\u00e7in iyi se\u00e7imler yapmak anlam\u0131na gelir. Bu, kendimizi iyi hissetmemize ve daha uzun ya\u015famam\u0131za yard\u0131mc\u0131 olur.<br \/><br \/><strong>Sa\u011fl\u0131kl\u0131 Ya\u015famak \u0130\u00e7in Nas\u0131l<br \/><\/strong><br \/><em>Do\u011fru Beslenme:<br \/><\/em>Sebze, meyve, tah\u0131l ve et gibi farkl\u0131 besinler t\u00fcketin.<br \/>G\u00fcnde \u00fc\u00e7 \u00f6\u011f\u00fcn yemek yiyin. Kahvalt\u0131y\u0131 atlamay\u0131n.<br \/>Bol su i\u00e7in.<br \/>\u00c7ok fazla \u015feker, tuz ve ya\u011f t\u00fcketmeyin.<br \/>G\u0131dalar\u0131n son kullanma tarihlerini kontrol edin ve g\u0131dalar\u0131n temiz olmas\u0131na dikkat edin.<br \/><br \/><em>Hareket ve Oyun:<br \/><\/em>Y\u00fcr\u00fcmek, bisiklete binmek veya spor yapmak gibi aktivitelerde bulunun.<br \/>Her g\u00fcn 30 dakika hareket etmeye \u00e7al\u0131\u015f\u0131n.<br \/><br \/><em>\u0130yi Uyumak<\/em>: Her gece dinlenmi\u015f hissedebilmek i\u00e7in yeterince uyuyun.<br \/><br \/><em>Rahatlat\u0131c\u0131<\/em>: E\u011flenceli \u015feyler yap\u0131n veya sakinle\u015fmek i\u00e7in rahatlay\u0131n.<br \/><br \/><em>K\u00f6t\u00fc Al\u0131\u015fkanl\u0131klar Yok:<\/em><br \/>Sigara i\u00e7meyin. Akci\u011ferlere zararl\u0131d\u0131r.<br \/>\u00c7ok fazla alkol t\u00fcketmeyin.<br \/><br \/><strong>Doktor Ziyaretleri:<\/strong>\u00a0Sa\u011fl\u0131kl\u0131 olup olmad\u0131\u011f\u0131n\u0131z\u0131 kontrol etmek i\u00e7in ara s\u0131ra doktora g\u00f6r\u00fcn\u00fcn.<br \/><br \/><em>\u0130\u00e7inizde \u0130yi Hissetmek:\u00a0<\/em>Arkada\u015flar\u0131n\u0131z ve ailenizle konu\u015fun. Kendinizi \u00e7ok \u00fczg\u00fcn hissediyorsan\u0131z yard\u0131m isteyin.<br \/><br \/><em>\u0130\u00e7me suyu<\/em>: S\u0131k s\u0131k su i\u00e7in. \u00c7ok fazla tatl\u0131 i\u00e7ecek i\u00e7meyin.<br \/><br \/><strong>Ba\u015fkalar\u0131yla G\u00fcvende Olmak:<br \/><\/strong>K\u0131zlar hap alabilirler.<br \/>Erkek \u00e7ocuklar\u0131 prezervatif denilen bir \u015feyi kullanabilirler.<br \/>Hasta olmamak i\u00e7in g\u00fcvende olun.<\/p>\t\t\t\t\t\t\t\t<\/div>\n\t\t\t\t<\/div>\n\t\t\t\t\t<\/div>\n\t\t<\/div>\n\t\t\t\t\t<\/div>\n\t\t<\/section>\n\t\t\t\t<section class=\"elementor-section elementor-top-section elementor-element elementor-element-2edcca1 elementor-section-boxed elementor-section-height-default elementor-section-height-default\" data-id=\"2edcca1\" data-element_type=\"section\">\n\t\t\t\t\t\t<div class=\"elementor-container elementor-column-gap-default\">\n\t\t\t\t\t<div class=\"elementor-column elementor-col-100 elementor-top-column elementor-element elementor-element-75349f87\" data-id=\"75349f87\" data-element_type=\"column\">\n\t\t\t<div class=\"elementor-widget-wrap elementor-element-populated\">\n\t\t\t\t\t\t<div class=\"elementor-element elementor-element-2d2d0e50 elementor-align-center elementor-widget elementor-widget-button\" data-id=\"2d2d0e50\" data-element_type=\"widget\" data-widget_type=\"button.default\">\n\t\t\t\t<div class=\"elementor-widget-container\">\n\t\t\t\t\t\t\t\t\t<div class=\"elementor-button-wrapper\">\n\t\t\t\t\t<a class=\"elementor-button elementor-button-link elementor-size-sm\" href=\"https:\/\/mijn-lo.nl\/tr\/healthcare\/learn-basic-words\/\">\n\t\t\t\t\t\t<span class=\"elementor-button-content-wrapper\">\n\t\t\t\t\t\t\t\t\t<span class=\"elementor-button-text\">devam etmek<\/span>\n\t\t\t\t\t<\/span>\n\t\t\t\t\t<\/a>\n\t\t\t\t<\/div>\n\t\t\t\t\t\t\t\t<\/div>\n\t\t\t\t<\/div>\n\t\t\t\t\t<\/div>\n\t\t<\/div>\n\t\t\t\t\t<\/div>\n\t\t<\/section>\n\t\t\t\t<\/div>","protected":false},"excerpt":{"rendered":"<p>Hospital How healthcare is organized in the Netherlands In the Netherlands, we call healthcare &#8220;zorg&#8221;. Health Insurance:\u00a0Everyone must have health insurance. You pick a company and pay them every month. This helps pay for doctor visits, hospital stays, and medicines. This insurance is called &#8220;basisverzekering&#8221;. Seeing a Doctor:\u00a0If you&#8217;re sick, you see a general doctor [&hellip;]<\/p>\n","protected":false},"author":1,"featured_media":0,"parent":4178,"menu_order":2,"comment_status":"closed","ping_status":"closed","template":"elementor_canvas","meta":{"site-sidebar-layout":"no-sidebar","site-content-layout":"page-builder","ast-site-content-layout":"full-width-container","site-content-style":"default","site-sidebar-style":"default","ast-global-header-display":"","ast-banner-title-visibility":"","ast-main-header-display":"","ast-hfb-above-header-display":"","ast-hfb-below-header-display":"","ast-hfb-mobile-header-display":"","site-post-title":"disabled","ast-breadcrumbs-content":"","ast-featured-img":"disabled","footer-sml-layout":"","theme-transparent-header-meta":"","adv-header-id-meta":"","stick-header-meta":"","header-above-stick-meta":"","header-main-stick-meta":"","header-below-stick-meta":"","astra-migrate-meta-layouts":"set","ast-page-background-enabled":"default","ast-page-background-meta":{"desktop":{"background-color":"var(--ast-global-color-4)","background-image":"","background-repeat":"repeat","background-position":"center center","background-size":"auto","background-attachment":"scroll","background-type":"","background-media":"","overlay-type":"","overlay-color":"","overlay-opacity":"","overlay-gradient":""},"tablet":{"background-color":"","background-image":"","background-repeat":"repeat","background-position":"center center","background-size":"auto","background-attachment":"scroll","background-type":"","background-media":"","overlay-type":"","overlay-color":"","overlay-opacity":"","overlay-gradient":""},"mobile":{"background-color":"","background-image":"","background-repeat":"repeat","background-position":"center center","background-size":"auto","background-attachment":"scroll","background-type":"","background-media":"","overlay-type":"","overlay-color":"","overlay-opacity":"","overlay-gradient":""}},"ast-content-background-meta":{"desktop":{"background-color":"var(--ast-global-color-5)","background-image":"","background-repeat":"repeat","background-position":"center center","background-size":"auto","background-attachment":"scroll","background-type":"","background-media":"","overlay-type":"","overlay-color":"","overlay-opacity":"","overlay-gradient":""},"tablet":{"background-color":"var(--ast-global-color-5)","background-image":"","background-repeat":"repeat","background-position":"center center","background-size":"auto","background-attachment":"scroll","background-type":"","background-media":"","overlay-type":"","overlay-color":"","overlay-opacity":"","overlay-gradient":""},"mobile":{"background-color":"var(--ast-global-color-5)","background-image":"","background-repeat":"repeat","background-position":"center center","background-size":"auto","background-attachment":"scroll","background-type":"","background-media":"","overlay-type":"","overlay-color":"","overlay-opacity":"","overlay-gradient":""}},"footnotes":""},"class_list":["post-4223","page","type-page","status-publish","hentry"],"_links":{"self":[{"href":"https:\/\/mijn-lo.nl\/tr\/wp-json\/wp\/v2\/pages\/4223","targetHints":{"allow":["GET"]}}],"collection":[{"href":"https:\/\/mijn-lo.nl\/tr\/wp-json\/wp\/v2\/pages"}],"about":[{"href":"https:\/\/mijn-lo.nl\/tr\/wp-json\/wp\/v2\/types\/page"}],"author":[{"embeddable":true,"href":"https:\/\/mijn-lo.nl\/tr\/wp-json\/wp\/v2\/users\/1"}],"replies":[{"embeddable":true,"href":"https:\/\/mijn-lo.nl\/tr\/wp-json\/wp\/v2\/comments?post=4223"}],"version-history":[{"count":22,"href":"https:\/\/mijn-lo.nl\/tr\/wp-json\/wp\/v2\/pages\/4223\/revisions"}],"predecessor-version":[{"id":6268,"href":"https:\/\/mijn-lo.nl\/tr\/wp-json\/wp\/v2\/pages\/4223\/revisions\/6268"}],"up":[{"embeddable":true,"href":"https:\/\/mijn-lo.nl\/tr\/wp-json\/wp\/v2\/pages\/4178"}],"wp:attachment":[{"href":"https:\/\/mijn-lo.nl\/tr\/wp-json\/wp\/v2\/media?parent=4223"}],"curies":[{"name":"wp","href":"https:\/\/api.w.org\/{rel}","templated":true}]}}