{"id":4339,"date":"2024-02-04T15:53:54","date_gmt":"2024-02-04T15:53:54","guid":{"rendered":"http:\/\/mijn-lo.nl\/?page_id=4339"},"modified":"2025-08-19T17:29:38","modified_gmt":"2025-08-19T17:29:38","slug":"the-dentist-first-aid-specialistic-care","status":"publish","type":"page","link":"https:\/\/mijn-lo.nl\/tr\/healthcare\/the-dentist-first-aid-specialistic-care\/","title":{"rendered":"Di\u015f hekimi, \u0130lk Yard\u0131m, \u00d6zel bak\u0131m"},"content":{"rendered":"<div data-elementor-type=\"wp-page\" data-elementor-id=\"4339\" class=\"elementor elementor-4339\" data-elementor-post-type=\"page\">\n\t\t\t\t\t\t<section class=\"elementor-section elementor-top-section elementor-element elementor-element-b111678 elementor-reverse-tablet elementor-reverse-mobile elementor-section-boxed elementor-section-height-default elementor-section-height-default\" data-id=\"b111678\" data-element_type=\"section\">\n\t\t\t\t\t\t<div class=\"elementor-container elementor-column-gap-default\">\n\t\t\t\t\t<div class=\"elementor-column elementor-col-50 elementor-top-column elementor-element elementor-element-8c61f63\" data-id=\"8c61f63\" data-element_type=\"column\">\n\t\t\t<div class=\"elementor-widget-wrap elementor-element-populated\">\n\t\t\t\t\t\t<div class=\"elementor-element elementor-element-fd8374c elementor-widget elementor-widget-text-editor\" data-id=\"fd8374c\" data-element_type=\"widget\" data-widget_type=\"text-editor.default\">\n\t\t\t\t<div class=\"elementor-widget-container\">\n\t\t\t\t\t\t\t\t\t<h3 class=\"mbr-section-title mbr-fonts-style mb-3 display-5\"><strong>Di\u015f Hekimi<\/strong><\/h3><p>Hollandaca: \"tandarts\"<\/p><p><audio class=\"wp-audio-shortcode\" id=\"audio-4339-1\" preload=\"none\" style=\"width: 100%;\" controls=\"controls\"><source type=\"audio\/wav\" src=\"https:\/\/mijn-lo.nl\/wp-content\/uploads\/2024\/02\/tandarts.wav?_=1\" \/><a href=\"https:\/\/mijn-lo.nl\/wp-content\/uploads\/2024\/02\/tandarts.wav\">https:\/\/mijn-lo.nl\/wp-content\/uploads\/2024\/02\/tandarts.wav<\/a><\/audio><\/p><p><br \/>Hollanda'da di\u015f bak\u0131m\u0131 tamamen temel sa\u011fl\u0131k sigortas\u0131 kapsam\u0131nda de\u011fildir. Di\u015f masraflar\u0131n\u0131 kar\u015f\u0131lamaya yard\u0131mc\u0131 olmak i\u00e7in \u00f6zel \u015firketlerden ekstra di\u015f sigortas\u0131 sat\u0131n alabilirsiniz. Bu sigorta di\u015f tedavilerinin baz\u0131 masraflar\u0131n\u0131 kar\u015f\u0131layabilir.<\/p><p><strong>Temel di\u015f sigortas\u0131\u00a0<\/strong>genellikle rutin kontrolleri, temizlikleri ve r\u00f6ntgenleri kapsar. Ayr\u0131ca dolgu veya di\u015f \u00e7ekimi gibi i\u015flemler i\u00e7in de k\u0131smi teminat sa\u011flayabilir. Bununla birlikte, di\u015f teli gibi daha kapsaml\u0131 tedaviler genellikle yeti\u015fkinler i\u00e7in kar\u015f\u0131lanmaz, ancak sa\u011fl\u0131k nedenleriyle ihtiya\u00e7 duymalar\u0131 halinde \u00e7ocuklar di\u015f teli i\u00e7in uygun olabilir.<\/p><p>Di\u015f sigortan\u0131z olsa bile, yine de masraflar\u0131n bir k\u0131sm\u0131n\u0131 kendiniz \u00f6demeniz gerekebilir. Kesin miktar sigorta plan\u0131n\u0131za ve ald\u0131\u011f\u0131n\u0131z \u00f6zel tedaviye ba\u011fl\u0131d\u0131r.<\/p><p><strong>\u00c7ocuklar i\u00e7in:<\/strong>\u00a0\u00c7ocuklar i\u00e7in di\u015f bak\u0131m\u0131n\u0131n, kontroller, dolgular ve gerekli di\u015f telleri de dahil olmak \u00fczere temel sa\u011fl\u0131k sigortas\u0131 kapsam\u0131nda oldu\u011funu bilmek \u00f6nemlidir.<\/p><p>Di\u015f tedavisine ihtiyac\u0131n\u0131z varsa, di\u015f sigortan\u0131z\u0131n neleri kapsad\u0131\u011f\u0131n\u0131 kontrol etmek veya masraflara yard\u0131mc\u0131 olmas\u0131 i\u00e7in di\u015f sigortas\u0131 yapt\u0131rmay\u0131 d\u00fc\u015f\u00fcnmek iyi bir fikirdir.<\/p>\t\t\t\t\t\t\t\t<\/div>\n\t\t\t\t<\/div>\n\t\t\t\t\t<\/div>\n\t\t<\/div>\n\t\t\t\t<div class=\"elementor-column elementor-col-50 elementor-top-column elementor-element elementor-element-d3e4923\" data-id=\"d3e4923\" data-element_type=\"column\">\n\t\t\t<div class=\"elementor-widget-wrap elementor-element-populated\">\n\t\t\t\t\t\t<div class=\"elementor-element elementor-element-856007c elementor-widget elementor-widget-image\" data-id=\"856007c\" data-element_type=\"widget\" data-widget_type=\"image.default\">\n\t\t\t\t<div class=\"elementor-widget-container\">\n\t\t\t\t\t\t\t\t\t\t\t\t\t\t\t<img fetchpriority=\"high\" decoding=\"async\" width=\"334\" height=\"500\" src=\"https:\/\/mijn-lo.nl\/wp-content\/uploads\/2024\/02\/geen-suiker-334x500-1.webp\" class=\"attachment-large size-large wp-image-4355\" alt=\"\" srcset=\"https:\/\/mijn-lo.nl\/wp-content\/uploads\/2024\/02\/geen-suiker-334x500-1.webp 334w, https:\/\/mijn-lo.nl\/wp-content\/uploads\/2024\/02\/geen-suiker-334x500-1-200x300.webp 200w, https:\/\/mijn-lo.nl\/wp-content\/uploads\/2024\/02\/geen-suiker-334x500-1-8x12.webp 8w, https:\/\/mijn-lo.nl\/wp-content\/uploads\/2024\/02\/geen-suiker-334x500-1-16x24.webp 16w, https:\/\/mijn-lo.nl\/wp-content\/uploads\/2024\/02\/geen-suiker-334x500-1-24x36.webp 24w, https:\/\/mijn-lo.nl\/wp-content\/uploads\/2024\/02\/geen-suiker-334x500-1-32x48.webp 32w\" sizes=\"(max-width: 334px) 100vw, 334px\" \/>\t\t\t\t\t\t\t\t\t\t\t\t\t\t\t<\/div>\n\t\t\t\t<\/div>\n\t\t\t\t\t<\/div>\n\t\t<\/div>\n\t\t\t\t\t<\/div>\n\t\t<\/section>\n\t\t\t\t<section class=\"elementor-section elementor-top-section elementor-element elementor-element-84bd087 elementor-section-boxed elementor-section-height-default elementor-section-height-default\" data-id=\"84bd087\" data-element_type=\"section\">\n\t\t\t\t\t\t<div class=\"elementor-container elementor-column-gap-default\">\n\t\t\t\t\t<div class=\"elementor-column elementor-col-50 elementor-top-column elementor-element elementor-element-b8c686f\" data-id=\"b8c686f\" data-element_type=\"column\">\n\t\t\t<div class=\"elementor-widget-wrap elementor-element-populated\">\n\t\t\t\t\t\t<div class=\"elementor-element elementor-element-801b584 elementor-widget elementor-widget-image\" data-id=\"801b584\" data-element_type=\"widget\" data-widget_type=\"image.default\">\n\t\t\t\t<div class=\"elementor-widget-container\">\n\t\t\t\t\t\t\t\t\t\t\t\t\t\t\t<img decoding=\"async\" width=\"504\" height=\"151\" src=\"https:\/\/mijn-lo.nl\/wp-content\/uploads\/2024\/02\/bord-tandarts.jpg\" class=\"attachment-large size-large wp-image-4357\" alt=\"\" srcset=\"https:\/\/mijn-lo.nl\/wp-content\/uploads\/2024\/02\/bord-tandarts.jpg 504w, https:\/\/mijn-lo.nl\/wp-content\/uploads\/2024\/02\/bord-tandarts-300x90.jpg 300w, https:\/\/mijn-lo.nl\/wp-content\/uploads\/2024\/02\/bord-tandarts-18x5.jpg 18w, https:\/\/mijn-lo.nl\/wp-content\/uploads\/2024\/02\/bord-tandarts-24x7.jpg 24w, https:\/\/mijn-lo.nl\/wp-content\/uploads\/2024\/02\/bord-tandarts-36x11.jpg 36w, https:\/\/mijn-lo.nl\/wp-content\/uploads\/2024\/02\/bord-tandarts-48x14.jpg 48w\" sizes=\"(max-width: 504px) 100vw, 504px\" \/>\t\t\t\t\t\t\t\t\t\t\t\t\t\t\t<\/div>\n\t\t\t\t<\/div>\n\t\t\t\t<div class=\"elementor-element elementor-element-e230858 elementor-widget elementor-widget-text-editor\" data-id=\"e230858\" data-element_type=\"widget\" data-widget_type=\"text-editor.default\">\n\t\t\t\t<div class=\"elementor-widget-container\">\n\t\t\t\t\t\t\t\t\t<p style=\"text-align: center;\">Di\u015f hekimi aran\u0131yor<\/p>\t\t\t\t\t\t\t\t<\/div>\n\t\t\t\t<\/div>\n\t\t\t\t\t<\/div>\n\t\t<\/div>\n\t\t\t\t<div class=\"elementor-column elementor-col-50 elementor-top-column elementor-element elementor-element-0551744\" data-id=\"0551744\" data-element_type=\"column\">\n\t\t\t<div class=\"elementor-widget-wrap elementor-element-populated\">\n\t\t\t\t\t\t<div class=\"elementor-element elementor-element-c6eb488 elementor-widget elementor-widget-text-editor\" data-id=\"c6eb488\" data-element_type=\"widget\" data-widget_type=\"text-editor.default\">\n\t\t\t\t<div class=\"elementor-widget-container\">\n\t\t\t\t\t\t\t\t\t<h3 class=\"mbr-section-title mbr-fonts-style mb-3 display-5\"><strong>Di\u015f hekimi bulmakta zorlanan m\u00fclteciler i\u00e7in ek ipu\u00e7lar\u0131:<\/strong><\/h3><p class=\"mbr-text mbr-fonts-style display-7\">B\u00f6lgenizde \u00f6zellikle m\u00fcltecilere hizmet veren bir di\u015f hekimi olup olmad\u0131\u011f\u0131na bak\u0131n.<br \/>M\u00fcltecilere hizmet veren bir kurulu\u015ftan yard\u0131m isteyin. Di\u015f hekimi bulma konusunda yard\u0131mc\u0131 olabilecek bir\u00e7ok kurulu\u015f vard\u0131r.<br \/>Ba\u015fka bir belediyedeki di\u015f hekimine gitmeyi d\u00fc\u015f\u00fcn\u00fcn. B\u00fcy\u00fck \u015fehirlerde genellikle k\u00fc\u00e7\u00fck k\u00f6ylerden daha fazla di\u015f hekimi vard\u0131r.<\/p>\t\t\t\t\t\t\t\t<\/div>\n\t\t\t\t<\/div>\n\t\t\t\t\t<\/div>\n\t\t<\/div>\n\t\t\t\t\t<\/div>\n\t\t<\/section>\n\t\t\t\t<section class=\"elementor-section elementor-top-section elementor-element elementor-element-134c880 elementor-reverse-tablet elementor-reverse-mobile elementor-section-boxed elementor-section-height-default elementor-section-height-default\" data-id=\"134c880\" data-element_type=\"section\">\n\t\t\t\t\t\t<div class=\"elementor-container elementor-column-gap-default\">\n\t\t\t\t\t<div class=\"elementor-column elementor-col-50 elementor-top-column elementor-element elementor-element-ab7892e\" data-id=\"ab7892e\" data-element_type=\"column\">\n\t\t\t<div class=\"elementor-widget-wrap elementor-element-populated\">\n\t\t\t\t\t\t<div class=\"elementor-element elementor-element-aa8be7e elementor-widget elementor-widget-text-editor\" data-id=\"aa8be7e\" data-element_type=\"widget\" data-widget_type=\"text-editor.default\">\n\t\t\t\t<div class=\"elementor-widget-container\">\n\t\t\t\t\t\t\t\t\t<h3 class=\"mbr-section-title mbr-fonts-style mb-3 display-5\">Hollanda'da \u0130lk Yard\u0131m<\/h3><p>Hollandaca: \"spoedeisende hulp SEH\/EHBO\"<br \/><br \/>\u00d6ncelikle, ilk yard\u0131m\u0131n ne oldu\u011funu a\u00e7\u0131klayal\u0131m: hastanede, kaza gibi akut bir sa\u011fl\u0131k sorunu oldu\u011funda gidebilece\u011finiz bir b\u00f6l\u00fcmd\u00fcr. Hastanede bir pratisyen hekim muayenehanesi (asl\u0131nda bir doktor muayenehanesi) bulunmaktad\u0131r. Gitmeden \u00f6nce bu ofisi aramal\u0131s\u0131n\u0131z. Telefon numaras\u0131na bak\u0131n. E\u011fer telefon edemiyorsan\u0131z, do\u011frudan hastaneye gidin ve neler oldu\u011funu anlat\u0131n. Hayati tehlike s\u00f6z konusuysa 112'yi aramal\u0131s\u0131n\u0131z.<\/p><p>Hollanda'da bir hastanede \u0130lk Yard\u0131m b\u00f6l\u00fcm\u00fcne ne zaman gidilmeli?<\/p><ol><li><strong>Acil durumlar:<\/strong> Bir ki\u015fi acil tehlike alt\u0131ndaysa veya nefes almada zorluk, \u015fiddetli kanama veya bilin\u00e7 kayb\u0131 gibi ciddi bir sa\u011fl\u0131k sorunu varsa, do\u011frudan hastanenin \u0130lk Yard\u0131m b\u00f6l\u00fcm\u00fcne gidin. Hayat\u0131 tehdit eden durumlar i\u00e7in 112'yi aray\u0131n.<\/li><li><strong>Kazalar ve Yaralanmalar:<\/strong> K\u0131r\u0131k kemikler, derin kesikler, yan\u0131klar veya kafa travmalar\u0131 gibi \u00f6nemli yaralanmalar i\u00e7in hastanedeki \u0130lk Yard\u0131m departman\u0131 yard\u0131m sa\u011flayabilir.<\/li><li><strong>Ani Hastal\u0131k:<\/strong> Ciddi bir alerjik reaksiyon, fel\u00e7 belirtileri veya kontrols\u00fcz n\u00f6betler gibi ani ve ciddi sa\u011fl\u0131k sorunlar\u0131 i\u00e7in hastanenin \u0130lk Yard\u0131m b\u00f6l\u00fcm\u00fcnden yard\u0131m istemek \u00e7ok \u00f6nemlidir.<\/li><\/ol>\t\t\t\t\t\t\t\t<\/div>\n\t\t\t\t<\/div>\n\t\t\t\t\t<\/div>\n\t\t<\/div>\n\t\t\t\t<div class=\"elementor-column elementor-col-50 elementor-top-column elementor-element elementor-element-007db59\" data-id=\"007db59\" data-element_type=\"column\">\n\t\t\t<div class=\"elementor-widget-wrap elementor-element-populated\">\n\t\t\t\t\t\t<div class=\"elementor-element elementor-element-2a15ae7 elementor-widget elementor-widget-image\" data-id=\"2a15ae7\" data-element_type=\"widget\" data-widget_type=\"image.default\">\n\t\t\t\t<div class=\"elementor-widget-container\">\n\t\t\t\t\t\t\t\t\t\t\t\t\t\t\t<img decoding=\"async\" width=\"496\" height=\"838\" src=\"https:\/\/mijn-lo.nl\/wp-content\/uploads\/2024\/02\/seh-496x838-1.webp\" class=\"attachment-large size-large wp-image-4359\" alt=\"\" srcset=\"https:\/\/mijn-lo.nl\/wp-content\/uploads\/2024\/02\/seh-496x838-1.webp 496w, https:\/\/mijn-lo.nl\/wp-content\/uploads\/2024\/02\/seh-496x838-1-178x300.webp 178w, https:\/\/mijn-lo.nl\/wp-content\/uploads\/2024\/02\/seh-496x838-1-7x12.webp 7w, https:\/\/mijn-lo.nl\/wp-content\/uploads\/2024\/02\/seh-496x838-1-14x24.webp 14w, https:\/\/mijn-lo.nl\/wp-content\/uploads\/2024\/02\/seh-496x838-1-21x36.webp 21w, https:\/\/mijn-lo.nl\/wp-content\/uploads\/2024\/02\/seh-496x838-1-28x48.webp 28w\" sizes=\"(max-width: 496px) 100vw, 496px\" \/>\t\t\t\t\t\t\t\t\t\t\t\t\t\t\t<\/div>\n\t\t\t\t<\/div>\n\t\t\t\t<div class=\"elementor-element elementor-element-f4f13bb elementor-widget elementor-widget-text-editor\" data-id=\"f4f13bb\" data-element_type=\"widget\" data-widget_type=\"text-editor.default\">\n\t\t\t\t<div class=\"elementor-widget-container\">\n\t\t\t\t\t\t\t\t\t<p style=\"text-align: center;\">EHBO<\/p>\t\t\t\t\t\t\t\t<\/div>\n\t\t\t\t<\/div>\n\t\t\t\t\t<\/div>\n\t\t<\/div>\n\t\t\t\t\t<\/div>\n\t\t<\/section>\n\t\t\t\t<section class=\"elementor-section elementor-top-section elementor-element elementor-element-26e2316 elementor-section-boxed elementor-section-height-default elementor-section-height-default\" data-id=\"26e2316\" data-element_type=\"section\">\n\t\t\t\t\t\t<div class=\"elementor-container elementor-column-gap-default\">\n\t\t\t\t\t<div class=\"elementor-column elementor-col-50 elementor-top-column elementor-element elementor-element-393b79f\" data-id=\"393b79f\" data-element_type=\"column\">\n\t\t\t<div class=\"elementor-widget-wrap elementor-element-populated\">\n\t\t\t\t\t\t<div class=\"elementor-element elementor-element-98c69f0 elementor-widget elementor-widget-image\" data-id=\"98c69f0\" data-element_type=\"widget\" data-widget_type=\"image.default\">\n\t\t\t\t<div class=\"elementor-widget-container\">\n\t\t\t\t\t\t\t\t\t\t\t\t\t\t\t<img loading=\"lazy\" decoding=\"async\" width=\"750\" height=\"503\" src=\"https:\/\/mijn-lo.nl\/wp-content\/uploads\/2024\/02\/ambulance-750x503-1.webp\" class=\"attachment-large size-large wp-image-4361\" alt=\"\" srcset=\"https:\/\/mijn-lo.nl\/wp-content\/uploads\/2024\/02\/ambulance-750x503-1.webp 750w, https:\/\/mijn-lo.nl\/wp-content\/uploads\/2024\/02\/ambulance-750x503-1-300x201.webp 300w, https:\/\/mijn-lo.nl\/wp-content\/uploads\/2024\/02\/ambulance-750x503-1-18x12.webp 18w, https:\/\/mijn-lo.nl\/wp-content\/uploads\/2024\/02\/ambulance-750x503-1-24x16.webp 24w, https:\/\/mijn-lo.nl\/wp-content\/uploads\/2024\/02\/ambulance-750x503-1-36x24.webp 36w, https:\/\/mijn-lo.nl\/wp-content\/uploads\/2024\/02\/ambulance-750x503-1-48x32.webp 48w\" sizes=\"(max-width: 750px) 100vw, 750px\" \/>\t\t\t\t\t\t\t\t\t\t\t\t\t\t\t<\/div>\n\t\t\t\t<\/div>\n\t\t\t\t\t<\/div>\n\t\t<\/div>\n\t\t\t\t<div class=\"elementor-column elementor-col-50 elementor-top-column elementor-element elementor-element-c6a548c\" data-id=\"c6a548c\" data-element_type=\"column\">\n\t\t\t<div class=\"elementor-widget-wrap elementor-element-populated\">\n\t\t\t\t\t\t<div class=\"elementor-element elementor-element-e3cd877 elementor-widget elementor-widget-text-editor\" data-id=\"e3cd877\" data-element_type=\"widget\" data-widget_type=\"text-editor.default\">\n\t\t\t\t<div class=\"elementor-widget-container\">\n\t\t\t\t\t\t\t\t\t<h3 class=\"mbr-section-title mbr-fonts-style mb-3 display-5\"><strong>Acil Durum<\/strong><\/h3><p>Hollandaca: \"spoed\"<br \/><br \/>Acil T\u0131bbi Sorunlar: Acil m\u00fcdahale gerektiren bir sa\u011fl\u0131k sorununuz varsa ve k\u00f6t\u00fc bir enfeksiyon, \u015fiddetli a\u011fr\u0131 veya mevcut bir t\u0131bbi durumdan kaynaklanan komplikasyonlar gibi normal bir doktor randevusunu bekleyemiyorsan\u0131z, hastanedeki \u0130lk Yard\u0131m'a gidebilirsiniz.<\/p><p>\u0130lk Yard\u0131m b\u00f6l\u00fcm\u00fcn\u00fcn acil ve ciddi t\u0131bbi durumlar i\u00e7in oldu\u011funu unutmay\u0131n. Daha az acil sorunlar veya genel sa\u011fl\u0131k endi\u015feleri i\u00e7in, normal \u00e7al\u0131\u015fma saatleri i\u00e7inde normal bir doktora gitmeniz veya tavsiye almak i\u00e7in t\u0131bbi yard\u0131m hatt\u0131n\u0131 araman\u0131z daha iyi olacakt\u0131r.<br \/>Acil yard\u0131ma ihtiyac\u0131n\u0131z olup olmad\u0131\u011f\u0131 konusunda emin de\u011filseniz, rehberlik i\u00e7in hastanenin \u0130lk Yard\u0131m b\u00f6l\u00fcm\u00fcn\u00fc veya ulusal acil durum numaras\u0131n\u0131 (112) arayabilirsiniz. Ne yapman\u0131z gerekti\u011fini anlaman\u0131za yard\u0131mc\u0131 olacaklard\u0131r.<\/p>\t\t\t\t\t\t\t\t<\/div>\n\t\t\t\t<\/div>\n\t\t\t\t\t<\/div>\n\t\t<\/div>\n\t\t\t\t\t<\/div>\n\t\t<\/section>\n\t\t\t\t<section class=\"elementor-section elementor-top-section elementor-element elementor-element-ed7b26a elementor-reverse-tablet elementor-reverse-mobile elementor-section-boxed elementor-section-height-default elementor-section-height-default\" data-id=\"ed7b26a\" data-element_type=\"section\">\n\t\t\t\t\t\t<div class=\"elementor-container elementor-column-gap-default\">\n\t\t\t\t\t<div class=\"elementor-column elementor-col-50 elementor-top-column elementor-element elementor-element-764f6f2\" data-id=\"764f6f2\" data-element_type=\"column\">\n\t\t\t<div class=\"elementor-widget-wrap elementor-element-populated\">\n\t\t\t\t\t\t<div class=\"elementor-element elementor-element-a922bc6 elementor-widget elementor-widget-text-editor\" data-id=\"a922bc6\" data-element_type=\"widget\" data-widget_type=\"text-editor.default\">\n\t\t\t\t<div class=\"elementor-widget-container\">\n\t\t\t\t\t\t\t\t\t<h3 class=\"mbr-section-title mbr-fonts-style mb-3 display-5\"><strong>\u00d6zel bak\u0131m<\/strong><\/h3><p>Buradaki sa\u011fl\u0131k sistemi ilk ba\u015fta biraz kafa kar\u0131\u015ft\u0131r\u0131c\u0131 g\u00f6r\u00fcnebilir, ancak bu a\u00e7\u0131klaman\u0131n daha iyi anlaman\u0131za yard\u0131mc\u0131 olaca\u011f\u0131n\u0131 umuyoruz.<br \/><br \/><strong>1. Birincil ve \u0130kincil Sa\u011fl\u0131k Hizmetleri: Aradaki Fark Nedir?<br \/><\/strong><br \/>Hollanda'da birinci ve ikinci basamak sa\u011fl\u0131k hizmetlerini birbirinden ay\u0131r\u0131yoruz:<br \/><br \/>Birincil bak\u0131m, herkesin do\u011frudan eri\u015febildi\u011fi temel bak\u0131md\u0131r. Buna \u00f6rne\u011fin pratisyen hekim (GP), di\u015f hekimi ve fizyoterapi dahildir.<br \/><br \/>\u0130kincil bak\u0131m uzmanla\u015fm\u0131\u015f bak\u0131md\u0131r. Bu, hastane bak\u0131m\u0131, \u00f6zel tedaviler ve belirli ruh sa\u011fl\u0131\u011f\u0131 hizmetleri anlam\u0131na gelir. \u0130kincil bak\u0131m i\u00e7in genellikle aile hekiminiz gibi bir birinci basamak sa\u011fl\u0131k hizmeti sa\u011flay\u0131c\u0131s\u0131ndan sevk alman\u0131z gerekir.<br \/><br \/><strong>2. \u0130kincil Sa\u011fl\u0131k Hizmetlerine Nas\u0131l Eri\u015febilirim?<br \/><\/strong><br \/>Birinci basamak taraf\u0131ndan \u00e7\u00f6z\u00fclemeyen bir sa\u011fl\u0131k sorununuz varsa, aile hekiminiz sizi ikinci basamaktaki bir uzmana y\u00f6nlendirecektir. Bu \u00f6rne\u011fin bir kardiyolog, bir cerrah ya da bir psikiyatrist olabilir.<br \/><br \/><strong>3. Maliyetler ve Sigorta<br \/><\/strong><br \/>Hollanda'da herkesin temel sa\u011fl\u0131k sigortas\u0131na sahip olmas\u0131 gerekmektedir. Bu sigorta, ikinci basamak sa\u011fl\u0131k hizmetleri de dahil olmak \u00fczere birinci basamak sa\u011fl\u0131k hizmetlerinin \u00e7o\u011funun masraflar\u0131n\u0131 kar\u015f\u0131lamaktad\u0131r. Ancak, ikinci basamaktaki baz\u0131 tedaviler i\u00e7in ki\u015fisel bir katk\u0131 pay\u0131 veya muafiyet s\u00f6z konusu olabilir. Bunu sa\u011fl\u0131k sigortac\u0131n\u0131zla \u00f6nceden kontrol etmeniz \u00f6nemlidir.<\/p>\t\t\t\t\t\t\t\t<\/div>\n\t\t\t\t<\/div>\n\t\t\t\t\t<\/div>\n\t\t<\/div>\n\t\t\t\t<div class=\"elementor-column elementor-col-50 elementor-top-column elementor-element elementor-element-9cf4488\" data-id=\"9cf4488\" data-element_type=\"column\">\n\t\t\t<div class=\"elementor-widget-wrap elementor-element-populated\">\n\t\t\t\t\t\t<div class=\"elementor-element elementor-element-5b2320d elementor-widget elementor-widget-image\" data-id=\"5b2320d\" data-element_type=\"widget\" data-widget_type=\"image.default\">\n\t\t\t\t<div class=\"elementor-widget-container\">\n\t\t\t\t\t\t\t\t\t\t\t\t\t\t\t<img loading=\"lazy\" decoding=\"async\" width=\"643\" height=\"968\" src=\"https:\/\/mijn-lo.nl\/wp-content\/uploads\/2024\/02\/operatiekamer-643x968-1.webp\" class=\"attachment-large size-large wp-image-4362\" alt=\"\" srcset=\"https:\/\/mijn-lo.nl\/wp-content\/uploads\/2024\/02\/operatiekamer-643x968-1.webp 643w, https:\/\/mijn-lo.nl\/wp-content\/uploads\/2024\/02\/operatiekamer-643x968-1-199x300.webp 199w, https:\/\/mijn-lo.nl\/wp-content\/uploads\/2024\/02\/operatiekamer-643x968-1-8x12.webp 8w, https:\/\/mijn-lo.nl\/wp-content\/uploads\/2024\/02\/operatiekamer-643x968-1-16x24.webp 16w, https:\/\/mijn-lo.nl\/wp-content\/uploads\/2024\/02\/operatiekamer-643x968-1-24x36.webp 24w, https:\/\/mijn-lo.nl\/wp-content\/uploads\/2024\/02\/operatiekamer-643x968-1-32x48.webp 32w\" sizes=\"(max-width: 643px) 100vw, 643px\" \/>\t\t\t\t\t\t\t\t\t\t\t\t\t\t\t<\/div>\n\t\t\t\t<\/div>\n\t\t\t\t<div class=\"elementor-element elementor-element-bffb7cf elementor-widget elementor-widget-text-editor\" data-id=\"bffb7cf\" data-element_type=\"widget\" data-widget_type=\"text-editor.default\">\n\t\t\t\t<div class=\"elementor-widget-container\">\n\t\t\t\t\t\t\t\t\t<p style=\"text-align: center;\">Ameliyat<\/p>\t\t\t\t\t\t\t\t<\/div>\n\t\t\t\t<\/div>\n\t\t\t\t\t<\/div>\n\t\t<\/div>\n\t\t\t\t\t<\/div>\n\t\t<\/section>\n\t\t\t\t<section class=\"elementor-section elementor-top-section elementor-element elementor-element-2edcca1 elementor-section-boxed elementor-section-height-default elementor-section-height-default\" data-id=\"2edcca1\" data-element_type=\"section\">\n\t\t\t\t\t\t<div class=\"elementor-container elementor-column-gap-default\">\n\t\t\t\t\t<div class=\"elementor-column elementor-col-100 elementor-top-column elementor-element elementor-element-75349f87\" data-id=\"75349f87\" data-element_type=\"column\">\n\t\t\t<div class=\"elementor-widget-wrap elementor-element-populated\">\n\t\t\t\t\t\t<div class=\"elementor-element elementor-element-2d2d0e50 elementor-align-center elementor-widget elementor-widget-button\" data-id=\"2d2d0e50\" data-element_type=\"widget\" data-widget_type=\"button.default\">\n\t\t\t\t<div class=\"elementor-widget-container\">\n\t\t\t\t\t\t\t\t\t<div class=\"elementor-button-wrapper\">\n\t\t\t\t\t<a class=\"elementor-button elementor-button-link elementor-size-sm\" href=\"https:\/\/mijn-lo.nl\/tr\/healthcare\/pregnancy-childbirth-vaccination-physiotherapy\/\">\n\t\t\t\t\t\t<span class=\"elementor-button-content-wrapper\">\n\t\t\t\t\t\t\t\t\t<span class=\"elementor-button-text\">devam etmek<\/span>\n\t\t\t\t\t<\/span>\n\t\t\t\t\t<\/a>\n\t\t\t\t<\/div>\n\t\t\t\t\t\t\t\t<\/div>\n\t\t\t\t<\/div>\n\t\t\t\t\t<\/div>\n\t\t<\/div>\n\t\t\t\t\t<\/div>\n\t\t<\/section>\n\t\t\t\t<\/div>","protected":false},"excerpt":{"rendered":"<p>Dentist In Dutch: &#8220;tandarts&#8221; Dental care in the Netherlands is not completely covered by the basic health insurance. To help cover dental expenses, you can buy extra dental insurance from private companies. This insurance can pay for some of the costs of dental treatments. Basic dental insurance\u00a0usually covers routine check-ups, cleanings, and X-rays. It may [&hellip;]<\/p>\n","protected":false},"author":1,"featured_media":0,"parent":4178,"menu_order":4,"comment_status":"closed","ping_status":"closed","template":"elementor_canvas","meta":{"site-sidebar-layout":"no-sidebar","site-content-layout":"page-builder","ast-site-content-layout":"full-width-container","site-content-style":"default","site-sidebar-style":"default","ast-global-header-display":"","ast-banner-title-visibility":"","ast-main-header-display":"","ast-hfb-above-header-display":"","ast-hfb-below-header-display":"","ast-hfb-mobile-header-display":"","site-post-title":"disabled","ast-breadcrumbs-content":"","ast-featured-img":"disabled","footer-sml-layout":"","theme-transparent-header-meta":"","adv-header-id-meta":"","stick-header-meta":"","header-above-stick-meta":"","header-main-stick-meta":"","header-below-stick-meta":"","astra-migrate-meta-layouts":"set","ast-page-background-enabled":"default","ast-page-background-meta":{"desktop":{"background-color":"var(--ast-global-color-4)","background-image":"","background-repeat":"repeat","background-position":"center center","background-size":"auto","background-attachment":"scroll","background-type":"","background-media":"","overlay-type":"","overlay-color":"","overlay-opacity":"","overlay-gradient":""},"tablet":{"background-color":"","background-image":"","background-repeat":"repeat","background-position":"center center","background-size":"auto","background-attachment":"scroll","background-type":"","background-media":"","overlay-type":"","overlay-color":"","overlay-opacity":"","overlay-gradient":""},"mobile":{"background-color":"","background-image":"","background-repeat":"repeat","background-position":"center center","background-size":"auto","background-attachment":"scroll","background-type":"","background-media":"","overlay-type":"","overlay-color":"","overlay-opacity":"","overlay-gradient":""}},"ast-content-background-meta":{"desktop":{"background-color":"var(--ast-global-color-5)","background-image":"","background-repeat":"repeat","background-position":"center center","background-size":"auto","background-attachment":"scroll","background-type":"","background-media":"","overlay-type":"","overlay-color":"","overlay-opacity":"","overlay-gradient":""},"tablet":{"background-color":"var(--ast-global-color-5)","background-image":"","background-repeat":"repeat","background-position":"center center","background-size":"auto","background-attachment":"scroll","background-type":"","background-media":"","overlay-type":"","overlay-color":"","overlay-opacity":"","overlay-gradient":""},"mobile":{"background-color":"var(--ast-global-color-5)","background-image":"","background-repeat":"repeat","background-position":"center center","background-size":"auto","background-attachment":"scroll","background-type":"","background-media":"","overlay-type":"","overlay-color":"","overlay-opacity":"","overlay-gradient":""}},"footnotes":""},"class_list":["post-4339","page","type-page","status-publish","hentry"],"_links":{"self":[{"href":"https:\/\/mijn-lo.nl\/tr\/wp-json\/wp\/v2\/pages\/4339","targetHints":{"allow":["GET"]}}],"collection":[{"href":"https:\/\/mijn-lo.nl\/tr\/wp-json\/wp\/v2\/pages"}],"about":[{"href":"https:\/\/mijn-lo.nl\/tr\/wp-json\/wp\/v2\/types\/page"}],"author":[{"embeddable":true,"href":"https:\/\/mijn-lo.nl\/tr\/wp-json\/wp\/v2\/users\/1"}],"replies":[{"embeddable":true,"href":"https:\/\/mijn-lo.nl\/tr\/wp-json\/wp\/v2\/comments?post=4339"}],"version-history":[{"count":21,"href":"https:\/\/mijn-lo.nl\/tr\/wp-json\/wp\/v2\/pages\/4339\/revisions"}],"predecessor-version":[{"id":6274,"href":"https:\/\/mijn-lo.nl\/tr\/wp-json\/wp\/v2\/pages\/4339\/revisions\/6274"}],"up":[{"embeddable":true,"href":"https:\/\/mijn-lo.nl\/tr\/wp-json\/wp\/v2\/pages\/4178"}],"wp:attachment":[{"href":"https:\/\/mijn-lo.nl\/tr\/wp-json\/wp\/v2\/media?parent=4339"}],"curies":[{"name":"wp","href":"https:\/\/api.w.org\/{rel}","templated":true}]}}