{"id":4608,"date":"2024-02-05T18:14:26","date_gmt":"2024-02-05T18:14:26","guid":{"rendered":"http:\/\/mijn-lo.nl\/?page_id=4608"},"modified":"2025-08-19T17:39:34","modified_gmt":"2025-08-19T17:39:34","slug":"learn-words-about-work","status":"publish","type":"page","link":"https:\/\/mijn-lo.nl\/tr\/work\/learn-words-about-work\/","title":{"rendered":"\u0130\u015fle ilgili kelimeleri \u00f6\u011frenin"},"content":{"rendered":"<div data-elementor-type=\"wp-page\" data-elementor-id=\"4608\" class=\"elementor elementor-4608\" data-elementor-post-type=\"page\">\n\t\t\t\t\t\t<section class=\"elementor-section elementor-top-section elementor-element elementor-element-2b11771 elementor-section-boxed elementor-section-height-default elementor-section-height-default\" data-id=\"2b11771\" data-element_type=\"section\" data-settings=\"{&quot;background_background&quot;:&quot;classic&quot;}\">\n\t\t\t\t\t\t<div class=\"elementor-container elementor-column-gap-default\">\n\t\t\t\t\t<div class=\"elementor-column elementor-col-100 elementor-top-column elementor-element elementor-element-919d60a\" data-id=\"919d60a\" data-element_type=\"column\">\n\t\t\t<div class=\"elementor-widget-wrap elementor-element-populated\">\n\t\t\t\t\t\t<div class=\"elementor-element elementor-element-0f1142d elementor-widget elementor-widget-heading\" data-id=\"0f1142d\" data-element_type=\"widget\" data-widget_type=\"heading.default\">\n\t\t\t\t<div class=\"elementor-widget-container\">\n\t\t\t\t\t<h2 class=\"elementor-heading-title elementor-size-default\">\u0130\u015fle ilgili kelimeleri \u00f6\u011frenin<\/h2>\t\t\t\t<\/div>\n\t\t\t\t<\/div>\n\t\t\t\t\t<\/div>\n\t\t<\/div>\n\t\t\t\t\t<\/div>\n\t\t<\/section>\n\t\t\t\t<section class=\"elementor-section elementor-top-section elementor-element elementor-element-203626a elementor-section-boxed elementor-section-height-default elementor-section-height-default\" data-id=\"203626a\" data-element_type=\"section\">\n\t\t\t\t\t\t<div class=\"elementor-container elementor-column-gap-default\">\n\t\t\t\t\t<div class=\"elementor-column elementor-col-33 elementor-top-column elementor-element elementor-element-53e3b11\" data-id=\"53e3b11\" data-element_type=\"column\">\n\t\t\t<div class=\"elementor-widget-wrap elementor-element-populated\">\n\t\t\t\t\t\t<div class=\"elementor-element elementor-element-f23e26a elementor-widget elementor-widget-image\" data-id=\"f23e26a\" data-element_type=\"widget\" data-widget_type=\"image.default\">\n\t\t\t\t<div class=\"elementor-widget-container\">\n\t\t\t\t\t\t\t\t\t\t\t\t\t\t\t<img fetchpriority=\"high\" decoding=\"async\" width=\"815\" height=\"700\" src=\"https:\/\/mijn-lo.nl\/wp-content\/uploads\/2024\/02\/werk1a-blok-815x700-1.webp\" class=\"attachment-large size-large wp-image-4618\" alt=\"\" srcset=\"https:\/\/mijn-lo.nl\/wp-content\/uploads\/2024\/02\/werk1a-blok-815x700-1.webp 815w, https:\/\/mijn-lo.nl\/wp-content\/uploads\/2024\/02\/werk1a-blok-815x700-1-300x258.webp 300w, https:\/\/mijn-lo.nl\/wp-content\/uploads\/2024\/02\/werk1a-blok-815x700-1-768x660.webp 768w, https:\/\/mijn-lo.nl\/wp-content\/uploads\/2024\/02\/werk1a-blok-815x700-1-14x12.webp 14w, https:\/\/mijn-lo.nl\/wp-content\/uploads\/2024\/02\/werk1a-blok-815x700-1-24x21.webp 24w, https:\/\/mijn-lo.nl\/wp-content\/uploads\/2024\/02\/werk1a-blok-815x700-1-36x31.webp 36w, https:\/\/mijn-lo.nl\/wp-content\/uploads\/2024\/02\/werk1a-blok-815x700-1-48x41.webp 48w\" sizes=\"(max-width: 815px) 100vw, 815px\" \/>\t\t\t\t\t\t\t\t\t\t\t\t\t\t\t<\/div>\n\t\t\t\t<\/div>\n\t\t\t\t\t<\/div>\n\t\t<\/div>\n\t\t\t\t<div class=\"elementor-column elementor-col-33 elementor-top-column elementor-element elementor-element-e91a5ad\" data-id=\"e91a5ad\" data-element_type=\"column\">\n\t\t\t<div class=\"elementor-widget-wrap elementor-element-populated\">\n\t\t\t\t\t\t<div class=\"elementor-element elementor-element-f5175ae elementor-widget elementor-widget-text-editor\" data-id=\"f5175ae\" data-element_type=\"widget\" data-widget_type=\"text-editor.default\">\n\t\t\t\t<div class=\"elementor-widget-container\">\n\t\t\t\t\t\t\t\t\t<p><strong>1. ge\u00e7ici bir i\u015f<\/strong><\/p><p><audio class=\"wp-audio-shortcode\" id=\"audio-4608-1\" preload=\"none\" style=\"width: 100%;\" controls=\"controls\"><source type=\"audio\/wav\" src=\"https:\/\/mijn-lo.nl\/wp-content\/uploads\/2024\/02\/eentijdelijkebaan.wav?_=1\" \/><a href=\"https:\/\/mijn-lo.nl\/wp-content\/uploads\/2024\/02\/eentijdelijkebaan.wav\">https:\/\/mijn-lo.nl\/wp-content\/uploads\/2024\/02\/eentijdelijkebaan.wav<\/a><\/audio><\/p><p><strong><br \/>2. tam bir i\u015f<\/strong><\/p><p><audio class=\"wp-audio-shortcode\" id=\"audio-4608-2\" preload=\"none\" style=\"width: 100%;\" controls=\"controls\"><source type=\"audio\/wav\" src=\"https:\/\/mijn-lo.nl\/wp-content\/uploads\/2024\/02\/eenvolledigebaan.wav?_=2\" \/><a href=\"https:\/\/mijn-lo.nl\/wp-content\/uploads\/2024\/02\/eenvolledigebaan.wav\">https:\/\/mijn-lo.nl\/wp-content\/uploads\/2024\/02\/eenvolledigebaan.wav<\/a><\/audio><\/p><p><strong><br \/>3. vergi \u00f6demeden gizlice \u00e7al\u0131\u015fan biri<\/strong><\/p><p><audio class=\"wp-audio-shortcode\" id=\"audio-4608-3\" preload=\"none\" style=\"width: 100%;\" controls=\"controls\"><source type=\"audio\/wav\" src=\"https:\/\/mijn-lo.nl\/wp-content\/uploads\/2024\/02\/zwartweerker.wav?_=3\" \/><a href=\"https:\/\/mijn-lo.nl\/wp-content\/uploads\/2024\/02\/zwartweerker.wav\">https:\/\/mijn-lo.nl\/wp-content\/uploads\/2024\/02\/zwartweerker.wav<\/a><\/audio><\/p><p><strong><br \/>4. \u00e7al\u0131\u015fan<\/strong><\/p><p><audio class=\"wp-audio-shortcode\" id=\"audio-4608-4\" preload=\"none\" style=\"width: 100%;\" controls=\"controls\"><source type=\"audio\/wav\" src=\"https:\/\/mijn-lo.nl\/wp-content\/uploads\/2024\/02\/werknemer.wav?_=4\" \/><a href=\"https:\/\/mijn-lo.nl\/wp-content\/uploads\/2024\/02\/werknemer.wav\">https:\/\/mijn-lo.nl\/wp-content\/uploads\/2024\/02\/werknemer.wav<\/a><\/audio><\/p>\t\t\t\t\t\t\t\t<\/div>\n\t\t\t\t<\/div>\n\t\t\t\t\t<\/div>\n\t\t<\/div>\n\t\t\t\t<div class=\"elementor-column elementor-col-33 elementor-top-column elementor-element elementor-element-0150eef\" data-id=\"0150eef\" data-element_type=\"column\">\n\t\t\t<div class=\"elementor-widget-wrap elementor-element-populated\">\n\t\t\t\t\t\t<div class=\"elementor-element elementor-element-d23b5fb elementor-widget elementor-widget-text-editor\" data-id=\"d23b5fb\" data-element_type=\"widget\" data-widget_type=\"text-editor.default\">\n\t\t\t\t<div class=\"elementor-widget-container\">\n\t\t\t\t\t\t\t\t\t<p><strong>5. i\u015fveren<\/strong><\/p><p><audio class=\"wp-audio-shortcode\" id=\"audio-4608-5\" preload=\"none\" style=\"width: 100%;\" controls=\"controls\"><source type=\"audio\/wav\" src=\"https:\/\/mijn-lo.nl\/wp-content\/uploads\/2024\/02\/werkgever.wav?_=5\" \/><a href=\"https:\/\/mijn-lo.nl\/wp-content\/uploads\/2024\/02\/werkgever.wav\">https:\/\/mijn-lo.nl\/wp-content\/uploads\/2024\/02\/werkgever.wav<\/a><\/audio><\/p><p><strong><br \/>6. kendi \u015firketim<\/strong><\/p><p><audio class=\"wp-audio-shortcode\" id=\"audio-4608-6\" preload=\"none\" style=\"width: 100%;\" controls=\"controls\"><source type=\"audio\/wav\" src=\"https:\/\/mijn-lo.nl\/wp-content\/uploads\/2024\/02\/eigen-bedrijf.wav?_=6\" \/><a href=\"https:\/\/mijn-lo.nl\/wp-content\/uploads\/2024\/02\/eigen-bedrijf.wav\">https:\/\/mijn-lo.nl\/wp-content\/uploads\/2024\/02\/eigen-bedrijf.wav<\/a><\/audio><\/p><p><strong><br \/>7. Kendi \u015firketim var<\/strong><\/p><p><audio class=\"wp-audio-shortcode\" id=\"audio-4608-7\" preload=\"none\" style=\"width: 100%;\" controls=\"controls\"><source type=\"audio\/wav\" src=\"https:\/\/mijn-lo.nl\/wp-content\/uploads\/2024\/02\/ik-heb-een-eigen-bedrijf.wav?_=7\" \/><a href=\"https:\/\/mijn-lo.nl\/wp-content\/uploads\/2024\/02\/ik-heb-een-eigen-bedrijf.wav\">https:\/\/mijn-lo.nl\/wp-content\/uploads\/2024\/02\/ik-heb-een-eigen-bedrijf.wav<\/a><\/audio><\/p>\t\t\t\t\t\t\t\t<\/div>\n\t\t\t\t<\/div>\n\t\t\t\t\t<\/div>\n\t\t<\/div>\n\t\t\t\t\t<\/div>\n\t\t<\/section>\n\t\t\t\t<section class=\"elementor-section elementor-top-section elementor-element elementor-element-12a70d7 elementor-section-boxed elementor-section-height-default elementor-section-height-default\" data-id=\"12a70d7\" data-element_type=\"section\">\n\t\t\t\t\t\t<div class=\"elementor-container elementor-column-gap-default\">\n\t\t\t\t\t<div class=\"elementor-column elementor-col-33 elementor-top-column elementor-element elementor-element-4a1e465\" data-id=\"4a1e465\" data-element_type=\"column\">\n\t\t\t<div class=\"elementor-widget-wrap elementor-element-populated\">\n\t\t\t\t\t\t<div class=\"elementor-element elementor-element-55c2db2 elementor-widget elementor-widget-image\" data-id=\"55c2db2\" data-element_type=\"widget\" data-widget_type=\"image.default\">\n\t\t\t\t<div class=\"elementor-widget-container\">\n\t\t\t\t\t\t\t\t\t\t\t\t\t\t\t<img decoding=\"async\" width=\"815\" height=\"647\" src=\"https:\/\/mijn-lo.nl\/wp-content\/uploads\/2024\/02\/werk2-soort-werk-blok-815x647-1.webp\" class=\"attachment-large size-large wp-image-4610\" alt=\"\" srcset=\"https:\/\/mijn-lo.nl\/wp-content\/uploads\/2024\/02\/werk2-soort-werk-blok-815x647-1.webp 815w, https:\/\/mijn-lo.nl\/wp-content\/uploads\/2024\/02\/werk2-soort-werk-blok-815x647-1-300x238.webp 300w, https:\/\/mijn-lo.nl\/wp-content\/uploads\/2024\/02\/werk2-soort-werk-blok-815x647-1-768x610.webp 768w, https:\/\/mijn-lo.nl\/wp-content\/uploads\/2024\/02\/werk2-soort-werk-blok-815x647-1-15x12.webp 15w, https:\/\/mijn-lo.nl\/wp-content\/uploads\/2024\/02\/werk2-soort-werk-blok-815x647-1-24x19.webp 24w, https:\/\/mijn-lo.nl\/wp-content\/uploads\/2024\/02\/werk2-soort-werk-blok-815x647-1-36x29.webp 36w, https:\/\/mijn-lo.nl\/wp-content\/uploads\/2024\/02\/werk2-soort-werk-blok-815x647-1-48x38.webp 48w\" sizes=\"(max-width: 815px) 100vw, 815px\" \/>\t\t\t\t\t\t\t\t\t\t\t\t\t\t\t<\/div>\n\t\t\t\t<\/div>\n\t\t\t\t\t<\/div>\n\t\t<\/div>\n\t\t\t\t<div class=\"elementor-column elementor-col-33 elementor-top-column elementor-element elementor-element-76fab0d\" data-id=\"76fab0d\" data-element_type=\"column\">\n\t\t\t<div class=\"elementor-widget-wrap elementor-element-populated\">\n\t\t\t\t\t\t<div class=\"elementor-element elementor-element-10dd406 elementor-widget elementor-widget-text-editor\" data-id=\"10dd406\" data-element_type=\"widget\" data-widget_type=\"text-editor.default\">\n\t\t\t\t<div class=\"elementor-widget-container\">\n\t\t\t\t\t\t\t\t\t<p><strong>1. \u0130\u015f ar\u0131yorum<\/strong><\/p><p><audio class=\"wp-audio-shortcode\" id=\"audio-4608-8\" preload=\"none\" style=\"width: 100%;\" controls=\"controls\"><source type=\"audio\/wav\" src=\"https:\/\/mijn-lo.nl\/wp-content\/uploads\/2024\/02\/ikzoekwerk.wav?_=8\" \/><a href=\"https:\/\/mijn-lo.nl\/wp-content\/uploads\/2024\/02\/ikzoekwerk.wav\">https:\/\/mijn-lo.nl\/wp-content\/uploads\/2024\/02\/ikzoekwerk.wav<\/a><\/audio><\/p><p><strong><br \/>2. bir \u00e7iftlikteki in\u015faat \u015firketinde<\/strong><\/p><p><audio class=\"wp-audio-shortcode\" id=\"audio-4608-9\" preload=\"none\" style=\"width: 100%;\" controls=\"controls\"><source type=\"audio\/wav\" src=\"https:\/\/mijn-lo.nl\/wp-content\/uploads\/2024\/02\/in-de-bouw-op-de-boerderij.wav?_=9\" \/><a href=\"https:\/\/mijn-lo.nl\/wp-content\/uploads\/2024\/02\/in-de-bouw-op-de-boerderij.wav\">https:\/\/mijn-lo.nl\/wp-content\/uploads\/2024\/02\/in-de-bouw-op-de-boerderij.wav<\/a><\/audio><\/p><p><strong><br \/>3. bir otelde, bir restoranda<\/strong><\/p><p><audio class=\"wp-audio-shortcode\" id=\"audio-4608-10\" preload=\"none\" style=\"width: 100%;\" controls=\"controls\"><source type=\"audio\/wav\" src=\"https:\/\/mijn-lo.nl\/wp-content\/uploads\/2024\/02\/in-eehotel-restaurant.wav?_=10\" \/><a href=\"https:\/\/mijn-lo.nl\/wp-content\/uploads\/2024\/02\/in-eehotel-restaurant.wav\">https:\/\/mijn-lo.nl\/wp-content\/uploads\/2024\/02\/in-eehotel-restaurant.wav<\/a><\/audio><\/p><p><strong><br \/>4. bir fabrikan\u0131n deposunda<\/strong><\/p><p><audio class=\"wp-audio-shortcode\" id=\"audio-4608-11\" preload=\"none\" style=\"width: 100%;\" controls=\"controls\"><source type=\"audio\/wav\" src=\"https:\/\/mijn-lo.nl\/wp-content\/uploads\/2024\/02\/in-een-magazijn-fabriek.wav?_=11\" \/><a href=\"https:\/\/mijn-lo.nl\/wp-content\/uploads\/2024\/02\/in-een-magazijn-fabriek.wav\">https:\/\/mijn-lo.nl\/wp-content\/uploads\/2024\/02\/in-een-magazijn-fabriek.wav<\/a><\/audio><\/p>\t\t\t\t\t\t\t\t<\/div>\n\t\t\t\t<\/div>\n\t\t\t\t\t<\/div>\n\t\t<\/div>\n\t\t\t\t<div class=\"elementor-column elementor-col-33 elementor-top-column elementor-element elementor-element-f155fbd\" data-id=\"f155fbd\" data-element_type=\"column\">\n\t\t\t<div class=\"elementor-widget-wrap elementor-element-populated\">\n\t\t\t\t\t\t<div class=\"elementor-element elementor-element-ed1ad30 elementor-widget elementor-widget-text-editor\" data-id=\"ed1ad30\" data-element_type=\"widget\" data-widget_type=\"text-editor.default\">\n\t\t\t\t<div class=\"elementor-widget-container\">\n\t\t\t\t\t\t\t\t\t<p><strong>5. bir d\u00fckkanda<\/strong><\/p><p><audio class=\"wp-audio-shortcode\" id=\"audio-4608-12\" preload=\"none\" style=\"width: 100%;\" controls=\"controls\"><source type=\"audio\/wav\" src=\"https:\/\/mijn-lo.nl\/wp-content\/uploads\/2024\/02\/in-een-winkel.wav?_=12\" \/><a href=\"https:\/\/mijn-lo.nl\/wp-content\/uploads\/2024\/02\/in-een-winkel.wav\">https:\/\/mijn-lo.nl\/wp-content\/uploads\/2024\/02\/in-een-winkel.wav<\/a><\/audio><\/p><p><strong><br \/>6. her \u015fey yolunda<\/strong><\/p><p><audio class=\"wp-audio-shortcode\" id=\"audio-4608-13\" preload=\"none\" style=\"width: 100%;\" controls=\"controls\"><source type=\"audio\/wav\" src=\"https:\/\/mijn-lo.nl\/wp-content\/uploads\/2024\/02\/allesisgoed.wav?_=13\" \/><a href=\"https:\/\/mijn-lo.nl\/wp-content\/uploads\/2024\/02\/allesisgoed.wav\">https:\/\/mijn-lo.nl\/wp-content\/uploads\/2024\/02\/allesisgoed.wav<\/a><\/audio><\/p><p><strong><br \/>7. \u00c7al\u0131\u015fmay\u0131 severim<\/strong><\/p><p><audio class=\"wp-audio-shortcode\" id=\"audio-4608-14\" preload=\"none\" style=\"width: 100%;\" controls=\"controls\"><source type=\"audio\/wav\" src=\"https:\/\/mijn-lo.nl\/wp-content\/uploads\/2024\/02\/ik-werk-graag.wav?_=14\" \/><a href=\"https:\/\/mijn-lo.nl\/wp-content\/uploads\/2024\/02\/ik-werk-graag.wav\">https:\/\/mijn-lo.nl\/wp-content\/uploads\/2024\/02\/ik-werk-graag.wav<\/a><\/audio><\/p>\t\t\t\t\t\t\t\t<\/div>\n\t\t\t\t<\/div>\n\t\t\t\t\t<\/div>\n\t\t<\/div>\n\t\t\t\t\t<\/div>\n\t\t<\/section>\n\t\t\t\t<section class=\"elementor-section elementor-top-section elementor-element elementor-element-2edcca1 elementor-section-boxed elementor-section-height-default elementor-section-height-default\" data-id=\"2edcca1\" data-element_type=\"section\">\n\t\t\t\t\t\t<div class=\"elementor-container elementor-column-gap-default\">\n\t\t\t\t\t<div class=\"elementor-column elementor-col-100 elementor-top-column elementor-element elementor-element-75349f87\" data-id=\"75349f87\" data-element_type=\"column\">\n\t\t\t<div class=\"elementor-widget-wrap elementor-element-populated\">\n\t\t\t\t\t\t<div class=\"elementor-element elementor-element-2d2d0e50 elementor-align-center elementor-widget elementor-widget-button\" data-id=\"2d2d0e50\" data-element_type=\"widget\" data-widget_type=\"button.default\">\n\t\t\t\t<div class=\"elementor-widget-container\">\n\t\t\t\t\t\t\t\t\t<div class=\"elementor-button-wrapper\">\n\t\t\t\t\t<a class=\"elementor-button elementor-button-link elementor-size-sm\" href=\"https:\/\/mijn-lo.nl\/tr\/work\/test-7\/\">\n\t\t\t\t\t\t<span class=\"elementor-button-content-wrapper\">\n\t\t\t\t\t\t\t\t\t<span class=\"elementor-button-text\">devam etmek<\/span>\n\t\t\t\t\t<\/span>\n\t\t\t\t\t<\/a>\n\t\t\t\t<\/div>\n\t\t\t\t\t\t\t\t<\/div>\n\t\t\t\t<\/div>\n\t\t\t\t\t<\/div>\n\t\t<\/div>\n\t\t\t\t\t<\/div>\n\t\t<\/section>\n\t\t\t\t<\/div>","protected":false},"excerpt":{"rendered":"<p>Learn words about work 1. a temporary job 2. a full job 3. somebody who works secretly without paying taxes 4. employee 5. employer 6. own company 7. I have an own company 1. I am looking for a job 2. at a construction company\u00a0 \u00a0 \u00a0on a farm 3. in a hotel\u00a0 \u00a0 \u00a0 [&hellip;]<\/p>\n","protected":false},"author":1,"featured_media":0,"parent":3364,"menu_order":8,"comment_status":"closed","ping_status":"closed","template":"elementor_canvas","meta":{"site-sidebar-layout":"no-sidebar","site-content-layout":"page-builder","ast-site-content-layout":"full-width-container","site-content-style":"default","site-sidebar-style":"default","ast-global-header-display":"","ast-banner-title-visibility":"","ast-main-header-display":"","ast-hfb-above-header-display":"","ast-hfb-below-header-display":"","ast-hfb-mobile-header-display":"","site-post-title":"disabled","ast-breadcrumbs-content":"","ast-featured-img":"disabled","footer-sml-layout":"","theme-transparent-header-meta":"","adv-header-id-meta":"","stick-header-meta":"","header-above-stick-meta":"","header-main-stick-meta":"","header-below-stick-meta":"","astra-migrate-meta-layouts":"set","ast-page-background-enabled":"default","ast-page-background-meta":{"desktop":{"background-color":"var(--ast-global-color-4)","background-image":"","background-repeat":"repeat","background-position":"center center","background-size":"auto","background-attachment":"scroll","background-type":"","background-media":"","overlay-type":"","overlay-color":"","overlay-opacity":"","overlay-gradient":""},"tablet":{"background-color":"","background-image":"","background-repeat":"repeat","background-position":"center center","background-size":"auto","background-attachment":"scroll","background-type":"","background-media":"","overlay-type":"","overlay-color":"","overlay-opacity":"","overlay-gradient":""},"mobile":{"background-color":"","background-image":"","background-repeat":"repeat","background-position":"center center","background-size":"auto","background-attachment":"scroll","background-type":"","background-media":"","overlay-type":"","overlay-color":"","overlay-opacity":"","overlay-gradient":""}},"ast-content-background-meta":{"desktop":{"background-color":"var(--ast-global-color-5)","background-image":"","background-repeat":"repeat","background-position":"center center","background-size":"auto","background-attachment":"scroll","background-type":"","background-media":"","overlay-type":"","overlay-color":"","overlay-opacity":"","overlay-gradient":""},"tablet":{"background-color":"var(--ast-global-color-5)","background-image":"","background-repeat":"repeat","background-position":"center center","background-size":"auto","background-attachment":"scroll","background-type":"","background-media":"","overlay-type":"","overlay-color":"","overlay-opacity":"","overlay-gradient":""},"mobile":{"background-color":"var(--ast-global-color-5)","background-image":"","background-repeat":"repeat","background-position":"center center","background-size":"auto","background-attachment":"scroll","background-type":"","background-media":"","overlay-type":"","overlay-color":"","overlay-opacity":"","overlay-gradient":""}},"footnotes":""},"class_list":["post-4608","page","type-page","status-publish","hentry"],"_links":{"self":[{"href":"https:\/\/mijn-lo.nl\/tr\/wp-json\/wp\/v2\/pages\/4608","targetHints":{"allow":["GET"]}}],"collection":[{"href":"https:\/\/mijn-lo.nl\/tr\/wp-json\/wp\/v2\/pages"}],"about":[{"href":"https:\/\/mijn-lo.nl\/tr\/wp-json\/wp\/v2\/types\/page"}],"author":[{"embeddable":true,"href":"https:\/\/mijn-lo.nl\/tr\/wp-json\/wp\/v2\/users\/1"}],"replies":[{"embeddable":true,"href":"https:\/\/mijn-lo.nl\/tr\/wp-json\/wp\/v2\/comments?post=4608"}],"version-history":[{"count":55,"href":"https:\/\/mijn-lo.nl\/tr\/wp-json\/wp\/v2\/pages\/4608\/revisions"}],"predecessor-version":[{"id":6325,"href":"https:\/\/mijn-lo.nl\/tr\/wp-json\/wp\/v2\/pages\/4608\/revisions\/6325"}],"up":[{"embeddable":true,"href":"https:\/\/mijn-lo.nl\/tr\/wp-json\/wp\/v2\/pages\/3364"}],"wp:attachment":[{"href":"https:\/\/mijn-lo.nl\/tr\/wp-json\/wp\/v2\/media?parent=4608"}],"curies":[{"name":"wp","href":"https:\/\/api.w.org\/{rel}","templated":true}]}}