{"id":4658,"date":"2024-02-05T19:06:50","date_gmt":"2024-02-05T19:06:50","guid":{"rendered":"http:\/\/mijn-lo.nl\/?page_id=4658"},"modified":"2025-08-19T17:34:07","modified_gmt":"2025-08-19T17:34:07","slug":"learn-words-and-expressions","status":"publish","type":"page","link":"https:\/\/mijn-lo.nl\/tr\/services\/learn-words-and-expressions\/","title":{"rendered":"Kelimeleri ve ifadeleri \u00f6\u011frenin"},"content":{"rendered":"<div data-elementor-type=\"wp-page\" data-elementor-id=\"4658\" class=\"elementor elementor-4658\" data-elementor-post-type=\"page\">\n\t\t\t\t\t\t<section class=\"elementor-section elementor-top-section elementor-element elementor-element-2b11771 elementor-section-boxed elementor-section-height-default elementor-section-height-default\" data-id=\"2b11771\" data-element_type=\"section\" data-settings=\"{&quot;background_background&quot;:&quot;classic&quot;}\">\n\t\t\t\t\t\t<div class=\"elementor-container elementor-column-gap-default\">\n\t\t\t\t\t<div class=\"elementor-column elementor-col-100 elementor-top-column elementor-element elementor-element-919d60a\" data-id=\"919d60a\" data-element_type=\"column\">\n\t\t\t<div class=\"elementor-widget-wrap elementor-element-populated\">\n\t\t\t\t\t\t<div class=\"elementor-element elementor-element-0f1142d elementor-widget elementor-widget-heading\" data-id=\"0f1142d\" data-element_type=\"widget\" data-widget_type=\"heading.default\">\n\t\t\t\t<div class=\"elementor-widget-container\">\n\t\t\t\t\t<h2 class=\"elementor-heading-title elementor-size-default\">Kelimeleri ve ifadeleri \u00f6\u011frenin<\/h2>\t\t\t\t<\/div>\n\t\t\t\t<\/div>\n\t\t\t\t\t<\/div>\n\t\t<\/div>\n\t\t\t\t\t<\/div>\n\t\t<\/section>\n\t\t\t\t<section class=\"elementor-section elementor-top-section elementor-element elementor-element-203626a elementor-section-boxed elementor-section-height-default elementor-section-height-default\" data-id=\"203626a\" data-element_type=\"section\">\n\t\t\t\t\t\t<div class=\"elementor-container elementor-column-gap-default\">\n\t\t\t\t\t<div class=\"elementor-column elementor-col-33 elementor-top-column elementor-element elementor-element-53e3b11\" data-id=\"53e3b11\" data-element_type=\"column\">\n\t\t\t<div class=\"elementor-widget-wrap elementor-element-populated\">\n\t\t\t\t\t\t<div class=\"elementor-element elementor-element-f23e26a elementor-widget elementor-widget-image\" data-id=\"f23e26a\" data-element_type=\"widget\" data-widget_type=\"image.default\">\n\t\t\t\t<div class=\"elementor-widget-container\">\n\t\t\t\t\t\t\t\t\t\t\t\t\t\t\t<img fetchpriority=\"high\" decoding=\"async\" width=\"817\" height=\"700\" src=\"https:\/\/mijn-lo.nl\/wp-content\/uploads\/2024\/02\/gemeentehuis-taal1-817x700-1.webp\" class=\"attachment-large size-large wp-image-4660\" alt=\"\" srcset=\"https:\/\/mijn-lo.nl\/wp-content\/uploads\/2024\/02\/gemeentehuis-taal1-817x700-1.webp 817w, https:\/\/mijn-lo.nl\/wp-content\/uploads\/2024\/02\/gemeentehuis-taal1-817x700-1-300x257.webp 300w, https:\/\/mijn-lo.nl\/wp-content\/uploads\/2024\/02\/gemeentehuis-taal1-817x700-1-768x658.webp 768w, https:\/\/mijn-lo.nl\/wp-content\/uploads\/2024\/02\/gemeentehuis-taal1-817x700-1-14x12.webp 14w, https:\/\/mijn-lo.nl\/wp-content\/uploads\/2024\/02\/gemeentehuis-taal1-817x700-1-24x21.webp 24w, https:\/\/mijn-lo.nl\/wp-content\/uploads\/2024\/02\/gemeentehuis-taal1-817x700-1-36x31.webp 36w, https:\/\/mijn-lo.nl\/wp-content\/uploads\/2024\/02\/gemeentehuis-taal1-817x700-1-48x41.webp 48w\" sizes=\"(max-width: 817px) 100vw, 817px\" \/>\t\t\t\t\t\t\t\t\t\t\t\t\t\t\t<\/div>\n\t\t\t\t<\/div>\n\t\t\t\t\t<\/div>\n\t\t<\/div>\n\t\t\t\t<div class=\"elementor-column elementor-col-33 elementor-top-column elementor-element elementor-element-e91a5ad\" data-id=\"e91a5ad\" data-element_type=\"column\">\n\t\t\t<div class=\"elementor-widget-wrap elementor-element-populated\">\n\t\t\t\t\t\t<div class=\"elementor-element elementor-element-f5175ae elementor-widget elementor-widget-text-editor\" data-id=\"f5175ae\" data-element_type=\"widget\" data-widget_type=\"text-editor.default\">\n\t\t\t\t<div class=\"elementor-widget-container\">\n\t\t\t\t\t\t\t\t\t<p>1. belediye binas\u0131<\/p><p><audio class=\"wp-audio-shortcode\" id=\"audio-4658-1\" preload=\"none\" style=\"width: 100%;\" controls=\"controls\"><source type=\"audio\/wav\" src=\"https:\/\/mijn-lo.nl\/wp-content\/uploads\/2024\/02\/gemeentehuis2.wav?_=1\" \/><a href=\"https:\/\/mijn-lo.nl\/wp-content\/uploads\/2024\/02\/gemeentehuis2.wav\">https:\/\/mijn-lo.nl\/wp-content\/uploads\/2024\/02\/gemeentehuis2.wav<\/a><\/audio><\/p><p><br \/>2. Belediye binas\u0131n\u0131 ifade etmenin iki yolu<\/p><p><audio class=\"wp-audio-shortcode\" id=\"audio-4658-2\" preload=\"none\" style=\"width: 100%;\" controls=\"controls\"><source type=\"audio\/wav\" src=\"https:\/\/mijn-lo.nl\/wp-content\/uploads\/2024\/02\/stadhuis-gemeentehuis.wav?_=2\" \/><a href=\"https:\/\/mijn-lo.nl\/wp-content\/uploads\/2024\/02\/stadhuis-gemeentehuis.wav\">https:\/\/mijn-lo.nl\/wp-content\/uploads\/2024\/02\/stadhuis-gemeentehuis.wav<\/a><\/audio><\/p><p><br \/>3. Belediye binas\u0131n\u0131 nerede bulabilirim?<\/p><p><audio class=\"wp-audio-shortcode\" id=\"audio-4658-3\" preload=\"none\" style=\"width: 100%;\" controls=\"controls\"><source type=\"audio\/wav\" src=\"https:\/\/mijn-lo.nl\/wp-content\/uploads\/2024\/02\/waar-kan-ik-het-stadhuisvinden.wav?_=3\" \/><a href=\"https:\/\/mijn-lo.nl\/wp-content\/uploads\/2024\/02\/waar-kan-ik-het-stadhuisvinden.wav\">https:\/\/mijn-lo.nl\/wp-content\/uploads\/2024\/02\/waar-kan-ik-het-stadhuisvinden.wav<\/a><\/audio><\/p><p><br \/>4. Ta\u015f\u0131n\u0131yorum (ya\u015famak i\u00e7in ba\u015fka bir yere)<\/p><p><audio class=\"wp-audio-shortcode\" id=\"audio-4658-4\" preload=\"none\" style=\"width: 100%;\" controls=\"controls\"><source type=\"audio\/wav\" src=\"https:\/\/mijn-lo.nl\/wp-content\/uploads\/2024\/02\/ikgaverhuizen.wav?_=4\" \/><a href=\"https:\/\/mijn-lo.nl\/wp-content\/uploads\/2024\/02\/ikgaverhuizen.wav\">https:\/\/mijn-lo.nl\/wp-content\/uploads\/2024\/02\/ikgaverhuizen.wav<\/a><\/audio><\/p>\t\t\t\t\t\t\t\t<\/div>\n\t\t\t\t<\/div>\n\t\t\t\t\t<\/div>\n\t\t<\/div>\n\t\t\t\t<div class=\"elementor-column elementor-col-33 elementor-top-column elementor-element elementor-element-76e50e8\" data-id=\"76e50e8\" data-element_type=\"column\">\n\t\t\t<div class=\"elementor-widget-wrap elementor-element-populated\">\n\t\t\t\t\t\t<div class=\"elementor-element elementor-element-b77c1d8 elementor-widget elementor-widget-text-editor\" data-id=\"b77c1d8\" data-element_type=\"widget\" data-widget_type=\"text-editor.default\">\n\t\t\t\t<div class=\"elementor-widget-container\">\n\t\t\t\t\t\t\t\t\t<p>5. Bir do\u011fumun kaydedilmesi<\/p><p><audio class=\"wp-audio-shortcode\" id=\"audio-4658-5\" preload=\"none\" style=\"width: 100%;\" controls=\"controls\"><source type=\"audio\/wav\" src=\"https:\/\/mijn-lo.nl\/wp-content\/uploads\/2024\/02\/aangeven-van-een-geboorte.wav?_=5\" \/><a href=\"https:\/\/mijn-lo.nl\/wp-content\/uploads\/2024\/02\/aangeven-van-een-geboorte.wav\">https:\/\/mijn-lo.nl\/wp-content\/uploads\/2024\/02\/aangeven-van-een-geboorte.wav<\/a><\/audio><\/p><p><br \/>6. bir evlili\u011fin kaydedilmesi<\/p><p><audio class=\"wp-audio-shortcode\" id=\"audio-4658-6\" preload=\"none\" style=\"width: 100%;\" controls=\"controls\"><source type=\"audio\/wav\" src=\"https:\/\/mijn-lo.nl\/wp-content\/uploads\/2024\/02\/aangevenvan-eenhuwelijk.wav?_=6\" \/><a href=\"https:\/\/mijn-lo.nl\/wp-content\/uploads\/2024\/02\/aangevenvan-eenhuwelijk.wav\">https:\/\/mijn-lo.nl\/wp-content\/uploads\/2024\/02\/aangevenvan-eenhuwelijk.wav<\/a><\/audio><\/p><p><br \/>7. Birinin \u00f6ld\u00fc\u011f\u00fcn\u00fc bildirmek<\/p><p><audio class=\"wp-audio-shortcode\" id=\"audio-4658-7\" preload=\"none\" style=\"width: 100%;\" controls=\"controls\"><source type=\"audio\/wav\" src=\"https:\/\/mijn-lo.nl\/wp-content\/uploads\/2024\/02\/opgeven-dastiemand-is-overleden.wav?_=7\" \/><a href=\"https:\/\/mijn-lo.nl\/wp-content\/uploads\/2024\/02\/opgeven-dastiemand-is-overleden.wav\">https:\/\/mijn-lo.nl\/wp-content\/uploads\/2024\/02\/opgeven-dastiemand-is-overleden.wav<\/a><\/audio><\/p><p><br \/>8. S\u00fcr\u00fcc\u00fc ehliyeti i\u00e7in ba\u015fvurmak<\/p><p><audio class=\"wp-audio-shortcode\" id=\"audio-4658-8\" preload=\"none\" style=\"width: 100%;\" controls=\"controls\"><source type=\"audio\/mpeg\" src=\"https:\/\/mijn-lo.nl\/wp-content\/uploads\/2025\/04\/rijbewijs-aanvragen.mp3?_=8\" \/><a href=\"https:\/\/mijn-lo.nl\/wp-content\/uploads\/2025\/04\/rijbewijs-aanvragen.mp3\">https:\/\/mijn-lo.nl\/wp-content\/uploads\/2025\/04\/rijbewijs-aanvragen.mp3<\/a><\/audio><\/p>\t\t\t\t\t\t\t\t<\/div>\n\t\t\t\t<\/div>\n\t\t\t\t\t<\/div>\n\t\t<\/div>\n\t\t\t\t\t<\/div>\n\t\t<\/section>\n\t\t\t\t<section class=\"elementor-section elementor-top-section elementor-element elementor-element-9e4bd72 elementor-section-boxed elementor-section-height-default elementor-section-height-default\" data-id=\"9e4bd72\" data-element_type=\"section\">\n\t\t\t\t\t\t<div class=\"elementor-container elementor-column-gap-default\">\n\t\t\t\t\t<div class=\"elementor-column elementor-col-33 elementor-top-column elementor-element elementor-element-cfe139a\" data-id=\"cfe139a\" data-element_type=\"column\">\n\t\t\t<div class=\"elementor-widget-wrap elementor-element-populated\">\n\t\t\t\t\t\t<div class=\"elementor-element elementor-element-aaafa3f elementor-widget elementor-widget-image\" data-id=\"aaafa3f\" data-element_type=\"widget\" data-widget_type=\"image.default\">\n\t\t\t\t<div class=\"elementor-widget-container\">\n\t\t\t\t\t\t\t\t\t\t\t\t\t\t\t<img decoding=\"async\" width=\"817\" height=\"596\" src=\"https:\/\/mijn-lo.nl\/wp-content\/uploads\/2024\/02\/gemeentehuis-taal2-817x596-1.webp\" class=\"attachment-large size-large wp-image-4670\" alt=\"\" srcset=\"https:\/\/mijn-lo.nl\/wp-content\/uploads\/2024\/02\/gemeentehuis-taal2-817x596-1.webp 817w, https:\/\/mijn-lo.nl\/wp-content\/uploads\/2024\/02\/gemeentehuis-taal2-817x596-1-300x219.webp 300w, https:\/\/mijn-lo.nl\/wp-content\/uploads\/2024\/02\/gemeentehuis-taal2-817x596-1-768x560.webp 768w, https:\/\/mijn-lo.nl\/wp-content\/uploads\/2024\/02\/gemeentehuis-taal2-817x596-1-16x12.webp 16w, https:\/\/mijn-lo.nl\/wp-content\/uploads\/2024\/02\/gemeentehuis-taal2-817x596-1-24x18.webp 24w, https:\/\/mijn-lo.nl\/wp-content\/uploads\/2024\/02\/gemeentehuis-taal2-817x596-1-36x26.webp 36w, https:\/\/mijn-lo.nl\/wp-content\/uploads\/2024\/02\/gemeentehuis-taal2-817x596-1-48x35.webp 48w\" sizes=\"(max-width: 817px) 100vw, 817px\" \/>\t\t\t\t\t\t\t\t\t\t\t\t\t\t\t<\/div>\n\t\t\t\t<\/div>\n\t\t\t\t\t<\/div>\n\t\t<\/div>\n\t\t\t\t<div class=\"elementor-column elementor-col-33 elementor-top-column elementor-element elementor-element-d2157d6\" data-id=\"d2157d6\" data-element_type=\"column\">\n\t\t\t<div class=\"elementor-widget-wrap elementor-element-populated\">\n\t\t\t\t\t\t<div class=\"elementor-element elementor-element-eb26812 elementor-widget elementor-widget-text-editor\" data-id=\"eb26812\" data-element_type=\"widget\" data-widget_type=\"text-editor.default\">\n\t\t\t\t<div class=\"elementor-widget-container\">\n\t\t\t\t\t\t\t\t\t<p>1. Benim ad\u0131m Ahmet Mustafa<\/p><p><audio class=\"wp-audio-shortcode\" id=\"audio-4658-9\" preload=\"none\" style=\"width: 100%;\" controls=\"controls\"><source type=\"audio\/wav\" src=\"https:\/\/mijn-lo.nl\/wp-content\/uploads\/2024\/02\/mynaamisachmedmustafa.wav?_=9\" \/><a href=\"https:\/\/mijn-lo.nl\/wp-content\/uploads\/2024\/02\/mynaamisachmedmustafa.wav\">https:\/\/mijn-lo.nl\/wp-content\/uploads\/2024\/02\/mynaamisachmedmustafa.wav<\/a><\/audio><\/p><p><br \/>2. Adresim Beekstraat 10:<\/p><p><audio class=\"wp-audio-shortcode\" id=\"audio-4658-10\" preload=\"none\" style=\"width: 100%;\" controls=\"controls\"><source type=\"audio\/wav\" src=\"https:\/\/mijn-lo.nl\/wp-content\/uploads\/2024\/02\/mijn-adres-is-beekstraat.wav?_=10\" \/><a href=\"https:\/\/mijn-lo.nl\/wp-content\/uploads\/2024\/02\/mijn-adres-is-beekstraat.wav\">https:\/\/mijn-lo.nl\/wp-content\/uploads\/2024\/02\/mijn-adres-is-beekstraat.wav<\/a><\/audio><\/p><p><br \/>3. telefon numaram 0612345<\/p><p><audio class=\"wp-audio-shortcode\" id=\"audio-4658-11\" preload=\"none\" style=\"width: 100%;\" controls=\"controls\"><source type=\"audio\/wav\" src=\"https:\/\/mijn-lo.nl\/wp-content\/uploads\/2024\/02\/mijn-telefoonnummer-is.wav?_=11\" \/><a href=\"https:\/\/mijn-lo.nl\/wp-content\/uploads\/2024\/02\/mijn-telefoonnummer-is.wav\">https:\/\/mijn-lo.nl\/wp-content\/uploads\/2024\/02\/mijn-telefoonnummer-is.wav<\/a><\/audio><\/p>\t\t\t\t\t\t\t\t<\/div>\n\t\t\t\t<\/div>\n\t\t\t\t\t<\/div>\n\t\t<\/div>\n\t\t\t\t<div class=\"elementor-column elementor-col-33 elementor-top-column elementor-element elementor-element-e7e816e\" data-id=\"e7e816e\" data-element_type=\"column\">\n\t\t\t<div class=\"elementor-widget-wrap elementor-element-populated\">\n\t\t\t\t\t\t<div class=\"elementor-element elementor-element-b8dabaa elementor-widget elementor-widget-text-editor\" data-id=\"b8dabaa\" data-element_type=\"widget\" data-widget_type=\"text-editor.default\">\n\t\t\t\t<div class=\"elementor-widget-container\">\n\t\t\t\t\t\t\t\t\t<p>4. Bir do\u011fum kayd\u0131 yapt\u0131rmak istiyorum<\/p><p><audio class=\"wp-audio-shortcode\" id=\"audio-4658-12\" preload=\"none\" style=\"width: 100%;\" controls=\"controls\"><source type=\"audio\/wav\" src=\"https:\/\/mijn-lo.nl\/wp-content\/uploads\/2024\/02\/ikwil-een-geboorte-aangeven.wav?_=12\" \/><a href=\"https:\/\/mijn-lo.nl\/wp-content\/uploads\/2024\/02\/ikwil-een-geboorte-aangeven.wav\">https:\/\/mijn-lo.nl\/wp-content\/uploads\/2024\/02\/ikwil-een-geboorte-aangeven.wav<\/a><\/audio><\/p><p><br \/>5. Ehliyetimi yenilemek istiyorum<\/p><p><audio class=\"wp-audio-shortcode\" id=\"audio-4658-13\" preload=\"none\" style=\"width: 100%;\" controls=\"controls\"><source type=\"audio\/wav\" src=\"https:\/\/mijn-lo.nl\/wp-content\/uploads\/2024\/02\/ikwilmijnrijbewijsvernieuwen.wav?_=13\" \/><a href=\"https:\/\/mijn-lo.nl\/wp-content\/uploads\/2024\/02\/ikwilmijnrijbewijsvernieuwen.wav\">https:\/\/mijn-lo.nl\/wp-content\/uploads\/2024\/02\/ikwilmijnrijbewijsvernieuwen.wav<\/a><\/audio><\/p><p><br \/>6. \u0130yi davran\u0131\u015f i\u00e7in bir sertifika istiyorum<\/p><p><audio class=\"wp-audio-shortcode\" id=\"audio-4658-14\" preload=\"none\" style=\"width: 100%;\" controls=\"controls\"><source type=\"audio\/wav\" src=\"https:\/\/mijn-lo.nl\/wp-content\/uploads\/2024\/02\/bewijsvangoedgedrag.wav?_=14\" \/><a href=\"https:\/\/mijn-lo.nl\/wp-content\/uploads\/2024\/02\/bewijsvangoedgedrag.wav\">https:\/\/mijn-lo.nl\/wp-content\/uploads\/2024\/02\/bewijsvangoedgedrag.wav<\/a><\/audio><\/p>\t\t\t\t\t\t\t\t<\/div>\n\t\t\t\t<\/div>\n\t\t\t\t\t<\/div>\n\t\t<\/div>\n\t\t\t\t\t<\/div>\n\t\t<\/section>\n\t\t\t\t<section class=\"elementor-section elementor-top-section elementor-element elementor-element-1d43f6d elementor-section-boxed elementor-section-height-default elementor-section-height-default\" data-id=\"1d43f6d\" data-element_type=\"section\">\n\t\t\t\t\t\t<div class=\"elementor-container elementor-column-gap-default\">\n\t\t\t\t\t<div class=\"elementor-column elementor-col-33 elementor-top-column elementor-element elementor-element-dc5d34b\" data-id=\"dc5d34b\" data-element_type=\"column\">\n\t\t\t<div class=\"elementor-widget-wrap elementor-element-populated\">\n\t\t\t\t\t\t<div class=\"elementor-element elementor-element-1ce1f1b elementor-widget elementor-widget-image\" data-id=\"1ce1f1b\" data-element_type=\"widget\" data-widget_type=\"image.default\">\n\t\t\t\t<div class=\"elementor-widget-container\">\n\t\t\t\t\t\t\t\t\t\t\t\t\t\t\t<img decoding=\"async\" width=\"817\" height=\"596\" src=\"https:\/\/mijn-lo.nl\/wp-content\/uploads\/2024\/02\/plitie-conv-11-817x596-1.webp\" class=\"attachment-large size-large wp-image-4696\" alt=\"\" srcset=\"https:\/\/mijn-lo.nl\/wp-content\/uploads\/2024\/02\/plitie-conv-11-817x596-1.webp 817w, https:\/\/mijn-lo.nl\/wp-content\/uploads\/2024\/02\/plitie-conv-11-817x596-1-300x219.webp 300w, https:\/\/mijn-lo.nl\/wp-content\/uploads\/2024\/02\/plitie-conv-11-817x596-1-768x560.webp 768w, https:\/\/mijn-lo.nl\/wp-content\/uploads\/2024\/02\/plitie-conv-11-817x596-1-16x12.webp 16w, https:\/\/mijn-lo.nl\/wp-content\/uploads\/2024\/02\/plitie-conv-11-817x596-1-24x18.webp 24w, https:\/\/mijn-lo.nl\/wp-content\/uploads\/2024\/02\/plitie-conv-11-817x596-1-36x26.webp 36w, https:\/\/mijn-lo.nl\/wp-content\/uploads\/2024\/02\/plitie-conv-11-817x596-1-48x35.webp 48w\" sizes=\"(max-width: 817px) 100vw, 817px\" \/>\t\t\t\t\t\t\t\t\t\t\t\t\t\t\t<\/div>\n\t\t\t\t<\/div>\n\t\t\t\t\t<\/div>\n\t\t<\/div>\n\t\t\t\t<div class=\"elementor-column elementor-col-33 elementor-top-column elementor-element elementor-element-16f94da\" data-id=\"16f94da\" data-element_type=\"column\">\n\t\t\t<div class=\"elementor-widget-wrap elementor-element-populated\">\n\t\t\t\t\t\t<div class=\"elementor-element elementor-element-40982c9 elementor-widget elementor-widget-text-editor\" data-id=\"40982c9\" data-element_type=\"widget\" data-widget_type=\"text-editor.default\">\n\t\t\t\t<div class=\"elementor-widget-container\">\n\t\t\t\t\t\t\t\t\t<p>1. bir kaza oldu<\/p><p><audio class=\"wp-audio-shortcode\" id=\"audio-4658-15\" preload=\"none\" style=\"width: 100%;\" controls=\"controls\"><source type=\"audio\/wav\" src=\"https:\/\/mijn-lo.nl\/wp-content\/uploads\/2024\/02\/er-is-een-ongeluyk-gebeurt.wav?_=15\" \/><a href=\"https:\/\/mijn-lo.nl\/wp-content\/uploads\/2024\/02\/er-is-een-ongeluyk-gebeurt.wav\">https:\/\/mijn-lo.nl\/wp-content\/uploads\/2024\/02\/er-is-een-ongeluyk-gebeurt.wav<\/a><\/audio><\/p><p><br \/>2. Polisi aray\u0131n<\/p><p><audio class=\"wp-audio-shortcode\" id=\"audio-4658-16\" preload=\"none\" style=\"width: 100%;\" controls=\"controls\"><source type=\"audio\/wav\" src=\"https:\/\/mijn-lo.nl\/wp-content\/uploads\/2024\/02\/bel-de-politie.wav?_=16\" \/><a href=\"https:\/\/mijn-lo.nl\/wp-content\/uploads\/2024\/02\/bel-de-politie.wav\">https:\/\/mijn-lo.nl\/wp-content\/uploads\/2024\/02\/bel-de-politie.wav<\/a><\/audio><\/p><p><br \/>3. 112'yi aray\u0131n<\/p><p><audio class=\"wp-audio-shortcode\" id=\"audio-4658-17\" preload=\"none\" style=\"width: 100%;\" controls=\"controls\"><source type=\"audio\/wav\" src=\"https:\/\/mijn-lo.nl\/wp-content\/uploads\/2024\/02\/bel-112.wav?_=17\" \/><a href=\"https:\/\/mijn-lo.nl\/wp-content\/uploads\/2024\/02\/bel-112.wav\">https:\/\/mijn-lo.nl\/wp-content\/uploads\/2024\/02\/bel-112.wav<\/a><\/audio><\/p>\t\t\t\t\t\t\t\t<\/div>\n\t\t\t\t<\/div>\n\t\t\t\t\t<\/div>\n\t\t<\/div>\n\t\t\t\t<div class=\"elementor-column elementor-col-33 elementor-top-column elementor-element elementor-element-09aa34b\" data-id=\"09aa34b\" data-element_type=\"column\">\n\t\t\t<div class=\"elementor-widget-wrap elementor-element-populated\">\n\t\t\t\t\t\t<div class=\"elementor-element elementor-element-f0de7d7 elementor-widget elementor-widget-text-editor\" data-id=\"f0de7d7\" data-element_type=\"widget\" data-widget_type=\"text-editor.default\">\n\t\t\t\t<div class=\"elementor-widget-container\">\n\t\t\t\t\t\t\t\t\t<p>4. Bana yard\u0131m edebilir misiniz?<\/p><p><audio class=\"wp-audio-shortcode\" id=\"audio-4658-18\" preload=\"none\" style=\"width: 100%;\" controls=\"controls\"><source type=\"audio\/wav\" src=\"https:\/\/mijn-lo.nl\/wp-content\/uploads\/2024\/02\/kunt-u-mij-helpen.wav?_=18\" \/><a href=\"https:\/\/mijn-lo.nl\/wp-content\/uploads\/2024\/02\/kunt-u-mij-helpen.wav\">https:\/\/mijn-lo.nl\/wp-content\/uploads\/2024\/02\/kunt-u-mij-helpen.wav<\/a><\/audio><\/p><p><br \/>5. \u00e7antam \u00e7al\u0131nd\u0131<\/p><p><audio class=\"wp-audio-shortcode\" id=\"audio-4658-19\" preload=\"none\" style=\"width: 100%;\" controls=\"controls\"><source type=\"audio\/wav\" src=\"https:\/\/mijn-lo.nl\/wp-content\/uploads\/2024\/02\/mijn-tas-is-gestolen.wav?_=19\" \/><a href=\"https:\/\/mijn-lo.nl\/wp-content\/uploads\/2024\/02\/mijn-tas-is-gestolen.wav\">https:\/\/mijn-lo.nl\/wp-content\/uploads\/2024\/02\/mijn-tas-is-gestolen.wav<\/a><\/audio><\/p><p><br \/>6. Polis karakolu nerede?<\/p><p><audio class=\"wp-audio-shortcode\" id=\"audio-4658-20\" preload=\"none\" style=\"width: 100%;\" controls=\"controls\"><source type=\"audio\/wav\" src=\"https:\/\/mijn-lo.nl\/wp-content\/uploads\/2024\/02\/waar-is-het-politieburo.wav?_=20\" \/><a href=\"https:\/\/mijn-lo.nl\/wp-content\/uploads\/2024\/02\/waar-is-het-politieburo.wav\">https:\/\/mijn-lo.nl\/wp-content\/uploads\/2024\/02\/waar-is-het-politieburo.wav<\/a><\/audio><\/p>\t\t\t\t\t\t\t\t<\/div>\n\t\t\t\t<\/div>\n\t\t\t\t\t<\/div>\n\t\t<\/div>\n\t\t\t\t\t<\/div>\n\t\t<\/section>\n\t\t\t\t<section class=\"elementor-section elementor-top-section elementor-element elementor-element-2edcca1 elementor-section-boxed elementor-section-height-default elementor-section-height-default\" data-id=\"2edcca1\" data-element_type=\"section\">\n\t\t\t\t\t\t<div class=\"elementor-container elementor-column-gap-default\">\n\t\t\t\t\t<div class=\"elementor-column elementor-col-100 elementor-top-column elementor-element elementor-element-75349f87\" data-id=\"75349f87\" data-element_type=\"column\">\n\t\t\t<div class=\"elementor-widget-wrap elementor-element-populated\">\n\t\t\t\t\t\t<div class=\"elementor-element elementor-element-2d2d0e50 elementor-align-center elementor-widget elementor-widget-button\" data-id=\"2d2d0e50\" data-element_type=\"widget\" data-widget_type=\"button.default\">\n\t\t\t\t<div class=\"elementor-widget-container\">\n\t\t\t\t\t\t\t\t\t<div class=\"elementor-button-wrapper\">\n\t\t\t\t\t<a class=\"elementor-button elementor-button-link elementor-size-sm\" href=\"https:\/\/mijn-lo.nl\/tr\/services\/test-5\/\">\n\t\t\t\t\t\t<span class=\"elementor-button-content-wrapper\">\n\t\t\t\t\t\t\t\t\t<span class=\"elementor-button-text\">devam etmek<\/span>\n\t\t\t\t\t<\/span>\n\t\t\t\t\t<\/a>\n\t\t\t\t<\/div>\n\t\t\t\t\t\t\t\t<\/div>\n\t\t\t\t<\/div>\n\t\t\t\t\t<\/div>\n\t\t<\/div>\n\t\t\t\t\t<\/div>\n\t\t<\/section>\n\t\t\t\t<\/div>","protected":false},"excerpt":{"rendered":"<p>Learn words and expressions 1. town hall 2. two ways of expressing town hall 3. where can I find the town hall? 4. I am moving (to another place to live) 5. registering a birth 6. registering a marriage 7. reporting that someone has died 8. apply for a driver&#8217;s licence 1. my name is [&hellip;]<\/p>\n","protected":false},"author":1,"featured_media":0,"parent":3362,"menu_order":3,"comment_status":"closed","ping_status":"closed","template":"elementor_canvas","meta":{"site-sidebar-layout":"no-sidebar","site-content-layout":"page-builder","ast-site-content-layout":"full-width-container","site-content-style":"default","site-sidebar-style":"default","ast-global-header-display":"","ast-banner-title-visibility":"","ast-main-header-display":"","ast-hfb-above-header-display":"","ast-hfb-below-header-display":"","ast-hfb-mobile-header-display":"","site-post-title":"disabled","ast-breadcrumbs-content":"","ast-featured-img":"disabled","footer-sml-layout":"","theme-transparent-header-meta":"","adv-header-id-meta":"","stick-header-meta":"","header-above-stick-meta":"","header-main-stick-meta":"","header-below-stick-meta":"","astra-migrate-meta-layouts":"set","ast-page-background-enabled":"default","ast-page-background-meta":{"desktop":{"background-color":"var(--ast-global-color-4)","background-image":"","background-repeat":"repeat","background-position":"center center","background-size":"auto","background-attachment":"scroll","background-type":"","background-media":"","overlay-type":"","overlay-color":"","overlay-opacity":"","overlay-gradient":""},"tablet":{"background-color":"","background-image":"","background-repeat":"repeat","background-position":"center center","background-size":"auto","background-attachment":"scroll","background-type":"","background-media":"","overlay-type":"","overlay-color":"","overlay-opacity":"","overlay-gradient":""},"mobile":{"background-color":"","background-image":"","background-repeat":"repeat","background-position":"center center","background-size":"auto","background-attachment":"scroll","background-type":"","background-media":"","overlay-type":"","overlay-color":"","overlay-opacity":"","overlay-gradient":""}},"ast-content-background-meta":{"desktop":{"background-color":"var(--ast-global-color-5)","background-image":"","background-repeat":"repeat","background-position":"center center","background-size":"auto","background-attachment":"scroll","background-type":"","background-media":"","overlay-type":"","overlay-color":"","overlay-opacity":"","overlay-gradient":""},"tablet":{"background-color":"var(--ast-global-color-5)","background-image":"","background-repeat":"repeat","background-position":"center center","background-size":"auto","background-attachment":"scroll","background-type":"","background-media":"","overlay-type":"","overlay-color":"","overlay-opacity":"","overlay-gradient":""},"mobile":{"background-color":"var(--ast-global-color-5)","background-image":"","background-repeat":"repeat","background-position":"center center","background-size":"auto","background-attachment":"scroll","background-type":"","background-media":"","overlay-type":"","overlay-color":"","overlay-opacity":"","overlay-gradient":""}},"footnotes":""},"class_list":["post-4658","page","type-page","status-publish","hentry"],"_links":{"self":[{"href":"https:\/\/mijn-lo.nl\/tr\/wp-json\/wp\/v2\/pages\/4658","targetHints":{"allow":["GET"]}}],"collection":[{"href":"https:\/\/mijn-lo.nl\/tr\/wp-json\/wp\/v2\/pages"}],"about":[{"href":"https:\/\/mijn-lo.nl\/tr\/wp-json\/wp\/v2\/types\/page"}],"author":[{"embeddable":true,"href":"https:\/\/mijn-lo.nl\/tr\/wp-json\/wp\/v2\/users\/1"}],"replies":[{"embeddable":true,"href":"https:\/\/mijn-lo.nl\/tr\/wp-json\/wp\/v2\/comments?post=4658"}],"version-history":[{"count":34,"href":"https:\/\/mijn-lo.nl\/tr\/wp-json\/wp\/v2\/pages\/4658\/revisions"}],"predecessor-version":[{"id":6289,"href":"https:\/\/mijn-lo.nl\/tr\/wp-json\/wp\/v2\/pages\/4658\/revisions\/6289"}],"up":[{"embeddable":true,"href":"https:\/\/mijn-lo.nl\/tr\/wp-json\/wp\/v2\/pages\/3362"}],"wp:attachment":[{"href":"https:\/\/mijn-lo.nl\/tr\/wp-json\/wp\/v2\/media?parent=4658"}],"curies":[{"name":"wp","href":"https:\/\/api.w.org\/{rel}","templated":true}]}}