{"id":4777,"date":"2024-02-09T14:01:10","date_gmt":"2024-02-09T14:01:10","guid":{"rendered":"http:\/\/mijn-lo.nl\/?page_id=4777"},"modified":"2025-08-19T17:40:54","modified_gmt":"2025-08-19T17:40:54","slug":"living-together-in-the-netherlands","status":"publish","type":"page","link":"https:\/\/mijn-lo.nl\/tr\/living-together\/living-together-in-the-netherlands\/","title":{"rendered":"Hollanda&#039;da birlikte ya\u015famak"},"content":{"rendered":"<div data-elementor-type=\"wp-page\" data-elementor-id=\"4777\" class=\"elementor elementor-4777\" data-elementor-post-type=\"page\">\n\t\t\t\t\t\t<section class=\"elementor-section elementor-top-section elementor-element elementor-element-225a7cef elementor-section-boxed elementor-section-height-default elementor-section-height-default\" data-id=\"225a7cef\" data-element_type=\"section\" data-settings=\"{&quot;background_background&quot;:&quot;classic&quot;}\">\n\t\t\t\t\t\t<div class=\"elementor-container elementor-column-gap-default\">\n\t\t\t\t\t<div class=\"elementor-column elementor-col-100 elementor-top-column elementor-element elementor-element-7ff2ed98\" data-id=\"7ff2ed98\" data-element_type=\"column\">\n\t\t\t<div class=\"elementor-widget-wrap elementor-element-populated\">\n\t\t\t\t\t\t<div class=\"elementor-element elementor-element-4c131b03 elementor-widget elementor-widget-heading\" data-id=\"4c131b03\" data-element_type=\"widget\" data-widget_type=\"heading.default\">\n\t\t\t\t<div class=\"elementor-widget-container\">\n\t\t\t\t\t<h2 class=\"elementor-heading-title elementor-size-default\">BIRLIKTE YA\u015eAMAK<\/h2>\t\t\t\t<\/div>\n\t\t\t\t<\/div>\n\t\t\t\t\t<\/div>\n\t\t<\/div>\n\t\t\t\t\t<\/div>\n\t\t<\/section>\n\t\t\t\t<section class=\"elementor-section elementor-top-section elementor-element elementor-element-6887aa9 elementor-section-boxed elementor-section-height-default elementor-section-height-default\" data-id=\"6887aa9\" data-element_type=\"section\">\n\t\t\t\t\t\t<div class=\"elementor-container elementor-column-gap-default\">\n\t\t\t\t\t<div class=\"elementor-column elementor-col-100 elementor-top-column elementor-element elementor-element-fbca87d\" data-id=\"fbca87d\" data-element_type=\"column\">\n\t\t\t<div class=\"elementor-widget-wrap elementor-element-populated\">\n\t\t\t\t\t\t<div class=\"elementor-element elementor-element-e13e3b7 elementor-widget elementor-widget-image\" data-id=\"e13e3b7\" data-element_type=\"widget\" data-widget_type=\"image.default\">\n\t\t\t\t<div class=\"elementor-widget-container\">\n\t\t\t\t\t\t\t\t\t\t\t\t\t\t\t<img fetchpriority=\"high\" decoding=\"async\" width=\"1024\" height=\"528\" src=\"https:\/\/mijn-lo.nl\/wp-content\/uploads\/2024\/02\/leuk-stel-1-1500x773-1-1024x528.webp\" class=\"attachment-large size-large wp-image-4779\" alt=\"\" srcset=\"https:\/\/mijn-lo.nl\/wp-content\/uploads\/2024\/02\/leuk-stel-1-1500x773-1-1024x528.webp 1024w, https:\/\/mijn-lo.nl\/wp-content\/uploads\/2024\/02\/leuk-stel-1-1500x773-1-300x155.webp 300w, https:\/\/mijn-lo.nl\/wp-content\/uploads\/2024\/02\/leuk-stel-1-1500x773-1-768x396.webp 768w, https:\/\/mijn-lo.nl\/wp-content\/uploads\/2024\/02\/leuk-stel-1-1500x773-1-18x9.webp 18w, https:\/\/mijn-lo.nl\/wp-content\/uploads\/2024\/02\/leuk-stel-1-1500x773-1-24x12.webp 24w, https:\/\/mijn-lo.nl\/wp-content\/uploads\/2024\/02\/leuk-stel-1-1500x773-1-36x19.webp 36w, https:\/\/mijn-lo.nl\/wp-content\/uploads\/2024\/02\/leuk-stel-1-1500x773-1-48x25.webp 48w, https:\/\/mijn-lo.nl\/wp-content\/uploads\/2024\/02\/leuk-stel-1-1500x773-1.webp 1500w\" sizes=\"(max-width: 1024px) 100vw, 1024px\" \/>\t\t\t\t\t\t\t\t\t\t\t\t\t\t\t<\/div>\n\t\t\t\t<\/div>\n\t\t\t\t\t<\/div>\n\t\t<\/div>\n\t\t\t\t\t<\/div>\n\t\t<\/section>\n\t\t\t\t<section class=\"elementor-section elementor-top-section elementor-element elementor-element-4ab774c elementor-section-boxed elementor-section-height-default elementor-section-height-default\" data-id=\"4ab774c\" data-element_type=\"section\">\n\t\t\t\t\t\t\t<div class=\"elementor-background-overlay\"><\/div>\n\t\t\t\t\t\t\t<div class=\"elementor-container elementor-column-gap-default\">\n\t\t\t\t\t<div class=\"elementor-column elementor-col-50 elementor-top-column elementor-element elementor-element-d52035b\" data-id=\"d52035b\" data-element_type=\"column\">\n\t\t\t<div class=\"elementor-widget-wrap elementor-element-populated\">\n\t\t\t\t\t\t<div class=\"elementor-element elementor-element-5307f71 elementor-widget elementor-widget-image\" data-id=\"5307f71\" data-element_type=\"widget\" data-widget_type=\"image.default\">\n\t\t\t\t<div class=\"elementor-widget-container\">\n\t\t\t\t\t\t\t\t\t\t\t\t\t\t\t<img decoding=\"async\" width=\"487\" height=\"353\" src=\"https:\/\/mijn-lo.nl\/wp-content\/uploads\/2024\/02\/woman-alone-487x353-1.webp\" class=\"attachment-large size-large wp-image-4780\" alt=\"\" srcset=\"https:\/\/mijn-lo.nl\/wp-content\/uploads\/2024\/02\/woman-alone-487x353-1.webp 487w, https:\/\/mijn-lo.nl\/wp-content\/uploads\/2024\/02\/woman-alone-487x353-1-300x217.webp 300w, https:\/\/mijn-lo.nl\/wp-content\/uploads\/2024\/02\/woman-alone-487x353-1-18x12.webp 18w, https:\/\/mijn-lo.nl\/wp-content\/uploads\/2024\/02\/woman-alone-487x353-1-24x17.webp 24w, https:\/\/mijn-lo.nl\/wp-content\/uploads\/2024\/02\/woman-alone-487x353-1-36x26.webp 36w, https:\/\/mijn-lo.nl\/wp-content\/uploads\/2024\/02\/woman-alone-487x353-1-48x35.webp 48w\" sizes=\"(max-width: 487px) 100vw, 487px\" \/>\t\t\t\t\t\t\t\t\t\t\t\t\t\t\t<\/div>\n\t\t\t\t<\/div>\n\t\t\t\t<div class=\"elementor-element elementor-element-12a9154 elementor-widget elementor-widget-text-editor\" data-id=\"12a9154\" data-element_type=\"widget\" data-widget_type=\"text-editor.default\">\n\t\t\t\t<div class=\"elementor-widget-container\">\n\t\t\t\t\t\t\t\t\t<p style=\"text-align: center;\">Bir\u00e7ok insan yaln\u0131z ya\u015f\u0131yor<\/p>\t\t\t\t\t\t\t\t<\/div>\n\t\t\t\t<\/div>\n\t\t\t\t\t<\/div>\n\t\t<\/div>\n\t\t\t\t<div class=\"elementor-column elementor-col-50 elementor-top-column elementor-element elementor-element-0de69c5\" data-id=\"0de69c5\" data-element_type=\"column\">\n\t\t\t<div class=\"elementor-widget-wrap elementor-element-populated\">\n\t\t\t\t\t\t<div class=\"elementor-element elementor-element-3ec27b9 elementor-widget elementor-widget-text-editor\" data-id=\"3ec27b9\" data-element_type=\"widget\" data-widget_type=\"text-editor.default\">\n\t\t\t\t<div class=\"elementor-widget-container\">\n\t\t\t\t\t\t\t\t\t<h3 class=\"mbr-section-title mbr-fonts-style mb-3 display-5\"><strong>Bir\u00e7ok insan yaln\u0131z ya\u015f\u0131yor<\/strong><\/h3><p class=\"mbr-text mbr-fonts-style display-7\">Hollandal\u0131lar\u0131n \u00f6nemli bir k\u0131sm\u0131 \u00e7e\u015fitli nedenlerden dolay\u0131 yaln\u0131z ya\u015famay\u0131 tercih ediyor. \u0130\u015fte baz\u0131 yayg\u0131n a\u00e7\u0131klamalar:<br \/><br \/><strong>Ortak vefat etti:<\/strong>\u00a0Ya\u015fl\u0131 bireylerin yaln\u0131z ya\u015famas\u0131 s\u0131kl\u0131kla e\u015flerinin vefat etmesinden kaynaklanmaktad\u0131r ve kendilerini refakat\u00e7isiz bulmaktad\u0131rlar.<br \/><br \/><strong>Bo\u015fanmak<\/strong>: Bo\u015fanma, yaln\u0131z ya\u015faman\u0131n bir di\u011fer yayg\u0131n nedenidir. Asl\u0131na bak\u0131l\u0131rsa, Hollanda&#039;da yakla\u015f\u0131k \u00fc\u00e7 evlilikten biri bo\u015fanmayla sonu\u00e7lan\u0131yor ve bu da bir\u00e7ok ki\u015finin kendi evini kurmas\u0131na yol a\u00e7\u0131yor.<br \/><br \/><strong>Gen\u00e7 insanlar:\u00a0<\/strong>Gen\u00e7ler ba\u011f\u0131ms\u0131zl\u0131k yolculu\u011funa \u00e7\u0131karken \u00e7o\u011fu zaman yaln\u0131z ya\u015famay\u0131 tercih ediyor. Genellikle \u00e7iftler evli de\u011filken birlikte ya\u015famaya ba\u015flarlar.\u00a0<br \/><br \/><strong>Birlikte ayr\u0131 ya\u015famak:\u00a0<\/strong>\u0130lgin\u00e7 bir \u015fekilde, baz\u0131 insanlar ili\u015fki i\u00e7inde olmas\u0131na ra\u011fmen yine de yaln\u0131z ya\u015famay\u0131 se\u00e7iyor. Bu karar, ki\u015fisel tercihlerden, ki\u015fisel alan arzusundan veya i\u00e7inde bulunulan duruma \u00f6zel di\u011fer fakt\u00f6rlerden kaynaklanabilir.<\/p>\t\t\t\t\t\t\t\t<\/div>\n\t\t\t\t<\/div>\n\t\t\t\t\t<\/div>\n\t\t<\/div>\n\t\t\t\t\t<\/div>\n\t\t<\/section>\n\t\t\t\t<section class=\"elementor-section elementor-top-section elementor-element elementor-element-24cf9fa elementor-reverse-tablet elementor-reverse-mobile elementor-section-boxed elementor-section-height-default elementor-section-height-default\" data-id=\"24cf9fa\" data-element_type=\"section\">\n\t\t\t\t\t\t<div class=\"elementor-container elementor-column-gap-default\">\n\t\t\t\t\t<div class=\"elementor-column elementor-col-50 elementor-top-column elementor-element elementor-element-2c54c47\" data-id=\"2c54c47\" data-element_type=\"column\">\n\t\t\t<div class=\"elementor-widget-wrap elementor-element-populated\">\n\t\t\t\t\t\t<div class=\"elementor-element elementor-element-1830e68 elementor-widget elementor-widget-text-editor\" data-id=\"1830e68\" data-element_type=\"widget\" data-widget_type=\"text-editor.default\">\n\t\t\t\t<div class=\"elementor-widget-container\">\n\t\t\t\t\t\t\t\t\t<h3 class=\"mbr-section-title mbr-fonts-style mb-3 display-5\"><strong>Aile<\/strong><\/h3><p class=\"mbr-text mbr-fonts-style display-7\">Aile, Hollanda toplumunun ayr\u0131lmaz bir par\u00e7as\u0131d\u0131r; n\u00fcfusun yar\u0131s\u0131ndan fazlas\u0131 bir aile biriminin par\u00e7as\u0131d\u0131r. Ancak dikkate al\u0131nmas\u0131 gereken birka\u00e7 \u00f6nemli ger\u00e7ek vard\u0131r:<br \/><br \/><strong>Aile boyu:<\/strong>\u00a0Ortalama olarak Hollandal\u0131 bir aile 1-2 \u00e7ocuktan olu\u015fuyor; bu da ailelerin genellikle ikiden az \u00e7ocu\u011fa sahip oldu\u011funu g\u00f6steriyor.\u00a0<br \/><br \/><strong>Bo\u015fanma ve yeniden evlenme:\u00a0<\/strong>Bo\u015fanma Hollanda&#039;da yayg\u0131n bir olayd\u0131r ve bireylerin bo\u015fan\u0131p daha sonra ba\u015fka biriyle evlenmesi al\u0131\u015f\u0131lmad\u0131k bir durum de\u011fildir. T<br \/><br \/><strong>Tek ebeveynli aileler:<\/strong>\u00a0\u00dclkede ayr\u0131ca, \u00f6zellikle bo\u015fanma nedeniyle \u00f6nemli say\u0131da tek ebeveynli aile bulunuyor. Bu aileler \u00e7ocuklar\u0131 b\u00fcy\u00fcten bir ebeveynden (baba veya anne) olu\u015fur.<br \/><br \/><strong>Ortak se\u00e7imi:\u00a0<\/strong>Hollandal\u0131 bireyler kendi partnerlerini se\u00e7me \u00f6zg\u00fcrl\u00fc\u011f\u00fcne sahiptir. \u00c7a\u011fda\u015f toplumda bir\u00e7ok insan potansiyel partnerlerle tan\u0131\u015fmak i\u00e7in internete ve tan\u0131\u015fma sitelerine g\u00fcveniyor, bu da romantik ili\u015fkiler bulma olas\u0131l\u0131klar\u0131n\u0131 geni\u015fletiyor.<br \/><br \/><strong>Cinsel deneyimler:\u00a0<\/strong>Hollandal\u0131 gen\u00e7ler ortalama olarak ilk cinsel deneyimini 16-17 ya\u015f civar\u0131nda ya\u015f\u0131yor. Bu, di\u011fer baz\u0131 \u00fclkelerle kar\u015f\u0131la\u015ft\u0131r\u0131ld\u0131\u011f\u0131nda cinsel aktivitenin nispeten erken ba\u015flad\u0131\u011f\u0131n\u0131 g\u00f6steriyor. Bireylerin cinsel faaliyetlere kat\u0131lma ya\u015f\u0131n\u0131n farkl\u0131 bireyler aras\u0131nda b\u00fcy\u00fck \u00f6l\u00e7\u00fcde de\u011fi\u015febilece\u011fini belirtmekte fayda var. Evlilik \u00f6ncesi seks yayg\u0131n olarak kabul edilmektedir.<br \/><br \/><strong>Cinsel e\u011fitim:<\/strong>\u00a0Hollanda&#039;da pek \u00e7ok ebeveyn, \u00e7ocuklar\u0131 ergenli\u011fe ula\u015ft\u0131klar\u0131nda, genellikle 12-18 ya\u015flar\u0131 aras\u0131nda, \u00e7ocuklar\u0131yla seks hakk\u0131nda a\u00e7\u0131k konu\u015fmalar yap\u0131yor. Ayr\u0131ca okullarda k\u0131z ve erkek \u00e7ocuklar\u0131ndaki fiziksel de\u011fi\u015fiklikler, cinsiyetle ilgili bilgiler gibi konular\u0131 kapsayan kapsaml\u0131 bir cinsel e\u011fitim verilmektedir.\u00a0<\/p>\t\t\t\t\t\t\t\t<\/div>\n\t\t\t\t<\/div>\n\t\t\t\t\t<\/div>\n\t\t<\/div>\n\t\t\t\t<div class=\"elementor-column elementor-col-50 elementor-top-column elementor-element elementor-element-b1caf59\" data-id=\"b1caf59\" data-element_type=\"column\">\n\t\t\t<div class=\"elementor-widget-wrap elementor-element-populated\">\n\t\t\t\t\t\t<div class=\"elementor-element elementor-element-6484c7e elementor-widget elementor-widget-image\" data-id=\"6484c7e\" data-element_type=\"widget\" data-widget_type=\"image.default\">\n\t\t\t\t<div class=\"elementor-widget-container\">\n\t\t\t\t\t\t\t\t\t\t\t\t\t\t\t<img decoding=\"async\" width=\"791\" height=\"863\" src=\"https:\/\/mijn-lo.nl\/wp-content\/uploads\/2024\/02\/family2-791x863-1.webp\" class=\"attachment-large size-large wp-image-4781\" alt=\"\" srcset=\"https:\/\/mijn-lo.nl\/wp-content\/uploads\/2024\/02\/family2-791x863-1.webp 791w, https:\/\/mijn-lo.nl\/wp-content\/uploads\/2024\/02\/family2-791x863-1-275x300.webp 275w, https:\/\/mijn-lo.nl\/wp-content\/uploads\/2024\/02\/family2-791x863-1-768x838.webp 768w, https:\/\/mijn-lo.nl\/wp-content\/uploads\/2024\/02\/family2-791x863-1-11x12.webp 11w, https:\/\/mijn-lo.nl\/wp-content\/uploads\/2024\/02\/family2-791x863-1-22x24.webp 22w, https:\/\/mijn-lo.nl\/wp-content\/uploads\/2024\/02\/family2-791x863-1-33x36.webp 33w, https:\/\/mijn-lo.nl\/wp-content\/uploads\/2024\/02\/family2-791x863-1-44x48.webp 44w\" sizes=\"(max-width: 791px) 100vw, 791px\" \/>\t\t\t\t\t\t\t\t\t\t\t\t\t\t\t<\/div>\n\t\t\t\t<\/div>\n\t\t\t\t<div class=\"elementor-element elementor-element-7254094 elementor-widget elementor-widget-text-editor\" data-id=\"7254094\" data-element_type=\"widget\" data-widget_type=\"text-editor.default\">\n\t\t\t\t<div class=\"elementor-widget-container\">\n\t\t\t\t\t\t\t\t\t<p style=\"text-align: center;\">Aile<\/p>\t\t\t\t\t\t\t\t<\/div>\n\t\t\t\t<\/div>\n\t\t\t\t\t<\/div>\n\t\t<\/div>\n\t\t\t\t\t<\/div>\n\t\t<\/section>\n\t\t\t\t<section class=\"elementor-section elementor-top-section elementor-element elementor-element-9b5fa28 elementor-section-boxed elementor-section-height-default elementor-section-height-default\" data-id=\"9b5fa28\" data-element_type=\"section\">\n\t\t\t\t\t\t<div class=\"elementor-container elementor-column-gap-default\">\n\t\t\t\t\t<div class=\"elementor-column elementor-col-100 elementor-top-column elementor-element elementor-element-5d372b1\" data-id=\"5d372b1\" data-element_type=\"column\">\n\t\t\t<div class=\"elementor-widget-wrap elementor-element-populated\">\n\t\t\t\t\t\t<div class=\"elementor-element elementor-element-6371b14 elementor-widget elementor-widget-text-editor\" data-id=\"6371b14\" data-element_type=\"widget\" data-widget_type=\"text-editor.default\">\n\t\t\t\t<div class=\"elementor-widget-container\">\n\t\t\t\t\t\t\t\t\t<h3 class=\"mbr-section-title mbr-fonts-style mb-3 display-5\"><strong>Evli misin yoksa evli de\u011fil misin?<\/strong><\/h3><p class=\"mbr-text mbr-fonts-style display-7\">\u201cBurgerlijke staat\u201d Hollanda&#039;da ki\u015finin medeni durumunu veya medeni durumunu ifade eden bir terimdir. Bir ki\u015finin bekar m\u0131, evli mi, kay\u0131tl\u0131 birliktelik i\u00e7inde mi, bo\u015fanm\u0131\u015f m\u0131, dul mu oldu\u011funu veya yasal olarak kabul edilen ba\u015fka bir stat\u00fcye sahip olup olmad\u0131\u011f\u0131n\u0131 belirtir. Terim, bir ki\u015finin ili\u015fki durumu hakk\u0131nda bilgi toplamak i\u00e7in resmi belgelerde kullan\u0131l\u0131r.<br \/><br \/><strong>\u00d6rnekler<\/strong><br \/><br \/><strong>Ongehuwd\/Alleenstaand:\u00a0<\/strong>Evlenmemi\u015f\/Bekar \u2013 Bu, hi\u00e7 evlenmemi\u015f veya \u015fu anda yasal olarak tan\u0131nan bir birliktelik i\u00e7inde olmayan bireyleri ifade eder.<br \/><br \/><strong>Gehuwd\/Getrouwd:<\/strong>\u00a0Evli \u2013 Bu, ki\u015finin e\u015fiyle yasal olarak evli oldu\u011funu g\u00f6sterir.<br \/><br \/><strong>Geregistreerd ortaklar\u0131:<\/strong>\u00a0Kay\u0131tl\u0131 Birliktelik \u2013 Bu kategori, evlili\u011fe benzer, ancak resmi bir d\u00fc\u011f\u00fcn t\u00f6reni olmadan yasal olarak tan\u0131nan bir birlikteli\u011fe girmeyi se\u00e7en \u00e7iftler i\u00e7in ge\u00e7erlidir.<br \/><br \/><strong>Gescheiden:<\/strong>\u00a0Bo\u015fanm\u0131\u015f \u2013 Bo\u015fanma yoluyla evlili\u011fini yasal olarak sona erdiren bireyleri ifade eder.<br \/><br \/><strong>Weduwe\/Weduwnaar:<\/strong>\u00a0Dul\/Dul \u2013 Bu kategori, e\u015fi vefat etmi\u015f ki\u015filer i\u00e7in ge\u00e7erlidir.<br \/><br \/>Bu kategoriler, bir ki\u015finin mevcut \u201cburgerlijke staat\u201d\u0131 veya medeni durumu hakk\u0131nda bilgi sa\u011flamak i\u00e7in kimlik kartlar\u0131, pasaportlar ve yasal formlar gibi resmi belgelerde kullan\u0131l\u0131r.<\/p>\t\t\t\t\t\t\t\t<\/div>\n\t\t\t\t<\/div>\n\t\t\t\t\t<\/div>\n\t\t<\/div>\n\t\t\t\t\t<\/div>\n\t\t<\/section>\n\t\t\t\t<section class=\"elementor-section elementor-top-section elementor-element elementor-element-27f1b0b elementor-section-boxed elementor-section-height-default elementor-section-height-default\" data-id=\"27f1b0b\" data-element_type=\"section\">\n\t\t\t\t\t\t<div class=\"elementor-container elementor-column-gap-default\">\n\t\t\t\t\t<div class=\"elementor-column elementor-col-50 elementor-top-column elementor-element elementor-element-618028c\" data-id=\"618028c\" data-element_type=\"column\">\n\t\t\t<div class=\"elementor-widget-wrap elementor-element-populated\">\n\t\t\t\t\t\t<div class=\"elementor-element elementor-element-438cd57 elementor-widget elementor-widget-image\" data-id=\"438cd57\" data-element_type=\"widget\" data-widget_type=\"image.default\">\n\t\t\t\t<div class=\"elementor-widget-container\">\n\t\t\t\t\t\t\t\t\t\t\t\t\t\t\t<img loading=\"lazy\" decoding=\"async\" width=\"730\" height=\"532\" src=\"https:\/\/mijn-lo.nl\/wp-content\/uploads\/2024\/02\/burgerlijkestatus-730x532-1.jpg\" class=\"attachment-large size-large wp-image-4782\" alt=\"\" srcset=\"https:\/\/mijn-lo.nl\/wp-content\/uploads\/2024\/02\/burgerlijkestatus-730x532-1.jpg 730w, https:\/\/mijn-lo.nl\/wp-content\/uploads\/2024\/02\/burgerlijkestatus-730x532-1-300x219.jpg 300w, https:\/\/mijn-lo.nl\/wp-content\/uploads\/2024\/02\/burgerlijkestatus-730x532-1-16x12.jpg 16w, https:\/\/mijn-lo.nl\/wp-content\/uploads\/2024\/02\/burgerlijkestatus-730x532-1-24x17.jpg 24w, https:\/\/mijn-lo.nl\/wp-content\/uploads\/2024\/02\/burgerlijkestatus-730x532-1-36x26.jpg 36w, https:\/\/mijn-lo.nl\/wp-content\/uploads\/2024\/02\/burgerlijkestatus-730x532-1-48x35.jpg 48w\" sizes=\"(max-width: 730px) 100vw, 730px\" \/>\t\t\t\t\t\t\t\t\t\t\t\t\t\t\t<\/div>\n\t\t\t\t<\/div>\n\t\t\t\t\t<\/div>\n\t\t<\/div>\n\t\t\t\t<div class=\"elementor-column elementor-col-50 elementor-top-column elementor-element elementor-element-d41e83a\" data-id=\"d41e83a\" data-element_type=\"column\">\n\t\t\t<div class=\"elementor-widget-wrap elementor-element-populated\">\n\t\t\t\t\t\t<div class=\"elementor-element elementor-element-37bb06c elementor-widget__width-initial elementor-widget elementor-widget-text-editor\" data-id=\"37bb06c\" data-element_type=\"widget\" data-widget_type=\"text-editor.default\">\n\t\t\t\t<div class=\"elementor-widget-container\">\n\t\t\t\t\t\t\t\t\t<p>\u00a0<\/p><p>1. Medeni Durum<\/p><p>2 \u0130sim: Karel Appel<\/p><p>3 Cinsiyet: erkek<\/p><p>4 Do\u011fum Tarihi: 12 \u015eubat 1988<\/p><p>5 Do\u011fum Yeri: Amsterdam<\/p><p>6 Evli\/Bekar\/Ortakl\u0131k\/Bekar: evli<\/p><p>7 \u0130kamet yeri: Eindhoven<\/p><p>8 Adres: Heuvelplein 8<\/p><p>9 Posta Kodu: 5643 JG<\/p>\t\t\t\t\t\t\t\t<\/div>\n\t\t\t\t<\/div>\n\t\t\t\t\t<\/div>\n\t\t<\/div>\n\t\t\t\t\t<\/div>\n\t\t<\/section>\n\t\t\t\t<section class=\"elementor-section elementor-top-section elementor-element elementor-element-3a3011f1 elementor-section-boxed elementor-section-height-default elementor-section-height-default\" data-id=\"3a3011f1\" data-element_type=\"section\">\n\t\t\t\t\t\t<div class=\"elementor-container elementor-column-gap-default\">\n\t\t\t\t\t<div class=\"elementor-column elementor-col-100 elementor-top-column elementor-element elementor-element-4ccefaa5\" data-id=\"4ccefaa5\" data-element_type=\"column\">\n\t\t\t<div class=\"elementor-widget-wrap elementor-element-populated\">\n\t\t\t\t\t\t<div class=\"elementor-element elementor-element-5d53655a elementor-align-center elementor-widget elementor-widget-button\" data-id=\"5d53655a\" data-element_type=\"widget\" data-widget_type=\"button.default\">\n\t\t\t\t<div class=\"elementor-widget-container\">\n\t\t\t\t\t\t\t\t\t<div class=\"elementor-button-wrapper\">\n\t\t\t\t\t<a class=\"elementor-button elementor-button-link elementor-size-sm\" href=\"https:\/\/mijn-lo.nl\/tr\/living-together\/learn-words-and-expressions\/\">\n\t\t\t\t\t\t<span class=\"elementor-button-content-wrapper\">\n\t\t\t\t\t\t\t\t\t<span class=\"elementor-button-text\">devam etmek<\/span>\n\t\t\t\t\t<\/span>\n\t\t\t\t\t<\/a>\n\t\t\t\t<\/div>\n\t\t\t\t\t\t\t\t<\/div>\n\t\t\t\t<\/div>\n\t\t\t\t\t<\/div>\n\t\t<\/div>\n\t\t\t\t\t<\/div>\n\t\t<\/section>\n\t\t\t\t<\/div>","protected":false},"excerpt":{"rendered":"<p>LIVING TOGETHER Many people live alone Many people live alone A significant number of Dutch people choose to live alone for various reasons. Here are some common explanations: Partner passed away:\u00a0In the case of older individuals, living alone often occurs because their partner has passed away, and they find themselves without a companion. Divorce: Divorce [&hellip;]<\/p>\n","protected":false},"author":1,"featured_media":0,"parent":3365,"menu_order":1,"comment_status":"closed","ping_status":"closed","template":"elementor_canvas","meta":{"site-sidebar-layout":"no-sidebar","site-content-layout":"page-builder","ast-site-content-layout":"full-width-container","site-content-style":"default","site-sidebar-style":"default","ast-global-header-display":"","ast-banner-title-visibility":"","ast-main-header-display":"","ast-hfb-above-header-display":"","ast-hfb-below-header-display":"","ast-hfb-mobile-header-display":"","site-post-title":"disabled","ast-breadcrumbs-content":"","ast-featured-img":"disabled","footer-sml-layout":"","theme-transparent-header-meta":"","adv-header-id-meta":"","stick-header-meta":"","header-above-stick-meta":"","header-main-stick-meta":"","header-below-stick-meta":"","astra-migrate-meta-layouts":"set","ast-page-background-enabled":"default","ast-page-background-meta":{"desktop":{"background-color":"var(--ast-global-color-4)","background-image":"","background-repeat":"repeat","background-position":"center center","background-size":"auto","background-attachment":"scroll","background-type":"","background-media":"","overlay-type":"","overlay-color":"","overlay-opacity":"","overlay-gradient":""},"tablet":{"background-color":"","background-image":"","background-repeat":"repeat","background-position":"center center","background-size":"auto","background-attachment":"scroll","background-type":"","background-media":"","overlay-type":"","overlay-color":"","overlay-opacity":"","overlay-gradient":""},"mobile":{"background-color":"","background-image":"","background-repeat":"repeat","background-position":"center center","background-size":"auto","background-attachment":"scroll","background-type":"","background-media":"","overlay-type":"","overlay-color":"","overlay-opacity":"","overlay-gradient":""}},"ast-content-background-meta":{"desktop":{"background-color":"var(--ast-global-color-5)","background-image":"","background-repeat":"repeat","background-position":"center center","background-size":"auto","background-attachment":"scroll","background-type":"","background-media":"","overlay-type":"","overlay-color":"","overlay-opacity":"","overlay-gradient":""},"tablet":{"background-color":"var(--ast-global-color-5)","background-image":"","background-repeat":"repeat","background-position":"center center","background-size":"auto","background-attachment":"scroll","background-type":"","background-media":"","overlay-type":"","overlay-color":"","overlay-opacity":"","overlay-gradient":""},"mobile":{"background-color":"var(--ast-global-color-5)","background-image":"","background-repeat":"repeat","background-position":"center center","background-size":"auto","background-attachment":"scroll","background-type":"","background-media":"","overlay-type":"","overlay-color":"","overlay-opacity":"","overlay-gradient":""}},"footnotes":""},"class_list":["post-4777","page","type-page","status-publish","hentry"],"_links":{"self":[{"href":"https:\/\/mijn-lo.nl\/tr\/wp-json\/wp\/v2\/pages\/4777","targetHints":{"allow":["GET"]}}],"collection":[{"href":"https:\/\/mijn-lo.nl\/tr\/wp-json\/wp\/v2\/pages"}],"about":[{"href":"https:\/\/mijn-lo.nl\/tr\/wp-json\/wp\/v2\/types\/page"}],"author":[{"embeddable":true,"href":"https:\/\/mijn-lo.nl\/tr\/wp-json\/wp\/v2\/users\/1"}],"replies":[{"embeddable":true,"href":"https:\/\/mijn-lo.nl\/tr\/wp-json\/wp\/v2\/comments?post=4777"}],"version-history":[{"count":19,"href":"https:\/\/mijn-lo.nl\/tr\/wp-json\/wp\/v2\/pages\/4777\/revisions"}],"predecessor-version":[{"id":6334,"href":"https:\/\/mijn-lo.nl\/tr\/wp-json\/wp\/v2\/pages\/4777\/revisions\/6334"}],"up":[{"embeddable":true,"href":"https:\/\/mijn-lo.nl\/tr\/wp-json\/wp\/v2\/pages\/3365"}],"wp:attachment":[{"href":"https:\/\/mijn-lo.nl\/tr\/wp-json\/wp\/v2\/media?parent=4777"}],"curies":[{"name":"wp","href":"https:\/\/api.w.org\/{rel}","templated":true}]}}