{"id":4866,"date":"2024-02-09T15:25:09","date_gmt":"2024-02-09T15:25:09","guid":{"rendered":"http:\/\/mijn-lo.nl\/?page_id=4866"},"modified":"2025-08-19T17:43:31","modified_gmt":"2025-08-19T17:43:31","slug":"dutch-history","status":"publish","type":"page","link":"https:\/\/mijn-lo.nl\/tr\/history\/dutch-history\/","title":{"rendered":"Hollanda tarihi"},"content":{"rendered":"<div data-elementor-type=\"wp-page\" data-elementor-id=\"4866\" class=\"elementor elementor-4866\" data-elementor-post-type=\"page\">\n\t\t\t\t\t\t<section class=\"elementor-section elementor-top-section elementor-element elementor-element-6561ff2 elementor-section-boxed elementor-section-height-default elementor-section-height-default\" data-id=\"6561ff2\" data-element_type=\"section\">\n\t\t\t\t\t\t<div class=\"elementor-container elementor-column-gap-default\">\n\t\t\t\t\t<div class=\"elementor-column elementor-col-100 elementor-top-column elementor-element elementor-element-dc03b28\" data-id=\"dc03b28\" data-element_type=\"column\">\n\t\t\t<div class=\"elementor-widget-wrap elementor-element-populated\">\n\t\t\t\t\t\t<div class=\"elementor-element elementor-element-5cb1ced elementor-widget elementor-widget-image\" data-id=\"5cb1ced\" data-element_type=\"widget\" data-widget_type=\"image.default\">\n\t\t\t\t<div class=\"elementor-widget-container\">\n\t\t\t\t\t\t\t\t\t\t\t\t\t\t\t<img fetchpriority=\"high\" decoding=\"async\" width=\"1024\" height=\"505\" src=\"https:\/\/mijn-lo.nl\/wp-content\/uploads\/2024\/02\/thames-1-1500x740-1-1024x505.webp\" class=\"attachment-large size-large wp-image-4868\" alt=\"\" srcset=\"https:\/\/mijn-lo.nl\/wp-content\/uploads\/2024\/02\/thames-1-1500x740-1-1024x505.webp 1024w, https:\/\/mijn-lo.nl\/wp-content\/uploads\/2024\/02\/thames-1-1500x740-1-300x148.webp 300w, https:\/\/mijn-lo.nl\/wp-content\/uploads\/2024\/02\/thames-1-1500x740-1-768x379.webp 768w, https:\/\/mijn-lo.nl\/wp-content\/uploads\/2024\/02\/thames-1-1500x740-1-18x9.webp 18w, https:\/\/mijn-lo.nl\/wp-content\/uploads\/2024\/02\/thames-1-1500x740-1-24x12.webp 24w, https:\/\/mijn-lo.nl\/wp-content\/uploads\/2024\/02\/thames-1-1500x740-1-36x18.webp 36w, https:\/\/mijn-lo.nl\/wp-content\/uploads\/2024\/02\/thames-1-1500x740-1-48x24.webp 48w, https:\/\/mijn-lo.nl\/wp-content\/uploads\/2024\/02\/thames-1-1500x740-1.webp 1500w\" sizes=\"(max-width: 1024px) 100vw, 1024px\" \/>\t\t\t\t\t\t\t\t\t\t\t\t\t\t\t<\/div>\n\t\t\t\t<\/div>\n\t\t\t\t\t<\/div>\n\t\t<\/div>\n\t\t\t\t\t<\/div>\n\t\t<\/section>\n\t\t\t\t<section class=\"elementor-section elementor-top-section elementor-element elementor-element-134c880 elementor-section-boxed elementor-section-height-default elementor-section-height-default\" data-id=\"134c880\" data-element_type=\"section\">\n\t\t\t\t\t\t<div class=\"elementor-container elementor-column-gap-default\">\n\t\t\t\t\t<div class=\"elementor-column elementor-col-50 elementor-top-column elementor-element elementor-element-007db59\" data-id=\"007db59\" data-element_type=\"column\">\n\t\t\t<div class=\"elementor-widget-wrap elementor-element-populated\">\n\t\t\t\t\t\t<div class=\"elementor-element elementor-element-2a15ae7 elementor-widget elementor-widget-image\" data-id=\"2a15ae7\" data-element_type=\"widget\" data-widget_type=\"image.default\">\n\t\t\t\t<div class=\"elementor-widget-container\">\n\t\t\t\t\t\t\t\t\t\t\t\t\t\t\t<img decoding=\"async\" width=\"750\" height=\"526\" src=\"https:\/\/mijn-lo.nl\/wp-content\/uploads\/2024\/02\/romansoldiers-750x526-1.webp\" class=\"attachment-large size-large wp-image-4869\" alt=\"\" srcset=\"https:\/\/mijn-lo.nl\/wp-content\/uploads\/2024\/02\/romansoldiers-750x526-1.webp 750w, https:\/\/mijn-lo.nl\/wp-content\/uploads\/2024\/02\/romansoldiers-750x526-1-300x210.webp 300w, https:\/\/mijn-lo.nl\/wp-content\/uploads\/2024\/02\/romansoldiers-750x526-1-18x12.webp 18w, https:\/\/mijn-lo.nl\/wp-content\/uploads\/2024\/02\/romansoldiers-750x526-1-24x17.webp 24w, https:\/\/mijn-lo.nl\/wp-content\/uploads\/2024\/02\/romansoldiers-750x526-1-36x25.webp 36w, https:\/\/mijn-lo.nl\/wp-content\/uploads\/2024\/02\/romansoldiers-750x526-1-48x34.webp 48w\" sizes=\"(max-width: 750px) 100vw, 750px\" \/>\t\t\t\t\t\t\t\t\t\t\t\t\t\t\t<\/div>\n\t\t\t\t<\/div>\n\t\t\t\t\t<\/div>\n\t\t<\/div>\n\t\t\t\t<div class=\"elementor-column elementor-col-50 elementor-top-column elementor-element elementor-element-ab7892e\" data-id=\"ab7892e\" data-element_type=\"column\">\n\t\t\t<div class=\"elementor-widget-wrap elementor-element-populated\">\n\t\t\t\t\t\t<div class=\"elementor-element elementor-element-aa8be7e elementor-widget elementor-widget-text-editor\" data-id=\"aa8be7e\" data-element_type=\"widget\" data-widget_type=\"text-editor.default\">\n\t\t\t\t<div class=\"elementor-widget-container\">\n\t\t\t\t\t\t\t\t\t<h3 class=\"mbr-section-title mbr-fonts-style mb-3 display-5\"><strong>0 - 1500 aras\u0131<\/strong><\/h3><p class=\"mbr-section-title mbr-fonts-style mb-3 display-5\">O d\u00f6nemde Romal\u0131lar Hollanda'ya geldi. Roma'dan geldiler ve ilk Hollanda \u015fehirleri o zaman ortaya \u00e7\u0131kt\u0131 (Maastricht).\u00a0<br \/>G\u00fcney kesimi Roma \u0130mparatorlu\u011fu'nun bir par\u00e7as\u0131 haline gelerek kentle\u015fmeyi ve k\u00fclt\u00fcrel etkileri beraberinde getirmi\u015ftir.<br \/>Vikingler k\u0131y\u0131 b\u00f6lgelerine ak\u0131nlar d\u00fczenleyerek kar\u0131\u015f\u0131kl\u0131klara neden olmu\u015f ve Katolik Kilisesi'nin etkisiyle H\u0131ristiyanl\u0131k yerle\u015fmi\u015ftir. Manast\u0131r tarikatlar\u0131 manast\u0131rlar kurarak e\u011fitim ve k\u00fclt\u00fcre katk\u0131da bulunmu\u015flard\u0131r.  1500 y\u0131l\u0131 civar\u0131nda Katolik Kilisesi'nin dini y\u00f6netme \u015feklini kabul etmeyenlerin say\u0131s\u0131 giderek artm\u0131\u015f ve ikinci bir grup olarak protestanlar ortaya \u00e7\u0131km\u0131\u015ft\u0131r.\u00a0<\/p>\t\t\t\t\t\t\t\t<\/div>\n\t\t\t\t<\/div>\n\t\t\t\t\t<\/div>\n\t\t<\/div>\n\t\t\t\t\t<\/div>\n\t\t<\/section>\n\t\t\t\t<section class=\"elementor-section elementor-top-section elementor-element elementor-element-ed7b26a elementor-reverse-tablet elementor-reverse-mobile elementor-section-boxed elementor-section-height-default elementor-section-height-default\" data-id=\"ed7b26a\" data-element_type=\"section\">\n\t\t\t\t\t\t<div class=\"elementor-container elementor-column-gap-default\">\n\t\t\t\t\t<div class=\"elementor-column elementor-col-50 elementor-top-column elementor-element elementor-element-764f6f2\" data-id=\"764f6f2\" data-element_type=\"column\">\n\t\t\t<div class=\"elementor-widget-wrap elementor-element-populated\">\n\t\t\t\t\t\t<div class=\"elementor-element elementor-element-a922bc6 elementor-widget elementor-widget-text-editor\" data-id=\"a922bc6\" data-element_type=\"widget\" data-widget_type=\"text-editor.default\">\n\t\t\t\t<div class=\"elementor-widget-container\">\n\t\t\t\t\t\t\t\t\t<h3 class=\"mbr-section-title mbr-fonts-style mb-3 display-5\"><strong>Willem van Oranje<\/strong><\/h3><p class=\"mbr-text mbr-fonts-style display-7\">Hollanda'n\u0131n tarihini ara\u015ft\u0131rmak istiyorsan\u0131z, en \u00f6nemli d\u00f6nemleri ve \u00f6zelliklerini bilmek \u00f6nemlidir.<br \/><br \/><strong>\u0130spanya ile 80 y\u0131l s\u00fcren sava\u015f (1568 - 1628)<br \/><\/strong>\u0130spanyol h\u00fck\u00fcmdar\u0131, b\u00f6lgemizde giderek daha fazla insan\u0131n Katolik Kilisesi'nden uzakla\u015fmas\u0131ndan rahats\u0131zd\u0131. Bu d\u00f6nemde,\u00a0<strong>Prens \"Willem van Oranje\"\u00a0<\/strong>\u0130spanyollara kar\u015f\u0131 isyan\u0131 d\u00fczenledi. Orange'l\u0131 William Hollanda'n\u0131n babas\u0131 olarak kabul edilir.<br \/>\u00d6nemli bir bak\u0131\u015f a\u00e7\u0131s\u0131 da Hollanda'da din \u00f6zg\u00fcrl\u00fc\u011f\u00fcn\u00fcn olmas\u0131 gerekti\u011fiydi. \u0130spanyol h\u00fck\u00fcmdar\u0131 buna kar\u015f\u0131yd\u0131. William of Orange suikasta kurban gitti.\u00a0<br \/><br \/><strong>Hollanda ba\u011f\u0131ms\u0131z olarak<br \/><\/strong>1588'de Hollanda kral\u0131 olmayan bir cumhuriyet haline geldi. Hollanda 7 eyaletle i\u015fbirli\u011fi yapt\u0131. \u0130spanya'ya kar\u015f\u0131 sava\u015f 1648'e kadar s\u00fcrd\u00fc (o zaman Hollanda \u00f6zg\u00fcrd\u00fc). Hollanda'n\u0131n g\u00fcneyi ve Bel\u00e7ika \u0130spanya'ya aitti. Oradaki bir\u00e7ok insan hala Katoliktir. Kuzey kesimlerinde bir\u00e7ok insan Protestan'd\u0131r.<br \/><br \/>Bu sava\u015f\u0131n sona ermesinin ard\u0131ndan cumhuriyet ba\u011f\u0131ms\u0131z bir devlet haline geldi.<br \/>Ulusal mar\u015f, William of Orange'\u0131n isyana \u00f6nc\u00fcl\u00fck etti\u011fi d\u00f6nemle ilgilidir. Ulusal mar\u015f\u0131n ba\u015fl\u0131\u011f\u0131 \"het\u00a0<strong>Wilhelmus<\/strong>\u201c.<\/p>\t\t\t\t\t\t\t\t<\/div>\n\t\t\t\t<\/div>\n\t\t\t\t\t<\/div>\n\t\t<\/div>\n\t\t\t\t<div class=\"elementor-column elementor-col-50 elementor-top-column elementor-element elementor-element-9cf4488\" data-id=\"9cf4488\" data-element_type=\"column\">\n\t\t\t<div class=\"elementor-widget-wrap elementor-element-populated\">\n\t\t\t\t\t\t<div class=\"elementor-element elementor-element-5b2320d elementor-widget elementor-widget-image\" data-id=\"5b2320d\" data-element_type=\"widget\" data-widget_type=\"image.default\">\n\t\t\t\t<div class=\"elementor-widget-container\">\n\t\t\t\t\t\t\t\t\t\t\t\t\t\t\t<img decoding=\"async\" width=\"352\" height=\"489\" src=\"https:\/\/mijn-lo.nl\/wp-content\/uploads\/2024\/02\/willemvoranje1-title-352x489-1.webp\" class=\"attachment-large size-large wp-image-4870\" alt=\"\" srcset=\"https:\/\/mijn-lo.nl\/wp-content\/uploads\/2024\/02\/willemvoranje1-title-352x489-1.webp 352w, https:\/\/mijn-lo.nl\/wp-content\/uploads\/2024\/02\/willemvoranje1-title-352x489-1-216x300.webp 216w, https:\/\/mijn-lo.nl\/wp-content\/uploads\/2024\/02\/willemvoranje1-title-352x489-1-9x12.webp 9w, https:\/\/mijn-lo.nl\/wp-content\/uploads\/2024\/02\/willemvoranje1-title-352x489-1-17x24.webp 17w, https:\/\/mijn-lo.nl\/wp-content\/uploads\/2024\/02\/willemvoranje1-title-352x489-1-26x36.webp 26w, https:\/\/mijn-lo.nl\/wp-content\/uploads\/2024\/02\/willemvoranje1-title-352x489-1-35x48.webp 35w\" sizes=\"(max-width: 352px) 100vw, 352px\" \/>\t\t\t\t\t\t\t\t\t\t\t\t\t\t\t<\/div>\n\t\t\t\t<\/div>\n\t\t\t\t<div class=\"elementor-element elementor-element-1709357 elementor-widget elementor-widget-text-editor\" data-id=\"1709357\" data-element_type=\"widget\" data-widget_type=\"text-editor.default\">\n\t\t\t\t<div class=\"elementor-widget-container\">\n\t\t\t\t\t\t\t\t\t<p style=\"text-align: center;\">Prens Willen van Oranje<\/p>\t\t\t\t\t\t\t\t<\/div>\n\t\t\t\t<\/div>\n\t\t\t\t\t<\/div>\n\t\t<\/div>\n\t\t\t\t\t<\/div>\n\t\t<\/section>\n\t\t\t\t<section class=\"elementor-section elementor-top-section elementor-element elementor-element-f907c84 elementor-section-boxed elementor-section-height-default elementor-section-height-default\" data-id=\"f907c84\" data-element_type=\"section\">\n\t\t\t\t\t\t<div class=\"elementor-container elementor-column-gap-default\">\n\t\t\t\t\t<div class=\"elementor-column elementor-col-50 elementor-top-column elementor-element elementor-element-61c193e\" data-id=\"61c193e\" data-element_type=\"column\">\n\t\t\t<div class=\"elementor-widget-wrap elementor-element-populated\">\n\t\t\t\t\t\t<div class=\"elementor-element elementor-element-2560c35 elementor-widget elementor-widget-video\" data-id=\"2560c35\" data-element_type=\"widget\" data-settings=\"{&quot;youtube_url&quot;:&quot;https:\\\/\\\/youtu.be\\\/LM5OmyKBTlg&quot;,&quot;video_type&quot;:&quot;youtube&quot;,&quot;controls&quot;:&quot;yes&quot;}\" data-widget_type=\"video.default\">\n\t\t\t\t<div class=\"elementor-widget-container\">\n\t\t\t\t\t\t\t<div class=\"elementor-wrapper elementor-open-inline\">\n\t\t\t<div class=\"elementor-video\"><\/div>\t\t<\/div>\n\t\t\t\t\t\t<\/div>\n\t\t\t\t<\/div>\n\t\t\t\t<div class=\"elementor-element elementor-element-fbc9d7d elementor-widget elementor-widget-text-editor\" data-id=\"fbc9d7d\" data-element_type=\"widget\" data-widget_type=\"text-editor.default\">\n\t\t\t\t<div class=\"elementor-widget-container\">\n\t\t\t\t\t\t\t\t\t<p style=\"text-align: center;\">Hollanda \u0130lahisi<\/p>\t\t\t\t\t\t\t\t<\/div>\n\t\t\t\t<\/div>\n\t\t\t\t\t<\/div>\n\t\t<\/div>\n\t\t\t\t<div class=\"elementor-column elementor-col-50 elementor-top-column elementor-element elementor-element-4fea860\" data-id=\"4fea860\" data-element_type=\"column\">\n\t\t\t<div class=\"elementor-widget-wrap elementor-element-populated\">\n\t\t\t\t\t\t<div class=\"elementor-element elementor-element-056152c elementor-widget elementor-widget-text-editor\" data-id=\"056152c\" data-element_type=\"widget\" data-widget_type=\"text-editor.default\">\n\t\t\t\t<div class=\"elementor-widget-container\">\n\t\t\t\t\t\t\t\t\t<h3 class=\"mbr-section-subtitle mbr-fonts-style mb-3 display-5\"><strong>Hollandaca ilahi<\/strong><\/h3><p>\u00a0<\/p><p class=\"mbr-text mbr-fonts-style display-7\">Bu Hollanda \u0130lahisidir. Metin, \u015funu belirtti\u011fi i\u00e7in biraz tart\u0131\u015fmal\u0131d\u0131r:<br \/>- Biz Alman kan\u0131ndan\u0131z ve<br \/>- \u0130spanyol Kral\u0131n\u0131 her zaman onurland\u0131rd\u0131k (\u0130spanyollarla sava\u015f s\u0131ras\u0131nda garip...)<\/p><p>Yine de Hollandal\u0131lar bu ilahiyi s\u00f6ylerken \u00e7ok duygulanabilirler. S\u00f6zleriyle de\u011fil ama sesiyle. Sadece ilk dakikay\u0131 dinleyin!<\/p>\t\t\t\t\t\t\t\t<\/div>\n\t\t\t\t<\/div>\n\t\t\t\t\t<\/div>\n\t\t<\/div>\n\t\t\t\t\t<\/div>\n\t\t<\/section>\n\t\t\t\t<section class=\"elementor-section elementor-top-section elementor-element elementor-element-2edcca1 elementor-section-boxed elementor-section-height-default elementor-section-height-default\" data-id=\"2edcca1\" data-element_type=\"section\">\n\t\t\t\t\t\t<div class=\"elementor-container elementor-column-gap-default\">\n\t\t\t\t\t<div class=\"elementor-column elementor-col-100 elementor-top-column elementor-element elementor-element-75349f87\" data-id=\"75349f87\" data-element_type=\"column\">\n\t\t\t<div class=\"elementor-widget-wrap elementor-element-populated\">\n\t\t\t\t\t\t<div class=\"elementor-element elementor-element-2d2d0e50 elementor-align-center elementor-widget elementor-widget-button\" data-id=\"2d2d0e50\" data-element_type=\"widget\" data-widget_type=\"button.default\">\n\t\t\t\t<div class=\"elementor-widget-container\">\n\t\t\t\t\t\t\t\t\t<div class=\"elementor-button-wrapper\">\n\t\t\t\t\t<a class=\"elementor-button elementor-button-link elementor-size-sm\" href=\"https:\/\/mijn-lo.nl\/tr\/history\/golden-age\/\">\n\t\t\t\t\t\t<span class=\"elementor-button-content-wrapper\">\n\t\t\t\t\t\t\t\t\t<span class=\"elementor-button-text\">devam etmek<\/span>\n\t\t\t\t\t<\/span>\n\t\t\t\t\t<\/a>\n\t\t\t\t<\/div>\n\t\t\t\t\t\t\t\t<\/div>\n\t\t\t\t<\/div>\n\t\t\t\t\t<\/div>\n\t\t<\/div>\n\t\t\t\t\t<\/div>\n\t\t<\/section>\n\t\t\t\t<\/div>","protected":false},"excerpt":{"rendered":"<p>From 0 &#8211; 1500 In that period the Romans came to the Netherlands. They came from Rome and the first Dutch cities arose at that time (Maastricht).\u00a0The southern part became part of the Roman Empire, bringing urbanization and cultural influences.Vikings raided coastal areas, causing disruptions and\u00a0Christianity was established, with the Catholic Church&#8217;s influence.\u00a0Monastic orders founded [&hellip;]<\/p>\n","protected":false},"author":1,"featured_media":0,"parent":3258,"menu_order":1,"comment_status":"closed","ping_status":"closed","template":"elementor_canvas","meta":{"site-sidebar-layout":"no-sidebar","site-content-layout":"page-builder","ast-site-content-layout":"full-width-container","site-content-style":"default","site-sidebar-style":"default","ast-global-header-display":"","ast-banner-title-visibility":"","ast-main-header-display":"","ast-hfb-above-header-display":"","ast-hfb-below-header-display":"","ast-hfb-mobile-header-display":"","site-post-title":"disabled","ast-breadcrumbs-content":"","ast-featured-img":"disabled","footer-sml-layout":"","theme-transparent-header-meta":"","adv-header-id-meta":"","stick-header-meta":"","header-above-stick-meta":"","header-main-stick-meta":"","header-below-stick-meta":"","astra-migrate-meta-layouts":"set","ast-page-background-enabled":"default","ast-page-background-meta":{"desktop":{"background-color":"var(--ast-global-color-4)","background-image":"","background-repeat":"repeat","background-position":"center center","background-size":"auto","background-attachment":"scroll","background-type":"","background-media":"","overlay-type":"","overlay-color":"","overlay-opacity":"","overlay-gradient":""},"tablet":{"background-color":"","background-image":"","background-repeat":"repeat","background-position":"center center","background-size":"auto","background-attachment":"scroll","background-type":"","background-media":"","overlay-type":"","overlay-color":"","overlay-opacity":"","overlay-gradient":""},"mobile":{"background-color":"","background-image":"","background-repeat":"repeat","background-position":"center center","background-size":"auto","background-attachment":"scroll","background-type":"","background-media":"","overlay-type":"","overlay-color":"","overlay-opacity":"","overlay-gradient":""}},"ast-content-background-meta":{"desktop":{"background-color":"var(--ast-global-color-5)","background-image":"","background-repeat":"repeat","background-position":"center center","background-size":"auto","background-attachment":"scroll","background-type":"","background-media":"","overlay-type":"","overlay-color":"","overlay-opacity":"","overlay-gradient":""},"tablet":{"background-color":"var(--ast-global-color-5)","background-image":"","background-repeat":"repeat","background-position":"center center","background-size":"auto","background-attachment":"scroll","background-type":"","background-media":"","overlay-type":"","overlay-color":"","overlay-opacity":"","overlay-gradient":""},"mobile":{"background-color":"var(--ast-global-color-5)","background-image":"","background-repeat":"repeat","background-position":"center center","background-size":"auto","background-attachment":"scroll","background-type":"","background-media":"","overlay-type":"","overlay-color":"","overlay-opacity":"","overlay-gradient":""}},"footnotes":""},"class_list":["post-4866","page","type-page","status-publish","hentry"],"_links":{"self":[{"href":"https:\/\/mijn-lo.nl\/tr\/wp-json\/wp\/v2\/pages\/4866","targetHints":{"allow":["GET"]}}],"collection":[{"href":"https:\/\/mijn-lo.nl\/tr\/wp-json\/wp\/v2\/pages"}],"about":[{"href":"https:\/\/mijn-lo.nl\/tr\/wp-json\/wp\/v2\/types\/page"}],"author":[{"embeddable":true,"href":"https:\/\/mijn-lo.nl\/tr\/wp-json\/wp\/v2\/users\/1"}],"replies":[{"embeddable":true,"href":"https:\/\/mijn-lo.nl\/tr\/wp-json\/wp\/v2\/comments?post=4866"}],"version-history":[{"count":16,"href":"https:\/\/mijn-lo.nl\/tr\/wp-json\/wp\/v2\/pages\/4866\/revisions"}],"predecessor-version":[{"id":6349,"href":"https:\/\/mijn-lo.nl\/tr\/wp-json\/wp\/v2\/pages\/4866\/revisions\/6349"}],"up":[{"embeddable":true,"href":"https:\/\/mijn-lo.nl\/tr\/wp-json\/wp\/v2\/pages\/3258"}],"wp:attachment":[{"href":"https:\/\/mijn-lo.nl\/tr\/wp-json\/wp\/v2\/media?parent=4866"}],"curies":[{"name":"wp","href":"https:\/\/api.w.org\/{rel}","templated":true}]}}