{"id":4902,"date":"2024-02-09T15:46:24","date_gmt":"2024-02-09T15:46:24","guid":{"rendered":"http:\/\/mijn-lo.nl\/?page_id=4902"},"modified":"2025-08-19T17:42:36","modified_gmt":"2025-08-19T17:42:36","slug":"municipalities","status":"publish","type":"page","link":"https:\/\/mijn-lo.nl\/tr\/politics\/municipalities\/","title":{"rendered":"Belediyeler"},"content":{"rendered":"<div data-elementor-type=\"wp-page\" data-elementor-id=\"4902\" class=\"elementor elementor-4902\" data-elementor-post-type=\"page\">\n\t\t\t\t\t\t<section class=\"elementor-section elementor-top-section elementor-element elementor-element-f3da63f elementor-reverse-tablet elementor-reverse-mobile elementor-section-boxed elementor-section-height-default elementor-section-height-default\" data-id=\"f3da63f\" data-element_type=\"section\">\n\t\t\t\t\t\t<div class=\"elementor-container elementor-column-gap-default\">\n\t\t\t\t\t<div class=\"elementor-column elementor-col-50 elementor-top-column elementor-element elementor-element-02860a7\" data-id=\"02860a7\" data-element_type=\"column\">\n\t\t\t<div class=\"elementor-widget-wrap elementor-element-populated\">\n\t\t\t\t\t\t<div class=\"elementor-element elementor-element-c1d4860 elementor-widget elementor-widget-text-editor\" data-id=\"c1d4860\" data-element_type=\"widget\" data-widget_type=\"text-editor.default\">\n\t\t\t\t<div class=\"elementor-widget-container\">\n\t\t\t\t\t\t\t\t\t<h3 class=\"mbr-section-title mbr-fonts-style mb-3 display-5\"><strong>\u0130ller ve belediyeler<\/strong><\/h3><p class=\"mbr-text mbr-fonts-style display-7\">Verdi\u011finiz bilgiler \u00e7o\u011funlukla do\u011fru, ancak \u00f6nemli bir hata var: Hollanda'n\u0131n sadece 2 ili yoktur; 12 ili vard\u0131r. Metni sizin i\u00e7in d\u00fczelteyim:<br \/><br \/><strong>\u0130l<\/strong><br \/>Hollanda'da 12 il bulunmaktad\u0131r. Ders 1'de bu b\u00f6lgeleri tan\u0131tm\u0131\u015ft\u0131k. Her b\u00f6lge \u0130l Konseyleri taraf\u0131ndan y\u00f6netilir. Bu konseyler yollar, \u00e7evre ve in\u015faat projeleri gibi konularda karar verir. Kral'\u0131n Komiseri il y\u00f6netiminin ba\u015f\u0131d\u0131r.<br \/><br \/><strong>Belediye<br \/><\/strong>Bir belediye bir \u015fehir veya k\u00f6yd\u00fcr ve insanlar\u0131n her d\u00f6rt y\u0131lda bir oy verebilecekleri kendi belediye meclisi vard\u0131r. Belediye meclisi evler, okullar ve yollar gibi konularda karar verir. Belediye ba\u015fkan\u0131 belediye meclisinin lideridir.<br \/><br \/>Hollanda, Avrupa'daki \u00fclkelerin birlikte \u00e7al\u0131\u015ft\u0131\u011f\u0131 Avrupa Birli\u011fi'nin bir \u00fcyesidir. Avrupa Parlamentosu her be\u015f y\u0131lda bir Avrupa Birli\u011fi'ndeki insanlar taraf\u0131ndan se\u00e7ilir ve ekonomi ve g\u00fcvenlik gibi konularda anla\u015fmalar yapar.<\/p>\t\t\t\t\t\t\t\t<\/div>\n\t\t\t\t<\/div>\n\t\t\t\t\t<\/div>\n\t\t<\/div>\n\t\t\t\t<div class=\"elementor-column elementor-col-50 elementor-top-column elementor-element elementor-element-fc1ff83\" data-id=\"fc1ff83\" data-element_type=\"column\">\n\t\t\t<div class=\"elementor-widget-wrap elementor-element-populated\">\n\t\t\t\t\t\t<div class=\"elementor-element elementor-element-c64e3d9 elementor-widget elementor-widget-image\" data-id=\"c64e3d9\" data-element_type=\"widget\" data-widget_type=\"image.default\">\n\t\t\t\t<div class=\"elementor-widget-container\">\n\t\t\t\t\t\t\t\t\t\t\t\t\t\t\t<img fetchpriority=\"high\" decoding=\"async\" width=\"581\" height=\"707\" src=\"https:\/\/mijn-lo.nl\/wp-content\/uploads\/2024\/02\/provincies-581x707-1.webp\" class=\"attachment-large size-large wp-image-4851\" alt=\"\" srcset=\"https:\/\/mijn-lo.nl\/wp-content\/uploads\/2024\/02\/provincies-581x707-1.webp 581w, https:\/\/mijn-lo.nl\/wp-content\/uploads\/2024\/02\/provincies-581x707-1-247x300.webp 247w, https:\/\/mijn-lo.nl\/wp-content\/uploads\/2024\/02\/provincies-581x707-1-10x12.webp 10w, https:\/\/mijn-lo.nl\/wp-content\/uploads\/2024\/02\/provincies-581x707-1-20x24.webp 20w, https:\/\/mijn-lo.nl\/wp-content\/uploads\/2024\/02\/provincies-581x707-1-30x36.webp 30w, https:\/\/mijn-lo.nl\/wp-content\/uploads\/2024\/02\/provincies-581x707-1-39x48.webp 39w\" sizes=\"(max-width: 581px) 100vw, 581px\" \/>\t\t\t\t\t\t\t\t\t\t\t\t\t\t\t<\/div>\n\t\t\t\t<\/div>\n\t\t\t\t<div class=\"elementor-element elementor-element-d2fdbf6 elementor-widget elementor-widget-text-editor\" data-id=\"d2fdbf6\" data-element_type=\"widget\" data-widget_type=\"text-editor.default\">\n\t\t\t\t<div class=\"elementor-widget-container\">\n\t\t\t\t\t\t\t\t\t<p style=\"text-align: center;\">12 il<\/p>\t\t\t\t\t\t\t\t<\/div>\n\t\t\t\t<\/div>\n\t\t\t\t\t<\/div>\n\t\t<\/div>\n\t\t\t\t\t<\/div>\n\t\t<\/section>\n\t\t\t\t<section class=\"elementor-section elementor-top-section elementor-element elementor-element-21c66c4 elementor-section-boxed elementor-section-height-default elementor-section-height-default\" data-id=\"21c66c4\" data-element_type=\"section\">\n\t\t\t\t\t\t<div class=\"elementor-container elementor-column-gap-default\">\n\t\t\t\t\t<div class=\"elementor-column elementor-col-50 elementor-top-column elementor-element elementor-element-60e1a44\" data-id=\"60e1a44\" data-element_type=\"column\">\n\t\t\t<div class=\"elementor-widget-wrap elementor-element-populated\">\n\t\t\t\t\t\t<div class=\"elementor-element elementor-element-f6c5e96 elementor-widget elementor-widget-image\" data-id=\"f6c5e96\" data-element_type=\"widget\" data-widget_type=\"image.default\">\n\t\t\t\t<div class=\"elementor-widget-container\">\n\t\t\t\t\t\t\t\t\t\t\t\t\t\t\t<img decoding=\"async\" width=\"694\" height=\"582\" src=\"https:\/\/mijn-lo.nl\/wp-content\/uploads\/2024\/02\/rijbewijs2.jpg\" class=\"attachment-large size-large wp-image-4854\" alt=\"\" srcset=\"https:\/\/mijn-lo.nl\/wp-content\/uploads\/2024\/02\/rijbewijs2.jpg 694w, https:\/\/mijn-lo.nl\/wp-content\/uploads\/2024\/02\/rijbewijs2-300x252.jpg 300w, https:\/\/mijn-lo.nl\/wp-content\/uploads\/2024\/02\/rijbewijs2-14x12.jpg 14w, https:\/\/mijn-lo.nl\/wp-content\/uploads\/2024\/02\/rijbewijs2-24x20.jpg 24w, https:\/\/mijn-lo.nl\/wp-content\/uploads\/2024\/02\/rijbewijs2-36x30.jpg 36w, https:\/\/mijn-lo.nl\/wp-content\/uploads\/2024\/02\/rijbewijs2-48x40.jpg 48w\" sizes=\"(max-width: 694px) 100vw, 694px\" \/>\t\t\t\t\t\t\t\t\t\t\t\t\t\t\t<\/div>\n\t\t\t\t<\/div>\n\t\t\t\t<div class=\"elementor-element elementor-element-04aff24 elementor-widget elementor-widget-text-editor\" data-id=\"04aff24\" data-element_type=\"widget\" data-widget_type=\"text-editor.default\">\n\t\t\t\t<div class=\"elementor-widget-container\">\n\t\t\t\t\t\t\t\t\t<p style=\"text-align: center;\">S\u00fcr\u00fcc\u00fc ehliyeti<\/p>\t\t\t\t\t\t\t\t<\/div>\n\t\t\t\t<\/div>\n\t\t\t\t\t<\/div>\n\t\t<\/div>\n\t\t\t\t<div class=\"elementor-column elementor-col-50 elementor-top-column elementor-element elementor-element-e531f2e\" data-id=\"e531f2e\" data-element_type=\"column\">\n\t\t\t<div class=\"elementor-widget-wrap elementor-element-populated\">\n\t\t\t\t\t\t<div class=\"elementor-element elementor-element-cb7b0bb elementor-widget elementor-widget-text-editor\" data-id=\"cb7b0bb\" data-element_type=\"widget\" data-widget_type=\"text-editor.default\">\n\t\t\t\t<div class=\"elementor-widget-container\">\n\t\t\t\t\t\t\t\t\t<h3 class=\"mbr-section-title mbr-fonts-style mb-3 display-5\"><strong>Belediyeler orada ya\u015fayan t\u00fcm insanlar i\u00e7in neden \u00f6nemlidir?<\/strong><\/h3><p class=\"mbr-text mbr-fonts-style display-7\"><strong>Belediye binas\u0131nda ne var?<br \/><\/strong>Evrak \u0130\u015fleri: Ya\u015fam Olaylar\u0131 i\u00e7in:<br \/>Bir bebe\u011fin do\u011fumunu kaydedin.<br \/>Evlilik i\u00e7in evraklar\u0131 al.<br \/>Birinin \u00f6ld\u00fc\u011f\u00fcn\u00fc bildirin.<br \/><br \/><strong>\u0130zinleri al\u0131n:<br \/><\/strong>Bir ev in\u015fa etmek veya de\u011fi\u015ftirmek i\u00e7in izin al\u0131n.<br \/>Bir i\u015f kurun.<br \/>Halka a\u00e7\u0131k yerlerde b\u00fcy\u00fck etkinlikler veya partiler d\u00fczenleyin.<br \/><br \/><strong>Para Meseleleri:<br \/><\/strong>Eviniz veya m\u00fclk\u00fcn\u00fcz i\u00e7in vergi \u00f6deyin.<br \/>Su veya \u00e7\u00f6p toplama gibi \u015fehir hizmetlerini kurun veya bu hizmetler i\u00e7in \u00f6deme yap\u0131n.<br \/><br \/><strong>Soru Sorun veya \u015eikayette Bulunun:<br \/><\/strong>Sorunlar hakk\u0131nda konu\u015fun veya belediye hizmetleri hakk\u0131nda sorular sorun.<br \/><br \/>Dolay\u0131s\u0131yla, belediye binas\u0131 insanlar\u0131n ya\u015fad\u0131klar\u0131 \u015fehirle ilgili pek \u00e7ok \u015feyi yapabilecekleri bir yerdir.<\/p>\t\t\t\t\t\t\t\t<\/div>\n\t\t\t\t<\/div>\n\t\t\t\t\t<\/div>\n\t\t<\/div>\n\t\t\t\t\t<\/div>\n\t\t<\/section>\n\t\t\t\t<section class=\"elementor-section elementor-top-section elementor-element elementor-element-311e16a elementor-reverse-tablet elementor-reverse-mobile elementor-section-boxed elementor-section-height-default elementor-section-height-default\" data-id=\"311e16a\" data-element_type=\"section\">\n\t\t\t\t\t\t<div class=\"elementor-container elementor-column-gap-default\">\n\t\t\t\t\t<div class=\"elementor-column elementor-col-50 elementor-top-column elementor-element elementor-element-092da81\" data-id=\"092da81\" data-element_type=\"column\">\n\t\t\t<div class=\"elementor-widget-wrap elementor-element-populated\">\n\t\t\t\t\t\t<div class=\"elementor-element elementor-element-7789889 elementor-widget elementor-widget-text-editor\" data-id=\"7789889\" data-element_type=\"widget\" data-widget_type=\"text-editor.default\">\n\t\t\t\t<div class=\"elementor-widget-container\">\n\t\t\t\t\t\t\t\t\t<h3 class=\"mbr-section-title mbr-fonts-style mb-3 display-5\"><strong>Belediyeler sizin i\u00e7in neden \u00f6nemli (1)\u00a0<\/strong><\/h3><p class=\"mbr-text mbr-fonts-style display-7\">Hollanda'da belediyeler (gemeenten), m\u00fclteciler, statushouders (s\u0131\u011f\u0131nma stat\u00fcs\u00fc verilen m\u00fclteciler) ve \u00e7al\u0131\u015fan g\u00f6\u00e7menler de dahil olmak \u00fczere b\u00f6lge sakinlerinin g\u00fcnl\u00fck ya\u015famlar\u0131nda \u00e7ok \u00f6nemli bir rol oynamaktad\u0131r. \u0130\u015fte belediyelerin bu gruplar i\u00e7in neden \u00f6zellikle \u00f6nemli oldu\u011fu:<br \/><br \/><strong>M\u00fclteciler<\/strong>:<br \/><strong>Konut:\u00a0<\/strong>Oturma izni ald\u0131ktan sonra m\u00fcltecilere belirli bir belediyede konut tahsis edilir. Belediyeler, n\u00fcfuslar\u0131yla orant\u0131l\u0131 olarak belirli say\u0131da m\u00fclteciye uygun konut sa\u011flamakla y\u00fck\u00fcml\u00fcd\u00fcr.<br \/><strong>Entegrasyon Kurslar\u0131:\u00a0<\/strong>Belediyeler genellikle m\u00fcltecilerin Hollanda dilini, k\u00fclt\u00fcr\u00fcn\u00fc ve toplumunu \u00f6\u011frenmelerine yard\u0131mc\u0131 olan entegrasyon kurslar\u0131n\u0131 kolayla\u015ft\u0131rmakta veya denetlemektedir.<br \/><strong>Sosyal Destek:\u00a0<\/strong>Belediyeler, psikolojik destekten g\u00fcnl\u00fck i\u015flerde yard\u0131ma kadar \u00e7e\u015fitli sosyal hizmetler sunarak m\u00fcltecilerin yeni ortamlar\u0131na uyum sa\u011flamalar\u0131na yard\u0131mc\u0131 olmaktad\u0131r.<br \/><br \/><strong>Statushouders (S\u0131\u011f\u0131nma Stat\u00fcs\u00fcne Sahip M\u00fclteciler):<\/strong><br \/><strong>Entegrasyon Gereksinimi:\u00a0<\/strong>Statushouders'\u0131n Hollanda toplumuna entegre olmas\u0131 gerekmektedir. Belediyeler bu s\u00fcre\u00e7te onlara rehberlik ederek gerekli kurslara kat\u0131lmalar\u0131n\u0131 ve di\u011fer gereklilikleri yerine getirmelerini sa\u011flar.<br \/><strong>\u0130stihdam ve E\u011fitim:<\/strong>\u00a0Belediyeler, genellikle yerel i\u015fletmeler, okullar ve mesleki e\u011fitim merkezleri ile irtibat kurarak, statushouders'a i\u015f veya e\u011fitim f\u0131rsatlar\u0131 bulma konusunda yard\u0131mc\u0131 olmaktad\u0131r.<br \/><strong>Mali Yard\u0131m:<\/strong>\u00a0Kendilerini hemen ge\u00e7indiremeyecek durumda olanlar, belediye d\u00fczeyinde y\u00f6netilen mali yard\u0131m alabilirler.<\/p>\t\t\t\t\t\t\t\t<\/div>\n\t\t\t\t<\/div>\n\t\t\t\t\t<\/div>\n\t\t<\/div>\n\t\t\t\t<div class=\"elementor-column elementor-col-50 elementor-top-column elementor-element elementor-element-b6b32b9\" data-id=\"b6b32b9\" data-element_type=\"column\">\n\t\t\t<div class=\"elementor-widget-wrap elementor-element-populated\">\n\t\t\t\t\t\t<div class=\"elementor-element elementor-element-600b574 elementor-widget elementor-widget-image\" data-id=\"600b574\" data-element_type=\"widget\" data-widget_type=\"image.default\">\n\t\t\t\t<div class=\"elementor-widget-container\">\n\t\t\t\t\t\t\t\t\t\t\t\t\t\t\t<img decoding=\"async\" width=\"660\" height=\"1000\" src=\"https:\/\/mijn-lo.nl\/wp-content\/uploads\/2024\/02\/woningen4-660x1000-1.webp\" class=\"attachment-large size-large wp-image-4855\" alt=\"\" srcset=\"https:\/\/mijn-lo.nl\/wp-content\/uploads\/2024\/02\/woningen4-660x1000-1.webp 660w, https:\/\/mijn-lo.nl\/wp-content\/uploads\/2024\/02\/woningen4-660x1000-1-198x300.webp 198w, https:\/\/mijn-lo.nl\/wp-content\/uploads\/2024\/02\/woningen4-660x1000-1-8x12.webp 8w, https:\/\/mijn-lo.nl\/wp-content\/uploads\/2024\/02\/woningen4-660x1000-1-16x24.webp 16w, https:\/\/mijn-lo.nl\/wp-content\/uploads\/2024\/02\/woningen4-660x1000-1-24x36.webp 24w, https:\/\/mijn-lo.nl\/wp-content\/uploads\/2024\/02\/woningen4-660x1000-1-32x48.webp 32w\" sizes=\"(max-width: 660px) 100vw, 660px\" \/>\t\t\t\t\t\t\t\t\t\t\t\t\t\t\t<\/div>\n\t\t\t\t<\/div>\n\t\t\t\t<div class=\"elementor-element elementor-element-0ddf208 elementor-widget elementor-widget-text-editor\" data-id=\"0ddf208\" data-element_type=\"widget\" data-widget_type=\"text-editor.default\">\n\t\t\t\t<div class=\"elementor-widget-container\">\n\t\t\t\t\t\t\t\t\t<p style=\"text-align: center;\">Konut<\/p>\t\t\t\t\t\t\t\t<\/div>\n\t\t\t\t<\/div>\n\t\t\t\t\t<\/div>\n\t\t<\/div>\n\t\t\t\t\t<\/div>\n\t\t<\/section>\n\t\t\t\t<section class=\"elementor-section elementor-top-section elementor-element elementor-element-853250f elementor-section-boxed elementor-section-height-default elementor-section-height-default\" data-id=\"853250f\" data-element_type=\"section\">\n\t\t\t\t\t\t<div class=\"elementor-container elementor-column-gap-default\">\n\t\t\t\t\t<div class=\"elementor-column elementor-col-50 elementor-top-column elementor-element elementor-element-f947750\" data-id=\"f947750\" data-element_type=\"column\">\n\t\t\t<div class=\"elementor-widget-wrap elementor-element-populated\">\n\t\t\t\t\t\t<div class=\"elementor-element elementor-element-7bba9c0 elementor-widget elementor-widget-image\" data-id=\"7bba9c0\" data-element_type=\"widget\" data-widget_type=\"image.default\">\n\t\t\t\t<div class=\"elementor-widget-container\">\n\t\t\t\t\t\t\t\t\t\t\t\t\t\t\t<img loading=\"lazy\" decoding=\"async\" width=\"750\" height=\"563\" src=\"https:\/\/mijn-lo.nl\/wp-content\/uploads\/2024\/02\/loket-750x563-1.webp\" class=\"attachment-large size-large wp-image-4856\" alt=\"\" srcset=\"https:\/\/mijn-lo.nl\/wp-content\/uploads\/2024\/02\/loket-750x563-1.webp 750w, https:\/\/mijn-lo.nl\/wp-content\/uploads\/2024\/02\/loket-750x563-1-300x225.webp 300w, https:\/\/mijn-lo.nl\/wp-content\/uploads\/2024\/02\/loket-750x563-1-16x12.webp 16w, https:\/\/mijn-lo.nl\/wp-content\/uploads\/2024\/02\/loket-750x563-1-24x18.webp 24w, https:\/\/mijn-lo.nl\/wp-content\/uploads\/2024\/02\/loket-750x563-1-36x27.webp 36w, https:\/\/mijn-lo.nl\/wp-content\/uploads\/2024\/02\/loket-750x563-1-48x36.webp 48w\" sizes=\"(max-width: 750px) 100vw, 750px\" \/>\t\t\t\t\t\t\t\t\t\t\t\t\t\t\t<\/div>\n\t\t\t\t<\/div>\n\t\t\t\t<div class=\"elementor-element elementor-element-25fb557 elementor-widget elementor-widget-text-editor\" data-id=\"25fb557\" data-element_type=\"widget\" data-widget_type=\"text-editor.default\">\n\t\t\t\t<div class=\"elementor-widget-container\">\n\t\t\t\t\t\t\t\t\t<p style=\"text-align: center;\">Belediye hizmetleri<\/p>\t\t\t\t\t\t\t\t<\/div>\n\t\t\t\t<\/div>\n\t\t\t\t\t<\/div>\n\t\t<\/div>\n\t\t\t\t<div class=\"elementor-column elementor-col-50 elementor-top-column elementor-element elementor-element-8db01a1\" data-id=\"8db01a1\" data-element_type=\"column\">\n\t\t\t<div class=\"elementor-widget-wrap elementor-element-populated\">\n\t\t\t\t\t\t<div class=\"elementor-element elementor-element-eb35863 elementor-widget elementor-widget-text-editor\" data-id=\"eb35863\" data-element_type=\"widget\" data-widget_type=\"text-editor.default\">\n\t\t\t\t<div class=\"elementor-widget-container\">\n\t\t\t\t\t\t\t\t\t<h3 class=\"mbr-section-title mbr-fonts-style mb-3 display-5\"><strong>Belediyeler sizin i\u00e7in neden \u00f6nemli (2)\u00a0<\/strong><\/h3><p class=\"mbr-text mbr-fonts-style display-7\"><strong>\u00c7al\u0131\u015fma G\u00f6\u00e7menleri:<br \/>Oturma ve \u00c7al\u0131\u015fma \u0130zinleri:<\/strong>\u00a0Ulusal h\u00fck\u00fcmet bu izinlerle ilgilenirken, belediyeler g\u00f6\u00e7menlerin ihtiya\u00e7 duydu\u011fu temel yerel kay\u0131t ve di\u011fer idari s\u00fcre\u00e7leri sa\u011flamaktad\u0131r.<br \/><strong>Yerel Hizmetler:<\/strong>\u00a0T\u00fcm b\u00f6lge sakinleri gibi \u00e7al\u0131\u015fan g\u00f6\u00e7menler de toplu ta\u015f\u0131madan sa\u011fl\u0131k hizmetlerine kadar belediye hizmetlerinden faydalanmaktad\u0131r. Bu hizmetleri anlamak ve y\u00f6nlendirmek, refahlar\u0131 ve ba\u015far\u0131l\u0131 entegrasyonlar\u0131 i\u00e7in \u00e7ok \u00f6nemlidir.<\/p><p><strong>Toplumsal Entegrasyon:\u00a0<\/strong>Belediyeler genellikle g\u00f6\u00e7men toplumuna y\u00f6nelik etkinlikler, at\u00f6lye \u00e7al\u0131\u015fmalar\u0131 veya bilgilendirme oturumlar\u0131 d\u00fczenleyerek g\u00f6\u00e7menlerin kendilerini iyi hissetmelerini ve yerel toplumun bir par\u00e7as\u0131 olmalar\u0131n\u0131 sa\u011flar.<\/p><p>Esasen, ulusal h\u00fck\u00fcmet kapsay\u0131c\u0131 politikalar belirlerken, bu politikalar\u0131n pratik y\u00f6nlerinin \u00e7o\u011funu uygulayan belediyelerdir; bu da onlar\u0131 m\u00fcltecilerin, stat\u00fcs\u00fcz g\u00f6\u00e7menlerin ve \u00e7al\u0131\u015fma g\u00f6\u00e7menlerinin ba\u015far\u0131l\u0131 entegrasyonu ve refah\u0131 i\u00e7in hayati hale getirmektedir.<\/p>\t\t\t\t\t\t\t\t<\/div>\n\t\t\t\t<\/div>\n\t\t\t\t\t<\/div>\n\t\t<\/div>\n\t\t\t\t\t<\/div>\n\t\t<\/section>\n\t\t\t\t<section class=\"elementor-section elementor-top-section elementor-element elementor-element-2edcca1 elementor-section-boxed elementor-section-height-default elementor-section-height-default\" data-id=\"2edcca1\" data-element_type=\"section\">\n\t\t\t\t\t\t<div class=\"elementor-container elementor-column-gap-default\">\n\t\t\t\t\t<div class=\"elementor-column elementor-col-100 elementor-top-column elementor-element elementor-element-75349f87\" data-id=\"75349f87\" data-element_type=\"column\">\n\t\t\t<div class=\"elementor-widget-wrap elementor-element-populated\">\n\t\t\t\t\t\t<div class=\"elementor-element elementor-element-2d2d0e50 elementor-align-center elementor-widget elementor-widget-button\" data-id=\"2d2d0e50\" data-element_type=\"widget\" data-widget_type=\"button.default\">\n\t\t\t\t<div class=\"elementor-widget-container\">\n\t\t\t\t\t\t\t\t\t<div class=\"elementor-button-wrapper\">\n\t\t\t\t\t<a class=\"elementor-button elementor-button-link elementor-size-sm\" href=\"https:\/\/mijn-lo.nl\/tr\/politics\/voting\/\">\n\t\t\t\t\t\t<span class=\"elementor-button-content-wrapper\">\n\t\t\t\t\t\t\t\t\t<span class=\"elementor-button-text\">devam etmek<\/span>\n\t\t\t\t\t<\/span>\n\t\t\t\t\t<\/a>\n\t\t\t\t<\/div>\n\t\t\t\t\t\t\t\t<\/div>\n\t\t\t\t<\/div>\n\t\t\t\t\t<\/div>\n\t\t<\/div>\n\t\t\t\t\t<\/div>\n\t\t<\/section>\n\t\t\t\t<\/div>","protected":false},"excerpt":{"rendered":"<p>The provinces and the municipalities The information you provided is mostly accurate, but there is a significant error: The Netherlands does not have just 2 provinces; it has 12 provinces. Let me correct the text for you: ProvinceThe Netherlands has 12 provinces. In lesson 1, we introduced these regions. Each region is ruled by Provincial [&hellip;]<\/p>\n","protected":false},"author":1,"featured_media":0,"parent":3371,"menu_order":2,"comment_status":"closed","ping_status":"closed","template":"elementor_canvas","meta":{"site-sidebar-layout":"no-sidebar","site-content-layout":"page-builder","ast-site-content-layout":"full-width-container","site-content-style":"default","site-sidebar-style":"default","ast-global-header-display":"","ast-banner-title-visibility":"","ast-main-header-display":"","ast-hfb-above-header-display":"","ast-hfb-below-header-display":"","ast-hfb-mobile-header-display":"","site-post-title":"disabled","ast-breadcrumbs-content":"","ast-featured-img":"disabled","footer-sml-layout":"","theme-transparent-header-meta":"","adv-header-id-meta":"","stick-header-meta":"","header-above-stick-meta":"","header-main-stick-meta":"","header-below-stick-meta":"","astra-migrate-meta-layouts":"set","ast-page-background-enabled":"default","ast-page-background-meta":{"desktop":{"background-color":"var(--ast-global-color-4)","background-image":"","background-repeat":"repeat","background-position":"center center","background-size":"auto","background-attachment":"scroll","background-type":"","background-media":"","overlay-type":"","overlay-color":"","overlay-opacity":"","overlay-gradient":""},"tablet":{"background-color":"","background-image":"","background-repeat":"repeat","background-position":"center center","background-size":"auto","background-attachment":"scroll","background-type":"","background-media":"","overlay-type":"","overlay-color":"","overlay-opacity":"","overlay-gradient":""},"mobile":{"background-color":"","background-image":"","background-repeat":"repeat","background-position":"center center","background-size":"auto","background-attachment":"scroll","background-type":"","background-media":"","overlay-type":"","overlay-color":"","overlay-opacity":"","overlay-gradient":""}},"ast-content-background-meta":{"desktop":{"background-color":"var(--ast-global-color-5)","background-image":"","background-repeat":"repeat","background-position":"center center","background-size":"auto","background-attachment":"scroll","background-type":"","background-media":"","overlay-type":"","overlay-color":"","overlay-opacity":"","overlay-gradient":""},"tablet":{"background-color":"var(--ast-global-color-5)","background-image":"","background-repeat":"repeat","background-position":"center center","background-size":"auto","background-attachment":"scroll","background-type":"","background-media":"","overlay-type":"","overlay-color":"","overlay-opacity":"","overlay-gradient":""},"mobile":{"background-color":"var(--ast-global-color-5)","background-image":"","background-repeat":"repeat","background-position":"center center","background-size":"auto","background-attachment":"scroll","background-type":"","background-media":"","overlay-type":"","overlay-color":"","overlay-opacity":"","overlay-gradient":""}},"footnotes":""},"class_list":["post-4902","page","type-page","status-publish","hentry"],"_links":{"self":[{"href":"https:\/\/mijn-lo.nl\/tr\/wp-json\/wp\/v2\/pages\/4902","targetHints":{"allow":["GET"]}}],"collection":[{"href":"https:\/\/mijn-lo.nl\/tr\/wp-json\/wp\/v2\/pages"}],"about":[{"href":"https:\/\/mijn-lo.nl\/tr\/wp-json\/wp\/v2\/types\/page"}],"author":[{"embeddable":true,"href":"https:\/\/mijn-lo.nl\/tr\/wp-json\/wp\/v2\/users\/1"}],"replies":[{"embeddable":true,"href":"https:\/\/mijn-lo.nl\/tr\/wp-json\/wp\/v2\/comments?post=4902"}],"version-history":[{"count":7,"href":"https:\/\/mijn-lo.nl\/tr\/wp-json\/wp\/v2\/pages\/4902\/revisions"}],"predecessor-version":[{"id":6343,"href":"https:\/\/mijn-lo.nl\/tr\/wp-json\/wp\/v2\/pages\/4902\/revisions\/6343"}],"up":[{"embeddable":true,"href":"https:\/\/mijn-lo.nl\/tr\/wp-json\/wp\/v2\/pages\/3371"}],"wp:attachment":[{"href":"https:\/\/mijn-lo.nl\/tr\/wp-json\/wp\/v2\/media?parent=4902"}],"curies":[{"name":"wp","href":"https:\/\/api.w.org\/{rel}","templated":true}]}}