{"id":4904,"date":"2024-02-09T15:46:50","date_gmt":"2024-02-09T15:46:50","guid":{"rendered":"http:\/\/mijn-lo.nl\/?page_id=4904"},"modified":"2025-08-19T17:42:57","modified_gmt":"2025-08-19T17:42:57","slug":"voting","status":"publish","type":"page","link":"https:\/\/mijn-lo.nl\/tr\/politics\/voting\/","title":{"rendered":"Oylama"},"content":{"rendered":"<div data-elementor-type=\"wp-page\" data-elementor-id=\"4904\" class=\"elementor elementor-4904\" data-elementor-post-type=\"page\">\n\t\t\t\t\t\t<section class=\"elementor-section elementor-top-section elementor-element elementor-element-4d3fa3d elementor-reverse-tablet elementor-reverse-mobile elementor-section-boxed elementor-section-height-default elementor-section-height-default\" data-id=\"4d3fa3d\" data-element_type=\"section\">\n\t\t\t\t\t\t<div class=\"elementor-container elementor-column-gap-default\">\n\t\t\t\t\t<div class=\"elementor-column elementor-col-50 elementor-top-column elementor-element elementor-element-fcf9551\" data-id=\"fcf9551\" data-element_type=\"column\">\n\t\t\t<div class=\"elementor-widget-wrap elementor-element-populated\">\n\t\t\t\t\t\t<div class=\"elementor-element elementor-element-db8dc4d elementor-widget elementor-widget-text-editor\" data-id=\"db8dc4d\" data-element_type=\"widget\" data-widget_type=\"text-editor.default\">\n\t\t\t\t<div class=\"elementor-widget-container\">\n\t\t\t\t\t\t\t\t\t<h3 class=\"mbr-section-title mbr-fonts-style mb-3 display-5\"><strong>Oylama<\/strong><\/h3><p class=\"mbr-text mbr-fonts-style display-7\"><strong>Siyasi parti \u00f6rnekleri:<br \/><\/strong>- VVD: herkes i\u00e7in \u00f6zg\u00fcrl\u00fck, daha iyi ekonomi, herkes i\u00e7in i\u015f.<br \/>- PVV: daha az yabanc\u0131, Avrupa ile daha az i\u015fbirli\u011fi.<br \/>- CDA: Aile \u00f6nemlidir, Hristiyan inanc\u0131.<br \/>- BBB: Ortada ve biraz sa\u011fda. Aslen \u00e7ift\u00e7iler taraf\u0131ndan kurulmu\u015ftur;<br \/>- Yeni Sosyal S\u00f6zle\u015fme: Yeni bir sosyal s\u00f6zle\u015fme yap\u0131s\u0131 hedefleniyor<br \/>- D66: demokrasi \u00f6nemlidir, e\u011fitim \u00f6nemlidir.<br \/>- BBB: Boeren-Burgers-Bewegen: \u00e7ift\u00e7ilerden kaynaklanan pop\u00fcler bir parti.<br \/>- GroenLinks: \u00e7evre \u00f6nemlidir, zenginler daha fazla vergi \u00f6demelidir, f\u0131rsat e\u015fitli\u011fi sa\u011flanmal\u0131d\u0131r.<br \/>- SP: H\u00fck\u00fcmet yoksullara ve hastalara iyi bakmal\u0131, Avrupa ile daha az i\u015fbirli\u011fi yapmal\u0131.<br \/>- PvdA: zengin ve fakir insanlar daha e\u015fit olmal\u0131, zenginler daha fazla vergi \u00f6demeli, e\u011fitim.<br \/>- CU: \u0130ncil'den kurallar, k\u00fcrtaja kar\u015f\u0131, \u00e7evre ve aile \u00f6nemli, fakirlerle ilgilenmek.<br \/>- Hayvanlar i\u00e7in Parti: hayvanlar ve \u00e7evre \u00f6nemlidir.<br \/>- 50Plus: ya\u015fl\u0131lara iyi bakmak.<br \/>- SGP: H\u0131ristiyanlar, Kutsal Kitap'a g\u00f6re ya\u015famal\u0131y\u0131z.<br \/>- D\u00dc\u015e\u00dcN\u00dcN: herkes ayn\u0131 haklara sahiptir (\u00f6zellikle T\u00fcrkler ve Fasl\u0131lar bu y\u00f6nde oy kullanmaktad\u0131r).<\/p><p><strong>Sol partiler\u00a0<\/strong>zengin ve fakir insanlar aras\u0131ndaki fark\u0131 daraltmak istiyor. Zengin insanlar daha fazla vergi \u00f6demelidir. H\u00fck\u00fcmet yoksul insanlarla ilgilenmeli, yard\u0131mlar daha y\u00fcksek olmal\u0131d\u0131r.<br \/><strong>Sa\u011fc\u0131 partiler<\/strong>\u00a0insanlar\u0131n kendi ba\u015flar\u0131n\u0131n \u00e7aresine bakmas\u0131 ve zenginlerin \u00e7ok fazla vergi \u00f6dememesi gerekti\u011fine inanmaktad\u0131r.<br \/><strong>\u0130lerici:<\/strong>\u00a0toplumun de\u011fi\u015fmesi gerekti\u011fi anlam\u0131na gelir.<br \/><strong>Muhafazakar:<\/strong>\u00a0\u00e7ok fazla \u015feyin de\u011fi\u015fmesi gerekmedi\u011fi anlam\u0131na gelir.<\/p>\t\t\t\t\t\t\t\t<\/div>\n\t\t\t\t<\/div>\n\t\t\t\t\t<\/div>\n\t\t<\/div>\n\t\t\t\t<div class=\"elementor-column elementor-col-50 elementor-top-column elementor-element elementor-element-fb8883b\" data-id=\"fb8883b\" data-element_type=\"column\">\n\t\t\t<div class=\"elementor-widget-wrap elementor-element-populated\">\n\t\t\t\t\t\t<div class=\"elementor-element elementor-element-0a1b385 elementor-widget elementor-widget-image\" data-id=\"0a1b385\" data-element_type=\"widget\" data-widget_type=\"image.default\">\n\t\t\t\t<div class=\"elementor-widget-container\">\n\t\t\t\t\t\t\t\t\t\t\t\t\t\t\t<img fetchpriority=\"high\" decoding=\"async\" width=\"478\" height=\"603\" src=\"https:\/\/mijn-lo.nl\/wp-content\/uploads\/2024\/02\/kiezen-478x603-1.webp\" class=\"attachment-large size-large wp-image-4857\" alt=\"\" srcset=\"https:\/\/mijn-lo.nl\/wp-content\/uploads\/2024\/02\/kiezen-478x603-1.webp 478w, https:\/\/mijn-lo.nl\/wp-content\/uploads\/2024\/02\/kiezen-478x603-1-238x300.webp 238w, https:\/\/mijn-lo.nl\/wp-content\/uploads\/2024\/02\/kiezen-478x603-1-10x12.webp 10w, https:\/\/mijn-lo.nl\/wp-content\/uploads\/2024\/02\/kiezen-478x603-1-19x24.webp 19w, https:\/\/mijn-lo.nl\/wp-content\/uploads\/2024\/02\/kiezen-478x603-1-29x36.webp 29w, https:\/\/mijn-lo.nl\/wp-content\/uploads\/2024\/02\/kiezen-478x603-1-38x48.webp 38w\" sizes=\"(max-width: 478px) 100vw, 478px\" \/>\t\t\t\t\t\t\t\t\t\t\t\t\t\t\t<\/div>\n\t\t\t\t<\/div>\n\t\t\t\t<div class=\"elementor-element elementor-element-488cc37 elementor-widget elementor-widget-text-editor\" data-id=\"488cc37\" data-element_type=\"widget\" data-widget_type=\"text-editor.default\">\n\t\t\t\t<div class=\"elementor-widget-container\">\n\t\t\t\t\t\t\t\t\t<p style=\"text-align: center;\">Oylama<\/p>\t\t\t\t\t\t\t\t<\/div>\n\t\t\t\t<\/div>\n\t\t\t\t\t<\/div>\n\t\t<\/div>\n\t\t\t\t\t<\/div>\n\t\t<\/section>\n\t\t\t\t<section class=\"elementor-section elementor-top-section elementor-element elementor-element-eb6bef8 elementor-section-boxed elementor-section-height-default elementor-section-height-default\" data-id=\"eb6bef8\" data-element_type=\"section\">\n\t\t\t\t\t\t<div class=\"elementor-container elementor-column-gap-default\">\n\t\t\t\t\t<div class=\"elementor-column elementor-col-50 elementor-top-column elementor-element elementor-element-f92d88a\" data-id=\"f92d88a\" data-element_type=\"column\">\n\t\t\t<div class=\"elementor-widget-wrap elementor-element-populated\">\n\t\t\t\t\t\t<div class=\"elementor-element elementor-element-44af40a elementor-widget elementor-widget-image\" data-id=\"44af40a\" data-element_type=\"widget\" data-widget_type=\"image.default\">\n\t\t\t\t<div class=\"elementor-widget-container\">\n\t\t\t\t\t\t\t\t\t\t\t\t\t\t\t<img decoding=\"async\" width=\"750\" height=\"499\" src=\"https:\/\/mijn-lo.nl\/wp-content\/uploads\/2024\/02\/kiezen6-750x499-1.webp\" class=\"attachment-large size-large wp-image-4858\" alt=\"\" srcset=\"https:\/\/mijn-lo.nl\/wp-content\/uploads\/2024\/02\/kiezen6-750x499-1.webp 750w, https:\/\/mijn-lo.nl\/wp-content\/uploads\/2024\/02\/kiezen6-750x499-1-300x200.webp 300w, https:\/\/mijn-lo.nl\/wp-content\/uploads\/2024\/02\/kiezen6-750x499-1-18x12.webp 18w, https:\/\/mijn-lo.nl\/wp-content\/uploads\/2024\/02\/kiezen6-750x499-1-24x16.webp 24w, https:\/\/mijn-lo.nl\/wp-content\/uploads\/2024\/02\/kiezen6-750x499-1-36x24.webp 36w, https:\/\/mijn-lo.nl\/wp-content\/uploads\/2024\/02\/kiezen6-750x499-1-48x32.webp 48w\" sizes=\"(max-width: 750px) 100vw, 750px\" \/>\t\t\t\t\t\t\t\t\t\t\t\t\t\t\t<\/div>\n\t\t\t\t<\/div>\n\t\t\t\t<div class=\"elementor-element elementor-element-0fb6b56 elementor-widget elementor-widget-text-editor\" data-id=\"0fb6b56\" data-element_type=\"widget\" data-widget_type=\"text-editor.default\">\n\t\t\t\t<div class=\"elementor-widget-container\">\n\t\t\t\t\t\t\t\t\t<p style=\"text-align: center;\">Oylama<\/p>\t\t\t\t\t\t\t\t<\/div>\n\t\t\t\t<\/div>\n\t\t\t\t\t<\/div>\n\t\t<\/div>\n\t\t\t\t<div class=\"elementor-column elementor-col-50 elementor-top-column elementor-element elementor-element-7ec25a6\" data-id=\"7ec25a6\" data-element_type=\"column\">\n\t\t\t<div class=\"elementor-widget-wrap elementor-element-populated\">\n\t\t\t\t\t\t<div class=\"elementor-element elementor-element-89f35ff elementor-widget elementor-widget-text-editor\" data-id=\"89f35ff\" data-element_type=\"widget\" data-widget_type=\"text-editor.default\">\n\t\t\t\t<div class=\"elementor-widget-container\">\n\t\t\t\t\t\t\t\t\t<h3>Frekans<\/h3><ul><li>1x i\u00e7in 4 y\u0131l i\u00e7inde : Parlamento (150 bakan se\u00e7ilecek) (Hollanda vatanda\u015f\u0131, 18+)<\/li><li>4 y\u0131l \u00f6nce 1 kez: Her ilde \u0130l Eyaletleri (Hollanda vatanda\u015f\u0131, 18+)<\/li><li>1x \u00f6nceki 4 y\u0131l i\u00e7inde: Yerel konsey (yerel otorite taraf\u0131ndan 18 ya\u015f\u0131ndan b\u00fcy\u00fck her ikamet eden veya NL'de 5 y\u0131l)<\/li><li>4 y\u0131l i\u00e7inde 1x : Su Kurumu (Hollanda'da su tutmakla me\u015fgul olan ki\u015filer)<\/li><li>1x \u00f6nceki 5 y\u0131l i\u00e7inde: Avrupa Birli\u011fi (AB vatanda\u015f\u0131, 18 ya\u015f\u0131ndan b\u00fcy\u00fck, AB'de ikamet eden)<\/li><\/ul>\t\t\t\t\t\t\t\t<\/div>\n\t\t\t\t<\/div>\n\t\t\t\t\t<\/div>\n\t\t<\/div>\n\t\t\t\t\t<\/div>\n\t\t<\/section>\n\t\t\t\t<section class=\"elementor-section elementor-top-section elementor-element elementor-element-2edcca1 elementor-section-boxed elementor-section-height-default elementor-section-height-default\" data-id=\"2edcca1\" data-element_type=\"section\">\n\t\t\t\t\t\t<div class=\"elementor-container elementor-column-gap-default\">\n\t\t\t\t\t<div class=\"elementor-column elementor-col-100 elementor-top-column elementor-element elementor-element-75349f87\" data-id=\"75349f87\" data-element_type=\"column\">\n\t\t\t<div class=\"elementor-widget-wrap elementor-element-populated\">\n\t\t\t\t\t\t<div class=\"elementor-element elementor-element-2d2d0e50 elementor-align-center elementor-widget elementor-widget-button\" data-id=\"2d2d0e50\" data-element_type=\"widget\" data-widget_type=\"button.default\">\n\t\t\t\t<div class=\"elementor-widget-container\">\n\t\t\t\t\t\t\t\t\t<div class=\"elementor-button-wrapper\">\n\t\t\t\t\t<a class=\"elementor-button elementor-button-link elementor-size-sm\" href=\"https:\/\/mijn-lo.nl\/tr\/politics\/test-10\/\">\n\t\t\t\t\t\t<span class=\"elementor-button-content-wrapper\">\n\t\t\t\t\t\t\t\t\t<span class=\"elementor-button-text\">devam etmek<\/span>\n\t\t\t\t\t<\/span>\n\t\t\t\t\t<\/a>\n\t\t\t\t<\/div>\n\t\t\t\t\t\t\t\t<\/div>\n\t\t\t\t<\/div>\n\t\t\t\t\t<\/div>\n\t\t<\/div>\n\t\t\t\t\t<\/div>\n\t\t<\/section>\n\t\t\t\t<\/div>","protected":false},"excerpt":{"rendered":"<p>Voting Examples of political parties:\u2022 VVD: freedom for everyone, better economy, work for everyone.\u2022 PVV: fewer foreigners, less cooperation with Europe.\u2022 CDA: family is important, Christian faith.\u2022 BBB: mid and a little bit to the right. Originally founded by farmers;\u2022 Nieuw Sociaal Contract: aiming at a new structure for\u2022 D66: democracy is important, education is [&hellip;]<\/p>\n","protected":false},"author":1,"featured_media":0,"parent":3371,"menu_order":3,"comment_status":"closed","ping_status":"closed","template":"elementor_canvas","meta":{"site-sidebar-layout":"no-sidebar","site-content-layout":"page-builder","ast-site-content-layout":"full-width-container","site-content-style":"default","site-sidebar-style":"default","ast-global-header-display":"","ast-banner-title-visibility":"","ast-main-header-display":"","ast-hfb-above-header-display":"","ast-hfb-below-header-display":"","ast-hfb-mobile-header-display":"","site-post-title":"disabled","ast-breadcrumbs-content":"","ast-featured-img":"disabled","footer-sml-layout":"","theme-transparent-header-meta":"","adv-header-id-meta":"","stick-header-meta":"","header-above-stick-meta":"","header-main-stick-meta":"","header-below-stick-meta":"","astra-migrate-meta-layouts":"set","ast-page-background-enabled":"default","ast-page-background-meta":{"desktop":{"background-color":"var(--ast-global-color-4)","background-image":"","background-repeat":"repeat","background-position":"center center","background-size":"auto","background-attachment":"scroll","background-type":"","background-media":"","overlay-type":"","overlay-color":"","overlay-opacity":"","overlay-gradient":""},"tablet":{"background-color":"","background-image":"","background-repeat":"repeat","background-position":"center center","background-size":"auto","background-attachment":"scroll","background-type":"","background-media":"","overlay-type":"","overlay-color":"","overlay-opacity":"","overlay-gradient":""},"mobile":{"background-color":"","background-image":"","background-repeat":"repeat","background-position":"center center","background-size":"auto","background-attachment":"scroll","background-type":"","background-media":"","overlay-type":"","overlay-color":"","overlay-opacity":"","overlay-gradient":""}},"ast-content-background-meta":{"desktop":{"background-color":"var(--ast-global-color-5)","background-image":"","background-repeat":"repeat","background-position":"center center","background-size":"auto","background-attachment":"scroll","background-type":"","background-media":"","overlay-type":"","overlay-color":"","overlay-opacity":"","overlay-gradient":""},"tablet":{"background-color":"var(--ast-global-color-5)","background-image":"","background-repeat":"repeat","background-position":"center center","background-size":"auto","background-attachment":"scroll","background-type":"","background-media":"","overlay-type":"","overlay-color":"","overlay-opacity":"","overlay-gradient":""},"mobile":{"background-color":"var(--ast-global-color-5)","background-image":"","background-repeat":"repeat","background-position":"center center","background-size":"auto","background-attachment":"scroll","background-type":"","background-media":"","overlay-type":"","overlay-color":"","overlay-opacity":"","overlay-gradient":""}},"footnotes":""},"class_list":["post-4904","page","type-page","status-publish","hentry"],"_links":{"self":[{"href":"https:\/\/mijn-lo.nl\/tr\/wp-json\/wp\/v2\/pages\/4904","targetHints":{"allow":["GET"]}}],"collection":[{"href":"https:\/\/mijn-lo.nl\/tr\/wp-json\/wp\/v2\/pages"}],"about":[{"href":"https:\/\/mijn-lo.nl\/tr\/wp-json\/wp\/v2\/types\/page"}],"author":[{"embeddable":true,"href":"https:\/\/mijn-lo.nl\/tr\/wp-json\/wp\/v2\/users\/1"}],"replies":[{"embeddable":true,"href":"https:\/\/mijn-lo.nl\/tr\/wp-json\/wp\/v2\/comments?post=4904"}],"version-history":[{"count":13,"href":"https:\/\/mijn-lo.nl\/tr\/wp-json\/wp\/v2\/pages\/4904\/revisions"}],"predecessor-version":[{"id":6346,"href":"https:\/\/mijn-lo.nl\/tr\/wp-json\/wp\/v2\/pages\/4904\/revisions\/6346"}],"up":[{"embeddable":true,"href":"https:\/\/mijn-lo.nl\/tr\/wp-json\/wp\/v2\/pages\/3371"}],"wp:attachment":[{"href":"https:\/\/mijn-lo.nl\/tr\/wp-json\/wp\/v2\/media?parent=4904"}],"curies":[{"name":"wp","href":"https:\/\/api.w.org\/{rel}","templated":true}]}}