{"id":4920,"date":"2024-02-09T15:53:53","date_gmt":"2024-02-09T15:53:53","guid":{"rendered":"http:\/\/mijn-lo.nl\/?page_id=4920"},"modified":"2025-08-19T17:44:18","modified_gmt":"2025-08-19T17:44:18","slug":"golden-age","status":"publish","type":"page","link":"https:\/\/mijn-lo.nl\/tr\/history\/golden-age\/","title":{"rendered":"alt\u0131n \u00c7a\u011f"},"content":{"rendered":"<div data-elementor-type=\"wp-page\" data-elementor-id=\"4920\" class=\"elementor elementor-4920\" data-elementor-post-type=\"page\">\n\t\t\t\t\t\t<section class=\"elementor-section elementor-top-section elementor-element elementor-element-f3da63f elementor-reverse-tablet elementor-reverse-mobile elementor-section-boxed elementor-section-height-default elementor-section-height-default\" data-id=\"f3da63f\" data-element_type=\"section\">\n\t\t\t\t\t\t<div class=\"elementor-container elementor-column-gap-default\">\n\t\t\t\t\t<div class=\"elementor-column elementor-col-50 elementor-top-column elementor-element elementor-element-02860a7\" data-id=\"02860a7\" data-element_type=\"column\">\n\t\t\t<div class=\"elementor-widget-wrap elementor-element-populated\">\n\t\t\t\t\t\t<div class=\"elementor-element elementor-element-c1d4860 elementor-widget elementor-widget-text-editor\" data-id=\"c1d4860\" data-element_type=\"widget\" data-widget_type=\"text-editor.default\">\n\t\t\t\t<div class=\"elementor-widget-container\">\n\t\t\t\t\t\t\t\t\t<h3 class=\"mbr-section-title mbr-fonts-style mb-3 display-5\"><strong>alt\u0131n \u00c7a\u011f<\/strong><\/h3><p class=\"mbr-text mbr-fonts-style display-7\"><strong>D\u00f6nem<br \/><\/strong>1600'den 1700'e kadar olan d\u00f6nem alt\u0131n \u00e7a\u011f olarak adland\u0131r\u0131l\u0131r. Hollanda'n\u0131n durumu \u00e7ok iyiydi. Bunun ba\u015fl\u0131ca nedeni kolonilerdeki ticaretti. Bu ticareti d\u00fczenleyen kurulu\u015fa VOC ad\u0131 verildi. T<br \/><br \/><strong>VOC<br \/><\/strong>1602 - Hollanda Do\u011fu Hindistan \u015eirketi'nin (VOC) kurulu\u015fu: VOC d\u00fcnyan\u0131n ilk \u00e7ok uluslu \u015firketi olarak kuruldu ve Hollanda'n\u0131n Asya'daki ke\u015fif, ticaret ve kolonile\u015fmesinde \u00f6nemli bir rol oynad\u0131. Baharat ticaretinin yan\u0131 s\u0131ra k\u00f6le ticareti de yap\u0131l\u0131yordu.<br \/><br \/><strong>Alt\u0131n \u00c7a\u011f'\u0131n Etkileri<br \/><\/strong>O g\u00fcnlerde i\u015flerin iyi gitti\u011fi ger\u00e7e\u011fi, \u00f6rne\u011fin Amsterdam'daki kanallar boyunca uzanan g\u00fczel evlerde g\u00f6r\u00fclebilir. Ayr\u0131ca \u015funlar\u0131 da g\u00f6r\u00fcyoruz\u00a0<strong>di\u011fer eski \u015fehirlerdeki g\u00fczel evler<\/strong>\u00a0Randstad'da. Bu s\u00fcre zarf\u0131nda, daha sonra d\u00fcnyaca \u00fcnl\u00fc olacak sanat\u00e7\u0131lar da faaliyet g\u00f6stermi\u015ftir, \u00f6rne\u011fin\u00a0<strong>Rembrandt<\/strong>. En \u00fcnl\u00fc tablosu \"Gece N\u00f6beti \"dir ve bu tablo Amsterdam'daki Rijksmuseum'da g\u00f6r\u00fclebilir.<br \/><br \/><br \/><strong>\u0130lgin\u00e7 bir video<br \/><\/strong>Bir sonraki video sadece \u00f6rnekleme i\u00e7in orada. E\u011fer ilginizi \u00e7ekiyorsa bir g\u00f6z at\u0131n. \"Alt\u0131n \u00c7a\u011f\" olarak adland\u0131r\u0131lan b\u00fcy\u00fck d\u00f6nemi ve Hollanda'n\u0131n k\u00fcresel bir g\u00fc\u00e7 olmay\u0131 nas\u0131l ba\u015fard\u0131\u011f\u0131n\u0131 g\u00f6steriyor.<br \/>Di\u015fli \u00e7ark vas\u0131tas\u0131yla undertitling'i uyarlayabilirsiniz.<\/p>\t\t\t\t\t\t\t\t<\/div>\n\t\t\t\t<\/div>\n\t\t\t\t\t<\/div>\n\t\t<\/div>\n\t\t\t\t<div class=\"elementor-column elementor-col-50 elementor-top-column elementor-element elementor-element-fc1ff83\" data-id=\"fc1ff83\" data-element_type=\"column\">\n\t\t\t<div class=\"elementor-widget-wrap elementor-element-populated\">\n\t\t\t\t\t\t<div class=\"elementor-element elementor-element-c64e3d9 elementor-widget elementor-widget-image\" data-id=\"c64e3d9\" data-element_type=\"widget\" data-widget_type=\"image.default\">\n\t\t\t\t<div class=\"elementor-widget-container\">\n\t\t\t\t\t\t\t\t\t\t\t\t\t\t\t<img fetchpriority=\"high\" decoding=\"async\" width=\"529\" height=\"434\" src=\"https:\/\/mijn-lo.nl\/wp-content\/uploads\/2024\/02\/nachtwacht2-529x434-1.webp\" class=\"attachment-large size-large wp-image-4871\" alt=\"\" srcset=\"https:\/\/mijn-lo.nl\/wp-content\/uploads\/2024\/02\/nachtwacht2-529x434-1.webp 529w, https:\/\/mijn-lo.nl\/wp-content\/uploads\/2024\/02\/nachtwacht2-529x434-1-300x246.webp 300w, https:\/\/mijn-lo.nl\/wp-content\/uploads\/2024\/02\/nachtwacht2-529x434-1-15x12.webp 15w, https:\/\/mijn-lo.nl\/wp-content\/uploads\/2024\/02\/nachtwacht2-529x434-1-24x20.webp 24w, https:\/\/mijn-lo.nl\/wp-content\/uploads\/2024\/02\/nachtwacht2-529x434-1-36x30.webp 36w, https:\/\/mijn-lo.nl\/wp-content\/uploads\/2024\/02\/nachtwacht2-529x434-1-48x39.webp 48w\" sizes=\"(max-width: 529px) 100vw, 529px\" \/>\t\t\t\t\t\t\t\t\t\t\t\t\t\t\t<\/div>\n\t\t\t\t<\/div>\n\t\t\t\t<div class=\"elementor-element elementor-element-d2fdbf6 elementor-widget elementor-widget-text-editor\" data-id=\"d2fdbf6\" data-element_type=\"widget\" data-widget_type=\"text-editor.default\">\n\t\t\t\t<div class=\"elementor-widget-container\">\n\t\t\t\t\t\t\t\t\t<p style=\"text-align: center;\">Gece N\u00f6beti (Rembrandt)<\/p>\t\t\t\t\t\t\t\t<\/div>\n\t\t\t\t<\/div>\n\t\t\t\t\t<\/div>\n\t\t<\/div>\n\t\t\t\t\t<\/div>\n\t\t<\/section>\n\t\t\t\t<section class=\"elementor-section elementor-top-section elementor-element elementor-element-0fbf82c elementor-section-boxed elementor-section-height-default elementor-section-height-default\" data-id=\"0fbf82c\" data-element_type=\"section\">\n\t\t\t\t\t\t<div class=\"elementor-container elementor-column-gap-default\">\n\t\t\t\t\t<div class=\"elementor-column elementor-col-100 elementor-top-column elementor-element elementor-element-da48bf1\" data-id=\"da48bf1\" data-element_type=\"column\">\n\t\t\t<div class=\"elementor-widget-wrap elementor-element-populated\">\n\t\t\t\t\t\t<div class=\"elementor-element elementor-element-7fa867a elementor-widget elementor-widget-video\" data-id=\"7fa867a\" data-element_type=\"widget\" data-settings=\"{&quot;youtube_url&quot;:&quot;https:\\\/\\\/youtu.be\\\/ewCs5CF5HEg&quot;,&quot;video_type&quot;:&quot;youtube&quot;,&quot;controls&quot;:&quot;yes&quot;}\" data-widget_type=\"video.default\">\n\t\t\t\t<div class=\"elementor-widget-container\">\n\t\t\t\t\t\t\t<div class=\"elementor-wrapper elementor-open-inline\">\n\t\t\t<div class=\"elementor-video\"><\/div>\t\t<\/div>\n\t\t\t\t\t\t<\/div>\n\t\t\t\t<\/div>\n\t\t\t\t\t<\/div>\n\t\t<\/div>\n\t\t\t\t\t<\/div>\n\t\t<\/section>\n\t\t\t\t<section class=\"elementor-section elementor-top-section elementor-element elementor-element-21c66c4 elementor-section-boxed elementor-section-height-default elementor-section-height-default\" data-id=\"21c66c4\" data-element_type=\"section\">\n\t\t\t\t\t\t<div class=\"elementor-container elementor-column-gap-default\">\n\t\t\t\t\t<div class=\"elementor-column elementor-col-50 elementor-top-column elementor-element elementor-element-60e1a44\" data-id=\"60e1a44\" data-element_type=\"column\">\n\t\t\t<div class=\"elementor-widget-wrap elementor-element-populated\">\n\t\t\t\t\t\t<div class=\"elementor-element elementor-element-f6c5e96 elementor-widget elementor-widget-image\" data-id=\"f6c5e96\" data-element_type=\"widget\" data-widget_type=\"image.default\">\n\t\t\t\t<div class=\"elementor-widget-container\">\n\t\t\t\t\t\t\t\t\t\t\t\t\t\t\t<img decoding=\"async\" width=\"780\" height=\"439\" src=\"https:\/\/mijn-lo.nl\/wp-content\/uploads\/2024\/02\/opkomst-textiel-780x439-1.webp\" class=\"attachment-large size-large wp-image-4872\" alt=\"\" srcset=\"https:\/\/mijn-lo.nl\/wp-content\/uploads\/2024\/02\/opkomst-textiel-780x439-1.webp 780w, https:\/\/mijn-lo.nl\/wp-content\/uploads\/2024\/02\/opkomst-textiel-780x439-1-300x169.webp 300w, https:\/\/mijn-lo.nl\/wp-content\/uploads\/2024\/02\/opkomst-textiel-780x439-1-768x432.webp 768w, https:\/\/mijn-lo.nl\/wp-content\/uploads\/2024\/02\/opkomst-textiel-780x439-1-18x10.webp 18w, https:\/\/mijn-lo.nl\/wp-content\/uploads\/2024\/02\/opkomst-textiel-780x439-1-24x14.webp 24w, https:\/\/mijn-lo.nl\/wp-content\/uploads\/2024\/02\/opkomst-textiel-780x439-1-36x20.webp 36w, https:\/\/mijn-lo.nl\/wp-content\/uploads\/2024\/02\/opkomst-textiel-780x439-1-48x27.webp 48w\" sizes=\"(max-width: 780px) 100vw, 780px\" \/>\t\t\t\t\t\t\t\t\t\t\t\t\t\t\t<\/div>\n\t\t\t\t<\/div>\n\t\t\t\t<div class=\"elementor-element elementor-element-04aff24 elementor-widget elementor-widget-text-editor\" data-id=\"04aff24\" data-element_type=\"widget\" data-widget_type=\"text-editor.default\">\n\t\t\t\t<div class=\"elementor-widget-container\">\n\t\t\t\t\t\t\t\t\t<p style=\"text-align: center;\">Sekt\u00f6rler ortaya \u00e7\u0131kar... insanlar \u00e7evre b\u00f6lgelerden ta\u015f\u0131n\u0131r<\/p>\t\t\t\t\t\t\t\t<\/div>\n\t\t\t\t<\/div>\n\t\t\t\t\t<\/div>\n\t\t<\/div>\n\t\t\t\t<div class=\"elementor-column elementor-col-50 elementor-top-column elementor-element elementor-element-e531f2e\" data-id=\"e531f2e\" data-element_type=\"column\">\n\t\t\t<div class=\"elementor-widget-wrap elementor-element-populated\">\n\t\t\t\t\t\t<div class=\"elementor-element elementor-element-cb7b0bb elementor-widget elementor-widget-text-editor\" data-id=\"cb7b0bb\" data-element_type=\"widget\" data-widget_type=\"text-editor.default\">\n\t\t\t\t<div class=\"elementor-widget-container\">\n\t\t\t\t\t\t\t\t\t<h3 class=\"mbr-section-title mbr-fonts-style mb-3 display-5\"><strong>D\u00f6nem 1700 - 1900<\/strong><\/h3><div><strong>\u00a0<\/strong><\/div><p class=\"mbr-text mbr-fonts-style display-7\">18. y\u00fczy\u0131l boyunca Hollanda Cumhuriyeti, geli\u015fen ticaret ve denizcilik end\u00fcstrileriyle beslenen bir ekonomik b\u00fcy\u00fcme ve refah d\u00f6nemi ya\u015fad\u0131. Ancak bu d\u00f6neme, 1780'lerin sonundaki Vatansever Devrimi de dahil olmak \u00fczere i\u00e7 siyasi anla\u015fmazl\u0131klar ve ayaklanmalar da damgas\u0131n\u0131 vurmu\u015ftur.<br \/><br \/>1814 y\u0131l\u0131nda Hollanda, bir \u00fclkenin uymas\u0131 gereken ilkeleri tan\u0131mlayan temel bir yasa olan anayasay\u0131 kabul etti. \u00d6rne\u011fin, anayasada bunu a\u00e7\u0131klayan maddeler buluyoruz:<br \/>- herkes e\u015fittir<br \/>- din \u00f6zg\u00fcrl\u00fc\u011f\u00fc vard\u0131r<br \/>Bu anayasa daha sonra de\u011fi\u015ftirildi: kral\u0131n t\u00fcm yetkileri elinden al\u0131nd\u0131 ve Hollanda ger\u00e7ek bir demokrasiye d\u00f6n\u00fc\u015ft\u00fc.<br \/><br \/>\u00d6zellikle 1850'den sonraki d\u00f6nemde \u00f6nemli de\u011fi\u015fiklikler g\u00f6r\u00fclebilir. Tekstil i\u00e7in end\u00fcstriler ortaya \u00e7\u0131kt\u0131 ve bir\u00e7ok insan k\u0131rsal kesimden fabrikalara ta\u015f\u0131nd\u0131. \u00c7ok fazla yoksulluk vard\u0131.<\/p>\t\t\t\t\t\t\t\t<\/div>\n\t\t\t\t<\/div>\n\t\t\t\t\t<\/div>\n\t\t<\/div>\n\t\t\t\t\t<\/div>\n\t\t<\/section>\n\t\t\t\t<section class=\"elementor-section elementor-top-section elementor-element elementor-element-311e16a elementor-reverse-tablet elementor-reverse-mobile elementor-section-boxed elementor-section-height-default elementor-section-height-default\" data-id=\"311e16a\" data-element_type=\"section\">\n\t\t\t\t\t\t<div class=\"elementor-container elementor-column-gap-default\">\n\t\t\t\t\t<div class=\"elementor-column elementor-col-50 elementor-top-column elementor-element elementor-element-092da81\" data-id=\"092da81\" data-element_type=\"column\">\n\t\t\t<div class=\"elementor-widget-wrap elementor-element-populated\">\n\t\t\t\t\t\t<div class=\"elementor-element elementor-element-7789889 elementor-widget elementor-widget-text-editor\" data-id=\"7789889\" data-element_type=\"widget\" data-widget_type=\"text-editor.default\">\n\t\t\t\t<div class=\"elementor-widget-container\">\n\t\t\t\t\t\t\t\t\t<h3 class=\"mbr-section-title mbr-fonts-style mb-0 display-2\"><strong>1900'den sonra<\/strong><\/h3><p class=\"mbr-section-title mbr-fonts-style mb-3 display-5\">Demokrasinin etkisi giderek daha belirgin hale geliyor. \u0130\u015f\u00e7ileri koruyacak yasalar olacakt\u0131r.<\/p><p><strong>Birinci D\u00fcnya Sava\u015f\u0131<br \/><\/strong>1914 y\u0131l\u0131nda birinci d\u00fcnya sava\u015f\u0131 patlak verir. Almanya Avrupa'daki bir\u00e7ok \u00fclkeye sald\u0131r\u0131r. Hollanda tarafs\u0131z kal\u0131r. Bel\u00e7ika'da \u00e7ok say\u0131da kay\u0131p vard\u0131r.<\/p><p><strong>Kriz<br \/><\/strong><\/p><p class=\"mbr-section-title mbr-fonts-style mb-3 display-5\">1930 civar\u0131nda ekonomi t\u00fcm d\u00fcnyada \u00e7ok k\u00f6t\u00fc gidiyordu. Fabrikalar kapanmak zorunda kald\u0131 ve bir\u00e7ok insan sokaklara d\u00f6k\u00fcld\u00fc. B\u00fcy\u00fck bir yoksulluk ve k\u00f6t\u00fc ko\u015fullar\u0131n ya\u015fand\u0131\u011f\u0131 bir d\u00f6nemdir.<\/p>\t\t\t\t\t\t\t\t<\/div>\n\t\t\t\t<\/div>\n\t\t\t\t\t<\/div>\n\t\t<\/div>\n\t\t\t\t<div class=\"elementor-column elementor-col-50 elementor-top-column elementor-element elementor-element-b6b32b9\" data-id=\"b6b32b9\" data-element_type=\"column\">\n\t\t\t<div class=\"elementor-widget-wrap elementor-element-populated\">\n\t\t\t\t\t\t<div class=\"elementor-element elementor-element-2e5276e elementor-widget elementor-widget-video\" data-id=\"2e5276e\" data-element_type=\"widget\" data-settings=\"{&quot;video_type&quot;:&quot;vimeo&quot;}\" data-widget_type=\"video.default\">\n\t\t\t\t<div class=\"elementor-widget-container\">\n\t\t\t\t\t\t\t<div class=\"elementor-wrapper elementor-open-inline\">\n\t\t\t<iframe class=\"elementor-video-iframe\" allowfullscreen allow=\"clipboard-write\" title=\"Vimeo Video Oynat\u0131c\u0131\" src=\"https:\/\/player.vimeo.com\/video\/816834642?color&amp;autopause=0&amp;loop=0&amp;muted=0&amp;title=1&amp;portrait=1&amp;byline=1#t=\"><\/iframe>\t\t<\/div>\n\t\t\t\t\t\t<\/div>\n\t\t\t\t<\/div>\n\t\t\t\t<div class=\"elementor-element elementor-element-0ddf208 elementor-widget elementor-widget-text-editor\" data-id=\"0ddf208\" data-element_type=\"widget\" data-widget_type=\"text-editor.default\">\n\t\t\t\t<div class=\"elementor-widget-container\">\n\t\t\t\t\t\t\t\t\t<p style=\"text-align: center;\">Yoksulluk 1850 - 1930\u00a0<\/p>\t\t\t\t\t\t\t\t<\/div>\n\t\t\t\t<\/div>\n\t\t\t\t\t<\/div>\n\t\t<\/div>\n\t\t\t\t\t<\/div>\n\t\t<\/section>\n\t\t\t\t<section class=\"elementor-section elementor-top-section elementor-element elementor-element-2edcca1 elementor-section-boxed elementor-section-height-default elementor-section-height-default\" data-id=\"2edcca1\" data-element_type=\"section\">\n\t\t\t\t\t\t<div class=\"elementor-container elementor-column-gap-default\">\n\t\t\t\t\t<div class=\"elementor-column elementor-col-100 elementor-top-column elementor-element elementor-element-75349f87\" data-id=\"75349f87\" data-element_type=\"column\">\n\t\t\t<div class=\"elementor-widget-wrap elementor-element-populated\">\n\t\t\t\t\t\t<div class=\"elementor-element elementor-element-2d2d0e50 elementor-align-center elementor-widget elementor-widget-button\" data-id=\"2d2d0e50\" data-element_type=\"widget\" data-widget_type=\"button.default\">\n\t\t\t\t<div class=\"elementor-widget-container\">\n\t\t\t\t\t\t\t\t\t<div class=\"elementor-button-wrapper\">\n\t\t\t\t\t<a class=\"elementor-button elementor-button-link elementor-size-sm\" href=\"https:\/\/mijn-lo.nl\/tr\/history\/world-war-2\/\">\n\t\t\t\t\t\t<span class=\"elementor-button-content-wrapper\">\n\t\t\t\t\t\t\t\t\t<span class=\"elementor-button-text\">devam etmek<\/span>\n\t\t\t\t\t<\/span>\n\t\t\t\t\t<\/a>\n\t\t\t\t<\/div>\n\t\t\t\t\t\t\t\t<\/div>\n\t\t\t\t<\/div>\n\t\t\t\t\t<\/div>\n\t\t<\/div>\n\t\t\t\t\t<\/div>\n\t\t<\/section>\n\t\t\t\t<\/div>","protected":false},"excerpt":{"rendered":"<p>Golden age The periodThe period from 1600 to 1700 is called the golden age. The Netherlands is doing very well. This was mainly due to trade in the colonies. The organization that regulated this trade was called VOC. T VOC1602 &#8211; Formation of the Dutch East India Company (VOC): The VOC was established as the [&hellip;]<\/p>\n","protected":false},"author":1,"featured_media":0,"parent":3258,"menu_order":2,"comment_status":"closed","ping_status":"closed","template":"elementor_canvas","meta":{"site-sidebar-layout":"no-sidebar","site-content-layout":"page-builder","ast-site-content-layout":"full-width-container","site-content-style":"default","site-sidebar-style":"default","ast-global-header-display":"","ast-banner-title-visibility":"","ast-main-header-display":"","ast-hfb-above-header-display":"","ast-hfb-below-header-display":"","ast-hfb-mobile-header-display":"","site-post-title":"disabled","ast-breadcrumbs-content":"","ast-featured-img":"disabled","footer-sml-layout":"","theme-transparent-header-meta":"","adv-header-id-meta":"","stick-header-meta":"","header-above-stick-meta":"","header-main-stick-meta":"","header-below-stick-meta":"","astra-migrate-meta-layouts":"set","ast-page-background-enabled":"default","ast-page-background-meta":{"desktop":{"background-color":"var(--ast-global-color-4)","background-image":"","background-repeat":"repeat","background-position":"center center","background-size":"auto","background-attachment":"scroll","background-type":"","background-media":"","overlay-type":"","overlay-color":"","overlay-opacity":"","overlay-gradient":""},"tablet":{"background-color":"","background-image":"","background-repeat":"repeat","background-position":"center center","background-size":"auto","background-attachment":"scroll","background-type":"","background-media":"","overlay-type":"","overlay-color":"","overlay-opacity":"","overlay-gradient":""},"mobile":{"background-color":"","background-image":"","background-repeat":"repeat","background-position":"center center","background-size":"auto","background-attachment":"scroll","background-type":"","background-media":"","overlay-type":"","overlay-color":"","overlay-opacity":"","overlay-gradient":""}},"ast-content-background-meta":{"desktop":{"background-color":"var(--ast-global-color-5)","background-image":"","background-repeat":"repeat","background-position":"center center","background-size":"auto","background-attachment":"scroll","background-type":"","background-media":"","overlay-type":"","overlay-color":"","overlay-opacity":"","overlay-gradient":""},"tablet":{"background-color":"var(--ast-global-color-5)","background-image":"","background-repeat":"repeat","background-position":"center center","background-size":"auto","background-attachment":"scroll","background-type":"","background-media":"","overlay-type":"","overlay-color":"","overlay-opacity":"","overlay-gradient":""},"mobile":{"background-color":"var(--ast-global-color-5)","background-image":"","background-repeat":"repeat","background-position":"center center","background-size":"auto","background-attachment":"scroll","background-type":"","background-media":"","overlay-type":"","overlay-color":"","overlay-opacity":"","overlay-gradient":""}},"footnotes":""},"class_list":["post-4920","page","type-page","status-publish","hentry"],"_links":{"self":[{"href":"https:\/\/mijn-lo.nl\/tr\/wp-json\/wp\/v2\/pages\/4920","targetHints":{"allow":["GET"]}}],"collection":[{"href":"https:\/\/mijn-lo.nl\/tr\/wp-json\/wp\/v2\/pages"}],"about":[{"href":"https:\/\/mijn-lo.nl\/tr\/wp-json\/wp\/v2\/types\/page"}],"author":[{"embeddable":true,"href":"https:\/\/mijn-lo.nl\/tr\/wp-json\/wp\/v2\/users\/1"}],"replies":[{"embeddable":true,"href":"https:\/\/mijn-lo.nl\/tr\/wp-json\/wp\/v2\/comments?post=4920"}],"version-history":[{"count":10,"href":"https:\/\/mijn-lo.nl\/tr\/wp-json\/wp\/v2\/pages\/4920\/revisions"}],"predecessor-version":[{"id":6352,"href":"https:\/\/mijn-lo.nl\/tr\/wp-json\/wp\/v2\/pages\/4920\/revisions\/6352"}],"up":[{"embeddable":true,"href":"https:\/\/mijn-lo.nl\/tr\/wp-json\/wp\/v2\/pages\/3258"}],"wp:attachment":[{"href":"https:\/\/mijn-lo.nl\/tr\/wp-json\/wp\/v2\/media?parent=4920"}],"curies":[{"name":"wp","href":"https:\/\/api.w.org\/{rel}","templated":true}]}}