{"id":4922,"date":"2024-02-09T15:54:15","date_gmt":"2024-02-09T15:54:15","guid":{"rendered":"http:\/\/mijn-lo.nl\/?page_id=4922"},"modified":"2025-08-19T17:47:38","modified_gmt":"2025-08-19T17:47:38","slug":"world-war-2","status":"publish","type":"page","link":"https:\/\/mijn-lo.nl\/tr\/history\/world-war-2\/","title":{"rendered":"2. D\u00fcnya Sava\u015f\u0131"},"content":{"rendered":"<div data-elementor-type=\"wp-page\" data-elementor-id=\"4922\" class=\"elementor elementor-4922\" data-elementor-post-type=\"page\">\n\t\t\t\t\t\t<section class=\"elementor-section elementor-top-section elementor-element elementor-element-853250f elementor-section-boxed elementor-section-height-default elementor-section-height-default\" data-id=\"853250f\" data-element_type=\"section\">\n\t\t\t\t\t\t<div class=\"elementor-container elementor-column-gap-default\">\n\t\t\t\t\t<div class=\"elementor-column elementor-col-50 elementor-top-column elementor-element elementor-element-f947750\" data-id=\"f947750\" data-element_type=\"column\">\n\t\t\t<div class=\"elementor-widget-wrap elementor-element-populated\">\n\t\t\t\t\t\t<div class=\"elementor-element elementor-element-7bba9c0 elementor-widget elementor-widget-image\" data-id=\"7bba9c0\" data-element_type=\"widget\" data-widget_type=\"image.default\">\n\t\t\t\t<div class=\"elementor-widget-container\">\n\t\t\t\t\t\t\t\t\t\t\t\t\t\t\t<img fetchpriority=\"high\" decoding=\"async\" width=\"1024\" height=\"639\" src=\"https:\/\/mijn-lo.nl\/wp-content\/uploads\/2024\/02\/tank.jpg\" class=\"attachment-large size-large wp-image-4874\" alt=\"\" srcset=\"https:\/\/mijn-lo.nl\/wp-content\/uploads\/2024\/02\/tank.jpg 1024w, https:\/\/mijn-lo.nl\/wp-content\/uploads\/2024\/02\/tank-300x187.jpg 300w, https:\/\/mijn-lo.nl\/wp-content\/uploads\/2024\/02\/tank-768x479.jpg 768w, https:\/\/mijn-lo.nl\/wp-content\/uploads\/2024\/02\/tank-18x12.jpg 18w, https:\/\/mijn-lo.nl\/wp-content\/uploads\/2024\/02\/tank-24x15.jpg 24w, https:\/\/mijn-lo.nl\/wp-content\/uploads\/2024\/02\/tank-36x22.jpg 36w, https:\/\/mijn-lo.nl\/wp-content\/uploads\/2024\/02\/tank-48x30.jpg 48w\" sizes=\"(max-width: 1024px) 100vw, 1024px\" \/>\t\t\t\t\t\t\t\t\t\t\t\t\t\t\t<\/div>\n\t\t\t\t<\/div>\n\t\t\t\t<div class=\"elementor-element elementor-element-25fb557 elementor-widget elementor-widget-text-editor\" data-id=\"25fb557\" data-element_type=\"widget\" data-widget_type=\"text-editor.default\">\n\t\t\t\t<div class=\"elementor-widget-container\">\n\t\t\t\t\t\t\t\t\t<p style=\"text-align: center;\">Sava\u015f<\/p>\t\t\t\t\t\t\t\t<\/div>\n\t\t\t\t<\/div>\n\t\t\t\t\t<\/div>\n\t\t<\/div>\n\t\t\t\t<div class=\"elementor-column elementor-col-50 elementor-top-column elementor-element elementor-element-8db01a1\" data-id=\"8db01a1\" data-element_type=\"column\">\n\t\t\t<div class=\"elementor-widget-wrap elementor-element-populated\">\n\t\t\t\t\t\t<div class=\"elementor-element elementor-element-eb35863 elementor-widget elementor-widget-text-editor\" data-id=\"eb35863\" data-element_type=\"widget\" data-widget_type=\"text-editor.default\">\n\t\t\t\t<div class=\"elementor-widget-container\">\n\t\t\t\t\t\t\t\t\t<h3 class=\"mbr-section-title mbr-fonts-style mb-3 display-5\"><strong>\u0130kinci D\u00fcnya Sava\u015f\u0131<\/strong><\/h3><div>\u00a0<\/div><p class=\"mbr-text mbr-fonts-style display-7\"><strong>Nazi Almanyas\u0131<br \/><\/strong>D\u00fcnya Sava\u015f\u0131 s\u0131ras\u0131nda Hollanda, Adolf Hitler liderli\u011findeki Nazi Almanyas\u0131 taraf\u0131ndan ele ge\u00e7irildi. Alman birlikleri 1940 y\u0131l\u0131nda \u00fclkeyi i\u015fgal etti ve k\u0131sa bir sava\u015f\u0131n ard\u0131ndan Hollandal\u0131lar teslim oldu. \u0130\u015fgal 1945'e kadar s\u00fcrd\u00fc ve Hollanda halk\u0131 i\u00e7in zor bir d\u00f6nemdi. Rotterdam \u015fehri bombard\u0131manlarla yerle bir edildi. Hollandal\u0131lar sava\u015fmay\u0131 b\u0131rakt\u0131 ve krali\u00e7e \u0130ngiltere'ye ka\u00e7t\u0131.<br \/><br \/><strong>Yahudilerin Durumu<br \/><\/strong>Hitler, Avrupa'n\u0131n sorunlar\u0131 i\u00e7in Yahudileri su\u00e7lad\u0131. Yahudilerin haklar\u0131 k\u0131s\u0131tland\u0131, hapishanelere konuldu ve kamplara g\u00f6nderildi. Bu kamplarda bir\u00e7o\u011fu gaz odalar\u0131nda \u00f6ld\u00fcr\u00fcld\u00fc ya da hastal\u0131k ve a\u00e7l\u0131ktan \u00f6ld\u00fc. Baz\u0131 Yahudiler saklanan insanlar olarak bilinen gizli yerlerde sakland\u0131. Toplamda alt\u0131 milyon Yahudi \u00f6ld\u00fcr\u00fcld\u00fc.<br \/><br \/><strong>Nihayet \u00f6zg\u00fcrl\u00fck<br \/><\/strong>Sava\u015f, az yiyecek ve so\u011fuk havayla birlikte zorluklar getirdi. Yahudilere yard\u0131m eden herkes cezaland\u0131r\u0131ld\u0131. Hitler Rusya'y\u0131 da fethetmeye \u00e7al\u0131\u015ft\u0131, ancak sert k\u0131\u015f ko\u015fullar\u0131 Alman askerleri i\u00e7in bunu zorla\u015ft\u0131rd\u0131. Amerika, Kanada, \u0130ngiltere ve Rusya gibi \u00fclkeler Almanya'ya kar\u015f\u0131 sava\u015ft\u0131. 1945'te Almanya yenildi ve 5 May\u0131s'ta Hollanda \u00f6zg\u00fcrl\u00fc\u011f\u00fcne kavu\u015ftu.<\/p>\t\t\t\t\t\t\t\t<\/div>\n\t\t\t\t<\/div>\n\t\t\t\t\t<\/div>\n\t\t<\/div>\n\t\t\t\t\t<\/div>\n\t\t<\/section>\n\t\t\t\t<section class=\"elementor-section elementor-top-section elementor-element elementor-element-4d3fa3d elementor-reverse-tablet elementor-reverse-mobile elementor-section-boxed elementor-section-height-default elementor-section-height-default\" data-id=\"4d3fa3d\" data-element_type=\"section\">\n\t\t\t\t\t\t<div class=\"elementor-container elementor-column-gap-default\">\n\t\t\t\t\t<div class=\"elementor-column elementor-col-50 elementor-top-column elementor-element elementor-element-fcf9551\" data-id=\"fcf9551\" data-element_type=\"column\">\n\t\t\t<div class=\"elementor-widget-wrap elementor-element-populated\">\n\t\t\t\t\t\t<div class=\"elementor-element elementor-element-db8dc4d elementor-widget elementor-widget-text-editor\" data-id=\"db8dc4d\" data-element_type=\"widget\" data-widget_type=\"text-editor.default\">\n\t\t\t\t<div class=\"elementor-widget-container\">\n\t\t\t\t\t\t\t\t\t<h3 class=\"mbr-section-title mbr-fonts-style mb-3 display-5\"><strong>Anne Frank<\/strong><\/h3><p class=\"mbr-text mbr-fonts-style display-7\">Anne Frank, \u0130kinci D\u00fcnya Sava\u015f\u0131 s\u0131ras\u0131nda Amsterdam'da ya\u015fayan Yahudi bir k\u0131zd\u0131. O ve ailesi, Yahudileri toplay\u0131p toplama kamplar\u0131na g\u00f6nderen Naziler taraf\u0131ndan yakalanmamak i\u00e7in 1942 y\u0131l\u0131nda saklanmaya ba\u015flad\u0131. Anne ve ailesi, 1944 y\u0131l\u0131nda ihanete u\u011fray\u0131p Naziler taraf\u0131ndan yakalanmadan \u00f6nce iki y\u0131l boyunca gizli bir ek binada ya\u015fad\u0131. Anne 1945 y\u0131l\u0131nda, 15 ya\u015f\u0131ndayken Almanya'daki bir toplama kamp\u0131nda \u00f6ld\u00fc.<br \/><br \/><strong>\u00dcnl\u00fc g\u00fcnl\u00fc\u011f\u00fc<br \/><\/strong>Saklan\u0131rken tuttu\u011fu g\u00fcnl\u00fc\u011f\u00fc daha sonra yay\u0131mland\u0131 ve Holokost vah\u015fetinin ki\u015fisel ve dokunakl\u0131 bir anlat\u0131m\u0131n\u0131 sunarak d\u00fcnyan\u0131n en \u00e7ok okunan kitaplar\u0131ndan biri haline geldi.<\/p>\t\t\t\t\t\t\t\t<\/div>\n\t\t\t\t<\/div>\n\t\t\t\t\t<\/div>\n\t\t<\/div>\n\t\t\t\t<div class=\"elementor-column elementor-col-50 elementor-top-column elementor-element elementor-element-fb8883b\" data-id=\"fb8883b\" data-element_type=\"column\">\n\t\t\t<div class=\"elementor-widget-wrap elementor-element-populated\">\n\t\t\t\t\t\t<div class=\"elementor-element elementor-element-0a1b385 elementor-widget elementor-widget-image\" data-id=\"0a1b385\" data-element_type=\"widget\" data-widget_type=\"image.default\">\n\t\t\t\t<div class=\"elementor-widget-container\">\n\t\t\t\t\t\t\t\t\t\t\t\t\t\t\t<img decoding=\"async\" width=\"701\" height=\"664\" src=\"https:\/\/mijn-lo.nl\/wp-content\/uploads\/2024\/02\/anne-frank-701x664-1.webp\" class=\"attachment-large size-large wp-image-4875\" alt=\"\" srcset=\"https:\/\/mijn-lo.nl\/wp-content\/uploads\/2024\/02\/anne-frank-701x664-1.webp 701w, https:\/\/mijn-lo.nl\/wp-content\/uploads\/2024\/02\/anne-frank-701x664-1-300x284.webp 300w, https:\/\/mijn-lo.nl\/wp-content\/uploads\/2024\/02\/anne-frank-701x664-1-13x12.webp 13w, https:\/\/mijn-lo.nl\/wp-content\/uploads\/2024\/02\/anne-frank-701x664-1-24x24.webp 24w, https:\/\/mijn-lo.nl\/wp-content\/uploads\/2024\/02\/anne-frank-701x664-1-36x34.webp 36w, https:\/\/mijn-lo.nl\/wp-content\/uploads\/2024\/02\/anne-frank-701x664-1-48x45.webp 48w\" sizes=\"(max-width: 701px) 100vw, 701px\" \/>\t\t\t\t\t\t\t\t\t\t\t\t\t\t\t<\/div>\n\t\t\t\t<\/div>\n\t\t\t\t<div class=\"elementor-element elementor-element-488cc37 elementor-widget elementor-widget-text-editor\" data-id=\"488cc37\" data-element_type=\"widget\" data-widget_type=\"text-editor.default\">\n\t\t\t\t<div class=\"elementor-widget-container\">\n\t\t\t\t\t\t\t\t\t<p style=\"text-align: center;\">Anne Frank<\/p>\t\t\t\t\t\t\t\t<\/div>\n\t\t\t\t<\/div>\n\t\t\t\t\t<\/div>\n\t\t<\/div>\n\t\t\t\t\t<\/div>\n\t\t<\/section>\n\t\t\t\t<section class=\"elementor-section elementor-top-section elementor-element elementor-element-eb6bef8 elementor-section-boxed elementor-section-height-default elementor-section-height-default\" data-id=\"eb6bef8\" data-element_type=\"section\">\n\t\t\t\t\t\t<div class=\"elementor-container elementor-column-gap-default\">\n\t\t\t\t\t<div class=\"elementor-column elementor-col-50 elementor-top-column elementor-element elementor-element-f92d88a\" data-id=\"f92d88a\" data-element_type=\"column\">\n\t\t\t<div class=\"elementor-widget-wrap elementor-element-populated\">\n\t\t\t\t\t\t<div class=\"elementor-element elementor-element-44af40a elementor-widget elementor-widget-image\" data-id=\"44af40a\" data-element_type=\"widget\" data-widget_type=\"image.default\">\n\t\t\t\t<div class=\"elementor-widget-container\">\n\t\t\t\t\t\t\t\t\t\t\t\t\t\t\t<img decoding=\"async\" width=\"744\" height=\"830\" src=\"https:\/\/mijn-lo.nl\/wp-content\/uploads\/2024\/02\/wtarsnood5-744x830-1.webp\" class=\"attachment-large size-large wp-image-4876\" alt=\"\" srcset=\"https:\/\/mijn-lo.nl\/wp-content\/uploads\/2024\/02\/wtarsnood5-744x830-1.webp 744w, https:\/\/mijn-lo.nl\/wp-content\/uploads\/2024\/02\/wtarsnood5-744x830-1-269x300.webp 269w, https:\/\/mijn-lo.nl\/wp-content\/uploads\/2024\/02\/wtarsnood5-744x830-1-11x12.webp 11w, https:\/\/mijn-lo.nl\/wp-content\/uploads\/2024\/02\/wtarsnood5-744x830-1-22x24.webp 22w, https:\/\/mijn-lo.nl\/wp-content\/uploads\/2024\/02\/wtarsnood5-744x830-1-32x36.webp 32w, https:\/\/mijn-lo.nl\/wp-content\/uploads\/2024\/02\/wtarsnood5-744x830-1-43x48.webp 43w\" sizes=\"(max-width: 744px) 100vw, 744px\" \/>\t\t\t\t\t\t\t\t\t\t\t\t\t\t\t<\/div>\n\t\t\t\t<\/div>\n\t\t\t\t<div class=\"elementor-element elementor-element-0fb6b56 elementor-widget elementor-widget-text-editor\" data-id=\"0fb6b56\" data-element_type=\"widget\" data-widget_type=\"text-editor.default\">\n\t\t\t\t<div class=\"elementor-widget-container\">\n\t\t\t\t\t\t\t\t\t<p style=\"text-align: center;\">Sel felaketi 1953<\/p>\t\t\t\t\t\t\t\t<\/div>\n\t\t\t\t<\/div>\n\t\t\t\t\t<\/div>\n\t\t<\/div>\n\t\t\t\t<div class=\"elementor-column elementor-col-50 elementor-top-column elementor-element elementor-element-7ec25a6\" data-id=\"7ec25a6\" data-element_type=\"column\">\n\t\t\t<div class=\"elementor-widget-wrap elementor-element-populated\">\n\t\t\t\t\t\t<div class=\"elementor-element elementor-element-89f35ff elementor-widget elementor-widget-text-editor\" data-id=\"89f35ff\" data-element_type=\"widget\" data-widget_type=\"text-editor.default\">\n\t\t\t\t<div class=\"elementor-widget-container\">\n\t\t\t\t\t\t\t\t\t<h3 class=\"mbr-section-title mbr-fonts-style mb-3 display-5\"><strong>Sava\u015f\u0131n sona ermesinden sonra<\/strong><\/h3><div><strong>\u00a0<\/strong><\/div><p class=\"mbr-text mbr-fonts-style display-7\">\u0130kinci D\u00fcnya Sava\u015f\u0131'n\u0131n 1945'te sona ermesinin ard\u0131ndan Hollanda yeniden in\u015fa ve imar d\u00f6nemine girmi\u015ftir. \u00dclke sava\u015f s\u0131ras\u0131nda b\u00fcy\u00fck zarar g\u00f6rm\u00fc\u015f, altyap\u0131s\u0131n\u0131n b\u00fcy\u00fck bir k\u0131sm\u0131 tahrip olmu\u015f ve vatanda\u015flar\u0131n\u0131n \u00e7o\u011fu \u00f6lm\u00fc\u015f ya da yerlerinden edilmi\u015fti. Ancak Hollanda halk\u0131 yeniden in\u015fa etmeye kararl\u0131yd\u0131 ve d\u0131\u015f yard\u0131m ve h\u00fck\u00fcmet programlar\u0131n\u0131n yard\u0131m\u0131yla \u00fclke toparlanmay\u0131 ba\u015fard\u0131.<br \/><br \/>Sava\u015f sonras\u0131 d\u00f6nem Hollanda'da \u00f6nemli sosyal, ekonomik ve siyasi de\u011fi\u015fikliklere sahne oldu. \u00dclke, sosyal refaha ve modern bir refah devletinin olu\u015fturulmas\u0131na g\u00fc\u00e7l\u00fc bir \u015fekilde odaklanarak daha m\u00fcreffeh ve geli\u015fmi\u015f bir hale geldi. 1953 y\u0131l\u0131nda bir felaket ya\u015fand\u0131. \u00dclkenin b\u00fcy\u00fck bir b\u00f6l\u00fcm\u00fc, \u00f6zellikle de Zeeland eyaleti sular alt\u0131nda kald\u0131. 1800'den fazla insan \u00f6ld\u00fc. Bunun ard\u0131ndan setler g\u00fc\u00e7lendirildi ve yeni barajlar yap\u0131ld\u0131 (projeye Delta-plan ad\u0131 verildi).<br \/><br \/><strong>Birle\u015fmi\u015f Milletler'e Kat\u0131lmak<br \/><\/strong>Hollanda ayn\u0131 zamanda Birle\u015fmi\u015f Milletler ve di\u011fer uluslararas\u0131 \u00f6rg\u00fctlere kat\u0131larak uluslararas\u0131 toplumda aktif bir rol oynam\u0131\u015ft\u0131r.<br \/><br \/>Takip eden y\u0131llarda Hollanda, uyu\u015fturucu politikas\u0131, \u00f6tenazi ve e\u015fcinsel evlilik gibi sosyal konulara y\u00f6nelik liberal ve ho\u015fg\u00f6r\u00fcl\u00fc tutumlar\u0131yla tan\u0131nd\u0131.<br \/><br \/><strong>NATO'ya Kat\u0131lmak<br \/><\/strong>Hollanda NATO \u00fcyesidir. Bir \u00fclke NATO'ya kat\u0131ld\u0131\u011f\u0131nda, Kuzey Atlantik Antla\u015fmas\u0131 \u00d6rg\u00fct\u00fc ad\u0131 verilen bir grubun \u00fcyesi olur. NATO, Kuzey Amerika ve Avrupa \u00fclkelerinden olu\u015fur. NATO'nun temel amac\u0131 birbirlerini savunmak ve korumak i\u00e7in birlikte \u00e7al\u0131\u015fmakt\u0131r. Bu nedenle askeri bir \u00f6rg\u00fctt\u00fcr.<\/p>\t\t\t\t\t\t\t\t<\/div>\n\t\t\t\t<\/div>\n\t\t\t\t\t<\/div>\n\t\t<\/div>\n\t\t\t\t\t<\/div>\n\t\t<\/section>\n\t\t\t\t<section class=\"elementor-section elementor-top-section elementor-element elementor-element-be602bb elementor-reverse-tablet elementor-reverse-mobile elementor-section-boxed elementor-section-height-default elementor-section-height-default\" data-id=\"be602bb\" data-element_type=\"section\">\n\t\t\t\t\t\t<div class=\"elementor-container elementor-column-gap-default\">\n\t\t\t\t\t<div class=\"elementor-column elementor-col-50 elementor-top-column elementor-element elementor-element-e17c5d1\" data-id=\"e17c5d1\" data-element_type=\"column\">\n\t\t\t<div class=\"elementor-widget-wrap elementor-element-populated\">\n\t\t\t\t\t\t<div class=\"elementor-element elementor-element-d3ac2d1 elementor-widget elementor-widget-text-editor\" data-id=\"d3ac2d1\" data-element_type=\"widget\" data-widget_type=\"text-editor.default\">\n\t\t\t\t<div class=\"elementor-widget-container\">\n\t\t\t\t\t\t\t\t\t<h3 class=\"mbr-section-title mbr-fonts-style mb-3 display-5\"><strong>Di\u011fer \u00fclkelerden gelen insanlar<\/strong><\/h3><div>\u00a0<\/div><p class=\"mbr-text mbr-fonts-style display-7\"><strong>1970, yeni g\u00f6\u00e7menler<br \/><\/strong>1970 civar\u0131nda ekonomi g\u00fc\u00e7l\u00fc bir \u015fekilde b\u00fcy\u00fcd\u00fc. Hollandal\u0131lar yap\u0131lmas\u0131 gereken pek \u00e7ok i\u015fi yapmak istemiyordu. T\u00fcrkiye ve Fas'tan bu i\u015fi yapmaya istekli insanlar getirildi. Bu g\u00f6\u00e7menlere \"misafir i\u015f\u00e7i\" ad\u0131 verildi. Bir\u00e7o\u011fu geri d\u00f6nd\u00fc ama bir\u00e7o\u011fu da kald\u0131. Bu durum, \u00f6zellikle Rotterdam ve Lahey gibi b\u00fcy\u00fck \u015fehirlerde n\u00fcfusun yap\u0131s\u0131nda \u00f6nemli de\u011fi\u015fikliklere yol a\u00e7t\u0131. Bu da gerginliklere yol a\u00e7t\u0131. Bug\u00fcnlerde Hollanda'ya girmek olduk\u00e7a zor. Sivil Entegrasyon Yasas\u0131 2007'den beri y\u00fcr\u00fcrl\u00fcktedir.<br \/><br \/><strong>Avrupa Birli\u011fi'nden \u0130nsanlar<br \/><\/strong>Avrupa Birli\u011fi vatanda\u015flar\u0131na seyahat \u00f6zg\u00fcrl\u00fc\u011f\u00fc tan\u0131nd\u0131\u011f\u0131 i\u00e7in, \u00f6rne\u011fin Polonya ve Romanya'dan \u00e7ok say\u0131da ki\u015fi \u00fclkeye giri\u015f yapm\u0131\u015ft\u0131r. \u00d6rne\u011fin Polonya'dan bir\u00e7ok ki\u015fi in\u015faat sekt\u00f6r\u00fcnde \u00e7al\u0131\u015fmaktad\u0131r.<\/p>\t\t\t\t\t\t\t\t<\/div>\n\t\t\t\t<\/div>\n\t\t\t\t\t<\/div>\n\t\t<\/div>\n\t\t\t\t<div class=\"elementor-column elementor-col-50 elementor-top-column elementor-element elementor-element-165f104\" data-id=\"165f104\" data-element_type=\"column\">\n\t\t\t<div class=\"elementor-widget-wrap elementor-element-populated\">\n\t\t\t\t\t\t<div class=\"elementor-element elementor-element-13281ba elementor-widget elementor-widget-image\" data-id=\"13281ba\" data-element_type=\"widget\" data-widget_type=\"image.default\">\n\t\t\t\t<div class=\"elementor-widget-container\">\n\t\t\t\t\t\t\t\t\t\t\t\t\t\t\t<img loading=\"lazy\" decoding=\"async\" width=\"627\" height=\"658\" src=\"https:\/\/mijn-lo.nl\/wp-content\/uploads\/2024\/02\/polen-bouw-627x658-1.webp\" class=\"attachment-large size-large wp-image-4877\" alt=\"\" srcset=\"https:\/\/mijn-lo.nl\/wp-content\/uploads\/2024\/02\/polen-bouw-627x658-1.webp 627w, https:\/\/mijn-lo.nl\/wp-content\/uploads\/2024\/02\/polen-bouw-627x658-1-286x300.webp 286w, https:\/\/mijn-lo.nl\/wp-content\/uploads\/2024\/02\/polen-bouw-627x658-1-11x12.webp 11w, https:\/\/mijn-lo.nl\/wp-content\/uploads\/2024\/02\/polen-bouw-627x658-1-24x24.webp 24w, https:\/\/mijn-lo.nl\/wp-content\/uploads\/2024\/02\/polen-bouw-627x658-1-34x36.webp 34w, https:\/\/mijn-lo.nl\/wp-content\/uploads\/2024\/02\/polen-bouw-627x658-1-46x48.webp 46w\" sizes=\"(max-width: 627px) 100vw, 627px\" \/>\t\t\t\t\t\t\t\t\t\t\t\t\t\t\t<\/div>\n\t\t\t\t<\/div>\n\t\t\t\t<div class=\"elementor-element elementor-element-e63d61c elementor-widget elementor-widget-text-editor\" data-id=\"e63d61c\" data-element_type=\"widget\" data-widget_type=\"text-editor.default\">\n\t\t\t\t<div class=\"elementor-widget-container\">\n\t\t\t\t\t\t\t\t\t<p style=\"text-align: center;\">Bir\u00e7o\u011fu Polen'den gelen Misafir \u0130\u015f\u00e7iler\u00a0<\/p>\t\t\t\t\t\t\t\t<\/div>\n\t\t\t\t<\/div>\n\t\t\t\t\t<\/div>\n\t\t<\/div>\n\t\t\t\t\t<\/div>\n\t\t<\/section>\n\t\t\t\t<section class=\"elementor-section elementor-top-section elementor-element elementor-element-2edcca1 elementor-section-boxed elementor-section-height-default elementor-section-height-default\" data-id=\"2edcca1\" data-element_type=\"section\">\n\t\t\t\t\t\t<div class=\"elementor-container elementor-column-gap-default\">\n\t\t\t\t\t<div class=\"elementor-column elementor-col-100 elementor-top-column elementor-element elementor-element-75349f87\" data-id=\"75349f87\" data-element_type=\"column\">\n\t\t\t<div class=\"elementor-widget-wrap elementor-element-populated\">\n\t\t\t\t\t\t<div class=\"elementor-element elementor-element-2d2d0e50 elementor-align-center elementor-widget elementor-widget-button\" data-id=\"2d2d0e50\" data-element_type=\"widget\" data-widget_type=\"button.default\">\n\t\t\t\t<div class=\"elementor-widget-container\">\n\t\t\t\t\t\t\t\t\t<div class=\"elementor-button-wrapper\">\n\t\t\t\t\t<a class=\"elementor-button elementor-button-link elementor-size-sm\" href=\"https:\/\/mijn-lo.nl\/tr\/history\/test-11\/\">\n\t\t\t\t\t\t<span class=\"elementor-button-content-wrapper\">\n\t\t\t\t\t\t\t\t\t<span class=\"elementor-button-text\">devam etmek<\/span>\n\t\t\t\t\t<\/span>\n\t\t\t\t\t<\/a>\n\t\t\t\t<\/div>\n\t\t\t\t\t\t\t\t<\/div>\n\t\t\t\t<\/div>\n\t\t\t\t\t<\/div>\n\t\t<\/div>\n\t\t\t\t\t<\/div>\n\t\t<\/section>\n\t\t\t\t<\/div>","protected":false},"excerpt":{"rendered":"<p>War World War II \u00a0 Nazi GermanyDuring World War II, the Netherlands was taken over by Nazi Germany, led by Adolf Hitler. German troops invaded the country in 1940, and after a short fight, the Dutch surrendered. The occupation lasted until 1945, and it was a difficult time for the Dutch people. The city of [&hellip;]<\/p>\n","protected":false},"author":1,"featured_media":0,"parent":3258,"menu_order":3,"comment_status":"closed","ping_status":"closed","template":"elementor_canvas","meta":{"site-sidebar-layout":"no-sidebar","site-content-layout":"page-builder","ast-site-content-layout":"full-width-container","site-content-style":"default","site-sidebar-style":"default","ast-global-header-display":"","ast-banner-title-visibility":"","ast-main-header-display":"","ast-hfb-above-header-display":"","ast-hfb-below-header-display":"","ast-hfb-mobile-header-display":"","site-post-title":"disabled","ast-breadcrumbs-content":"","ast-featured-img":"disabled","footer-sml-layout":"","theme-transparent-header-meta":"","adv-header-id-meta":"","stick-header-meta":"","header-above-stick-meta":"","header-main-stick-meta":"","header-below-stick-meta":"","astra-migrate-meta-layouts":"set","ast-page-background-enabled":"default","ast-page-background-meta":{"desktop":{"background-color":"var(--ast-global-color-4)","background-image":"","background-repeat":"repeat","background-position":"center center","background-size":"auto","background-attachment":"scroll","background-type":"","background-media":"","overlay-type":"","overlay-color":"","overlay-opacity":"","overlay-gradient":""},"tablet":{"background-color":"","background-image":"","background-repeat":"repeat","background-position":"center center","background-size":"auto","background-attachment":"scroll","background-type":"","background-media":"","overlay-type":"","overlay-color":"","overlay-opacity":"","overlay-gradient":""},"mobile":{"background-color":"","background-image":"","background-repeat":"repeat","background-position":"center center","background-size":"auto","background-attachment":"scroll","background-type":"","background-media":"","overlay-type":"","overlay-color":"","overlay-opacity":"","overlay-gradient":""}},"ast-content-background-meta":{"desktop":{"background-color":"var(--ast-global-color-5)","background-image":"","background-repeat":"repeat","background-position":"center center","background-size":"auto","background-attachment":"scroll","background-type":"","background-media":"","overlay-type":"","overlay-color":"","overlay-opacity":"","overlay-gradient":""},"tablet":{"background-color":"var(--ast-global-color-5)","background-image":"","background-repeat":"repeat","background-position":"center center","background-size":"auto","background-attachment":"scroll","background-type":"","background-media":"","overlay-type":"","overlay-color":"","overlay-opacity":"","overlay-gradient":""},"mobile":{"background-color":"var(--ast-global-color-5)","background-image":"","background-repeat":"repeat","background-position":"center center","background-size":"auto","background-attachment":"scroll","background-type":"","background-media":"","overlay-type":"","overlay-color":"","overlay-opacity":"","overlay-gradient":""}},"footnotes":""},"class_list":["post-4922","page","type-page","status-publish","hentry"],"_links":{"self":[{"href":"https:\/\/mijn-lo.nl\/tr\/wp-json\/wp\/v2\/pages\/4922","targetHints":{"allow":["GET"]}}],"collection":[{"href":"https:\/\/mijn-lo.nl\/tr\/wp-json\/wp\/v2\/pages"}],"about":[{"href":"https:\/\/mijn-lo.nl\/tr\/wp-json\/wp\/v2\/types\/page"}],"author":[{"embeddable":true,"href":"https:\/\/mijn-lo.nl\/tr\/wp-json\/wp\/v2\/users\/1"}],"replies":[{"embeddable":true,"href":"https:\/\/mijn-lo.nl\/tr\/wp-json\/wp\/v2\/comments?post=4922"}],"version-history":[{"count":16,"href":"https:\/\/mijn-lo.nl\/tr\/wp-json\/wp\/v2\/pages\/4922\/revisions"}],"predecessor-version":[{"id":6358,"href":"https:\/\/mijn-lo.nl\/tr\/wp-json\/wp\/v2\/pages\/4922\/revisions\/6358"}],"up":[{"embeddable":true,"href":"https:\/\/mijn-lo.nl\/tr\/wp-json\/wp\/v2\/pages\/3258"}],"wp:attachment":[{"href":"https:\/\/mijn-lo.nl\/tr\/wp-json\/wp\/v2\/media?parent=4922"}],"curies":[{"name":"wp","href":"https:\/\/api.w.org\/{rel}","templated":true}]}}