{"id":5355,"date":"2024-02-13T14:25:47","date_gmt":"2024-02-13T14:25:47","guid":{"rendered":"http:\/\/mijn-lo.nl\/?page_id=5355"},"modified":"2025-08-19T17:37:38","modified_gmt":"2025-08-19T17:37:38","slug":"to-get-a-job","status":"publish","type":"page","link":"https:\/\/mijn-lo.nl\/tr\/work\/to-get-a-job\/","title":{"rendered":"\u0130\u015fe girmek"},"content":{"rendered":"<div data-elementor-type=\"wp-page\" data-elementor-id=\"5355\" class=\"elementor elementor-5355\" data-elementor-post-type=\"page\">\n\t\t\t\t\t\t<section class=\"elementor-section elementor-top-section elementor-element elementor-element-6d1bc34 elementor-reverse-tablet elementor-reverse-mobile elementor-section-boxed elementor-section-height-default elementor-section-height-default\" data-id=\"6d1bc34\" data-element_type=\"section\">\n\t\t\t\t\t\t<div class=\"elementor-container elementor-column-gap-default\">\n\t\t\t\t\t<div class=\"elementor-column elementor-col-50 elementor-top-column elementor-element elementor-element-3623a85\" data-id=\"3623a85\" data-element_type=\"column\">\n\t\t\t<div class=\"elementor-widget-wrap elementor-element-populated\">\n\t\t\t\t\t\t<div class=\"elementor-element elementor-element-ccfa1df elementor-widget elementor-widget-text-editor\" data-id=\"ccfa1df\" data-element_type=\"widget\" data-widget_type=\"text-editor.default\">\n\t\t\t\t<div class=\"elementor-widget-container\">\n\t\t\t\t\t\t\t\t\t<h3 class=\"mbr-section-title mbr-fonts-style mb-3 display-5\"><strong>\u00c7al\u0131\u015fma t\u00fcrlerini belirten ifadeler:<\/strong><\/h3><p class=\"mbr-text mbr-fonts-style display-7\">15 ile 67,5 ya\u015f aras\u0131 \u00e7ok say\u0131da ki\u015fi istihdam edilmektedir. 67,5 ya\u015f civar\u0131nda emekli olabilirsiniz.<br \/>\u2022 G\u00f6n\u00fcll\u00fc \u00e7al\u0131\u015fma: maa\u015fs\u0131z \u00e7al\u0131\u015fma, ancak deneyim a\u00e7\u0131s\u0131ndan iyidir. Mesela m\u00fcltecilere yard\u0131m etmek.<br \/>\u2022 Ge\u00e7ici \u00e7al\u0131\u015fma: K\u0131sa bir s\u00fcre i\u00e7in maa\u015fla \u00e7al\u0131\u015fmak.<br \/>\u2022 Kal\u0131c\u0131 i\u015f: Daha uzun s\u00fcreli maa\u015fl\u0131 kal\u0131c\u0131 bir i\u015f.<br \/>\u2022 Esnek \u00e7al\u0131\u015fma: hi\u00e7bir zaman kal\u0131c\u0131 bir i\u015f haline gelmeyen ge\u00e7ici \u00e7al\u0131\u015fma (bir i\u015f bulma kurumu arac\u0131l\u0131\u011f\u0131yla).<br \/>\u2022 Kendi \u015firketiniz: Bir patron i\u00e7in \u00e7al\u0131\u015fm\u0131yorsunuz ancak ba\u011f\u0131ms\u0131z bir giri\u015fimcisiniz (\u00f6rne\u011fin bir ma\u011fazada).<br \/>\u2022 Siyahi i\u015f: Vergi \u00f6demeden \u00e7al\u0131\u015fmak yasakt\u0131r.<br \/>\u2022 Yar\u0131 zamanl\u0131: tam bir \u00e7al\u0131\u015fma haftas\u0131ndan daha k\u0131sa bir s\u00fcre, \u00f6rne\u011fin 2 veya 3 g\u00fcn \u00e7al\u0131\u015fmak.<br \/>\u2022 Tam zamanl\u0131: tam bir \u00e7al\u0131\u015fma haftas\u0131 boyunca \u00e7al\u0131\u015fmak.<br \/>\u2022 D\u00fczenli \u00e7al\u0131\u015fma saatleri: her g\u00fcn ayn\u0131 saatlerde \u00e7al\u0131\u015fmak.<br \/>\u2022 D\u00fczensiz \u00e7al\u0131\u015fma saatleri: farkl\u0131 zamanlarda \u00e7al\u0131\u015fmak, bazen gece, sabah veya ak\u015fam.<br \/>\u2022 \u0130\u015fveren: Maa\u015f\u0131n\u0131 \u00f6deyen patron.<br \/>\u2022 \u00c7al\u0131\u015fan: \u0130\u015fveren ad\u0131na \u00e7al\u0131\u015fan ve maa\u015f alan ki\u015fidir.<\/p>\t\t\t\t\t\t\t\t<\/div>\n\t\t\t\t<\/div>\n\t\t\t\t\t<\/div>\n\t\t<\/div>\n\t\t\t\t<div class=\"elementor-column elementor-col-50 elementor-top-column elementor-element elementor-element-192f551\" data-id=\"192f551\" data-element_type=\"column\">\n\t\t\t<div class=\"elementor-widget-wrap elementor-element-populated\">\n\t\t\t\t\t\t<div class=\"elementor-element elementor-element-03f252e elementor-widget elementor-widget-image\" data-id=\"03f252e\" data-element_type=\"widget\" data-widget_type=\"image.default\">\n\t\t\t\t<div class=\"elementor-widget-container\">\n\t\t\t\t\t\t\t\t\t\t\t\t\t\t\t<img fetchpriority=\"high\" decoding=\"async\" width=\"704\" height=\"750\" src=\"https:\/\/mijn-lo.nl\/wp-content\/uploads\/2024\/02\/jobs1-704x750-1.webp\" class=\"attachment-large size-large wp-image-4575\" alt=\"\" srcset=\"https:\/\/mijn-lo.nl\/wp-content\/uploads\/2024\/02\/jobs1-704x750-1.webp 704w, https:\/\/mijn-lo.nl\/wp-content\/uploads\/2024\/02\/jobs1-704x750-1-282x300.webp 282w, https:\/\/mijn-lo.nl\/wp-content\/uploads\/2024\/02\/jobs1-704x750-1-11x12.webp 11w, https:\/\/mijn-lo.nl\/wp-content\/uploads\/2024\/02\/jobs1-704x750-1-34x36.webp 34w, https:\/\/mijn-lo.nl\/wp-content\/uploads\/2024\/02\/jobs1-704x750-1-45x48.webp 45w\" sizes=\"(max-width: 704px) 100vw, 704px\" \/>\t\t\t\t\t\t\t\t\t\t\t\t\t\t\t<\/div>\n\t\t\t\t<\/div>\n\t\t\t\t\t<\/div>\n\t\t<\/div>\n\t\t\t\t\t<\/div>\n\t\t<\/section>\n\t\t\t\t<section class=\"elementor-section elementor-top-section elementor-element elementor-element-e9a6043 elementor-section-boxed elementor-section-height-default elementor-section-height-default\" data-id=\"e9a6043\" data-element_type=\"section\">\n\t\t\t\t\t\t<div class=\"elementor-container elementor-column-gap-default\">\n\t\t\t\t\t<div class=\"elementor-column elementor-col-50 elementor-top-column elementor-element elementor-element-8e5e8dd\" data-id=\"8e5e8dd\" data-element_type=\"column\">\n\t\t\t<div class=\"elementor-widget-wrap elementor-element-populated\">\n\t\t\t\t\t\t<div class=\"elementor-element elementor-element-9aedc1b elementor-widget elementor-widget-image\" data-id=\"9aedc1b\" data-element_type=\"widget\" data-widget_type=\"image.default\">\n\t\t\t\t<div class=\"elementor-widget-container\">\n\t\t\t\t\t\t\t\t\t\t\t\t\t\t\t<img decoding=\"async\" width=\"752\" height=\"655\" src=\"https:\/\/mijn-lo.nl\/wp-content\/uploads\/2024\/02\/jobsearch-752x655-1.webp\" class=\"attachment-large size-large wp-image-4583\" alt=\"\" srcset=\"https:\/\/mijn-lo.nl\/wp-content\/uploads\/2024\/02\/jobsearch-752x655-1.webp 752w, https:\/\/mijn-lo.nl\/wp-content\/uploads\/2024\/02\/jobsearch-752x655-1-300x261.webp 300w, https:\/\/mijn-lo.nl\/wp-content\/uploads\/2024\/02\/jobsearch-752x655-1-14x12.webp 14w, https:\/\/mijn-lo.nl\/wp-content\/uploads\/2024\/02\/jobsearch-752x655-1-24x21.webp 24w, https:\/\/mijn-lo.nl\/wp-content\/uploads\/2024\/02\/jobsearch-752x655-1-36x31.webp 36w, https:\/\/mijn-lo.nl\/wp-content\/uploads\/2024\/02\/jobsearch-752x655-1-48x42.webp 48w\" sizes=\"(max-width: 752px) 100vw, 752px\" \/>\t\t\t\t\t\t\t\t\t\t\t\t\t\t\t<\/div>\n\t\t\t\t<\/div>\n\t\t\t\t\t<\/div>\n\t\t<\/div>\n\t\t\t\t<div class=\"elementor-column elementor-col-50 elementor-top-column elementor-element elementor-element-ad83f1b\" data-id=\"ad83f1b\" data-element_type=\"column\">\n\t\t\t<div class=\"elementor-widget-wrap elementor-element-populated\">\n\t\t\t\t\t\t<div class=\"elementor-element elementor-element-ce21131 elementor-widget elementor-widget-text-editor\" data-id=\"ce21131\" data-element_type=\"widget\" data-widget_type=\"text-editor.default\">\n\t\t\t\t<div class=\"elementor-widget-container\">\n\t\t\t\t\t\t\t\t\t<h3 class=\"mbr-section-title mbr-fonts-style mb-3 display-5\"><strong>\u0130\u015fe girmek<\/strong><\/h3><p>Ba\u015fvurmak, i\u015f bulmaya \u00e7al\u0131\u015fmak anlam\u0131na gelir. T\u00fcm i\u015flere ba\u015fvuramazs\u0131n\u0131z. Hangi i\u015fi sevdi\u011finize, hangi diplomalara sahip oldu\u011funuza, ka\u00e7 saat \u00e7al\u0131\u015fmak istedi\u011finize ve ne kadar kazanmak istedi\u011finize bakmal\u0131s\u0131n\u0131z.<br \/><br \/>Pek \u00e7ok insan hizmet sekt\u00f6r\u00fcnde \u00e7al\u0131\u015f\u0131yor (=ba\u015fkalar\u0131 i\u00e7in bir \u015feyler yap\u0131yorsunuz).<br \/>\u2022 Bak\u0131m ve refah: \u00e7ocuk bak\u0131m\u0131, bak\u0131m evi, engelli bak\u0131m\u0131, doktor.<br \/>- Teknik: araba tamircisi. Tabii ki becerilerinizi g\u00f6stermek i\u00e7in \u00f6zel sertifikalara ihtiyac\u0131n\u0131z var<br \/>\u2022 \u0130n\u015faat: boyac\u0131, marangoz, s\u0131vac\u0131.<br \/>\u2022 Yemek Hizmetleri: restoran, kafe.<br \/>\u2022 Ticaret ve ula\u015f\u0131m: ma\u011faza, at\u0131\u015ft\u0131rmal\u0131k b\u00fcfesi, otob\u00fcs \u015fof\u00f6r\u00fc, taksi \u015fof\u00f6r\u00fc.<br \/>\u2022 \u0130dari ve g\u00fcvenlik: g\u00fcvenlik g\u00f6revlisi, sekreter.<br \/>- Ye\u015fil sekt\u00f6r: bah\u00e7\u0131van, \u00e7ift\u00e7i. Bu dalda Polen ve Roemenya'dan gelen i\u015f\u00e7iler gibi AB'den gelen bir\u00e7ok i\u015f\u00e7i buluyoruz.<\/p>\t\t\t\t\t\t\t\t<\/div>\n\t\t\t\t<\/div>\n\t\t\t\t\t<\/div>\n\t\t<\/div>\n\t\t\t\t\t<\/div>\n\t\t<\/section>\n\t\t\t\t<section class=\"elementor-section elementor-top-section elementor-element elementor-element-f3da63f elementor-reverse-tablet elementor-reverse-mobile elementor-section-boxed elementor-section-height-default elementor-section-height-default\" data-id=\"f3da63f\" data-element_type=\"section\">\n\t\t\t\t\t\t<div class=\"elementor-container elementor-column-gap-default\">\n\t\t\t\t\t<div class=\"elementor-column elementor-col-50 elementor-top-column elementor-element elementor-element-02860a7\" data-id=\"02860a7\" data-element_type=\"column\">\n\t\t\t<div class=\"elementor-widget-wrap elementor-element-populated\">\n\t\t\t\t\t\t<div class=\"elementor-element elementor-element-c1d4860 elementor-widget elementor-widget-text-editor\" data-id=\"c1d4860\" data-element_type=\"widget\" data-widget_type=\"text-editor.default\">\n\t\t\t\t<div class=\"elementor-widget-container\">\n\t\t\t\t\t\t\t\t\t<h3 class=\"mbr-section-title mbr-fonts-style mb-3 display-5\"><strong>UWV<\/strong><\/h3><p class=\"mbr-text mbr-fonts-style display-7\">E\u011fer i\u015f ar\u0131yorsan\u0131z, i\u015f arayans\u0131n\u0131z demektir. \u0130\u015fsiz demek i\u015finiz yok demektir. Hollanda&#039;da i\u015fsizseniz birka\u00e7 g\u00fcn i\u00e7inde UWV&#039;ye kaydolman\u0131z gerekir. UWV bir fayda sa\u011flar (i\u015finiz yoksa para). Ayr\u0131ca bir i\u015f ko\u00e7u (i\u015f araman\u0131za yard\u0131mc\u0131 olacak biri) al\u0131rs\u0131n\u0131z. UWV arac\u0131l\u0131\u011f\u0131yla bir \u00e7al\u0131\u015fma ko\u00e7u, (kurslar veren ve deneyim i\u00e7in staj yapabilece\u011finiz) bir yeniden entegrasyon \u015firketine gitmeniz gerekti\u011fini belirtebilir.<br \/><br \/><strong>Fayda = parayla ekstra destek<br \/><\/strong>UWV&#039;ye yard\u0131m almak i\u00e7in ba\u015fvuruyorsunuz. \u0130\u015fsizseniz ve alt\u0131 aydan fazla \u00e7al\u0131\u015ft\u0131ysan\u0131z i\u015fsizlik \u00f6dene\u011fi al\u0131rs\u0131n\u0131z. Bazen insanlar i\u015f g\u00f6remez hale gelir (sa\u011fl\u0131k sorunlar\u0131 nedeniyle \u00e7al\u0131\u015famazlar). Bu ki\u015filer WIA yard\u0131m\u0131ndan yararlan\u0131r.<br \/>Sosyal yard\u0131m yard\u0131mlar\u0131, yard\u0131ma ba\u015fvuramayan ve ge\u00e7imini sa\u011flayacak yeterli paras\u0131 olmayan ki\u015filere y\u00f6neliktir. Bu \u00e7ok fazla bir para de\u011fil ve ge\u00e7imini sa\u011flamak zor olabilir.\u00a0<\/p>\t\t\t\t\t\t\t\t<\/div>\n\t\t\t\t<\/div>\n\t\t\t\t\t<\/div>\n\t\t<\/div>\n\t\t\t\t<div class=\"elementor-column elementor-col-50 elementor-top-column elementor-element elementor-element-fc1ff83\" data-id=\"fc1ff83\" data-element_type=\"column\">\n\t\t\t<div class=\"elementor-widget-wrap elementor-element-populated\">\n\t\t\t\t\t\t<div class=\"elementor-element elementor-element-c64e3d9 elementor-widget elementor-widget-image\" data-id=\"c64e3d9\" data-element_type=\"widget\" data-widget_type=\"image.default\">\n\t\t\t\t<div class=\"elementor-widget-container\">\n\t\t\t\t\t\t\t\t\t\t\t\t\t\t\t<img decoding=\"async\" width=\"661\" height=\"654\" src=\"https:\/\/mijn-lo.nl\/wp-content\/uploads\/2024\/02\/uwv2-661x654-1.webp\" class=\"attachment-large size-large wp-image-4585\" alt=\"\" srcset=\"https:\/\/mijn-lo.nl\/wp-content\/uploads\/2024\/02\/uwv2-661x654-1.webp 661w, https:\/\/mijn-lo.nl\/wp-content\/uploads\/2024\/02\/uwv2-661x654-1-300x297.webp 300w, https:\/\/mijn-lo.nl\/wp-content\/uploads\/2024\/02\/uwv2-661x654-1-12x12.webp 12w, https:\/\/mijn-lo.nl\/wp-content\/uploads\/2024\/02\/uwv2-661x654-1-24x24.webp 24w, https:\/\/mijn-lo.nl\/wp-content\/uploads\/2024\/02\/uwv2-661x654-1-36x36.webp 36w, https:\/\/mijn-lo.nl\/wp-content\/uploads\/2024\/02\/uwv2-661x654-1-48x48.webp 48w\" sizes=\"(max-width: 661px) 100vw, 661px\" \/>\t\t\t\t\t\t\t\t\t\t\t\t\t\t\t<\/div>\n\t\t\t\t<\/div>\n\t\t\t\t\t<\/div>\n\t\t<\/div>\n\t\t\t\t\t<\/div>\n\t\t<\/section>\n\t\t\t\t<section class=\"elementor-section elementor-top-section elementor-element elementor-element-21c66c4 elementor-section-boxed elementor-section-height-default elementor-section-height-default\" data-id=\"21c66c4\" data-element_type=\"section\">\n\t\t\t\t\t\t<div class=\"elementor-container elementor-column-gap-default\">\n\t\t\t\t\t<div class=\"elementor-column elementor-col-50 elementor-top-column elementor-element elementor-element-60e1a44\" data-id=\"60e1a44\" data-element_type=\"column\">\n\t\t\t<div class=\"elementor-widget-wrap elementor-element-populated\">\n\t\t\t\t\t\t<div class=\"elementor-element elementor-element-f6c5e96 elementor-widget elementor-widget-image\" data-id=\"f6c5e96\" data-element_type=\"widget\" data-widget_type=\"image.default\">\n\t\t\t\t<div class=\"elementor-widget-container\">\n\t\t\t\t\t\t\t\t\t\t\t\t\t\t\t<img loading=\"lazy\" decoding=\"async\" width=\"750\" height=\"518\" src=\"https:\/\/mijn-lo.nl\/wp-content\/uploads\/2024\/02\/uitzendbureau-750x518-1.webp\" class=\"attachment-large size-large wp-image-4586\" alt=\"\" srcset=\"https:\/\/mijn-lo.nl\/wp-content\/uploads\/2024\/02\/uitzendbureau-750x518-1.webp 750w, https:\/\/mijn-lo.nl\/wp-content\/uploads\/2024\/02\/uitzendbureau-750x518-1-300x207.webp 300w, https:\/\/mijn-lo.nl\/wp-content\/uploads\/2024\/02\/uitzendbureau-750x518-1-18x12.webp 18w, https:\/\/mijn-lo.nl\/wp-content\/uploads\/2024\/02\/uitzendbureau-750x518-1-24x17.webp 24w, https:\/\/mijn-lo.nl\/wp-content\/uploads\/2024\/02\/uitzendbureau-750x518-1-36x25.webp 36w, https:\/\/mijn-lo.nl\/wp-content\/uploads\/2024\/02\/uitzendbureau-750x518-1-48x33.webp 48w\" sizes=\"(max-width: 750px) 100vw, 750px\" \/>\t\t\t\t\t\t\t\t\t\t\t\t\t\t\t<\/div>\n\t\t\t\t<\/div>\n\t\t\t\t<div class=\"elementor-element elementor-element-04aff24 elementor-widget elementor-widget-text-editor\" data-id=\"04aff24\" data-element_type=\"widget\" data-widget_type=\"text-editor.default\">\n\t\t\t\t<div class=\"elementor-widget-container\">\n\t\t\t\t\t\t\t\t\t<p style=\"text-align: center;\">\u0130\u015f bulma kurumu<\/p>\t\t\t\t\t\t\t\t<\/div>\n\t\t\t\t<\/div>\n\t\t\t\t\t<\/div>\n\t\t<\/div>\n\t\t\t\t<div class=\"elementor-column elementor-col-50 elementor-top-column elementor-element elementor-element-e531f2e\" data-id=\"e531f2e\" data-element_type=\"column\">\n\t\t\t<div class=\"elementor-widget-wrap elementor-element-populated\">\n\t\t\t\t\t\t<div class=\"elementor-element elementor-element-cb7b0bb elementor-widget elementor-widget-text-editor\" data-id=\"cb7b0bb\" data-element_type=\"widget\" data-widget_type=\"text-editor.default\">\n\t\t\t\t<div class=\"elementor-widget-container\">\n\t\t\t\t\t\t\t\t\t<h3 class=\"mbr-section-title mbr-fonts-style mb-3 display-5\"><strong>\u0130stihdam b\u00fcrolar\u0131<\/strong><\/h3><p class=\"mbr-text mbr-fonts-style display-7\">Bir i\u015f bulma kurumu sizin i\u00e7in i\u015f arayacakt\u0131r; genellikle ge\u00e7ici i\u015f, i\u015f bulma kurumu arac\u0131l\u0131\u011f\u0131yla maa\u015f. A\u00e7\u0131k pozisyon veya ilanda; pozisyon, g\u00f6revler, i\u015fin gereklilikleri (diploma, deneyim, seviye), \u00e7al\u0131\u015fma saatleri, ka\u00e7 saat, hangi g\u00fcnler, firman\u0131n ad\u0131, adresi ve telefon numaras\u0131 ile ba\u015fvuru yapman\u0131z gereken tarih belirtilir. . Bazen maa\u015ftan da bahsediliyor.<br \/><br \/>Ba\u015fvuru yapmadan \u00f6nce, i\u015fi ger\u00e7ekten sevdi\u011finizden emin olmak i\u00e7in \u015firketten bilgi isteyebilirsiniz. CV, kendinizle ilgili bilgileri (isim, adres, diplomalar, i\u015f deneyimi) i\u00e7eren bir belgedir. \u0130\u015fi neden istedi\u011finizi (\u00f6zge\u00e7mi\u015f dahil) bize bildirmek i\u00e7in bir \u00f6n mektup yazars\u0131n\u0131z.<\/p>\t\t\t\t\t\t\t\t<\/div>\n\t\t\t\t<\/div>\n\t\t\t\t\t<\/div>\n\t\t<\/div>\n\t\t\t\t\t<\/div>\n\t\t<\/section>\n\t\t\t\t<section class=\"elementor-section elementor-top-section elementor-element elementor-element-311e16a elementor-reverse-tablet elementor-reverse-mobile elementor-section-boxed elementor-section-height-default elementor-section-height-default\" data-id=\"311e16a\" data-element_type=\"section\">\n\t\t\t\t\t\t<div class=\"elementor-container elementor-column-gap-default\">\n\t\t\t\t\t<div class=\"elementor-column elementor-col-50 elementor-top-column elementor-element elementor-element-092da81\" data-id=\"092da81\" data-element_type=\"column\">\n\t\t\t<div class=\"elementor-widget-wrap elementor-element-populated\">\n\t\t\t\t\t\t<div class=\"elementor-element elementor-element-7789889 elementor-widget elementor-widget-text-editor\" data-id=\"7789889\" data-element_type=\"widget\" data-widget_type=\"text-editor.default\">\n\t\t\t\t<div class=\"elementor-widget-container\">\n\t\t\t\t\t\t\t\t\t<h3 class=\"mbr-section-title mbr-fonts-style mb-3 display-5\"><strong>\u0130\u015f g\u00f6r\u00fc\u015fmesi<\/strong><\/h3><p class=\"mbr-text mbr-fonts-style display-7\"><br \/>\u0130\u015f g\u00f6r\u00fc\u015fmesi, i\u015fi al\u0131p almayaca\u011f\u0131n\u0131z\u0131 g\u00f6rmek i\u00e7in yap\u0131lan bir g\u00f6r\u00fc\u015fmedir. Konu\u015fma \u00f6nemli!<br \/>\u0130yi haz\u0131rlanmal\u0131s\u0131n\u0131z (ne sormak istiyorsunuz?).<br \/>\u2022 \u0130\u00e7eri girdi\u011finizde el s\u0131k\u0131\u015f\u0131n, kendinizi tan\u0131t\u0131n (&quot;Ben Malek&#039;im&quot;).<br \/>\u2022 L\u00fctfen \u015f\u0131k k\u0131yafetler giyin (\u015fapkas\u0131z).<br \/>\u2022 Zaman\u0131nda gelin!<br \/>\u2022 Beden dilinize dikkat edin (insanlar\u0131n g\u00f6zlerinin i\u00e7ine bak\u0131n, dik oturun).<br \/><br \/>\u0130\u015f bulma ad\u0131mlar\u0131:<br \/>1. Bo\u015f pozisyonlar ar\u0131yorsunuz.<br \/>2. A\u00e7\u0131k pozisyondaki bir \u015firket hakk\u0131nda bilgi ar\u0131yorsunuz.<br \/>3. \u00d6zge\u00e7mi\u015finizi ve \u00f6n yaz\u0131n\u0131z\u0131 g\u00f6nderirsiniz.<br \/>4. \u0130\u015f g\u00f6r\u00fc\u015fmesine gidiyorsunuz.<br \/>5. \u0130\u015fi al\u0131rsan\u0131z duyacaks\u0131n\u0131z.<br \/>6. S\u00f6zle\u015fmeyi imzal\u0131yorsunuz.<br \/>7. \u0130\u015fle ba\u015flay\u0131n!<\/p>\t\t\t\t\t\t\t\t<\/div>\n\t\t\t\t<\/div>\n\t\t\t\t\t<\/div>\n\t\t<\/div>\n\t\t\t\t<div class=\"elementor-column elementor-col-50 elementor-top-column elementor-element elementor-element-b6b32b9\" data-id=\"b6b32b9\" data-element_type=\"column\">\n\t\t\t<div class=\"elementor-widget-wrap elementor-element-populated\">\n\t\t\t\t\t\t<div class=\"elementor-element elementor-element-600b574 elementor-widget elementor-widget-image\" data-id=\"600b574\" data-element_type=\"widget\" data-widget_type=\"image.default\">\n\t\t\t\t<div class=\"elementor-widget-container\">\n\t\t\t\t\t\t\t\t\t\t\t\t\t\t\t<img loading=\"lazy\" decoding=\"async\" width=\"667\" height=\"874\" src=\"https:\/\/mijn-lo.nl\/wp-content\/uploads\/2024\/02\/application-1-667x874-1.webp\" class=\"attachment-large size-large wp-image-4587\" alt=\"\" srcset=\"https:\/\/mijn-lo.nl\/wp-content\/uploads\/2024\/02\/application-1-667x874-1.webp 667w, https:\/\/mijn-lo.nl\/wp-content\/uploads\/2024\/02\/application-1-667x874-1-229x300.webp 229w, https:\/\/mijn-lo.nl\/wp-content\/uploads\/2024\/02\/application-1-667x874-1-9x12.webp 9w, https:\/\/mijn-lo.nl\/wp-content\/uploads\/2024\/02\/application-1-667x874-1-18x24.webp 18w, https:\/\/mijn-lo.nl\/wp-content\/uploads\/2024\/02\/application-1-667x874-1-27x36.webp 27w, https:\/\/mijn-lo.nl\/wp-content\/uploads\/2024\/02\/application-1-667x874-1-37x48.webp 37w\" sizes=\"(max-width: 667px) 100vw, 667px\" \/>\t\t\t\t\t\t\t\t\t\t\t\t\t\t\t<\/div>\n\t\t\t\t<\/div>\n\t\t\t\t<div class=\"elementor-element elementor-element-cafad67 elementor-widget elementor-widget-text-editor\" data-id=\"cafad67\" data-element_type=\"widget\" data-widget_type=\"text-editor.default\">\n\t\t\t\t<div class=\"elementor-widget-container\">\n\t\t\t\t\t\t\t\t\t<p style=\"text-align: center;\">\u0130\u015f g\u00f6r\u00fc\u015fmesi<\/p>\t\t\t\t\t\t\t\t<\/div>\n\t\t\t\t<\/div>\n\t\t\t\t\t<\/div>\n\t\t<\/div>\n\t\t\t\t\t<\/div>\n\t\t<\/section>\n\t\t\t\t<section class=\"elementor-section elementor-top-section elementor-element elementor-element-2edcca1 elementor-section-boxed elementor-section-height-default elementor-section-height-default\" data-id=\"2edcca1\" data-element_type=\"section\">\n\t\t\t\t\t\t<div class=\"elementor-container elementor-column-gap-default\">\n\t\t\t\t\t<div class=\"elementor-column elementor-col-100 elementor-top-column elementor-element elementor-element-75349f87\" data-id=\"75349f87\" data-element_type=\"column\">\n\t\t\t<div class=\"elementor-widget-wrap elementor-element-populated\">\n\t\t\t\t\t\t<div class=\"elementor-element elementor-element-2d2d0e50 elementor-align-center elementor-widget elementor-widget-button\" data-id=\"2d2d0e50\" data-element_type=\"widget\" data-widget_type=\"button.default\">\n\t\t\t\t<div class=\"elementor-widget-container\">\n\t\t\t\t\t\t\t\t\t<div class=\"elementor-button-wrapper\">\n\t\t\t\t\t<a class=\"elementor-button elementor-button-link elementor-size-sm\" href=\"https:\/\/mijn-lo.nl\/tr\/work\/contract-and-cao\/\">\n\t\t\t\t\t\t<span class=\"elementor-button-content-wrapper\">\n\t\t\t\t\t\t\t\t\t<span class=\"elementor-button-text\">devam etmek<\/span>\n\t\t\t\t\t<\/span>\n\t\t\t\t\t<\/a>\n\t\t\t\t<\/div>\n\t\t\t\t\t\t\t\t<\/div>\n\t\t\t\t<\/div>\n\t\t\t\t\t<\/div>\n\t\t<\/div>\n\t\t\t\t\t<\/div>\n\t\t<\/section>\n\t\t\t\t<\/div>","protected":false},"excerpt":{"rendered":"<p>Expressions to indicate types of work: Many people between the ages of 15 and 67,5 are employed. At the age of about 67,5 you can retire.\u2022 Volunteer work: work without salary, but good for experience. For instance helping refugees.\u2022 Temporary work: work for a short period with a salary.\u2022 Permanent work: a permanent job with [&hellip;]<\/p>\n","protected":false},"author":1,"featured_media":0,"parent":3364,"menu_order":3,"comment_status":"closed","ping_status":"closed","template":"elementor_canvas","meta":{"site-sidebar-layout":"no-sidebar","site-content-layout":"page-builder","ast-site-content-layout":"full-width-container","site-content-style":"default","site-sidebar-style":"default","ast-global-header-display":"","ast-banner-title-visibility":"","ast-main-header-display":"","ast-hfb-above-header-display":"","ast-hfb-below-header-display":"","ast-hfb-mobile-header-display":"","site-post-title":"disabled","ast-breadcrumbs-content":"","ast-featured-img":"disabled","footer-sml-layout":"","theme-transparent-header-meta":"","adv-header-id-meta":"","stick-header-meta":"","header-above-stick-meta":"","header-main-stick-meta":"","header-below-stick-meta":"","astra-migrate-meta-layouts":"set","ast-page-background-enabled":"default","ast-page-background-meta":{"desktop":{"background-color":"var(--ast-global-color-4)","background-image":"","background-repeat":"repeat","background-position":"center center","background-size":"auto","background-attachment":"scroll","background-type":"","background-media":"","overlay-type":"","overlay-color":"","overlay-opacity":"","overlay-gradient":""},"tablet":{"background-color":"","background-image":"","background-repeat":"repeat","background-position":"center center","background-size":"auto","background-attachment":"scroll","background-type":"","background-media":"","overlay-type":"","overlay-color":"","overlay-opacity":"","overlay-gradient":""},"mobile":{"background-color":"","background-image":"","background-repeat":"repeat","background-position":"center center","background-size":"auto","background-attachment":"scroll","background-type":"","background-media":"","overlay-type":"","overlay-color":"","overlay-opacity":"","overlay-gradient":""}},"ast-content-background-meta":{"desktop":{"background-color":"var(--ast-global-color-5)","background-image":"","background-repeat":"repeat","background-position":"center center","background-size":"auto","background-attachment":"scroll","background-type":"","background-media":"","overlay-type":"","overlay-color":"","overlay-opacity":"","overlay-gradient":""},"tablet":{"background-color":"var(--ast-global-color-5)","background-image":"","background-repeat":"repeat","background-position":"center center","background-size":"auto","background-attachment":"scroll","background-type":"","background-media":"","overlay-type":"","overlay-color":"","overlay-opacity":"","overlay-gradient":""},"mobile":{"background-color":"var(--ast-global-color-5)","background-image":"","background-repeat":"repeat","background-position":"center center","background-size":"auto","background-attachment":"scroll","background-type":"","background-media":"","overlay-type":"","overlay-color":"","overlay-opacity":"","overlay-gradient":""}},"footnotes":""},"class_list":["post-5355","page","type-page","status-publish","hentry"],"_links":{"self":[{"href":"https:\/\/mijn-lo.nl\/tr\/wp-json\/wp\/v2\/pages\/5355","targetHints":{"allow":["GET"]}}],"collection":[{"href":"https:\/\/mijn-lo.nl\/tr\/wp-json\/wp\/v2\/pages"}],"about":[{"href":"https:\/\/mijn-lo.nl\/tr\/wp-json\/wp\/v2\/types\/page"}],"author":[{"embeddable":true,"href":"https:\/\/mijn-lo.nl\/tr\/wp-json\/wp\/v2\/users\/1"}],"replies":[{"embeddable":true,"href":"https:\/\/mijn-lo.nl\/tr\/wp-json\/wp\/v2\/comments?post=5355"}],"version-history":[{"count":13,"href":"https:\/\/mijn-lo.nl\/tr\/wp-json\/wp\/v2\/pages\/5355\/revisions"}],"predecessor-version":[{"id":6310,"href":"https:\/\/mijn-lo.nl\/tr\/wp-json\/wp\/v2\/pages\/5355\/revisions\/6310"}],"up":[{"embeddable":true,"href":"https:\/\/mijn-lo.nl\/tr\/wp-json\/wp\/v2\/pages\/3364"}],"wp:attachment":[{"href":"https:\/\/mijn-lo.nl\/tr\/wp-json\/wp\/v2\/media?parent=5355"}],"curies":[{"name":"wp","href":"https:\/\/api.w.org\/{rel}","templated":true}]}}