{"id":5357,"date":"2024-02-13T14:26:11","date_gmt":"2024-02-13T14:26:11","guid":{"rendered":"http:\/\/mijn-lo.nl\/?page_id=5357"},"modified":"2025-08-19T17:38:00","modified_gmt":"2025-08-19T17:38:00","slug":"contract-and-cao","status":"publish","type":"page","link":"https:\/\/mijn-lo.nl\/tr\/work\/contract-and-cao\/","title":{"rendered":"S\u00f6zle\u015fme ve CAO"},"content":{"rendered":"<div data-elementor-type=\"wp-page\" data-elementor-id=\"5357\" class=\"elementor elementor-5357\" data-elementor-post-type=\"page\">\n\t\t\t\t\t\t<section class=\"elementor-section elementor-top-section elementor-element elementor-element-853250f elementor-reverse-tablet elementor-reverse-mobile elementor-section-boxed elementor-section-height-default elementor-section-height-default\" data-id=\"853250f\" data-element_type=\"section\">\n\t\t\t\t\t\t<div class=\"elementor-container elementor-column-gap-default\">\n\t\t\t\t\t<div class=\"elementor-column elementor-col-50 elementor-top-column elementor-element elementor-element-8db01a1\" data-id=\"8db01a1\" data-element_type=\"column\">\n\t\t\t<div class=\"elementor-widget-wrap elementor-element-populated\">\n\t\t\t\t\t\t<div class=\"elementor-element elementor-element-eb35863 elementor-widget elementor-widget-text-editor\" data-id=\"eb35863\" data-element_type=\"widget\" data-widget_type=\"text-editor.default\">\n\t\t\t\t<div class=\"elementor-widget-container\">\n\t\t\t\t\t\t\t\t\t<h3 class=\"mbr-section-title mbr-fonts-style mb-3 display-5\"><strong>S\u00f6zle\u015fme ve CAO<\/strong><\/h3><p class=\"mbr-text mbr-fonts-style display-7\"><strong>S\u00f6zle\u015fme<br \/><\/strong>E\u011fer i\u015f bulduysan\u0131z, bir s\u00f6zle\u015fme alacaks\u0131n\u0131z. Bu s\u00f6zle\u015fme istihdam ko\u015fullar\u0131n\u0131 (= i\u015fle ilgili anla\u015fmalar\u0131) i\u00e7erir. Haftada ka\u00e7 saat \u00e7al\u0131\u015faca\u011f\u0131n\u0131z, maa\u015f\u0131n\u0131z\u0131n ne kadar olaca\u011f\u0131, deneme s\u00fcrenizin olup olmad\u0131\u011f\u0131, ne kadar tatil yapaca\u011f\u0131n\u0131z ve i\u015fe ne zaman ba\u015flayaca\u011f\u0131n\u0131z gibi. Deneme s\u00fcresi = i\u015fi deneme s\u00fcresi. Daha sonra her g\u00fcn istifa edebilir (kendinizi durdurabilir) veya kovulabilirsiniz (durdurmak zorundas\u0131n\u0131z).<br \/><br \/><strong>CAO<\/strong><br \/>CAO b\u00fcy\u00fck gruplar i\u00e7in ge\u00e7erli olan bir anla\u015fmad\u0131r<br \/>Toplu i\u015f s\u00f6zle\u015fmesi, bir sekt\u00f6r i\u00e7in t\u00fcm i\u015fverenler ve \u00e7al\u0131\u015fanlar aras\u0131ndaki anla\u015fmalar\u0131 i\u00e7erir. Haklar\u0131n\u0131z (patrondan ne ald\u0131\u011f\u0131n\u0131z) ve g\u00f6revleriniz (i\u015f i\u00e7in ne yapman\u0131z gerekti\u011fi) vard\u0131r.<\/p>\t\t\t\t\t\t\t\t<\/div>\n\t\t\t\t<\/div>\n\t\t\t\t\t<\/div>\n\t\t<\/div>\n\t\t\t\t<div class=\"elementor-column elementor-col-50 elementor-top-column elementor-element elementor-element-f947750\" data-id=\"f947750\" data-element_type=\"column\">\n\t\t\t<div class=\"elementor-widget-wrap elementor-element-populated\">\n\t\t\t\t\t\t<div class=\"elementor-element elementor-element-7bba9c0 elementor-widget elementor-widget-image\" data-id=\"7bba9c0\" data-element_type=\"widget\" data-widget_type=\"image.default\">\n\t\t\t\t<div class=\"elementor-widget-container\">\n\t\t\t\t\t\t\t\t\t\t\t\t\t\t\t<img fetchpriority=\"high\" decoding=\"async\" width=\"750\" height=\"457\" src=\"https:\/\/mijn-lo.nl\/wp-content\/uploads\/2024\/02\/contract5-750x457-1-1.webp\" class=\"attachment-large size-large wp-image-5328\" alt=\"\" srcset=\"https:\/\/mijn-lo.nl\/wp-content\/uploads\/2024\/02\/contract5-750x457-1-1.webp 750w, https:\/\/mijn-lo.nl\/wp-content\/uploads\/2024\/02\/contract5-750x457-1-1-300x183.webp 300w, https:\/\/mijn-lo.nl\/wp-content\/uploads\/2024\/02\/contract5-750x457-1-1-18x12.webp 18w, https:\/\/mijn-lo.nl\/wp-content\/uploads\/2024\/02\/contract5-750x457-1-1-24x15.webp 24w, https:\/\/mijn-lo.nl\/wp-content\/uploads\/2024\/02\/contract5-750x457-1-1-36x22.webp 36w, https:\/\/mijn-lo.nl\/wp-content\/uploads\/2024\/02\/contract5-750x457-1-1-48x29.webp 48w\" sizes=\"(max-width: 750px) 100vw, 750px\" \/>\t\t\t\t\t\t\t\t\t\t\t\t\t\t\t<\/div>\n\t\t\t\t<\/div>\n\t\t\t\t\t<\/div>\n\t\t<\/div>\n\t\t\t\t\t<\/div>\n\t\t<\/section>\n\t\t\t\t<section class=\"elementor-section elementor-top-section elementor-element elementor-element-fab18fa elementor-section-boxed elementor-section-height-default elementor-section-height-default\" data-id=\"fab18fa\" data-element_type=\"section\">\n\t\t\t\t\t\t<div class=\"elementor-container elementor-column-gap-default\">\n\t\t\t\t\t<div class=\"elementor-column elementor-col-50 elementor-top-column elementor-element elementor-element-443cf3b\" data-id=\"443cf3b\" data-element_type=\"column\">\n\t\t\t<div class=\"elementor-widget-wrap elementor-element-populated\">\n\t\t\t\t\t\t<div class=\"elementor-element elementor-element-69d2c7a elementor-widget elementor-widget-image\" data-id=\"69d2c7a\" data-element_type=\"widget\" data-widget_type=\"image.default\">\n\t\t\t\t<div class=\"elementor-widget-container\">\n\t\t\t\t\t\t\t\t\t\t\t\t\t\t\t<img decoding=\"async\" width=\"632\" height=\"1000\" src=\"https:\/\/mijn-lo.nl\/wp-content\/uploads\/2024\/02\/bonden-632x1000-1.webp\" class=\"attachment-large size-large wp-image-5343\" alt=\"\" srcset=\"https:\/\/mijn-lo.nl\/wp-content\/uploads\/2024\/02\/bonden-632x1000-1.webp 632w, https:\/\/mijn-lo.nl\/wp-content\/uploads\/2024\/02\/bonden-632x1000-1-190x300.webp 190w, https:\/\/mijn-lo.nl\/wp-content\/uploads\/2024\/02\/bonden-632x1000-1-8x12.webp 8w, https:\/\/mijn-lo.nl\/wp-content\/uploads\/2024\/02\/bonden-632x1000-1-15x24.webp 15w, https:\/\/mijn-lo.nl\/wp-content\/uploads\/2024\/02\/bonden-632x1000-1-23x36.webp 23w, https:\/\/mijn-lo.nl\/wp-content\/uploads\/2024\/02\/bonden-632x1000-1-30x48.webp 30w\" sizes=\"(max-width: 632px) 100vw, 632px\" \/>\t\t\t\t\t\t\t\t\t\t\t\t\t\t\t<\/div>\n\t\t\t\t<\/div>\n\t\t\t\t<div class=\"elementor-element elementor-element-0ea2c44 elementor-widget elementor-widget-text-editor\" data-id=\"0ea2c44\" data-element_type=\"widget\" data-widget_type=\"text-editor.default\">\n\t\t\t\t<div class=\"elementor-widget-container\">\n\t\t\t\t\t\t\t\t\t<p style=\"text-align: center;\">Sendikalar<\/p>\t\t\t\t\t\t\t\t<\/div>\n\t\t\t\t<\/div>\n\t\t\t\t\t<\/div>\n\t\t<\/div>\n\t\t\t\t<div class=\"elementor-column elementor-col-50 elementor-top-column elementor-element elementor-element-54b5fe6\" data-id=\"54b5fe6\" data-element_type=\"column\">\n\t\t\t<div class=\"elementor-widget-wrap elementor-element-populated\">\n\t\t\t\t\t\t<div class=\"elementor-element elementor-element-904c4f9 elementor-widget elementor-widget-text-editor\" data-id=\"904c4f9\" data-element_type=\"widget\" data-widget_type=\"text-editor.default\">\n\t\t\t\t<div class=\"elementor-widget-container\">\n\t\t\t\t\t\t\t\t\t<h3 class=\"mbr-section-title mbr-fonts-style mb-3 display-5\"><strong>Hollanda'daki Sendikalar<\/strong><\/h3><p class=\"mbr-text mbr-fonts-style display-7\">Hollanda'da bir\u00e7ok \u00f6nemli sendika vard\u0131r, ancak \u00fc\u00e7 b\u00fcy\u00fck oyuncu \u00f6ne \u00e7\u0131kmaktad\u0131r:<br \/><br \/><strong>1. Hollanda \u0130\u015f\u00e7i Sendikalar\u0131 Federasyonu (FNV):<\/strong><br \/>Bu sendika tipik bir sosyal demokrat y\u00f6nelime sahip en b\u00fcy\u00fck sendikad\u0131r. Bu sendikan\u0131n odak noktas\u0131 sa\u011fl\u0131k, e\u011fitim, ula\u015f\u0131m ve h\u00fck\u00fcmet dahil olmak \u00fczere \u00e7ok \u00e7e\u015fitli sekt\u00f6rlerle ilgilidir.\u00a0<br \/><br \/><br \/><strong>2. Hristiyan Ulusal Sendikalar Federasyonu (CNV):<\/strong><br \/>Bu birlik \"H\u0131ristiyan demokrat\" olarak tan\u0131mlanabilecek bir y\u00f6nelime sahiptir.\u00a0<br \/>Odak noktas\u0131 FNV'ninkine benziyor.\u00a0<br \/><br \/><strong>3. Di\u011fer sendikalar<br \/><\/strong>Bunun gibi daha fazla sendika var<br \/>a. Profesyoneller i\u00e7in Sendika Federasyonu (VCP):<br \/>b. De Unie: Toplu ta\u015f\u0131ma \u00e7al\u0131\u015fanlar\u0131n\u0131 temsil eder ve b\u00fcy\u00fck \u015fehirlerde g\u00fc\u00e7l\u00fc bir varl\u0131\u011f\u0131 vard\u0131r.<\/p>\t\t\t\t\t\t\t\t<\/div>\n\t\t\t\t<\/div>\n\t\t\t\t\t<\/div>\n\t\t<\/div>\n\t\t\t\t\t<\/div>\n\t\t<\/section>\n\t\t\t\t<section class=\"elementor-section elementor-top-section elementor-element elementor-element-e0933fa elementor-reverse-tablet elementor-reverse-mobile elementor-section-boxed elementor-section-height-default elementor-section-height-default\" data-id=\"e0933fa\" data-element_type=\"section\">\n\t\t\t\t\t\t<div class=\"elementor-container elementor-column-gap-default\">\n\t\t\t\t\t<div class=\"elementor-column elementor-col-50 elementor-top-column elementor-element elementor-element-af72979\" data-id=\"af72979\" data-element_type=\"column\">\n\t\t\t<div class=\"elementor-widget-wrap elementor-element-populated\">\n\t\t\t\t\t\t<div class=\"elementor-element elementor-element-1d1d26a elementor-widget elementor-widget-text-editor\" data-id=\"1d1d26a\" data-element_type=\"widget\" data-widget_type=\"text-editor.default\">\n\t\t\t\t<div class=\"elementor-widget-container\">\n\t\t\t\t\t\t\t\t\t<h3 class=\"mbr-section-title mbr-fonts-style mb-3 display-5\"><strong>Sendikalar\u0131n Taks<\/strong><\/h3><p class=\"mbr-text mbr-fonts-style display-7\"><strong>Birliklerin genel g\u00f6revleri:<br \/><\/strong>Toplu i\u015f s\u00f6zle\u015fmeleri (CAO) i\u00e7in m\u00fczakere ederler. B\u00f6ylece daha iyi bir maa\u015f ve daha az \u00e7al\u0131\u015fma saatleri gibi konularda pazarl\u0131k yaparlar.<br \/>Ayr\u0131ca hukuki yard\u0131m sa\u011flamakta, daha iyi \u00e7al\u0131\u015fma ko\u015fullar\u0131 ve \u00fccretler i\u00e7in kampanya y\u00fcr\u00fctmekte ve i\u015f\u00e7i haklar\u0131n\u0131 te\u015fvik etmektedirler. Son olarak, \u00fcyelerine i\u015fle ilgili \u00e7e\u015fitli konularda e\u011fitim ve \u00f6\u011fretim programlar\u0131 sunarak e\u011fitim ve \u00f6\u011fretimle ilgilenirler.<\/p>\t\t\t\t\t\t\t\t<\/div>\n\t\t\t\t<\/div>\n\t\t\t\t\t<\/div>\n\t\t<\/div>\n\t\t\t\t<div class=\"elementor-column elementor-col-50 elementor-top-column elementor-element elementor-element-609bd5a\" data-id=\"609bd5a\" data-element_type=\"column\">\n\t\t\t<div class=\"elementor-widget-wrap elementor-element-populated\">\n\t\t\t\t\t\t<div class=\"elementor-element elementor-element-d508d55 elementor-widget elementor-widget-image\" data-id=\"d508d55\" data-element_type=\"widget\" data-widget_type=\"image.default\">\n\t\t\t\t<div class=\"elementor-widget-container\">\n\t\t\t\t\t\t\t\t\t\t\t\t\t\t\t<img decoding=\"async\" width=\"800\" height=\"507\" src=\"https:\/\/mijn-lo.nl\/wp-content\/uploads\/2024\/02\/onderhandelen-800x507-1.webp\" class=\"attachment-large size-large wp-image-5344\" alt=\"\" srcset=\"https:\/\/mijn-lo.nl\/wp-content\/uploads\/2024\/02\/onderhandelen-800x507-1.webp 800w, https:\/\/mijn-lo.nl\/wp-content\/uploads\/2024\/02\/onderhandelen-800x507-1-300x190.webp 300w, https:\/\/mijn-lo.nl\/wp-content\/uploads\/2024\/02\/onderhandelen-800x507-1-768x487.webp 768w, https:\/\/mijn-lo.nl\/wp-content\/uploads\/2024\/02\/onderhandelen-800x507-1-18x12.webp 18w, https:\/\/mijn-lo.nl\/wp-content\/uploads\/2024\/02\/onderhandelen-800x507-1-24x15.webp 24w, https:\/\/mijn-lo.nl\/wp-content\/uploads\/2024\/02\/onderhandelen-800x507-1-36x23.webp 36w, https:\/\/mijn-lo.nl\/wp-content\/uploads\/2024\/02\/onderhandelen-800x507-1-48x30.webp 48w\" sizes=\"(max-width: 800px) 100vw, 800px\" \/>\t\t\t\t\t\t\t\t\t\t\t\t\t\t\t<\/div>\n\t\t\t\t<\/div>\n\t\t\t\t<div class=\"elementor-element elementor-element-d2d76f3 elementor-widget elementor-widget-text-editor\" data-id=\"d2d76f3\" data-element_type=\"widget\" data-widget_type=\"text-editor.default\">\n\t\t\t\t<div class=\"elementor-widget-container\">\n\t\t\t\t\t\t\t\t\t<p style=\"text-align: center;\">Pazarl\u0131k<\/p>\t\t\t\t\t\t\t\t<\/div>\n\t\t\t\t<\/div>\n\t\t\t\t\t<\/div>\n\t\t<\/div>\n\t\t\t\t\t<\/div>\n\t\t<\/section>\n\t\t\t\t<section class=\"elementor-section elementor-top-section elementor-element elementor-element-2edcca1 elementor-section-boxed elementor-section-height-default elementor-section-height-default\" data-id=\"2edcca1\" data-element_type=\"section\">\n\t\t\t\t\t\t<div class=\"elementor-container elementor-column-gap-default\">\n\t\t\t\t\t<div class=\"elementor-column elementor-col-100 elementor-top-column elementor-element elementor-element-75349f87\" data-id=\"75349f87\" data-element_type=\"column\">\n\t\t\t<div class=\"elementor-widget-wrap elementor-element-populated\">\n\t\t\t\t\t\t<div class=\"elementor-element elementor-element-2d2d0e50 elementor-align-center elementor-widget elementor-widget-button\" data-id=\"2d2d0e50\" data-element_type=\"widget\" data-widget_type=\"button.default\">\n\t\t\t\t<div class=\"elementor-widget-container\">\n\t\t\t\t\t\t\t\t\t<div class=\"elementor-button-wrapper\">\n\t\t\t\t\t<a class=\"elementor-button elementor-button-link elementor-size-sm\" href=\"https:\/\/mijn-lo.nl\/tr\/work\/certificates-and-skills\/\">\n\t\t\t\t\t\t<span class=\"elementor-button-content-wrapper\">\n\t\t\t\t\t\t\t\t\t<span class=\"elementor-button-text\">devam etmek<\/span>\n\t\t\t\t\t<\/span>\n\t\t\t\t\t<\/a>\n\t\t\t\t<\/div>\n\t\t\t\t\t\t\t\t<\/div>\n\t\t\t\t<\/div>\n\t\t\t\t\t<\/div>\n\t\t<\/div>\n\t\t\t\t\t<\/div>\n\t\t<\/section>\n\t\t\t\t<\/div>","protected":false},"excerpt":{"rendered":"<p>Contract and CAO ContractIf you have found work, you will receive a contract. It contains employment conditions (= agreements about the work). How many hours a week you work, what your salary is, whether you have a probationary period, how much holiday you get, and when you start work. Probationary period = trying out the [&hellip;]<\/p>\n","protected":false},"author":1,"featured_media":0,"parent":3364,"menu_order":4,"comment_status":"closed","ping_status":"closed","template":"elementor_canvas","meta":{"site-sidebar-layout":"no-sidebar","site-content-layout":"page-builder","ast-site-content-layout":"full-width-container","site-content-style":"default","site-sidebar-style":"default","ast-global-header-display":"","ast-banner-title-visibility":"","ast-main-header-display":"","ast-hfb-above-header-display":"","ast-hfb-below-header-display":"","ast-hfb-mobile-header-display":"","site-post-title":"disabled","ast-breadcrumbs-content":"","ast-featured-img":"disabled","footer-sml-layout":"","theme-transparent-header-meta":"","adv-header-id-meta":"","stick-header-meta":"","header-above-stick-meta":"","header-main-stick-meta":"","header-below-stick-meta":"","astra-migrate-meta-layouts":"set","ast-page-background-enabled":"default","ast-page-background-meta":{"desktop":{"background-color":"var(--ast-global-color-4)","background-image":"","background-repeat":"repeat","background-position":"center center","background-size":"auto","background-attachment":"scroll","background-type":"","background-media":"","overlay-type":"","overlay-color":"","overlay-opacity":"","overlay-gradient":""},"tablet":{"background-color":"","background-image":"","background-repeat":"repeat","background-position":"center center","background-size":"auto","background-attachment":"scroll","background-type":"","background-media":"","overlay-type":"","overlay-color":"","overlay-opacity":"","overlay-gradient":""},"mobile":{"background-color":"","background-image":"","background-repeat":"repeat","background-position":"center center","background-size":"auto","background-attachment":"scroll","background-type":"","background-media":"","overlay-type":"","overlay-color":"","overlay-opacity":"","overlay-gradient":""}},"ast-content-background-meta":{"desktop":{"background-color":"var(--ast-global-color-5)","background-image":"","background-repeat":"repeat","background-position":"center center","background-size":"auto","background-attachment":"scroll","background-type":"","background-media":"","overlay-type":"","overlay-color":"","overlay-opacity":"","overlay-gradient":""},"tablet":{"background-color":"var(--ast-global-color-5)","background-image":"","background-repeat":"repeat","background-position":"center center","background-size":"auto","background-attachment":"scroll","background-type":"","background-media":"","overlay-type":"","overlay-color":"","overlay-opacity":"","overlay-gradient":""},"mobile":{"background-color":"var(--ast-global-color-5)","background-image":"","background-repeat":"repeat","background-position":"center center","background-size":"auto","background-attachment":"scroll","background-type":"","background-media":"","overlay-type":"","overlay-color":"","overlay-opacity":"","overlay-gradient":""}},"footnotes":""},"class_list":["post-5357","page","type-page","status-publish","hentry"],"_links":{"self":[{"href":"https:\/\/mijn-lo.nl\/tr\/wp-json\/wp\/v2\/pages\/5357","targetHints":{"allow":["GET"]}}],"collection":[{"href":"https:\/\/mijn-lo.nl\/tr\/wp-json\/wp\/v2\/pages"}],"about":[{"href":"https:\/\/mijn-lo.nl\/tr\/wp-json\/wp\/v2\/types\/page"}],"author":[{"embeddable":true,"href":"https:\/\/mijn-lo.nl\/tr\/wp-json\/wp\/v2\/users\/1"}],"replies":[{"embeddable":true,"href":"https:\/\/mijn-lo.nl\/tr\/wp-json\/wp\/v2\/comments?post=5357"}],"version-history":[{"count":19,"href":"https:\/\/mijn-lo.nl\/tr\/wp-json\/wp\/v2\/pages\/5357\/revisions"}],"predecessor-version":[{"id":6313,"href":"https:\/\/mijn-lo.nl\/tr\/wp-json\/wp\/v2\/pages\/5357\/revisions\/6313"}],"up":[{"embeddable":true,"href":"https:\/\/mijn-lo.nl\/tr\/wp-json\/wp\/v2\/pages\/3364"}],"wp:attachment":[{"href":"https:\/\/mijn-lo.nl\/tr\/wp-json\/wp\/v2\/media?parent=5357"}],"curies":[{"name":"wp","href":"https:\/\/api.w.org\/{rel}","templated":true}]}}