{"id":5361,"date":"2024-02-13T14:38:36","date_gmt":"2024-02-13T14:38:36","guid":{"rendered":"http:\/\/mijn-lo.nl\/?page_id=5361"},"modified":"2025-08-19T17:39:13","modified_gmt":"2025-08-19T17:39:13","slug":"salary-and-taxes","status":"publish","type":"page","link":"https:\/\/mijn-lo.nl\/tr\/work\/salary-and-taxes\/","title":{"rendered":"Maa\u015f ve Vergiler"},"content":{"rendered":"<div data-elementor-type=\"wp-page\" data-elementor-id=\"5361\" class=\"elementor elementor-5361\" data-elementor-post-type=\"page\">\n\t\t\t\t\t\t<section class=\"elementor-section elementor-top-section elementor-element elementor-element-44bcf34 elementor-section-boxed elementor-section-height-default elementor-section-height-default\" data-id=\"44bcf34\" data-element_type=\"section\">\n\t\t\t\t\t\t<div class=\"elementor-container elementor-column-gap-default\">\n\t\t\t\t\t<div class=\"elementor-column elementor-col-50 elementor-top-column elementor-element elementor-element-a440396\" data-id=\"a440396\" data-element_type=\"column\">\n\t\t\t<div class=\"elementor-widget-wrap elementor-element-populated\">\n\t\t\t\t\t\t<div class=\"elementor-element elementor-element-7d0bcb3 elementor-widget elementor-widget-image\" data-id=\"7d0bcb3\" data-element_type=\"widget\" data-widget_type=\"image.default\">\n\t\t\t\t<div class=\"elementor-widget-container\">\n\t\t\t\t\t\t\t\t\t\t\t\t\t\t\t<img fetchpriority=\"high\" decoding=\"async\" width=\"700\" height=\"447\" src=\"https:\/\/mijn-lo.nl\/wp-content\/uploads\/2024\/02\/taxes1-700x447-1.webp\" class=\"attachment-large size-large wp-image-5347\" alt=\"\" srcset=\"https:\/\/mijn-lo.nl\/wp-content\/uploads\/2024\/02\/taxes1-700x447-1.webp 700w, https:\/\/mijn-lo.nl\/wp-content\/uploads\/2024\/02\/taxes1-700x447-1-300x192.webp 300w, https:\/\/mijn-lo.nl\/wp-content\/uploads\/2024\/02\/taxes1-700x447-1-18x12.webp 18w, https:\/\/mijn-lo.nl\/wp-content\/uploads\/2024\/02\/taxes1-700x447-1-24x15.webp 24w, https:\/\/mijn-lo.nl\/wp-content\/uploads\/2024\/02\/taxes1-700x447-1-36x23.webp 36w, https:\/\/mijn-lo.nl\/wp-content\/uploads\/2024\/02\/taxes1-700x447-1-48x31.webp 48w\" sizes=\"(max-width: 700px) 100vw, 700px\" \/>\t\t\t\t\t\t\t\t\t\t\t\t\t\t\t<\/div>\n\t\t\t\t<\/div>\n\t\t\t\t\t<\/div>\n\t\t<\/div>\n\t\t\t\t<div class=\"elementor-column elementor-col-50 elementor-top-column elementor-element elementor-element-876cbcb\" data-id=\"876cbcb\" data-element_type=\"column\">\n\t\t\t<div class=\"elementor-widget-wrap elementor-element-populated\">\n\t\t\t\t\t\t<div class=\"elementor-element elementor-element-4f79eb6 elementor-widget elementor-widget-text-editor\" data-id=\"4f79eb6\" data-element_type=\"widget\" data-widget_type=\"text-editor.default\">\n\t\t\t\t<div class=\"elementor-widget-container\">\n\t\t\t\t\t\t\t\t\t<h3 class=\"mbr-section-title mbr-fonts-style mb-3 display-5\"><strong>Maa\u015f ve Vergiler<\/strong><\/h3><p class=\"mbr-text mbr-fonts-style display-7\">Y\u0131lda bir kez, ge\u00e7en y\u0131lki br\u00fct ve net maa\u015f\u0131n\u0131z\u0131 belirten y\u0131ll\u0131k bir beyan alacaks\u0131n\u0131z. Bu belgeyi 1 Mart'ta vermeniz gereken vergi beyannamesi i\u00e7in kullanman\u0131z gerekir. Bazen paran\u0131z\u0131 geri al\u0131rs\u0131n\u0131z.<br \/>Maa\u015f\u0131n\u0131z maa\u015f bordronuzda belirtilir:<br \/><strong>Net maa\u015f<\/strong>\u00a0banka hesab\u0131n\u0131za vergiler hari\u00e7 olarak ald\u0131\u011f\u0131n\u0131z tutard\u0131r.<br \/><strong>Br\u00fct maa\u015f<\/strong>\u00a0vergiler dahil olmak \u00fczere, vergilerin hala kesilmesi gereken toplam maa\u015ft\u0131r.<br \/><br \/><strong>\u00d6rnek<\/strong><br \/>Maa\u015f\u0131n\u0131z\u0131n br\u00fct 1600 \u20ac ve net 1200 \u20ac oldu\u011funu varsayal\u0131m. Bu durumda vergi ve prim olarak 400 \u20ac \u00f6dersiniz.<br \/><br \/><strong>Vergi\u00a0<\/strong>Devlete \u00f6dedi\u011finiz ve devlet taraf\u0131ndan \u00f6rne\u011fin yollar\u0131n, okullar\u0131n, polisin ve sosyal yard\u0131mlar\u0131n finansman\u0131 i\u00e7in kullan\u0131lan bir mebla\u011fd\u0131r. Emeklilik, i\u015fsizlik ve maluliyet gibi i\u015finizle ilgili sigorta poli\u00e7eleri i\u00e7in prim \u00f6dersiniz.<\/p>\t\t\t\t\t\t\t\t<\/div>\n\t\t\t\t<\/div>\n\t\t\t\t\t<\/div>\n\t\t<\/div>\n\t\t\t\t\t<\/div>\n\t\t<\/section>\n\t\t\t\t<section class=\"elementor-section elementor-top-section elementor-element elementor-element-f378856 elementor-reverse-tablet elementor-reverse-mobile elementor-section-boxed elementor-section-height-default elementor-section-height-default\" data-id=\"f378856\" data-element_type=\"section\">\n\t\t\t\t\t\t<div class=\"elementor-container elementor-column-gap-default\">\n\t\t\t\t\t<div class=\"elementor-column elementor-col-50 elementor-top-column elementor-element elementor-element-c944c5a\" data-id=\"c944c5a\" data-element_type=\"column\">\n\t\t\t<div class=\"elementor-widget-wrap elementor-element-populated\">\n\t\t\t\t\t\t<div class=\"elementor-element elementor-element-06ec7e2 elementor-widget elementor-widget-text-editor\" data-id=\"06ec7e2\" data-element_type=\"widget\" data-widget_type=\"text-editor.default\">\n\t\t\t\t<div class=\"elementor-widget-container\">\n\t\t\t\t\t\t\t\t\t<h3 class=\"mbr-section-title mbr-fonts-style mb-3 display-5\"><strong>Bir \u015firketiniz varsa veya kurduysan\u0131z<\/strong><\/h3><p class=\"mbr-text mbr-fonts-style display-7\">Birisi ba\u011f\u0131ms\u0131z bir giri\u015fimci olabilir (= kendi \u015firketini kurabilir). O zaman patron siz olursunuz. S\u0131k\u0131 \u00e7al\u0131\u015fma ve iyi organizasyon = \u00e7ok para kazanmak. Hastal\u0131k veya tatil = para yok!<br \/><br \/><strong>Neye ihtiyac\u0131n var?<br \/><\/strong>- Bazen belirli diplomalara ihtiya\u00e7 duyulmaktad\u0131r, \u00f6rne\u011fin kuaf\u00f6r olarak ba\u015flamak istiyorsan\u0131z.<br \/>- Ba\u015flang\u0131\u00e7 i\u00e7in genellikle bankadan \u00f6d\u00fcn\u00e7 al\u0131nabilecek paraya ihtiyac\u0131n\u0131z vard\u0131r<br \/>- Bankadan para alabilmek i\u00e7in bir i\u015f plan\u0131 yazman\u0131z gerekir (= ne yapmak istedi\u011finizi ve bunu nas\u0131l yapaca\u011f\u0131n\u0131z\u0131 belirtir). Banka her zaman plan\u0131n\u0131z\u0131n ne oldu\u011funu bilmek ister! Kendi \u015firketinizi kurarsan\u0131z, Ticaret Odas\u0131'na (= \u015firketlere yard\u0131mc\u0131 olan bir kurulu\u015f) kaydolman\u0131z gerekir. Daha fazla bilgiyi \u015furada bulabilirsiniz:<br \/><br \/><a class=\"text-primary\" href=\"https:\/\/www.kvk.nl\/\" target=\"_blank\" rel=\"noopener\">KVK<\/a>\u00a0 \u00a0maalesef verilen bilgiler sadece Hollandaca'd\u0131r<br \/><br \/>KvK, bir \u015firketin hukuk kurallar\u0131na g\u00f6re \u00e7al\u0131\u015f\u0131p \u00e7al\u0131\u015fmad\u0131\u011f\u0131n\u0131 kontrol eder. Vergi, kurslar ve i\u015f plan\u0131 hakk\u0131nda bilgi sa\u011flarlar.<\/p>\t\t\t\t\t\t\t\t<\/div>\n\t\t\t\t<\/div>\n\t\t\t\t\t<\/div>\n\t\t<\/div>\n\t\t\t\t<div class=\"elementor-column elementor-col-50 elementor-top-column elementor-element elementor-element-c440c33\" data-id=\"c440c33\" data-element_type=\"column\">\n\t\t\t<div class=\"elementor-widget-wrap elementor-element-populated\">\n\t\t\t\t\t\t<div class=\"elementor-element elementor-element-dcb091d elementor-widget elementor-widget-image\" data-id=\"dcb091d\" data-element_type=\"widget\" data-widget_type=\"image.default\">\n\t\t\t\t<div class=\"elementor-widget-container\">\n\t\t\t\t\t\t\t\t\t\t\t\t\t\t\t<img decoding=\"async\" width=\"576\" height=\"946\" src=\"https:\/\/mijn-lo.nl\/wp-content\/uploads\/2024\/02\/own-company2-576x946-1-1.webp\" class=\"attachment-large size-large wp-image-5329\" alt=\"\" srcset=\"https:\/\/mijn-lo.nl\/wp-content\/uploads\/2024\/02\/own-company2-576x946-1-1.webp 576w, https:\/\/mijn-lo.nl\/wp-content\/uploads\/2024\/02\/own-company2-576x946-1-1-183x300.webp 183w, https:\/\/mijn-lo.nl\/wp-content\/uploads\/2024\/02\/own-company2-576x946-1-1-7x12.webp 7w, https:\/\/mijn-lo.nl\/wp-content\/uploads\/2024\/02\/own-company2-576x946-1-1-15x24.webp 15w, https:\/\/mijn-lo.nl\/wp-content\/uploads\/2024\/02\/own-company2-576x946-1-1-22x36.webp 22w, https:\/\/mijn-lo.nl\/wp-content\/uploads\/2024\/02\/own-company2-576x946-1-1-29x48.webp 29w\" sizes=\"(max-width: 576px) 100vw, 576px\" \/>\t\t\t\t\t\t\t\t\t\t\t\t\t\t\t<\/div>\n\t\t\t\t<\/div>\n\t\t\t\t\t<\/div>\n\t\t<\/div>\n\t\t\t\t\t<\/div>\n\t\t<\/section>\n\t\t\t\t<section class=\"elementor-section elementor-top-section elementor-element elementor-element-eeab46b elementor-section-boxed elementor-section-height-default elementor-section-height-default\" data-id=\"eeab46b\" data-element_type=\"section\">\n\t\t\t\t\t\t<div class=\"elementor-container elementor-column-gap-default\">\n\t\t\t\t\t<div class=\"elementor-column elementor-col-50 elementor-top-column elementor-element elementor-element-ff9b4f5\" data-id=\"ff9b4f5\" data-element_type=\"column\">\n\t\t\t<div class=\"elementor-widget-wrap elementor-element-populated\">\n\t\t\t\t\t\t<div class=\"elementor-element elementor-element-ac161c3 elementor-widget elementor-widget-image\" data-id=\"ac161c3\" data-element_type=\"widget\" data-widget_type=\"image.default\">\n\t\t\t\t<div class=\"elementor-widget-container\">\n\t\t\t\t\t\t\t\t\t\t\t\t\t\t\t<img decoding=\"async\" width=\"583\" height=\"934\" src=\"https:\/\/mijn-lo.nl\/wp-content\/uploads\/2024\/02\/together2-583x934-1.webp\" class=\"attachment-large size-large wp-image-4593\" alt=\"\" srcset=\"https:\/\/mijn-lo.nl\/wp-content\/uploads\/2024\/02\/together2-583x934-1.webp 583w, https:\/\/mijn-lo.nl\/wp-content\/uploads\/2024\/02\/together2-583x934-1-187x300.webp 187w, https:\/\/mijn-lo.nl\/wp-content\/uploads\/2024\/02\/together2-583x934-1-7x12.webp 7w, https:\/\/mijn-lo.nl\/wp-content\/uploads\/2024\/02\/together2-583x934-1-15x24.webp 15w, https:\/\/mijn-lo.nl\/wp-content\/uploads\/2024\/02\/together2-583x934-1-22x36.webp 22w, https:\/\/mijn-lo.nl\/wp-content\/uploads\/2024\/02\/together2-583x934-1-30x48.webp 30w\" sizes=\"(max-width: 583px) 100vw, 583px\" \/>\t\t\t\t\t\t\t\t\t\t\t\t\t\t\t<\/div>\n\t\t\t\t<\/div>\n\t\t\t\t\t<\/div>\n\t\t<\/div>\n\t\t\t\t<div class=\"elementor-column elementor-col-50 elementor-top-column elementor-element elementor-element-1c75fdc\" data-id=\"1c75fdc\" data-element_type=\"column\">\n\t\t\t<div class=\"elementor-widget-wrap elementor-element-populated\">\n\t\t\t\t\t\t<div class=\"elementor-element elementor-element-4a855f7 elementor-widget elementor-widget-text-editor\" data-id=\"4a855f7\" data-element_type=\"widget\" data-widget_type=\"text-editor.default\">\n\t\t\t\t<div class=\"elementor-widget-container\">\n\t\t\t\t\t\t\t\t\t<h3 class=\"mbr-section-title mbr-fonts-style mb-3 display-5\"><strong>Birlikte \u00e7al\u0131\u015fma<\/strong><\/h3><p class=\"mbr-text mbr-fonts-style display-7\">Meslekta\u015flar\u0131n\u0131zla birlikte \u00e7al\u0131\u015f\u0131rs\u0131n\u0131z ve bazen i\u015f hakk\u0131nda konu\u015ftu\u011funuz, planlar yapt\u0131\u011f\u0131n\u0131z ve sorunlar\u0131 tart\u0131\u015ft\u0131\u011f\u0131n\u0131z bir i\u015f dan\u0131\u015fmanl\u0131\u011f\u0131 veya toplant\u0131s\u0131 yapars\u0131n\u0131z. Bir \u015firkette her departman\u0131n bir y\u00f6neticisi vard\u0131r. Y\u00f6netmen, y\u00f6neticilerin patronudur. Y\u00f6neticinizle normal meslekta\u015flar\u0131n\u0131zdan farkl\u0131 konu\u015fuyorsunuz.<\/p><p>\u2022 \u0130\u015f arkada\u015flar\u0131 \u00e7al\u0131\u015fmay\u0131 daha e\u011flenceli ve kolay hale getirir. Birbirinize yard\u0131m ediyorsunuz, birbirinizle konu\u015fuyorsunuz ve birbirinize iltifat ediyorsunuz. Pek \u00e7ok \u015firketin, partiler veya bowling gibi e\u011flenceli aktiviteler d\u00fczenleyen bir personel derne\u011fi vard\u0131r.<br \/>\u2022 Hala \u00f6\u011frenmekte oldu\u011funuz i\u00e7in ba\u015flang\u0131\u00e7ta hata yapma olas\u0131l\u0131\u011f\u0131n\u0131z y\u00fcksektir. Yard\u0131m isteyin ve ele\u015ftiriye a\u00e7\u0131k olun. Y\u00f6neticinizle konu\u015fun. Performans incelemesi, y\u00f6neticinizle i\u015fin nas\u0131l gitti\u011fi ve nelerin geli\u015ftirilebilece\u011fi hakk\u0131nda yap\u0131lan bir g\u00f6r\u00fc\u015fmedir.<br \/>\u2022 Hala \u00f6\u011frendi\u011finiz i\u00e7in ba\u015flang\u0131\u00e7ta hata yapman\u0131z normaldir. Elinizden gelenin en iyisini yapabilmeniz i\u00e7in yard\u0131m istemek ve ele\u015ftiriye a\u00e7\u0131k olmak \u00f6nemlidir. Patronunla konu\u015fmak g\u00fczel.<br \/>\u2022 Performans incelemesi, i\u015finizi nas\u0131l yapt\u0131\u011f\u0131n\u0131z ve nelerin geli\u015ftirilebilece\u011fi konusunda patronunuzla yap\u0131lan bir g\u00f6r\u00fc\u015fmedir.<br \/>- Bazen yabanc\u0131ysan\u0131z, \u00f6rne\u011fin M\u00fcsl\u00fcmansan\u0131z ve i\u015f arkada\u015flar\u0131n\u0131z namaz k\u0131lmak istedi\u011finizde sizi rahats\u0131z ediyorsa, ayr\u0131mc\u0131l\u0131k s\u00f6z konusu olabilir. Kolayca sinirlenmemek \u00f6nemlidir, \u00e7\u00fcnk\u00fc bazen bu bir \u015faka olabilir. E\u011fer durmazsa, \u00f6nce i\u015f arkada\u015f\u0131n\u0131zla konu\u015fman\u0131z iyi olur. Bu da i\u015fe yaramazsa, \u015fef veya m\u00fcd\u00fcrden randevu alabilirsiniz. <strong>Ayr\u0131mc\u0131l\u0131k yasakt\u0131r<\/strong> ve bu konuda bir \u015feyler yapmaya hakk\u0131n\u0131z var. Bunu her zaman polise bildirebilirsiniz.<\/p>\t\t\t\t\t\t\t\t<\/div>\n\t\t\t\t<\/div>\n\t\t\t\t\t<\/div>\n\t\t<\/div>\n\t\t\t\t\t<\/div>\n\t\t<\/section>\n\t\t\t\t<section class=\"elementor-section elementor-top-section elementor-element elementor-element-2edcca1 elementor-section-boxed elementor-section-height-default elementor-section-height-default\" data-id=\"2edcca1\" data-element_type=\"section\">\n\t\t\t\t\t\t<div class=\"elementor-container elementor-column-gap-default\">\n\t\t\t\t\t<div class=\"elementor-column elementor-col-100 elementor-top-column elementor-element elementor-element-75349f87\" data-id=\"75349f87\" data-element_type=\"column\">\n\t\t\t<div class=\"elementor-widget-wrap elementor-element-populated\">\n\t\t\t\t\t\t<div class=\"elementor-element elementor-element-2d2d0e50 elementor-align-center elementor-widget elementor-widget-button\" data-id=\"2d2d0e50\" data-element_type=\"widget\" data-widget_type=\"button.default\">\n\t\t\t\t<div class=\"elementor-widget-container\">\n\t\t\t\t\t\t\t\t\t<div class=\"elementor-button-wrapper\">\n\t\t\t\t\t<a class=\"elementor-button elementor-button-link elementor-size-sm\" href=\"https:\/\/mijn-lo.nl\/tr\/work\/learn-words-about-work\/\">\n\t\t\t\t\t\t<span class=\"elementor-button-content-wrapper\">\n\t\t\t\t\t\t\t\t\t<span class=\"elementor-button-text\">devam etmek<\/span>\n\t\t\t\t\t<\/span>\n\t\t\t\t\t<\/a>\n\t\t\t\t<\/div>\n\t\t\t\t\t\t\t\t<\/div>\n\t\t\t\t<\/div>\n\t\t\t\t\t<\/div>\n\t\t<\/div>\n\t\t\t\t\t<\/div>\n\t\t<\/section>\n\t\t\t\t<\/div>","protected":false},"excerpt":{"rendered":"<p>Salary and Taxes Once a year you will receive an annual statement stating your gross and net salary for the past year. You have to use this document for the tax return that you must submit on March 1. Sometimes you get money back.The salary is stated on your payslip:Net salary\u00a0is the amount you receive [&hellip;]<\/p>\n","protected":false},"author":1,"featured_media":0,"parent":3364,"menu_order":7,"comment_status":"closed","ping_status":"closed","template":"elementor_canvas","meta":{"site-sidebar-layout":"no-sidebar","site-content-layout":"page-builder","ast-site-content-layout":"full-width-container","site-content-style":"default","site-sidebar-style":"default","ast-global-header-display":"","ast-banner-title-visibility":"","ast-main-header-display":"","ast-hfb-above-header-display":"","ast-hfb-below-header-display":"","ast-hfb-mobile-header-display":"","site-post-title":"disabled","ast-breadcrumbs-content":"","ast-featured-img":"disabled","footer-sml-layout":"","theme-transparent-header-meta":"","adv-header-id-meta":"","stick-header-meta":"","header-above-stick-meta":"","header-main-stick-meta":"","header-below-stick-meta":"","astra-migrate-meta-layouts":"set","ast-page-background-enabled":"default","ast-page-background-meta":{"desktop":{"background-color":"var(--ast-global-color-4)","background-image":"","background-repeat":"repeat","background-position":"center center","background-size":"auto","background-attachment":"scroll","background-type":"","background-media":"","overlay-type":"","overlay-color":"","overlay-opacity":"","overlay-gradient":""},"tablet":{"background-color":"","background-image":"","background-repeat":"repeat","background-position":"center center","background-size":"auto","background-attachment":"scroll","background-type":"","background-media":"","overlay-type":"","overlay-color":"","overlay-opacity":"","overlay-gradient":""},"mobile":{"background-color":"","background-image":"","background-repeat":"repeat","background-position":"center center","background-size":"auto","background-attachment":"scroll","background-type":"","background-media":"","overlay-type":"","overlay-color":"","overlay-opacity":"","overlay-gradient":""}},"ast-content-background-meta":{"desktop":{"background-color":"var(--ast-global-color-5)","background-image":"","background-repeat":"repeat","background-position":"center center","background-size":"auto","background-attachment":"scroll","background-type":"","background-media":"","overlay-type":"","overlay-color":"","overlay-opacity":"","overlay-gradient":""},"tablet":{"background-color":"var(--ast-global-color-5)","background-image":"","background-repeat":"repeat","background-position":"center center","background-size":"auto","background-attachment":"scroll","background-type":"","background-media":"","overlay-type":"","overlay-color":"","overlay-opacity":"","overlay-gradient":""},"mobile":{"background-color":"var(--ast-global-color-5)","background-image":"","background-repeat":"repeat","background-position":"center center","background-size":"auto","background-attachment":"scroll","background-type":"","background-media":"","overlay-type":"","overlay-color":"","overlay-opacity":"","overlay-gradient":""}},"footnotes":""},"class_list":["post-5361","page","type-page","status-publish","hentry"],"_links":{"self":[{"href":"https:\/\/mijn-lo.nl\/tr\/wp-json\/wp\/v2\/pages\/5361","targetHints":{"allow":["GET"]}}],"collection":[{"href":"https:\/\/mijn-lo.nl\/tr\/wp-json\/wp\/v2\/pages"}],"about":[{"href":"https:\/\/mijn-lo.nl\/tr\/wp-json\/wp\/v2\/types\/page"}],"author":[{"embeddable":true,"href":"https:\/\/mijn-lo.nl\/tr\/wp-json\/wp\/v2\/users\/1"}],"replies":[{"embeddable":true,"href":"https:\/\/mijn-lo.nl\/tr\/wp-json\/wp\/v2\/comments?post=5361"}],"version-history":[{"count":13,"href":"https:\/\/mijn-lo.nl\/tr\/wp-json\/wp\/v2\/pages\/5361\/revisions"}],"predecessor-version":[{"id":6322,"href":"https:\/\/mijn-lo.nl\/tr\/wp-json\/wp\/v2\/pages\/5361\/revisions\/6322"}],"up":[{"embeddable":true,"href":"https:\/\/mijn-lo.nl\/tr\/wp-json\/wp\/v2\/pages\/3364"}],"wp:attachment":[{"href":"https:\/\/mijn-lo.nl\/tr\/wp-json\/wp\/v2\/media?parent=5361"}],"curies":[{"name":"wp","href":"https:\/\/api.w.org\/{rel}","templated":true}]}}