{"id":5391,"date":"2024-02-13T14:42:51","date_gmt":"2024-02-13T14:42:51","guid":{"rendered":"http:\/\/mijn-lo.nl\/?page_id=5391"},"modified":"2025-08-19T17:38:23","modified_gmt":"2025-08-19T17:38:23","slug":"certificates-and-skills","status":"publish","type":"page","link":"https:\/\/mijn-lo.nl\/tr\/work\/certificates-and-skills\/","title":{"rendered":"Sertifikalar ve beceriler"},"content":{"rendered":"<div data-elementor-type=\"wp-page\" data-elementor-id=\"5391\" class=\"elementor elementor-5391\" data-elementor-post-type=\"page\">\n\t\t\t\t\t\t<section class=\"elementor-section elementor-top-section elementor-element elementor-element-b2e0fea elementor-section-boxed elementor-section-height-default elementor-section-height-default\" data-id=\"b2e0fea\" data-element_type=\"section\">\n\t\t\t\t\t\t<div class=\"elementor-container elementor-column-gap-default\">\n\t\t\t\t\t<div class=\"elementor-column elementor-col-50 elementor-top-column elementor-element elementor-element-2ac8ee4\" data-id=\"2ac8ee4\" data-element_type=\"column\">\n\t\t\t<div class=\"elementor-widget-wrap elementor-element-populated\">\n\t\t\t\t\t\t<div class=\"elementor-element elementor-element-c45326b elementor-widget elementor-widget-image\" data-id=\"c45326b\" data-element_type=\"widget\" data-widget_type=\"image.default\">\n\t\t\t\t<div class=\"elementor-widget-container\">\n\t\t\t\t\t\t\t\t\t\t\t\t\t\t\t<img fetchpriority=\"high\" decoding=\"async\" width=\"610\" height=\"412\" src=\"https:\/\/mijn-lo.nl\/wp-content\/uploads\/2024\/02\/certificat5-610x412-1.webp\" class=\"attachment-large size-large wp-image-4590\" alt=\"\" srcset=\"https:\/\/mijn-lo.nl\/wp-content\/uploads\/2024\/02\/certificat5-610x412-1.webp 610w, https:\/\/mijn-lo.nl\/wp-content\/uploads\/2024\/02\/certificat5-610x412-1-300x203.webp 300w, https:\/\/mijn-lo.nl\/wp-content\/uploads\/2024\/02\/certificat5-610x412-1-18x12.webp 18w, https:\/\/mijn-lo.nl\/wp-content\/uploads\/2024\/02\/certificat5-610x412-1-24x16.webp 24w, https:\/\/mijn-lo.nl\/wp-content\/uploads\/2024\/02\/certificat5-610x412-1-36x24.webp 36w, https:\/\/mijn-lo.nl\/wp-content\/uploads\/2024\/02\/certificat5-610x412-1-48x32.webp 48w\" sizes=\"(max-width: 610px) 100vw, 610px\" \/>\t\t\t\t\t\t\t\t\t\t\t\t\t\t\t<\/div>\n\t\t\t\t<\/div>\n\t\t\t\t<div class=\"elementor-element elementor-element-8483f0d elementor-widget elementor-widget-text-editor\" data-id=\"8483f0d\" data-element_type=\"widget\" data-widget_type=\"text-editor.default\">\n\t\t\t\t<div class=\"elementor-widget-container\">\n\t\t\t\t\t\t\t\t\t<p style=\"text-align: center;\">\u0130\u015f g\u00f6r\u00fc\u015fmesi<\/p>\t\t\t\t\t\t\t\t<\/div>\n\t\t\t\t<\/div>\n\t\t\t\t\t<\/div>\n\t\t<\/div>\n\t\t\t\t<div class=\"elementor-column elementor-col-50 elementor-top-column elementor-element elementor-element-644eb44\" data-id=\"644eb44\" data-element_type=\"column\">\n\t\t\t<div class=\"elementor-widget-wrap elementor-element-populated\">\n\t\t\t\t\t\t<div class=\"elementor-element elementor-element-1b98d7f elementor-widget elementor-widget-text-editor\" data-id=\"1b98d7f\" data-element_type=\"widget\" data-widget_type=\"text-editor.default\">\n\t\t\t\t<div class=\"elementor-widget-container\">\n\t\t\t\t\t\t\t\t\t<h3 class=\"mbr-section-title mbr-fonts-style mb-3 display-5\"><strong>Sertifikalar ve beceriler<\/strong><\/h3><p class=\"mbr-text mbr-fonts-style display-7\">Genellikle bir diplomaya ihtiyac\u0131n\u0131z vard\u0131r. Yurtd\u0131\u015f\u0131ndan al\u0131nan diplomalar de\u011ferlendirilebilir (b\u00f6ylece Hollanda'da yabanc\u0131 bir diploma ile neler yapabilece\u011finizi bilirsiniz). Bu online olarak yap\u0131labilir.<br \/><br \/>Diplomaya ihtiya\u00e7 duymad\u0131\u011f\u0131n\u0131z i\u015fler de vard\u0131r (= vas\u0131fs\u0131z i\u015fler), \u00f6rne\u011fin temizlik i\u015fleri. Bu i\u015fi bulmak kolayd\u0131r, ancak fazla para kazand\u0131rmaz.<\/p>\t\t\t\t\t\t\t\t<\/div>\n\t\t\t\t<\/div>\n\t\t\t\t\t<\/div>\n\t\t<\/div>\n\t\t\t\t\t<\/div>\n\t\t<\/section>\n\t\t\t\t<section class=\"elementor-section elementor-top-section elementor-element elementor-element-44498a1 elementor-reverse-tablet elementor-reverse-mobile elementor-section-boxed elementor-section-height-default elementor-section-height-default\" data-id=\"44498a1\" data-element_type=\"section\">\n\t\t\t\t\t\t<div class=\"elementor-container elementor-column-gap-default\">\n\t\t\t\t\t<div class=\"elementor-column elementor-col-50 elementor-top-column elementor-element elementor-element-cdbe78f\" data-id=\"cdbe78f\" data-element_type=\"column\">\n\t\t\t<div class=\"elementor-widget-wrap elementor-element-populated\">\n\t\t\t\t\t\t<div class=\"elementor-element elementor-element-3757837 elementor-widget elementor-widget-text-editor\" data-id=\"3757837\" data-element_type=\"widget\" data-widget_type=\"text-editor.default\">\n\t\t\t\t<div class=\"elementor-widget-container\">\n\t\t\t\t\t\t\t\t\t<h3 class=\"mbr-section-title mbr-fonts-style mb-3 display-5\"><strong>Becerilerinizi geli\u015ftirin<\/strong><\/h3><p class=\"mbr-text mbr-fonts-style display-7\">Bazen bir kursu veya dersi takip etmeniz ya da staj yapman\u0131z gerekir.<br \/>Yeniden entegrasyon \u015firketi, uzun s\u00fcredir \u00e7al\u0131\u015fmayan ki\u015filerin i\u015f bulmalar\u0131na yard\u0131mc\u0131 olan bir \u015firkettir (size nas\u0131l ba\u015fvuraca\u011f\u0131n\u0131z\u0131 da \u00f6\u011fretirler). \"Kurs\" i\u00e7in kullan\u0131lan bir di\u011fer kelime de \"e\u011fitim \"dir:<br \/>- \u0130leri e\u011fitim: yeni bir \u015fey \u00f6\u011frenmek i\u00e7in bir kurs (i\u015fte yeni bir \u015fey \u00f6\u011frenmek).<br \/>- S\u00fcrekli e\u011fitim: daha \u00f6nce \u00f6\u011frendiklerinizi tekrarlamak.<br \/><br \/>E\u011fer bir kursa gidecekseniz, kay\u0131t yapt\u0131rmal\u0131s\u0131n\u0131z! Bazen i\u015fveren \u00f6der, bazen vergi \u00f6der. Deneyiminiz varsa h\u0131zl\u0131 bir \u015fekilde i\u015f bulursunuz. Her zaman d\u00fc\u015f\u00fck seviyeden ba\u015flamal\u0131s\u0131n\u0131z, ancak daha sonra seviye atlayabilirsiniz. Nitelikler, nelerde iyi oldu\u011funuz ve karakterinizin ne oldu\u011fudur (g\u00fcvenilir, esnek, yarat\u0131c\u0131).<br \/>Motivasyon, o i\u015fi neden istedi\u011finizdir. Bir i\u015f g\u00f6r\u00fc\u015fmesi s\u0131ras\u0131nda bunu s\u0131k s\u0131k s\u00f6ylemeniz gerekir (\u0130nsanlarla \u00e7al\u0131\u015fmay\u0131 seviyorum).<\/p>\t\t\t\t\t\t\t\t<\/div>\n\t\t\t\t<\/div>\n\t\t\t\t\t<\/div>\n\t\t<\/div>\n\t\t\t\t<div class=\"elementor-column elementor-col-50 elementor-top-column elementor-element elementor-element-9d76a8c\" data-id=\"9d76a8c\" data-element_type=\"column\">\n\t\t\t<div class=\"elementor-widget-wrap elementor-element-populated\">\n\t\t\t\t\t\t<div class=\"elementor-element elementor-element-6155119 elementor-widget elementor-widget-image\" data-id=\"6155119\" data-element_type=\"widget\" data-widget_type=\"image.default\">\n\t\t\t\t<div class=\"elementor-widget-container\">\n\t\t\t\t\t\t\t\t\t\t\t\t\t\t\t<img decoding=\"async\" width=\"747\" height=\"787\" src=\"https:\/\/mijn-lo.nl\/wp-content\/uploads\/2024\/02\/learing5-747x787-1.webp\" class=\"attachment-large size-large wp-image-4591\" alt=\"\" srcset=\"https:\/\/mijn-lo.nl\/wp-content\/uploads\/2024\/02\/learing5-747x787-1.webp 747w, https:\/\/mijn-lo.nl\/wp-content\/uploads\/2024\/02\/learing5-747x787-1-285x300.webp 285w, https:\/\/mijn-lo.nl\/wp-content\/uploads\/2024\/02\/learing5-747x787-1-11x12.webp 11w, https:\/\/mijn-lo.nl\/wp-content\/uploads\/2024\/02\/learing5-747x787-1-24x24.webp 24w, https:\/\/mijn-lo.nl\/wp-content\/uploads\/2024\/02\/learing5-747x787-1-34x36.webp 34w, https:\/\/mijn-lo.nl\/wp-content\/uploads\/2024\/02\/learing5-747x787-1-46x48.webp 46w\" sizes=\"(max-width: 747px) 100vw, 747px\" \/>\t\t\t\t\t\t\t\t\t\t\t\t\t\t\t<\/div>\n\t\t\t\t<\/div>\n\t\t\t\t\t<\/div>\n\t\t<\/div>\n\t\t\t\t\t<\/div>\n\t\t<\/section>\n\t\t\t\t<section class=\"elementor-section elementor-top-section elementor-element elementor-element-2edcca1 elementor-section-boxed elementor-section-height-default elementor-section-height-default\" data-id=\"2edcca1\" data-element_type=\"section\">\n\t\t\t\t\t\t<div class=\"elementor-container elementor-column-gap-default\">\n\t\t\t\t\t<div class=\"elementor-column elementor-col-100 elementor-top-column elementor-element elementor-element-75349f87\" data-id=\"75349f87\" data-element_type=\"column\">\n\t\t\t<div class=\"elementor-widget-wrap elementor-element-populated\">\n\t\t\t\t\t\t<div class=\"elementor-element elementor-element-2d2d0e50 elementor-align-center elementor-widget elementor-widget-button\" data-id=\"2d2d0e50\" data-element_type=\"widget\" data-widget_type=\"button.default\">\n\t\t\t\t<div class=\"elementor-widget-container\">\n\t\t\t\t\t\t\t\t\t<div class=\"elementor-button-wrapper\">\n\t\t\t\t\t<a class=\"elementor-button elementor-button-link elementor-size-sm\" href=\"https:\/\/mijn-lo.nl\/tr\/work\/or-mr-and-arbo\/\">\n\t\t\t\t\t\t<span class=\"elementor-button-content-wrapper\">\n\t\t\t\t\t\t\t\t\t<span class=\"elementor-button-text\">devam etmek<\/span>\n\t\t\t\t\t<\/span>\n\t\t\t\t\t<\/a>\n\t\t\t\t<\/div>\n\t\t\t\t\t\t\t\t<\/div>\n\t\t\t\t<\/div>\n\t\t\t\t\t<\/div>\n\t\t<\/div>\n\t\t\t\t\t<\/div>\n\t\t<\/section>\n\t\t\t\t<\/div>","protected":false},"excerpt":{"rendered":"<p>Job interview Certificates and skills You often need a degree. Diplomas from abroad can be evaluated (so you know what you can do with a foreign diploma in the Netherlands). This can be done online. There is also work for which you do not need a diploma (= unskilled work), such as cleaning work. This [&hellip;]<\/p>\n","protected":false},"author":1,"featured_media":0,"parent":3364,"menu_order":5,"comment_status":"closed","ping_status":"closed","template":"elementor_canvas","meta":{"site-sidebar-layout":"no-sidebar","site-content-layout":"page-builder","ast-site-content-layout":"full-width-container","site-content-style":"default","site-sidebar-style":"default","ast-global-header-display":"","ast-banner-title-visibility":"","ast-main-header-display":"","ast-hfb-above-header-display":"","ast-hfb-below-header-display":"","ast-hfb-mobile-header-display":"","site-post-title":"disabled","ast-breadcrumbs-content":"","ast-featured-img":"disabled","footer-sml-layout":"","theme-transparent-header-meta":"","adv-header-id-meta":"","stick-header-meta":"","header-above-stick-meta":"","header-main-stick-meta":"","header-below-stick-meta":"","astra-migrate-meta-layouts":"set","ast-page-background-enabled":"default","ast-page-background-meta":{"desktop":{"background-color":"var(--ast-global-color-4)","background-image":"","background-repeat":"repeat","background-position":"center center","background-size":"auto","background-attachment":"scroll","background-type":"","background-media":"","overlay-type":"","overlay-color":"","overlay-opacity":"","overlay-gradient":""},"tablet":{"background-color":"","background-image":"","background-repeat":"repeat","background-position":"center center","background-size":"auto","background-attachment":"scroll","background-type":"","background-media":"","overlay-type":"","overlay-color":"","overlay-opacity":"","overlay-gradient":""},"mobile":{"background-color":"","background-image":"","background-repeat":"repeat","background-position":"center center","background-size":"auto","background-attachment":"scroll","background-type":"","background-media":"","overlay-type":"","overlay-color":"","overlay-opacity":"","overlay-gradient":""}},"ast-content-background-meta":{"desktop":{"background-color":"var(--ast-global-color-5)","background-image":"","background-repeat":"repeat","background-position":"center center","background-size":"auto","background-attachment":"scroll","background-type":"","background-media":"","overlay-type":"","overlay-color":"","overlay-opacity":"","overlay-gradient":""},"tablet":{"background-color":"var(--ast-global-color-5)","background-image":"","background-repeat":"repeat","background-position":"center center","background-size":"auto","background-attachment":"scroll","background-type":"","background-media":"","overlay-type":"","overlay-color":"","overlay-opacity":"","overlay-gradient":""},"mobile":{"background-color":"var(--ast-global-color-5)","background-image":"","background-repeat":"repeat","background-position":"center center","background-size":"auto","background-attachment":"scroll","background-type":"","background-media":"","overlay-type":"","overlay-color":"","overlay-opacity":"","overlay-gradient":""}},"footnotes":""},"class_list":["post-5391","page","type-page","status-publish","hentry"],"_links":{"self":[{"href":"https:\/\/mijn-lo.nl\/tr\/wp-json\/wp\/v2\/pages\/5391","targetHints":{"allow":["GET"]}}],"collection":[{"href":"https:\/\/mijn-lo.nl\/tr\/wp-json\/wp\/v2\/pages"}],"about":[{"href":"https:\/\/mijn-lo.nl\/tr\/wp-json\/wp\/v2\/types\/page"}],"author":[{"embeddable":true,"href":"https:\/\/mijn-lo.nl\/tr\/wp-json\/wp\/v2\/users\/1"}],"replies":[{"embeddable":true,"href":"https:\/\/mijn-lo.nl\/tr\/wp-json\/wp\/v2\/comments?post=5391"}],"version-history":[{"count":10,"href":"https:\/\/mijn-lo.nl\/tr\/wp-json\/wp\/v2\/pages\/5391\/revisions"}],"predecessor-version":[{"id":6316,"href":"https:\/\/mijn-lo.nl\/tr\/wp-json\/wp\/v2\/pages\/5391\/revisions\/6316"}],"up":[{"embeddable":true,"href":"https:\/\/mijn-lo.nl\/tr\/wp-json\/wp\/v2\/pages\/3364"}],"wp:attachment":[{"href":"https:\/\/mijn-lo.nl\/tr\/wp-json\/wp\/v2\/media?parent=5391"}],"curies":[{"name":"wp","href":"https:\/\/api.w.org\/{rel}","templated":true}]}}